


{"id":913,"date":"2017-08-13T22:04:23","date_gmt":"2017-08-13T20:04:23","guid":{"rendered":"http:\/\/store.tauroessiccatori.com\/?post_type=product&#038;p=913\/"},"modified":"2023-05-12T11:00:39","modified_gmt":"2023-05-12T09:00:39","slug":"biosec-pro","status":"publish","type":"product","link":"https:\/\/stor51.tauroessiccatori.com\/hu\/p\/biosec-pro\/","title":{"rendered":"Biosec Pro"},"content":{"rendered":"<div class=\"tauro-banners\"><div class=\"banner-00\" style=\"background-color: #852035\">\r\n<div class=\"ix-xmas-box-other\" style=\"font-size: 18px;padding: 7px 0;margin: 0 auto 0px auto\" align=\"center\"><b style=\"color: #fff;font-size: 18px\">Helyezzen egy BIOSEC-et a fa al\u00e1. <a style=\"color: #f8cc89;font-weight: bold;text-decoration: none;font-size: 18px\" href=\"https:\/\/www.tauroessiccatori.com\/christmas-2024\/\">FEDEZZE MEG ITT<\/a> Kar\u00e1csonyi akci\u00f3k!<\/b><\/div>\r\n<\/div><div class=\"banner-00\" style=\"background-color: #000\">\r\n<div class=\"ix-xmas-box-other\" style=\"font-size: 18px;padding: 7px 0;margin: 0 auto 0px auto\" align=\"center\"><b style=\"color: #fff\"> Itt vannak a fekete p\u00e9nteki kedvezm\u00e9nyek! \u00a0 <a style=\"color: #f77209;font-weight: bold;text-decoration: none\" href=\"https:\/\/www.tauroessiccatori.com\/black-friday-2024\/\"> Kattints, hogy ne hagyd ki \u0151ket \u2192 <\/a>\r\n<\/b><\/div>\r\n<\/div><\/div><div class=\"ix-professional-dryer-description\">\n<h4 class=\"ix-professional-dryer-description-h4\"><strong>AUTOMATIKUS, MANU\u00c1LIS \u00c9S TESTRESZABOTT PROGRAMOK: A BIOSEC PRO CSAK AZ \u00d6N SZ\u00c1M\u00c1RA<\/strong><\/h4>\n<p>A Biosec PRO a Tauro \u00e1ltal tervezett \u00e9s gy\u00e1rtott \u00faj, leg\u00fajabb gener\u00e1ci\u00f3s sz\u00e1r\u00edt\u00f3. Az automatikus programok egyszer\u0171v\u00e9 \u00e9s azonnal elv\u00e9gezhet\u0151v\u00e9 teszik a sz\u00e1r\u00edt\u00e1si folyamatot, de a m\u0171k\u00f6d\u00e9si h\u0151m\u00e9rs\u00e9klet meghat\u00e1roz\u00e1s\u00e1ban \u00f6n\u00e1ll\u00f3s\u00e1got hagynak \u00d6nnek: dolgozzon ki csapatunkkal az \u00d6n ig\u00e9nyeinek megfelel\u0151, szem\u00e9lyre szabott megold\u00e1sokat.<\/p>\n<h4 class=\"ix-professional-dryer-description-h4\"><strong>TECHNOL\u00d3GIA A GAZDAS\u00c1G \u00c9S AZ \u00d6KOL\u00d3GIA SZOLG\u00c1LAT\u00c1BAN<\/strong><\/h4>\n<p>Szigetelt szerkezet a nagyobb hat\u00e9konys\u00e1g \u00e9s a nagyobb energiamegtakar\u00edt\u00e1s \u00e9rdek\u00e9ben, 4 ventil\u00e1tor a homog\u00e9n \u00e1raml\u00e1s, a gyorsabb eredm\u00e9nyek \u00e9s a jobb min\u0151s\u00e9g biztos\u00edt\u00e1sa \u00e9rdek\u00e9ben, tiszteletben tartva a v\u00e1s\u00e1rl\u00f3t, a k\u00f6rnyezetet \u00e9s az \u00d6n p\u00e9nzt\u00e1rc\u00e1j\u00e1t.<\/p>\n<h4 class=\"ix-professional-dryer-description-h4\"><strong>RENDELKEZ\u00c9SRE \u00c1LL\u00d3 LEHET\u0150S\u00c9GEK<\/strong><\/h4>\n<p>UV-C SUG\u00c1RZ\u00c1SOS SZENITIZ\u00c1CI\u00d3: maximaliz\u00e1lja a Biosec Pro higi\u00e9ni\u00e1j\u00e1t UV-C sugarakkal, amelyek seg\u00edtenek a kering\u0151 leveg\u0151 fert\u0151tlen\u00edt\u00e9s\u00e9ben, a m\u00e9g professzion\u00e1lisabb \u00e9s kiv\u00e1l\u00f3bb eredm\u00e9ny \u00e9rdek\u00e9ben, maxim\u00e1lis biztons\u00e1g mellett.<br \/>\nVEZET\u00c9SI RENDSZER WIFI-vel: integr\u00e1lt WiFi a folyamatok okostelefonokr\u00f3l \u00e9s PC-kr\u0151l t\u00f6rt\u00e9n\u0151 vez\u00e9rl\u00e9s\u00e9hez, programok v\u00e9grehajt\u00e1s\u00e1hoz \u00e9s azonnali diagnosztika biztos\u00edt\u00e1s\u00e1hoz, ak\u00e1r t\u00e1volr\u00f3l is. Mindig tudjuk, mi t\u00f6rt\u00e9nik a Biosec Pro k\u00e9sz\u00fcl\u00e9k\u00e9ben!<\/p>\n<\/div>","protected":false},"excerpt":{"rendered":"<p>Metti un BIOSEC sotto l&#8217;Albero. SCOPRI QUI le promozioni di Natale! Gli sconti Black Friday sono qui! \u00a0 Clicca\u00a0per\u00a0non perderli \u2192 PROGRAMMI AUTOMATICI, MANUALI E PERSONALIZZATI: UN BIOSEC PRO SOLO PER TE Biosec PRO \u00e8 il nuovo essiccatore di ultima generazione progettato e prodotto da Tauro. I programmi automatici rendono semplice ed immediato il processo [&hellip;]<\/p>","protected":false},"featured_media":137931,"comment_status":"closed","ping_status":"closed","template":"","meta":[],"product_cat":[194],"product_tag":[],"class_list":["post-913","product","type-product","status-publish","has-post-thumbnail","hentry","product_cat-essiccatori-professionali"],"acf":[],"yoast_head":"<!-- This site is optimized with the Yoast SEO plugin v20.10 - https:\/\/yoast.com\/wordpress\/plugins\/seo\/ -->\n<title>Essiccatore professionale Biosec Pro - Tauro Essiccatori<\/title>\n<meta name=\"description\" content=\"Biosec Pro \u00e8 l&#039;esiccatore professionale interamente in acciaio inox. Essiccatore orizzontale con dodici ripiani, pu\u00f2 essiccare fino a 30 kg.\" \/>\n<meta name=\"robots\" content=\"noindex, follow, max-snippet:-1, max-image-preview:large, max-video-preview:-1\" \/>\n<meta property=\"og:locale\" content=\"hu_HU\" \/>\n<meta property=\"og:type\" content=\"article\" \/>\n<meta property=\"og:title\" content=\"Riutilizzo di scarti ed eccedenze: Biosec PRO per dare valore alla tua azienda.\" \/>\n<meta property=\"og:description\" content=\"Offri valore aggiunto e nuova vita ai tuoi prodotti migliori: con l\u2019essiccazione rinnovi il tuo business e lo rendi green e zero scarti.\" \/>\n<meta property=\"og:url\" content=\"https:\/\/stor51.tauroessiccatori.com\/hu\/p\/biosec-pro\/\" \/>\n<meta property=\"og:site_name\" content=\"Tauro Essiccatori\" \/>\n<meta property=\"article:publisher\" content=\"https:\/\/www.facebook.com\/TauroEssiccatori\/\" \/>\n<meta property=\"article:modified_time\" content=\"2023-05-12T09:00:39+00:00\" \/>\n<meta property=\"og:image\" content=\"https:\/\/stor51.tauroessiccatori.com\/wp-assets\/uploads\/2017\/08\/23Luglio2021_EssiccazionePRO_1200x630px_tauro-essiccatori.png\" \/>\n\t<meta property=\"og:image:width\" content=\"1200\" \/>\n\t<meta property=\"og:image:height\" content=\"630\" \/>\n\t<meta property=\"og:image:type\" content=\"image\/png\" \/>\n<meta name=\"twitter:card\" content=\"summary_large_image\" \/>\n<meta name=\"twitter:label1\" content=\"Est. reading time\" \/>\n\t<meta name=\"twitter:data1\" content=\"1 perc\" \/>\n<script type=\"application\/ld+json\" class=\"yoast-schema-graph\">{\"@context\":\"https:\/\/schema.org\",\"@graph\":[{\"@type\":\"WebPage\",\"@id\":\"https:\/\/stor51.tauroessiccatori.com\/p\/biosec-pro\/\",\"url\":\"https:\/\/stor51.tauroessiccatori.com\/p\/biosec-pro\/\",\"name\":\"Essiccatore professionale Biosec Pro - Tauro Essiccatori\",\"isPartOf\":{\"@id\":\"https:\/\/stor51.tauroessiccatori.com\/#website\"},\"datePublished\":\"2017-08-13T20:04:23+00:00\",\"dateModified\":\"2023-05-12T09:00:39+00:00\",\"description\":\"Biosec Pro \u00e8 l'esiccatore professionale interamente in acciaio inox. Essiccatore orizzontale con dodici ripiani, pu\u00f2 essiccare fino a 30 kg.\",\"breadcrumb\":{\"@id\":\"https:\/\/stor51.tauroessiccatori.com\/p\/biosec-pro\/#breadcrumb\"},\"inLanguage\":\"hu\",\"potentialAction\":[{\"@type\":\"ReadAction\",\"target\":[\"https:\/\/stor51.tauroessiccatori.com\/p\/biosec-pro\/\"]}]},{\"@type\":\"BreadcrumbList\",\"@id\":\"https:\/\/stor51.tauroessiccatori.com\/p\/biosec-pro\/#breadcrumb\",\"itemListElement\":[{\"@type\":\"ListItem\",\"position\":1,\"name\":\"Home\",\"item\":\"https:\/\/stor51.tauroessiccatori.com\/\"},{\"@type\":\"ListItem\",\"position\":2,\"name\":\"Shop\",\"item\":\"https:\/\/stor51.tauroessiccatori.com\/negozio\/\"},{\"@type\":\"ListItem\",\"position\":3,\"name\":\"Biosec Pro\"}]},{\"@type\":\"WebSite\",\"@id\":\"https:\/\/stor51.tauroessiccatori.com\/#website\",\"url\":\"https:\/\/stor51.tauroessiccatori.com\/\",\"name\":\"Tauro Essiccatori\",\"description\":\"Welcome to Tauro Essiccatori online shop\",\"publisher\":{\"@id\":\"https:\/\/stor51.tauroessiccatori.com\/#organization\"},\"potentialAction\":[{\"@type\":\"SearchAction\",\"target\":{\"@type\":\"EntryPoint\",\"urlTemplate\":\"https:\/\/stor51.tauroessiccatori.com\/?s={search_term_string}\"},\"query-input\":\"required name=search_term_string\"}],\"inLanguage\":\"hu\"},{\"@type\":\"Organization\",\"@id\":\"https:\/\/stor51.tauroessiccatori.com\/#organization\",\"name\":\"Tauro Essiccatori\",\"url\":\"https:\/\/stor51.tauroessiccatori.com\/\",\"logo\":{\"@type\":\"ImageObject\",\"inLanguage\":\"hu\",\"@id\":\"https:\/\/stor51.tauroessiccatori.com\/#\/schema\/logo\/image\/\",\"url\":\"https:\/\/www.tauroessiccatori.com\/wp-assets\/uploads\/2017\/07\/logo_tauro_500x109px.png\",\"contentUrl\":\"https:\/\/www.tauroessiccatori.com\/wp-assets\/uploads\/2017\/07\/logo_tauro_500x109px.png\",\"width\":500,\"height\":109,\"caption\":\"Tauro Essiccatori\"},\"image\":{\"@id\":\"https:\/\/stor51.tauroessiccatori.com\/#\/schema\/logo\/image\/\"},\"sameAs\":[\"https:\/\/www.facebook.com\/TauroEssiccatori\/\",\"https:\/\/www.instagram.com\/tauro_essiccatori\/\",\"https:\/\/it.linkedin.com\/company\/tauro-essiccatori\",\"https:\/\/www.youtube.com\/user\/tauroessiccatori\"]}]}<\/script>\n<!-- \/ Yoast SEO plugin. -->","yoast_head_json":{"title":"Essiccatore professionale Biosec Pro - Tauro Essiccatori","description":"Biosec Pro \u00e8 l'esiccatore professionale interamente in acciaio inox. Essiccatore orizzontale con dodici ripiani, pu\u00f2 essiccare fino a 30 kg.","robots":{"index":"noindex","follow":"follow","max-snippet":"max-snippet:-1","max-image-preview":"max-image-preview:large","max-video-preview":"max-video-preview:-1"},"og_locale":"hu_HU","og_type":"article","og_title":"Riutilizzo di scarti ed eccedenze: Biosec PRO per dare valore alla tua azienda.","og_description":"Offri valore aggiunto e nuova vita ai tuoi prodotti migliori: con l\u2019essiccazione rinnovi il tuo business e lo rendi green e zero scarti.","og_url":"https:\/\/stor51.tauroessiccatori.com\/hu\/p\/biosec-pro\/","og_site_name":"Tauro Essiccatori","article_publisher":"https:\/\/www.facebook.com\/TauroEssiccatori\/","article_modified_time":"2023-05-12T09:00:39+00:00","og_image":[{"width":1200,"height":630,"url":"https:\/\/stor51.tauroessiccatori.com\/wp-assets\/uploads\/2017\/08\/23Luglio2021_EssiccazionePRO_1200x630px_tauro-essiccatori.png","type":"image\/png"}],"twitter_card":"summary_large_image","twitter_misc":{"Est. reading time":"1 perc"},"schema":{"@context":"https:\/\/schema.org","@graph":[{"@type":"WebPage","@id":"https:\/\/stor51.tauroessiccatori.com\/p\/biosec-pro\/","url":"https:\/\/stor51.tauroessiccatori.com\/p\/biosec-pro\/","name":"Essiccatore professionale Biosec Pro - Tauro Essiccatori","isPartOf":{"@id":"https:\/\/stor51.tauroessiccatori.com\/#website"},"datePublished":"2017-08-13T20:04:23+00:00","dateModified":"2023-05-12T09:00:39+00:00","description":"Biosec Pro \u00e8 l'esiccatore professionale interamente in acciaio inox. Essiccatore orizzontale con dodici ripiani, pu\u00f2 essiccare fino a 30 kg.","breadcrumb":{"@id":"https:\/\/stor51.tauroessiccatori.com\/p\/biosec-pro\/#breadcrumb"},"inLanguage":"hu","potentialAction":[{"@type":"ReadAction","target":["https:\/\/stor51.tauroessiccatori.com\/p\/biosec-pro\/"]}]},{"@type":"BreadcrumbList","@id":"https:\/\/stor51.tauroessiccatori.com\/p\/biosec-pro\/#breadcrumb","itemListElement":[{"@type":"ListItem","position":1,"name":"Home","item":"https:\/\/stor51.tauroessiccatori.com\/"},{"@type":"ListItem","position":2,"name":"Shop","item":"https:\/\/stor51.tauroessiccatori.com\/negozio\/"},{"@type":"ListItem","position":3,"name":"Biosec Pro"}]},{"@type":"WebSite","@id":"https:\/\/stor51.tauroessiccatori.com\/#website","url":"https:\/\/stor51.tauroessiccatori.com\/","name":"Tauro Essiccatori","description":"Welcome to Tauro Essiccatori online shop","publisher":{"@id":"https:\/\/stor51.tauroessiccatori.com\/#organization"},"potentialAction":[{"@type":"SearchAction","target":{"@type":"EntryPoint","urlTemplate":"https:\/\/stor51.tauroessiccatori.com\/?s={search_term_string}"},"query-input":"required name=search_term_string"}],"inLanguage":"hu"},{"@type":"Organization","@id":"https:\/\/stor51.tauroessiccatori.com\/#organization","name":"Tauro Essiccatori","url":"https:\/\/stor51.tauroessiccatori.com\/","logo":{"@type":"ImageObject","inLanguage":"hu","@id":"https:\/\/stor51.tauroessiccatori.com\/#\/schema\/logo\/image\/","url":"https:\/\/www.tauroessiccatori.com\/wp-assets\/uploads\/2017\/07\/logo_tauro_500x109px.png","contentUrl":"https:\/\/www.tauroessiccatori.com\/wp-assets\/uploads\/2017\/07\/logo_tauro_500x109px.png","width":500,"height":109,"caption":"Tauro Essiccatori"},"image":{"@id":"https:\/\/stor51.tauroessiccatori.com\/#\/schema\/logo\/image\/"},"sameAs":["https:\/\/www.facebook.com\/TauroEssiccatori\/","https:\/\/www.instagram.com\/tauro_essiccatori\/","https:\/\/it.linkedin.com\/company\/tauro-essiccatori","https:\/\/www.youtube.com\/user\/tauroessiccatori"]}]}},"_links":{"self":[{"href":"https:\/\/stor51.tauroessiccatori.com\/hu\/wp-json\/wp\/v2\/product\/913"}],"collection":[{"href":"https:\/\/stor51.tauroessiccatori.com\/hu\/wp-json\/wp\/v2\/product"}],"about":[{"href":"https:\/\/stor51.tauroessiccatori.com\/hu\/wp-json\/wp\/v2\/types\/product"}],"replies":[{"embeddable":true,"href":"https:\/\/stor51.tauroessiccatori.com\/hu\/wp-json\/wp\/v2\/comments?post=913"}],"wp:featuredmedia":[{"embeddable":true,"href":"https:\/\/stor51.tauroessiccatori.com\/hu\/wp-json\/wp\/v2\/media\/137931"}],"wp:attachment":[{"href":"https:\/\/stor51.tauroessiccatori.com\/hu\/wp-json\/wp\/v2\/media?parent=913"}],"wp:term":[{"taxonomy":"product_cat","embeddable":true,"href":"https:\/\/stor51.tauroessiccatori.com\/hu\/wp-json\/wp\/v2\/product_cat?post=913"},{"taxonomy":"product_tag","embeddable":true,"href":"https:\/\/stor51.tauroessiccatori.com\/hu\/wp-json\/wp\/v2\/product_tag?post=913"}],"curies":[{"name":"wp","href":"https:\/\/api.w.org\/{rel}","templated":true}]}}