


{"id":9074,"date":"2019-11-26T16:46:39","date_gmt":"2019-11-26T15:46:39","guid":{"rendered":"https:\/\/www.tauroessiccatori.com\/?post_type=product&#038;p=9074\/"},"modified":"2023-06-25T14:30:02","modified_gmt":"2023-06-25T12:30:02","slug":"magic-vac-master-2","status":"publish","type":"product","link":"https:\/\/stor51.tauroessiccatori.com\/hu\/p\/magic-vac-master-2\/","title":{"rendered":"Magic Vac Master"},"content":{"rendered":"<div class=\"tauro-banners\"><div class=\"banner-00\" style=\"background-color: #852035\">\r\n<div class=\"ix-xmas-box-other\" style=\"font-size: 18px;padding: 7px 0;margin: 0 auto 0px auto\" align=\"center\"><b style=\"color: #fff;font-size: 18px\">Helyezzen egy BIOSEC-et a fa al\u00e1. <a style=\"color: #f8cc89;font-weight: bold;text-decoration: none;font-size: 18px\" href=\"https:\/\/www.tauroessiccatori.com\/christmas-2024\/\">FEDEZZE MEG ITT<\/a> Kar\u00e1csonyi akci\u00f3k!<\/b><\/div>\r\n<\/div><div class=\"banner-00\" style=\"background-color: #000\">\r\n<div class=\"ix-xmas-box-other\" style=\"font-size: 18px;padding: 7px 0;margin: 0 auto 0px auto\" align=\"center\"><b style=\"color: #fff\"> Itt vannak a fekete p\u00e9nteki kedvezm\u00e9nyek! \u00a0 <a style=\"color: #f77209;font-weight: bold;text-decoration: none\" href=\"https:\/\/www.tauroessiccatori.com\/black-friday-2024\/\"> Kattints, hogy ne hagyd ki \u0151ket \u2192 <\/a>\r\n<\/b><\/div>\r\n<\/div><\/div><p><span style=\"font-weight: 400;\">LE\u00cdR\u00c1S:<\/span><\/p>\n<p><span style=\"font-weight: 400;\">A fejlett m\u0171k\u00f6d\u00e9si jellemz\u0151kkel \u00e9s alacsony \u00e1rral rendelkez\u0151 Master a kiv\u00e1l\u00f3 \u00e1r\/teljes\u00edtm\u00e9ny ar\u00e1ny\u00fa v\u00e1kuumcsomagol\u00f3 g\u00e9p.<\/span><\/p>\n<p>&nbsp;<\/p>\n<p><span style=\"font-weight: 400;\">M\u0170SZAKI JELLEMZ\u0150K:<\/span><\/p>\n<p><span style=\"font-weight: 400;\">V\u00e1kuum\u00e9rt\u00e9k \u00e9s professzion\u00e1lis teljes\u00edtm\u00e9ny a nagy teljes\u00edtm\u00e9ny\u0171 szivatty\u00fanak k\u00f6sz\u00f6nhet\u0151en<\/span><\/p>\n<p><span style=\"font-weight: 400;\">V\u00e1kuumkamra kivehet\u0151, mosogat\u00f3g\u00e9pben moshat\u00f3 csepegtet\u0151 t\u00e1lc\u00e1val<\/span><\/p>\n<p><span style=\"font-weight: 400;\">Anal\u00f3g v\u00e1kuumm\u00e9r\u0151<\/span><\/p>\n<p><span style=\"font-weight: 400;\">K\u00f6nny\u0171 haszn\u00e1lat a Lock &amp; Unlock rendszernek \u00e9s a t\u00f6bbfunkci\u00f3s v\u00edz\u00e1ll\u00f3 billenty\u0171zetnek k\u00f6sz\u00f6nhet\u0151en<\/span><\/p>\n<p><span style=\"font-weight: 400;\">Kett\u0151s be\u00e1ll\u00edt\u00e1s: sz\u00e1raz \u00e9s nedves eledel<\/span><\/p>\n<p><span style=\"font-weight: 400;\">Speci\u00e1lis ciklus a v\u00e1kuum l\u00e9trehoz\u00e1s\u00e1hoz tart\u00e1lyokban<\/span><\/p>\n<p><span style=\"font-weight: 400;\">K\u00e9zi hegeszt\u00e9si funkci\u00f3<\/span><\/p>\n<p><span style=\"font-weight: 400;\">K\u00e9zi impulzusv\u00e1kuum funkci\u00f3 t\u00f6r\u00e9keny \u00e9s k\u00e9nyes \u00e9lelmiszerekhez<\/span><\/p>\n<p><span style=\"font-weight: 400;\">K\u00e9nyelmes ablak a t\u00e1ska helyes elhelyez\u00e9s\u00e9hez<\/span><\/p>\n<p><span style=\"font-weight: 400;\">Tekercsrekesz integr\u00e1lt k\u00e9tir\u00e1ny\u00fa zs\u00e1kv\u00e1g\u00f3val<\/span><\/p>\n<p><span style=\"font-weight: 400;\">Profi 30 cm-es alum\u00ednium hegeszt\u0151 r\u00fad<\/span><\/p>","protected":false},"excerpt":{"rendered":"<p>Metti un BIOSEC sotto l&#8217;Albero. SCOPRI QUI le promozioni di Natale! Gli sconti Black Friday sono qui! \u00a0 Clicca\u00a0per\u00a0non perderli \u2192 DESCRIZIONE: Grazie alle caratteristiche di funzionamento avanzate e ad un prezzo contenuto, Master \u00e8 la macchina sottovuoto con un ottimo rapporto qualit\u00e0 \/ prezzo. &nbsp; CARATTERISTICHE TECNICHE: Valore di vuoto e prestazioni professionali grazie [&hellip;]<\/p>","protected":false},"featured_media":9068,"comment_status":"closed","ping_status":"closed","template":"","meta":[],"product_cat":[276],"product_tag":[],"class_list":["post-9074","product","type-product","status-publish","has-post-thumbnail","hentry","product_cat-sottovuoto"],"acf":[],"yoast_head":"<!-- This site is optimized with the Yoast SEO plugin v20.10 - https:\/\/yoast.com\/wordpress\/plugins\/seo\/ -->\n<title>Magic Vac Master - Tauro Essiccatori<\/title>\n<meta name=\"robots\" content=\"noindex, follow, max-snippet:-1, max-image-preview:large, max-video-preview:-1\" \/>\n<meta property=\"og:locale\" content=\"hu_HU\" \/>\n<meta property=\"og:type\" content=\"article\" \/>\n<meta property=\"og:title\" content=\"Magic Vac Master - Tauro Essiccatori\" \/>\n<meta property=\"og:description\" content=\"Metti un BIOSEC sotto l&#039;Albero. SCOPRI QUI le promozioni di Natale! Gli sconti Black Friday sono qui! \u00a0 Clicca\u00a0per\u00a0non perderli \u2192 DESCRIZIONE: Grazie alle caratteristiche di funzionamento avanzate e ad un prezzo contenuto, Master \u00e8 la macchina sottovuoto con un ottimo rapporto qualit\u00e0 \/ prezzo. &nbsp; CARATTERISTICHE TECNICHE: Valore di vuoto e prestazioni professionali grazie [&hellip;]\" \/>\n<meta property=\"og:url\" content=\"https:\/\/stor51.tauroessiccatori.com\/hu\/p\/magic-vac-master-2\/\" \/>\n<meta property=\"og:site_name\" content=\"Tauro Essiccatori\" \/>\n<meta property=\"article:publisher\" content=\"https:\/\/www.facebook.com\/TauroEssiccatori\/\" \/>\n<meta property=\"article:modified_time\" content=\"2023-06-25T12:30:02+00:00\" \/>\n<meta property=\"og:image\" content=\"https:\/\/stor51.tauroessiccatori.com\/wp-assets\/uploads\/2019\/11\/V252PK1-MASTER-CMYK-HR.jpg\" \/>\n\t<meta property=\"og:image:width\" content=\"2048\" \/>\n\t<meta property=\"og:image:height\" content=\"1266\" \/>\n\t<meta property=\"og:image:type\" content=\"image\/jpeg\" \/>\n<meta name=\"twitter:card\" content=\"summary_large_image\" \/>\n<meta name=\"twitter:label1\" content=\"Est. reading time\" \/>\n\t<meta name=\"twitter:data1\" content=\"1 perc\" \/>\n<script type=\"application\/ld+json\" class=\"yoast-schema-graph\">{\"@context\":\"https:\/\/schema.org\",\"@graph\":[{\"@type\":\"WebPage\",\"@id\":\"https:\/\/stor51.tauroessiccatori.com\/p\/magic-vac-master-2\/\",\"url\":\"https:\/\/stor51.tauroessiccatori.com\/p\/magic-vac-master-2\/\",\"name\":\"Magic Vac Master - Tauro Essiccatori\",\"isPartOf\":{\"@id\":\"https:\/\/stor51.tauroessiccatori.com\/#website\"},\"datePublished\":\"2019-11-26T15:46:39+00:00\",\"dateModified\":\"2023-06-25T12:30:02+00:00\",\"breadcrumb\":{\"@id\":\"https:\/\/stor51.tauroessiccatori.com\/p\/magic-vac-master-2\/#breadcrumb\"},\"inLanguage\":\"hu\",\"potentialAction\":[{\"@type\":\"ReadAction\",\"target\":[\"https:\/\/stor51.tauroessiccatori.com\/p\/magic-vac-master-2\/\"]}]},{\"@type\":\"BreadcrumbList\",\"@id\":\"https:\/\/stor51.tauroessiccatori.com\/p\/magic-vac-master-2\/#breadcrumb\",\"itemListElement\":[{\"@type\":\"ListItem\",\"position\":1,\"name\":\"Home\",\"item\":\"https:\/\/stor51.tauroessiccatori.com\/\"},{\"@type\":\"ListItem\",\"position\":2,\"name\":\"Shop\",\"item\":\"https:\/\/stor51.tauroessiccatori.com\/negozio\/\"},{\"@type\":\"ListItem\",\"position\":3,\"name\":\"Magic Vac Master\"}]},{\"@type\":\"WebSite\",\"@id\":\"https:\/\/stor51.tauroessiccatori.com\/#website\",\"url\":\"https:\/\/stor51.tauroessiccatori.com\/\",\"name\":\"Tauro Essiccatori\",\"description\":\"Welcome to Tauro Essiccatori online shop\",\"publisher\":{\"@id\":\"https:\/\/stor51.tauroessiccatori.com\/#organization\"},\"potentialAction\":[{\"@type\":\"SearchAction\",\"target\":{\"@type\":\"EntryPoint\",\"urlTemplate\":\"https:\/\/stor51.tauroessiccatori.com\/?s={search_term_string}\"},\"query-input\":\"required name=search_term_string\"}],\"inLanguage\":\"hu\"},{\"@type\":\"Organization\",\"@id\":\"https:\/\/stor51.tauroessiccatori.com\/#organization\",\"name\":\"Tauro Essiccatori\",\"url\":\"https:\/\/stor51.tauroessiccatori.com\/\",\"logo\":{\"@type\":\"ImageObject\",\"inLanguage\":\"hu\",\"@id\":\"https:\/\/stor51.tauroessiccatori.com\/#\/schema\/logo\/image\/\",\"url\":\"https:\/\/www.tauroessiccatori.com\/wp-assets\/uploads\/2017\/07\/logo_tauro_500x109px.png\",\"contentUrl\":\"https:\/\/www.tauroessiccatori.com\/wp-assets\/uploads\/2017\/07\/logo_tauro_500x109px.png\",\"width\":500,\"height\":109,\"caption\":\"Tauro Essiccatori\"},\"image\":{\"@id\":\"https:\/\/stor51.tauroessiccatori.com\/#\/schema\/logo\/image\/\"},\"sameAs\":[\"https:\/\/www.facebook.com\/TauroEssiccatori\/\",\"https:\/\/www.instagram.com\/tauro_essiccatori\/\",\"https:\/\/it.linkedin.com\/company\/tauro-essiccatori\",\"https:\/\/www.youtube.com\/user\/tauroessiccatori\"]}]}<\/script>\n<!-- \/ Yoast SEO plugin. -->","yoast_head_json":{"title":"Magic Vac Master - Tauro Essiccatori","robots":{"index":"noindex","follow":"follow","max-snippet":"max-snippet:-1","max-image-preview":"max-image-preview:large","max-video-preview":"max-video-preview:-1"},"og_locale":"hu_HU","og_type":"article","og_title":"Magic Vac Master - Tauro Essiccatori","og_description":"Metti un BIOSEC sotto l'Albero. SCOPRI QUI le promozioni di Natale! Gli sconti Black Friday sono qui! \u00a0 Clicca\u00a0per\u00a0non perderli \u2192 DESCRIZIONE: Grazie alle caratteristiche di funzionamento avanzate e ad un prezzo contenuto, Master \u00e8 la macchina sottovuoto con un ottimo rapporto qualit\u00e0 \/ prezzo. &nbsp; CARATTERISTICHE TECNICHE: Valore di vuoto e prestazioni professionali grazie [&hellip;]","og_url":"https:\/\/stor51.tauroessiccatori.com\/hu\/p\/magic-vac-master-2\/","og_site_name":"Tauro Essiccatori","article_publisher":"https:\/\/www.facebook.com\/TauroEssiccatori\/","article_modified_time":"2023-06-25T12:30:02+00:00","og_image":[{"width":2048,"height":1266,"url":"https:\/\/stor51.tauroessiccatori.com\/wp-assets\/uploads\/2019\/11\/V252PK1-MASTER-CMYK-HR.jpg","type":"image\/jpeg"}],"twitter_card":"summary_large_image","twitter_misc":{"Est. reading time":"1 perc"},"schema":{"@context":"https:\/\/schema.org","@graph":[{"@type":"WebPage","@id":"https:\/\/stor51.tauroessiccatori.com\/p\/magic-vac-master-2\/","url":"https:\/\/stor51.tauroessiccatori.com\/p\/magic-vac-master-2\/","name":"Magic Vac Master - Tauro Essiccatori","isPartOf":{"@id":"https:\/\/stor51.tauroessiccatori.com\/#website"},"datePublished":"2019-11-26T15:46:39+00:00","dateModified":"2023-06-25T12:30:02+00:00","breadcrumb":{"@id":"https:\/\/stor51.tauroessiccatori.com\/p\/magic-vac-master-2\/#breadcrumb"},"inLanguage":"hu","potentialAction":[{"@type":"ReadAction","target":["https:\/\/stor51.tauroessiccatori.com\/p\/magic-vac-master-2\/"]}]},{"@type":"BreadcrumbList","@id":"https:\/\/stor51.tauroessiccatori.com\/p\/magic-vac-master-2\/#breadcrumb","itemListElement":[{"@type":"ListItem","position":1,"name":"Home","item":"https:\/\/stor51.tauroessiccatori.com\/"},{"@type":"ListItem","position":2,"name":"Shop","item":"https:\/\/stor51.tauroessiccatori.com\/negozio\/"},{"@type":"ListItem","position":3,"name":"Magic Vac Master"}]},{"@type":"WebSite","@id":"https:\/\/stor51.tauroessiccatori.com\/#website","url":"https:\/\/stor51.tauroessiccatori.com\/","name":"Tauro Essiccatori","description":"Welcome to Tauro Essiccatori online shop","publisher":{"@id":"https:\/\/stor51.tauroessiccatori.com\/#organization"},"potentialAction":[{"@type":"SearchAction","target":{"@type":"EntryPoint","urlTemplate":"https:\/\/stor51.tauroessiccatori.com\/?s={search_term_string}"},"query-input":"required name=search_term_string"}],"inLanguage":"hu"},{"@type":"Organization","@id":"https:\/\/stor51.tauroessiccatori.com\/#organization","name":"Tauro Essiccatori","url":"https:\/\/stor51.tauroessiccatori.com\/","logo":{"@type":"ImageObject","inLanguage":"hu","@id":"https:\/\/stor51.tauroessiccatori.com\/#\/schema\/logo\/image\/","url":"https:\/\/www.tauroessiccatori.com\/wp-assets\/uploads\/2017\/07\/logo_tauro_500x109px.png","contentUrl":"https:\/\/www.tauroessiccatori.com\/wp-assets\/uploads\/2017\/07\/logo_tauro_500x109px.png","width":500,"height":109,"caption":"Tauro Essiccatori"},"image":{"@id":"https:\/\/stor51.tauroessiccatori.com\/#\/schema\/logo\/image\/"},"sameAs":["https:\/\/www.facebook.com\/TauroEssiccatori\/","https:\/\/www.instagram.com\/tauro_essiccatori\/","https:\/\/it.linkedin.com\/company\/tauro-essiccatori","https:\/\/www.youtube.com\/user\/tauroessiccatori"]}]}},"_links":{"self":[{"href":"https:\/\/stor51.tauroessiccatori.com\/hu\/wp-json\/wp\/v2\/product\/9074"}],"collection":[{"href":"https:\/\/stor51.tauroessiccatori.com\/hu\/wp-json\/wp\/v2\/product"}],"about":[{"href":"https:\/\/stor51.tauroessiccatori.com\/hu\/wp-json\/wp\/v2\/types\/product"}],"replies":[{"embeddable":true,"href":"https:\/\/stor51.tauroessiccatori.com\/hu\/wp-json\/wp\/v2\/comments?post=9074"}],"wp:featuredmedia":[{"embeddable":true,"href":"https:\/\/stor51.tauroessiccatori.com\/hu\/wp-json\/wp\/v2\/media\/9068"}],"wp:attachment":[{"href":"https:\/\/stor51.tauroessiccatori.com\/hu\/wp-json\/wp\/v2\/media?parent=9074"}],"wp:term":[{"taxonomy":"product_cat","embeddable":true,"href":"https:\/\/stor51.tauroessiccatori.com\/hu\/wp-json\/wp\/v2\/product_cat?post=9074"},{"taxonomy":"product_tag","embeddable":true,"href":"https:\/\/stor51.tauroessiccatori.com\/hu\/wp-json\/wp\/v2\/product_tag?post=9074"}],"curies":[{"name":"wp","href":"https:\/\/api.w.org\/{rel}","templated":true}]}}