


{"id":578,"date":"2017-04-04T17:50:35","date_gmt":"2017-04-04T15:50:35","guid":{"rendered":"http:\/\/store.tauroessiccatori.com\/?post_type=product&#038;p=578"},"modified":"2023-05-16T11:08:42","modified_gmt":"2023-05-16T09:08:42","slug":"modulo-de-luxe-mc12","status":"publish","type":"product","link":"https:\/\/stor51.tauroessiccatori.com\/hu\/p\/module-of-luxe-mc12\/","title":{"rendered":"De Luxe MC12 modul"},"content":{"rendered":"<div class=\"tauro-banners\"><div class=\"banner-00\" style=\"background-color: #852035\">\r\n<div class=\"ix-xmas-box-other\" style=\"font-size: 18px;padding: 7px 0;margin: 0 auto 0px auto\" align=\"center\"><b style=\"color: #fff;font-size: 18px\">Helyezzen egy BIOSEC-et a fa al\u00e1. <a style=\"color: #f8cc89;font-weight: bold;text-decoration: none;font-size: 18px\" href=\"https:\/\/www.tauroessiccatori.com\/christmas-2024\/\">FEDEZZE MEG ITT<\/a> Kar\u00e1csonyi akci\u00f3k!<\/b><\/div>\r\n<\/div><div class=\"banner-00\" style=\"background-color: #000\">\r\n<div class=\"ix-xmas-box-other\" style=\"font-size: 18px;padding: 7px 0;margin: 0 auto 0px auto\" align=\"center\"><b style=\"color: #fff\"> Itt vannak a fekete p\u00e9nteki kedvezm\u00e9nyek! \u00a0 <a style=\"color: #f77209;font-weight: bold;text-decoration: none\" href=\"https:\/\/www.tauroessiccatori.com\/black-friday-2024\/\"> Kattints, hogy ne hagyd ki \u0151ket \u2192 <\/a>\r\n<\/b><\/div>\r\n<\/div><\/div><p><strong>Le\u00edr\u00e1s:<\/strong><br \/>\nA De Luxe MC12 modul seg\u00edts\u00e9g\u00e9vel a Biosec sz\u00e1r\u00edt\u00f3 el\u00e9rheti maxim\u00e1lis kapacit\u00e1s\u00e1t. A 12 rozsdamentes ac\u00e9lkos\u00e1r lehet\u0151v\u00e9 teszi a motor teljes\u00edtm\u00e9ny\u00e9nek maxim\u00e1lis kihaszn\u00e1l\u00e1s\u00e1t, ez\u00e1ltal optimaliz\u00e1lva a termel\u00e9kenys\u00e9get \u00e9s a fogyaszt\u00e1st.<br \/>\nKompatibilis az \u00f6sszes Biosec modellel.<\/p>\n<p><strong>M\u0171szaki jellemz\u0151k:<\/strong><br \/>\n- rozsdamentes ac\u00e9l sz\u00e1r\u00edt\u00f3alag\u00fat<br \/>\n- 12 rozsdamentes ac\u00e9l kos\u00e1r<br \/>\n- k\u00fcls\u0151 m\u00e9retek 27x27x82 cm<br \/>\n- megk\u00f6zel\u00edt\u0151leg 5\/7 kg*<\/p>\n<p><strong>A csomag tartalma:<\/strong><br \/>\n- rozsdamentes ac\u00e9l sz\u00e1r\u00edt\u00f3alag\u00fat<br \/>\n- 12 rozsdamentes ac\u00e9l kos\u00e1r<\/p>","protected":false},"excerpt":{"rendered":"<p>Metti un BIOSEC sotto l&#8217;Albero. SCOPRI QUI le promozioni di Natale! Gli sconti Black Friday sono qui! \u00a0 Clicca\u00a0per\u00a0non perderli \u2192 Descrizione: Con il modulo De Luxe MC12 il tuo essiccatore Biosec pu\u00f2 raggiungere la sua massima capienza. 12 cestelli in acciaio inox ti permetteranno di sfruttare al massimo la potenza del motore, ottimizzando quindi [&hellip;]<\/p>","protected":false},"featured_media":907,"comment_status":"closed","ping_status":"closed","template":"","meta":[],"product_cat":[210],"product_tag":[],"class_list":["post-578","product","type-product","status-publish","has-post-thumbnail","hentry","product_cat-moduli-complementari"],"acf":[],"yoast_head":"<!-- This site is optimized with the Yoast SEO plugin v20.10 - https:\/\/yoast.com\/wordpress\/plugins\/seo\/ -->\n<title>Modulo De Luxe MC12 - Tauro Essiccatori<\/title>\n<meta name=\"robots\" content=\"noindex, follow, max-snippet:-1, max-image-preview:large, max-video-preview:-1\" \/>\n<meta property=\"og:locale\" content=\"hu_HU\" \/>\n<meta property=\"og:type\" content=\"article\" \/>\n<meta property=\"og:title\" content=\"Modulo De Luxe MC12 - Tauro Essiccatori\" \/>\n<meta property=\"og:description\" content=\"Metti un BIOSEC sotto l&#039;Albero. SCOPRI QUI le promozioni di Natale! Gli sconti Black Friday sono qui! \u00a0 Clicca\u00a0per\u00a0non perderli \u2192 Descrizione: Con il modulo De Luxe MC12 il tuo essiccatore Biosec pu\u00f2 raggiungere la sua massima capienza. 12 cestelli in acciaio inox ti permetteranno di sfruttare al massimo la potenza del motore, ottimizzando quindi [&hellip;]\" \/>\n<meta property=\"og:url\" content=\"https:\/\/stor51.tauroessiccatori.com\/hu\/p\/module-of-luxe-mc12\/\" \/>\n<meta property=\"og:site_name\" content=\"Tauro Essiccatori\" \/>\n<meta property=\"article:publisher\" content=\"https:\/\/www.facebook.com\/TauroEssiccatori\/\" \/>\n<meta property=\"article:modified_time\" content=\"2023-05-16T09:08:42+00:00\" \/>\n<meta property=\"og:image\" content=\"https:\/\/stor51.tauroessiccatori.com\/wp-assets\/uploads\/2017\/04\/de_luxe_modulo.jpg\" \/>\n\t<meta property=\"og:image:width\" content=\"2048\" \/>\n\t<meta property=\"og:image:height\" content=\"1266\" \/>\n\t<meta property=\"og:image:type\" content=\"image\/jpeg\" \/>\n<meta name=\"twitter:card\" content=\"summary_large_image\" \/>\n<script type=\"application\/ld+json\" class=\"yoast-schema-graph\">{\"@context\":\"https:\/\/schema.org\",\"@graph\":[{\"@type\":\"WebPage\",\"@id\":\"https:\/\/stor51.tauroessiccatori.com\/p\/modulo-de-luxe-mc12\/\",\"url\":\"https:\/\/stor51.tauroessiccatori.com\/p\/modulo-de-luxe-mc12\/\",\"name\":\"Modulo De Luxe MC12 - Tauro Essiccatori\",\"isPartOf\":{\"@id\":\"https:\/\/stor51.tauroessiccatori.com\/#website\"},\"datePublished\":\"2017-04-04T15:50:35+00:00\",\"dateModified\":\"2023-05-16T09:08:42+00:00\",\"breadcrumb\":{\"@id\":\"https:\/\/stor51.tauroessiccatori.com\/p\/modulo-de-luxe-mc12\/#breadcrumb\"},\"inLanguage\":\"hu\",\"potentialAction\":[{\"@type\":\"ReadAction\",\"target\":[\"https:\/\/stor51.tauroessiccatori.com\/p\/modulo-de-luxe-mc12\/\"]}]},{\"@type\":\"BreadcrumbList\",\"@id\":\"https:\/\/stor51.tauroessiccatori.com\/p\/modulo-de-luxe-mc12\/#breadcrumb\",\"itemListElement\":[{\"@type\":\"ListItem\",\"position\":1,\"name\":\"Home\",\"item\":\"https:\/\/stor51.tauroessiccatori.com\/\"},{\"@type\":\"ListItem\",\"position\":2,\"name\":\"Shop\",\"item\":\"https:\/\/stor51.tauroessiccatori.com\/negozio\/\"},{\"@type\":\"ListItem\",\"position\":3,\"name\":\"Modulo De Luxe MC12\"}]},{\"@type\":\"WebSite\",\"@id\":\"https:\/\/stor51.tauroessiccatori.com\/#website\",\"url\":\"https:\/\/stor51.tauroessiccatori.com\/\",\"name\":\"Tauro Essiccatori\",\"description\":\"Welcome to Tauro Essiccatori online shop\",\"publisher\":{\"@id\":\"https:\/\/stor51.tauroessiccatori.com\/#organization\"},\"potentialAction\":[{\"@type\":\"SearchAction\",\"target\":{\"@type\":\"EntryPoint\",\"urlTemplate\":\"https:\/\/stor51.tauroessiccatori.com\/?s={search_term_string}\"},\"query-input\":\"required name=search_term_string\"}],\"inLanguage\":\"hu\"},{\"@type\":\"Organization\",\"@id\":\"https:\/\/stor51.tauroessiccatori.com\/#organization\",\"name\":\"Tauro Essiccatori\",\"url\":\"https:\/\/stor51.tauroessiccatori.com\/\",\"logo\":{\"@type\":\"ImageObject\",\"inLanguage\":\"hu\",\"@id\":\"https:\/\/stor51.tauroessiccatori.com\/#\/schema\/logo\/image\/\",\"url\":\"https:\/\/www.tauroessiccatori.com\/wp-assets\/uploads\/2017\/07\/logo_tauro_500x109px.png\",\"contentUrl\":\"https:\/\/www.tauroessiccatori.com\/wp-assets\/uploads\/2017\/07\/logo_tauro_500x109px.png\",\"width\":500,\"height\":109,\"caption\":\"Tauro Essiccatori\"},\"image\":{\"@id\":\"https:\/\/stor51.tauroessiccatori.com\/#\/schema\/logo\/image\/\"},\"sameAs\":[\"https:\/\/www.facebook.com\/TauroEssiccatori\/\",\"https:\/\/www.instagram.com\/tauro_essiccatori\/\",\"https:\/\/it.linkedin.com\/company\/tauro-essiccatori\",\"https:\/\/www.youtube.com\/user\/tauroessiccatori\"]}]}<\/script>\n<!-- \/ Yoast SEO plugin. -->","yoast_head_json":{"title":"Modulo De Luxe MC12 - Tauro Essiccatori","robots":{"index":"noindex","follow":"follow","max-snippet":"max-snippet:-1","max-image-preview":"max-image-preview:large","max-video-preview":"max-video-preview:-1"},"og_locale":"hu_HU","og_type":"article","og_title":"Modulo De Luxe MC12 - Tauro Essiccatori","og_description":"Metti un BIOSEC sotto l'Albero. SCOPRI QUI le promozioni di Natale! Gli sconti Black Friday sono qui! \u00a0 Clicca\u00a0per\u00a0non perderli \u2192 Descrizione: Con il modulo De Luxe MC12 il tuo essiccatore Biosec pu\u00f2 raggiungere la sua massima capienza. 12 cestelli in acciaio inox ti permetteranno di sfruttare al massimo la potenza del motore, ottimizzando quindi [&hellip;]","og_url":"https:\/\/stor51.tauroessiccatori.com\/hu\/p\/module-of-luxe-mc12\/","og_site_name":"Tauro Essiccatori","article_publisher":"https:\/\/www.facebook.com\/TauroEssiccatori\/","article_modified_time":"2023-05-16T09:08:42+00:00","og_image":[{"width":2048,"height":1266,"url":"https:\/\/stor51.tauroessiccatori.com\/wp-assets\/uploads\/2017\/04\/de_luxe_modulo.jpg","type":"image\/jpeg"}],"twitter_card":"summary_large_image","schema":{"@context":"https:\/\/schema.org","@graph":[{"@type":"WebPage","@id":"https:\/\/stor51.tauroessiccatori.com\/p\/modulo-de-luxe-mc12\/","url":"https:\/\/stor51.tauroessiccatori.com\/p\/modulo-de-luxe-mc12\/","name":"Modulo De Luxe MC12 - Tauro Essiccatori","isPartOf":{"@id":"https:\/\/stor51.tauroessiccatori.com\/#website"},"datePublished":"2017-04-04T15:50:35+00:00","dateModified":"2023-05-16T09:08:42+00:00","breadcrumb":{"@id":"https:\/\/stor51.tauroessiccatori.com\/p\/modulo-de-luxe-mc12\/#breadcrumb"},"inLanguage":"hu","potentialAction":[{"@type":"ReadAction","target":["https:\/\/stor51.tauroessiccatori.com\/p\/modulo-de-luxe-mc12\/"]}]},{"@type":"BreadcrumbList","@id":"https:\/\/stor51.tauroessiccatori.com\/p\/modulo-de-luxe-mc12\/#breadcrumb","itemListElement":[{"@type":"ListItem","position":1,"name":"Home","item":"https:\/\/stor51.tauroessiccatori.com\/"},{"@type":"ListItem","position":2,"name":"Shop","item":"https:\/\/stor51.tauroessiccatori.com\/negozio\/"},{"@type":"ListItem","position":3,"name":"Modulo De Luxe MC12"}]},{"@type":"WebSite","@id":"https:\/\/stor51.tauroessiccatori.com\/#website","url":"https:\/\/stor51.tauroessiccatori.com\/","name":"Tauro Essiccatori","description":"Welcome to Tauro Essiccatori online shop","publisher":{"@id":"https:\/\/stor51.tauroessiccatori.com\/#organization"},"potentialAction":[{"@type":"SearchAction","target":{"@type":"EntryPoint","urlTemplate":"https:\/\/stor51.tauroessiccatori.com\/?s={search_term_string}"},"query-input":"required name=search_term_string"}],"inLanguage":"hu"},{"@type":"Organization","@id":"https:\/\/stor51.tauroessiccatori.com\/#organization","name":"Tauro Essiccatori","url":"https:\/\/stor51.tauroessiccatori.com\/","logo":{"@type":"ImageObject","inLanguage":"hu","@id":"https:\/\/stor51.tauroessiccatori.com\/#\/schema\/logo\/image\/","url":"https:\/\/www.tauroessiccatori.com\/wp-assets\/uploads\/2017\/07\/logo_tauro_500x109px.png","contentUrl":"https:\/\/www.tauroessiccatori.com\/wp-assets\/uploads\/2017\/07\/logo_tauro_500x109px.png","width":500,"height":109,"caption":"Tauro Essiccatori"},"image":{"@id":"https:\/\/stor51.tauroessiccatori.com\/#\/schema\/logo\/image\/"},"sameAs":["https:\/\/www.facebook.com\/TauroEssiccatori\/","https:\/\/www.instagram.com\/tauro_essiccatori\/","https:\/\/it.linkedin.com\/company\/tauro-essiccatori","https:\/\/www.youtube.com\/user\/tauroessiccatori"]}]}},"_links":{"self":[{"href":"https:\/\/stor51.tauroessiccatori.com\/hu\/wp-json\/wp\/v2\/product\/578"}],"collection":[{"href":"https:\/\/stor51.tauroessiccatori.com\/hu\/wp-json\/wp\/v2\/product"}],"about":[{"href":"https:\/\/stor51.tauroessiccatori.com\/hu\/wp-json\/wp\/v2\/types\/product"}],"replies":[{"embeddable":true,"href":"https:\/\/stor51.tauroessiccatori.com\/hu\/wp-json\/wp\/v2\/comments?post=578"}],"wp:featuredmedia":[{"embeddable":true,"href":"https:\/\/stor51.tauroessiccatori.com\/hu\/wp-json\/wp\/v2\/media\/907"}],"wp:attachment":[{"href":"https:\/\/stor51.tauroessiccatori.com\/hu\/wp-json\/wp\/v2\/media?parent=578"}],"wp:term":[{"taxonomy":"product_cat","embeddable":true,"href":"https:\/\/stor51.tauroessiccatori.com\/hu\/wp-json\/wp\/v2\/product_cat?post=578"},{"taxonomy":"product_tag","embeddable":true,"href":"https:\/\/stor51.tauroessiccatori.com\/hu\/wp-json\/wp\/v2\/product_tag?post=578"}],"curies":[{"name":"wp","href":"https:\/\/api.w.org\/{rel}","templated":true}]}}