


{"id":43870,"date":"2020-09-15T14:00:40","date_gmt":"2020-09-15T12:00:40","guid":{"rendered":"https:\/\/www.tauroessiccatori.com\/?post_type=product&#038;p=43870\/"},"modified":"2023-02-18T10:29:42","modified_gmt":"2023-02-18T09:29:42","slug":"funghi-in-italia","status":"publish","type":"product","link":"https:\/\/stor51.tauroessiccatori.com\/hu\/p\/gombak-olaszorszagban\/","title":{"rendered":"Gomb\u00e1k Olaszorsz\u00e1gban"},"content":{"rendered":"<div class=\"tauro-banners\"><div class=\"banner-00\" style=\"background-color: #852035\">\r\n<div class=\"ix-xmas-box-other\" style=\"font-size: 18px;padding: 7px 0;margin: 0 auto 0px auto\" align=\"center\"><b style=\"color: #fff;font-size: 18px\">Helyezzen egy BIOSEC-et a fa al\u00e1. <a style=\"color: #f8cc89;font-weight: bold;text-decoration: none;font-size: 18px\" href=\"https:\/\/www.tauroessiccatori.com\/christmas-2024\/\">FEDEZZE MEG ITT<\/a> Kar\u00e1csonyi akci\u00f3k!<\/b><\/div>\r\n<\/div><div class=\"banner-00\" style=\"background-color: #000\">\r\n<div class=\"ix-xmas-box-other\" style=\"font-size: 18px;padding: 7px 0;margin: 0 auto 0px auto\" align=\"center\"><b style=\"color: #fff\"> Itt vannak a fekete p\u00e9nteki kedvezm\u00e9nyek! \u00a0 <a style=\"color: #f77209;font-weight: bold;text-decoration: none\" href=\"https:\/\/www.tauroessiccatori.com\/black-friday-2024\/\"> Kattints, hogy ne hagyd ki \u0151ket \u2192 <\/a>\r\n<\/b><\/div>\r\n<\/div><\/div><div>\n<p><strong>Le\u00edr\u00e1s:<\/strong><\/p>\n<p>Egy vadonat\u00faj gyakorlati \u00fatmutat\u00f3 a gomb\u00e1k megtal\u00e1l\u00e1s\u00e1hoz \u00e9s felismer\u00e9s\u00e9hez, amelyet Nicol\u00f2 Oppicelli k\u00e9sz\u00edtett, aki 20 \u00e9ve a gombafajok szerelmese \u00e9s kutat\u00f3ja.<\/p>\n<\/div>\n<div>\n<p><strong>Jellemz\u0151k:<\/strong><\/p>\n<ul>\n<li>\u00fatmutat\u00f3 a gomb\u00e1k keres\u00e9s\u00e9hez, felismer\u00e9s\u00e9hez \u00e9s jellemz\u0151ihez<\/li>\n<li>590 oldalnyi le\u00edr\u00e1s \u00e9s illusztr\u00e1ci\u00f3<\/li>\n<li>teljesen sz\u00ednes<\/li>\n<li>hol tal\u00e1ljuk meg, hogyan szedj\u00fck, t\u00e1roljuk \u00e9s k\u00e9sz\u00edts\u00fck el a f\u0151z\u00e9shez.<\/li>\n<li>t\u00f6rt\u00e9netek, anekdot\u00e1k, apr\u00f3s\u00e1gok \u00e9s tudom\u00e1nyos inform\u00e1ci\u00f3k<\/li>\n<\/ul>\n<\/div>\n<div>\n<p><strong>A csomag tartalma:<\/strong><\/p>\n<ul>\n<li>\u00fatik\u00f6nyv<\/li>\n<\/ul>\n<\/div>","protected":false},"excerpt":{"rendered":"<p>Metti un BIOSEC sotto l&#8217;Albero. SCOPRI QUI le promozioni di Natale! Gli sconti Black Friday sono qui! \u00a0 Clicca\u00a0per\u00a0non perderli \u2192 Descrizione: Una nuovissima guida pratica alla ricerca ed al riconoscimento dei funghi, creata da Nicol\u00f2 Oppicelli, che da 20 anni \u00e8 un appassionato ed uno studioso della specie micologica Caratteristiche: guida alla ricerca, al [&hellip;]<\/p>","protected":false},"featured_media":43877,"comment_status":"closed","ping_status":"closed","template":"","meta":[],"product_cat":[196],"product_tag":[],"class_list":["post-43870","product","type-product","status-publish","has-post-thumbnail","hentry","product_cat-libri"],"acf":[],"yoast_head":"<!-- This site is optimized with the Yoast SEO plugin v20.10 - https:\/\/yoast.com\/wordpress\/plugins\/seo\/ -->\n<title>Gente che Essicca - il ricettario Tauro dalla community Facebook!<\/title>\n<meta name=\"description\" content=\"Gente che Essicca, il ricettario: 75 ricette dal gruppo Facebook, trucchi per l&#039;essiccazione perfetta, curiosit\u00e0, approfondimenti, i consigli dello chef\" \/>\n<meta name=\"robots\" content=\"noindex, follow, max-snippet:-1, max-image-preview:large, max-video-preview:-1\" \/>\n<meta property=\"og:locale\" content=\"hu_HU\" \/>\n<meta property=\"og:type\" content=\"article\" \/>\n<meta property=\"og:title\" content=\"Gente che Essicca - il ricettario Tauro dalla community Facebook!\" \/>\n<meta property=\"og:description\" content=\"Gente che Essicca, il ricettario: 75 ricette dal gruppo Facebook, trucchi per l&#039;essiccazione perfetta, curiosit\u00e0, approfondimenti, i consigli dello chef\" \/>\n<meta property=\"og:url\" content=\"https:\/\/stor51.tauroessiccatori.com\/hu\/p\/gombak-olaszorszagban\/\" \/>\n<meta property=\"og:site_name\" content=\"Tauro Essiccatori\" \/>\n<meta property=\"article:publisher\" content=\"https:\/\/www.facebook.com\/TauroEssiccatori\/\" \/>\n<meta property=\"article:modified_time\" content=\"2023-02-18T09:29:42+00:00\" \/>\n<meta property=\"og:image\" content=\"https:\/\/stor51.tauroessiccatori.com\/wp-assets\/uploads\/2020\/09\/funghi-in-italia-elenco.jpg\" \/>\n\t<meta property=\"og:image:width\" content=\"2048\" \/>\n\t<meta property=\"og:image:height\" content=\"1266\" \/>\n\t<meta property=\"og:image:type\" content=\"image\/jpeg\" \/>\n<meta name=\"twitter:card\" content=\"summary_large_image\" \/>\n<script type=\"application\/ld+json\" class=\"yoast-schema-graph\">{\"@context\":\"https:\/\/schema.org\",\"@graph\":[{\"@type\":\"WebPage\",\"@id\":\"https:\/\/stor51.tauroessiccatori.com\/p\/funghi-in-italia\/\",\"url\":\"https:\/\/stor51.tauroessiccatori.com\/p\/funghi-in-italia\/\",\"name\":\"Gente che Essicca - il ricettario Tauro dalla community Facebook!\",\"isPartOf\":{\"@id\":\"https:\/\/stor51.tauroessiccatori.com\/#website\"},\"datePublished\":\"2020-09-15T12:00:40+00:00\",\"dateModified\":\"2023-02-18T09:29:42+00:00\",\"description\":\"Gente che Essicca, il ricettario: 75 ricette dal gruppo Facebook, trucchi per l'essiccazione perfetta, curiosit\u00e0, approfondimenti, i consigli dello chef\",\"breadcrumb\":{\"@id\":\"https:\/\/stor51.tauroessiccatori.com\/p\/funghi-in-italia\/#breadcrumb\"},\"inLanguage\":\"hu\",\"potentialAction\":[{\"@type\":\"ReadAction\",\"target\":[\"https:\/\/stor51.tauroessiccatori.com\/p\/funghi-in-italia\/\"]}]},{\"@type\":\"BreadcrumbList\",\"@id\":\"https:\/\/stor51.tauroessiccatori.com\/p\/funghi-in-italia\/#breadcrumb\",\"itemListElement\":[{\"@type\":\"ListItem\",\"position\":1,\"name\":\"Home\",\"item\":\"https:\/\/stor51.tauroessiccatori.com\/\"},{\"@type\":\"ListItem\",\"position\":2,\"name\":\"Shop\",\"item\":\"https:\/\/stor51.tauroessiccatori.com\/negozio\/\"},{\"@type\":\"ListItem\",\"position\":3,\"name\":\"Funghi in Italia\"}]},{\"@type\":\"WebSite\",\"@id\":\"https:\/\/stor51.tauroessiccatori.com\/#website\",\"url\":\"https:\/\/stor51.tauroessiccatori.com\/\",\"name\":\"Tauro Essiccatori\",\"description\":\"Welcome to Tauro Essiccatori online shop\",\"publisher\":{\"@id\":\"https:\/\/stor51.tauroessiccatori.com\/#organization\"},\"potentialAction\":[{\"@type\":\"SearchAction\",\"target\":{\"@type\":\"EntryPoint\",\"urlTemplate\":\"https:\/\/stor51.tauroessiccatori.com\/?s={search_term_string}\"},\"query-input\":\"required name=search_term_string\"}],\"inLanguage\":\"hu\"},{\"@type\":\"Organization\",\"@id\":\"https:\/\/stor51.tauroessiccatori.com\/#organization\",\"name\":\"Tauro Essiccatori\",\"url\":\"https:\/\/stor51.tauroessiccatori.com\/\",\"logo\":{\"@type\":\"ImageObject\",\"inLanguage\":\"hu\",\"@id\":\"https:\/\/stor51.tauroessiccatori.com\/#\/schema\/logo\/image\/\",\"url\":\"https:\/\/www.tauroessiccatori.com\/wp-assets\/uploads\/2017\/07\/logo_tauro_500x109px.png\",\"contentUrl\":\"https:\/\/www.tauroessiccatori.com\/wp-assets\/uploads\/2017\/07\/logo_tauro_500x109px.png\",\"width\":500,\"height\":109,\"caption\":\"Tauro Essiccatori\"},\"image\":{\"@id\":\"https:\/\/stor51.tauroessiccatori.com\/#\/schema\/logo\/image\/\"},\"sameAs\":[\"https:\/\/www.facebook.com\/TauroEssiccatori\/\",\"https:\/\/www.instagram.com\/tauro_essiccatori\/\",\"https:\/\/it.linkedin.com\/company\/tauro-essiccatori\",\"https:\/\/www.youtube.com\/user\/tauroessiccatori\"]}]}<\/script>\n<!-- \/ Yoast SEO plugin. -->","yoast_head_json":{"title":"Gente che Essicca - il ricettario Tauro dalla community Facebook!","description":"Gente che Essicca, il ricettario: 75 ricette dal gruppo Facebook, trucchi per l'essiccazione perfetta, curiosit\u00e0, approfondimenti, i consigli dello chef","robots":{"index":"noindex","follow":"follow","max-snippet":"max-snippet:-1","max-image-preview":"max-image-preview:large","max-video-preview":"max-video-preview:-1"},"og_locale":"hu_HU","og_type":"article","og_title":"Gente che Essicca - il ricettario Tauro dalla community Facebook!","og_description":"Gente che Essicca, il ricettario: 75 ricette dal gruppo Facebook, trucchi per l'essiccazione perfetta, curiosit\u00e0, approfondimenti, i consigli dello chef","og_url":"https:\/\/stor51.tauroessiccatori.com\/hu\/p\/gombak-olaszorszagban\/","og_site_name":"Tauro Essiccatori","article_publisher":"https:\/\/www.facebook.com\/TauroEssiccatori\/","article_modified_time":"2023-02-18T09:29:42+00:00","og_image":[{"width":2048,"height":1266,"url":"https:\/\/stor51.tauroessiccatori.com\/wp-assets\/uploads\/2020\/09\/funghi-in-italia-elenco.jpg","type":"image\/jpeg"}],"twitter_card":"summary_large_image","schema":{"@context":"https:\/\/schema.org","@graph":[{"@type":"WebPage","@id":"https:\/\/stor51.tauroessiccatori.com\/p\/funghi-in-italia\/","url":"https:\/\/stor51.tauroessiccatori.com\/p\/funghi-in-italia\/","name":"Gente che Essicca - il ricettario Tauro dalla community Facebook!","isPartOf":{"@id":"https:\/\/stor51.tauroessiccatori.com\/#website"},"datePublished":"2020-09-15T12:00:40+00:00","dateModified":"2023-02-18T09:29:42+00:00","description":"Gente che Essicca, il ricettario: 75 ricette dal gruppo Facebook, trucchi per l'essiccazione perfetta, curiosit\u00e0, approfondimenti, i consigli dello chef","breadcrumb":{"@id":"https:\/\/stor51.tauroessiccatori.com\/p\/funghi-in-italia\/#breadcrumb"},"inLanguage":"hu","potentialAction":[{"@type":"ReadAction","target":["https:\/\/stor51.tauroessiccatori.com\/p\/funghi-in-italia\/"]}]},{"@type":"BreadcrumbList","@id":"https:\/\/stor51.tauroessiccatori.com\/p\/funghi-in-italia\/#breadcrumb","itemListElement":[{"@type":"ListItem","position":1,"name":"Home","item":"https:\/\/stor51.tauroessiccatori.com\/"},{"@type":"ListItem","position":2,"name":"Shop","item":"https:\/\/stor51.tauroessiccatori.com\/negozio\/"},{"@type":"ListItem","position":3,"name":"Funghi in Italia"}]},{"@type":"WebSite","@id":"https:\/\/stor51.tauroessiccatori.com\/#website","url":"https:\/\/stor51.tauroessiccatori.com\/","name":"Tauro Essiccatori","description":"Welcome to Tauro Essiccatori online shop","publisher":{"@id":"https:\/\/stor51.tauroessiccatori.com\/#organization"},"potentialAction":[{"@type":"SearchAction","target":{"@type":"EntryPoint","urlTemplate":"https:\/\/stor51.tauroessiccatori.com\/?s={search_term_string}"},"query-input":"required name=search_term_string"}],"inLanguage":"hu"},{"@type":"Organization","@id":"https:\/\/stor51.tauroessiccatori.com\/#organization","name":"Tauro Essiccatori","url":"https:\/\/stor51.tauroessiccatori.com\/","logo":{"@type":"ImageObject","inLanguage":"hu","@id":"https:\/\/stor51.tauroessiccatori.com\/#\/schema\/logo\/image\/","url":"https:\/\/www.tauroessiccatori.com\/wp-assets\/uploads\/2017\/07\/logo_tauro_500x109px.png","contentUrl":"https:\/\/www.tauroessiccatori.com\/wp-assets\/uploads\/2017\/07\/logo_tauro_500x109px.png","width":500,"height":109,"caption":"Tauro Essiccatori"},"image":{"@id":"https:\/\/stor51.tauroessiccatori.com\/#\/schema\/logo\/image\/"},"sameAs":["https:\/\/www.facebook.com\/TauroEssiccatori\/","https:\/\/www.instagram.com\/tauro_essiccatori\/","https:\/\/it.linkedin.com\/company\/tauro-essiccatori","https:\/\/www.youtube.com\/user\/tauroessiccatori"]}]}},"_links":{"self":[{"href":"https:\/\/stor51.tauroessiccatori.com\/hu\/wp-json\/wp\/v2\/product\/43870"}],"collection":[{"href":"https:\/\/stor51.tauroessiccatori.com\/hu\/wp-json\/wp\/v2\/product"}],"about":[{"href":"https:\/\/stor51.tauroessiccatori.com\/hu\/wp-json\/wp\/v2\/types\/product"}],"replies":[{"embeddable":true,"href":"https:\/\/stor51.tauroessiccatori.com\/hu\/wp-json\/wp\/v2\/comments?post=43870"}],"wp:featuredmedia":[{"embeddable":true,"href":"https:\/\/stor51.tauroessiccatori.com\/hu\/wp-json\/wp\/v2\/media\/43877"}],"wp:attachment":[{"href":"https:\/\/stor51.tauroessiccatori.com\/hu\/wp-json\/wp\/v2\/media?parent=43870"}],"wp:term":[{"taxonomy":"product_cat","embeddable":true,"href":"https:\/\/stor51.tauroessiccatori.com\/hu\/wp-json\/wp\/v2\/product_cat?post=43870"},{"taxonomy":"product_tag","embeddable":true,"href":"https:\/\/stor51.tauroessiccatori.com\/hu\/wp-json\/wp\/v2\/product_tag?post=43870"}],"curies":[{"name":"wp","href":"https:\/\/api.w.org\/{rel}","templated":true}]}}