


{"id":37849,"date":"2020-07-27T12:40:55","date_gmt":"2020-07-27T10:40:55","guid":{"rendered":"https:\/\/www.tauroessiccatori.com\/?post_type=product&#038;p=37849\/"},"modified":"2023-11-07T11:51:25","modified_gmt":"2023-11-07T10:51:25","slug":"magic-vac-perfetta","status":"publish","type":"product","link":"https:\/\/stor51.tauroessiccatori.com\/hu\/p\/magic-vac-tokeletes\/","title":{"rendered":"Magic Vac Perfect t\u00f6k\u00e9letes"},"content":{"rendered":"<div class=\"tauro-banners\"><div class=\"banner-00\" style=\"background-color: #852035\">\r\n<div class=\"ix-xmas-box-other\" style=\"font-size: 18px;padding: 7px 0;margin: 0 auto 0px auto\" align=\"center\"><b style=\"color: #fff;font-size: 18px\">Helyezzen egy BIOSEC-et a fa al\u00e1. <a style=\"color: #f8cc89;font-weight: bold;text-decoration: none;font-size: 18px\" href=\"https:\/\/www.tauroessiccatori.com\/christmas-2024\/\">FEDEZZE MEG ITT<\/a> Kar\u00e1csonyi akci\u00f3k!<\/b><\/div>\r\n<\/div><div class=\"banner-00\" style=\"background-color: #000\">\r\n<div class=\"ix-xmas-box-other\" style=\"font-size: 18px;padding: 7px 0;margin: 0 auto 0px auto\" align=\"center\"><b style=\"color: #fff\"> Itt vannak a fekete p\u00e9nteki kedvezm\u00e9nyek! \u00a0 <a style=\"color: #f77209;font-weight: bold;text-decoration: none\" href=\"https:\/\/www.tauroessiccatori.com\/black-friday-2024\/\"> Kattints, hogy ne hagyd ki \u0151ket \u2192 <\/a>\r\n<\/b><\/div>\r\n<\/div><\/div><p><span style=\"font-weight: 400;\">LE\u00cdR\u00c1S:<\/span><\/p>\n<p><span style=\"font-weight: 400;\">A v\u00e1kuumos g\u00e9pek cs\u00facsmodellje, amely p\u00e1ratlan sokoldal\u00fas\u00e1got \u00e9s kiv\u00e1l\u00f3 teljes\u00edtm\u00e9nyt \u00f6tv\u00f6z. F\u0151 jellemz\u0151i a k\u00f6vetkez\u0151k:<\/span><\/p>\n<p>\u00daj digit\u00e1lis v\u00e1kuumm\u00e9r\u0151 Innovat\u00edv v\u00e1kuumszint el\u0151v\u00e1laszt\u00e1s. K\u00e9zi impulzusv\u00e1kuum funkci\u00f3 t\u00f6r\u00e9keny \u00e9s k\u00e9nyes \u00e9lelmiszerekhez. Professzion\u00e1lis teljes\u00edtm\u00e9ny a nagy teljes\u00edtm\u00e9ny\u0171 kett\u0151s szivatty\u00fanak k\u00f6sz\u00f6nhet\u0151en. K\u00f6nny\u0171 haszn\u00e1lat a Lock &amp; Unlock rendszerrel. Praktikus ablak a t\u00e1ska helyes helyzet\u00e9nek ellen\u0151rz\u00e9s\u00e9re. ActiSeal3D\" funkci\u00f3, amely automatikusan kiegyens\u00falyozza az egyes Magic Vac tasakok t\u00f6m\u00edt\u00e9s\u00e9t a lehet\u0151 legjobb m\u00f3don, elker\u00fclve ezzel az alul- vagy t\u00falt\u00f6m\u00edt\u00e9st. MARIN\u00c1CI\u00c1L\u00c1S\" funkci\u00f3val az \u00e9telek n\u00e9h\u00e1ny perc alatt p\u00e1colhat\u00f3k a Quadro Magic Vac tart\u00e1lyban. Kivehet\u0151, mosogat\u00f3g\u00e9pben moshat\u00f3 cseppt\u00e1lca. Megfelel az ErP energiafogyaszt\u00e1si ir\u00e1nyelvnek. \u00c9s m\u00e9g sok m\u00e1s...<\/p>\n<p>&nbsp;<\/p>\n<p><span style=\"font-weight: 400;\">M\u0170SZAKI JELLEMZ\u0150K:<\/span><\/p>\n<p>\u00daj digit\u00e1lis v\u00e1kuumm\u00e9r\u0151 Innovat\u00edv v\u00e1kuumszint el\u0151v\u00e1laszt\u00e1s<\/p>\n<p>K\u00e9zi impulzusv\u00e1kuum funkci\u00f3 t\u00f6r\u00e9keny \u00e9s k\u00e9nyes \u00e9lelmiszerekhez<\/p>\n<p>Professzion\u00e1lis teljes\u00edtm\u00e9ny a nagy teljes\u00edtm\u00e9ny\u0171 dupla szivatty\u00fanak k\u00f6sz\u00f6nhet\u0151en<\/p>\n<p>K\u00f6nny\u0171 haszn\u00e1lat a Lock &amp; Unlock rendszerrel<\/p>\n<p>Praktikus ablak a t\u00e1ska helyes helyzet\u00e9nek ellen\u0151rz\u00e9s\u00e9hez<\/p>\n<p>ActiSeal3D\" funkci\u00f3, amely automatikusan kiegyens\u00falyozza az egyes Magic Vac tasakok t\u00f6m\u00edt\u00e9s\u00e9t a lehet\u0151 legjobb m\u00f3don, elker\u00fclve ezzel az alul- vagy t\u00falt\u00f6m\u00edt\u00e9st.<\/p>\n<p>MARIN\u00c1CI\u00c1L\u00c1S\" funkci\u00f3 az \u00e9telek n\u00e9h\u00e1ny perc alatt t\u00f6rt\u00e9n\u0151 p\u00e1col\u00e1s\u00e1hoz a Quadro Magic Vac tart\u00e1lyban.<\/p>\n<p>Kivehet\u0151, mosogat\u00f3g\u00e9pben moshat\u00f3 csepegtet\u0151 t\u00e1lca<\/p>\n<p>Megfelel az ErP energiafogyaszt\u00e1si ir\u00e1nyelvnek<\/p>\n<p><span style=\"font-weight: 400;\">T\u00f6m\u00edt\u0151 r\u00fad: 30 cm<\/span><\/p>","protected":false},"excerpt":{"rendered":"<p>&nbsp;<\/p>\n<ul>\n<li>\u00daj digit\u00e1lis v\u00e1kuumm\u00e9r\u0151 Innovat\u00edv v\u00e1kuumszint el\u0151v\u00e1laszt\u00e1s<\/li>\n<li>K\u00e9zi impulzusv\u00e1kuum funkci\u00f3 t\u00f6r\u00e9keny \u00e9s k\u00e9nyes \u00e9lelmiszerekhez<\/li>\n<li>Professzion\u00e1lis teljes\u00edtm\u00e9ny a nagy teljes\u00edtm\u00e9ny\u0171 dupla szivatty\u00fanak k\u00f6sz\u00f6nhet\u0151en<\/li>\n<li>K\u00f6nny\u0171 haszn\u00e1lat a Lock &amp; Unlock rendszerrel<\/li>\n<li>Praktikus ablak a t\u00e1ska helyes helyzet\u00e9nek ellen\u0151rz\u00e9s\u00e9hez<\/li>\n<li>ActiSeal3D\" funkci\u00f3, amely automatikusan kiegyens\u00falyozza az egyes Magic Vac tasakok t\u00f6m\u00edt\u00e9s\u00e9t a lehet\u0151 legjobb m\u00f3don, elker\u00fclve ezzel az alul- vagy t\u00falt\u00f6m\u00edt\u00e9st.<\/li>\n<li>MARIN\u00c1CI\u00c1L\u00c1S\" funkci\u00f3 az \u00e9telek n\u00e9h\u00e1ny perc alatt t\u00f6rt\u00e9n\u0151 p\u00e1col\u00e1s\u00e1hoz a Quadro Magic Vac tart\u00e1lyban.<\/li>\n<li>Kivehet\u0151, mosogat\u00f3g\u00e9pben moshat\u00f3 csepegtet\u0151 t\u00e1lca<\/li>\n<li>Megfelel az ErP energiafogyaszt\u00e1si ir\u00e1nyelvnek<\/li>\n<li>T\u00f6m\u00edt\u0151 r\u00fad: 30 cm<\/li>\n<\/ul>","protected":false},"featured_media":37858,"comment_status":"closed","ping_status":"closed","template":"","meta":[],"product_cat":[276],"product_tag":[],"class_list":["post-37849","product","type-product","status-publish","has-post-thumbnail","hentry","product_cat-sottovuoto"],"acf":[],"yoast_head":"<!-- This site is optimized with the Yoast SEO plugin v20.10 - https:\/\/yoast.com\/wordpress\/plugins\/seo\/ -->\n<title>Magic Vac Perfetta - Tauro Essiccatori<\/title>\n<meta name=\"robots\" content=\"noindex, follow, max-snippet:-1, max-image-preview:large, max-video-preview:-1\" \/>\n<meta property=\"og:locale\" content=\"hu_HU\" \/>\n<meta property=\"og:type\" content=\"article\" \/>\n<meta property=\"og:title\" content=\"Magic Vac Perfetta - Tauro Essiccatori\" \/>\n<meta property=\"og:description\" content=\"&nbsp;   Nuovo Vuotometro Digitale\u00a0Innovativa preselezione del livello di vuoto  Funzione\u00a0vuoto manuale a pulsazioni\u00a0per cibi fragili e delicati  Prestazioni professionali\u00a0grazie alla potente doppia pompa  Facilit\u00e0 d&#039;uso con\u00a0Lock &amp; Unlock System  Pratico obl\u00f2 per verificare la corretta posizione del sacchetto  Funzione \u201cActiSeal3D\u201d che permette di bilanciare automaticamente nel miglior modo possibile la saldatura di ogni sacchetto Magic Vac, evitando cos\u00ec sigillature insufficienti o eccessive  Funzione \u201cMARINATING\u201d per marinare i cibi in pochi minuti nel Canister Quadro Magic Vac  Vaschetta ferma liquidi estraibile e lavabile in lavastoviglie  Conforme alla\u00a0Direttiva ErP\u00a0consumi di energia  Barra saldante: 30 cm\" \/>\n<meta property=\"og:url\" content=\"https:\/\/stor51.tauroessiccatori.com\/hu\/p\/magic-vac-tokeletes\/\" \/>\n<meta property=\"og:site_name\" content=\"Tauro Essiccatori\" \/>\n<meta property=\"article:publisher\" content=\"https:\/\/www.facebook.com\/TauroEssiccatori\/\" \/>\n<meta property=\"article:modified_time\" content=\"2023-11-07T10:51:25+00:00\" \/>\n<meta property=\"og:image\" content=\"https:\/\/stor51.tauroessiccatori.com\/wp-assets\/uploads\/2020\/07\/V252PK1-PERFETTA-CMYK-HR.jpg\" \/>\n\t<meta property=\"og:image:width\" content=\"2048\" \/>\n\t<meta property=\"og:image:height\" content=\"1266\" \/>\n\t<meta property=\"og:image:type\" content=\"image\/jpeg\" \/>\n<meta name=\"twitter:card\" content=\"summary_large_image\" \/>\n<meta name=\"twitter:label1\" content=\"Est. reading time\" \/>\n\t<meta name=\"twitter:data1\" content=\"1 perc\" \/>\n<script type=\"application\/ld+json\" class=\"yoast-schema-graph\">{\"@context\":\"https:\/\/schema.org\",\"@graph\":[{\"@type\":\"WebPage\",\"@id\":\"https:\/\/stor51.tauroessiccatori.com\/p\/magic-vac-perfetta\/\",\"url\":\"https:\/\/stor51.tauroessiccatori.com\/p\/magic-vac-perfetta\/\",\"name\":\"Magic Vac Perfetta - Tauro Essiccatori\",\"isPartOf\":{\"@id\":\"https:\/\/stor51.tauroessiccatori.com\/#website\"},\"datePublished\":\"2020-07-27T10:40:55+00:00\",\"dateModified\":\"2023-11-07T10:51:25+00:00\",\"breadcrumb\":{\"@id\":\"https:\/\/stor51.tauroessiccatori.com\/p\/magic-vac-perfetta\/#breadcrumb\"},\"inLanguage\":\"hu\",\"potentialAction\":[{\"@type\":\"ReadAction\",\"target\":[\"https:\/\/stor51.tauroessiccatori.com\/p\/magic-vac-perfetta\/\"]}]},{\"@type\":\"BreadcrumbList\",\"@id\":\"https:\/\/stor51.tauroessiccatori.com\/p\/magic-vac-perfetta\/#breadcrumb\",\"itemListElement\":[{\"@type\":\"ListItem\",\"position\":1,\"name\":\"Home\",\"item\":\"https:\/\/stor51.tauroessiccatori.com\/\"},{\"@type\":\"ListItem\",\"position\":2,\"name\":\"Shop\",\"item\":\"https:\/\/stor51.tauroessiccatori.com\/negozio\/\"},{\"@type\":\"ListItem\",\"position\":3,\"name\":\"Magic Vac Perfetta\"}]},{\"@type\":\"WebSite\",\"@id\":\"https:\/\/stor51.tauroessiccatori.com\/#website\",\"url\":\"https:\/\/stor51.tauroessiccatori.com\/\",\"name\":\"Tauro Essiccatori\",\"description\":\"Welcome to Tauro Essiccatori online shop\",\"publisher\":{\"@id\":\"https:\/\/stor51.tauroessiccatori.com\/#organization\"},\"potentialAction\":[{\"@type\":\"SearchAction\",\"target\":{\"@type\":\"EntryPoint\",\"urlTemplate\":\"https:\/\/stor51.tauroessiccatori.com\/?s={search_term_string}\"},\"query-input\":\"required name=search_term_string\"}],\"inLanguage\":\"hu\"},{\"@type\":\"Organization\",\"@id\":\"https:\/\/stor51.tauroessiccatori.com\/#organization\",\"name\":\"Tauro Essiccatori\",\"url\":\"https:\/\/stor51.tauroessiccatori.com\/\",\"logo\":{\"@type\":\"ImageObject\",\"inLanguage\":\"hu\",\"@id\":\"https:\/\/stor51.tauroessiccatori.com\/#\/schema\/logo\/image\/\",\"url\":\"https:\/\/www.tauroessiccatori.com\/wp-assets\/uploads\/2017\/07\/logo_tauro_500x109px.png\",\"contentUrl\":\"https:\/\/www.tauroessiccatori.com\/wp-assets\/uploads\/2017\/07\/logo_tauro_500x109px.png\",\"width\":500,\"height\":109,\"caption\":\"Tauro Essiccatori\"},\"image\":{\"@id\":\"https:\/\/stor51.tauroessiccatori.com\/#\/schema\/logo\/image\/\"},\"sameAs\":[\"https:\/\/www.facebook.com\/TauroEssiccatori\/\",\"https:\/\/www.instagram.com\/tauro_essiccatori\/\",\"https:\/\/it.linkedin.com\/company\/tauro-essiccatori\",\"https:\/\/www.youtube.com\/user\/tauroessiccatori\"]}]}<\/script>\n<!-- \/ Yoast SEO plugin. -->","yoast_head_json":{"title":"Magic Vac Perfetta - Tauro Essiccatori","robots":{"index":"noindex","follow":"follow","max-snippet":"max-snippet:-1","max-image-preview":"max-image-preview:large","max-video-preview":"max-video-preview:-1"},"og_locale":"hu_HU","og_type":"article","og_title":"Magic Vac Perfetta - Tauro Essiccatori","og_description":"&nbsp;   Nuovo Vuotometro Digitale\u00a0Innovativa preselezione del livello di vuoto  Funzione\u00a0vuoto manuale a pulsazioni\u00a0per cibi fragili e delicati  Prestazioni professionali\u00a0grazie alla potente doppia pompa  Facilit\u00e0 d'uso con\u00a0Lock &amp; Unlock System  Pratico obl\u00f2 per verificare la corretta posizione del sacchetto  Funzione \u201cActiSeal3D\u201d che permette di bilanciare automaticamente nel miglior modo possibile la saldatura di ogni sacchetto Magic Vac, evitando cos\u00ec sigillature insufficienti o eccessive  Funzione \u201cMARINATING\u201d per marinare i cibi in pochi minuti nel Canister Quadro Magic Vac  Vaschetta ferma liquidi estraibile e lavabile in lavastoviglie  Conforme alla\u00a0Direttiva ErP\u00a0consumi di energia  Barra saldante: 30 cm","og_url":"https:\/\/stor51.tauroessiccatori.com\/hu\/p\/magic-vac-tokeletes\/","og_site_name":"Tauro Essiccatori","article_publisher":"https:\/\/www.facebook.com\/TauroEssiccatori\/","article_modified_time":"2023-11-07T10:51:25+00:00","og_image":[{"width":2048,"height":1266,"url":"https:\/\/stor51.tauroessiccatori.com\/wp-assets\/uploads\/2020\/07\/V252PK1-PERFETTA-CMYK-HR.jpg","type":"image\/jpeg"}],"twitter_card":"summary_large_image","twitter_misc":{"Est. reading time":"1 perc"},"schema":{"@context":"https:\/\/schema.org","@graph":[{"@type":"WebPage","@id":"https:\/\/stor51.tauroessiccatori.com\/p\/magic-vac-perfetta\/","url":"https:\/\/stor51.tauroessiccatori.com\/p\/magic-vac-perfetta\/","name":"Magic Vac Perfetta - Tauro Essiccatori","isPartOf":{"@id":"https:\/\/stor51.tauroessiccatori.com\/#website"},"datePublished":"2020-07-27T10:40:55+00:00","dateModified":"2023-11-07T10:51:25+00:00","breadcrumb":{"@id":"https:\/\/stor51.tauroessiccatori.com\/p\/magic-vac-perfetta\/#breadcrumb"},"inLanguage":"hu","potentialAction":[{"@type":"ReadAction","target":["https:\/\/stor51.tauroessiccatori.com\/p\/magic-vac-perfetta\/"]}]},{"@type":"BreadcrumbList","@id":"https:\/\/stor51.tauroessiccatori.com\/p\/magic-vac-perfetta\/#breadcrumb","itemListElement":[{"@type":"ListItem","position":1,"name":"Home","item":"https:\/\/stor51.tauroessiccatori.com\/"},{"@type":"ListItem","position":2,"name":"Shop","item":"https:\/\/stor51.tauroessiccatori.com\/negozio\/"},{"@type":"ListItem","position":3,"name":"Magic Vac Perfetta"}]},{"@type":"WebSite","@id":"https:\/\/stor51.tauroessiccatori.com\/#website","url":"https:\/\/stor51.tauroessiccatori.com\/","name":"Tauro Essiccatori","description":"Welcome to Tauro Essiccatori online shop","publisher":{"@id":"https:\/\/stor51.tauroessiccatori.com\/#organization"},"potentialAction":[{"@type":"SearchAction","target":{"@type":"EntryPoint","urlTemplate":"https:\/\/stor51.tauroessiccatori.com\/?s={search_term_string}"},"query-input":"required name=search_term_string"}],"inLanguage":"hu"},{"@type":"Organization","@id":"https:\/\/stor51.tauroessiccatori.com\/#organization","name":"Tauro Essiccatori","url":"https:\/\/stor51.tauroessiccatori.com\/","logo":{"@type":"ImageObject","inLanguage":"hu","@id":"https:\/\/stor51.tauroessiccatori.com\/#\/schema\/logo\/image\/","url":"https:\/\/www.tauroessiccatori.com\/wp-assets\/uploads\/2017\/07\/logo_tauro_500x109px.png","contentUrl":"https:\/\/www.tauroessiccatori.com\/wp-assets\/uploads\/2017\/07\/logo_tauro_500x109px.png","width":500,"height":109,"caption":"Tauro Essiccatori"},"image":{"@id":"https:\/\/stor51.tauroessiccatori.com\/#\/schema\/logo\/image\/"},"sameAs":["https:\/\/www.facebook.com\/TauroEssiccatori\/","https:\/\/www.instagram.com\/tauro_essiccatori\/","https:\/\/it.linkedin.com\/company\/tauro-essiccatori","https:\/\/www.youtube.com\/user\/tauroessiccatori"]}]}},"_links":{"self":[{"href":"https:\/\/stor51.tauroessiccatori.com\/hu\/wp-json\/wp\/v2\/product\/37849"}],"collection":[{"href":"https:\/\/stor51.tauroessiccatori.com\/hu\/wp-json\/wp\/v2\/product"}],"about":[{"href":"https:\/\/stor51.tauroessiccatori.com\/hu\/wp-json\/wp\/v2\/types\/product"}],"replies":[{"embeddable":true,"href":"https:\/\/stor51.tauroessiccatori.com\/hu\/wp-json\/wp\/v2\/comments?post=37849"}],"wp:featuredmedia":[{"embeddable":true,"href":"https:\/\/stor51.tauroessiccatori.com\/hu\/wp-json\/wp\/v2\/media\/37858"}],"wp:attachment":[{"href":"https:\/\/stor51.tauroessiccatori.com\/hu\/wp-json\/wp\/v2\/media?parent=37849"}],"wp:term":[{"taxonomy":"product_cat","embeddable":true,"href":"https:\/\/stor51.tauroessiccatori.com\/hu\/wp-json\/wp\/v2\/product_cat?post=37849"},{"taxonomy":"product_tag","embeddable":true,"href":"https:\/\/stor51.tauroessiccatori.com\/hu\/wp-json\/wp\/v2\/product_tag?post=37849"}],"curies":[{"name":"wp","href":"https:\/\/api.w.org\/{rel}","templated":true}]}}