


{"id":2599,"date":"2018-11-16T10:18:36","date_gmt":"2018-11-16T09:18:36","guid":{"rendered":"https:\/\/store.tauroessiccatori.com\/?post_type=product&#038;p=2599\/"},"modified":"2023-02-18T10:31:46","modified_gmt":"2023-02-18T09:31:46","slug":"gente-che-essicca","status":"publish","type":"product","link":"https:\/\/stor51.tauroessiccatori.com\/hu\/p\/people-who-dessiccate\/","title":{"rendered":"Emberek sz\u00e1r\u00edt\u00e1sa"},"content":{"rendered":"<div class=\"tauro-banners\"><div class=\"banner-00\" style=\"background-color: #852035\">\r\n<div class=\"ix-xmas-box-other\" style=\"font-size: 18px;padding: 7px 0;margin: 0 auto 0px auto\" align=\"center\"><b style=\"color: #fff;font-size: 18px\">Helyezzen egy BIOSEC-et a fa al\u00e1. <a style=\"color: #f8cc89;font-weight: bold;text-decoration: none;font-size: 18px\" href=\"https:\/\/www.tauroessiccatori.com\/christmas-2024\/\">FEDEZZE MEG ITT<\/a> Kar\u00e1csonyi akci\u00f3k!<\/b><\/div>\r\n<\/div><div class=\"banner-00\" style=\"background-color: #000\">\r\n<div class=\"ix-xmas-box-other\" style=\"font-size: 18px;padding: 7px 0;margin: 0 auto 0px auto\" align=\"center\"><b style=\"color: #fff\"> Itt vannak a fekete p\u00e9nteki kedvezm\u00e9nyek! \u00a0 <a style=\"color: #f77209;font-weight: bold;text-decoration: none\" href=\"https:\/\/www.tauroessiccatori.com\/black-friday-2024\/\"> Kattints, hogy ne hagyd ki \u0151ket \u2192 <\/a>\r\n<\/b><\/div>\r\n<\/div><\/div><div>\n<p><strong>Le\u00edr\u00e1s:<\/strong><\/p>\n<p>A vadonat\u00faj szak\u00e1csk\u00f6nyv, amely k\u00f6zvetlen\u00fcl az internet legcsod\u00e1latosabb k\u00f6z\u00f6ss\u00e9g\u00e9b\u0151l sz\u00fcletett!<br \/>\nLegyen leny\u0171g\u00f6zve, hogy mire k\u00e9pes egy sz\u00e1r\u00edt\u00f3 (\u00e9s soha nem is gondolta volna). Nyissa ki \u00e9s alkosson!<\/p>\n<\/div>\n<p><strong>A sz\u00e1ll\u00edt\u00e1si k\u00f6lts\u00e9get t\u00f6r\u00f6lj\u00fck, ha ezt a k\u00f6nyvet m\u00e1s e-kereskedelmi term\u00e9kkel egy\u00fctt v\u00e1s\u00e1rolja meg!<\/strong><\/p>\n<div><strong>Jellemz\u0151k:<\/strong><\/p>\n<ul>\n<li>sz\u00e1r\u00edt\u00e1si \u00fatmutat\u00f3<\/li>\n<li>75 recept \u00e9s 240 oldal<\/li>\n<li>teljesen sz\u00ednes<\/li>\n<li>a sz\u00e1r\u00edt\u00e1s t\u00f6rt\u00e9nete \u00e9s m\u00f3dszere, hogy mindenkit v\u00e9gigvezessen a technika felfedez\u00e9s\u00e9n.<\/li>\n<li>\u00e9rdekess\u00e9gek \u00e9s felismer\u00e9sek<\/li>\n<li>a tud\u00f3s pirul\u00e1i (Livio Zanon Santon)<\/li>\n<li>Paolo Dalicandro s\u00e9f \u00f6tletei \u00e9s technik\u00e1i<\/li>\n<\/ul>\n<\/div>\n<div><strong>A csomag tartalma:<\/strong><\/p>\n<ul>\n<li>szak\u00e1csk\u00f6nyv<\/li>\n<\/ul>\n<\/div>","protected":false},"excerpt":{"rendered":"<p>Metti un BIOSEC sotto l&#8217;Albero. SCOPRI QUI le promozioni di Natale! Gli sconti Black Friday sono qui! \u00a0 Clicca\u00a0per\u00a0non perderli \u2192 Descrizione: Il nuovissimo ricettario, nato direttamente dalla community pi\u00f9 sorprendente del web! Lasciati stupire da quello che un essiccatore pu\u00f2 fare (e non avresti mai immaginato). Apri e crea! Le spese di spedizione si [&hellip;]<\/p>","protected":false},"featured_media":2732,"comment_status":"closed","ping_status":"closed","template":"","meta":[],"product_cat":[196],"product_tag":[],"class_list":["post-2599","product","type-product","status-publish","has-post-thumbnail","hentry","product_cat-libri"],"acf":[],"yoast_head":"<!-- This site is optimized with the Yoast SEO plugin v20.10 - https:\/\/yoast.com\/wordpress\/plugins\/seo\/ -->\n<title>Gente che Essicca - il ricettario Tauro dalla community Facebook!<\/title>\n<meta name=\"description\" content=\"Gente che Essicca, il ricettario: 75 ricette dal gruppo Facebook, trucchi per l&#039;essiccazione perfetta, curiosit\u00e0, approfondimenti, i consigli dello chef\" \/>\n<meta name=\"robots\" content=\"noindex, follow, max-snippet:-1, max-image-preview:large, max-video-preview:-1\" \/>\n<meta property=\"og:locale\" content=\"hu_HU\" \/>\n<meta property=\"og:type\" content=\"article\" \/>\n<meta property=\"og:title\" content=\"Gente che Essicca - il ricettario Tauro dalla community Facebook!\" \/>\n<meta property=\"og:description\" content=\"Gente che Essicca, il ricettario: 75 ricette dal gruppo Facebook, trucchi per l&#039;essiccazione perfetta, curiosit\u00e0, approfondimenti, i consigli dello chef\" \/>\n<meta property=\"og:url\" content=\"https:\/\/stor51.tauroessiccatori.com\/hu\/p\/people-who-dessiccate\/\" \/>\n<meta property=\"og:site_name\" content=\"Tauro Essiccatori\" \/>\n<meta property=\"article:publisher\" content=\"https:\/\/www.facebook.com\/TauroEssiccatori\/\" \/>\n<meta property=\"article:modified_time\" content=\"2023-02-18T09:31:46+00:00\" \/>\n<meta property=\"og:image\" content=\"https:\/\/stor51.tauroessiccatori.com\/wp-assets\/uploads\/2018\/11\/MAX2049-sRGB-Web-copia.jpg\" \/>\n\t<meta property=\"og:image:width\" content=\"2048\" \/>\n\t<meta property=\"og:image:height\" content=\"1266\" \/>\n\t<meta property=\"og:image:type\" content=\"image\/jpeg\" \/>\n<meta name=\"twitter:card\" content=\"summary_large_image\" \/>\n<script type=\"application\/ld+json\" class=\"yoast-schema-graph\">{\"@context\":\"https:\/\/schema.org\",\"@graph\":[{\"@type\":\"WebPage\",\"@id\":\"https:\/\/stor51.tauroessiccatori.com\/p\/gente-che-essicca\/\",\"url\":\"https:\/\/stor51.tauroessiccatori.com\/p\/gente-che-essicca\/\",\"name\":\"Gente che Essicca - il ricettario Tauro dalla community Facebook!\",\"isPartOf\":{\"@id\":\"https:\/\/stor51.tauroessiccatori.com\/#website\"},\"datePublished\":\"2018-11-16T09:18:36+00:00\",\"dateModified\":\"2023-02-18T09:31:46+00:00\",\"description\":\"Gente che Essicca, il ricettario: 75 ricette dal gruppo Facebook, trucchi per l'essiccazione perfetta, curiosit\u00e0, approfondimenti, i consigli dello chef\",\"breadcrumb\":{\"@id\":\"https:\/\/stor51.tauroessiccatori.com\/p\/gente-che-essicca\/#breadcrumb\"},\"inLanguage\":\"hu\",\"potentialAction\":[{\"@type\":\"ReadAction\",\"target\":[\"https:\/\/stor51.tauroessiccatori.com\/p\/gente-che-essicca\/\"]}]},{\"@type\":\"BreadcrumbList\",\"@id\":\"https:\/\/stor51.tauroessiccatori.com\/p\/gente-che-essicca\/#breadcrumb\",\"itemListElement\":[{\"@type\":\"ListItem\",\"position\":1,\"name\":\"Home\",\"item\":\"https:\/\/stor51.tauroessiccatori.com\/\"},{\"@type\":\"ListItem\",\"position\":2,\"name\":\"Shop\",\"item\":\"https:\/\/stor51.tauroessiccatori.com\/negozio\/\"},{\"@type\":\"ListItem\",\"position\":3,\"name\":\"Gente che Essicca\"}]},{\"@type\":\"WebSite\",\"@id\":\"https:\/\/stor51.tauroessiccatori.com\/#website\",\"url\":\"https:\/\/stor51.tauroessiccatori.com\/\",\"name\":\"Tauro Essiccatori\",\"description\":\"Welcome to Tauro Essiccatori online shop\",\"publisher\":{\"@id\":\"https:\/\/stor51.tauroessiccatori.com\/#organization\"},\"potentialAction\":[{\"@type\":\"SearchAction\",\"target\":{\"@type\":\"EntryPoint\",\"urlTemplate\":\"https:\/\/stor51.tauroessiccatori.com\/?s={search_term_string}\"},\"query-input\":\"required name=search_term_string\"}],\"inLanguage\":\"hu\"},{\"@type\":\"Organization\",\"@id\":\"https:\/\/stor51.tauroessiccatori.com\/#organization\",\"name\":\"Tauro Essiccatori\",\"url\":\"https:\/\/stor51.tauroessiccatori.com\/\",\"logo\":{\"@type\":\"ImageObject\",\"inLanguage\":\"hu\",\"@id\":\"https:\/\/stor51.tauroessiccatori.com\/#\/schema\/logo\/image\/\",\"url\":\"https:\/\/www.tauroessiccatori.com\/wp-assets\/uploads\/2017\/07\/logo_tauro_500x109px.png\",\"contentUrl\":\"https:\/\/www.tauroessiccatori.com\/wp-assets\/uploads\/2017\/07\/logo_tauro_500x109px.png\",\"width\":500,\"height\":109,\"caption\":\"Tauro Essiccatori\"},\"image\":{\"@id\":\"https:\/\/stor51.tauroessiccatori.com\/#\/schema\/logo\/image\/\"},\"sameAs\":[\"https:\/\/www.facebook.com\/TauroEssiccatori\/\",\"https:\/\/www.instagram.com\/tauro_essiccatori\/\",\"https:\/\/it.linkedin.com\/company\/tauro-essiccatori\",\"https:\/\/www.youtube.com\/user\/tauroessiccatori\"]}]}<\/script>\n<!-- \/ Yoast SEO plugin. -->","yoast_head_json":{"title":"Gente che Essicca - il ricettario Tauro dalla community Facebook!","description":"Gente che Essicca, il ricettario: 75 ricette dal gruppo Facebook, trucchi per l'essiccazione perfetta, curiosit\u00e0, approfondimenti, i consigli dello chef","robots":{"index":"noindex","follow":"follow","max-snippet":"max-snippet:-1","max-image-preview":"max-image-preview:large","max-video-preview":"max-video-preview:-1"},"og_locale":"hu_HU","og_type":"article","og_title":"Gente che Essicca - il ricettario Tauro dalla community Facebook!","og_description":"Gente che Essicca, il ricettario: 75 ricette dal gruppo Facebook, trucchi per l'essiccazione perfetta, curiosit\u00e0, approfondimenti, i consigli dello chef","og_url":"https:\/\/stor51.tauroessiccatori.com\/hu\/p\/people-who-dessiccate\/","og_site_name":"Tauro Essiccatori","article_publisher":"https:\/\/www.facebook.com\/TauroEssiccatori\/","article_modified_time":"2023-02-18T09:31:46+00:00","og_image":[{"width":2048,"height":1266,"url":"https:\/\/stor51.tauroessiccatori.com\/wp-assets\/uploads\/2018\/11\/MAX2049-sRGB-Web-copia.jpg","type":"image\/jpeg"}],"twitter_card":"summary_large_image","schema":{"@context":"https:\/\/schema.org","@graph":[{"@type":"WebPage","@id":"https:\/\/stor51.tauroessiccatori.com\/p\/gente-che-essicca\/","url":"https:\/\/stor51.tauroessiccatori.com\/p\/gente-che-essicca\/","name":"Gente che Essicca - il ricettario Tauro dalla community Facebook!","isPartOf":{"@id":"https:\/\/stor51.tauroessiccatori.com\/#website"},"datePublished":"2018-11-16T09:18:36+00:00","dateModified":"2023-02-18T09:31:46+00:00","description":"Gente che Essicca, il ricettario: 75 ricette dal gruppo Facebook, trucchi per l'essiccazione perfetta, curiosit\u00e0, approfondimenti, i consigli dello chef","breadcrumb":{"@id":"https:\/\/stor51.tauroessiccatori.com\/p\/gente-che-essicca\/#breadcrumb"},"inLanguage":"hu","potentialAction":[{"@type":"ReadAction","target":["https:\/\/stor51.tauroessiccatori.com\/p\/gente-che-essicca\/"]}]},{"@type":"BreadcrumbList","@id":"https:\/\/stor51.tauroessiccatori.com\/p\/gente-che-essicca\/#breadcrumb","itemListElement":[{"@type":"ListItem","position":1,"name":"Home","item":"https:\/\/stor51.tauroessiccatori.com\/"},{"@type":"ListItem","position":2,"name":"Shop","item":"https:\/\/stor51.tauroessiccatori.com\/negozio\/"},{"@type":"ListItem","position":3,"name":"Gente che Essicca"}]},{"@type":"WebSite","@id":"https:\/\/stor51.tauroessiccatori.com\/#website","url":"https:\/\/stor51.tauroessiccatori.com\/","name":"Tauro Essiccatori","description":"Welcome to Tauro Essiccatori online shop","publisher":{"@id":"https:\/\/stor51.tauroessiccatori.com\/#organization"},"potentialAction":[{"@type":"SearchAction","target":{"@type":"EntryPoint","urlTemplate":"https:\/\/stor51.tauroessiccatori.com\/?s={search_term_string}"},"query-input":"required name=search_term_string"}],"inLanguage":"hu"},{"@type":"Organization","@id":"https:\/\/stor51.tauroessiccatori.com\/#organization","name":"Tauro Essiccatori","url":"https:\/\/stor51.tauroessiccatori.com\/","logo":{"@type":"ImageObject","inLanguage":"hu","@id":"https:\/\/stor51.tauroessiccatori.com\/#\/schema\/logo\/image\/","url":"https:\/\/www.tauroessiccatori.com\/wp-assets\/uploads\/2017\/07\/logo_tauro_500x109px.png","contentUrl":"https:\/\/www.tauroessiccatori.com\/wp-assets\/uploads\/2017\/07\/logo_tauro_500x109px.png","width":500,"height":109,"caption":"Tauro Essiccatori"},"image":{"@id":"https:\/\/stor51.tauroessiccatori.com\/#\/schema\/logo\/image\/"},"sameAs":["https:\/\/www.facebook.com\/TauroEssiccatori\/","https:\/\/www.instagram.com\/tauro_essiccatori\/","https:\/\/it.linkedin.com\/company\/tauro-essiccatori","https:\/\/www.youtube.com\/user\/tauroessiccatori"]}]}},"_links":{"self":[{"href":"https:\/\/stor51.tauroessiccatori.com\/hu\/wp-json\/wp\/v2\/product\/2599"}],"collection":[{"href":"https:\/\/stor51.tauroessiccatori.com\/hu\/wp-json\/wp\/v2\/product"}],"about":[{"href":"https:\/\/stor51.tauroessiccatori.com\/hu\/wp-json\/wp\/v2\/types\/product"}],"replies":[{"embeddable":true,"href":"https:\/\/stor51.tauroessiccatori.com\/hu\/wp-json\/wp\/v2\/comments?post=2599"}],"wp:featuredmedia":[{"embeddable":true,"href":"https:\/\/stor51.tauroessiccatori.com\/hu\/wp-json\/wp\/v2\/media\/2732"}],"wp:attachment":[{"href":"https:\/\/stor51.tauroessiccatori.com\/hu\/wp-json\/wp\/v2\/media?parent=2599"}],"wp:term":[{"taxonomy":"product_cat","embeddable":true,"href":"https:\/\/stor51.tauroessiccatori.com\/hu\/wp-json\/wp\/v2\/product_cat?post=2599"},{"taxonomy":"product_tag","embeddable":true,"href":"https:\/\/stor51.tauroessiccatori.com\/hu\/wp-json\/wp\/v2\/product_tag?post=2599"}],"curies":[{"name":"wp","href":"https:\/\/api.w.org\/{rel}","templated":true}]}}