


{"id":1932,"date":"2018-03-30T10:58:00","date_gmt":"2018-03-30T08:58:00","guid":{"rendered":"http:\/\/store.tauroessiccatori.com\/?post_type=product&#038;p=1932\/"},"modified":"2023-08-22T10:12:44","modified_gmt":"2023-08-22T08:12:44","slug":"drysilk-net-6-retine","status":"publish","type":"product","link":"https:\/\/stor51.tauroessiccatori.com\/hu\/p\/drysilk-net-6-retine\/","title":{"rendered":"DrySilk Net - 6 h\u00e1l\u00f3"},"content":{"rendered":"<div class=\"tauro-banners\"><div class=\"banner-00\" style=\"background-color: #852035\">\r\n<div class=\"ix-xmas-box-other\" style=\"font-size: 18px;padding: 7px 0;margin: 0 auto 0px auto\" align=\"center\"><b style=\"color: #fff;font-size: 18px\">Helyezzen egy BIOSEC-et a fa al\u00e1. <a style=\"color: #f8cc89;font-weight: bold;text-decoration: none;font-size: 18px\" href=\"https:\/\/www.tauroessiccatori.com\/christmas-2024\/\">FEDEZZE MEG ITT<\/a> Kar\u00e1csonyi akci\u00f3k!<\/b><\/div>\r\n<\/div><div class=\"banner-00\" style=\"background-color: #000\">\r\n<div class=\"ix-xmas-box-other\" style=\"font-size: 18px;padding: 7px 0;margin: 0 auto 0px auto\" align=\"center\"><b style=\"color: #fff\"> Itt vannak a fekete p\u00e9nteki kedvezm\u00e9nyek! \u00a0 <a style=\"color: #f77209;font-weight: bold;text-decoration: none\" href=\"https:\/\/www.tauroessiccatori.com\/black-friday-2024\/\"> Kattints, hogy ne hagyd ki \u0151ket \u2192 <\/a>\r\n<\/b><\/div>\r\n<\/div><\/div><div><strong>Le\u00edr\u00e1s:<\/strong>A DrySilk Net egy innovat\u00edv, t\u00f6bbc\u00e9l\u00fa, tapad\u00e1smentes h\u00e1l\u00f3rendszer, amelyet \u00fagy terveztek, hogy minden egyes Biosec eset\u00e9ben maxim\u00e1lis teljes\u00edtm\u00e9nyt ny\u00fajtson.<br \/>\nA DrySilk Net t\u00f6k\u00e9letesen alkalmas apr\u00f3 \u00e9lelmiszerek, p\u00e9ld\u00e1ul vir\u00e1gok, gy\u00f3gyn\u00f6v\u00e9nyek \u00e9s vir\u00e1gpor sz\u00e1r\u00edt\u00e1s\u00e1ra, vagy v\u00e9kony \u00e9s k\u00fcl\u00f6n\u00f6sen ragad\u00f3s \u00e9lelmiszerek, p\u00e9ld\u00e1ul eper \u00e9s ban\u00e1n sz\u00e1r\u00edt\u00e1s\u00e1ra.<br \/>\nKer\u00fclje a vizes \u00e9s csepeg\u0151 term\u00e9kekkel val\u00f3 haszn\u00e1latot.<br \/>\nK\u00e9t h\u00e1l\u00f3 egym\u00e1sra helyezhet\u0151, \u00edgy megdupl\u00e1zhat\u00f3 a sz\u00e1r\u00edt\u00f3 nedvsz\u00edv\u00f3 fel\u00fclete.<br \/>\nELS\u0150 HASZN\u00c1LAT EL\u0150TT MOSSA KI.<\/p>\n<\/div>\n<div><strong>M\u0171szaki jellemz\u0151k:<\/strong><\/p>\n<ul>\n<li>\u00a0\u00e9lelmiszerrel val\u00f3 \u00e9rintkez\u00e9shez enged\u00e9lyezett m\u0171anyagb\u00f3l k\u00e9sz\u00fclt<\/li>\n<li>\u00a0ezerszer \u00fajrafelhaszn\u00e1lhat\u00f3<\/li>\n<li>\u00a0BPA- \u00e9s ftal\u00e1tmentes<\/li>\n<li>\u00a0nett\u00f3 m\u00e9retek 228\u00d7346 mm - vastags\u00e1g 2 mm<\/li>\n<li>\u00a0lyukm\u00e9ret 2,5 x 2,5 mm<\/li>\n<li>\u00a0100\u00b0-ig ellen\u00e1ll\u00f3 - ne haszn\u00e1lja s\u00fct\u0151ben<\/li>\n<li>\u00a0alacsony h\u0151m\u00e9rs\u00e9kleten 0\u00b0-ig haszn\u00e1lhat\u00f3<\/li>\n<li>\u00a0kompatibilis az \u00f6sszes Biosec term\u00e9kkel<\/li>\n<li>\u00a0a mosogat\u00f3g\u00e9p fels\u0151 kosar\u00e1ban tiszt\u00edtja a mosogat\u00f3g\u00e9pet.<\/li>\n<\/ul>\n<\/div>\n<div><strong>A csomag tartalma:<\/strong><\/p>\n<div>\n<ul>\n<li>\u00a06 retine DrySilk Net<\/li>\n<\/ul>\n<\/div>\n<\/div>\n<p><i>*a kosarak csak magyar\u00e1z\u00f3 c\u00e9lt szolg\u00e1lnak, \u00e9s nem k\u00e9pezik a csomag r\u00e9sz\u00e9t.<\/i><\/p>","protected":false},"excerpt":{"rendered":"<p>&#8211; realizzata in plastica certificata per il contatto con alimenti<br \/>\n&#8211; riutilizzabile migliaia di volte<br \/>\n&#8211; senza BPA n\u00e9 ftalati<br \/>\n&#8211; dimensioni dei fori 2,5 x 2,5 mm<br \/>\n&#8211; resiste fino a 100\u00b0 &#8211; non utilizzare in forno<br \/>\n&#8211; utilizzabile alle basse temperature fino a 0\u00b0<br \/>\n&#8211; compatibile con tutti i Biosec<br \/>\n&#8211; si pulisce nel cestello superiore della lavastoviglie<\/p>","protected":false},"featured_media":1928,"comment_status":"closed","ping_status":"closed","template":"","meta":[],"product_cat":[258],"product_tag":[],"class_list":["post-1932","product","type-product","status-publish","has-post-thumbnail","hentry","product_cat-antiaderenti"],"acf":[],"yoast_head":"<!-- This site is optimized with the Yoast SEO plugin v20.10 - https:\/\/yoast.com\/wordpress\/plugins\/seo\/ -->\n<title>DrySilk Net Retine Antiaderenti - confezione da 6 - Tauro Essiccatori<\/title>\n<meta name=\"description\" content=\"DrySilk Net Retine Antiaderenti - confezione da 6 retine antiaderenti. Impilabili, per raddoppiare la capienza del tuo essiccatore, antiaderenza massima.\" \/>\n<meta name=\"robots\" content=\"noindex, follow, max-snippet:-1, max-image-preview:large, max-video-preview:-1\" \/>\n<meta property=\"og:locale\" content=\"hu_HU\" \/>\n<meta property=\"og:type\" content=\"article\" \/>\n<meta property=\"og:title\" content=\"DrySilk Net Retine Antiaderenti - confezione da 6 - Tauro Essiccatori\" \/>\n<meta property=\"og:description\" content=\"DrySilk Net Retine Antiaderenti - confezione da 6 retine antiaderenti. Impilabili, per raddoppiare la capienza del tuo essiccatore, antiaderenza massima.\" \/>\n<meta property=\"og:url\" content=\"https:\/\/stor51.tauroessiccatori.com\/hu\/p\/drysilk-net-6-retine\/\" \/>\n<meta property=\"og:site_name\" content=\"Tauro Essiccatori\" \/>\n<meta property=\"article:publisher\" content=\"https:\/\/www.facebook.com\/TauroEssiccatori\/\" \/>\n<meta property=\"article:modified_time\" content=\"2023-08-22T08:12:44+00:00\" \/>\n<meta property=\"og:image\" content=\"https:\/\/stor51.tauroessiccatori.com\/wp-assets\/uploads\/2018\/03\/DrySilkNet.jpg\" \/>\n\t<meta property=\"og:image:width\" content=\"1210\" \/>\n\t<meta property=\"og:image:height\" content=\"750\" \/>\n\t<meta property=\"og:image:type\" content=\"image\/jpeg\" \/>\n<meta name=\"twitter:card\" content=\"summary_large_image\" \/>\n<meta name=\"twitter:label1\" content=\"Est. reading time\" \/>\n\t<meta name=\"twitter:data1\" content=\"1 perc\" \/>\n<script type=\"application\/ld+json\" class=\"yoast-schema-graph\">{\"@context\":\"https:\/\/schema.org\",\"@graph\":[{\"@type\":\"WebPage\",\"@id\":\"https:\/\/stor51.tauroessiccatori.com\/p\/drysilk-net-6-retine\/\",\"url\":\"https:\/\/stor51.tauroessiccatori.com\/p\/drysilk-net-6-retine\/\",\"name\":\"DrySilk Net Retine Antiaderenti - confezione da 6 - Tauro Essiccatori\",\"isPartOf\":{\"@id\":\"https:\/\/stor51.tauroessiccatori.com\/#website\"},\"datePublished\":\"2018-03-30T08:58:00+00:00\",\"dateModified\":\"2023-08-22T08:12:44+00:00\",\"description\":\"DrySilk Net Retine Antiaderenti - confezione da 6 retine antiaderenti. Impilabili, per raddoppiare la capienza del tuo essiccatore, antiaderenza massima.\",\"breadcrumb\":{\"@id\":\"https:\/\/stor51.tauroessiccatori.com\/p\/drysilk-net-6-retine\/#breadcrumb\"},\"inLanguage\":\"hu\",\"potentialAction\":[{\"@type\":\"ReadAction\",\"target\":[\"https:\/\/stor51.tauroessiccatori.com\/p\/drysilk-net-6-retine\/\"]}]},{\"@type\":\"BreadcrumbList\",\"@id\":\"https:\/\/stor51.tauroessiccatori.com\/p\/drysilk-net-6-retine\/#breadcrumb\",\"itemListElement\":[{\"@type\":\"ListItem\",\"position\":1,\"name\":\"Home\",\"item\":\"https:\/\/stor51.tauroessiccatori.com\/\"},{\"@type\":\"ListItem\",\"position\":2,\"name\":\"Shop\",\"item\":\"https:\/\/stor51.tauroessiccatori.com\/negozio\/\"},{\"@type\":\"ListItem\",\"position\":3,\"name\":\"DrySilk Net &#8211; 6 retine\"}]},{\"@type\":\"WebSite\",\"@id\":\"https:\/\/stor51.tauroessiccatori.com\/#website\",\"url\":\"https:\/\/stor51.tauroessiccatori.com\/\",\"name\":\"Tauro Essiccatori\",\"description\":\"Welcome to Tauro Essiccatori online shop\",\"publisher\":{\"@id\":\"https:\/\/stor51.tauroessiccatori.com\/#organization\"},\"potentialAction\":[{\"@type\":\"SearchAction\",\"target\":{\"@type\":\"EntryPoint\",\"urlTemplate\":\"https:\/\/stor51.tauroessiccatori.com\/?s={search_term_string}\"},\"query-input\":\"required name=search_term_string\"}],\"inLanguage\":\"hu\"},{\"@type\":\"Organization\",\"@id\":\"https:\/\/stor51.tauroessiccatori.com\/#organization\",\"name\":\"Tauro Essiccatori\",\"url\":\"https:\/\/stor51.tauroessiccatori.com\/\",\"logo\":{\"@type\":\"ImageObject\",\"inLanguage\":\"hu\",\"@id\":\"https:\/\/stor51.tauroessiccatori.com\/#\/schema\/logo\/image\/\",\"url\":\"https:\/\/www.tauroessiccatori.com\/wp-assets\/uploads\/2017\/07\/logo_tauro_500x109px.png\",\"contentUrl\":\"https:\/\/www.tauroessiccatori.com\/wp-assets\/uploads\/2017\/07\/logo_tauro_500x109px.png\",\"width\":500,\"height\":109,\"caption\":\"Tauro Essiccatori\"},\"image\":{\"@id\":\"https:\/\/stor51.tauroessiccatori.com\/#\/schema\/logo\/image\/\"},\"sameAs\":[\"https:\/\/www.facebook.com\/TauroEssiccatori\/\",\"https:\/\/www.instagram.com\/tauro_essiccatori\/\",\"https:\/\/it.linkedin.com\/company\/tauro-essiccatori\",\"https:\/\/www.youtube.com\/user\/tauroessiccatori\"]}]}<\/script>\n<!-- \/ Yoast SEO plugin. -->","yoast_head_json":{"title":"DrySilk Net Retine Antiaderenti - confezione da 6 - Tauro Essiccatori","description":"DrySilk Net Retine Antiaderenti - confezione da 6 retine antiaderenti. Impilabili, per raddoppiare la capienza del tuo essiccatore, antiaderenza massima.","robots":{"index":"noindex","follow":"follow","max-snippet":"max-snippet:-1","max-image-preview":"max-image-preview:large","max-video-preview":"max-video-preview:-1"},"og_locale":"hu_HU","og_type":"article","og_title":"DrySilk Net Retine Antiaderenti - confezione da 6 - Tauro Essiccatori","og_description":"DrySilk Net Retine Antiaderenti - confezione da 6 retine antiaderenti. Impilabili, per raddoppiare la capienza del tuo essiccatore, antiaderenza massima.","og_url":"https:\/\/stor51.tauroessiccatori.com\/hu\/p\/drysilk-net-6-retine\/","og_site_name":"Tauro Essiccatori","article_publisher":"https:\/\/www.facebook.com\/TauroEssiccatori\/","article_modified_time":"2023-08-22T08:12:44+00:00","og_image":[{"width":1210,"height":750,"url":"https:\/\/stor51.tauroessiccatori.com\/wp-assets\/uploads\/2018\/03\/DrySilkNet.jpg","type":"image\/jpeg"}],"twitter_card":"summary_large_image","twitter_misc":{"Est. reading time":"1 perc"},"schema":{"@context":"https:\/\/schema.org","@graph":[{"@type":"WebPage","@id":"https:\/\/stor51.tauroessiccatori.com\/p\/drysilk-net-6-retine\/","url":"https:\/\/stor51.tauroessiccatori.com\/p\/drysilk-net-6-retine\/","name":"DrySilk Net Retine Antiaderenti - confezione da 6 - Tauro Essiccatori","isPartOf":{"@id":"https:\/\/stor51.tauroessiccatori.com\/#website"},"datePublished":"2018-03-30T08:58:00+00:00","dateModified":"2023-08-22T08:12:44+00:00","description":"DrySilk Net Retine Antiaderenti - confezione da 6 retine antiaderenti. Impilabili, per raddoppiare la capienza del tuo essiccatore, antiaderenza massima.","breadcrumb":{"@id":"https:\/\/stor51.tauroessiccatori.com\/p\/drysilk-net-6-retine\/#breadcrumb"},"inLanguage":"hu","potentialAction":[{"@type":"ReadAction","target":["https:\/\/stor51.tauroessiccatori.com\/p\/drysilk-net-6-retine\/"]}]},{"@type":"BreadcrumbList","@id":"https:\/\/stor51.tauroessiccatori.com\/p\/drysilk-net-6-retine\/#breadcrumb","itemListElement":[{"@type":"ListItem","position":1,"name":"Home","item":"https:\/\/stor51.tauroessiccatori.com\/"},{"@type":"ListItem","position":2,"name":"Shop","item":"https:\/\/stor51.tauroessiccatori.com\/negozio\/"},{"@type":"ListItem","position":3,"name":"DrySilk Net &#8211; 6 retine"}]},{"@type":"WebSite","@id":"https:\/\/stor51.tauroessiccatori.com\/#website","url":"https:\/\/stor51.tauroessiccatori.com\/","name":"Tauro Essiccatori","description":"Welcome to Tauro Essiccatori online shop","publisher":{"@id":"https:\/\/stor51.tauroessiccatori.com\/#organization"},"potentialAction":[{"@type":"SearchAction","target":{"@type":"EntryPoint","urlTemplate":"https:\/\/stor51.tauroessiccatori.com\/?s={search_term_string}"},"query-input":"required name=search_term_string"}],"inLanguage":"hu"},{"@type":"Organization","@id":"https:\/\/stor51.tauroessiccatori.com\/#organization","name":"Tauro Essiccatori","url":"https:\/\/stor51.tauroessiccatori.com\/","logo":{"@type":"ImageObject","inLanguage":"hu","@id":"https:\/\/stor51.tauroessiccatori.com\/#\/schema\/logo\/image\/","url":"https:\/\/www.tauroessiccatori.com\/wp-assets\/uploads\/2017\/07\/logo_tauro_500x109px.png","contentUrl":"https:\/\/www.tauroessiccatori.com\/wp-assets\/uploads\/2017\/07\/logo_tauro_500x109px.png","width":500,"height":109,"caption":"Tauro Essiccatori"},"image":{"@id":"https:\/\/stor51.tauroessiccatori.com\/#\/schema\/logo\/image\/"},"sameAs":["https:\/\/www.facebook.com\/TauroEssiccatori\/","https:\/\/www.instagram.com\/tauro_essiccatori\/","https:\/\/it.linkedin.com\/company\/tauro-essiccatori","https:\/\/www.youtube.com\/user\/tauroessiccatori"]}]}},"_links":{"self":[{"href":"https:\/\/stor51.tauroessiccatori.com\/hu\/wp-json\/wp\/v2\/product\/1932"}],"collection":[{"href":"https:\/\/stor51.tauroessiccatori.com\/hu\/wp-json\/wp\/v2\/product"}],"about":[{"href":"https:\/\/stor51.tauroessiccatori.com\/hu\/wp-json\/wp\/v2\/types\/product"}],"replies":[{"embeddable":true,"href":"https:\/\/stor51.tauroessiccatori.com\/hu\/wp-json\/wp\/v2\/comments?post=1932"}],"wp:featuredmedia":[{"embeddable":true,"href":"https:\/\/stor51.tauroessiccatori.com\/hu\/wp-json\/wp\/v2\/media\/1928"}],"wp:attachment":[{"href":"https:\/\/stor51.tauroessiccatori.com\/hu\/wp-json\/wp\/v2\/media?parent=1932"}],"wp:term":[{"taxonomy":"product_cat","embeddable":true,"href":"https:\/\/stor51.tauroessiccatori.com\/hu\/wp-json\/wp\/v2\/product_cat?post=1932"},{"taxonomy":"product_tag","embeddable":true,"href":"https:\/\/stor51.tauroessiccatori.com\/hu\/wp-json\/wp\/v2\/product_tag?post=1932"}],"curies":[{"name":"wp","href":"https:\/\/api.w.org\/{rel}","templated":true}]}}