


{"id":1894,"date":"2018-03-26T16:35:43","date_gmt":"2018-03-26T14:35:43","guid":{"rendered":"http:\/\/store.tauroessiccatori.com\/?post_type=product&#038;p=1894\/"},"modified":"2023-06-08T12:19:36","modified_gmt":"2023-06-08T10:19:36","slug":"biosec-de-luxe-b12","status":"publish","type":"product","link":"https:\/\/stor51.tauroessiccatori.com\/hu\/p\/biosec-de-luxe-b12\/","title":{"rendered":"Biosec De Luxe B12"},"content":{"rendered":"<div class=\"tauro-banners\"><div class=\"banner-00\" style=\"background-color: #852035\">\r\n<div class=\"ix-xmas-box-other\" style=\"font-size: 18px;padding: 7px 0;margin: 0 auto 0px auto\" align=\"center\"><b style=\"color: #fff;font-size: 18px\">Helyezzen egy BIOSEC-et a fa al\u00e1. <a style=\"color: #f8cc89;font-weight: bold;text-decoration: none;font-size: 18px\" href=\"https:\/\/www.tauroessiccatori.com\/christmas-2024\/\">FEDEZZE MEG ITT<\/a> Kar\u00e1csonyi akci\u00f3k!<\/b><\/div>\r\n<\/div><div class=\"banner-00\" style=\"background-color: #000\">\r\n<div class=\"ix-xmas-box-other\" style=\"font-size: 18px;padding: 7px 0;margin: 0 auto 0px auto\" align=\"center\"><b style=\"color: #fff\"> Itt vannak a fekete p\u00e9nteki kedvezm\u00e9nyek! \u00a0 <a style=\"color: #f77209;font-weight: bold;text-decoration: none\" href=\"https:\/\/www.tauroessiccatori.com\/black-friday-2024\/\"> Kattints, hogy ne hagyd ki \u0151ket \u2192 <\/a>\r\n<\/b><\/div>\r\n<\/div><\/div><div><strong>Le\u00edr\u00e1s:<\/strong>A Biosec De Luxe B12 a Biosec term\u00e9kcsal\u00e1d cs\u00facsmodellje.<br \/>\nAz alag\u00fat \u00e9s a 12 rozsdamentes ac\u00e9lkos\u00e1r maxim\u00e1lis kapacit\u00e1st \u00e9s robusztuss\u00e1got garant\u00e1l.<br \/>\nA sz\u00e1r\u00edt\u00f3t a szakemberek \u00e9s azok sz\u00e1m\u00e1ra aj\u00e1nljuk, akik a legjobbat szeretn\u00e9k birtokolni. Amikor beind\u00edtja a DrySet Pro motort, biztos, hogy teljes m\u00e9rt\u00e9kben kihaszn\u00e1lja a teljes\u00edtm\u00e9ny\u00e9t, amikor egy alag\u00fatnyi term\u00e9ket sz\u00e1r\u00edt meg, amely akkora, mint a Biosec De Luxe B6: az id\u0151 nem lesz hosszabb! K\u00e9tszer annyi term\u00e9ket kap ugyanolyan min\u0151s\u00e9gben \u00e9s azonos energiak\u00f6lts\u00e9ggel! Csak ne felejtse el megford\u00edtani a motor helyzet\u00e9t a sz\u00e1r\u00edt\u00e1si ciklus k\u00f6zepe fel\u00e9, hogy a k\u00e9sz\u00fcl\u00e9k egyenletesen m\u0171k\u00f6dj\u00f6n, \u00e9s a sz\u00e1r\u00edtott \u00e9lelmiszereket egyidej\u0171leg k\u00e9szre sz\u00e1r\u00edtsa!<\/div>\n<div>\n<p><strong>M\u0171szaki jellemz\u0151k:<\/strong><\/p>\n<ul>\n<li>\u00a0rozsdamentes ac\u00e9l sz\u00e1r\u00edt\u00f3alag\u00fat<\/li>\n<li>\u00a012 rozsdamentes ac\u00e9l kos\u00e1r<\/li>\n<li>\u00a0maxim\u00e1lis teljes\u00edtm\u00e9ny 550 W<\/li>\n<li>\u00a0k\u00fcls\u0151 m\u00e9retek 27x27x82 cm<\/li>\n<li>&nbsp;kos\u00e1r m\u00e9rete 23.5x35x1.2 cm darabonk\u00e9nt<\/li>\n<li>\u00a0hozz\u00e1vet\u0151leges kapacit\u00e1s 5\/7 kg<\/li>\n<li>\u00a0100% Made in Italy<\/li>\n<\/ul>\n<\/div>\n<div>\n<p><strong>A csomag tartalma:<\/strong><\/p>\n<div>\n<ul>\n<li>\u00a0motor Dryset Pro elektronikus rendszerrel<\/li>\n<li>\u00a0rozsdamentes ac\u00e9l sz\u00e1r\u00edt\u00f3alag\u00fat<\/li>\n<li>\u00a012 rozsdamentes ac\u00e9l kos\u00e1r<\/li>\n<li>\u00a0felhaszn\u00e1l\u00f3i k\u00e9zik\u00f6nyv \u00e9s sz\u00e1r\u00edt\u00e1si \u00fatmutat\u00f3<\/li>\n<li>\u00a01 DrySilk tapad\u00e1smentes lap<\/li>\n<\/ul>\n<\/div>\n<\/div>\n<p><a class=\"prod-guarantee-link\" href=\"http:\/\/www.tauroessiccatori.com\/garanzia\/\"><strong>24 h\u00f3nap garancia, amely a term\u00e9k regisztr\u00e1l\u00e1s\u00e1val 36 h\u00f3napra meghosszabb\u00edthat\u00f3<\/strong><\/a><\/p>\n<p>&nbsp;<\/p>","protected":false},"excerpt":{"rendered":"<p>Metti un BIOSEC sotto l&#8217;Albero. SCOPRI QUI le promozioni di Natale! Gli sconti Black Friday sono qui! \u00a0 Clicca\u00a0per\u00a0non perderli \u2192 Descrizione:Biosec De Luxe B12 \u00e8 il top della gamma Biosec. Tunnel e 12 cestelli in acciaio inox garantiscono la massima capienza e robustezza. Un essiccatore dedicato ai professionisti e a chi desidera possedere il [&hellip;]<\/p>","protected":false},"featured_media":872,"comment_status":"closed","ping_status":"closed","template":"","meta":[],"product_cat":[193],"product_tag":[],"class_list":["post-1894","product","type-product","status-publish","has-post-thumbnail","hentry","product_cat-essiccatori-domestici"],"acf":[],"yoast_head":"<!-- This site is optimized with the Yoast SEO plugin v20.10 - https:\/\/yoast.com\/wordpress\/plugins\/seo\/ -->\n<title>Essiccatore domestico Biosec De Luxe B12 - Tauro Essiccatori<\/title>\n<meta name=\"description\" content=\"Il Biosec De Luxe con 12 cestelli \u00e8 il modello di punta della gamma Biosec, per la massima professionalit\u00e0 e capienza tutta in acciaio inox.\" \/>\n<meta name=\"robots\" content=\"noindex, follow, max-snippet:-1, max-image-preview:large, max-video-preview:-1\" \/>\n<meta property=\"og:locale\" content=\"hu_HU\" \/>\n<meta property=\"og:type\" content=\"article\" \/>\n<meta property=\"og:title\" content=\"Essiccatore domestico Biosec De Luxe B12 - Tauro Essiccatori\" \/>\n<meta property=\"og:description\" content=\"Il Biosec De Luxe con 12 cestelli \u00e8 il modello di punta della gamma Biosec, per la massima professionalit\u00e0 e capienza tutta in acciaio inox.\" \/>\n<meta property=\"og:url\" content=\"https:\/\/stor51.tauroessiccatori.com\/hu\/p\/biosec-de-luxe-b12\/\" \/>\n<meta property=\"og:site_name\" content=\"Tauro Essiccatori\" \/>\n<meta property=\"article:publisher\" content=\"https:\/\/www.facebook.com\/TauroEssiccatori\/\" \/>\n<meta property=\"article:modified_time\" content=\"2023-06-08T10:19:36+00:00\" \/>\n<meta property=\"og:image\" content=\"https:\/\/stor51.tauroessiccatori.com\/wp-assets\/uploads\/2017\/04\/de_luxe_b12_posteriore.jpg\" \/>\n\t<meta property=\"og:image:width\" content=\"2048\" \/>\n\t<meta property=\"og:image:height\" content=\"1266\" \/>\n\t<meta property=\"og:image:type\" content=\"image\/jpeg\" \/>\n<meta name=\"twitter:card\" content=\"summary_large_image\" \/>\n<meta name=\"twitter:label1\" content=\"Est. reading time\" \/>\n\t<meta name=\"twitter:data1\" content=\"1 perc\" \/>\n<script type=\"application\/ld+json\" class=\"yoast-schema-graph\">{\"@context\":\"https:\/\/schema.org\",\"@graph\":[{\"@type\":\"WebPage\",\"@id\":\"https:\/\/stor51.tauroessiccatori.com\/p\/biosec-de-luxe-b12\/\",\"url\":\"https:\/\/stor51.tauroessiccatori.com\/p\/biosec-de-luxe-b12\/\",\"name\":\"Essiccatore domestico Biosec De Luxe B12 - Tauro Essiccatori\",\"isPartOf\":{\"@id\":\"https:\/\/stor51.tauroessiccatori.com\/#website\"},\"datePublished\":\"2018-03-26T14:35:43+00:00\",\"dateModified\":\"2023-06-08T10:19:36+00:00\",\"description\":\"Il Biosec De Luxe con 12 cestelli \u00e8 il modello di punta della gamma Biosec, per la massima professionalit\u00e0 e capienza tutta in acciaio inox.\",\"breadcrumb\":{\"@id\":\"https:\/\/stor51.tauroessiccatori.com\/p\/biosec-de-luxe-b12\/#breadcrumb\"},\"inLanguage\":\"hu\",\"potentialAction\":[{\"@type\":\"ReadAction\",\"target\":[\"https:\/\/stor51.tauroessiccatori.com\/p\/biosec-de-luxe-b12\/\"]}]},{\"@type\":\"BreadcrumbList\",\"@id\":\"https:\/\/stor51.tauroessiccatori.com\/p\/biosec-de-luxe-b12\/#breadcrumb\",\"itemListElement\":[{\"@type\":\"ListItem\",\"position\":1,\"name\":\"Home\",\"item\":\"https:\/\/stor51.tauroessiccatori.com\/\"},{\"@type\":\"ListItem\",\"position\":2,\"name\":\"Shop\",\"item\":\"https:\/\/stor51.tauroessiccatori.com\/negozio\/\"},{\"@type\":\"ListItem\",\"position\":3,\"name\":\"Biosec De Luxe B12\"}]},{\"@type\":\"WebSite\",\"@id\":\"https:\/\/stor51.tauroessiccatori.com\/#website\",\"url\":\"https:\/\/stor51.tauroessiccatori.com\/\",\"name\":\"Tauro Essiccatori\",\"description\":\"Welcome to Tauro Essiccatori online shop\",\"publisher\":{\"@id\":\"https:\/\/stor51.tauroessiccatori.com\/#organization\"},\"potentialAction\":[{\"@type\":\"SearchAction\",\"target\":{\"@type\":\"EntryPoint\",\"urlTemplate\":\"https:\/\/stor51.tauroessiccatori.com\/?s={search_term_string}\"},\"query-input\":\"required name=search_term_string\"}],\"inLanguage\":\"hu\"},{\"@type\":\"Organization\",\"@id\":\"https:\/\/stor51.tauroessiccatori.com\/#organization\",\"name\":\"Tauro Essiccatori\",\"url\":\"https:\/\/stor51.tauroessiccatori.com\/\",\"logo\":{\"@type\":\"ImageObject\",\"inLanguage\":\"hu\",\"@id\":\"https:\/\/stor51.tauroessiccatori.com\/#\/schema\/logo\/image\/\",\"url\":\"https:\/\/www.tauroessiccatori.com\/wp-assets\/uploads\/2017\/07\/logo_tauro_500x109px.png\",\"contentUrl\":\"https:\/\/www.tauroessiccatori.com\/wp-assets\/uploads\/2017\/07\/logo_tauro_500x109px.png\",\"width\":500,\"height\":109,\"caption\":\"Tauro Essiccatori\"},\"image\":{\"@id\":\"https:\/\/stor51.tauroessiccatori.com\/#\/schema\/logo\/image\/\"},\"sameAs\":[\"https:\/\/www.facebook.com\/TauroEssiccatori\/\",\"https:\/\/www.instagram.com\/tauro_essiccatori\/\",\"https:\/\/it.linkedin.com\/company\/tauro-essiccatori\",\"https:\/\/www.youtube.com\/user\/tauroessiccatori\"]}]}<\/script>\n<!-- \/ Yoast SEO plugin. -->","yoast_head_json":{"title":"Essiccatore domestico Biosec De Luxe B12 - Tauro Essiccatori","description":"Il Biosec De Luxe con 12 cestelli \u00e8 il modello di punta della gamma Biosec, per la massima professionalit\u00e0 e capienza tutta in acciaio inox.","robots":{"index":"noindex","follow":"follow","max-snippet":"max-snippet:-1","max-image-preview":"max-image-preview:large","max-video-preview":"max-video-preview:-1"},"og_locale":"hu_HU","og_type":"article","og_title":"Essiccatore domestico Biosec De Luxe B12 - Tauro Essiccatori","og_description":"Il Biosec De Luxe con 12 cestelli \u00e8 il modello di punta della gamma Biosec, per la massima professionalit\u00e0 e capienza tutta in acciaio inox.","og_url":"https:\/\/stor51.tauroessiccatori.com\/hu\/p\/biosec-de-luxe-b12\/","og_site_name":"Tauro Essiccatori","article_publisher":"https:\/\/www.facebook.com\/TauroEssiccatori\/","article_modified_time":"2023-06-08T10:19:36+00:00","og_image":[{"width":2048,"height":1266,"url":"https:\/\/stor51.tauroessiccatori.com\/wp-assets\/uploads\/2017\/04\/de_luxe_b12_posteriore.jpg","type":"image\/jpeg"}],"twitter_card":"summary_large_image","twitter_misc":{"Est. reading time":"1 perc"},"schema":{"@context":"https:\/\/schema.org","@graph":[{"@type":"WebPage","@id":"https:\/\/stor51.tauroessiccatori.com\/p\/biosec-de-luxe-b12\/","url":"https:\/\/stor51.tauroessiccatori.com\/p\/biosec-de-luxe-b12\/","name":"Essiccatore domestico Biosec De Luxe B12 - Tauro Essiccatori","isPartOf":{"@id":"https:\/\/stor51.tauroessiccatori.com\/#website"},"datePublished":"2018-03-26T14:35:43+00:00","dateModified":"2023-06-08T10:19:36+00:00","description":"Il Biosec De Luxe con 12 cestelli \u00e8 il modello di punta della gamma Biosec, per la massima professionalit\u00e0 e capienza tutta in acciaio inox.","breadcrumb":{"@id":"https:\/\/stor51.tauroessiccatori.com\/p\/biosec-de-luxe-b12\/#breadcrumb"},"inLanguage":"hu","potentialAction":[{"@type":"ReadAction","target":["https:\/\/stor51.tauroessiccatori.com\/p\/biosec-de-luxe-b12\/"]}]},{"@type":"BreadcrumbList","@id":"https:\/\/stor51.tauroessiccatori.com\/p\/biosec-de-luxe-b12\/#breadcrumb","itemListElement":[{"@type":"ListItem","position":1,"name":"Home","item":"https:\/\/stor51.tauroessiccatori.com\/"},{"@type":"ListItem","position":2,"name":"Shop","item":"https:\/\/stor51.tauroessiccatori.com\/negozio\/"},{"@type":"ListItem","position":3,"name":"Biosec De Luxe B12"}]},{"@type":"WebSite","@id":"https:\/\/stor51.tauroessiccatori.com\/#website","url":"https:\/\/stor51.tauroessiccatori.com\/","name":"Tauro Essiccatori","description":"Welcome to Tauro Essiccatori online shop","publisher":{"@id":"https:\/\/stor51.tauroessiccatori.com\/#organization"},"potentialAction":[{"@type":"SearchAction","target":{"@type":"EntryPoint","urlTemplate":"https:\/\/stor51.tauroessiccatori.com\/?s={search_term_string}"},"query-input":"required name=search_term_string"}],"inLanguage":"hu"},{"@type":"Organization","@id":"https:\/\/stor51.tauroessiccatori.com\/#organization","name":"Tauro Essiccatori","url":"https:\/\/stor51.tauroessiccatori.com\/","logo":{"@type":"ImageObject","inLanguage":"hu","@id":"https:\/\/stor51.tauroessiccatori.com\/#\/schema\/logo\/image\/","url":"https:\/\/www.tauroessiccatori.com\/wp-assets\/uploads\/2017\/07\/logo_tauro_500x109px.png","contentUrl":"https:\/\/www.tauroessiccatori.com\/wp-assets\/uploads\/2017\/07\/logo_tauro_500x109px.png","width":500,"height":109,"caption":"Tauro Essiccatori"},"image":{"@id":"https:\/\/stor51.tauroessiccatori.com\/#\/schema\/logo\/image\/"},"sameAs":["https:\/\/www.facebook.com\/TauroEssiccatori\/","https:\/\/www.instagram.com\/tauro_essiccatori\/","https:\/\/it.linkedin.com\/company\/tauro-essiccatori","https:\/\/www.youtube.com\/user\/tauroessiccatori"]}]}},"_links":{"self":[{"href":"https:\/\/stor51.tauroessiccatori.com\/hu\/wp-json\/wp\/v2\/product\/1894"}],"collection":[{"href":"https:\/\/stor51.tauroessiccatori.com\/hu\/wp-json\/wp\/v2\/product"}],"about":[{"href":"https:\/\/stor51.tauroessiccatori.com\/hu\/wp-json\/wp\/v2\/types\/product"}],"replies":[{"embeddable":true,"href":"https:\/\/stor51.tauroessiccatori.com\/hu\/wp-json\/wp\/v2\/comments?post=1894"}],"wp:featuredmedia":[{"embeddable":true,"href":"https:\/\/stor51.tauroessiccatori.com\/hu\/wp-json\/wp\/v2\/media\/872"}],"wp:attachment":[{"href":"https:\/\/stor51.tauroessiccatori.com\/hu\/wp-json\/wp\/v2\/media?parent=1894"}],"wp:term":[{"taxonomy":"product_cat","embeddable":true,"href":"https:\/\/stor51.tauroessiccatori.com\/hu\/wp-json\/wp\/v2\/product_cat?post=1894"},{"taxonomy":"product_tag","embeddable":true,"href":"https:\/\/stor51.tauroessiccatori.com\/hu\/wp-json\/wp\/v2\/product_tag?post=1894"}],"curies":[{"name":"wp","href":"https:\/\/api.w.org\/{rel}","templated":true}]}}