


{"id":165913,"date":"2022-10-05T10:36:00","date_gmt":"2022-10-05T08:36:00","guid":{"rendered":"https:\/\/www.tauroessiccatori.com\/?post_type=product&#038;p=165913\/"},"modified":"2023-04-17T17:26:46","modified_gmt":"2023-04-17T15:26:46","slug":"corso-di-essiccazione-base-avanzato","status":"publish","type":"product","link":"https:\/\/stor51.tauroessiccatori.com\/hu\/p\/halado-alapszintu-szaritasi-tanfolyam\/","title":{"rendered":"Alap + halad\u00f3 sz\u00e1r\u00edt\u00e1si tanfolyam"},"content":{"rendered":"<div class=\"tauro-banners\"><div class=\"banner-00\" style=\"background-color: #852035\">\r\n<div class=\"ix-xmas-box-other\" style=\"font-size: 18px;padding: 7px 0;margin: 0 auto 0px auto\" align=\"center\"><b style=\"color: #fff;font-size: 18px\">Helyezzen egy BIOSEC-et a fa al\u00e1. <a style=\"color: #f8cc89;font-weight: bold;text-decoration: none;font-size: 18px\" href=\"https:\/\/www.tauroessiccatori.com\/christmas-2024\/\">FEDEZZE MEG ITT<\/a> Kar\u00e1csonyi akci\u00f3k!<\/b><\/div>\r\n<\/div><div class=\"banner-00\" style=\"background-color: #000\">\r\n<div class=\"ix-xmas-box-other\" style=\"font-size: 18px;padding: 7px 0;margin: 0 auto 0px auto\" align=\"center\"><b style=\"color: #fff\"> Itt vannak a fekete p\u00e9nteki kedvezm\u00e9nyek! \u00a0 <a style=\"color: #f77209;font-weight: bold;text-decoration: none\" href=\"https:\/\/www.tauroessiccatori.com\/black-friday-2024\/\"> Kattints, hogy ne hagyd ki \u0151ket \u2192 <\/a>\r\n<\/b><\/div>\r\n<\/div><\/div><div>\n<p><strong>Le\u00edr\u00e1s Vide\u00f3tanfolyam az alapszint\u0171 sz\u00e1r\u00edt\u00e1sr\u00f3l:<\/strong><\/p>\n<p>Csak alm\u00e1t \u00e9s gomb\u00e1t k\u00e9sz\u00edtesz, ha bekapcsolod a sz\u00e1r\u00edt\u00f3t? Szeretn\u00e9 a lehet\u0151 legjobban kihaszn\u00e1lni a sz\u00e1r\u00edt\u00f3j\u00e1t? Ez a tanfolyam megismerteti \u00d6nt a sz\u00e1r\u00edt\u00f3val k\u00e9sz\u00edthet\u0151 sz\u00e1mos k\u00e9sz\u00edtm\u00e9nnyel.<br \/>\nEl\u0151sz\u00f6r is, r\u00e9szletesen meg fogja \u00e9rteni, hogyan m\u0171k\u00f6dik egy sz\u00e1r\u00edt\u00f3 (f\u00fcgg\u0151leges \u00e9s v\u00edzszintes), hogyan alak\u00edtja \u00e1t a sz\u00e1r\u00edt\u00e1s az \u00e9lelmiszert, \u00e9s hogyan kell kezelni azt a legjobb m\u00f3don t\u00f6rt\u00e9n\u0151 sz\u00e1r\u00edt\u00e1s \u00e9rdek\u00e9ben: el\u0151k\u00e9sz\u00edt\u00e9s \u00e9s feldolgoz\u00e1s, t\u00e1rol\u00e1s \u00e9s \u00e9lelmiszerbiztons\u00e1g.<br \/>\nA s\u00e9f v\u00e9gigk\u00eds\u00e9ri \u00d6nt az elk\u00e9sz\u00edt\u00e9si technik\u00e1k alapvet\u0151 l\u00e9p\u00e9sein, megmutatja az eredm\u00e9nyeket, elemzi a gyenge pontokat, az esetleges nemk\u00edv\u00e1natos eredm\u00e9nyeket \u00e9s a jav\u00edt\u00e1si lehet\u0151s\u00e9geket. Megosztja \u00d6nnel hossz\u00fa sz\u00e1r\u00edt\u00f3i tapasztalat\u00e1t.<\/p>\n<div>\n<p><strong>TANFOLYAM PROGRAMJA:<\/strong><\/p>\n<ul>\n1. Gy\u00fcm\u00f6lcs \u00e9s z\u00f6lds\u00e9g<br \/>\nChips vagy szeletek<br \/>\n1.2. Por<br \/>\nGy\u00fcm\u00f6lcsb\u0151r<br \/>\n1.4. Eg\u00e9sz vagy f\u00e9l<br \/>\n2. Nem s\u00fclt burgonya chips<br \/>\n3. Hal \u00e9s h\u00fas<br \/>\n4. Cukor<br \/>\nGy\u00fcm\u00f6lcscukor<br \/>\n4.2. \u00cdzes\u00edtett cukrok<br \/>\n4.3. Habcs\u00f3kok<br \/>\n4.4. Cukor h\u00fcvelyek<br \/>\n5. Tejpor, kukoricakonzerv \u00e9s ol\u00edvabogy\u00f3<br \/>\n6. Reggeli szeletek, kekszek \u00e9s gabonapelyhek<br \/>\n7. Kerti magvak - kov\u00e1szkamra - f\u00fcst\u00f6l\u0151fa<br \/>\n8. Pap\u00edr\n<\/div>\n<div>\n<p><strong>Le\u00edr\u00e1s Vide\u00f3tanfolyam a FEJLETT SZ\u00c1R\u00cdT\u00c1Sr\u00f3l:<\/strong><\/p>\n<p>Ha a sz\u00e1r\u00edt\u00f3 mindig be van kapcsolva, tegye pr\u00f3b\u00e1ra. A halad\u00f3 tanfolyam megismerteti \u00d6nt a bonyolultabb k\u00e9sz\u00edtm\u00e9nyekkel.<br \/>\nA sz\u00e1r\u00edt\u00f3 egy t\u00f6bb\u00e9-kev\u00e9sb\u00e9 \u00e1lland\u00f3 h\u0151m\u00e9rs\u00e9klet\u0171 kamra, amely \u00e9rt\u00e9kes seg\u00edts\u00e9g lehet bizonyos el\u0151k\u00e9sz\u00edt\u00e9si folyamatokban, m\u00e1s eszk\u00f6z\u00f6k helyettes\u00edt\u00e9s\u00e9re vagy bizonyos l\u00e9p\u00e9sek felgyors\u00edt\u00e1s\u00e1ra. Dalicandro s\u00e9f r\u00e9szletesen elmagyar\u00e1zza ezen k\u00e9sz\u00edtm\u00e9nyek technik\u00e1j\u00e1t az alapvet\u0151 l\u00e9p\u00e9sekkel. Megmutatja az eredm\u00e9nyeket, \u00e9s elmes\u00e9li, hogyan jutott el bizonyos k\u00e9sz\u00edtm\u00e9nyekhez, megosztja \u00d6nnel az \u00e9vek sor\u00e1n v\u00e9gzett k\u00eds\u00e9rleteinek eredm\u00e9nyeit.<br \/>\nA k\u00eds\u00e9rletez\u00e9s az eredm\u00e9nyek \u00e9rt\u00e9kel\u00e9s\u00e9t jelenti, annak meg\u00e9rt\u00e9s\u00e9t, hogy a term\u00e9k hogyan alakul \u00e1t \u00e9s hogyan marad meg. Sz\u00e1mos param\u00e9tert kell figyelembe venni, miel\u0151tt a folyamatot lez\u00e1rj\u00e1k. Nem szabad, hogy a nem k\u00edv\u00e1nt eredm\u00e9nyek meg\u00e1ll\u00edts\u00e1k az embert, hanem tudnia kell, hogyan elemezze azokat.<br \/>\nSzem el\u0151tt kell tartani, hogyan hat a sz\u00e1r\u00edt\u00f3 az \u00e9lelmiszerekre, \u00e9s mindig m\u00e9rlegelni kell az el\u0151ny\u00f6ket \u00e9s h\u00e1tr\u00e1nyokat. Az exszikk\u00e1torral nem tudunk mindent megcsin\u00e1lni. Mindig szem el\u0151tt kell tartanunk, hogy mire k\u00e9sz\u00fclt.<br \/>\nLesz egy kis meglepet\u00e9s extra!<\/p>\n<div>\n<p><strong>TANFOLYAM PROGRAMJA:<\/strong><\/p>\n<ul>\n1. Candying<br \/>\n2. T\u00e9szta<br \/>\n3. F\u00faj\u00e1s<br \/>\n4. Sz\u00e1raz Nedves Sz\u00e1raz<br \/>\n5. Sorbet hozz\u00e1adott cukor n\u00e9lk\u00fcl<br \/>\n6. Rizs<br \/>\n7. K\u00e9sz \u00e9telek<br \/>\n8. Porkbushi<br \/>\n9. Sali<br \/>\n10. Tiszt\u00edtott vaj<br \/>\n11. Inf\u00fazi\u00f3k<br \/>\n12. Temper\u00e1lt csokol\u00e1d\u00e9<br \/>\n13. Fekete fokhagyma<br \/>\n14. Fekete m\u00e9sz<br \/>\n15. Joghurt<br \/>\n16. Old\u00f3d\u00f3 k\u00e1v\u00e9<br \/>\n17. EXTRA: meglepet\u00e9s!\n<\/div>\n<\/div>\n<p><strong>Prom\u00f3ci\u00f3s aj\u00e1nlat: VIDE\u00d3 TANFOLYAM SZ\u00c1R\u00cdT\u00c1S ALAP + FELS\u0150T\u00c1MOGAT\u00c1S 140,00 \u20ac helyett 160,00 \u20ac - 6 h\u00f3napos hozz\u00e1f\u00e9r\u00e9s a tanfolyamhoz.\u00a0<\/strong>\n<\/div>","protected":false},"excerpt":{"rendered":"<p>Metti un BIOSEC sotto l&#8217;Albero. SCOPRI QUI le promozioni di Natale! Gli sconti Black Friday sono qui! \u00a0 Clicca\u00a0per\u00a0non perderli \u2192 Descrizione Video Corso di ESSICCAZIONE BASE: Accendi l\u2019essiccatore solo per fare mele e funghi? Hai voglia di utilizzare al meglio il tuo essiccatore? Questo corso ti far\u00e0 scoprire le moltissime preparazioni che \u00e8 possibile [&hellip;]<\/p>","protected":false},"featured_media":167900,"comment_status":"closed","ping_status":"closed","template":"","meta":[],"product_cat":[196],"product_tag":[],"class_list":["post-165913","product","type-product","status-publish","has-post-thumbnail","hentry","product_cat-libri"],"acf":[],"yoast_head":"<!-- This site is optimized with the Yoast SEO plugin v20.10 - https:\/\/yoast.com\/wordpress\/plugins\/seo\/ -->\n<title>Corso di Essiccazione Base + Avanzato - Tauro Essiccatori<\/title>\n<meta name=\"robots\" content=\"noindex, follow, max-snippet:-1, max-image-preview:large, max-video-preview:-1\" \/>\n<meta property=\"og:locale\" content=\"hu_HU\" \/>\n<meta property=\"og:type\" content=\"article\" \/>\n<meta property=\"og:title\" content=\"Corso di Essiccazione Base + Avanzato - Tauro Essiccatori\" \/>\n<meta property=\"og:description\" content=\"Metti un BIOSEC sotto l&#039;Albero. SCOPRI QUI le promozioni di Natale! Gli sconti Black Friday sono qui! \u00a0 Clicca\u00a0per\u00a0non perderli \u2192 Descrizione Video Corso di ESSICCAZIONE BASE: Accendi l\u2019essiccatore solo per fare mele e funghi? Hai voglia di utilizzare al meglio il tuo essiccatore? Questo corso ti far\u00e0 scoprire le moltissime preparazioni che \u00e8 possibile [&hellip;]\" \/>\n<meta property=\"og:url\" content=\"https:\/\/stor51.tauroessiccatori.com\/hu\/p\/halado-alapszintu-szaritasi-tanfolyam\/\" \/>\n<meta property=\"og:site_name\" content=\"Tauro Essiccatori\" \/>\n<meta property=\"article:publisher\" content=\"https:\/\/www.facebook.com\/TauroEssiccatori\/\" \/>\n<meta property=\"article:modified_time\" content=\"2023-04-17T15:26:46+00:00\" \/>\n<meta property=\"og:image\" content=\"https:\/\/stor51.tauroessiccatori.com\/wp-assets\/uploads\/2022\/10\/tauro_chef_dalicandro_corsi.jpg\" \/>\n\t<meta property=\"og:image:width\" content=\"2048\" \/>\n\t<meta property=\"og:image:height\" content=\"1266\" \/>\n\t<meta property=\"og:image:type\" content=\"image\/jpeg\" \/>\n<meta name=\"twitter:card\" content=\"summary_large_image\" \/>\n<meta name=\"twitter:label1\" content=\"Est. reading time\" \/>\n\t<meta name=\"twitter:data1\" content=\"2 perc\" \/>\n<script type=\"application\/ld+json\" class=\"yoast-schema-graph\">{\"@context\":\"https:\/\/schema.org\",\"@graph\":[{\"@type\":\"WebPage\",\"@id\":\"https:\/\/stor51.tauroessiccatori.com\/p\/corso-di-essiccazione-base-avanzato\/\",\"url\":\"https:\/\/stor51.tauroessiccatori.com\/p\/corso-di-essiccazione-base-avanzato\/\",\"name\":\"Corso di Essiccazione Base + Avanzato - Tauro Essiccatori\",\"isPartOf\":{\"@id\":\"https:\/\/stor51.tauroessiccatori.com\/#website\"},\"datePublished\":\"2022-10-05T08:36:00+00:00\",\"dateModified\":\"2023-04-17T15:26:46+00:00\",\"breadcrumb\":{\"@id\":\"https:\/\/stor51.tauroessiccatori.com\/p\/corso-di-essiccazione-base-avanzato\/#breadcrumb\"},\"inLanguage\":\"hu\",\"potentialAction\":[{\"@type\":\"ReadAction\",\"target\":[\"https:\/\/stor51.tauroessiccatori.com\/p\/corso-di-essiccazione-base-avanzato\/\"]}]},{\"@type\":\"BreadcrumbList\",\"@id\":\"https:\/\/stor51.tauroessiccatori.com\/p\/corso-di-essiccazione-base-avanzato\/#breadcrumb\",\"itemListElement\":[{\"@type\":\"ListItem\",\"position\":1,\"name\":\"Home\",\"item\":\"https:\/\/stor51.tauroessiccatori.com\/\"},{\"@type\":\"ListItem\",\"position\":2,\"name\":\"Shop\",\"item\":\"https:\/\/stor51.tauroessiccatori.com\/negozio\/\"},{\"@type\":\"ListItem\",\"position\":3,\"name\":\"Corso di Essiccazione Base + Avanzato\"}]},{\"@type\":\"WebSite\",\"@id\":\"https:\/\/stor51.tauroessiccatori.com\/#website\",\"url\":\"https:\/\/stor51.tauroessiccatori.com\/\",\"name\":\"Tauro Essiccatori\",\"description\":\"Welcome to Tauro Essiccatori online shop\",\"publisher\":{\"@id\":\"https:\/\/stor51.tauroessiccatori.com\/#organization\"},\"potentialAction\":[{\"@type\":\"SearchAction\",\"target\":{\"@type\":\"EntryPoint\",\"urlTemplate\":\"https:\/\/stor51.tauroessiccatori.com\/?s={search_term_string}\"},\"query-input\":\"required name=search_term_string\"}],\"inLanguage\":\"hu\"},{\"@type\":\"Organization\",\"@id\":\"https:\/\/stor51.tauroessiccatori.com\/#organization\",\"name\":\"Tauro Essiccatori\",\"url\":\"https:\/\/stor51.tauroessiccatori.com\/\",\"logo\":{\"@type\":\"ImageObject\",\"inLanguage\":\"hu\",\"@id\":\"https:\/\/stor51.tauroessiccatori.com\/#\/schema\/logo\/image\/\",\"url\":\"https:\/\/www.tauroessiccatori.com\/wp-assets\/uploads\/2017\/07\/logo_tauro_500x109px.png\",\"contentUrl\":\"https:\/\/www.tauroessiccatori.com\/wp-assets\/uploads\/2017\/07\/logo_tauro_500x109px.png\",\"width\":500,\"height\":109,\"caption\":\"Tauro Essiccatori\"},\"image\":{\"@id\":\"https:\/\/stor51.tauroessiccatori.com\/#\/schema\/logo\/image\/\"},\"sameAs\":[\"https:\/\/www.facebook.com\/TauroEssiccatori\/\",\"https:\/\/www.instagram.com\/tauro_essiccatori\/\",\"https:\/\/it.linkedin.com\/company\/tauro-essiccatori\",\"https:\/\/www.youtube.com\/user\/tauroessiccatori\"]}]}<\/script>\n<!-- \/ Yoast SEO plugin. -->","yoast_head_json":{"title":"Corso di Essiccazione Base + Avanzato - Tauro Essiccatori","robots":{"index":"noindex","follow":"follow","max-snippet":"max-snippet:-1","max-image-preview":"max-image-preview:large","max-video-preview":"max-video-preview:-1"},"og_locale":"hu_HU","og_type":"article","og_title":"Corso di Essiccazione Base + Avanzato - Tauro Essiccatori","og_description":"Metti un BIOSEC sotto l'Albero. SCOPRI QUI le promozioni di Natale! Gli sconti Black Friday sono qui! \u00a0 Clicca\u00a0per\u00a0non perderli \u2192 Descrizione Video Corso di ESSICCAZIONE BASE: Accendi l\u2019essiccatore solo per fare mele e funghi? Hai voglia di utilizzare al meglio il tuo essiccatore? Questo corso ti far\u00e0 scoprire le moltissime preparazioni che \u00e8 possibile [&hellip;]","og_url":"https:\/\/stor51.tauroessiccatori.com\/hu\/p\/halado-alapszintu-szaritasi-tanfolyam\/","og_site_name":"Tauro Essiccatori","article_publisher":"https:\/\/www.facebook.com\/TauroEssiccatori\/","article_modified_time":"2023-04-17T15:26:46+00:00","og_image":[{"width":2048,"height":1266,"url":"https:\/\/stor51.tauroessiccatori.com\/wp-assets\/uploads\/2022\/10\/tauro_chef_dalicandro_corsi.jpg","type":"image\/jpeg"}],"twitter_card":"summary_large_image","twitter_misc":{"Est. reading time":"2 perc"},"schema":{"@context":"https:\/\/schema.org","@graph":[{"@type":"WebPage","@id":"https:\/\/stor51.tauroessiccatori.com\/p\/corso-di-essiccazione-base-avanzato\/","url":"https:\/\/stor51.tauroessiccatori.com\/p\/corso-di-essiccazione-base-avanzato\/","name":"Corso di Essiccazione Base + Avanzato - Tauro Essiccatori","isPartOf":{"@id":"https:\/\/stor51.tauroessiccatori.com\/#website"},"datePublished":"2022-10-05T08:36:00+00:00","dateModified":"2023-04-17T15:26:46+00:00","breadcrumb":{"@id":"https:\/\/stor51.tauroessiccatori.com\/p\/corso-di-essiccazione-base-avanzato\/#breadcrumb"},"inLanguage":"hu","potentialAction":[{"@type":"ReadAction","target":["https:\/\/stor51.tauroessiccatori.com\/p\/corso-di-essiccazione-base-avanzato\/"]}]},{"@type":"BreadcrumbList","@id":"https:\/\/stor51.tauroessiccatori.com\/p\/corso-di-essiccazione-base-avanzato\/#breadcrumb","itemListElement":[{"@type":"ListItem","position":1,"name":"Home","item":"https:\/\/stor51.tauroessiccatori.com\/"},{"@type":"ListItem","position":2,"name":"Shop","item":"https:\/\/stor51.tauroessiccatori.com\/negozio\/"},{"@type":"ListItem","position":3,"name":"Corso di Essiccazione Base + Avanzato"}]},{"@type":"WebSite","@id":"https:\/\/stor51.tauroessiccatori.com\/#website","url":"https:\/\/stor51.tauroessiccatori.com\/","name":"Tauro Essiccatori","description":"Welcome to Tauro Essiccatori online shop","publisher":{"@id":"https:\/\/stor51.tauroessiccatori.com\/#organization"},"potentialAction":[{"@type":"SearchAction","target":{"@type":"EntryPoint","urlTemplate":"https:\/\/stor51.tauroessiccatori.com\/?s={search_term_string}"},"query-input":"required name=search_term_string"}],"inLanguage":"hu"},{"@type":"Organization","@id":"https:\/\/stor51.tauroessiccatori.com\/#organization","name":"Tauro Essiccatori","url":"https:\/\/stor51.tauroessiccatori.com\/","logo":{"@type":"ImageObject","inLanguage":"hu","@id":"https:\/\/stor51.tauroessiccatori.com\/#\/schema\/logo\/image\/","url":"https:\/\/www.tauroessiccatori.com\/wp-assets\/uploads\/2017\/07\/logo_tauro_500x109px.png","contentUrl":"https:\/\/www.tauroessiccatori.com\/wp-assets\/uploads\/2017\/07\/logo_tauro_500x109px.png","width":500,"height":109,"caption":"Tauro Essiccatori"},"image":{"@id":"https:\/\/stor51.tauroessiccatori.com\/#\/schema\/logo\/image\/"},"sameAs":["https:\/\/www.facebook.com\/TauroEssiccatori\/","https:\/\/www.instagram.com\/tauro_essiccatori\/","https:\/\/it.linkedin.com\/company\/tauro-essiccatori","https:\/\/www.youtube.com\/user\/tauroessiccatori"]}]}},"_links":{"self":[{"href":"https:\/\/stor51.tauroessiccatori.com\/hu\/wp-json\/wp\/v2\/product\/165913"}],"collection":[{"href":"https:\/\/stor51.tauroessiccatori.com\/hu\/wp-json\/wp\/v2\/product"}],"about":[{"href":"https:\/\/stor51.tauroessiccatori.com\/hu\/wp-json\/wp\/v2\/types\/product"}],"replies":[{"embeddable":true,"href":"https:\/\/stor51.tauroessiccatori.com\/hu\/wp-json\/wp\/v2\/comments?post=165913"}],"wp:featuredmedia":[{"embeddable":true,"href":"https:\/\/stor51.tauroessiccatori.com\/hu\/wp-json\/wp\/v2\/media\/167900"}],"wp:attachment":[{"href":"https:\/\/stor51.tauroessiccatori.com\/hu\/wp-json\/wp\/v2\/media?parent=165913"}],"wp:term":[{"taxonomy":"product_cat","embeddable":true,"href":"https:\/\/stor51.tauroessiccatori.com\/hu\/wp-json\/wp\/v2\/product_cat?post=165913"},{"taxonomy":"product_tag","embeddable":true,"href":"https:\/\/stor51.tauroessiccatori.com\/hu\/wp-json\/wp\/v2\/product_tag?post=165913"}],"curies":[{"name":"wp","href":"https:\/\/api.w.org\/{rel}","templated":true}]}}