


{"id":7035,"date":"2019-11-19T19:35:49","date_gmt":"2019-11-19T18:35:49","guid":{"rendered":"https:\/\/www.tauroessiccatori.com\/?page_id=7035\/"},"modified":"2023-05-12T11:06:24","modified_gmt":"2023-05-12T09:06:24","slug":"manuali-e-cataloghi","status":"publish","type":"page","link":"https:\/\/stor51.tauroessiccatori.com\/hu\/kezikonyvek-es-katalogusok\/","title":{"rendered":"K\u00e9zik\u00f6nyvek \u00e9s katal\u00f3gusok"},"content":{"rendered":"<div class=\"tauro-banners\"><div class=\"banner-00\" style=\"background-color: #852035\">\r\n<div class=\"ix-xmas-box-other\" style=\"font-size: 18px;padding: 7px 0;margin: 0 auto 0px auto\" align=\"center\"><b style=\"color: #fff;font-size: 18px\">Helyezzen egy BIOSEC-et a fa al\u00e1. <a style=\"color: #f8cc89;font-weight: bold;text-decoration: none;font-size: 18px\" href=\"https:\/\/www.tauroessiccatori.com\/christmas-2024\/\">FEDEZZE MEG ITT<\/a> Kar\u00e1csonyi akci\u00f3k!<\/b><\/div>\r\n<\/div><div class=\"banner-00\" style=\"background-color: #000\">\r\n<div class=\"ix-xmas-box-other\" style=\"font-size: 18px;padding: 7px 0;margin: 0 auto 0px auto\" align=\"center\"><b style=\"color: #fff\"> Itt vannak a fekete p\u00e9nteki kedvezm\u00e9nyek! \u00a0 <a style=\"color: #f77209;font-weight: bold;text-decoration: none\" href=\"https:\/\/www.tauroessiccatori.com\/black-friday-2024\/\"> Kattints, hogy ne hagyd ki \u0151ket \u2192 <\/a>\r\n<\/b><\/div>\r\n<\/div><\/div><div class=\"ix-container-inner\">\n   <!-- 2022-08-03 italix: kevin: was:h2 add:ix-h1--><\/p>\n<h1 class=\"ix-h1\" style=\"margin-top: 50px; margin-bottom: 70px; text-align: center;\">katal\u00f3gusok, k\u00e9zik\u00f6nyvek \u00e9s tan\u00fas\u00edtv\u00e1nyok<\/h1>\n<div class=\"ix-catalog-manuals-container\">\n<div class=\"uk-grid uk-grid-medium\">\n<div class=\"uk-width-large-1-3 uk-width-1-1\">\n<div class=\"ix-catalog-manuals-img-1\"><a href=\"https:\/\/stor51.tauroessiccatori.com\/hu\/wp-assets\/uploads\/2019\/11\/Manuale-Biosec.pdf\/\"><br \/>\n               <\/a><a href=\"https:\/\/stor51.tauroessiccatori.com\/wp-assets\/uploads\/2022\/11\/biosec_manuale_2022.pdf\"><img loading=\"lazy\" decoding=\"async\" class=\"alignnone\" style=\"width: 100%;\" src=\"https:\/\/stor51.tauroessiccatori.com\/wp-assets\/uploads\/2022\/11\/manuale_biosec-2022-230x300-1.jpg\" alt=\"biosec k\u00e9zik\u00f6nyv let\u00f6lt\u00e9se\" width=\"230\" height=\"300\" \/><\/a>\n            <\/div>\n<\/p><\/div>\n<div class=\"uk-width-large-2-3 uk-width-1-1\">\n<div class=\"ix-catalog-manuals-text\">\n<h3 class=\"\">Biosec sz\u00e1r\u00edt\u00f3k - MULTILINGUAL felhaszn\u00e1l\u00f3i k\u00e9zik\u00f6nyv<\/h3>\n<div class=\"ix-catalog-manuals-underline\"><\/div>\n<div>Minden Biosec sz\u00e1r\u00edt\u00f3hoz mell\u00e9kelt haszn\u00e1lati \u00fatmutat\u00f3 figyelmeztet\u00e9seket tartalmaz,<br \/>\n                  a Biosec haszn\u00e1lat\u00e1val kapcsolatos utas\u00edt\u00e1sok \u00e9s tan\u00e1csok.<br \/>\n                  Ezt kieg\u00e9sz\u00edti n\u00e9h\u00e1ny t\u00e1bl\u00e1zat a leggyakoribb \u00e9lelmiszerek sz\u00e1r\u00edt\u00e1s\u00e1hoz.\n               <\/div>\n<div style=\"margin-top: 10px;\"><strong> 8 k\u00fcl\u00f6nb\u00f6z\u0151 nyelven \u00e9rhet\u0151 el: IT, EN, FR, DE, ES, PT, RUS, RO, ES, PT, RUS, RO.<\/strong><\/div>\n<div class=\"ix-catalog-manuals-pdf-icon\">\n<div class=\"ix-product-information-documentation-manual-button-orange\"><a class=\"ix-button-orange\" style=\"width: 300px; line-height: 40px;\" href=\"https:\/\/stor51.tauroessiccatori.com\/wp-assets\/uploads\/2022\/11\/biosec_manuale_2022.pdf\"><br \/>\n                     Felhaszn\u00e1l\u00f3i k\u00e9zik\u00f6nyv (PDF 1,8 MB)<br \/>\n                     <i class=\"ix-manual-icon-arrow uk-icon-arrow-circle-down uk-icon-medium\"><\/i><\/a>\n                  <\/div>\n<\/p><\/div>\n<\/p><\/div>\n<\/p><\/div>\n<\/p><\/div>\n<\/p><\/div>\n<div class=\"ix-catalog-manuals-line\"><\/div>\n<div class=\"ix-catalog-manuals-container\">\n<div class=\"uk-grid uk-grid-medium\">\n<div class=\"uk-width-large-1-3 uk-width-1-1\">\n<div class=\"ix-catalog-manuals-img-1\"><a href=\"https:\/\/stor51.tauroessiccatori.com\/wp-assets\/uploads\/2019\/11\/catalogo_2018_EXE.pdf\"><br \/>\n               <\/a><a href=\"https:\/\/stor51.tauroessiccatori.com\/wp-assets\/uploads\/2019\/11\/catalogo_2018_EXE.pdf\"><img loading=\"lazy\" decoding=\"async\" class=\"alignnone\" style=\"width: 100%;\" src=\"https:\/\/stor51.tauroessiccatori.com\/wp-assets\/uploads\/2019\/11\/catalogo_Biosec_2018.jpg\" alt=\"Biosec sz\u00f3r\u00f3lap let\u00f6lt\u00e9se \u00e9s b\u00f6ng\u00e9sz\u00e9se\" width=\"504\" height=\"715\" \/><\/a>\n            <\/div>\n<\/p><\/div>\n<div class=\"uk-width-large-2-3 uk-width-1-1\">\n<div class=\"ix-catalog-manuals-text\">\n<h3 class=\"\">Biosec sz\u00e1r\u00edt\u00f3k - Term\u00e9kkatal\u00f3gus<\/h3>\n<div class=\"ix-catalog-manuals-underline\"><\/div>\n<div>Il Catalogo completo della gamma Biosec.<br \/>\n                  Completo di foto, dettagli tecnici e consigli per aiutarvi nella scelta<br \/>\n                  del vostro nuovo essiccatore.\n               <\/div>\n<div class=\"ix-catalog-manuals-pdf-icon\">\n<div class=\"ix-product-information-documentation-manual-button-orange\"><a class=\"ix-button-orange\" style=\"width: 300px; line-height: 40px;\" href=\"https:\/\/stor51.tauroessiccatori.com\/wp-assets\/uploads\/2019\/11\/catalogo_2018_EXE.pdf\"><br \/>\n                     Katal\u00f3gus<br \/>\n                     <i class=\"ix-manual-icon-arrow uk-icon-arrow-circle-down uk-icon-medium\"><\/i><\/a>\n                  <\/div>\n<\/p><\/div>\n<\/p><\/div>\n<\/p><\/div>\n<\/p><\/div>\n<\/p><\/div>\n<div class=\"ix-catalog-manuals-line\"><\/div>\n<div class=\"ix-catalog-manuals-container\">\n<div class=\"uk-grid uk-grid-medium\">\n<div class=\"uk-width-large-1-3 uk-width-1-1\">\n<div class=\"ix-catalog-manuals-img-1\"><a href=\"https:\/\/stor51.tauroessiccatori.com\/wp-assets\/uploads\/2019\/11\/Antiaderenti-Tauro_light.pdf\"><br \/>\n               <\/a><a href=\"https:\/\/stor51.tauroessiccatori.com\/wp-assets\/uploads\/2019\/11\/Antiaderenti-Tauro_light.pdf\"><img loading=\"lazy\" decoding=\"async\" class=\"alignnone\" style=\"width: 100%;\" src=\"https:\/\/stor51.tauroessiccatori.com\/wp-assets\/uploads\/2019\/11\/Antiaderenti_Tauro.jpg\" alt=\"let\u00f6lthet\u0151 haszn\u00e1lati utas\u00edt\u00e1s a tapad\u00e1smentes rendszerekhez\" width=\"240\" height=\"340\" \/><\/a>\n            <\/div>\n<\/p><\/div>\n<div class=\"uk-width-large-2-3 uk-width-1-1\">\n<div class=\"ix-catalog-manuals-text\">\n<h3 class=\"\">Tapad\u00e1smentes rendszerek - utas\u00edt\u00e1sok \u00e9s specifik\u00e1ci\u00f3k<\/h3>\n<div class=\"ix-catalog-manuals-underline\"><\/div>\n<div>Az \u00faj Tauro tapad\u00e1smentes rendszerek anyagai, alkalmaz\u00e1si m\u00f3djai, javallatai \u00e9s k\u00e9pei. Fedezze fel a SiliSoftot, a szilikonsz\u0151nyeget a legnehezebb term\u00e9kek k\u00f6nny\u0171 elt\u00e1vol\u00edt\u00e1s\u00e1hoz. SiliDrop, a t\u00e1lca minden folyad\u00e9knak, amit csak akarsz. \u00c9s a DrySilk Net, a h\u00e1l\u00f3, amely megdupl\u00e1zza a Biosec-et!<\/div>\n<div class=\"ix-catalog-manuals-pdf-icon\">\n<div class=\"ix-product-information-documentation-manual-button-orange\"><a class=\"ix-button-orange\" style=\"width: 300px; line-height: 40px;\" href=\"https:\/\/stor51.tauroessiccatori.com\/wp-assets\/uploads\/2019\/11\/Antiaderenti-Tauro_light.pdf\"><br \/>\n                     Tauro tapad\u00e1smentes<br \/>\n                     <i class=\"ix-manual-icon-arrow uk-icon-arrow-circle-down uk-icon-medium\"><\/i><\/a>\n                  <\/div>\n<\/p><\/div>\n<\/p><\/div>\n<\/p><\/div>\n<\/p><\/div>\n<\/p><\/div>\n<div class=\"ix-catalog-manuals-line\"><\/div>\n<div class=\"ix-catalog-manuals-container\">\n<div class=\"uk-grid uk-grid-medium\">\n<div class=\"uk-width-large-1-3 uk-width-1-1\">\n<div class=\"ix-catalog-manuals-img-1\">\n                <a href=\"https:\/\/stor51.tauroessiccatori.com\/wp-assets\/uploads\/2023\/04\/web_IT_Catalogo_BMaster_03_2023.pdf\"><br \/>\n               <\/a><br \/>\n                <a href=\"https:\/\/stor51.tauroessiccatori.com\/wp-assets\/uploads\/2023\/04\/web_IT_Catalogo_BMaster_03_2023.pdf\"><img loading=\"lazy\" decoding=\"async\" class=\"alignnone\" style=\"width: 100%;\" src=\"https:\/\/stor51.tauroessiccatori.com\/wp-assets\/uploads\/2023\/04\/web_IT_Catalogo_BMaster_03_2023-min-scaled.jpeg\" alt=\"B.Master term\u00e9kkatal\u00f3gus let\u00f6lt\u00e9se\" width=\"600\" height=\"838\" \/><\/a>\n            <\/div>\n<\/p><\/div>\n<div class=\"uk-width-large-2-3 uk-width-1-1\">\n<div class=\"ix-catalog-manuals-text\">\n<h3 class=\"\">B.Master Professional sz\u00e1r\u00edt\u00f3k - Katal\u00f3gusok<\/h3>\n<div class=\"ix-catalog-manuals-underline\"><\/div>\n<div>Dedicato ai professionisti, il catalogo della gamma B.Master fornisce<br \/>\n                  tutti i dettagli tecnici della gamma di essiccatori professionali Tauro.\n               <\/div>\n<div class=\"ix-catalog-manuals-pdf-icon\">\n<div class=\"uk-grid uk-grid-medium\">\n<div class=\"uk-width-large-1-5 uk-width-1-2\">\n<div class=\"ix-product-information-documentation-manual-button-orange\"><a class=\"ix-button-orange\" style=\"width: 300px; line-height: 40px;\" href=\"https:\/\/stor51.tauroessiccatori.com\/wp-assets\/uploads\/2023\/04\/web_IT_Catalogo_BMaster_03_2023.pdf\"><br \/>\n                           HU<br \/>\n                           <i class=\"ix-manual-icon-arrow uk-icon-arrow-circle-down uk-icon-medium\"><\/i><\/a>\n                        <\/div>\n<\/p><\/div>\n<div class=\"uk-width-large-1-5 uk-width-1-2\">\n<div class=\"ix-product-information-documentation-manual-button-orange\"><a class=\"ix-button-orange\" style=\"width: 300px; line-height: 40px;\" href=\"https:\/\/stor51.tauroessiccatori.com\/wp-assets\/uploads\/2023\/04\/EN_Catalogo_BMaster_04_2023_web.pdf\"><br \/>\n                           HU<br \/>\n                           <i class=\"ix-manual-icon-arrow uk-icon-arrow-circle-down uk-icon-medium\"><\/i><\/a>\n                        <\/div>\n<\/p><\/div>\n<div class=\"uk-width-large-1-5 uk-width-1-2\">\n<div class=\"ix-product-information-documentation-manual-button-orange\"><a class=\"ix-button-orange\" style=\"width: 300px; line-height: 40px;\" href=\"https:\/\/stor51.tauroessiccatori.com\/wp-assets\/uploads\/2023\/05\/web_FR_Catalogo_BMaster_04_2023.pdf\"><br \/>\n                           FR<br \/>\n                           <i class=\"ix-manual-icon-arrow uk-icon-arrow-circle-down uk-icon-medium\"><\/i><\/a>\n                        <\/div>\n<\/p><\/div>\n<div class=\"uk-width-large-1-5 uk-width-1-2\">\n<div class=\"ix-product-information-documentation-manual-button-orange\"><a class=\"ix-button-orange\" style=\"width: 300px; line-height: 40px;\" href=\"https:\/\/stor51.tauroessiccatori.com\/wp-assets\/uploads\/2023\/05\/web_ES_Catalogo_BMaster_05_2023.pdf\"><br \/>\n                           ES<br \/>\n                           <i class=\"ix-manual-icon-arrow uk-icon-arrow-circle-down uk-icon-medium\"><\/i><\/a>\n                        <\/div>\n<\/p><\/div>\n<div class=\"uk-width-large-1-5 uk-width-1-2\">\n<div class=\"ix-product-information-documentation-manual-button-orange\"><a class=\"ix-button-orange\" style=\"width: 300px; line-height: 40px;\" href=\"https:\/\/stor51.tauroessiccatori.com\/wp-assets\/uploads\/2019\/11\/catalogo_BM_DE2017_light.pdf\"><br \/>\n                           DE<br \/>\n                           <i class=\"ix-manual-icon-arrow uk-icon-arrow-circle-down uk-icon-medium\"><\/i><\/a>\n                        <\/div>\n<\/p><\/div>\n<\/p><\/div>\n<\/p><\/div>\n<\/p><\/div>\n<\/p><\/div>\n<\/p><\/div>\n<\/p><\/div>\n<div class=\"ix-catalog-manuals-line\"><\/div>\n<div class=\"ix-catalog-manuals-container\">\n<div class=\"uk-grid uk-grid-medium\">\n<div class=\"uk-width-large-1-3 uk-width-1-1\">\n<div class=\"ix-catalog-manuals-img-1\"><a href=\"https:\/\/stor51.tauroessiccatori.com\/wp-assets\/uploads\/2019\/11\/attestato-N.-C192-1-17_def.pdf\"><br \/>\n               <\/a><a href=\"https:\/\/stor51.tauroessiccatori.com\/wp-assets\/uploads\/2019\/11\/attestato-N.-C192-1-17_def.pdf\"><img loading=\"lazy\" decoding=\"async\" class=\"alignnone\" style=\"width: 100%;\" src=\"https:\/\/stor51.tauroessiccatori.com\/wp-assets\/uploads\/2019\/11\/attestato-N.-C192-1-17.png\" alt=\"megfelel\u0151s\u00e9gi tan\u00fas\u00edtv\u00e1nyok \u00e9s \u00e9lelmiszerekkel val\u00f3 \u00e9rintkez\u00e9sr\u0151l sz\u00f3l\u00f3 tan\u00fas\u00edtv\u00e1nyok let\u00f6lt\u00e9se\" width=\"504\" height=\"715\" \/><\/a>\n            <\/div>\n<\/p><\/div>\n<div class=\"uk-width-large-2-3 uk-width-1-1\">\n<div class=\"ix-catalog-manuals-text\">\n<h3 class=\"\">Tan\u00fas\u00edtv\u00e1nyok az \u00e9lelmiszerrel \u00e9rintkez\u0151 Biosec vonalhoz<\/h3>\n<div class=\"ix-catalog-manuals-underline\"><\/div>\n<div>A Tauro a legfejlettebb \u00e9s legkimer\u00edt\u0151bb ellen\u0151rz\u00e9si teszteket v\u00e9gzi minden<br \/>\n                  prodotti per offrire ai clienti le migliori garanzie ed il massimo della sicurezza.\n               <\/div>\n<div class=\"ix-catalog-manuals-pdf-icon\">\n<div class=\"ix-product-information-documentation-manual-button-orange\"><a class=\"ix-button-orange\" style=\"width: 300px; line-height: 40px;\" href=\"https:\/\/stor51.tauroessiccatori.com\/wp-assets\/uploads\/2019\/11\/attestato-N.-C192-1-17_def.pdf\"><br \/>\n                     Tan\u00fas\u00edtv\u00e1nyok (PDF 1 MB)<br \/>\n                     <i class=\"ix-manual-icon-arrow uk-icon-arrow-circle-down uk-icon-medium\"><\/i><\/a>\n                  <\/div>\n<\/p><\/div>\n<\/p><\/div>\n<\/p><\/div>\n<\/p><\/div>\n<\/p><\/div>\n<\/div>\n<div class=\"ix-banner-video-tutorial\" style=\"\">\n<div class=\"uk-grid\">\n<div class=\"uk-width-1-1 uk-width-large-1-3\">\n         <a href=\"https:\/\/vimeo.com\/258936870\" data-rel=\"lightbox\"><br \/>\n         <img decoding=\"async\" src=\"https:\/\/stor51.tauroessiccatori.com\/wp-assets\/uploads\/2020\/02\/video-dado-e-soffritto.jpg\"><br \/>\n         <\/a>\n      <\/div>\n<div class=\"uk-width-1-1 uk-width-large-2-3\">\n<div class=\"ix-banner-video-tutorial-text-container\" style=\"\">\n<h2 class=\"ix-3rd-h2 ix-video-tutorial-title\">sok tutorials, hogy inspir\u00e1ljon t\u00e9ged<\/h2>\n<div class=\"p1\">Az ilyen vide\u00f3k megtekint\u00e9s\u00e9hez jelsz\u00f3ra van sz\u00fcks\u00e9g. Ha m\u00e9g mindig nincs, akkor a vide\u00f3 oktat\u00f3oldalon k\u00e9rhetsz egyet.<\/div>\n<div class=\"ix-banner-video-tutorial-button\" style=\"\">\n               <a class=\"ix-button-green\" href=\"https:\/\/stor51.tauroessiccatori.com\/hu\/our-tutorials\/\">JELSZ\u00d3 K\u00c9R\u00c9SE<\/a>\n            <\/div>\n<\/p><\/div>\n<\/p><\/div>\n<\/p><\/div>\n<\/div>","protected":false},"excerpt":{"rendered":"<p>Metti un BIOSEC sotto l&#8217;Albero. SCOPRI QUI le promozioni di Natale! Gli sconti Black Friday sono qui! \u00a0 Clicca\u00a0per\u00a0non perderli \u2192 cataloghi, manuali e certificazioni Essiccatori Biosec \u2013 Manuale d\u2019uso MULTILINGUA Fornito insieme ad ogni essiccatore Biosec, il Manuale d\u2019uso contiene le avvertenze, le istruzioni e i consigli sull\u2019uso di Biosec. \u00c8 completato da alcune [&hellip;]<\/p>","protected":false},"author":1,"featured_media":0,"parent":0,"menu_order":0,"comment_status":"closed","ping_status":"closed","template":"","meta":{"footnotes":""},"tags":[],"class_list":["post-7035","page","type-page","status-publish","hentry"],"acf":[],"yoast_head":"<!-- This site is optimized with the Yoast SEO plugin v20.10 - https:\/\/yoast.com\/wordpress\/plugins\/seo\/ -->\n<title>Manuali e cataloghi: scarica istruzioni e certificazioni - Tauro Essiccatori<\/title>\n<meta name=\"description\" content=\"Scarica il manuale Biosec, le istruzioni d&#039;uso dei nostri essiccatori, le certificazioni e le descrizioni dei sistemi antiaderenti.\" \/>\n<meta name=\"robots\" content=\"noindex, follow, max-snippet:-1, max-image-preview:large, max-video-preview:-1\" \/>\n<meta property=\"og:locale\" content=\"hu_HU\" \/>\n<meta property=\"og:type\" content=\"article\" \/>\n<meta property=\"og:title\" content=\"Manuali e cataloghi: scarica istruzioni e certificazioni - Tauro Essiccatori\" \/>\n<meta property=\"og:description\" content=\"Scarica il manuale Biosec, le istruzioni d&#039;uso dei nostri essiccatori, le certificazioni e le descrizioni dei sistemi antiaderenti.\" \/>\n<meta property=\"og:url\" content=\"https:\/\/stor51.tauroessiccatori.com\/hu\/kezikonyvek-es-katalogusok\/\" \/>\n<meta property=\"og:site_name\" content=\"Tauro Essiccatori\" \/>\n<meta property=\"article:publisher\" content=\"https:\/\/www.facebook.com\/TauroEssiccatori\/\" \/>\n<meta property=\"article:modified_time\" content=\"2023-05-12T09:06:24+00:00\" \/>\n<meta property=\"og:image\" content=\"https:\/\/stor51.tauroessiccatori.com\/wp-assets\/uploads\/2022\/11\/manuale_biosec-2022-230x300-1.jpg\" \/>\n<meta name=\"twitter:card\" content=\"summary_large_image\" \/>\n<meta name=\"twitter:label1\" content=\"Est. reading time\" \/>\n\t<meta name=\"twitter:data1\" content=\"1 perc\" \/>\n<script type=\"application\/ld+json\" class=\"yoast-schema-graph\">{\"@context\":\"https:\/\/schema.org\",\"@graph\":[{\"@type\":\"WebPage\",\"@id\":\"https:\/\/stor51.tauroessiccatori.com\/manuali-e-cataloghi\/\",\"url\":\"https:\/\/stor51.tauroessiccatori.com\/manuali-e-cataloghi\/\",\"name\":\"Manuali e cataloghi: scarica istruzioni e certificazioni - Tauro Essiccatori\",\"isPartOf\":{\"@id\":\"https:\/\/stor51.tauroessiccatori.com\/#website\"},\"datePublished\":\"2019-11-19T18:35:49+00:00\",\"dateModified\":\"2023-05-12T09:06:24+00:00\",\"description\":\"Scarica il manuale Biosec, le istruzioni d'uso dei nostri essiccatori, le certificazioni e le descrizioni dei sistemi antiaderenti.\",\"breadcrumb\":{\"@id\":\"https:\/\/stor51.tauroessiccatori.com\/manuali-e-cataloghi\/#breadcrumb\"},\"inLanguage\":\"hu\",\"potentialAction\":[{\"@type\":\"ReadAction\",\"target\":[\"https:\/\/stor51.tauroessiccatori.com\/manuali-e-cataloghi\/\"]}]},{\"@type\":\"BreadcrumbList\",\"@id\":\"https:\/\/stor51.tauroessiccatori.com\/manuali-e-cataloghi\/#breadcrumb\",\"itemListElement\":[{\"@type\":\"ListItem\",\"position\":1,\"name\":\"Home\",\"item\":\"https:\/\/stor51.tauroessiccatori.com\/\"},{\"@type\":\"ListItem\",\"position\":2,\"name\":\"Manuali e cataloghi\"}]},{\"@type\":\"WebSite\",\"@id\":\"https:\/\/stor51.tauroessiccatori.com\/#website\",\"url\":\"https:\/\/stor51.tauroessiccatori.com\/\",\"name\":\"Tauro Essiccatori\",\"description\":\"Welcome to Tauro Essiccatori online shop\",\"publisher\":{\"@id\":\"https:\/\/stor51.tauroessiccatori.com\/#organization\"},\"potentialAction\":[{\"@type\":\"SearchAction\",\"target\":{\"@type\":\"EntryPoint\",\"urlTemplate\":\"https:\/\/stor51.tauroessiccatori.com\/?s={search_term_string}\"},\"query-input\":\"required name=search_term_string\"}],\"inLanguage\":\"hu\"},{\"@type\":\"Organization\",\"@id\":\"https:\/\/stor51.tauroessiccatori.com\/#organization\",\"name\":\"Tauro Essiccatori\",\"url\":\"https:\/\/stor51.tauroessiccatori.com\/\",\"logo\":{\"@type\":\"ImageObject\",\"inLanguage\":\"hu\",\"@id\":\"https:\/\/stor51.tauroessiccatori.com\/#\/schema\/logo\/image\/\",\"url\":\"https:\/\/www.tauroessiccatori.com\/wp-assets\/uploads\/2017\/07\/logo_tauro_500x109px.png\",\"contentUrl\":\"https:\/\/www.tauroessiccatori.com\/wp-assets\/uploads\/2017\/07\/logo_tauro_500x109px.png\",\"width\":500,\"height\":109,\"caption\":\"Tauro Essiccatori\"},\"image\":{\"@id\":\"https:\/\/stor51.tauroessiccatori.com\/#\/schema\/logo\/image\/\"},\"sameAs\":[\"https:\/\/www.facebook.com\/TauroEssiccatori\/\",\"https:\/\/www.instagram.com\/tauro_essiccatori\/\",\"https:\/\/it.linkedin.com\/company\/tauro-essiccatori\",\"https:\/\/www.youtube.com\/user\/tauroessiccatori\"]}]}<\/script>\n<!-- \/ Yoast SEO plugin. -->","yoast_head_json":{"title":"Manuali e cataloghi: scarica istruzioni e certificazioni - Tauro Essiccatori","description":"Scarica il manuale Biosec, le istruzioni d'uso dei nostri essiccatori, le certificazioni e le descrizioni dei sistemi antiaderenti.","robots":{"index":"noindex","follow":"follow","max-snippet":"max-snippet:-1","max-image-preview":"max-image-preview:large","max-video-preview":"max-video-preview:-1"},"og_locale":"hu_HU","og_type":"article","og_title":"Manuali e cataloghi: scarica istruzioni e certificazioni - Tauro Essiccatori","og_description":"Scarica il manuale Biosec, le istruzioni d'uso dei nostri essiccatori, le certificazioni e le descrizioni dei sistemi antiaderenti.","og_url":"https:\/\/stor51.tauroessiccatori.com\/hu\/kezikonyvek-es-katalogusok\/","og_site_name":"Tauro Essiccatori","article_publisher":"https:\/\/www.facebook.com\/TauroEssiccatori\/","article_modified_time":"2023-05-12T09:06:24+00:00","og_image":[{"url":"https:\/\/stor51.tauroessiccatori.com\/wp-assets\/uploads\/2022\/11\/manuale_biosec-2022-230x300-1.jpg"}],"twitter_card":"summary_large_image","twitter_misc":{"Est. reading time":"1 perc"},"schema":{"@context":"https:\/\/schema.org","@graph":[{"@type":"WebPage","@id":"https:\/\/stor51.tauroessiccatori.com\/manuali-e-cataloghi\/","url":"https:\/\/stor51.tauroessiccatori.com\/manuali-e-cataloghi\/","name":"Manuali e cataloghi: scarica istruzioni e certificazioni - Tauro Essiccatori","isPartOf":{"@id":"https:\/\/stor51.tauroessiccatori.com\/#website"},"datePublished":"2019-11-19T18:35:49+00:00","dateModified":"2023-05-12T09:06:24+00:00","description":"Scarica il manuale Biosec, le istruzioni d'uso dei nostri essiccatori, le certificazioni e le descrizioni dei sistemi antiaderenti.","breadcrumb":{"@id":"https:\/\/stor51.tauroessiccatori.com\/manuali-e-cataloghi\/#breadcrumb"},"inLanguage":"hu","potentialAction":[{"@type":"ReadAction","target":["https:\/\/stor51.tauroessiccatori.com\/manuali-e-cataloghi\/"]}]},{"@type":"BreadcrumbList","@id":"https:\/\/stor51.tauroessiccatori.com\/manuali-e-cataloghi\/#breadcrumb","itemListElement":[{"@type":"ListItem","position":1,"name":"Home","item":"https:\/\/stor51.tauroessiccatori.com\/"},{"@type":"ListItem","position":2,"name":"Manuali e cataloghi"}]},{"@type":"WebSite","@id":"https:\/\/stor51.tauroessiccatori.com\/#website","url":"https:\/\/stor51.tauroessiccatori.com\/","name":"Tauro Essiccatori","description":"Welcome to Tauro Essiccatori online shop","publisher":{"@id":"https:\/\/stor51.tauroessiccatori.com\/#organization"},"potentialAction":[{"@type":"SearchAction","target":{"@type":"EntryPoint","urlTemplate":"https:\/\/stor51.tauroessiccatori.com\/?s={search_term_string}"},"query-input":"required name=search_term_string"}],"inLanguage":"hu"},{"@type":"Organization","@id":"https:\/\/stor51.tauroessiccatori.com\/#organization","name":"Tauro Essiccatori","url":"https:\/\/stor51.tauroessiccatori.com\/","logo":{"@type":"ImageObject","inLanguage":"hu","@id":"https:\/\/stor51.tauroessiccatori.com\/#\/schema\/logo\/image\/","url":"https:\/\/www.tauroessiccatori.com\/wp-assets\/uploads\/2017\/07\/logo_tauro_500x109px.png","contentUrl":"https:\/\/www.tauroessiccatori.com\/wp-assets\/uploads\/2017\/07\/logo_tauro_500x109px.png","width":500,"height":109,"caption":"Tauro Essiccatori"},"image":{"@id":"https:\/\/stor51.tauroessiccatori.com\/#\/schema\/logo\/image\/"},"sameAs":["https:\/\/www.facebook.com\/TauroEssiccatori\/","https:\/\/www.instagram.com\/tauro_essiccatori\/","https:\/\/it.linkedin.com\/company\/tauro-essiccatori","https:\/\/www.youtube.com\/user\/tauroessiccatori"]}]}},"_links":{"self":[{"href":"https:\/\/stor51.tauroessiccatori.com\/hu\/wp-json\/wp\/v2\/pages\/7035"}],"collection":[{"href":"https:\/\/stor51.tauroessiccatori.com\/hu\/wp-json\/wp\/v2\/pages"}],"about":[{"href":"https:\/\/stor51.tauroessiccatori.com\/hu\/wp-json\/wp\/v2\/types\/page"}],"author":[{"embeddable":true,"href":"https:\/\/stor51.tauroessiccatori.com\/hu\/wp-json\/wp\/v2\/users\/1"}],"replies":[{"embeddable":true,"href":"https:\/\/stor51.tauroessiccatori.com\/hu\/wp-json\/wp\/v2\/comments?post=7035"}],"version-history":[{"count":42,"href":"https:\/\/stor51.tauroessiccatori.com\/hu\/wp-json\/wp\/v2\/pages\/7035\/revisions"}],"predecessor-version":[{"id":168097,"href":"https:\/\/stor51.tauroessiccatori.com\/hu\/wp-json\/wp\/v2\/pages\/7035\/revisions\/168097"}],"wp:attachment":[{"href":"https:\/\/stor51.tauroessiccatori.com\/hu\/wp-json\/wp\/v2\/media?parent=7035"}],"wp:term":[{"taxonomy":"post_tag","embeddable":true,"href":"https:\/\/stor51.tauroessiccatori.com\/hu\/wp-json\/wp\/v2\/tags?post=7035"}],"curies":[{"name":"wp","href":"https:\/\/api.w.org\/{rel}","templated":true}]}}