


{"id":5887,"date":"2019-11-06T17:45:39","date_gmt":"2019-11-06T16:45:39","guid":{"rendered":"https:\/\/www.tauroessiccatori.com\/?page_id=5887\/"},"modified":"2022-08-07T16:19:15","modified_gmt":"2022-08-07T14:19:15","slug":"assistenza","status":"publish","type":"page","link":"https:\/\/stor51.tauroessiccatori.com\/hu\/ugyfelszolgalat\/segitsegnyujtas\/","title":{"rendered":"Seg\u00edts\u00e9gny\u00fajt\u00e1s"},"content":{"rendered":"<div class=\"tauro-banners\"><div class=\"banner-00\" style=\"background-color: #852035\">\r\n<div class=\"ix-xmas-box-other\" style=\"font-size: 18px;padding: 7px 0;margin: 0 auto 0px auto\" align=\"center\"><b style=\"color: #fff;font-size: 18px\">Helyezzen egy BIOSEC-et a fa al\u00e1. <a style=\"color: #f8cc89;font-weight: bold;text-decoration: none;font-size: 18px\" href=\"https:\/\/www.tauroessiccatori.com\/christmas-2024\/\">FEDEZZE MEG ITT<\/a> Kar\u00e1csonyi akci\u00f3k!<\/b><\/div>\r\n<\/div><div class=\"banner-00\" style=\"background-color: #000\">\r\n<div class=\"ix-xmas-box-other\" style=\"font-size: 18px;padding: 7px 0;margin: 0 auto 0px auto\" align=\"center\"><b style=\"color: #fff\"> Itt vannak a fekete p\u00e9nteki kedvezm\u00e9nyek! \u00a0 <a style=\"color: #f77209;font-weight: bold;text-decoration: none\" href=\"https:\/\/www.tauroessiccatori.com\/black-friday-2024\/\"> Kattints, hogy ne hagyd ki \u0151ket \u2192 <\/a>\r\n<\/b><\/div>\r\n<\/div><\/div><div class=\"ix-container-inner\">\n<div class=\"uk-grid uk-grid-medium\">\n<div class=\"uk-width-large-1-3\">\n           \n    <div class=\"ix-help-menu\">\n\n     <ul>\n       <li class=\"ix-help-menu-title\">\u00fcgyf\u00e9lszolg\u00e1lat<\/li>\n       <li class=\"ix-link-help-li\"><a class=\"ix-link-help\" href=\"https:\/\/www.tauroessiccatori.com\/servizio-clienti\/condizioni-di-vendita\">\u00e9rt\u00e9kes\u00edt\u00e9si felt\u00e9telek<\/a><\/li>\n       <li class=\"ix-link-help-li\"><a class=\"ix-link-help\" href=\"https:\/\/www.tauroessiccatori.com\/servizio-clienti\/consegna-e-reso\/\">sz\u00e1ll\u00edt\u00e1s \u00e9s visszak\u00fcld\u00e9s<\/a><\/li>\n       <li class=\"ix-link-help-li\"><a class=\"ix-link-help\" href=\"https:\/\/www.tauroessiccatori.com\/servizio-clienti\/estensione-di-garanzia\/\">garancia kiterjeszt\u00e9se<\/a><\/li>\n       <li class=\"ix-link-help-li\"><a class=\"ix-link-help\" href=\"https:\/\/www.tauroessiccatori.com\/servizio-clienti\/pagamento\/\">kifizet\u00e9sek<\/a><\/li>\n<!--       <li class=\"ix-link-help-li\"><a class=\"ix-link-help \" href=\"https:\/\/www.tauroessiccatori.com\/servizio-clienti\/mio-account\/#\">il mio account<\/a><\/li>-->\n     <\/ul>\n\n     <ul>\n       <li class=\"ix-help-menu-title\">hasznos linkek<\/li>\n       <li class=\"ix-link-useful-li\"><a class=\"ix-link-help-link-useful\" href=\"https:\/\/www.tauroessiccatori.com\/i-nostri-tutorial\/\">Tutorial<\/a><\/li>\n       <li class=\"ix-link-useful-li\"><a class=\"ix-link-help-link-useful\" href=\"https:\/\/www.tauroessiccatori.com\/servizio-clienti\/domande-frequenti\/\">Gyakran ism\u00e9telt k\u00e9rd\u00e9sek<\/a><\/li>\n     <\/ul>\n\n     <div class=\"ix-help-button-contact-us\">\n       <a class=\"ix-button-grey\" style=\"width:180px; line-height:40px;\" href=\"https:\/\/www.tauroessiccatori.com\/contatti\/\">kapcsolatfelv\u00e9tel<\/a>\n     <\/div>\n\n      <\/div>   \n    <\/div>\n<div class=\"uk-width-large-2-3\">\n<div class=\"ix-help-right-box\">\n<p><!-- 2022-08-03 italix: kevin: was:h2 add:ix-h1--><\/p>\n<h1 class=\"ix-help-h2 ix-h1\" style=\"margin:0 !important;\">seg\u00edts\u00e9gny\u00fajt\u00e1s<\/h1>\n<div class=\"ix-help-p\">\n<p>Az oldalon k\u00edn\u00e1lt term\u00e9kekkel kapcsolatos b\u00e1rmilyen inform\u00e1ci\u00f3\u00e9rt k\u00fcldj\u00f6n nek\u00fcnk e-mailt az al\u00e1bbi c\u00edmre:<\/p>\n<div>\n<script>\/\/ <![CDATA[\nasm('m','@','com','tauroessiccatori','info')\n\/\/ ]]><\/script><a style=\"color:#729949;\" href=\"mailto:info@tauroessiccatori.com\">info@tauroessiccatori.com<\/a>\n\n\n\n\n<\/div>\n\n\n\n\n<p>Sz\u00fcks\u00e9g eset\u00e9n az al\u00e1bbi v\u00e1llalati telefonsz\u00e1mokon veheti fel vel\u00fcnk a kapcsolatot.<\/p>\n\n\n\n\n<p>A titk\u00e1rs\u00e1g h\u00e9tf\u0151t\u0151l p\u00e9ntekig, 8:30-t\u00f3l 12:30-ig \u00e9s 14:30-t\u00f3l 17:30-ig m\u0171k\u00f6dik.<\/p>\n\n\n\n\n<p>Tel <a style=\"color:#729949;\" href=\"tel: 390444719046\">+39 0444.719046<\/a> - Fax +39 0444.412515<\/p>\n\n\n\n\n<p>Felh\u00edvjuk figyelm\u00e9t, hogy a titk\u00e1rs\u00e1g csak az \u00fcgyfeleket \u00e9s a sz\u00e1ll\u00edt\u00f3kat fogadja. <b>MEGH\u00cdV\u00c1S UT\u00c1N<\/b> telefonon vagy e-mailben kell egyeztetni. K\u00f6sz\u00f6nj\u00fck egy\u00fcttm\u0171k\u00f6d\u00e9s\u00e9t.<\/p>\n\n\n\n\n\n\n\n\n         <\/div>\n\n\n    \n\n       <\/div>\n\n\n    <\/div>\n\n\n    \n    \n\n    \n<\/div>\n\n   \n<\/div>\n\n\n<\/p>","protected":false},"excerpt":{"rendered":"<p>Metti un BIOSEC sotto l&#8217;Albero. SCOPRI QUI le promozioni di Natale! Gli sconti Black Friday sono qui! \u00a0 Clicca\u00a0per\u00a0non perderli \u2192 assistenza Per qualsiasi informazione sui prodotti offerti nel sito puoi spedirci una mail al seguente indirizzo: info@tauroessiccatori.com In caso di necessit\u00e0 \u00e8 possibile contattarci ai recapiti telefonici aziendali indicati di seguito. La segreteria \u00e8 [&hellip;]<\/p>","protected":false},"author":1,"featured_media":0,"parent":1088,"menu_order":8,"comment_status":"closed","ping_status":"closed","template":"","meta":{"footnotes":""},"tags":[],"class_list":["post-5887","page","type-page","status-publish","hentry"],"acf":[],"yoast_head":"<!-- This site is optimized with the Yoast SEO plugin v20.10 - https:\/\/yoast.com\/wordpress\/plugins\/seo\/ -->\n<title>Assistenza - Tauro Essiccatori<\/title>\n<meta name=\"robots\" content=\"noindex, follow, max-snippet:-1, max-image-preview:large, max-video-preview:-1\" \/>\n<meta property=\"og:locale\" content=\"hu_HU\" \/>\n<meta property=\"og:type\" content=\"article\" \/>\n<meta property=\"og:title\" content=\"Assistenza - Tauro Essiccatori\" \/>\n<meta property=\"og:description\" content=\"Metti un BIOSEC sotto l&#039;Albero. SCOPRI QUI le promozioni di Natale! Gli sconti Black Friday sono qui! \u00a0 Clicca\u00a0per\u00a0non perderli \u2192 assistenza Per qualsiasi informazione sui prodotti offerti nel sito puoi spedirci una mail al seguente indirizzo: info@tauroessiccatori.com In caso di necessit\u00e0 \u00e8 possibile contattarci ai recapiti telefonici aziendali indicati di seguito. La segreteria \u00e8 [&hellip;]\" \/>\n<meta property=\"og:url\" content=\"https:\/\/stor51.tauroessiccatori.com\/hu\/ugyfelszolgalat\/segitsegnyujtas\/\" \/>\n<meta property=\"og:site_name\" content=\"Tauro Essiccatori\" \/>\n<meta property=\"article:publisher\" content=\"https:\/\/www.facebook.com\/TauroEssiccatori\/\" \/>\n<meta property=\"article:modified_time\" content=\"2022-08-07T14:19:15+00:00\" \/>\n<meta name=\"twitter:card\" content=\"summary_large_image\" \/>\n<script type=\"application\/ld+json\" class=\"yoast-schema-graph\">{\"@context\":\"https:\/\/schema.org\",\"@graph\":[{\"@type\":\"WebPage\",\"@id\":\"https:\/\/stor51.tauroessiccatori.com\/servizio-clienti\/assistenza\/\",\"url\":\"https:\/\/stor51.tauroessiccatori.com\/servizio-clienti\/assistenza\/\",\"name\":\"Assistenza - Tauro Essiccatori\",\"isPartOf\":{\"@id\":\"https:\/\/stor51.tauroessiccatori.com\/#website\"},\"datePublished\":\"2019-11-06T16:45:39+00:00\",\"dateModified\":\"2022-08-07T14:19:15+00:00\",\"breadcrumb\":{\"@id\":\"https:\/\/stor51.tauroessiccatori.com\/servizio-clienti\/assistenza\/#breadcrumb\"},\"inLanguage\":\"hu\",\"potentialAction\":[{\"@type\":\"ReadAction\",\"target\":[\"https:\/\/stor51.tauroessiccatori.com\/servizio-clienti\/assistenza\/\"]}]},{\"@type\":\"BreadcrumbList\",\"@id\":\"https:\/\/stor51.tauroessiccatori.com\/servizio-clienti\/assistenza\/#breadcrumb\",\"itemListElement\":[{\"@type\":\"ListItem\",\"position\":1,\"name\":\"Home\",\"item\":\"https:\/\/stor51.tauroessiccatori.com\/\"},{\"@type\":\"ListItem\",\"position\":2,\"name\":\"Servizio clienti\",\"item\":\"https:\/\/stor51.tauroessiccatori.com\/servizio-clienti\/\"},{\"@type\":\"ListItem\",\"position\":3,\"name\":\"Assistenza\"}]},{\"@type\":\"WebSite\",\"@id\":\"https:\/\/stor51.tauroessiccatori.com\/#website\",\"url\":\"https:\/\/stor51.tauroessiccatori.com\/\",\"name\":\"Tauro Essiccatori\",\"description\":\"Welcome to Tauro Essiccatori online shop\",\"publisher\":{\"@id\":\"https:\/\/stor51.tauroessiccatori.com\/#organization\"},\"potentialAction\":[{\"@type\":\"SearchAction\",\"target\":{\"@type\":\"EntryPoint\",\"urlTemplate\":\"https:\/\/stor51.tauroessiccatori.com\/?s={search_term_string}\"},\"query-input\":\"required name=search_term_string\"}],\"inLanguage\":\"hu\"},{\"@type\":\"Organization\",\"@id\":\"https:\/\/stor51.tauroessiccatori.com\/#organization\",\"name\":\"Tauro Essiccatori\",\"url\":\"https:\/\/stor51.tauroessiccatori.com\/\",\"logo\":{\"@type\":\"ImageObject\",\"inLanguage\":\"hu\",\"@id\":\"https:\/\/stor51.tauroessiccatori.com\/#\/schema\/logo\/image\/\",\"url\":\"https:\/\/www.tauroessiccatori.com\/wp-assets\/uploads\/2017\/07\/logo_tauro_500x109px.png\",\"contentUrl\":\"https:\/\/www.tauroessiccatori.com\/wp-assets\/uploads\/2017\/07\/logo_tauro_500x109px.png\",\"width\":500,\"height\":109,\"caption\":\"Tauro Essiccatori\"},\"image\":{\"@id\":\"https:\/\/stor51.tauroessiccatori.com\/#\/schema\/logo\/image\/\"},\"sameAs\":[\"https:\/\/www.facebook.com\/TauroEssiccatori\/\",\"https:\/\/www.instagram.com\/tauro_essiccatori\/\",\"https:\/\/it.linkedin.com\/company\/tauro-essiccatori\",\"https:\/\/www.youtube.com\/user\/tauroessiccatori\"]}]}<\/script>\n<!-- \/ Yoast SEO plugin. -->","yoast_head_json":{"title":"Assistenza - Tauro Essiccatori","robots":{"index":"noindex","follow":"follow","max-snippet":"max-snippet:-1","max-image-preview":"max-image-preview:large","max-video-preview":"max-video-preview:-1"},"og_locale":"hu_HU","og_type":"article","og_title":"Assistenza - Tauro Essiccatori","og_description":"Metti un BIOSEC sotto l'Albero. SCOPRI QUI le promozioni di Natale! Gli sconti Black Friday sono qui! \u00a0 Clicca\u00a0per\u00a0non perderli \u2192 assistenza Per qualsiasi informazione sui prodotti offerti nel sito puoi spedirci una mail al seguente indirizzo: info@tauroessiccatori.com In caso di necessit\u00e0 \u00e8 possibile contattarci ai recapiti telefonici aziendali indicati di seguito. La segreteria \u00e8 [&hellip;]","og_url":"https:\/\/stor51.tauroessiccatori.com\/hu\/ugyfelszolgalat\/segitsegnyujtas\/","og_site_name":"Tauro Essiccatori","article_publisher":"https:\/\/www.facebook.com\/TauroEssiccatori\/","article_modified_time":"2022-08-07T14:19:15+00:00","twitter_card":"summary_large_image","schema":{"@context":"https:\/\/schema.org","@graph":[{"@type":"WebPage","@id":"https:\/\/stor51.tauroessiccatori.com\/servizio-clienti\/assistenza\/","url":"https:\/\/stor51.tauroessiccatori.com\/servizio-clienti\/assistenza\/","name":"Assistenza - Tauro Essiccatori","isPartOf":{"@id":"https:\/\/stor51.tauroessiccatori.com\/#website"},"datePublished":"2019-11-06T16:45:39+00:00","dateModified":"2022-08-07T14:19:15+00:00","breadcrumb":{"@id":"https:\/\/stor51.tauroessiccatori.com\/servizio-clienti\/assistenza\/#breadcrumb"},"inLanguage":"hu","potentialAction":[{"@type":"ReadAction","target":["https:\/\/stor51.tauroessiccatori.com\/servizio-clienti\/assistenza\/"]}]},{"@type":"BreadcrumbList","@id":"https:\/\/stor51.tauroessiccatori.com\/servizio-clienti\/assistenza\/#breadcrumb","itemListElement":[{"@type":"ListItem","position":1,"name":"Home","item":"https:\/\/stor51.tauroessiccatori.com\/"},{"@type":"ListItem","position":2,"name":"Servizio clienti","item":"https:\/\/stor51.tauroessiccatori.com\/servizio-clienti\/"},{"@type":"ListItem","position":3,"name":"Assistenza"}]},{"@type":"WebSite","@id":"https:\/\/stor51.tauroessiccatori.com\/#website","url":"https:\/\/stor51.tauroessiccatori.com\/","name":"Tauro Essiccatori","description":"Welcome to Tauro Essiccatori online shop","publisher":{"@id":"https:\/\/stor51.tauroessiccatori.com\/#organization"},"potentialAction":[{"@type":"SearchAction","target":{"@type":"EntryPoint","urlTemplate":"https:\/\/stor51.tauroessiccatori.com\/?s={search_term_string}"},"query-input":"required name=search_term_string"}],"inLanguage":"hu"},{"@type":"Organization","@id":"https:\/\/stor51.tauroessiccatori.com\/#organization","name":"Tauro Essiccatori","url":"https:\/\/stor51.tauroessiccatori.com\/","logo":{"@type":"ImageObject","inLanguage":"hu","@id":"https:\/\/stor51.tauroessiccatori.com\/#\/schema\/logo\/image\/","url":"https:\/\/www.tauroessiccatori.com\/wp-assets\/uploads\/2017\/07\/logo_tauro_500x109px.png","contentUrl":"https:\/\/www.tauroessiccatori.com\/wp-assets\/uploads\/2017\/07\/logo_tauro_500x109px.png","width":500,"height":109,"caption":"Tauro Essiccatori"},"image":{"@id":"https:\/\/stor51.tauroessiccatori.com\/#\/schema\/logo\/image\/"},"sameAs":["https:\/\/www.facebook.com\/TauroEssiccatori\/","https:\/\/www.instagram.com\/tauro_essiccatori\/","https:\/\/it.linkedin.com\/company\/tauro-essiccatori","https:\/\/www.youtube.com\/user\/tauroessiccatori"]}]}},"_links":{"self":[{"href":"https:\/\/stor51.tauroessiccatori.com\/hu\/wp-json\/wp\/v2\/pages\/5887"}],"collection":[{"href":"https:\/\/stor51.tauroessiccatori.com\/hu\/wp-json\/wp\/v2\/pages"}],"about":[{"href":"https:\/\/stor51.tauroessiccatori.com\/hu\/wp-json\/wp\/v2\/types\/page"}],"author":[{"embeddable":true,"href":"https:\/\/stor51.tauroessiccatori.com\/hu\/wp-json\/wp\/v2\/users\/1"}],"replies":[{"embeddable":true,"href":"https:\/\/stor51.tauroessiccatori.com\/hu\/wp-json\/wp\/v2\/comments?post=5887"}],"version-history":[{"count":4,"href":"https:\/\/stor51.tauroessiccatori.com\/hu\/wp-json\/wp\/v2\/pages\/5887\/revisions"}],"predecessor-version":[{"id":165079,"href":"https:\/\/stor51.tauroessiccatori.com\/hu\/wp-json\/wp\/v2\/pages\/5887\/revisions\/165079"}],"up":[{"embeddable":true,"href":"https:\/\/stor51.tauroessiccatori.com\/hu\/wp-json\/wp\/v2\/pages\/1088"}],"wp:attachment":[{"href":"https:\/\/stor51.tauroessiccatori.com\/hu\/wp-json\/wp\/v2\/media?parent=5887"}],"wp:term":[{"taxonomy":"post_tag","embeddable":true,"href":"https:\/\/stor51.tauroessiccatori.com\/hu\/wp-json\/wp\/v2\/tags?post=5887"}],"curies":[{"name":"wp","href":"https:\/\/api.w.org\/{rel}","templated":true}]}}