


{"id":5801,"date":"2019-11-02T10:19:08","date_gmt":"2019-11-02T09:19:08","guid":{"rendered":"https:\/\/www.tauroessiccatori.com\/?page_id=5801\/"},"modified":"2022-08-06T17:17:50","modified_gmt":"2022-08-06T15:17:50","slug":"chef","status":"publish","type":"page","link":"https:\/\/stor51.tauroessiccatori.com\/hu\/inspiraciok\/miert-szaritas\/szakacs\/","title":{"rendered":"Mi\u00e9rt sz\u00e1raz, ha szak\u00e1cs vagy?"},"content":{"rendered":"<div class=\"tauro-banners\"><div class=\"banner-00\" style=\"background-color: #852035\">\r\n<div class=\"ix-xmas-box-other\" style=\"font-size: 18px;padding: 7px 0;margin: 0 auto 0px auto\" align=\"center\"><b style=\"color: #fff;font-size: 18px\">Helyezzen egy BIOSEC-et a fa al\u00e1. <a style=\"color: #f8cc89;font-weight: bold;text-decoration: none;font-size: 18px\" href=\"https:\/\/www.tauroessiccatori.com\/christmas-2024\/\">FEDEZZE MEG ITT<\/a> Kar\u00e1csonyi akci\u00f3k!<\/b><\/div>\r\n<\/div><div class=\"banner-00\" style=\"background-color: #000\">\r\n<div class=\"ix-xmas-box-other\" style=\"font-size: 18px;padding: 7px 0;margin: 0 auto 0px auto\" align=\"center\"><b style=\"color: #fff\"> Itt vannak a fekete p\u00e9nteki kedvezm\u00e9nyek! \u00a0 <a style=\"color: #f77209;font-weight: bold;text-decoration: none\" href=\"https:\/\/www.tauroessiccatori.com\/black-friday-2024\/\"> Kattints, hogy ne hagyd ki \u0151ket \u2192 <\/a>\r\n<\/b><\/div>\r\n<\/div><\/div><p><!-- 2022-08-03 italix: kevin: was:h2 add:ix-h1--><\/p>\n<h1 class=\"ix-h1\">mi\u00e9rt sz\u00e1raz, ha szak\u00e1cs vagy<\/h1>\n<p><a name=\"approfondimenti\"><\/a><\/p>\n<div class=\"p1 ix-intestazione-azienda\">V\u00e1ratlan \u00e1llagok, v\u00e1ratlan kontrasztok, intenz\u00edv sz\u00ednek, koncentr\u00e1lt \u00edzek, \u00edzrobban\u00e1sok. Azt\u00e1n lapok, chipek, dekor\u00e1ci\u00f3k... Engedje szabadj\u00e1ra kreativit\u00e1s\u00e1t, \u00e9s tegye k\u00fcl\u00f6nlegess\u00e9 javaslatait a sz\u00e1r\u00edt\u00e1s var\u00e1zs\u00e1val.<\/div>\n<div style=\"background-color: #ffeebf; margin: 70px 0;\">\n<div class=\"ix-chef-1st-banner\">\n<div class=\"uk-grid uk-grid-medium\">\n<div class=\"uk-width-large-1-3\"><\/div>\n<div class=\"uk-width-large-2-3\">\n<h2 class=\"ix-azienda-1st-banner-h2\">a sz\u00e1r\u00edt\u00e1s m\u0171v\u00e9szett\u00e9 v\u00e1lik<\/h2>\n<div class=\"p1 ix-azienda-1st-banner-text\">Legy\u00e9l elismert, maradj eml\u00e9kezetes. Fedezze fel, hogy a sz\u00e1r\u00edtott term\u00e9kek hogyan adnak innov\u00e1ci\u00f3t \u00e9s \u00edzt, szabad\u00edts\u00e1k fel a kreativit\u00e1st, \u00faj\u00edts\u00e1k meg k\u00edn\u00e1lat\u00e1t. Az egyetlen korl\u00e1t a k\u00e9pzelet: a Tauro seg\u00edts\u00e9g\u00e9vel b\u00e1rmilyen \u00e9lelmiszert \u00e1talak\u00edthat \u00e9s felhaszn\u00e1lhat, \u00faj, \u00edzletes, eg\u00e9szs\u00e9ges \u00e9s eredeti megold\u00e1sokat hozva l\u00e9tre.<\/div>\n<\/p><\/div>\n<\/p><\/div>\n<\/p><\/div>\n<\/div>\n<div style=\"background-color: #fad0c3; margin: 70px 0;\">\n<div class=\"ix-chef-2nd-banner\">\n<div class=\"uk-grid uk-grid-medium\">\n<div class=\"uk-width-large-2-3\">\n<h2 class=\"ix-why-dry-chef-h2\">Olasz min\u0151s\u00e9g, professzion\u00e1lis technol\u00f3gia<\/h2>\n<div class=\"p1 ix-azienda-2nd-banner-text\">A Biosec Pro \u00e9s B.Master professzion\u00e1lis term\u00e9kcsal\u00e1dok modelljei, de a teljesen rozsdamentes ac\u00e9lb\u00f3l k\u00e9sz\u00fclt Biosec De Luxe modelljeink is \u00fagy lettek tervezve, hogy a legjobb eredm\u00e9nyeket k\u00edn\u00e1lj\u00e1k, az \u00e9lelmiszer teljes tiszteletben tart\u00e1sa mellett, gyorsan \u00e9s cs\u00f6kkentett fogyaszt\u00e1ssal. Takar\u00edtsd ki a s\u00fct\u0151t \u00e9s kapcsold be a sz\u00e1r\u00edt\u00e1st!<\/div>\n<\/p><\/div>\n<div class=\"uk-width-large-1-3\"><\/div>\n<\/p><\/div>\n<\/p><\/div>\n<\/div>\n<p><a name=\"clienti\"><\/a><\/p>\n<h2 class=\"ix-h2-azienda\">Vel\u00fcnk dolgoznak<\/h2>\n<div class=\"p1 ix-intestazione-azienda\">Nagyon sok szak\u00e1cs v\u00e1lasztja a Tauro min\u0151s\u00e9g\u00e9t \u00e9s garanci\u00e1j\u00e1t minden nap. Tudd meg, mi\u00e9rt, \u00e9s inspir\u00e1l\u00f3dj a k\u00f6vetkez\u0151 alkot\u00e1sodhoz.<\/div>\n<div class=\"ix-max-box-medium ix-double-box\">\n<div class=\"uk-grid uk-grid-medium\">\n<div class=\"uk-width-large-1-2\">\n<div class=\"uk-grid uk-grid-collapse\">\n<div class=\"uk-width-1-1 uk-width-large-1-1\"><img loading=\"lazy\" decoding=\"async\" class=\"ix-aziende-tauro-image alignnone\" src=\"https:\/\/stor51.tauroessiccatori.com\/wp-assets\/uploads\/2019\/11\/Paolo-Dalicandro-Tauro-Essiccatori.jpg\" alt=\"paolo dalicandro tauro chef sz\u00e1r\u00edt\u00f3k professzion\u00e1lis sz\u00e1r\u00edt\u00e1s\" width=\"1500\" height=\"752\" \/><\/div>\n<div class=\"uk-width-1-1 uk-width-large-1-1\">\n<div class=\"ix-aziente-tauro-grey-container\">\n<div class=\"ix-aziende-tauro-h3\">\n<h3 class=\"ix-aziende-tauro-nome\">Paolo Dalicandro s\u00e9f<\/h3>\n<h3 class=\"ix-aziende-tauro-luogo\">R\u00f3ma<\/h3>\n<\/p><\/div>\n<div class=\"ix-aziende-tauro-underline\"><\/div>\n<div class=\"p2 ix-aziende-tauro-txt\">Az \u00e9vekig tart\u00f3 egy\u00fcttm\u0171k\u00f6d\u00e9s ut\u00e1n Paolo lett a Tauro hivatalos s\u00e9fje. H\u00edres az Olaszorsz\u00e1g-szerte tartott tanfolyamai, vide\u00f3 oktat\u00f3vide\u00f3i \u00e9s a meglep\u0151 csod\u00e1k, amelyeket a Biosec-b\u0151l el\u0151 tud csalogatni, a pap\u00edrt\u00f3l a lekv\u00e1rig, a s\u00f3t\u00f3l a kand\u00edrozott gy\u00fcm\u00f6lcs\u00f6kig.<\/div>\n<\/p><\/div>\n<\/p><\/div>\n<\/p><\/div>\n<\/p><\/div>\n<div class=\"uk-width-large-1-2\">\n<div class=\"uk-grid uk-grid-collapse\">\n<div class=\"uk-width-1-1 uk-width-large-1-1\"><img loading=\"lazy\" decoding=\"async\" class=\"ix-aziende-tauro-image alignnone\" src=\"https:\/\/stor51.tauroessiccatori.com\/wp-assets\/uploads\/2019\/11\/igles-corelli-tauro-essiccatori.jpg\" alt=\"Igles Corelli szak\u00e1cssz\u00e1r\u00edt\u00f3k Tauro professzion\u00e1lis min\u0151s\u00e9gben\" width=\"1145\" height=\"574\" \/><\/div>\n<div class=\"uk-width-1-1 uk-width-large-1-1\">\n<div class=\"ix-aziente-tauro-grey-container\">\n<div class=\"ix-aziende-tauro-h3\">\n<h3 class=\"ix-aziende-tauro-nome\">Igles Corelli<\/h3>\n<h3 class=\"ix-aziende-tauro-luogo\">R\u00f3ma<\/h3>\n<\/p><\/div>\n<div class=\"ix-aziende-tauro-underline\"><\/div>\n<div class=\"p2 ix-aziende-tauro-txt\">A t\u00f6bbsz\u00f6r\u00f6sen elismert, ragad\u00f3s mosoly\u00fa s\u00e9f Corelli a \"k\u00f6rkonyha\" feltal\u00e1l\u00f3ja \u00e9s a sz\u00e1r\u00edt\u00f3val val\u00f3 f\u00faj\u00e1s \u00fatt\u00f6r\u0151je, amelyr\u0151l a Gambero Rosso csatorn\u00e1n is besz\u00e9l. \u00c9ttermeinek konyh\u00e1j\u00e1ban a Biosec mindig \u00fczemel.<\/div>\n<\/p><\/div>\n<\/p><\/div>\n<\/p><\/div>\n<\/p><\/div>\n<\/p><\/div>\n<\/div>\n<h2 class=\"ix-h2-azienda\">professzion\u00e1lis sz\u00e1r\u00edt\u00f3k<\/h2>\n<div class=\"p1 ix-intestazione-azienda\">J\u00f3 \u00f6tletek a j\u00f3 felhaszn\u00e1l\u00e1sra. Fedezze fel professzion\u00e1lis term\u00e9kcsal\u00e1djainkat: cs\u00facstechnol\u00f3gi\u00e1s sz\u00e1r\u00edt\u00f3k, amelyeket azok sz\u00e1m\u00e1ra terveztek \u00e9s alak\u00edtottak ki, akiknek vil\u00e1gos c\u00e9ljaik vannak, \u00e9s a min\u0151s\u00e9get \u00e9s a hiteless\u00e9get tekintik \u00fczlet\u00fcknek.<\/div>\n<div class=\"ix-container-inner\">\n<div style=\"margin: 90px auto; font-family: Poppins; font-size: 14px;\">\n<div class=\"uk-grid uk-grid-medium\">\n<div class=\"uk-width-large-1-3\">\n<div class=\"ix-icon-container\">\n<div class=\"icon-1\"><img loading=\"lazy\" decoding=\"async\" class=\"alignnone\" style=\"width: 100%;\" src=\"https:\/\/stor2.tauroessiccatori.com\/wp-assets\/uploads\/2019\/09\/img-01.jpg\" alt=\"min\u0151s\u00e9gi made in Italy tauro sz\u00e1r\u00edt\u00f3k\" width=\"443\" height=\"321\" \/><\/div>\n<div class=\"icon-title-1\">\n<h3>Made in Italy min\u0151s\u00e9g 30 \u00e9ve<\/h3>\n<p class=\"p2 p-icon-1\">Sz\u00e1r\u00edt\u00f3inkat olasz rozsdamentes ac\u00e9lb\u00f3l k\u00e9zzel gy\u00e1rtjuk, hogy garant\u00e1ljuk a tart\u00f3ss\u00e1got \u00e9s az er\u0151ss\u00e9get.<\/p>\n<\/p><\/div>\n<\/p><\/div>\n<\/p><\/div>\n<div class=\"uk-width-large-1-3\">\n<div class=\"ix-icon-container\">\n<div class=\"icon-1\"><img loading=\"lazy\" decoding=\"async\" class=\"alignnone\" style=\"width: 100%;\" src=\"https:\/\/stor2.tauroessiccatori.com\/wp-assets\/uploads\/2019\/09\/img-02.jpg\" alt=\"tauro sz\u00e1r\u00edt\u00f3k \u00fcgyf\u00e9lszolg\u00e1lat\" width=\"443\" height=\"321\" \/><\/div>\n<div class=\"icon-title-1\">\n<h3>garant\u00e1lt seg\u00edts\u00e9g<\/h3>\n<p class=\"p2 p-icon-1\">Elmagyar\u00e1zzuk, hogyan lehet a legjobban sz\u00e1r\u00edtani b\u00e1rmilyen term\u00e9ket: mindig az \u00d6n rendelkez\u00e9s\u00e9re \u00e1llunk.<\/p>\n<\/p><\/div>\n<\/p><\/div>\n<\/p><\/div>\n<div class=\"uk-width-large-1-3\">\n<div class=\"ix-icon-container\">\n<div class=\"icon-1\"><img loading=\"lazy\" decoding=\"async\" class=\"alignnone\" style=\"width: 100%;\" src=\"https:\/\/stor2.tauroessiccatori.com\/wp-assets\/uploads\/2019\/09\/img-03.jpg\" alt=\"min\u0151s\u00e9gi garancia made in Italy tauro sz\u00e1r\u00edt\u00f3k\" width=\"443\" height=\"321\" \/><\/div>\n<div class=\"icon-title-1\">\n<h3>Eur\u00f3pai garancia a telep\u00edt\u00e9sre<\/h3>\n<p class=\"p2 p-icon-1\">Minden Tauro implant\u00e1tumra egy \u00e9v eur\u00f3pai garancia vonatkozik.<\/p>\n<\/p><\/div>\n<\/p><\/div>\n<\/p><\/div>\n<\/p><\/div>\n<\/p><\/div>\n<\/div>\n<div class=\"ix-home-dryer-related-products-title\">\n<h2>kapcsol\u00f3d\u00f3 term\u00e9kek<\/h2>\n<\/div>\n<div class=\"ix-max-box-medium ix-essiccare-box-stex-altezze\" style=\"\">\n<div class=\"uk-grid uk-grid-medium\">\n<div class=\"uk-width-1-1 uk-width-large-1-3\">\n         <a href=\"https:\/\/stor51.tauroessiccatori.com\/hu\/p\/biosec-pro\/\" class=\"ix-product-perche-essiccare\"><\/p>\n<div style=\"background-color: #f3f3f3; padding-bottom: 40px; border: solid 2px #f3f3f3;\">\n            <img loading=\"lazy\" decoding=\"async\" class=\"alignnone\" style=\"width: 100%;\" src=\"https:\/\/stor51.tauroessiccatori.com\/wp-assets\/uploads\/2019\/12\/good01_VMR_9237_OK-min.jpg\" alt=\"tauro Biosec Pro professzion\u00e1lis sz\u00e1r\u00edt\u00f3k s\u00e9f min\u0151s\u00e9gben\" width=\"1618\" height=\"1000\" \/><\/p>\n<h3 style=\"margin-top: 20px; text-align: center;\">Biosec Pro<\/h3>\n<div class=\"p5\" style=\"width: 100%; padding-top: 10px; padding-bottom: 30px; text-align: center;\">3m\u00b2 sz\u00e1r\u00edt\u00f3fel\u00fclet<br \/>\n               12 rozsdamentes ac\u00e9l polc\n            <\/div>\n<div>\n<p class=\"p4 ix-product-scopri ix-category-link\"><span>fedezze fel a<\/span><\/p>\n<\/p><\/div>\n<\/p><\/div>\n<p>         <\/a>\n      <\/div>\n<div class=\"uk-width-1-1 uk-width-large-1-3\">\n         <a href=\"https:\/\/stor51.tauroessiccatori.com\/hu\/p\/biosec-de-luxe-b6\/\" class=\"ix-product-perche-essiccare\"><\/p>\n<div style=\"background-color: #f3f3f3; padding-bottom: 40px; border: solid 2px #f3f3f3;\">\n            <img loading=\"lazy\" decoding=\"async\" class=\"alignnone\" style=\"width: 100%;\" src=\"https:\/\/stor51.tauroessiccatori.com\/wp-assets\/uploads\/2017\/04\/de_luxe_b6_posteriore.jpg\" alt=\"Tauro Biosec B6 professzion\u00e1lis rozsdamentes ac\u00e9l sz\u00e1r\u00edt\u00f3k\" width=\"2048\" height=\"1266\" \/><\/p>\n<h3 style=\"margin-top: 20px; text-align: center;\">Biosec De Luxe B6<\/h3>\n<div class=\"p5\" style=\"width: 100%; padding-top: 10px; padding-bottom: 30px; text-align: center;\">Alag\u00fat \u00e9s 6 kos\u00e1r<br \/>\n               rozsdamentes ac\u00e9l\n            <\/div>\n<div>\n<p class=\"p4 ix-product-scopri ix-category-link\"><span>fedezze fel a<\/span><\/p>\n<\/p><\/div>\n<\/p><\/div>\n<p>         <\/a>\n      <\/div>\n<div class=\"uk-width-1-1 uk-width-large-1-3\">\n         <a href=\"https:\/\/stor51.tauroessiccatori.com\/hu\/p\/biosec-de-luxe-b12\/\" class=\"ix-product-perche-essiccare\"><\/p>\n<div style=\"background-color: #f3f3f3; padding-bottom: 40px; border: solid 2px #f3f3f3;\">\n            <img loading=\"lazy\" decoding=\"async\" class=\"alignnone\" style=\"width: 100%;\" src=\"https:\/\/stor51.tauroessiccatori.com\/wp-assets\/uploads\/2017\/04\/de_luxe_b12_posteriore.jpg\" alt=\"Tauro professzion\u00e1lis sz\u00e1r\u00edt\u00f3k min\u0151s\u00e9gi Biosec DeLuxe B12 szak\u00e1cs ac\u00e9lb\u00f3l\" width=\"2048\" height=\"1266\" \/><\/p>\n<h3 style=\"margin-top: 20px; text-align: center;\">Biosec De Luxe B12<\/h3>\n<div class=\"p5\" style=\"width: 100%; padding-top: 10px; padding-bottom: 30px; text-align: center;\">Alag\u00fat \u00e9s 12 kos\u00e1r<br \/>\n               rozsdamentes ac\u00e9l\n            <\/div>\n<div>\n<p class=\"p4 ix-product-scopri ix-category-link\"><span>fedezze fel a<\/span><\/p>\n<\/p><\/div>\n<\/p><\/div>\n<p>         <\/a>\n      <\/div>\n<\/p><\/div>\n<\/div>","protected":false},"excerpt":{"rendered":"<p>Metti un BIOSEC sotto l&#8217;Albero. SCOPRI QUI le promozioni di Natale! Gli sconti Black Friday sono qui! \u00a0 Clicca\u00a0per\u00a0non perderli \u2192 perch\u00e9 essiccare se sei uno chef Consistenze impreviste, contrasti inaspettati, colori intensi, sapori concentrati, esplosioni di gusto. E poi sfoglie, chips, decorazioni&#8230; Libera la creativit\u00e0 e distingui le tue proposte con la magia dell&#8217;essiccazione. [&hellip;]<\/p>","protected":false},"author":1,"featured_media":0,"parent":5794,"menu_order":0,"comment_status":"closed","ping_status":"closed","template":"","meta":{"footnotes":""},"tags":[],"class_list":["post-5801","page","type-page","status-publish","hentry"],"acf":[],"yoast_head":"<!-- This site is optimized with the Yoast SEO plugin v20.10 - https:\/\/yoast.com\/wordpress\/plugins\/seo\/ -->\n<title>Perch\u00e9 essiccare se sei uno chef? - Tauro Essiccatori<\/title>\n<meta name=\"description\" content=\"Consistenze impreviste, sapori inaspettati, colori intensi, qualit\u00e0 concentrata. Creativit\u00e0 ed essiccazione professionale per chef all&#039;avanguardia.\" \/>\n<meta name=\"robots\" content=\"noindex, follow, max-snippet:-1, max-image-preview:large, max-video-preview:-1\" \/>\n<meta property=\"og:locale\" content=\"hu_HU\" \/>\n<meta property=\"og:type\" content=\"article\" \/>\n<meta property=\"og:title\" content=\"Perch\u00e9 essiccare se sei uno chef? - Tauro Essiccatori\" \/>\n<meta property=\"og:description\" content=\"Consistenze impreviste, sapori inaspettati, colori intensi, qualit\u00e0 concentrata. Creativit\u00e0 ed essiccazione professionale per chef all&#039;avanguardia.\" \/>\n<meta property=\"og:url\" content=\"https:\/\/stor51.tauroessiccatori.com\/hu\/inspiraciok\/miert-szaritas\/szakacs\/\" \/>\n<meta property=\"og:site_name\" content=\"Tauro Essiccatori\" \/>\n<meta property=\"article:publisher\" content=\"https:\/\/www.facebook.com\/TauroEssiccatori\/\" \/>\n<meta property=\"article:modified_time\" content=\"2022-08-06T15:17:50+00:00\" \/>\n<meta property=\"og:image\" content=\"https:\/\/stor51.tauroessiccatori.com\/wp-assets\/uploads\/2019\/11\/Paolo-Dalicandro-Tauro-Essiccatori.jpg\" \/>\n<meta name=\"twitter:card\" content=\"summary_large_image\" \/>\n<meta name=\"twitter:label1\" content=\"Est. reading time\" \/>\n\t<meta name=\"twitter:data1\" content=\"2 perc\" \/>\n<script type=\"application\/ld+json\" class=\"yoast-schema-graph\">{\"@context\":\"https:\/\/schema.org\",\"@graph\":[{\"@type\":\"WebPage\",\"@id\":\"https:\/\/stor51.tauroessiccatori.com\/ispirazioni\/perche-essiccare\/chef\/\",\"url\":\"https:\/\/stor51.tauroessiccatori.com\/ispirazioni\/perche-essiccare\/chef\/\",\"name\":\"Perch\u00e9 essiccare se sei uno chef? - Tauro Essiccatori\",\"isPartOf\":{\"@id\":\"https:\/\/stor51.tauroessiccatori.com\/#website\"},\"datePublished\":\"2019-11-02T09:19:08+00:00\",\"dateModified\":\"2022-08-06T15:17:50+00:00\",\"description\":\"Consistenze impreviste, sapori inaspettati, colori intensi, qualit\u00e0 concentrata. Creativit\u00e0 ed essiccazione professionale per chef all'avanguardia.\",\"breadcrumb\":{\"@id\":\"https:\/\/stor51.tauroessiccatori.com\/ispirazioni\/perche-essiccare\/chef\/#breadcrumb\"},\"inLanguage\":\"hu\",\"potentialAction\":[{\"@type\":\"ReadAction\",\"target\":[\"https:\/\/stor51.tauroessiccatori.com\/ispirazioni\/perche-essiccare\/chef\/\"]}]},{\"@type\":\"BreadcrumbList\",\"@id\":\"https:\/\/stor51.tauroessiccatori.com\/ispirazioni\/perche-essiccare\/chef\/#breadcrumb\",\"itemListElement\":[{\"@type\":\"ListItem\",\"position\":1,\"name\":\"Home\",\"item\":\"https:\/\/stor51.tauroessiccatori.com\/\"},{\"@type\":\"ListItem\",\"position\":2,\"name\":\"Ispirazioni\",\"item\":\"https:\/\/stor51.tauroessiccatori.com\/ispirazioni\/\"},{\"@type\":\"ListItem\",\"position\":3,\"name\":\"Perch\u00e9 essiccare?\",\"item\":\"https:\/\/stor51.tauroessiccatori.com\/ispirazioni\/perche-essiccare\/\"},{\"@type\":\"ListItem\",\"position\":4,\"name\":\"Perch\u00e9 essiccare se sei uno chef?\"}]},{\"@type\":\"WebSite\",\"@id\":\"https:\/\/stor51.tauroessiccatori.com\/#website\",\"url\":\"https:\/\/stor51.tauroessiccatori.com\/\",\"name\":\"Tauro Essiccatori\",\"description\":\"Welcome to Tauro Essiccatori online shop\",\"publisher\":{\"@id\":\"https:\/\/stor51.tauroessiccatori.com\/#organization\"},\"potentialAction\":[{\"@type\":\"SearchAction\",\"target\":{\"@type\":\"EntryPoint\",\"urlTemplate\":\"https:\/\/stor51.tauroessiccatori.com\/?s={search_term_string}\"},\"query-input\":\"required name=search_term_string\"}],\"inLanguage\":\"hu\"},{\"@type\":\"Organization\",\"@id\":\"https:\/\/stor51.tauroessiccatori.com\/#organization\",\"name\":\"Tauro Essiccatori\",\"url\":\"https:\/\/stor51.tauroessiccatori.com\/\",\"logo\":{\"@type\":\"ImageObject\",\"inLanguage\":\"hu\",\"@id\":\"https:\/\/stor51.tauroessiccatori.com\/#\/schema\/logo\/image\/\",\"url\":\"https:\/\/www.tauroessiccatori.com\/wp-assets\/uploads\/2017\/07\/logo_tauro_500x109px.png\",\"contentUrl\":\"https:\/\/www.tauroessiccatori.com\/wp-assets\/uploads\/2017\/07\/logo_tauro_500x109px.png\",\"width\":500,\"height\":109,\"caption\":\"Tauro Essiccatori\"},\"image\":{\"@id\":\"https:\/\/stor51.tauroessiccatori.com\/#\/schema\/logo\/image\/\"},\"sameAs\":[\"https:\/\/www.facebook.com\/TauroEssiccatori\/\",\"https:\/\/www.instagram.com\/tauro_essiccatori\/\",\"https:\/\/it.linkedin.com\/company\/tauro-essiccatori\",\"https:\/\/www.youtube.com\/user\/tauroessiccatori\"]}]}<\/script>\n<!-- \/ Yoast SEO plugin. -->","yoast_head_json":{"title":"Perch\u00e9 essiccare se sei uno chef? - Tauro Essiccatori","description":"Consistenze impreviste, sapori inaspettati, colori intensi, qualit\u00e0 concentrata. Creativit\u00e0 ed essiccazione professionale per chef all'avanguardia.","robots":{"index":"noindex","follow":"follow","max-snippet":"max-snippet:-1","max-image-preview":"max-image-preview:large","max-video-preview":"max-video-preview:-1"},"og_locale":"hu_HU","og_type":"article","og_title":"Perch\u00e9 essiccare se sei uno chef? - Tauro Essiccatori","og_description":"Consistenze impreviste, sapori inaspettati, colori intensi, qualit\u00e0 concentrata. Creativit\u00e0 ed essiccazione professionale per chef all'avanguardia.","og_url":"https:\/\/stor51.tauroessiccatori.com\/hu\/inspiraciok\/miert-szaritas\/szakacs\/","og_site_name":"Tauro Essiccatori","article_publisher":"https:\/\/www.facebook.com\/TauroEssiccatori\/","article_modified_time":"2022-08-06T15:17:50+00:00","og_image":[{"url":"https:\/\/stor51.tauroessiccatori.com\/wp-assets\/uploads\/2019\/11\/Paolo-Dalicandro-Tauro-Essiccatori.jpg"}],"twitter_card":"summary_large_image","twitter_misc":{"Est. reading time":"2 perc"},"schema":{"@context":"https:\/\/schema.org","@graph":[{"@type":"WebPage","@id":"https:\/\/stor51.tauroessiccatori.com\/ispirazioni\/perche-essiccare\/chef\/","url":"https:\/\/stor51.tauroessiccatori.com\/ispirazioni\/perche-essiccare\/chef\/","name":"Perch\u00e9 essiccare se sei uno chef? - Tauro Essiccatori","isPartOf":{"@id":"https:\/\/stor51.tauroessiccatori.com\/#website"},"datePublished":"2019-11-02T09:19:08+00:00","dateModified":"2022-08-06T15:17:50+00:00","description":"Consistenze impreviste, sapori inaspettati, colori intensi, qualit\u00e0 concentrata. Creativit\u00e0 ed essiccazione professionale per chef all'avanguardia.","breadcrumb":{"@id":"https:\/\/stor51.tauroessiccatori.com\/ispirazioni\/perche-essiccare\/chef\/#breadcrumb"},"inLanguage":"hu","potentialAction":[{"@type":"ReadAction","target":["https:\/\/stor51.tauroessiccatori.com\/ispirazioni\/perche-essiccare\/chef\/"]}]},{"@type":"BreadcrumbList","@id":"https:\/\/stor51.tauroessiccatori.com\/ispirazioni\/perche-essiccare\/chef\/#breadcrumb","itemListElement":[{"@type":"ListItem","position":1,"name":"Home","item":"https:\/\/stor51.tauroessiccatori.com\/"},{"@type":"ListItem","position":2,"name":"Ispirazioni","item":"https:\/\/stor51.tauroessiccatori.com\/ispirazioni\/"},{"@type":"ListItem","position":3,"name":"Perch\u00e9 essiccare?","item":"https:\/\/stor51.tauroessiccatori.com\/ispirazioni\/perche-essiccare\/"},{"@type":"ListItem","position":4,"name":"Perch\u00e9 essiccare se sei uno chef?"}]},{"@type":"WebSite","@id":"https:\/\/stor51.tauroessiccatori.com\/#website","url":"https:\/\/stor51.tauroessiccatori.com\/","name":"Tauro Essiccatori","description":"Welcome to Tauro Essiccatori online shop","publisher":{"@id":"https:\/\/stor51.tauroessiccatori.com\/#organization"},"potentialAction":[{"@type":"SearchAction","target":{"@type":"EntryPoint","urlTemplate":"https:\/\/stor51.tauroessiccatori.com\/?s={search_term_string}"},"query-input":"required name=search_term_string"}],"inLanguage":"hu"},{"@type":"Organization","@id":"https:\/\/stor51.tauroessiccatori.com\/#organization","name":"Tauro Essiccatori","url":"https:\/\/stor51.tauroessiccatori.com\/","logo":{"@type":"ImageObject","inLanguage":"hu","@id":"https:\/\/stor51.tauroessiccatori.com\/#\/schema\/logo\/image\/","url":"https:\/\/www.tauroessiccatori.com\/wp-assets\/uploads\/2017\/07\/logo_tauro_500x109px.png","contentUrl":"https:\/\/www.tauroessiccatori.com\/wp-assets\/uploads\/2017\/07\/logo_tauro_500x109px.png","width":500,"height":109,"caption":"Tauro Essiccatori"},"image":{"@id":"https:\/\/stor51.tauroessiccatori.com\/#\/schema\/logo\/image\/"},"sameAs":["https:\/\/www.facebook.com\/TauroEssiccatori\/","https:\/\/www.instagram.com\/tauro_essiccatori\/","https:\/\/it.linkedin.com\/company\/tauro-essiccatori","https:\/\/www.youtube.com\/user\/tauroessiccatori"]}]}},"_links":{"self":[{"href":"https:\/\/stor51.tauroessiccatori.com\/hu\/wp-json\/wp\/v2\/pages\/5801"}],"collection":[{"href":"https:\/\/stor51.tauroessiccatori.com\/hu\/wp-json\/wp\/v2\/pages"}],"about":[{"href":"https:\/\/stor51.tauroessiccatori.com\/hu\/wp-json\/wp\/v2\/types\/page"}],"author":[{"embeddable":true,"href":"https:\/\/stor51.tauroessiccatori.com\/hu\/wp-json\/wp\/v2\/users\/1"}],"replies":[{"embeddable":true,"href":"https:\/\/stor51.tauroessiccatori.com\/hu\/wp-json\/wp\/v2\/comments?post=5801"}],"version-history":[{"count":43,"href":"https:\/\/stor51.tauroessiccatori.com\/hu\/wp-json\/wp\/v2\/pages\/5801\/revisions"}],"predecessor-version":[{"id":165061,"href":"https:\/\/stor51.tauroessiccatori.com\/hu\/wp-json\/wp\/v2\/pages\/5801\/revisions\/165061"}],"up":[{"embeddable":true,"href":"https:\/\/stor51.tauroessiccatori.com\/hu\/wp-json\/wp\/v2\/pages\/5794"}],"wp:attachment":[{"href":"https:\/\/stor51.tauroessiccatori.com\/hu\/wp-json\/wp\/v2\/media?parent=5801"}],"wp:term":[{"taxonomy":"post_tag","embeddable":true,"href":"https:\/\/stor51.tauroessiccatori.com\/hu\/wp-json\/wp\/v2\/tags?post=5801"}],"curies":[{"name":"wp","href":"https:\/\/api.w.org\/{rel}","templated":true}]}}