


{"id":5799,"date":"2019-11-02T10:17:00","date_gmt":"2019-11-02T09:17:00","guid":{"rendered":"https:\/\/www.tauroessiccatori.com\/?page_id=5799\/"},"modified":"2023-04-27T11:41:12","modified_gmt":"2023-04-27T09:41:12","slug":"a-casa","status":"publish","type":"page","link":"https:\/\/stor51.tauroessiccatori.com\/hu\/inspiraciok\/miert-szaritas\/otthon\/","title":{"rendered":"Mi\u00e9rt \u00e9rdemes otthon sz\u00e1r\u00edtani"},"content":{"rendered":"<div class=\"tauro-banners\"><div class=\"banner-00\" style=\"background-color: #852035\">\r\n<div class=\"ix-xmas-box-other\" style=\"font-size: 18px;padding: 7px 0;margin: 0 auto 0px auto\" align=\"center\"><b style=\"color: #fff;font-size: 18px\">Helyezzen egy BIOSEC-et a fa al\u00e1. <a style=\"color: #f8cc89;font-weight: bold;text-decoration: none;font-size: 18px\" href=\"https:\/\/www.tauroessiccatori.com\/christmas-2024\/\">FEDEZZE MEG ITT<\/a> Kar\u00e1csonyi akci\u00f3k!<\/b><\/div>\r\n<\/div><div class=\"banner-00\" style=\"background-color: #000\">\r\n<div class=\"ix-xmas-box-other\" style=\"font-size: 18px;padding: 7px 0;margin: 0 auto 0px auto\" align=\"center\"><b style=\"color: #fff\"> Itt vannak a fekete p\u00e9nteki kedvezm\u00e9nyek! \u00a0 <a style=\"color: #f77209;font-weight: bold;text-decoration: none\" href=\"https:\/\/www.tauroessiccatori.com\/black-friday-2024\/\"> Kattints, hogy ne hagyd ki \u0151ket \u2192 <\/a>\r\n<\/b><\/div>\r\n<\/div><\/div><p><!-- 2022-08-03 italix: kevin: was:h2 add:ix-h1--><\/p>\n<h1 class=\"ix-h1\">mi\u00e9rt otthoni sz\u00e1r\u00edt\u00e1s<\/h1>\n<p><a name=\"approfondimenti\"><\/a><\/p>\n<div class=\"p1 ix-intestazione-azienda\">\u00d6kol\u00f3giai, olcs\u00f3, eg\u00e9szs\u00e9ges \u00e9s nagyon egyszer\u0171. N\u00e9gy j\u00f3 ok arra, hogy megsz\u00e1r\u00edtsa \u0151ket, \u00e9s a Biosec-t mag\u00e1val vigye a konyh\u00e1ba. Fedezze fel az otthoni sz\u00e1r\u00edt\u00e1s \u00f6sszes el\u0151ny\u00e9t.<\/div>\n<div style=\"background-color: #ffeebf; margin: 70px 0;\">\n<div class=\"ix-casa-1st-banner\">\n<div class=\"uk-grid uk-grid-medium\">\n<div class=\"uk-width-large-1-3\"><\/div>\n<div class=\"uk-width-large-2-3\">\n<h2 class=\"ix-essiccare-casa-1st-banner-h2\">ezer \u00e9s egy el\u0151nye van a sz\u00e1r\u00edt\u00e1snak<\/h2>\n<div class=\"p1 ix-azienda-1st-banner-text\">Takar\u00e9koss\u00e1g, \u00f6kofenntarthat\u00f3s\u00e1g, nulla km, szezonalit\u00e1s, \u00fajrahasznos\u00edt\u00e1s konyha. Fedezze fel, milyen \u00f6r\u00f6m\u00f6t jelent, ha h\u00e1zi k\u00e9sz\u00edt\u00e9s\u0171, eg\u00e9szs\u00e9ges, \u00edzletes, ugyanakkor k\u00e9nyelmes, gazdas\u00e1gos \u00e9s intelligens \u00e9telek ker\u00fclnek az asztalra. Mindezt egy sz\u00e1r\u00edt\u00f3val!<\/div>\n<\/p><\/div>\n<\/p><\/div>\n<\/p><\/div>\n<\/div>\n<div style=\"background-color: #fad0c3; margin: 70px 0;\">\n<div class=\"ix-casa-2nd-banner\">\n<div class=\"uk-grid uk-grid-medium\">\n<div class=\"uk-width-large-2-3\">\n<h2 class=\"ix-azienda-2nd-banner-h2\">eg\u00e9szs\u00e9ges \u00e9s \u00edzletes receptek k\u00e9sz\u00edt\u00e9se<\/h2>\n<div class=\"p1 ix-azienda-2nd-banner-text\">Fokhagyma, olaj \u00e9s chili, h\u00e1zi k\u00e9sz\u00edt\u00e9s\u0171 h\u00fasleveskock\u00e1k, rizott\u00f3 k\u00e9sz zacsk\u00f3ban, burgonyap\u00fcr\u00e9... de habcs\u00f3kok, ropog\u00f3s s\u00fctem\u00e9nyek, z\u00f6lds\u00e9gchipsek \u00e9s gy\u00fcm\u00f6lcs\u00f6s snackek is. Egy eg\u00e9sz vil\u00e1got fedezhet\u00fcnk fel a sz\u00e1r\u00edt\u00f3ban. Egy olyan vil\u00e1got, amely organikus, \u00f6kol\u00f3giai \u00e9s gazdas\u00e1gos. Pr\u00f3b\u00e1lja ki, hogy elhiggye.<\/div>\n<\/p><\/div>\n<div class=\"uk-width-large-1-3\"><\/div>\n<\/p><\/div>\n<\/p><\/div>\n<\/div>\n<p><a name=\"clienti\"><\/a><\/p>\n<h2 class=\"ix-h2-azienda\">Inspir\u00e1l\u00f3djon<\/h2>\n<div class=\"p1 ix-intestazione-azienda\">Szerezzen inspir\u00e1ci\u00f3t eg\u00e9szs\u00e9ges receptek elk\u00e9sz\u00edt\u00e9s\u00e9hez a csal\u00e1dnak, r\u00e1gcs\u00e1lnival\u00f3khoz a sportol\u00f3knak, r\u00e1gcs\u00e1lnival\u00f3khoz a n\u00e9gyl\u00e1b\u00fa bar\u00e1tainak, s\u0151t m\u00e9g biokozmetikumokhoz is!<\/div>\n<div class=\"ix-max-box-medium\">\n<div class=\"uk-grid uk-grid-medium\">\n        <div class=\"uk-width-large-1-3\">\n            <a href=\"https:\/\/www.essiccare.com\/2019\/09\/19\/oggi-pappa-al-pomodoro-secco-e-bello-dentro\/\" target=\"_blank\" class=\"ix-recipes-a\">\n            <img decoding=\"async\"  style=\"width: 100%\" src=\"https:\/\/stor51.tauroessiccatori.com\/wp-assets\/uploads\/2019\/11\/21_pappa_ricetta.jpg\">\n            <div class=\"uk-grid\">\n                <div class=\"uk-width-4-5 uk-width-large-1-1\">\n                    <h3 class=\"ix-home-d-fruit-h3\">Ma pappa al pomodoro! Sz\u00e1raz sz\u00e9p (bel\u00fclr\u0151l)!<\/h3>\n                    <div class=\"ix-home-d-fruit-underline\"><\/div>\n                    <div class=\"p2 ix-home-d-fruit-txt\">A paradicsomleves mindig k\u00e9szen \u00e1ll a szekr\u00e9nyben, m\u00e9g akkor is, ha a szezon\u00e1lis paradicsom m\u00e1r csak egy t\u00e1voli eml\u00e9k! K\u00e9sz\u00edts\u00fck el el\u0151re, a Biosec...<\/div>\n                 <\/div>\n                 <div>\n                    <span class=\"ix-arrow-dx\">&gt;<\/span>\n                 <\/div>\n            <\/div>\n            <\/a>\n       <\/div>\n        <div class=\"uk-width-large-1-3\">\n            <a href=\"https:\/\/www.essiccare.com\/2017\/09\/13\/la-granola-superfood-per-pasti-veloci-ma-equilibrati\/\" target=\"_blank\" class=\"ix-recipes-a\">\n            <img decoding=\"async\"  style=\"width: 100%\" src=\"https:\/\/d3uc6ry8rbiyhd.cloudfront.net\/wp-assets\/uploads\/2019\/11\/22_granola_ricetta.jpg\">\n            <div class=\"uk-grid\">\n                <div class=\"uk-width-4-5 uk-width-large-1-1\">\n                    <h3 class=\"ix-home-d-fruit-h3\">A superfood granola a gyors, de kiegyens\u00falyozott \u00e9tkez\u00e9shez<\/h3>\n                    <div class=\"ix-home-d-fruit-underline\"><\/div>\n                    <div class=\"p2 ix-home-d-fruit-txt\">Hogyan k\u00e9sz\u00edts\u00fcnk egy hossz\u00fa \u00e9lettartam\u00fa szuper\u00e9lelmiszert, amelyet a kamr\u00e1ban tarthatunk a sz\u00fcks\u00e9g idej\u00e9re \u00e9s azon t\u00fal is. Az energiagranola nagyon praktikus p\u00e9ld\u00e1ul joghurttal \u00e9s gy\u00fcm\u00f6lcs\u00f6kkel egy\u00fctt fogyasztva....<\/div>\n                 <\/div>\n                 <div>\n                    <span class=\"ix-arrow-dx\">&gt;<\/span>\n                 <\/div>\n            <\/div>\n            <\/a>\n       <\/div>\n        <div class=\"uk-width-large-1-3\">\n            <a href=\"https:\/\/www.essiccare.com\/2017\/05\/17\/gallette-essiccate-amaranto-glutenfree\/\" target=\"_blank\" class=\"ix-recipes-a\">\n            <img decoding=\"async\"  style=\"width: 100%\" src=\"https:\/\/d3uc6ry8rbiyhd.cloudfront.net\/wp-assets\/uploads\/2019\/11\/23_gallette_ricetta.jpg\">\n            <div class=\"uk-grid\">\n                <div class=\"uk-width-4-5 uk-width-large-1-1\">\n                    <h3 class=\"ix-home-d-fruit-h3\">Sz\u00e1r\u00edtott, t\u00e1pl\u00e1l\u00f3 \u00e9s glut\u00e9nmentes amar\u00e1nt s\u00fctem\u00e9nyek<\/h3>\n                    <div class=\"ix-home-d-fruit-underline\"><\/div>\n                    <div class=\"p2 ix-home-d-fruit-txt\">\u00c9des kekszet k\u00e9sz\u00edt\u00fcnk, amely nagyon sokoldal\u00faan felhaszn\u00e1lhat\u00f3 reggelire \u00e9s uzsonn\u00e1ra egyar\u00e1nt. \u00cdzletes v\u00e1ltozatban, z\u00f6lds\u00e9gekkel vagy f\u0171szerekkel kieg\u00e9sz\u00edtve helyettes\u00edthetik a kenyeret vagy a kekszet a napi \u00e9trendben....<\/div>\n                 <\/div>\n                 <div>\n                    <span class=\"ix-arrow-dx\">&gt;<\/span>\n                 <\/div>\n            <\/div>\n            <\/a>\n       <\/div><\/div>\n<\/div>\n<div class=\"ix-max-box-medium ix-double-box\" style=\"display: none;\">\n<div class=\"uk-grid uk-grid-medium\">\n<div class=\"uk-width-large-1-2\">\n<div class=\"uk-grid uk-grid-collapse\">\n<div class=\"uk-width-1-1 uk-width-large-1-1\"><\/div>\n<div class=\"uk-width-1-1 uk-width-large-1-1\">\n<div class=\"ix-aziente-tauro-grey-container\">\n<div class=\"ix-aziende-tauro-h3\"><\/div>\n<\/p><\/div>\n<\/p><\/div>\n<\/p><\/div>\n<\/p><\/div>\n<div class=\"uk-width-large-1-2\">\n<div class=\"uk-grid uk-grid-collapse\">\n<div class=\"uk-width-1-1 uk-width-large-1-1\">\n<div class=\"ix-aziente-tauro-grey-container\">\n<div class=\"p2 ix-aziende-tauro-txt\"><\/div>\n<\/p><\/div>\n<\/p><\/div>\n<\/p><\/div>\n<\/p><\/div>\n<\/p><\/div>\n<\/div>\n<h2 class=\"ix-h2-azienda\">h\u00e1ztart\u00e1si sz\u00e1r\u00edt\u00f3k<\/h2>\n<div class=\"p1 ix-intestazione-azienda\">Fedezze fel az \u00d6n konyh\u00e1j\u00e1ba tervezett sz\u00e1r\u00edt\u00f3k term\u00e9kcsal\u00e1dj\u00e1t: a Tauro technol\u00f3gia garant\u00e1lja a professzion\u00e1lis eredm\u00e9nyt \u00e9s az \u00d6n \u00e1ltal keresett egyszer\u0171s\u00e9get.<\/div>\n<div class=\"ix-container-inner\">\n<div style=\"margin: 90px auto; font-family: Poppins; font-size: 14px;\">\n<div class=\"uk-grid uk-grid-medium\">\n<div class=\"uk-width-large-1-3\">\n<div class=\"ix-icon-container\">\n<div class=\"icon-1\"><img loading=\"lazy\" decoding=\"async\" class=\"alignnone\" style=\"width: 100%;\" src=\"https:\/\/stor2.tauroessiccatori.com\/wp-assets\/uploads\/2019\/09\/img-01.jpg\" alt=\"Tauro min\u0151s\u00e9gi sz\u00e1r\u00edt\u00f3k Olaszorsz\u00e1gban\" width=\"443\" height=\"321\" \/><\/div>\n<div class=\"icon-title-1\">\n<h3>30 \u00e9v olaszorsz\u00e1gi min\u0151s\u00e9g<\/h3>\n<p class=\"p2 p-icon-1\">sz\u00e1r\u00edt\u00f3inkat k\u00e9zzel, olasz alapanyagokb\u00f3l k\u00e9sz\u00edtj\u00fck, hogy garant\u00e1ljuk a tart\u00f3ss\u00e1got, a min\u0151s\u00e9get \u00e9s az er\u0151ss\u00e9get.<\/p>\n<\/p><\/div>\n<\/p><\/div>\n<\/p><\/div>\n<div class=\"uk-width-large-1-3\">\n<div class=\"ix-icon-container\">\n<div class=\"icon-1\"><img loading=\"lazy\" decoding=\"async\" class=\"alignnone\" style=\"width: 100%;\" src=\"https:\/\/stor2.tauroessiccatori.com\/wp-assets\/uploads\/2019\/09\/img-02.jpg\" alt=\"tauro sz\u00e1r\u00edt\u00f3k \u00fcgyf\u00e9lszolg\u00e1lat\" width=\"443\" height=\"321\" \/><\/div>\n<div class=\"icon-title-1\">\n<h3>mindig az \u00d6n rendelkez\u00e9s\u00e9re \u00e1ll<\/h3>\n<p class=\"p2 p-icon-1\">B\u00e1rmire is van sz\u00fcks\u00e9ge, \u00fcgyf\u00e9lszolg\u00e1latunk mindig k\u00e9szen \u00e1ll a seg\u00edts\u00e9g\u00e9re: csak h\u00edvjon minket.<\/p>\n<\/p><\/div>\n<\/p><\/div>\n<\/p><\/div>\n<div class=\"uk-width-large-1-3\">\n<div class=\"ix-icon-container\">\n<div class=\"icon-1\"><img loading=\"lazy\" decoding=\"async\" class=\"alignnone\" style=\"width: 100%;\" src=\"https:\/\/stor2.tauroessiccatori.com\/wp-assets\/uploads\/2019\/09\/img-03.jpg\" alt=\"min\u0151s\u00e9gbiztos\u00edt\u00e1s tauro sz\u00e1r\u00edt\u00f3k\" width=\"443\" height=\"321\" \/><\/div>\n<div class=\"icon-title-1\">\n<h3>minden sz\u00fcks\u00e9ges garancia<\/h3>\n<p class=\"p2 p-icon-1\">Garant\u00e1lt term\u00e9kek az el\u0151\u00edr\u00e1soknak megfelel\u0151en, egy\u00e9ves kieg\u00e9sz\u00edt\u0151 fedezet a hazai term\u00e9kekre d\u00edjmentesen<\/p>\n<\/p><\/div>\n<\/p><\/div>\n<\/p><\/div>\n<\/p><\/div>\n<\/p><\/div>\n<\/div>\n<div class=\"ix-max-box-medium ix-essiccare-box-stex-altezze\" style=\"\">\n<div class=\"uk-grid uk-grid-medium\">\n<div class=\"uk-width-large-1-3\">\n         <a href=\"https:\/\/stor51.tauroessiccatori.com\/hu\/p\/biosec-domus-b5\/\" class=\"ix-product-perche-essiccare\"><\/p>\n<div style=\"background-color: #f3f3f3; padding-bottom: 40px; border: solid 2px #f3f3f3;\">\n            <img loading=\"lazy\" decoding=\"async\" class=\"alignnone\" style=\"width: 100%;\" src=\"https:\/\/stor51.tauroessiccatori.com\/wp-assets\/uploads\/2019\/11\/domus_b5_02_VMR_7758.jpg\" alt=\"Tauro Biosec Domus B5 sz\u00e1r\u00edtott receptek sz\u00e1r\u00edt\u00f3ja\" width=\"2048\" height=\"1266\" \/><\/p>\n<h3 style=\"margin-top: 20px; text-align: center;\">Biosec Domus B5<\/h3>\n<div class=\"p5 ix-essiccare-casa-single-product-decription\">Tunnel e 5 cestelli<br \/>\n               m\u0171anyagb\u00f3l\n            <\/div>\n<div>\n<p class=\"p4 ix-product-scopri ix-category-link\"><span>fedezze fel a<\/span><\/p>\n<\/p><\/div>\n<\/p><\/div>\n<p>         <\/a>\n      <\/div>\n<div class=\"uk-width-large-1-3\">\n         <a href=\"https:\/\/stor51.tauroessiccatori.com\/hu\/p\/biosec-silver-b5-s\/\" class=\"ix-product-perche-essiccare\"><\/p>\n<div style=\"background-color: #f3f3f3; padding-bottom: 40px; border: solid 2px #f3f3f3;\">\n            <img loading=\"lazy\" decoding=\"async\" class=\"alignnone\" style=\"width: 100%;\" src=\"https:\/\/stor51.tauroessiccatori.com\/wp-assets\/uploads\/2019\/11\/silver_b5_ambientato.jpg\" alt=\"Tauro Biosec Silver B5S sz\u00e1r\u00edt\u00f3 receptek\" width=\"2048\" height=\"1266\" \/><\/p>\n<h3 style=\"margin-top: 20px; text-align: center;\">Biosec Silver B5-S<\/h3>\n<div class=\"p5 ix-essiccare-casa-single-product-decription\">Tunnel in acciaio 5 cestelli<br \/>\n               m\u0171anyagb\u00f3l\n            <\/div>\n<div>\n<p class=\"p4 ix-product-scopri ix-category-link\"><span>fedezze fel a<\/span><\/p>\n<\/p><\/div>\n<\/p><\/div>\n<p>         <\/a>\n      <\/div>\n<div class=\"uk-width-large-1-3\">\n         <a href=\"https:\/\/stor51.tauroessiccatori.com\/hu\/p\/biosec-de-luxe-b6\/\" class=\"ix-product-perche-essiccare\"><\/p>\n<div style=\"background-color: #f3f3f3; padding-bottom: 40px; border: solid 2px #f3f3f3;\">\n            <img loading=\"lazy\" decoding=\"async\" class=\"alignnone\" style=\"width: 100%;\" src=\"https:\/\/stor51.tauroessiccatori.com\/wp-assets\/uploads\/2019\/11\/de_luxe_b6_ambientato.jpg\" alt=\"Tauro Biosec DeLuxe B6 sz\u00e1r\u00edt\u00f3 receptek\" width=\"2048\" height=\"1266\" \/><\/p>\n<h3 style=\"margin-top: 20px; text-align: center;\">Biosec De Luxe B6<\/h3>\n<div class=\"p5 ix-essiccare-casa-single-product-decription\">Alag\u00fat \u00e9s 6 kos\u00e1r<br \/>\n               rozsdamentes ac\u00e9l\n            <\/div>\n<div>\n<p class=\"p4 ix-product-scopri ix-category-link\"><span>fedezze fel a<\/span><\/p>\n<\/p><\/div>\n<\/p><\/div>\n<p>         <\/a>\n      <\/div>\n<\/p><\/div>\n<\/div>","protected":false},"excerpt":{"rendered":"<p>Metti un BIOSEC sotto l&#8217;Albero. SCOPRI QUI le promozioni di Natale! Gli sconti Black Friday sono qui! \u00a0 Clicca\u00a0per\u00a0non perderli \u2192 perch\u00e9 essiccare in casa Ecologico, economico, sano e semplicissimo. Quattro buone ragioni per farli secchi e portare Biosec in cucina con te. Scopri tutti i vantaggi dell&#8217;essiccazione domestica. mille e uno vantaggi per essiccare [&hellip;]<\/p>","protected":false},"author":1,"featured_media":0,"parent":5794,"menu_order":0,"comment_status":"closed","ping_status":"closed","template":"","meta":{"footnotes":""},"tags":[],"class_list":["post-5799","page","type-page","status-publish","hentry"],"acf":[],"yoast_head":"<!-- This site is optimized with the Yoast SEO plugin v20.10 - https:\/\/yoast.com\/wordpress\/plugins\/seo\/ -->\n<title>Perch\u00e9 essiccare a casa - Sano, ecologico, economico - Tauro Essiccatori<\/title>\n<meta name=\"description\" content=\"Ecologico, economico, sano e semplicissimo. Quattro buone ragioni per portare Biosec in cucina con te. Scopri tutti i vantaggi dell&#039;essiccazione domestica.\" \/>\n<meta name=\"robots\" content=\"noindex, follow, max-snippet:-1, max-image-preview:large, max-video-preview:-1\" \/>\n<meta property=\"og:locale\" content=\"hu_HU\" \/>\n<meta property=\"og:type\" content=\"article\" \/>\n<meta property=\"og:title\" content=\"Perch\u00e9 essiccare a casa - Sano, ecologico, economico - Tauro Essiccatori\" \/>\n<meta property=\"og:description\" content=\"Ecologico, economico, sano e semplicissimo. Quattro buone ragioni per portare Biosec in cucina con te. Scopri tutti i vantaggi dell&#039;essiccazione domestica.\" \/>\n<meta property=\"og:url\" content=\"https:\/\/stor51.tauroessiccatori.com\/hu\/inspiraciok\/miert-szaritas\/otthon\/\" \/>\n<meta property=\"og:site_name\" content=\"Tauro Essiccatori\" \/>\n<meta property=\"article:publisher\" content=\"https:\/\/www.facebook.com\/TauroEssiccatori\/\" \/>\n<meta property=\"article:modified_time\" content=\"2023-04-27T09:41:12+00:00\" \/>\n<meta property=\"og:image\" content=\"https:\/\/stor2.tauroessiccatori.com\/wp-assets\/uploads\/2019\/09\/img-01.jpg\" \/>\n<meta name=\"twitter:card\" content=\"summary_large_image\" \/>\n<meta name=\"twitter:label1\" content=\"Est. reading time\" \/>\n\t<meta name=\"twitter:data1\" content=\"2 perc\" \/>\n<script type=\"application\/ld+json\" class=\"yoast-schema-graph\">{\"@context\":\"https:\/\/schema.org\",\"@graph\":[{\"@type\":\"WebPage\",\"@id\":\"https:\/\/stor51.tauroessiccatori.com\/ispirazioni\/perche-essiccare\/a-casa\/\",\"url\":\"https:\/\/stor51.tauroessiccatori.com\/ispirazioni\/perche-essiccare\/a-casa\/\",\"name\":\"Perch\u00e9 essiccare a casa - Sano, ecologico, economico - Tauro Essiccatori\",\"isPartOf\":{\"@id\":\"https:\/\/stor51.tauroessiccatori.com\/#website\"},\"datePublished\":\"2019-11-02T09:17:00+00:00\",\"dateModified\":\"2023-04-27T09:41:12+00:00\",\"description\":\"Ecologico, economico, sano e semplicissimo. Quattro buone ragioni per portare Biosec in cucina con te. Scopri tutti i vantaggi dell'essiccazione domestica.\",\"breadcrumb\":{\"@id\":\"https:\/\/stor51.tauroessiccatori.com\/ispirazioni\/perche-essiccare\/a-casa\/#breadcrumb\"},\"inLanguage\":\"hu\",\"potentialAction\":[{\"@type\":\"ReadAction\",\"target\":[\"https:\/\/stor51.tauroessiccatori.com\/ispirazioni\/perche-essiccare\/a-casa\/\"]}]},{\"@type\":\"BreadcrumbList\",\"@id\":\"https:\/\/stor51.tauroessiccatori.com\/ispirazioni\/perche-essiccare\/a-casa\/#breadcrumb\",\"itemListElement\":[{\"@type\":\"ListItem\",\"position\":1,\"name\":\"Home\",\"item\":\"https:\/\/stor51.tauroessiccatori.com\/\"},{\"@type\":\"ListItem\",\"position\":2,\"name\":\"Ispirazioni\",\"item\":\"https:\/\/stor51.tauroessiccatori.com\/ispirazioni\/\"},{\"@type\":\"ListItem\",\"position\":3,\"name\":\"Perch\u00e9 essiccare?\",\"item\":\"https:\/\/stor51.tauroessiccatori.com\/ispirazioni\/perche-essiccare\/\"},{\"@type\":\"ListItem\",\"position\":4,\"name\":\"Perch\u00e9 essiccare a casa\"}]},{\"@type\":\"WebSite\",\"@id\":\"https:\/\/stor51.tauroessiccatori.com\/#website\",\"url\":\"https:\/\/stor51.tauroessiccatori.com\/\",\"name\":\"Tauro Essiccatori\",\"description\":\"Welcome to Tauro Essiccatori online shop\",\"publisher\":{\"@id\":\"https:\/\/stor51.tauroessiccatori.com\/#organization\"},\"potentialAction\":[{\"@type\":\"SearchAction\",\"target\":{\"@type\":\"EntryPoint\",\"urlTemplate\":\"https:\/\/stor51.tauroessiccatori.com\/?s={search_term_string}\"},\"query-input\":\"required name=search_term_string\"}],\"inLanguage\":\"hu\"},{\"@type\":\"Organization\",\"@id\":\"https:\/\/stor51.tauroessiccatori.com\/#organization\",\"name\":\"Tauro Essiccatori\",\"url\":\"https:\/\/stor51.tauroessiccatori.com\/\",\"logo\":{\"@type\":\"ImageObject\",\"inLanguage\":\"hu\",\"@id\":\"https:\/\/stor51.tauroessiccatori.com\/#\/schema\/logo\/image\/\",\"url\":\"https:\/\/www.tauroessiccatori.com\/wp-assets\/uploads\/2017\/07\/logo_tauro_500x109px.png\",\"contentUrl\":\"https:\/\/www.tauroessiccatori.com\/wp-assets\/uploads\/2017\/07\/logo_tauro_500x109px.png\",\"width\":500,\"height\":109,\"caption\":\"Tauro Essiccatori\"},\"image\":{\"@id\":\"https:\/\/stor51.tauroessiccatori.com\/#\/schema\/logo\/image\/\"},\"sameAs\":[\"https:\/\/www.facebook.com\/TauroEssiccatori\/\",\"https:\/\/www.instagram.com\/tauro_essiccatori\/\",\"https:\/\/it.linkedin.com\/company\/tauro-essiccatori\",\"https:\/\/www.youtube.com\/user\/tauroessiccatori\"]}]}<\/script>\n<!-- \/ Yoast SEO plugin. -->","yoast_head_json":{"title":"Perch\u00e9 essiccare a casa - Sano, ecologico, economico - Tauro Essiccatori","description":"Ecologico, economico, sano e semplicissimo. Quattro buone ragioni per portare Biosec in cucina con te. Scopri tutti i vantaggi dell'essiccazione domestica.","robots":{"index":"noindex","follow":"follow","max-snippet":"max-snippet:-1","max-image-preview":"max-image-preview:large","max-video-preview":"max-video-preview:-1"},"og_locale":"hu_HU","og_type":"article","og_title":"Perch\u00e9 essiccare a casa - Sano, ecologico, economico - Tauro Essiccatori","og_description":"Ecologico, economico, sano e semplicissimo. Quattro buone ragioni per portare Biosec in cucina con te. Scopri tutti i vantaggi dell'essiccazione domestica.","og_url":"https:\/\/stor51.tauroessiccatori.com\/hu\/inspiraciok\/miert-szaritas\/otthon\/","og_site_name":"Tauro Essiccatori","article_publisher":"https:\/\/www.facebook.com\/TauroEssiccatori\/","article_modified_time":"2023-04-27T09:41:12+00:00","og_image":[{"url":"https:\/\/stor2.tauroessiccatori.com\/wp-assets\/uploads\/2019\/09\/img-01.jpg"}],"twitter_card":"summary_large_image","twitter_misc":{"Est. reading time":"2 perc"},"schema":{"@context":"https:\/\/schema.org","@graph":[{"@type":"WebPage","@id":"https:\/\/stor51.tauroessiccatori.com\/ispirazioni\/perche-essiccare\/a-casa\/","url":"https:\/\/stor51.tauroessiccatori.com\/ispirazioni\/perche-essiccare\/a-casa\/","name":"Perch\u00e9 essiccare a casa - Sano, ecologico, economico - Tauro Essiccatori","isPartOf":{"@id":"https:\/\/stor51.tauroessiccatori.com\/#website"},"datePublished":"2019-11-02T09:17:00+00:00","dateModified":"2023-04-27T09:41:12+00:00","description":"Ecologico, economico, sano e semplicissimo. Quattro buone ragioni per portare Biosec in cucina con te. Scopri tutti i vantaggi dell'essiccazione domestica.","breadcrumb":{"@id":"https:\/\/stor51.tauroessiccatori.com\/ispirazioni\/perche-essiccare\/a-casa\/#breadcrumb"},"inLanguage":"hu","potentialAction":[{"@type":"ReadAction","target":["https:\/\/stor51.tauroessiccatori.com\/ispirazioni\/perche-essiccare\/a-casa\/"]}]},{"@type":"BreadcrumbList","@id":"https:\/\/stor51.tauroessiccatori.com\/ispirazioni\/perche-essiccare\/a-casa\/#breadcrumb","itemListElement":[{"@type":"ListItem","position":1,"name":"Home","item":"https:\/\/stor51.tauroessiccatori.com\/"},{"@type":"ListItem","position":2,"name":"Ispirazioni","item":"https:\/\/stor51.tauroessiccatori.com\/ispirazioni\/"},{"@type":"ListItem","position":3,"name":"Perch\u00e9 essiccare?","item":"https:\/\/stor51.tauroessiccatori.com\/ispirazioni\/perche-essiccare\/"},{"@type":"ListItem","position":4,"name":"Perch\u00e9 essiccare a casa"}]},{"@type":"WebSite","@id":"https:\/\/stor51.tauroessiccatori.com\/#website","url":"https:\/\/stor51.tauroessiccatori.com\/","name":"Tauro Essiccatori","description":"Welcome to Tauro Essiccatori online shop","publisher":{"@id":"https:\/\/stor51.tauroessiccatori.com\/#organization"},"potentialAction":[{"@type":"SearchAction","target":{"@type":"EntryPoint","urlTemplate":"https:\/\/stor51.tauroessiccatori.com\/?s={search_term_string}"},"query-input":"required name=search_term_string"}],"inLanguage":"hu"},{"@type":"Organization","@id":"https:\/\/stor51.tauroessiccatori.com\/#organization","name":"Tauro Essiccatori","url":"https:\/\/stor51.tauroessiccatori.com\/","logo":{"@type":"ImageObject","inLanguage":"hu","@id":"https:\/\/stor51.tauroessiccatori.com\/#\/schema\/logo\/image\/","url":"https:\/\/www.tauroessiccatori.com\/wp-assets\/uploads\/2017\/07\/logo_tauro_500x109px.png","contentUrl":"https:\/\/www.tauroessiccatori.com\/wp-assets\/uploads\/2017\/07\/logo_tauro_500x109px.png","width":500,"height":109,"caption":"Tauro Essiccatori"},"image":{"@id":"https:\/\/stor51.tauroessiccatori.com\/#\/schema\/logo\/image\/"},"sameAs":["https:\/\/www.facebook.com\/TauroEssiccatori\/","https:\/\/www.instagram.com\/tauro_essiccatori\/","https:\/\/it.linkedin.com\/company\/tauro-essiccatori","https:\/\/www.youtube.com\/user\/tauroessiccatori"]}]}},"_links":{"self":[{"href":"https:\/\/stor51.tauroessiccatori.com\/hu\/wp-json\/wp\/v2\/pages\/5799"}],"collection":[{"href":"https:\/\/stor51.tauroessiccatori.com\/hu\/wp-json\/wp\/v2\/pages"}],"about":[{"href":"https:\/\/stor51.tauroessiccatori.com\/hu\/wp-json\/wp\/v2\/types\/page"}],"author":[{"embeddable":true,"href":"https:\/\/stor51.tauroessiccatori.com\/hu\/wp-json\/wp\/v2\/users\/1"}],"replies":[{"embeddable":true,"href":"https:\/\/stor51.tauroessiccatori.com\/hu\/wp-json\/wp\/v2\/comments?post=5799"}],"version-history":[{"count":41,"href":"https:\/\/stor51.tauroessiccatori.com\/hu\/wp-json\/wp\/v2\/pages\/5799\/revisions"}],"predecessor-version":[{"id":167989,"href":"https:\/\/stor51.tauroessiccatori.com\/hu\/wp-json\/wp\/v2\/pages\/5799\/revisions\/167989"}],"up":[{"embeddable":true,"href":"https:\/\/stor51.tauroessiccatori.com\/hu\/wp-json\/wp\/v2\/pages\/5794"}],"wp:attachment":[{"href":"https:\/\/stor51.tauroessiccatori.com\/hu\/wp-json\/wp\/v2\/media?parent=5799"}],"wp:term":[{"taxonomy":"post_tag","embeddable":true,"href":"https:\/\/stor51.tauroessiccatori.com\/hu\/wp-json\/wp\/v2\/tags?post=5799"}],"curies":[{"name":"wp","href":"https:\/\/api.w.org\/{rel}","templated":true}]}}