


{"id":1103,"date":"2017-10-23T20:13:04","date_gmt":"2017-10-23T18:13:04","guid":{"rendered":"http:\/\/store.tauroessiccatori.com\/?page_id=1103\/"},"modified":"2022-08-07T16:02:42","modified_gmt":"2022-08-07T14:02:42","slug":"condizioni-di-vendita","status":"publish","type":"page","link":"https:\/\/stor51.tauroessiccatori.com\/hu\/ugyfelszolgalat\/eladasi-feltetelek\/","title":{"rendered":"Az \u00e9rt\u00e9kes\u00edt\u00e9s felt\u00e9telei"},"content":{"rendered":"<div class=\"tauro-banners\"><div class=\"banner-00\" style=\"background-color: #852035\">\r\n<div class=\"ix-xmas-box-other\" style=\"font-size: 18px;padding: 7px 0;margin: 0 auto 0px auto\" align=\"center\"><b style=\"color: #fff;font-size: 18px\">Helyezzen egy BIOSEC-et a fa al\u00e1. <a style=\"color: #f8cc89;font-weight: bold;text-decoration: none;font-size: 18px\" href=\"https:\/\/www.tauroessiccatori.com\/christmas-2024\/\">FEDEZZE MEG ITT<\/a> Kar\u00e1csonyi akci\u00f3k!<\/b><\/div>\r\n<\/div><div class=\"banner-00\" style=\"background-color: #000\">\r\n<div class=\"ix-xmas-box-other\" style=\"font-size: 18px;padding: 7px 0;margin: 0 auto 0px auto\" align=\"center\"><b style=\"color: #fff\"> Itt vannak a fekete p\u00e9nteki kedvezm\u00e9nyek! \u00a0 <a style=\"color: #f77209;font-weight: bold;text-decoration: none\" href=\"https:\/\/www.tauroessiccatori.com\/black-friday-2024\/\"> Kattints, hogy ne hagyd ki \u0151ket \u2192 <\/a>\r\n<\/b><\/div>\r\n<\/div><\/div><div class=\"ix-container-inner\">\n<div class=\"uk-grid uk-grid-medium\">\n<div class=\"uk-width-large-1-3\">\n           \n    <div class=\"ix-help-menu\">\n\n     <ul>\n       <li class=\"ix-help-menu-title\">\u00fcgyf\u00e9lszolg\u00e1lat<\/li>\n       <li class=\"ix-link-help-li\"><a class=\"ix-link-help ix-help-link-active\" href=\"https:\/\/www.tauroessiccatori.com\/servizio-clienti\/condizioni-di-vendita\">\u00e9rt\u00e9kes\u00edt\u00e9si felt\u00e9telek<\/a><\/li>\n       <li class=\"ix-link-help-li\"><a class=\"ix-link-help\" href=\"https:\/\/www.tauroessiccatori.com\/servizio-clienti\/consegna-e-reso\/\">sz\u00e1ll\u00edt\u00e1s \u00e9s visszak\u00fcld\u00e9s<\/a><\/li>\n       <li class=\"ix-link-help-li\"><a class=\"ix-link-help\" href=\"https:\/\/www.tauroessiccatori.com\/servizio-clienti\/estensione-di-garanzia\/\">garancia kiterjeszt\u00e9se<\/a><\/li>\n       <li class=\"ix-link-help-li\"><a class=\"ix-link-help\" href=\"https:\/\/www.tauroessiccatori.com\/servizio-clienti\/pagamento\/\">kifizet\u00e9sek<\/a><\/li>\n<!--       <li class=\"ix-link-help-li\"><a class=\"ix-link-help \" href=\"https:\/\/www.tauroessiccatori.com\/servizio-clienti\/mio-account\/#\">il mio account<\/a><\/li>-->\n     <\/ul>\n\n     <ul>\n       <li class=\"ix-help-menu-title\">hasznos linkek<\/li>\n       <li class=\"ix-link-useful-li\"><a class=\"ix-link-help-link-useful\" href=\"https:\/\/www.tauroessiccatori.com\/i-nostri-tutorial\/\">Tutorial<\/a><\/li>\n       <li class=\"ix-link-useful-li\"><a class=\"ix-link-help-link-useful\" href=\"https:\/\/www.tauroessiccatori.com\/servizio-clienti\/domande-frequenti\/\">Gyakran ism\u00e9telt k\u00e9rd\u00e9sek<\/a><\/li>\n     <\/ul>\n\n     <div class=\"ix-help-button-contact-us\">\n       <a class=\"ix-button-grey\" style=\"width:180px; line-height:40px;\" href=\"https:\/\/www.tauroessiccatori.com\/contatti\/\">kapcsolatfelv\u00e9tel<\/a>\n     <\/div>\n\n      <\/div>   \n    <\/div>\n<div class=\"uk-width-large-2-3\">\n<div class=\"ix-help-right-box\">\n<p><!-- 2022-08-03 italix: kevin: was:h2 add:ix-h1--><\/p>\n<h1 class=\"ix-help-h2 ix-h1\" style=\"text-align:left !important; margin:0 !important;\">\u00e9rt\u00e9kes\u00edt\u00e9si felt\u00e9telek<\/h1>\n<div class=\"ix-help-p\">\n<div class=\"main_table_container\">\n<p>A honlapon leadott megrendel\u00e9seket a k\u00f6vetkez\u0151k kezelik:<\/p>\n<p><b>Tauro Essiccatori Srl<\/b><\/p>\n<p>Helysz\u00edn:<\/p>\n<p>via del lavoro 6<br \/>\n36043 Camisano Vicentino<br \/>\n(Vicenza)<\/p>\n<p>Ad\u00f3\u00fcgyi k\u00f3d: 03977800246<br \/>\nH\u00c9A-sz\u00e1m: 03977800246<\/p>\n<p>Telefon: +39 0444-719046<br \/>\nFax: +39 0444-412515<\/p>\n<p>Internetc\u00edm: <a href=\"http:\/\/www.tauroessiccatori.com\">www.tauroessiccatori.com<\/a><\/p>\n<p>E-mail:<\/p>\n<p><script><!-- asm('m','@','com','tauroessiccatori','info') --><\/script><a href=\"mailto:info@tauroessiccatori.com\">info@tauroessiccatori.com<\/a><\/p>\n<p><noscript>info<font>|<\/font>@<font>|<\/font>tauroessiccatori.com<\/noscript><\/p>\n<p>&nbsp;<\/p>\n<p>&nbsp;<\/p>\n<h3>\u00c1rak<\/h3>\n<p>A felt\u00fcntetett \u00e1rak mindig tartalmazz\u00e1k az \u00e1f\u00e1t, \u00e9s - elt\u00e9r\u0151 rendelkez\u00e9s hi\u00e1ny\u00e1ban - nem tartalmazz\u00e1k a sz\u00e1ll\u00edt\u00e1si k\u00f6lts\u00e9geket.<\/p>\n<h3>Kommunik\u00e1ci\u00f3<\/h3>\n<div class=\"page_text\">\n<p>Az \u00fcgyf\u00e9l a regisztr\u00e1ci\u00f3kor v\u00e1llalja, hogy egy megl\u00e9v\u0151 \u00e9s m\u0171k\u00f6d\u0151 e-mail c\u00edmet haszn\u00e1l. Erre a c\u00edmre k\u00fcld\u00fcnk visszaigazol\u00e1st a leadott megrendel\u00e9sr\u0151l \u00e9s a megrendel\u00e9ssel kapcsolatos egy\u00e9b k\u00f6zl\u00e9seket. A v\u00e1s\u00e1rl\u00f3t arra k\u00e9rj\u00fck, hogy \u00e9rtes\u00edtsen minket az e-mail c\u00edm\u00e9vel kapcsolatos b\u00e1rmilyen v\u00e1ltoz\u00e1sr\u00f3l vagy probl\u00e9m\u00e1r\u00f3l. Ha p\u00e9ld\u00e1ul a megrendel\u00e9s lead\u00e1sa ut\u00e1n nem kap visszaigazol\u00f3 e-mailt, akkor az e-mail c\u00edmben g\u00e9pel\u00e9si hiba vagy az e-mail szerverek k\u00f6z\u00f6tti kommunik\u00e1ci\u00f3s probl\u00e9m\u00e1k \u00e1llhatnak fenn. Vegye fel vel\u00fcnk a kapcsolatot, \u00e9s mi megtal\u00e1ljuk a megold\u00e1st.<\/p>\n<\/div>\n<h3>Garancia<\/h3>\n<div class=\"page_text\">\n<p>Minden Tauro term\u00e9kre a v\u00e1s\u00e1rl\u00e1st\u00f3l sz\u00e1m\u00edtott 2 \u00e9v garanci\u00e1t v\u00e1llalunk.<\/p>\n<p>A garancia csak akkor \u00e9rv\u00e9nyes, ha a term\u00e9khez csatolt\u00e1k az \u00e9rt\u00e9kes\u00edt\u00e9si dokumentumot (nyugt\u00e1t vagy sz\u00e1ml\u00e1t).<\/p>\n<p>A t\u00f6rv\u00e9ny \u00e1ltal el\u0151\u00edrtak szerint a garancia kiterjed minden gy\u00e1rt\u00e1si hib\u00e1b\u00f3l ered\u0151 meghib\u00e1sod\u00e1sra.<\/p>\n<\/div>\n<h3>Sz\u00e1ll\u00edt\u00e1s \u00e9s k\u00e9zbes\u00edt\u00e9s<\/h3>\n<div class=\"page_text\">\n<p>A sz\u00e1ll\u00edt\u00e1si k\u00f6lts\u00e9geket a v\u00e9gleges visszaigazol\u00e1s el\u0151tt a rendel\u00e9s v\u00e9gleges ellen\u0151rz\u0151 oldal\u00e1n t\u00fcntetj\u00fck fel.<\/p>\n<\/div>\n<div class=\"page_text\">\n<p>Tov\u00e1bbi r\u00e9szletek\u00e9rt \u00e9s az aktu\u00e1lisan \u00e9rv\u00e9nyes sz\u00e1ll\u00edt\u00e1si k\u00f6lts\u00e9gek ellen\u0151rz\u00e9s\u00e9\u00e9rt k\u00e9rj\u00fck, tekintse meg az al\u00e1bbi oldalt <a href=\"https:\/\/stor51.tauroessiccatori.com\/hu\/help\/consegna-e-reso\/\">sz\u00e1ll\u00edt\u00e1s \u00e9s visszak\u00fcld\u00e9s<\/a>.<\/p>\n<\/div>\n<p>A megrendel\u00e9seket irod\u00e1nk 48 munka\u00f3r\u00e1n bel\u00fcl kezeli, miut\u00e1n a megrendel\u00e9st online \u00e1ruh\u00e1zunkban megfelel\u0151en v\u00e9gleges\u00edtett\u00fck.<\/p>\n<\/div>\n<h3>El\u00e1ll\u00e1si jog<\/h3>\n<div class=\"page_text\">\n<p>A hat\u00e1lyos jogszab\u00e1lyok szerint az el\u00e1ll\u00e1si joggal a k\u00f6vetkez\u0151 felt\u00e9telek teljes\u00fcl\u00e9se eset\u00e9n lehet \u00e9lni.<\/p>\n<\/div>\n<div class=\"page_text\">\n<p>Az \u00e1ru \u00e1tv\u00e9tel\u00e9t\u0151l sz\u00e1m\u00edtott 14 munkanapon bel\u00fcl \u00e9rtes\u00edtenie kell minket arr\u00f3l, hogy \u00e9lni k\u00edv\u00e1n ezzel a jog\u00e1val, lehet\u0151leg t\u00e9rtivev\u00e9nyes aj\u00e1nlott lev\u00e9lben, az al\u00e1bbi c\u00edmre:<\/p>\n<p>Tauro Essiccatori Srl - via del lavoro 6 - 36043 Camisano Vicentino<\/p>\n<\/div>\n<div class=\"page_text\">\n<p>A k\u00e9relemben fel kell t\u00fcntetni annak a bank- vagy postai sz\u00e1ml\u00e1nak az adatait, amelyre az esed\u00e9kes \u00f6sszeget j\u00f3v\u00e1\u00edrj\u00e1k.<\/p>\n<\/div>\n<div class=\"page_text\">\n<p>Tov\u00e1bb\u00e1, ugyanezen hat\u00e1rid\u0151n bel\u00fcl a megv\u00e1s\u00e1rolt \u00e9s m\u00e1r nem k\u00edv\u00e1nt term\u00e9ket vissza kell k\u00fcldeni nek\u00fcnk. A term\u00e9knek s\u00e9rtetlen\u00fcl \u00e9s hi\u00e1nytalanul, minden r\u00e9sz\u00e9vel egy\u00fctt kell lennie, bele\u00e9rtve a tartoz\u00e9kokat, a k\u00e9zik\u00f6nyveket \u00e9s a csomagban l\u00e9v\u0151 egy\u00e9b anyagokat, gondosan becsomagolva, hogy a sz\u00e1ll\u00edt\u00e1s sor\u00e1n ne s\u00e9r\u00fclj\u00f6n meg. K\u00e9rj\u00fck, csatolja az ad\u00f3igazol\u00e1s vagy a v\u00e1s\u00e1rl\u00e1si sz\u00e1mla m\u00e1solat\u00e1t is. Az \u00fajrak\u00fcld\u00e9s k\u00f6lts\u00e9gei a v\u00e1s\u00e1rl\u00f3t terhelik. Az \u00e1ru \u00e1tv\u00e9tel\u00e9t \u00e9s s\u00e9rtetlens\u00e9g\u00e9nek ellen\u0151rz\u00e9s\u00e9t k\u00f6vet\u0151en az \u00e1ru \u00e1r\u00e1t visszat\u00e9r\u00edtj\u00fck az azon a lev\u00e9lben megjel\u00f6lt foly\u00f3sz\u00e1ml\u00e1ra, amelyben \u00d6n az el\u00e1ll\u00e1si jog ig\u00e9nybev\u00e9tel\u00e9t k\u00e9rte.<\/p>\n<\/div>\n<div class=\"page_text\">\n<p>A visszat\u00e9r\u00edt\u00e9s a term\u00e9kek sz\u00e1ll\u00edt\u00e1si k\u00f6lts\u00e9gekkel cs\u00f6kkentett \u00e1r\u00e1ra vonatkozik, \u00e9s az \u00e1ruk visszak\u00fcld\u00e9s\u00e9t\u0151l sz\u00e1m\u00edtott 30 napon bel\u00fcl t\u00f6rt\u00e9nik.<\/p>\n<\/div>\n<h3>A GDPR (\u00e1ltal\u00e1nos adatv\u00e9delmi rendelet) 2016\/679 13-14. cikke alapj\u00e1n ny\u00fajtott t\u00e1j\u00e9koztat\u00e1s.<\/h3>\n<div class=\"page_text\">\n<p><a class=\"button light\" href=\"https:\/\/stor51.tauroessiccatori.com\/hu\/adatvedelmi-politika\/\" style=\"text-align:center;font-weight: 300;color:black;font-size:16px;width:302px;background-color:white;border:1px solid #729949;-webkit-border-radius: 14px;-moz-border-radius: 14px;\">ADATV\u00c9DELMI POLITIKA<\/a><\/p>\n<\/div>\n<h3>Az \u00e9rt\u00e9kes\u00edt\u00e9si felt\u00e9telek elfogad\u00e1sa<\/h3>\n<div class=\"page_text\">\n<p>A Polg\u00e1ri T\u00f6rv\u00e9nyk\u00f6nyv 1326. cikke \u00e9rtelm\u00e9ben az ad\u00e1sv\u00e9teli szerz\u0151d\u00e9s att\u00f3l a pillanatt\u00f3l tekinthet\u0151 v\u00e9glegesnek, \u00e9s a jelen \u00e9rt\u00e9kes\u00edt\u00e9si felt\u00e9telek elfogadottnak, amikor a v\u00e1s\u00e1rl\u00f3 az online v\u00e1s\u00e1rl\u00e1si folyamat v\u00e9g\u00e9n az ellen\u0151rz\u0151 k\u00e9perny\u0151n a meger\u0151s\u00edt\u0151 gombra kattint.<\/p>\n<\/div>\n<\/div><\/div>\n<\/p><\/div>\n<\/p><\/div>\n<\/div>\n<\/div>","protected":false},"excerpt":{"rendered":"<p>Metti un BIOSEC sotto l&#8217;Albero. SCOPRI QUI le promozioni di Natale! Gli sconti Black Friday sono qui! \u00a0 Clicca\u00a0per\u00a0non perderli \u2192 condizioni di vendita Gli ordini effettuati nel sito saranno gestiti da: Tauro Essiccatori Srl Sede: via del lavoro 6 36043 Camisano Vicentino (Vicenza) Codice Fiscale: 03977800246 Partita IVA: 03977800246 Telefono: +39 0444-719046 Fax: +39 [&hellip;]<\/p>","protected":false},"author":1,"featured_media":0,"parent":1088,"menu_order":0,"comment_status":"closed","ping_status":"closed","template":"","meta":{"footnotes":""},"tags":[],"class_list":["post-1103","page","type-page","status-publish","hentry"],"acf":[],"yoast_head":"<!-- This site is optimized with the Yoast SEO plugin v20.10 - https:\/\/yoast.com\/wordpress\/plugins\/seo\/ -->\n<title>Condizioni di vendita - Tauro Essiccatori<\/title>\n<meta name=\"robots\" content=\"noindex, follow, max-snippet:-1, max-image-preview:large, max-video-preview:-1\" \/>\n<meta property=\"og:locale\" content=\"hu_HU\" \/>\n<meta property=\"og:type\" content=\"article\" \/>\n<meta property=\"og:title\" content=\"Condizioni di vendita - Tauro Essiccatori\" \/>\n<meta property=\"og:description\" content=\"Metti un BIOSEC sotto l&#039;Albero. SCOPRI QUI le promozioni di Natale! Gli sconti Black Friday sono qui! \u00a0 Clicca\u00a0per\u00a0non perderli \u2192 condizioni di vendita Gli ordini effettuati nel sito saranno gestiti da: Tauro Essiccatori Srl Sede: via del lavoro 6 36043 Camisano Vicentino (Vicenza) Codice Fiscale: 03977800246 Partita IVA: 03977800246 Telefono: +39 0444-719046 Fax: +39 [&hellip;]\" \/>\n<meta property=\"og:url\" content=\"https:\/\/stor51.tauroessiccatori.com\/hu\/ugyfelszolgalat\/eladasi-feltetelek\/\" \/>\n<meta property=\"og:site_name\" content=\"Tauro Essiccatori\" \/>\n<meta property=\"article:publisher\" content=\"https:\/\/www.facebook.com\/TauroEssiccatori\/\" \/>\n<meta property=\"article:modified_time\" content=\"2022-08-07T14:02:42+00:00\" \/>\n<meta name=\"twitter:card\" content=\"summary_large_image\" \/>\n<meta name=\"twitter:label1\" content=\"Est. reading time\" \/>\n\t<meta name=\"twitter:data1\" content=\"3 perc\" \/>\n<script type=\"application\/ld+json\" class=\"yoast-schema-graph\">{\"@context\":\"https:\/\/schema.org\",\"@graph\":[{\"@type\":\"WebPage\",\"@id\":\"https:\/\/stor51.tauroessiccatori.com\/servizio-clienti\/condizioni-di-vendita\/\",\"url\":\"https:\/\/stor51.tauroessiccatori.com\/servizio-clienti\/condizioni-di-vendita\/\",\"name\":\"Condizioni di vendita - Tauro Essiccatori\",\"isPartOf\":{\"@id\":\"https:\/\/stor51.tauroessiccatori.com\/#website\"},\"datePublished\":\"2017-10-23T18:13:04+00:00\",\"dateModified\":\"2022-08-07T14:02:42+00:00\",\"breadcrumb\":{\"@id\":\"https:\/\/stor51.tauroessiccatori.com\/servizio-clienti\/condizioni-di-vendita\/#breadcrumb\"},\"inLanguage\":\"hu\",\"potentialAction\":[{\"@type\":\"ReadAction\",\"target\":[\"https:\/\/stor51.tauroessiccatori.com\/servizio-clienti\/condizioni-di-vendita\/\"]}]},{\"@type\":\"BreadcrumbList\",\"@id\":\"https:\/\/stor51.tauroessiccatori.com\/servizio-clienti\/condizioni-di-vendita\/#breadcrumb\",\"itemListElement\":[{\"@type\":\"ListItem\",\"position\":1,\"name\":\"Home\",\"item\":\"https:\/\/stor51.tauroessiccatori.com\/\"},{\"@type\":\"ListItem\",\"position\":2,\"name\":\"Servizio clienti\",\"item\":\"https:\/\/stor51.tauroessiccatori.com\/servizio-clienti\/\"},{\"@type\":\"ListItem\",\"position\":3,\"name\":\"Condizioni di vendita\"}]},{\"@type\":\"WebSite\",\"@id\":\"https:\/\/stor51.tauroessiccatori.com\/#website\",\"url\":\"https:\/\/stor51.tauroessiccatori.com\/\",\"name\":\"Tauro Essiccatori\",\"description\":\"Welcome to Tauro Essiccatori online shop\",\"publisher\":{\"@id\":\"https:\/\/stor51.tauroessiccatori.com\/#organization\"},\"potentialAction\":[{\"@type\":\"SearchAction\",\"target\":{\"@type\":\"EntryPoint\",\"urlTemplate\":\"https:\/\/stor51.tauroessiccatori.com\/?s={search_term_string}\"},\"query-input\":\"required name=search_term_string\"}],\"inLanguage\":\"hu\"},{\"@type\":\"Organization\",\"@id\":\"https:\/\/stor51.tauroessiccatori.com\/#organization\",\"name\":\"Tauro Essiccatori\",\"url\":\"https:\/\/stor51.tauroessiccatori.com\/\",\"logo\":{\"@type\":\"ImageObject\",\"inLanguage\":\"hu\",\"@id\":\"https:\/\/stor51.tauroessiccatori.com\/#\/schema\/logo\/image\/\",\"url\":\"https:\/\/www.tauroessiccatori.com\/wp-assets\/uploads\/2017\/07\/logo_tauro_500x109px.png\",\"contentUrl\":\"https:\/\/www.tauroessiccatori.com\/wp-assets\/uploads\/2017\/07\/logo_tauro_500x109px.png\",\"width\":500,\"height\":109,\"caption\":\"Tauro Essiccatori\"},\"image\":{\"@id\":\"https:\/\/stor51.tauroessiccatori.com\/#\/schema\/logo\/image\/\"},\"sameAs\":[\"https:\/\/www.facebook.com\/TauroEssiccatori\/\",\"https:\/\/www.instagram.com\/tauro_essiccatori\/\",\"https:\/\/it.linkedin.com\/company\/tauro-essiccatori\",\"https:\/\/www.youtube.com\/user\/tauroessiccatori\"]}]}<\/script>\n<!-- \/ Yoast SEO plugin. -->","yoast_head_json":{"title":"Condizioni di vendita - Tauro Essiccatori","robots":{"index":"noindex","follow":"follow","max-snippet":"max-snippet:-1","max-image-preview":"max-image-preview:large","max-video-preview":"max-video-preview:-1"},"og_locale":"hu_HU","og_type":"article","og_title":"Condizioni di vendita - Tauro Essiccatori","og_description":"Metti un BIOSEC sotto l'Albero. SCOPRI QUI le promozioni di Natale! Gli sconti Black Friday sono qui! \u00a0 Clicca\u00a0per\u00a0non perderli \u2192 condizioni di vendita Gli ordini effettuati nel sito saranno gestiti da: Tauro Essiccatori Srl Sede: via del lavoro 6 36043 Camisano Vicentino (Vicenza) Codice Fiscale: 03977800246 Partita IVA: 03977800246 Telefono: +39 0444-719046 Fax: +39 [&hellip;]","og_url":"https:\/\/stor51.tauroessiccatori.com\/hu\/ugyfelszolgalat\/eladasi-feltetelek\/","og_site_name":"Tauro Essiccatori","article_publisher":"https:\/\/www.facebook.com\/TauroEssiccatori\/","article_modified_time":"2022-08-07T14:02:42+00:00","twitter_card":"summary_large_image","twitter_misc":{"Est. reading time":"3 perc"},"schema":{"@context":"https:\/\/schema.org","@graph":[{"@type":"WebPage","@id":"https:\/\/stor51.tauroessiccatori.com\/servizio-clienti\/condizioni-di-vendita\/","url":"https:\/\/stor51.tauroessiccatori.com\/servizio-clienti\/condizioni-di-vendita\/","name":"Condizioni di vendita - Tauro Essiccatori","isPartOf":{"@id":"https:\/\/stor51.tauroessiccatori.com\/#website"},"datePublished":"2017-10-23T18:13:04+00:00","dateModified":"2022-08-07T14:02:42+00:00","breadcrumb":{"@id":"https:\/\/stor51.tauroessiccatori.com\/servizio-clienti\/condizioni-di-vendita\/#breadcrumb"},"inLanguage":"hu","potentialAction":[{"@type":"ReadAction","target":["https:\/\/stor51.tauroessiccatori.com\/servizio-clienti\/condizioni-di-vendita\/"]}]},{"@type":"BreadcrumbList","@id":"https:\/\/stor51.tauroessiccatori.com\/servizio-clienti\/condizioni-di-vendita\/#breadcrumb","itemListElement":[{"@type":"ListItem","position":1,"name":"Home","item":"https:\/\/stor51.tauroessiccatori.com\/"},{"@type":"ListItem","position":2,"name":"Servizio clienti","item":"https:\/\/stor51.tauroessiccatori.com\/servizio-clienti\/"},{"@type":"ListItem","position":3,"name":"Condizioni di vendita"}]},{"@type":"WebSite","@id":"https:\/\/stor51.tauroessiccatori.com\/#website","url":"https:\/\/stor51.tauroessiccatori.com\/","name":"Tauro Essiccatori","description":"Welcome to Tauro Essiccatori online shop","publisher":{"@id":"https:\/\/stor51.tauroessiccatori.com\/#organization"},"potentialAction":[{"@type":"SearchAction","target":{"@type":"EntryPoint","urlTemplate":"https:\/\/stor51.tauroessiccatori.com\/?s={search_term_string}"},"query-input":"required name=search_term_string"}],"inLanguage":"hu"},{"@type":"Organization","@id":"https:\/\/stor51.tauroessiccatori.com\/#organization","name":"Tauro Essiccatori","url":"https:\/\/stor51.tauroessiccatori.com\/","logo":{"@type":"ImageObject","inLanguage":"hu","@id":"https:\/\/stor51.tauroessiccatori.com\/#\/schema\/logo\/image\/","url":"https:\/\/www.tauroessiccatori.com\/wp-assets\/uploads\/2017\/07\/logo_tauro_500x109px.png","contentUrl":"https:\/\/www.tauroessiccatori.com\/wp-assets\/uploads\/2017\/07\/logo_tauro_500x109px.png","width":500,"height":109,"caption":"Tauro Essiccatori"},"image":{"@id":"https:\/\/stor51.tauroessiccatori.com\/#\/schema\/logo\/image\/"},"sameAs":["https:\/\/www.facebook.com\/TauroEssiccatori\/","https:\/\/www.instagram.com\/tauro_essiccatori\/","https:\/\/it.linkedin.com\/company\/tauro-essiccatori","https:\/\/www.youtube.com\/user\/tauroessiccatori"]}]}},"_links":{"self":[{"href":"https:\/\/stor51.tauroessiccatori.com\/hu\/wp-json\/wp\/v2\/pages\/1103"}],"collection":[{"href":"https:\/\/stor51.tauroessiccatori.com\/hu\/wp-json\/wp\/v2\/pages"}],"about":[{"href":"https:\/\/stor51.tauroessiccatori.com\/hu\/wp-json\/wp\/v2\/types\/page"}],"author":[{"embeddable":true,"href":"https:\/\/stor51.tauroessiccatori.com\/hu\/wp-json\/wp\/v2\/users\/1"}],"replies":[{"embeddable":true,"href":"https:\/\/stor51.tauroessiccatori.com\/hu\/wp-json\/wp\/v2\/comments?post=1103"}],"version-history":[{"count":12,"href":"https:\/\/stor51.tauroessiccatori.com\/hu\/wp-json\/wp\/v2\/pages\/1103\/revisions"}],"predecessor-version":[{"id":165073,"href":"https:\/\/stor51.tauroessiccatori.com\/hu\/wp-json\/wp\/v2\/pages\/1103\/revisions\/165073"}],"up":[{"embeddable":true,"href":"https:\/\/stor51.tauroessiccatori.com\/hu\/wp-json\/wp\/v2\/pages\/1088"}],"wp:attachment":[{"href":"https:\/\/stor51.tauroessiccatori.com\/hu\/wp-json\/wp\/v2\/media?parent=1103"}],"wp:term":[{"taxonomy":"post_tag","embeddable":true,"href":"https:\/\/stor51.tauroessiccatori.com\/hu\/wp-json\/wp\/v2\/tags?post=1103"}],"curies":[{"name":"wp","href":"https:\/\/api.w.org\/{rel}","templated":true}]}}