


{"id":913,"date":"2017-08-13T22:04:23","date_gmt":"2017-08-13T20:04:23","guid":{"rendered":"http:\/\/store.tauroessiccatori.com\/?post_type=product&#038;p=913\/"},"modified":"2023-05-12T11:00:39","modified_gmt":"2023-05-12T09:00:39","slug":"biosec-pro","status":"publish","type":"product","link":"https:\/\/stor51.tauroessiccatori.com\/fr\/p\/biosec-pro\/","title":{"rendered":"Biosec Pro"},"content":{"rendered":"<div class=\"tauro-banners\"><div class=\"banner-00\" style=\"background-color: #852035\">\r\n<div class=\"ix-xmas-box-other\" style=\"font-size: 18px;padding: 7px 0;margin: 0 auto 0px auto\" align=\"center\"><b style=\"color: #fff;font-size: 18px\">Placez un BIOSEC sous l'arbre. <a style=\"color: #f8cc89;font-weight: bold;text-decoration: none;font-size: 18px\" href=\"https:\/\/www.tauroessiccatori.com\/christmas-2024\/\">D\u00c9COUVRIR ICI<\/a> Promotions de No\u00ebl !<\/b><\/div>\r\n<\/div><div class=\"banner-00\" style=\"background-color: #000\">\r\n<div class=\"ix-xmas-box-other\" style=\"font-size: 18px;padding: 7px 0;margin: 0 auto 0px auto\" align=\"center\"><b style=\"color: #fff\"> Les r\u00e9ductions du vendredi noir sont l\u00e0 ! \u00a0 <a style=\"color: #f77209;font-weight: bold;text-decoration: none\" href=\"https:\/\/www.tauroessiccatori.com\/black-friday-2024\/\"> Cliquez pour ne pas les manquer \u2192 <\/a>\r\n<\/b><\/div>\r\n<\/div><\/div><div class=\"ix-professional-dryer-description\">\n<h4 class=\"ix-professional-dryer-description-h4\"><strong>PROGRAMMES AUTOMATIQUES, MANUELS ET PERSONNALIS\u00c9S : UN BIOSEC PRO RIEN QUE POUR VOUS<\/strong><\/h4>\n<p>Biosec PRO est le nouveau s\u00e9choir de derni\u00e8re g\u00e9n\u00e9ration con\u00e7u et fabriqu\u00e9 par Tauro. Les programmes automatiques rendent le processus de s\u00e9chage simple et imm\u00e9diat, mais vous laissent l'autonomie de d\u00e9terminer la temp\u00e9rature de fonctionnement : \u00e9laborez avec notre \u00e9quipe des solutions d\u00e9di\u00e9es et personnalis\u00e9es pour vos besoins.<\/p>\n<h4 class=\"ix-professional-dryer-description-h4\"><strong>LA TECHNOLOGIE AU SERVICE DE L'\u00c9CONOMIE ET DE L'\u00c9COLOGIE<\/strong><\/h4>\n<p>Structure isol\u00e9e pour un meilleur rendement et une plus grande \u00e9conomie d'\u00e9nergie, 4 ventilateurs pour assurer l'homog\u00e9n\u00e9it\u00e9 du flux, des r\u00e9sultats plus rapides et une meilleure qualit\u00e9, en respectant le client, l'environnement et votre porte-monnaie.<\/p>\n<h4 class=\"ix-professional-dryer-description-h4\"><strong>OPTIONS DISPONIBLES<\/strong><\/h4>\n<p>ASSAINISSEMENT PAR RAYONS UV-C : Maximisez l'hygi\u00e8ne de votre Biosec Pro gr\u00e2ce aux rayons UV-C, qui aident \u00e0 assainir l'air en circulation, pour un r\u00e9sultat encore plus professionnel et sup\u00e9rieur avec une s\u00e9curit\u00e9 maximale.<br \/>\nSYST\u00c8ME DE GESTION AVEC WIFI : WiFi int\u00e9gr\u00e9 pour contr\u00f4ler les processus \u00e0 partir de smartphones et de PC, mettre en \u0153uvre des programmes et assurer un diagnostic instantan\u00e9, m\u00eame \u00e0 distance. Nous savons toujours ce qui se passe dans votre Biosec Pro !<\/p>\n<\/div>","protected":false},"excerpt":{"rendered":"<p>Metti un BIOSEC sotto l&#8217;Albero. SCOPRI QUI le promozioni di Natale! Gli sconti Black Friday sono qui! \u00a0 Clicca\u00a0per\u00a0non perderli \u2192 PROGRAMMI AUTOMATICI, MANUALI E PERSONALIZZATI: UN BIOSEC PRO SOLO PER TE Biosec PRO \u00e8 il nuovo essiccatore di ultima generazione progettato e prodotto da Tauro. I programmi automatici rendono semplice ed immediato il processo [&hellip;]<\/p>","protected":false},"featured_media":137931,"comment_status":"closed","ping_status":"closed","template":"","meta":[],"product_cat":[194],"product_tag":[],"class_list":["post-913","product","type-product","status-publish","has-post-thumbnail","hentry","product_cat-essiccatori-professionali"],"acf":[],"yoast_head":"<!-- This site is optimized with the Yoast SEO plugin v20.10 - https:\/\/yoast.com\/wordpress\/plugins\/seo\/ -->\n<title>Essiccatore professionale Biosec Pro - Tauro Essiccatori<\/title>\n<meta name=\"description\" content=\"Biosec Pro \u00e8 l&#039;esiccatore professionale interamente in acciaio inox. Essiccatore orizzontale con dodici ripiani, pu\u00f2 essiccare fino a 30 kg.\" \/>\n<meta name=\"robots\" content=\"noindex, follow, max-snippet:-1, max-image-preview:large, max-video-preview:-1\" \/>\n<meta property=\"og:locale\" content=\"fr_FR\" \/>\n<meta property=\"og:type\" content=\"article\" \/>\n<meta property=\"og:title\" content=\"Riutilizzo di scarti ed eccedenze: Biosec PRO per dare valore alla tua azienda.\" \/>\n<meta property=\"og:description\" content=\"Offri valore aggiunto e nuova vita ai tuoi prodotti migliori: con l\u2019essiccazione rinnovi il tuo business e lo rendi green e zero scarti.\" \/>\n<meta property=\"og:url\" content=\"https:\/\/stor51.tauroessiccatori.com\/fr\/p\/biosec-pro\/\" \/>\n<meta property=\"og:site_name\" content=\"Tauro Essiccatori\" \/>\n<meta property=\"article:publisher\" content=\"https:\/\/www.facebook.com\/TauroEssiccatori\/\" \/>\n<meta property=\"article:modified_time\" content=\"2023-05-12T09:00:39+00:00\" \/>\n<meta property=\"og:image\" content=\"https:\/\/stor51.tauroessiccatori.com\/wp-assets\/uploads\/2017\/08\/23Luglio2021_EssiccazionePRO_1200x630px_tauro-essiccatori.png\" \/>\n\t<meta property=\"og:image:width\" content=\"1200\" \/>\n\t<meta property=\"og:image:height\" content=\"630\" \/>\n\t<meta property=\"og:image:type\" content=\"image\/png\" \/>\n<meta name=\"twitter:card\" content=\"summary_large_image\" \/>\n<meta name=\"twitter:label1\" content=\"Est. reading time\" \/>\n\t<meta name=\"twitter:data1\" content=\"1 minute\" \/>\n<script type=\"application\/ld+json\" class=\"yoast-schema-graph\">{\"@context\":\"https:\/\/schema.org\",\"@graph\":[{\"@type\":\"WebPage\",\"@id\":\"https:\/\/stor51.tauroessiccatori.com\/p\/biosec-pro\/\",\"url\":\"https:\/\/stor51.tauroessiccatori.com\/p\/biosec-pro\/\",\"name\":\"Essiccatore professionale Biosec Pro - Tauro Essiccatori\",\"isPartOf\":{\"@id\":\"https:\/\/stor51.tauroessiccatori.com\/#website\"},\"datePublished\":\"2017-08-13T20:04:23+00:00\",\"dateModified\":\"2023-05-12T09:00:39+00:00\",\"description\":\"Biosec Pro \u00e8 l'esiccatore professionale interamente in acciaio inox. Essiccatore orizzontale con dodici ripiani, pu\u00f2 essiccare fino a 30 kg.\",\"breadcrumb\":{\"@id\":\"https:\/\/stor51.tauroessiccatori.com\/p\/biosec-pro\/#breadcrumb\"},\"inLanguage\":\"fr-FR\",\"potentialAction\":[{\"@type\":\"ReadAction\",\"target\":[\"https:\/\/stor51.tauroessiccatori.com\/p\/biosec-pro\/\"]}]},{\"@type\":\"BreadcrumbList\",\"@id\":\"https:\/\/stor51.tauroessiccatori.com\/p\/biosec-pro\/#breadcrumb\",\"itemListElement\":[{\"@type\":\"ListItem\",\"position\":1,\"name\":\"Home\",\"item\":\"https:\/\/stor51.tauroessiccatori.com\/\"},{\"@type\":\"ListItem\",\"position\":2,\"name\":\"Shop\",\"item\":\"https:\/\/stor51.tauroessiccatori.com\/negozio\/\"},{\"@type\":\"ListItem\",\"position\":3,\"name\":\"Biosec Pro\"}]},{\"@type\":\"WebSite\",\"@id\":\"https:\/\/stor51.tauroessiccatori.com\/#website\",\"url\":\"https:\/\/stor51.tauroessiccatori.com\/\",\"name\":\"Tauro Essiccatori\",\"description\":\"Welcome to Tauro Essiccatori online shop\",\"publisher\":{\"@id\":\"https:\/\/stor51.tauroessiccatori.com\/#organization\"},\"potentialAction\":[{\"@type\":\"SearchAction\",\"target\":{\"@type\":\"EntryPoint\",\"urlTemplate\":\"https:\/\/stor51.tauroessiccatori.com\/?s={search_term_string}\"},\"query-input\":\"required name=search_term_string\"}],\"inLanguage\":\"fr-FR\"},{\"@type\":\"Organization\",\"@id\":\"https:\/\/stor51.tauroessiccatori.com\/#organization\",\"name\":\"Tauro Essiccatori\",\"url\":\"https:\/\/stor51.tauroessiccatori.com\/\",\"logo\":{\"@type\":\"ImageObject\",\"inLanguage\":\"fr-FR\",\"@id\":\"https:\/\/stor51.tauroessiccatori.com\/#\/schema\/logo\/image\/\",\"url\":\"https:\/\/www.tauroessiccatori.com\/wp-assets\/uploads\/2017\/07\/logo_tauro_500x109px.png\",\"contentUrl\":\"https:\/\/www.tauroessiccatori.com\/wp-assets\/uploads\/2017\/07\/logo_tauro_500x109px.png\",\"width\":500,\"height\":109,\"caption\":\"Tauro Essiccatori\"},\"image\":{\"@id\":\"https:\/\/stor51.tauroessiccatori.com\/#\/schema\/logo\/image\/\"},\"sameAs\":[\"https:\/\/www.facebook.com\/TauroEssiccatori\/\",\"https:\/\/www.instagram.com\/tauro_essiccatori\/\",\"https:\/\/it.linkedin.com\/company\/tauro-essiccatori\",\"https:\/\/www.youtube.com\/user\/tauroessiccatori\"]}]}<\/script>\n<!-- \/ Yoast SEO plugin. -->","yoast_head_json":{"title":"Essiccatore professionale Biosec Pro - Tauro Essiccatori","description":"Biosec Pro \u00e8 l'esiccatore professionale interamente in acciaio inox. Essiccatore orizzontale con dodici ripiani, pu\u00f2 essiccare fino a 30 kg.","robots":{"index":"noindex","follow":"follow","max-snippet":"max-snippet:-1","max-image-preview":"max-image-preview:large","max-video-preview":"max-video-preview:-1"},"og_locale":"fr_FR","og_type":"article","og_title":"Riutilizzo di scarti ed eccedenze: Biosec PRO per dare valore alla tua azienda.","og_description":"Offri valore aggiunto e nuova vita ai tuoi prodotti migliori: con l\u2019essiccazione rinnovi il tuo business e lo rendi green e zero scarti.","og_url":"https:\/\/stor51.tauroessiccatori.com\/fr\/p\/biosec-pro\/","og_site_name":"Tauro Essiccatori","article_publisher":"https:\/\/www.facebook.com\/TauroEssiccatori\/","article_modified_time":"2023-05-12T09:00:39+00:00","og_image":[{"width":1200,"height":630,"url":"https:\/\/stor51.tauroessiccatori.com\/wp-assets\/uploads\/2017\/08\/23Luglio2021_EssiccazionePRO_1200x630px_tauro-essiccatori.png","type":"image\/png"}],"twitter_card":"summary_large_image","twitter_misc":{"Est. reading time":"1 minute"},"schema":{"@context":"https:\/\/schema.org","@graph":[{"@type":"WebPage","@id":"https:\/\/stor51.tauroessiccatori.com\/p\/biosec-pro\/","url":"https:\/\/stor51.tauroessiccatori.com\/p\/biosec-pro\/","name":"Essiccatore professionale Biosec Pro - Tauro Essiccatori","isPartOf":{"@id":"https:\/\/stor51.tauroessiccatori.com\/#website"},"datePublished":"2017-08-13T20:04:23+00:00","dateModified":"2023-05-12T09:00:39+00:00","description":"Biosec Pro \u00e8 l'esiccatore professionale interamente in acciaio inox. Essiccatore orizzontale con dodici ripiani, pu\u00f2 essiccare fino a 30 kg.","breadcrumb":{"@id":"https:\/\/stor51.tauroessiccatori.com\/p\/biosec-pro\/#breadcrumb"},"inLanguage":"fr-FR","potentialAction":[{"@type":"ReadAction","target":["https:\/\/stor51.tauroessiccatori.com\/p\/biosec-pro\/"]}]},{"@type":"BreadcrumbList","@id":"https:\/\/stor51.tauroessiccatori.com\/p\/biosec-pro\/#breadcrumb","itemListElement":[{"@type":"ListItem","position":1,"name":"Home","item":"https:\/\/stor51.tauroessiccatori.com\/"},{"@type":"ListItem","position":2,"name":"Shop","item":"https:\/\/stor51.tauroessiccatori.com\/negozio\/"},{"@type":"ListItem","position":3,"name":"Biosec Pro"}]},{"@type":"WebSite","@id":"https:\/\/stor51.tauroessiccatori.com\/#website","url":"https:\/\/stor51.tauroessiccatori.com\/","name":"Tauro Essiccatori","description":"Welcome to Tauro Essiccatori online shop","publisher":{"@id":"https:\/\/stor51.tauroessiccatori.com\/#organization"},"potentialAction":[{"@type":"SearchAction","target":{"@type":"EntryPoint","urlTemplate":"https:\/\/stor51.tauroessiccatori.com\/?s={search_term_string}"},"query-input":"required name=search_term_string"}],"inLanguage":"fr-FR"},{"@type":"Organization","@id":"https:\/\/stor51.tauroessiccatori.com\/#organization","name":"Tauro Essiccatori","url":"https:\/\/stor51.tauroessiccatori.com\/","logo":{"@type":"ImageObject","inLanguage":"fr-FR","@id":"https:\/\/stor51.tauroessiccatori.com\/#\/schema\/logo\/image\/","url":"https:\/\/www.tauroessiccatori.com\/wp-assets\/uploads\/2017\/07\/logo_tauro_500x109px.png","contentUrl":"https:\/\/www.tauroessiccatori.com\/wp-assets\/uploads\/2017\/07\/logo_tauro_500x109px.png","width":500,"height":109,"caption":"Tauro Essiccatori"},"image":{"@id":"https:\/\/stor51.tauroessiccatori.com\/#\/schema\/logo\/image\/"},"sameAs":["https:\/\/www.facebook.com\/TauroEssiccatori\/","https:\/\/www.instagram.com\/tauro_essiccatori\/","https:\/\/it.linkedin.com\/company\/tauro-essiccatori","https:\/\/www.youtube.com\/user\/tauroessiccatori"]}]}},"_links":{"self":[{"href":"https:\/\/stor51.tauroessiccatori.com\/fr\/wp-json\/wp\/v2\/product\/913"}],"collection":[{"href":"https:\/\/stor51.tauroessiccatori.com\/fr\/wp-json\/wp\/v2\/product"}],"about":[{"href":"https:\/\/stor51.tauroessiccatori.com\/fr\/wp-json\/wp\/v2\/types\/product"}],"replies":[{"embeddable":true,"href":"https:\/\/stor51.tauroessiccatori.com\/fr\/wp-json\/wp\/v2\/comments?post=913"}],"wp:featuredmedia":[{"embeddable":true,"href":"https:\/\/stor51.tauroessiccatori.com\/fr\/wp-json\/wp\/v2\/media\/137931"}],"wp:attachment":[{"href":"https:\/\/stor51.tauroessiccatori.com\/fr\/wp-json\/wp\/v2\/media?parent=913"}],"wp:term":[{"taxonomy":"product_cat","embeddable":true,"href":"https:\/\/stor51.tauroessiccatori.com\/fr\/wp-json\/wp\/v2\/product_cat?post=913"},{"taxonomy":"product_tag","embeddable":true,"href":"https:\/\/stor51.tauroessiccatori.com\/fr\/wp-json\/wp\/v2\/product_tag?post=913"}],"curies":[{"name":"wp","href":"https:\/\/api.w.org\/{rel}","templated":true}]}}