


{"id":78041,"date":"2021-03-10T16:13:36","date_gmt":"2021-03-10T15:13:36","guid":{"rendered":"https:\/\/www.tauroessiccatori.com\/?post_type=product&#038;p=78041\/"},"modified":"2023-05-16T11:10:49","modified_gmt":"2023-05-16T09:10:49","slug":"macinaspezie-elettrico","status":"publish","type":"product","link":"https:\/\/stor51.tauroessiccatori.com\/fr\/p\/broyeur-electrique-depices\/","title":{"rendered":"Moulin \u00e0 \u00e9pices \u00e9lectrique 350W"},"content":{"rendered":"<div class=\"tauro-banners\"><div class=\"banner-00\" style=\"background-color: #852035\">\r\n<div class=\"ix-xmas-box-other\" style=\"font-size: 18px;padding: 7px 0;margin: 0 auto 0px auto\" align=\"center\"><b style=\"color: #fff;font-size: 18px\">Placez un BIOSEC sous l'arbre. <a style=\"color: #f8cc89;font-weight: bold;text-decoration: none;font-size: 18px\" href=\"https:\/\/www.tauroessiccatori.com\/christmas-2024\/\">D\u00c9COUVRIR ICI<\/a> Promotions de No\u00ebl !<\/b><\/div>\r\n<\/div><div class=\"banner-00\" style=\"background-color: #000\">\r\n<div class=\"ix-xmas-box-other\" style=\"font-size: 18px;padding: 7px 0;margin: 0 auto 0px auto\" align=\"center\"><b style=\"color: #fff\"> Les r\u00e9ductions du vendredi noir sont l\u00e0 ! \u00a0 <a style=\"color: #f77209;font-weight: bold;text-decoration: none\" href=\"https:\/\/www.tauroessiccatori.com\/black-friday-2024\/\"> Cliquez pour ne pas les manquer \u2192 <\/a>\r\n<\/b><\/div>\r\n<\/div><\/div><p><span style=\"font-weight: 400;\">Un moulin \u00e0 \u00e9pices \u00e9lectrique polyvalent et puissant qui peut \u00eatre utilis\u00e9 pour broyer des aliments secs et s\u00e9ch\u00e9s. Fourni avec deux r\u00e9cipients en acier inoxydable avec deux lames diff\u00e9rentes, et une housse anti-poussi\u00e8re.<\/span><\/p>\n<p><span style=\"font-weight: 400;\">Caract\u00e9ristiques principales :\u00a0<\/span><span style=\"font-weight: 400;\">Puissant moteur \u00e9lectrique de 350 W 2 b<\/span><span style=\"font-weight: 400;\">couvercles en acier inoxydable amovibles et facilement lavables : c<\/span>Couteau \u00e0 2 lames : convient pour broyer les aliments secs, couteau \u00e0 4 lames : convient pour les aliments huileux\/humides. Couvercle s\u00e9par\u00e9 pour fermer le r\u00e9cipient en acier inoxydable. Capacit\u00e9 jusqu'\u00e0 80 g de grains de caf\u00e9, d'\u00e9pices, d'herbes aromatiques. 2 niveaux de vitesse. Verrouillage de s\u00e9curit\u00e9 : fonctionnement uniquement possible avec le couvercle ferm\u00e9. Couvercle transparent permettant de voir rapidement l'int\u00e9rieur du conteneur. Pieds en caoutchouc antid\u00e9rapants. R\u00e9cipient amovible en acier inoxydable. Bo\u00eetier en acier inoxydable avec \u00e9l\u00e9ments en plastique noir.<\/p>\n<p>&nbsp;<\/p>\n<p><span style=\"font-weight: 400;\">Attention : ne remplissez pas compl\u00e8tement le verre, mais au maximum les 2\/3 de sa capacit\u00e9. Ce moulin \u00e0 caf\u00e9 est destin\u00e9 \u00e0 un usage domestique et occasionnel, et non \u00e0 un usage prolong\u00e9 et professionnel. Suivez attentivement les instructions internes pour un fonctionnement optimal.<\/span><\/p>\n<p>&nbsp;<\/p>\n<p><strong>CARACT\u00c9RISTIQUES TECHNIQUES<\/strong><\/p>\n<ul class=\"ix-technical-features-list\">\n<li>Couteau \u00e0 2 lames : convient pour moudre les aliments secs<\/li>\n<li>Couteau \u00e0 4 lames : convient aux aliments huileux\/humides<\/li>\n<li>Couvercle s\u00e9par\u00e9 pour la fermeture du r\u00e9cipient en acier inoxydable<\/li>\n<li>Capacit\u00e9 de 80 g de grains de caf\u00e9, d'\u00e9pices et d'herbes aromatiques.<\/li>\n<li>2 niveaux de vitesse<\/li>\n<li>Verrouillage de s\u00e9curit\u00e9 : fonctionnement uniquement possible avec le couvercle ferm\u00e9<\/li>\n<li>Couvercle transparent pour une vue rapide de l'int\u00e9rieur du r\u00e9cipient<\/li>\n<li>Pieds en caoutchouc antid\u00e9rapants<\/li>\n<li>R\u00e9cipient amovible en acier inoxydable<\/li>\n<li>Bo\u00eetier en acier inoxydable avec \u00e9l\u00e9ments en plastique noir<\/li>\n<li>Puissance \u00e9lectrique 350 W<\/li>\n<li>L = 12 cm x P = 12 cm x H = 24 cm<\/li>\n<\/ul>","protected":false},"excerpt":{"rendered":"<p>Metti un BIOSEC sotto l&#8217;Albero. SCOPRI QUI le promozioni di Natale! Gli sconti Black Friday sono qui! \u00a0 Clicca\u00a0per\u00a0non perderli \u2192 Un macinaspezie elettrico versatile e potente, che pu\u00f2 essere utilizzato per sminuzzare cibi secchi ed essiccati. Fornito di due contenitori inox con due diverse lame, e coperchio antipolvere. Caratteristiche principali:\u00a0Potente motore elettrico da 350 [&hellip;]<\/p>","protected":false},"featured_media":78044,"comment_status":"closed","ping_status":"closed","template":"","meta":[],"product_cat":[285],"product_tag":[],"class_list":["post-78041","product","type-product","status-publish","has-post-thumbnail","hentry","product_cat-macinaspezie-polverizzatori"],"acf":[],"yoast_head":"<!-- This site is optimized with the Yoast SEO plugin v20.10 - https:\/\/yoast.com\/wordpress\/plugins\/seo\/ -->\n<title>Macinaspezie elettrico 350W - Tauro Essiccatori<\/title>\n<meta name=\"robots\" content=\"noindex, follow, max-snippet:-1, max-image-preview:large, max-video-preview:-1\" \/>\n<meta property=\"og:locale\" content=\"fr_FR\" \/>\n<meta property=\"og:type\" content=\"article\" \/>\n<meta property=\"og:title\" content=\"Macinaspezie elettrico 350W - Tauro Essiccatori\" \/>\n<meta property=\"og:description\" content=\"Metti un BIOSEC sotto l&#039;Albero. SCOPRI QUI le promozioni di Natale! Gli sconti Black Friday sono qui! \u00a0 Clicca\u00a0per\u00a0non perderli \u2192 Un macinaspezie elettrico versatile e potente, che pu\u00f2 essere utilizzato per sminuzzare cibi secchi ed essiccati. Fornito di due contenitori inox con due diverse lame, e coperchio antipolvere. Caratteristiche principali:\u00a0Potente motore elettrico da 350 [&hellip;]\" \/>\n<meta property=\"og:url\" content=\"https:\/\/stor51.tauroessiccatori.com\/fr\/p\/broyeur-electrique-depices\/\" \/>\n<meta property=\"og:site_name\" content=\"Tauro Essiccatori\" \/>\n<meta property=\"article:publisher\" content=\"https:\/\/www.facebook.com\/TauroEssiccatori\/\" \/>\n<meta property=\"article:modified_time\" content=\"2023-05-16T09:10:49+00:00\" \/>\n<meta property=\"og:image\" content=\"https:\/\/stor51.tauroessiccatori.com\/wp-assets\/uploads\/2021\/03\/cloer741901.jpg\" \/>\n\t<meta property=\"og:image:width\" content=\"1210\" \/>\n\t<meta property=\"og:image:height\" content=\"750\" \/>\n\t<meta property=\"og:image:type\" content=\"image\/jpeg\" \/>\n<meta name=\"twitter:card\" content=\"summary_large_image\" \/>\n<meta name=\"twitter:label1\" content=\"Est. reading time\" \/>\n\t<meta name=\"twitter:data1\" content=\"1 minute\" \/>\n<script type=\"application\/ld+json\" class=\"yoast-schema-graph\">{\"@context\":\"https:\/\/schema.org\",\"@graph\":[{\"@type\":\"WebPage\",\"@id\":\"https:\/\/stor51.tauroessiccatori.com\/p\/macinaspezie-elettrico\/\",\"url\":\"https:\/\/stor51.tauroessiccatori.com\/p\/macinaspezie-elettrico\/\",\"name\":\"Macinaspezie elettrico 350W - Tauro Essiccatori\",\"isPartOf\":{\"@id\":\"https:\/\/stor51.tauroessiccatori.com\/#website\"},\"datePublished\":\"2021-03-10T15:13:36+00:00\",\"dateModified\":\"2023-05-16T09:10:49+00:00\",\"breadcrumb\":{\"@id\":\"https:\/\/stor51.tauroessiccatori.com\/p\/macinaspezie-elettrico\/#breadcrumb\"},\"inLanguage\":\"fr-FR\",\"potentialAction\":[{\"@type\":\"ReadAction\",\"target\":[\"https:\/\/stor51.tauroessiccatori.com\/p\/macinaspezie-elettrico\/\"]}]},{\"@type\":\"BreadcrumbList\",\"@id\":\"https:\/\/stor51.tauroessiccatori.com\/p\/macinaspezie-elettrico\/#breadcrumb\",\"itemListElement\":[{\"@type\":\"ListItem\",\"position\":1,\"name\":\"Home\",\"item\":\"https:\/\/stor51.tauroessiccatori.com\/\"},{\"@type\":\"ListItem\",\"position\":2,\"name\":\"Shop\",\"item\":\"https:\/\/stor51.tauroessiccatori.com\/negozio\/\"},{\"@type\":\"ListItem\",\"position\":3,\"name\":\"Macinaspezie elettrico 350W\"}]},{\"@type\":\"WebSite\",\"@id\":\"https:\/\/stor51.tauroessiccatori.com\/#website\",\"url\":\"https:\/\/stor51.tauroessiccatori.com\/\",\"name\":\"Tauro Essiccatori\",\"description\":\"Welcome to Tauro Essiccatori online shop\",\"publisher\":{\"@id\":\"https:\/\/stor51.tauroessiccatori.com\/#organization\"},\"potentialAction\":[{\"@type\":\"SearchAction\",\"target\":{\"@type\":\"EntryPoint\",\"urlTemplate\":\"https:\/\/stor51.tauroessiccatori.com\/?s={search_term_string}\"},\"query-input\":\"required name=search_term_string\"}],\"inLanguage\":\"fr-FR\"},{\"@type\":\"Organization\",\"@id\":\"https:\/\/stor51.tauroessiccatori.com\/#organization\",\"name\":\"Tauro Essiccatori\",\"url\":\"https:\/\/stor51.tauroessiccatori.com\/\",\"logo\":{\"@type\":\"ImageObject\",\"inLanguage\":\"fr-FR\",\"@id\":\"https:\/\/stor51.tauroessiccatori.com\/#\/schema\/logo\/image\/\",\"url\":\"https:\/\/www.tauroessiccatori.com\/wp-assets\/uploads\/2017\/07\/logo_tauro_500x109px.png\",\"contentUrl\":\"https:\/\/www.tauroessiccatori.com\/wp-assets\/uploads\/2017\/07\/logo_tauro_500x109px.png\",\"width\":500,\"height\":109,\"caption\":\"Tauro Essiccatori\"},\"image\":{\"@id\":\"https:\/\/stor51.tauroessiccatori.com\/#\/schema\/logo\/image\/\"},\"sameAs\":[\"https:\/\/www.facebook.com\/TauroEssiccatori\/\",\"https:\/\/www.instagram.com\/tauro_essiccatori\/\",\"https:\/\/it.linkedin.com\/company\/tauro-essiccatori\",\"https:\/\/www.youtube.com\/user\/tauroessiccatori\"]}]}<\/script>\n<!-- \/ Yoast SEO plugin. -->","yoast_head_json":{"title":"Macinaspezie elettrico 350W - Tauro Essiccatori","robots":{"index":"noindex","follow":"follow","max-snippet":"max-snippet:-1","max-image-preview":"max-image-preview:large","max-video-preview":"max-video-preview:-1"},"og_locale":"fr_FR","og_type":"article","og_title":"Macinaspezie elettrico 350W - Tauro Essiccatori","og_description":"Metti un BIOSEC sotto l'Albero. SCOPRI QUI le promozioni di Natale! Gli sconti Black Friday sono qui! \u00a0 Clicca\u00a0per\u00a0non perderli \u2192 Un macinaspezie elettrico versatile e potente, che pu\u00f2 essere utilizzato per sminuzzare cibi secchi ed essiccati. Fornito di due contenitori inox con due diverse lame, e coperchio antipolvere. Caratteristiche principali:\u00a0Potente motore elettrico da 350 [&hellip;]","og_url":"https:\/\/stor51.tauroessiccatori.com\/fr\/p\/broyeur-electrique-depices\/","og_site_name":"Tauro Essiccatori","article_publisher":"https:\/\/www.facebook.com\/TauroEssiccatori\/","article_modified_time":"2023-05-16T09:10:49+00:00","og_image":[{"width":1210,"height":750,"url":"https:\/\/stor51.tauroessiccatori.com\/wp-assets\/uploads\/2021\/03\/cloer741901.jpg","type":"image\/jpeg"}],"twitter_card":"summary_large_image","twitter_misc":{"Est. reading time":"1 minute"},"schema":{"@context":"https:\/\/schema.org","@graph":[{"@type":"WebPage","@id":"https:\/\/stor51.tauroessiccatori.com\/p\/macinaspezie-elettrico\/","url":"https:\/\/stor51.tauroessiccatori.com\/p\/macinaspezie-elettrico\/","name":"Macinaspezie elettrico 350W - Tauro Essiccatori","isPartOf":{"@id":"https:\/\/stor51.tauroessiccatori.com\/#website"},"datePublished":"2021-03-10T15:13:36+00:00","dateModified":"2023-05-16T09:10:49+00:00","breadcrumb":{"@id":"https:\/\/stor51.tauroessiccatori.com\/p\/macinaspezie-elettrico\/#breadcrumb"},"inLanguage":"fr-FR","potentialAction":[{"@type":"ReadAction","target":["https:\/\/stor51.tauroessiccatori.com\/p\/macinaspezie-elettrico\/"]}]},{"@type":"BreadcrumbList","@id":"https:\/\/stor51.tauroessiccatori.com\/p\/macinaspezie-elettrico\/#breadcrumb","itemListElement":[{"@type":"ListItem","position":1,"name":"Home","item":"https:\/\/stor51.tauroessiccatori.com\/"},{"@type":"ListItem","position":2,"name":"Shop","item":"https:\/\/stor51.tauroessiccatori.com\/negozio\/"},{"@type":"ListItem","position":3,"name":"Macinaspezie elettrico 350W"}]},{"@type":"WebSite","@id":"https:\/\/stor51.tauroessiccatori.com\/#website","url":"https:\/\/stor51.tauroessiccatori.com\/","name":"Tauro Essiccatori","description":"Welcome to Tauro Essiccatori online shop","publisher":{"@id":"https:\/\/stor51.tauroessiccatori.com\/#organization"},"potentialAction":[{"@type":"SearchAction","target":{"@type":"EntryPoint","urlTemplate":"https:\/\/stor51.tauroessiccatori.com\/?s={search_term_string}"},"query-input":"required name=search_term_string"}],"inLanguage":"fr-FR"},{"@type":"Organization","@id":"https:\/\/stor51.tauroessiccatori.com\/#organization","name":"Tauro Essiccatori","url":"https:\/\/stor51.tauroessiccatori.com\/","logo":{"@type":"ImageObject","inLanguage":"fr-FR","@id":"https:\/\/stor51.tauroessiccatori.com\/#\/schema\/logo\/image\/","url":"https:\/\/www.tauroessiccatori.com\/wp-assets\/uploads\/2017\/07\/logo_tauro_500x109px.png","contentUrl":"https:\/\/www.tauroessiccatori.com\/wp-assets\/uploads\/2017\/07\/logo_tauro_500x109px.png","width":500,"height":109,"caption":"Tauro Essiccatori"},"image":{"@id":"https:\/\/stor51.tauroessiccatori.com\/#\/schema\/logo\/image\/"},"sameAs":["https:\/\/www.facebook.com\/TauroEssiccatori\/","https:\/\/www.instagram.com\/tauro_essiccatori\/","https:\/\/it.linkedin.com\/company\/tauro-essiccatori","https:\/\/www.youtube.com\/user\/tauroessiccatori"]}]}},"_links":{"self":[{"href":"https:\/\/stor51.tauroessiccatori.com\/fr\/wp-json\/wp\/v2\/product\/78041"}],"collection":[{"href":"https:\/\/stor51.tauroessiccatori.com\/fr\/wp-json\/wp\/v2\/product"}],"about":[{"href":"https:\/\/stor51.tauroessiccatori.com\/fr\/wp-json\/wp\/v2\/types\/product"}],"replies":[{"embeddable":true,"href":"https:\/\/stor51.tauroessiccatori.com\/fr\/wp-json\/wp\/v2\/comments?post=78041"}],"wp:featuredmedia":[{"embeddable":true,"href":"https:\/\/stor51.tauroessiccatori.com\/fr\/wp-json\/wp\/v2\/media\/78044"}],"wp:attachment":[{"href":"https:\/\/stor51.tauroessiccatori.com\/fr\/wp-json\/wp\/v2\/media?parent=78041"}],"wp:term":[{"taxonomy":"product_cat","embeddable":true,"href":"https:\/\/stor51.tauroessiccatori.com\/fr\/wp-json\/wp\/v2\/product_cat?post=78041"},{"taxonomy":"product_tag","embeddable":true,"href":"https:\/\/stor51.tauroessiccatori.com\/fr\/wp-json\/wp\/v2\/product_tag?post=78041"}],"curies":[{"name":"wp","href":"https:\/\/api.w.org\/{rel}","templated":true}]}}