


{"id":37849,"date":"2020-07-27T12:40:55","date_gmt":"2020-07-27T10:40:55","guid":{"rendered":"https:\/\/www.tauroessiccatori.com\/?post_type=product&#038;p=37849\/"},"modified":"2023-11-07T11:51:25","modified_gmt":"2023-11-07T10:51:25","slug":"magic-vac-perfetta","status":"publish","type":"product","link":"https:\/\/stor51.tauroessiccatori.com\/fr\/p\/magic-vac-parfait\/","title":{"rendered":"Magic Vac Perfect"},"content":{"rendered":"<div class=\"tauro-banners\"><div class=\"banner-00\" style=\"background-color: #852035\">\r\n<div class=\"ix-xmas-box-other\" style=\"font-size: 18px;padding: 7px 0;margin: 0 auto 0px auto\" align=\"center\"><b style=\"color: #fff;font-size: 18px\">Placez un BIOSEC sous l'arbre. <a style=\"color: #f8cc89;font-weight: bold;text-decoration: none;font-size: 18px\" href=\"https:\/\/www.tauroessiccatori.com\/christmas-2024\/\">D\u00c9COUVRIR ICI<\/a> Promotions de No\u00ebl !<\/b><\/div>\r\n<\/div><div class=\"banner-00\" style=\"background-color: #000\">\r\n<div class=\"ix-xmas-box-other\" style=\"font-size: 18px;padding: 7px 0;margin: 0 auto 0px auto\" align=\"center\"><b style=\"color: #fff\"> Les r\u00e9ductions du vendredi noir sont l\u00e0 ! \u00a0 <a style=\"color: #f77209;font-weight: bold;text-decoration: none\" href=\"https:\/\/www.tauroessiccatori.com\/black-friday-2024\/\"> Cliquez pour ne pas les manquer \u2192 <\/a>\r\n<\/b><\/div>\r\n<\/div><\/div><p><span style=\"font-weight: 400;\">DESCRIPTION :<\/span><\/p>\n<p><span style=\"font-weight: 400;\">Le haut de gamme des machines aspirantes, il allie une polyvalence in\u00e9gal\u00e9e \u00e0 d'excellentes performances. Ses principales caract\u00e9ristiques sont les suivantes :<\/span><\/p>\n<p>Nouveau Vacuom\u00e8tre num\u00e9rique Pr\u00e9s\u00e9lection innovante du niveau de vide. Fonction de vide \u00e0 impulsion manuelle pour les aliments fragiles et d\u00e9licats. Performance professionnelle gr\u00e2ce \u00e0 une double pompe puissante. Facilit\u00e9 d'utilisation avec le syst\u00e8me de verrouillage et de d\u00e9verrouillage. Hublot pratique pour v\u00e9rifier la bonne position du sac. La fonction \"ActiSeal3D\" permet d'\u00e9quilibrer automatiquement la soudure de chaque sac Magic Vac de la meilleure fa\u00e7on possible, \u00e9vitant ainsi une soudure insuffisante ou excessive. La fonction \"MARINATING\" permet de faire mariner les aliments en quelques minutes seulement dans la bo\u00eete du Quadro Magic Vac. Plateau d'\u00e9gouttage amovible, compatible avec le lave-vaisselle. Conforme \u00e0 la directive ErP sur la consommation d'\u00e9nergie. Et bien d'autres encore...<\/p>\n<p>&nbsp;<\/p>\n<p><span style=\"font-weight: 400;\">CARACT\u00c9RISTIQUES TECHNIQUES :<\/span><\/p>\n<p>Nouveau Vacuom\u00e8tre num\u00e9rique Pr\u00e9-s\u00e9lection innovante du niveau de vide<\/p>\n<p>Fonction de vide \u00e0 impulsion manuelle pour les aliments fragiles et d\u00e9licats<\/p>\n<p>Performance professionnelle gr\u00e2ce \u00e0 une double pompe puissante<\/p>\n<p>Facilit\u00e9 d'utilisation avec le syst\u00e8me de verrouillage et de d\u00e9verrouillage<\/p>\n<p>Hublot pratique pour v\u00e9rifier la bonne position du sac<\/p>\n<p>Fonction 'ActiSeal3D' pour \u00e9quilibrer automatiquement la soudure de chaque sac Magic Vac de la meilleure fa\u00e7on possible, \u00e9vitant ainsi une soudure insuffisante ou excessive.<\/p>\n<p>Fonction \"MARINATING\" pour faire mariner les aliments en quelques minutes dans le bidon du Quadro Magic Vac<\/p>\n<p>Bac de r\u00e9cup\u00e9ration amovible, compatible avec le lave-vaisselle.<\/p>\n<p>Conforme \u00e0 la directive sur la consommation d'\u00e9nergie ErP<\/p>\n<p><span style=\"font-weight: 400;\">Barre de soudure : 30 cm<\/span><\/p>","protected":false},"excerpt":{"rendered":"<p>&nbsp;<\/p>\n<ul>\n<li>Nouveau Vacuom\u00e8tre num\u00e9rique Pr\u00e9-s\u00e9lection innovante du niveau de vide<\/li>\n<li>Fonction de vide \u00e0 impulsion manuelle pour les aliments fragiles et d\u00e9licats<\/li>\n<li>Performance professionnelle gr\u00e2ce \u00e0 une double pompe puissante<\/li>\n<li>Facilit\u00e9 d'utilisation avec le syst\u00e8me de verrouillage et de d\u00e9verrouillage<\/li>\n<li>Hublot pratique pour v\u00e9rifier la bonne position du sac<\/li>\n<li>Fonction 'ActiSeal3D' pour \u00e9quilibrer automatiquement la soudure de chaque sac Magic Vac de la meilleure fa\u00e7on possible, \u00e9vitant ainsi une soudure insuffisante ou excessive.<\/li>\n<li>Fonction \"MARINATING\" pour faire mariner les aliments en quelques minutes dans le bidon du Quadro Magic Vac<\/li>\n<li>Bac de r\u00e9cup\u00e9ration amovible, compatible avec le lave-vaisselle.<\/li>\n<li>Conforme \u00e0 la directive sur la consommation d'\u00e9nergie ErP<\/li>\n<li>Barre de soudure : 30 cm<\/li>\n<\/ul>","protected":false},"featured_media":37858,"comment_status":"closed","ping_status":"closed","template":"","meta":[],"product_cat":[276],"product_tag":[],"class_list":["post-37849","product","type-product","status-publish","has-post-thumbnail","hentry","product_cat-sottovuoto"],"acf":[],"yoast_head":"<!-- This site is optimized with the Yoast SEO plugin v20.10 - https:\/\/yoast.com\/wordpress\/plugins\/seo\/ -->\n<title>Magic Vac Perfetta - Tauro Essiccatori<\/title>\n<meta name=\"robots\" content=\"noindex, follow, max-snippet:-1, max-image-preview:large, max-video-preview:-1\" \/>\n<meta property=\"og:locale\" content=\"fr_FR\" \/>\n<meta property=\"og:type\" content=\"article\" \/>\n<meta property=\"og:title\" content=\"Magic Vac Perfetta - Tauro Essiccatori\" \/>\n<meta property=\"og:description\" content=\"&nbsp;   Nuovo Vuotometro Digitale\u00a0Innovativa preselezione del livello di vuoto  Funzione\u00a0vuoto manuale a pulsazioni\u00a0per cibi fragili e delicati  Prestazioni professionali\u00a0grazie alla potente doppia pompa  Facilit\u00e0 d&#039;uso con\u00a0Lock &amp; Unlock System  Pratico obl\u00f2 per verificare la corretta posizione del sacchetto  Funzione \u201cActiSeal3D\u201d che permette di bilanciare automaticamente nel miglior modo possibile la saldatura di ogni sacchetto Magic Vac, evitando cos\u00ec sigillature insufficienti o eccessive  Funzione \u201cMARINATING\u201d per marinare i cibi in pochi minuti nel Canister Quadro Magic Vac  Vaschetta ferma liquidi estraibile e lavabile in lavastoviglie  Conforme alla\u00a0Direttiva ErP\u00a0consumi di energia  Barra saldante: 30 cm\" \/>\n<meta property=\"og:url\" content=\"https:\/\/stor51.tauroessiccatori.com\/fr\/p\/magic-vac-parfait\/\" \/>\n<meta property=\"og:site_name\" content=\"Tauro Essiccatori\" \/>\n<meta property=\"article:publisher\" content=\"https:\/\/www.facebook.com\/TauroEssiccatori\/\" \/>\n<meta property=\"article:modified_time\" content=\"2023-11-07T10:51:25+00:00\" \/>\n<meta property=\"og:image\" content=\"https:\/\/stor51.tauroessiccatori.com\/wp-assets\/uploads\/2020\/07\/V252PK1-PERFETTA-CMYK-HR.jpg\" \/>\n\t<meta property=\"og:image:width\" content=\"2048\" \/>\n\t<meta property=\"og:image:height\" content=\"1266\" \/>\n\t<meta property=\"og:image:type\" content=\"image\/jpeg\" \/>\n<meta name=\"twitter:card\" content=\"summary_large_image\" \/>\n<meta name=\"twitter:label1\" content=\"Est. reading time\" \/>\n\t<meta name=\"twitter:data1\" content=\"1 minute\" \/>\n<script type=\"application\/ld+json\" class=\"yoast-schema-graph\">{\"@context\":\"https:\/\/schema.org\",\"@graph\":[{\"@type\":\"WebPage\",\"@id\":\"https:\/\/stor51.tauroessiccatori.com\/p\/magic-vac-perfetta\/\",\"url\":\"https:\/\/stor51.tauroessiccatori.com\/p\/magic-vac-perfetta\/\",\"name\":\"Magic Vac Perfetta - Tauro Essiccatori\",\"isPartOf\":{\"@id\":\"https:\/\/stor51.tauroessiccatori.com\/#website\"},\"datePublished\":\"2020-07-27T10:40:55+00:00\",\"dateModified\":\"2023-11-07T10:51:25+00:00\",\"breadcrumb\":{\"@id\":\"https:\/\/stor51.tauroessiccatori.com\/p\/magic-vac-perfetta\/#breadcrumb\"},\"inLanguage\":\"fr-FR\",\"potentialAction\":[{\"@type\":\"ReadAction\",\"target\":[\"https:\/\/stor51.tauroessiccatori.com\/p\/magic-vac-perfetta\/\"]}]},{\"@type\":\"BreadcrumbList\",\"@id\":\"https:\/\/stor51.tauroessiccatori.com\/p\/magic-vac-perfetta\/#breadcrumb\",\"itemListElement\":[{\"@type\":\"ListItem\",\"position\":1,\"name\":\"Home\",\"item\":\"https:\/\/stor51.tauroessiccatori.com\/\"},{\"@type\":\"ListItem\",\"position\":2,\"name\":\"Shop\",\"item\":\"https:\/\/stor51.tauroessiccatori.com\/negozio\/\"},{\"@type\":\"ListItem\",\"position\":3,\"name\":\"Magic Vac Perfetta\"}]},{\"@type\":\"WebSite\",\"@id\":\"https:\/\/stor51.tauroessiccatori.com\/#website\",\"url\":\"https:\/\/stor51.tauroessiccatori.com\/\",\"name\":\"Tauro Essiccatori\",\"description\":\"Welcome to Tauro Essiccatori online shop\",\"publisher\":{\"@id\":\"https:\/\/stor51.tauroessiccatori.com\/#organization\"},\"potentialAction\":[{\"@type\":\"SearchAction\",\"target\":{\"@type\":\"EntryPoint\",\"urlTemplate\":\"https:\/\/stor51.tauroessiccatori.com\/?s={search_term_string}\"},\"query-input\":\"required name=search_term_string\"}],\"inLanguage\":\"fr-FR\"},{\"@type\":\"Organization\",\"@id\":\"https:\/\/stor51.tauroessiccatori.com\/#organization\",\"name\":\"Tauro Essiccatori\",\"url\":\"https:\/\/stor51.tauroessiccatori.com\/\",\"logo\":{\"@type\":\"ImageObject\",\"inLanguage\":\"fr-FR\",\"@id\":\"https:\/\/stor51.tauroessiccatori.com\/#\/schema\/logo\/image\/\",\"url\":\"https:\/\/www.tauroessiccatori.com\/wp-assets\/uploads\/2017\/07\/logo_tauro_500x109px.png\",\"contentUrl\":\"https:\/\/www.tauroessiccatori.com\/wp-assets\/uploads\/2017\/07\/logo_tauro_500x109px.png\",\"width\":500,\"height\":109,\"caption\":\"Tauro Essiccatori\"},\"image\":{\"@id\":\"https:\/\/stor51.tauroessiccatori.com\/#\/schema\/logo\/image\/\"},\"sameAs\":[\"https:\/\/www.facebook.com\/TauroEssiccatori\/\",\"https:\/\/www.instagram.com\/tauro_essiccatori\/\",\"https:\/\/it.linkedin.com\/company\/tauro-essiccatori\",\"https:\/\/www.youtube.com\/user\/tauroessiccatori\"]}]}<\/script>\n<!-- \/ Yoast SEO plugin. -->","yoast_head_json":{"title":"Magic Vac Perfetta - Tauro Essiccatori","robots":{"index":"noindex","follow":"follow","max-snippet":"max-snippet:-1","max-image-preview":"max-image-preview:large","max-video-preview":"max-video-preview:-1"},"og_locale":"fr_FR","og_type":"article","og_title":"Magic Vac Perfetta - Tauro Essiccatori","og_description":"&nbsp;   Nuovo Vuotometro Digitale\u00a0Innovativa preselezione del livello di vuoto  Funzione\u00a0vuoto manuale a pulsazioni\u00a0per cibi fragili e delicati  Prestazioni professionali\u00a0grazie alla potente doppia pompa  Facilit\u00e0 d'uso con\u00a0Lock &amp; Unlock System  Pratico obl\u00f2 per verificare la corretta posizione del sacchetto  Funzione \u201cActiSeal3D\u201d che permette di bilanciare automaticamente nel miglior modo possibile la saldatura di ogni sacchetto Magic Vac, evitando cos\u00ec sigillature insufficienti o eccessive  Funzione \u201cMARINATING\u201d per marinare i cibi in pochi minuti nel Canister Quadro Magic Vac  Vaschetta ferma liquidi estraibile e lavabile in lavastoviglie  Conforme alla\u00a0Direttiva ErP\u00a0consumi di energia  Barra saldante: 30 cm","og_url":"https:\/\/stor51.tauroessiccatori.com\/fr\/p\/magic-vac-parfait\/","og_site_name":"Tauro Essiccatori","article_publisher":"https:\/\/www.facebook.com\/TauroEssiccatori\/","article_modified_time":"2023-11-07T10:51:25+00:00","og_image":[{"width":2048,"height":1266,"url":"https:\/\/stor51.tauroessiccatori.com\/wp-assets\/uploads\/2020\/07\/V252PK1-PERFETTA-CMYK-HR.jpg","type":"image\/jpeg"}],"twitter_card":"summary_large_image","twitter_misc":{"Est. reading time":"1 minute"},"schema":{"@context":"https:\/\/schema.org","@graph":[{"@type":"WebPage","@id":"https:\/\/stor51.tauroessiccatori.com\/p\/magic-vac-perfetta\/","url":"https:\/\/stor51.tauroessiccatori.com\/p\/magic-vac-perfetta\/","name":"Magic Vac Perfetta - Tauro Essiccatori","isPartOf":{"@id":"https:\/\/stor51.tauroessiccatori.com\/#website"},"datePublished":"2020-07-27T10:40:55+00:00","dateModified":"2023-11-07T10:51:25+00:00","breadcrumb":{"@id":"https:\/\/stor51.tauroessiccatori.com\/p\/magic-vac-perfetta\/#breadcrumb"},"inLanguage":"fr-FR","potentialAction":[{"@type":"ReadAction","target":["https:\/\/stor51.tauroessiccatori.com\/p\/magic-vac-perfetta\/"]}]},{"@type":"BreadcrumbList","@id":"https:\/\/stor51.tauroessiccatori.com\/p\/magic-vac-perfetta\/#breadcrumb","itemListElement":[{"@type":"ListItem","position":1,"name":"Home","item":"https:\/\/stor51.tauroessiccatori.com\/"},{"@type":"ListItem","position":2,"name":"Shop","item":"https:\/\/stor51.tauroessiccatori.com\/negozio\/"},{"@type":"ListItem","position":3,"name":"Magic Vac Perfetta"}]},{"@type":"WebSite","@id":"https:\/\/stor51.tauroessiccatori.com\/#website","url":"https:\/\/stor51.tauroessiccatori.com\/","name":"Tauro Essiccatori","description":"Welcome to Tauro Essiccatori online shop","publisher":{"@id":"https:\/\/stor51.tauroessiccatori.com\/#organization"},"potentialAction":[{"@type":"SearchAction","target":{"@type":"EntryPoint","urlTemplate":"https:\/\/stor51.tauroessiccatori.com\/?s={search_term_string}"},"query-input":"required name=search_term_string"}],"inLanguage":"fr-FR"},{"@type":"Organization","@id":"https:\/\/stor51.tauroessiccatori.com\/#organization","name":"Tauro Essiccatori","url":"https:\/\/stor51.tauroessiccatori.com\/","logo":{"@type":"ImageObject","inLanguage":"fr-FR","@id":"https:\/\/stor51.tauroessiccatori.com\/#\/schema\/logo\/image\/","url":"https:\/\/www.tauroessiccatori.com\/wp-assets\/uploads\/2017\/07\/logo_tauro_500x109px.png","contentUrl":"https:\/\/www.tauroessiccatori.com\/wp-assets\/uploads\/2017\/07\/logo_tauro_500x109px.png","width":500,"height":109,"caption":"Tauro Essiccatori"},"image":{"@id":"https:\/\/stor51.tauroessiccatori.com\/#\/schema\/logo\/image\/"},"sameAs":["https:\/\/www.facebook.com\/TauroEssiccatori\/","https:\/\/www.instagram.com\/tauro_essiccatori\/","https:\/\/it.linkedin.com\/company\/tauro-essiccatori","https:\/\/www.youtube.com\/user\/tauroessiccatori"]}]}},"_links":{"self":[{"href":"https:\/\/stor51.tauroessiccatori.com\/fr\/wp-json\/wp\/v2\/product\/37849"}],"collection":[{"href":"https:\/\/stor51.tauroessiccatori.com\/fr\/wp-json\/wp\/v2\/product"}],"about":[{"href":"https:\/\/stor51.tauroessiccatori.com\/fr\/wp-json\/wp\/v2\/types\/product"}],"replies":[{"embeddable":true,"href":"https:\/\/stor51.tauroessiccatori.com\/fr\/wp-json\/wp\/v2\/comments?post=37849"}],"wp:featuredmedia":[{"embeddable":true,"href":"https:\/\/stor51.tauroessiccatori.com\/fr\/wp-json\/wp\/v2\/media\/37858"}],"wp:attachment":[{"href":"https:\/\/stor51.tauroessiccatori.com\/fr\/wp-json\/wp\/v2\/media?parent=37849"}],"wp:term":[{"taxonomy":"product_cat","embeddable":true,"href":"https:\/\/stor51.tauroessiccatori.com\/fr\/wp-json\/wp\/v2\/product_cat?post=37849"},{"taxonomy":"product_tag","embeddable":true,"href":"https:\/\/stor51.tauroessiccatori.com\/fr\/wp-json\/wp\/v2\/product_tag?post=37849"}],"curies":[{"name":"wp","href":"https:\/\/api.w.org\/{rel}","templated":true}]}}