


{"id":3659,"date":"2019-08-01T17:56:58","date_gmt":"2019-08-01T15:56:58","guid":{"rendered":"https:\/\/store.tauroessiccatori.com\/?post_type=product&#038;p=3659\/"},"modified":"2023-05-16T11:11:46","modified_gmt":"2023-05-16T09:11:46","slug":"mandolina-v6-exclusiveline-stainless-steel-slicer","status":"publish","type":"product","link":"https:\/\/stor51.tauroessiccatori.com\/fr\/p\/mandoline-v6-exclusiveline-slicer-en-acier-inoxydable\/","title":{"rendered":"Mandoline Borner V6 Exclusive Line"},"content":{"rendered":"<div class=\"tauro-banners\"><div class=\"banner-00\" style=\"background-color: #852035\">\r\n<div class=\"ix-xmas-box-other\" style=\"font-size: 18px;padding: 7px 0;margin: 0 auto 0px auto\" align=\"center\"><b style=\"color: #fff;font-size: 18px\">Placez un BIOSEC sous l'arbre. <a style=\"color: #f8cc89;font-weight: bold;text-decoration: none;font-size: 18px\" href=\"https:\/\/www.tauroessiccatori.com\/christmas-2024\/\">D\u00c9COUVRIR ICI<\/a> Promotions de No\u00ebl !<\/b><\/div>\r\n<\/div><div class=\"banner-00\" style=\"background-color: #000\">\r\n<div class=\"ix-xmas-box-other\" style=\"font-size: 18px;padding: 7px 0;margin: 0 auto 0px auto\" align=\"center\"><b style=\"color: #fff\"> Les r\u00e9ductions du vendredi noir sont l\u00e0 ! \u00a0 <a style=\"color: #f77209;font-weight: bold;text-decoration: none\" href=\"https:\/\/www.tauroessiccatori.com\/black-friday-2024\/\"> Cliquez pour ne pas les manquer \u2192 <\/a>\r\n<\/b><\/div>\r\n<\/div><\/div><p><span style=\"font-weight: 400\">Pour les amateurs de coupe-l\u00e9gumes \u00e0 la recherche de quelque chose de plus \u00e9l\u00e9gant, voici la bonne version, en acier inoxydable. Faites votre choix parmi les inserts inclus pour diverses options de coupe. Vous pouvez couper des tranches fines et \u00e9paisses avec l'insert sp\u00e9cial, tandis que les autres inserts de 3,5 mm et 7 mm vous permettent de couper des b\u00e2tonnets, des juliennes ou m\u00eame des cubes en 4 tailles diff\u00e9rentes. Parmi les accessoires, on trouve \u00e9galement le porte-aliment de s\u00e9curit\u00e9 qui prot\u00e8ge les doigts des lames en acier inoxydable.<\/span><\/p>\n<p><span style=\"font-weight: 400\">Toutes les pi\u00e8ces de cet ensemble sont de qualit\u00e9 alimentaire, sans BPA, phtalates et substances nocives. Cela permet de pr\u00e9parer sans souci des repas sains et attrayants pour vous et votre famille.<\/span><\/p>\n<p>&nbsp;<\/p>\n<p><strong>CARACT\u00c9RISTIQUES TECHNIQUES<\/strong><\/p>\n<p>&nbsp;<\/p>\n<ul>\n<li><span style=\"font-weight: 400\">L'original B\u00f6rner directement d'Allemagne<\/span><\/li>\n<li><span style=\"font-weight: 400\">Coupez des tranches de 3 \u00e9paisseurs diff\u00e9rentes<\/span><\/li>\n<li><span style=\"font-weight: 400\">Coupe-cube en 2 tailles diff\u00e9rentes<\/span><\/li>\n<li><span style=\"font-weight: 400\">Dispositif de s\u00e9curit\u00e9 pour la coupe et la s\u00e9curit\u00e9 enfant<\/span><\/li>\n<li><span style=\"font-weight: 400\">Lames B\u00f6rner sous garantie pendant 5 ans !<\/span><\/li>\n<li><span style=\"font-weight: 400\">Sans BPA ni phtalate<\/span><\/li>\n<li><span style=\"font-weight: 400\">Incluant un accessoire pratique pour ranger la mandoline et les inserts<\/span><\/li>\n<\/ul>\n<p>&nbsp;<\/p>\n<p><strong>CONTENU DU PAQUET<\/strong><\/p>\n<p>&nbsp;<\/p>\n<ul>\n<li><span style=\"font-weight: 400\">Mandoline en acier inoxydable V6<\/span><\/li>\n<li><span style=\"font-weight: 400\">Inserts pour tranches de diff\u00e9rentes tailles<\/span><\/li>\n<li><span style=\"font-weight: 400\">Inserts pour b\u00e2tons ou cubes<\/span><\/li>\n<li><span style=\"font-weight: 400\">Dispositif de s\u00e9curit\u00e9 alimentaire<\/span><\/li>\n<li><span style=\"font-weight: 400\">Accessoire pour le rangement de la mandoline et des inserts<\/span><\/li>\n<li><span style=\"font-weight: 400\">Accessoire de protection de la lame<\/span><\/li>\n<\/ul>","protected":false},"excerpt":{"rendered":"<ul>\n<li><span style=\"font-weight: 400\">L'original B\u00f6rner directement d'Allemagne<\/span><\/li>\n<li><span style=\"font-weight: 400\">Coupez des tranches de 3 \u00e9paisseurs diff\u00e9rentes<\/span><\/li>\n<li><span style=\"font-weight: 400\">Coupe-cube en 2 tailles diff\u00e9rentes<\/span><\/li>\n<li><span style=\"font-weight: 400\">Dispositif de s\u00e9curit\u00e9 pour la coupe et la s\u00e9curit\u00e9 enfant<\/span><\/li>\n<li><span style=\"font-weight: 400\">Lames B\u00f6rner sous garantie pendant 5 ans !<\/span><\/li>\n<li><span style=\"font-weight: 400\">Sans BPA ni phtalate<\/span><\/li>\n<li><span style=\"font-weight: 400\">Incluant un accessoire pratique pour ranger la mandoline et les inserts<\/span><\/li>\n<\/ul>","protected":false},"featured_media":3683,"comment_status":"closed","ping_status":"closed","template":"","meta":[],"product_cat":[275],"product_tag":[],"class_list":["post-3659","product","type-product","status-publish","has-post-thumbnail","hentry","product_cat-taglia-verdure"],"acf":[],"yoast_head":"<!-- This site is optimized with the Yoast SEO plugin v20.10 - https:\/\/yoast.com\/wordpress\/plugins\/seo\/ -->\n<title>Mandolina Borner V6 Exclusive Line - Tauro Essiccatori<\/title>\n<meta name=\"robots\" content=\"noindex, follow, max-snippet:-1, max-image-preview:large, max-video-preview:-1\" \/>\n<meta property=\"og:locale\" content=\"fr_FR\" \/>\n<meta property=\"og:type\" content=\"article\" \/>\n<meta property=\"og:title\" content=\"Mandolina Borner V6 Exclusive Line - Tauro Essiccatori\" \/>\n<meta property=\"og:description\" content=\"L&#039;originale B\u00f6rner direttamente dalla Germania  Taglia fette di 3 spessori diversi  Taglia cubetti in 2 diverse dimensioni  Dispositivo di sicurezza per tagliare e blocco bambini  Lame in garanzia B\u00f6rner per 5 anni!  Senza BPA n\u00e8 ftalati  Incluso un pratico accessorio dove conservare mandolina ed inserti\" \/>\n<meta property=\"og:url\" content=\"https:\/\/stor51.tauroessiccatori.com\/fr\/p\/mandoline-v6-exclusiveline-slicer-en-acier-inoxydable\/\" \/>\n<meta property=\"og:site_name\" content=\"Tauro Essiccatori\" \/>\n<meta property=\"article:publisher\" content=\"https:\/\/www.facebook.com\/TauroEssiccatori\/\" \/>\n<meta property=\"article:modified_time\" content=\"2023-05-16T09:11:46+00:00\" \/>\n<meta property=\"og:image\" content=\"https:\/\/stor51.tauroessiccatori.com\/wp-assets\/uploads\/2019\/08\/mandolina-inox.jpg\" \/>\n\t<meta property=\"og:image:width\" content=\"1210\" \/>\n\t<meta property=\"og:image:height\" content=\"750\" \/>\n\t<meta property=\"og:image:type\" content=\"image\/jpeg\" \/>\n<meta name=\"twitter:card\" content=\"summary_large_image\" \/>\n<meta name=\"twitter:label1\" content=\"Est. reading time\" \/>\n\t<meta name=\"twitter:data1\" content=\"1 minute\" \/>\n<script type=\"application\/ld+json\" class=\"yoast-schema-graph\">{\"@context\":\"https:\/\/schema.org\",\"@graph\":[{\"@type\":\"WebPage\",\"@id\":\"https:\/\/stor51.tauroessiccatori.com\/p\/mandolina-v6-exclusiveline-stainless-steel-slicer\/\",\"url\":\"https:\/\/stor51.tauroessiccatori.com\/p\/mandolina-v6-exclusiveline-stainless-steel-slicer\/\",\"name\":\"Mandolina Borner V6 Exclusive Line - Tauro Essiccatori\",\"isPartOf\":{\"@id\":\"https:\/\/stor51.tauroessiccatori.com\/#website\"},\"datePublished\":\"2019-08-01T15:56:58+00:00\",\"dateModified\":\"2023-05-16T09:11:46+00:00\",\"breadcrumb\":{\"@id\":\"https:\/\/stor51.tauroessiccatori.com\/p\/mandolina-v6-exclusiveline-stainless-steel-slicer\/#breadcrumb\"},\"inLanguage\":\"fr-FR\",\"potentialAction\":[{\"@type\":\"ReadAction\",\"target\":[\"https:\/\/stor51.tauroessiccatori.com\/p\/mandolina-v6-exclusiveline-stainless-steel-slicer\/\"]}]},{\"@type\":\"BreadcrumbList\",\"@id\":\"https:\/\/stor51.tauroessiccatori.com\/p\/mandolina-v6-exclusiveline-stainless-steel-slicer\/#breadcrumb\",\"itemListElement\":[{\"@type\":\"ListItem\",\"position\":1,\"name\":\"Home\",\"item\":\"https:\/\/stor51.tauroessiccatori.com\/\"},{\"@type\":\"ListItem\",\"position\":2,\"name\":\"Shop\",\"item\":\"https:\/\/stor51.tauroessiccatori.com\/negozio\/\"},{\"@type\":\"ListItem\",\"position\":3,\"name\":\"Mandolina Borner V6 Exclusive Line\"}]},{\"@type\":\"WebSite\",\"@id\":\"https:\/\/stor51.tauroessiccatori.com\/#website\",\"url\":\"https:\/\/stor51.tauroessiccatori.com\/\",\"name\":\"Tauro Essiccatori\",\"description\":\"Welcome to Tauro Essiccatori online shop\",\"publisher\":{\"@id\":\"https:\/\/stor51.tauroessiccatori.com\/#organization\"},\"potentialAction\":[{\"@type\":\"SearchAction\",\"target\":{\"@type\":\"EntryPoint\",\"urlTemplate\":\"https:\/\/stor51.tauroessiccatori.com\/?s={search_term_string}\"},\"query-input\":\"required name=search_term_string\"}],\"inLanguage\":\"fr-FR\"},{\"@type\":\"Organization\",\"@id\":\"https:\/\/stor51.tauroessiccatori.com\/#organization\",\"name\":\"Tauro Essiccatori\",\"url\":\"https:\/\/stor51.tauroessiccatori.com\/\",\"logo\":{\"@type\":\"ImageObject\",\"inLanguage\":\"fr-FR\",\"@id\":\"https:\/\/stor51.tauroessiccatori.com\/#\/schema\/logo\/image\/\",\"url\":\"https:\/\/www.tauroessiccatori.com\/wp-assets\/uploads\/2017\/07\/logo_tauro_500x109px.png\",\"contentUrl\":\"https:\/\/www.tauroessiccatori.com\/wp-assets\/uploads\/2017\/07\/logo_tauro_500x109px.png\",\"width\":500,\"height\":109,\"caption\":\"Tauro Essiccatori\"},\"image\":{\"@id\":\"https:\/\/stor51.tauroessiccatori.com\/#\/schema\/logo\/image\/\"},\"sameAs\":[\"https:\/\/www.facebook.com\/TauroEssiccatori\/\",\"https:\/\/www.instagram.com\/tauro_essiccatori\/\",\"https:\/\/it.linkedin.com\/company\/tauro-essiccatori\",\"https:\/\/www.youtube.com\/user\/tauroessiccatori\"]}]}<\/script>\n<!-- \/ Yoast SEO plugin. -->","yoast_head_json":{"title":"Mandolina Borner V6 Exclusive Line - Tauro Essiccatori","robots":{"index":"noindex","follow":"follow","max-snippet":"max-snippet:-1","max-image-preview":"max-image-preview:large","max-video-preview":"max-video-preview:-1"},"og_locale":"fr_FR","og_type":"article","og_title":"Mandolina Borner V6 Exclusive Line - Tauro Essiccatori","og_description":"L'originale B\u00f6rner direttamente dalla Germania  Taglia fette di 3 spessori diversi  Taglia cubetti in 2 diverse dimensioni  Dispositivo di sicurezza per tagliare e blocco bambini  Lame in garanzia B\u00f6rner per 5 anni!  Senza BPA n\u00e8 ftalati  Incluso un pratico accessorio dove conservare mandolina ed inserti","og_url":"https:\/\/stor51.tauroessiccatori.com\/fr\/p\/mandoline-v6-exclusiveline-slicer-en-acier-inoxydable\/","og_site_name":"Tauro Essiccatori","article_publisher":"https:\/\/www.facebook.com\/TauroEssiccatori\/","article_modified_time":"2023-05-16T09:11:46+00:00","og_image":[{"width":1210,"height":750,"url":"https:\/\/stor51.tauroessiccatori.com\/wp-assets\/uploads\/2019\/08\/mandolina-inox.jpg","type":"image\/jpeg"}],"twitter_card":"summary_large_image","twitter_misc":{"Est. reading time":"1 minute"},"schema":{"@context":"https:\/\/schema.org","@graph":[{"@type":"WebPage","@id":"https:\/\/stor51.tauroessiccatori.com\/p\/mandolina-v6-exclusiveline-stainless-steel-slicer\/","url":"https:\/\/stor51.tauroessiccatori.com\/p\/mandolina-v6-exclusiveline-stainless-steel-slicer\/","name":"Mandolina Borner V6 Exclusive Line - Tauro Essiccatori","isPartOf":{"@id":"https:\/\/stor51.tauroessiccatori.com\/#website"},"datePublished":"2019-08-01T15:56:58+00:00","dateModified":"2023-05-16T09:11:46+00:00","breadcrumb":{"@id":"https:\/\/stor51.tauroessiccatori.com\/p\/mandolina-v6-exclusiveline-stainless-steel-slicer\/#breadcrumb"},"inLanguage":"fr-FR","potentialAction":[{"@type":"ReadAction","target":["https:\/\/stor51.tauroessiccatori.com\/p\/mandolina-v6-exclusiveline-stainless-steel-slicer\/"]}]},{"@type":"BreadcrumbList","@id":"https:\/\/stor51.tauroessiccatori.com\/p\/mandolina-v6-exclusiveline-stainless-steel-slicer\/#breadcrumb","itemListElement":[{"@type":"ListItem","position":1,"name":"Home","item":"https:\/\/stor51.tauroessiccatori.com\/"},{"@type":"ListItem","position":2,"name":"Shop","item":"https:\/\/stor51.tauroessiccatori.com\/negozio\/"},{"@type":"ListItem","position":3,"name":"Mandolina Borner V6 Exclusive Line"}]},{"@type":"WebSite","@id":"https:\/\/stor51.tauroessiccatori.com\/#website","url":"https:\/\/stor51.tauroessiccatori.com\/","name":"Tauro Essiccatori","description":"Welcome to Tauro Essiccatori online shop","publisher":{"@id":"https:\/\/stor51.tauroessiccatori.com\/#organization"},"potentialAction":[{"@type":"SearchAction","target":{"@type":"EntryPoint","urlTemplate":"https:\/\/stor51.tauroessiccatori.com\/?s={search_term_string}"},"query-input":"required name=search_term_string"}],"inLanguage":"fr-FR"},{"@type":"Organization","@id":"https:\/\/stor51.tauroessiccatori.com\/#organization","name":"Tauro Essiccatori","url":"https:\/\/stor51.tauroessiccatori.com\/","logo":{"@type":"ImageObject","inLanguage":"fr-FR","@id":"https:\/\/stor51.tauroessiccatori.com\/#\/schema\/logo\/image\/","url":"https:\/\/www.tauroessiccatori.com\/wp-assets\/uploads\/2017\/07\/logo_tauro_500x109px.png","contentUrl":"https:\/\/www.tauroessiccatori.com\/wp-assets\/uploads\/2017\/07\/logo_tauro_500x109px.png","width":500,"height":109,"caption":"Tauro Essiccatori"},"image":{"@id":"https:\/\/stor51.tauroessiccatori.com\/#\/schema\/logo\/image\/"},"sameAs":["https:\/\/www.facebook.com\/TauroEssiccatori\/","https:\/\/www.instagram.com\/tauro_essiccatori\/","https:\/\/it.linkedin.com\/company\/tauro-essiccatori","https:\/\/www.youtube.com\/user\/tauroessiccatori"]}]}},"_links":{"self":[{"href":"https:\/\/stor51.tauroessiccatori.com\/fr\/wp-json\/wp\/v2\/product\/3659"}],"collection":[{"href":"https:\/\/stor51.tauroessiccatori.com\/fr\/wp-json\/wp\/v2\/product"}],"about":[{"href":"https:\/\/stor51.tauroessiccatori.com\/fr\/wp-json\/wp\/v2\/types\/product"}],"replies":[{"embeddable":true,"href":"https:\/\/stor51.tauroessiccatori.com\/fr\/wp-json\/wp\/v2\/comments?post=3659"}],"wp:featuredmedia":[{"embeddable":true,"href":"https:\/\/stor51.tauroessiccatori.com\/fr\/wp-json\/wp\/v2\/media\/3683"}],"wp:attachment":[{"href":"https:\/\/stor51.tauroessiccatori.com\/fr\/wp-json\/wp\/v2\/media?parent=3659"}],"wp:term":[{"taxonomy":"product_cat","embeddable":true,"href":"https:\/\/stor51.tauroessiccatori.com\/fr\/wp-json\/wp\/v2\/product_cat?post=3659"},{"taxonomy":"product_tag","embeddable":true,"href":"https:\/\/stor51.tauroessiccatori.com\/fr\/wp-json\/wp\/v2\/product_tag?post=3659"}],"curies":[{"name":"wp","href":"https:\/\/api.w.org\/{rel}","templated":true}]}}