


{"id":1923,"date":"2018-03-30T10:14:14","date_gmt":"2018-03-30T08:14:14","guid":{"rendered":"http:\/\/store.tauroessiccatori.com\/?post_type=product&#038;p=1923\/"},"modified":"2023-08-22T10:14:27","modified_gmt":"2023-08-22T08:14:27","slug":"drysilk-net-5-retine","status":"publish","type":"product","link":"https:\/\/stor51.tauroessiccatori.com\/fr\/p\/filet-de-sechage-5-retine\/","title":{"rendered":"Filet DrySilk - 5 filets"},"content":{"rendered":"<div class=\"tauro-banners\"><div class=\"banner-00\" style=\"background-color: #852035\">\r\n<div class=\"ix-xmas-box-other\" style=\"font-size: 18px;padding: 7px 0;margin: 0 auto 0px auto\" align=\"center\"><b style=\"color: #fff;font-size: 18px\">Placez un BIOSEC sous l'arbre. <a style=\"color: #f8cc89;font-weight: bold;text-decoration: none;font-size: 18px\" href=\"https:\/\/www.tauroessiccatori.com\/christmas-2024\/\">D\u00c9COUVRIR ICI<\/a> Promotions de No\u00ebl !<\/b><\/div>\r\n<\/div><div class=\"banner-00\" style=\"background-color: #000\">\r\n<div class=\"ix-xmas-box-other\" style=\"font-size: 18px;padding: 7px 0;margin: 0 auto 0px auto\" align=\"center\"><b style=\"color: #fff\"> Les r\u00e9ductions du vendredi noir sont l\u00e0 ! \u00a0 <a style=\"color: #f77209;font-weight: bold;text-decoration: none\" href=\"https:\/\/www.tauroessiccatori.com\/black-friday-2024\/\"> Cliquez pour ne pas les manquer \u2192 <\/a>\r\n<\/b><\/div>\r\n<\/div><\/div><div><strong>Description :<\/strong>DrySilk Net est le syst\u00e8me innovant de filet anti-adh\u00e9rent polyvalent con\u00e7u pour vous donner une performance maximale \u00e0 chaque Biosec.<br \/>\nDrySilk Net est parfait pour le s\u00e9chage de petits aliments, tels que les fleurs, les herbes et le pollen, ou d'aliments fins et particuli\u00e8rement collants comme les fraises et les bananes.<br \/>\n\u00c9viter l'utilisation de produits aqueux et de produits goutte \u00e0 goutte.<br \/>\nDeux filets peuvent \u00eatre empil\u00e9s l'un sur l'autre pour doubler la surface de dessiccation du s\u00e9choir.<br \/>\nLAVER AVANT LA PREMI\u00c8RE UTILISATION.<\/p>\n<\/div>\n<div><strong>Caract\u00e9ristiques techniques :<\/strong><\/p>\n<ul>\n<li>\u00a0en plastique certifi\u00e9 pour le contact alimentaire<\/li>\n<li>\u00a0r\u00e9utilisables des milliers de fois<\/li>\n<li>\u00a0Sans BPA ni phtalate<\/li>\n<li>\u00a0dimensions nettes 228\u00d7346 mm - \u00e9paisseur 2 mm<\/li>\n<li>\u00a0taille du trou 2,5 x 2,5 mm<\/li>\n<li>\u00a0r\u00e9sistant jusqu'\u00e0 100\u00b0 - ne pas utiliser au four<\/li>\n<li>\u00a0utilisable \u00e0 basse temp\u00e9rature, jusqu'\u00e0 0\u00b0.<\/li>\n<li>\u00a0compatible avec tous les Biosec<\/li>\n<li>\u00a0nettoie dans le panier sup\u00e9rieur du lave-vaisselle<\/li>\n<\/ul>\n<\/div>\n<div><strong>Contenu de l'emballage :<\/strong><\/p>\n<div>\n<ul>\n<li>\u00a05 filets DrySilk<\/li>\n<\/ul>\n<\/div>\n<\/div>\n<p><i>*les paniers sont pr\u00e9sent\u00e9s \u00e0 des fins explicatives uniquement et ne font pas partie de l'offre.<\/i><\/p>","protected":false},"excerpt":{"rendered":"<p>&#8211; realizzata in plastica certificata per il contatto con alimenti<br \/>\n&#8211; riutilizzabile migliaia di volte<br \/>\n&#8211; senza BPA n\u00e9 ftalati<br \/>\n&#8211; dimensioni dei fori 2,5 x 2,5 mm<br \/>\n&#8211; resiste fino a 100\u00b0 &#8211; non utilizzare in forno<br \/>\n&#8211; utilizzabile alle basse temperature fino a 0\u00b0<br \/>\n&#8211; compatibile con tutti i Biosec<br \/>\n&#8211; si pulisce nel cestello superiore della lavastoviglie<\/p>","protected":false},"featured_media":1928,"comment_status":"closed","ping_status":"closed","template":"","meta":[],"product_cat":[258],"product_tag":[],"class_list":["post-1923","product","type-product","status-publish","has-post-thumbnail","hentry","product_cat-antiaderenti"],"acf":[],"yoast_head":"<!-- This site is optimized with the Yoast SEO plugin v20.10 - https:\/\/yoast.com\/wordpress\/plugins\/seo\/ -->\n<title>DrySilk Net reti antiaderenti - confezione da 5 - Tauro Essiccatori<\/title>\n<meta name=\"description\" content=\"DrySilk Net reti antiaderenti per essiccatori Biosec di Tauro. Acquista online il tuo kit, impilale per raddoppiare la capienza del tuo essiccatore\" \/>\n<meta name=\"robots\" content=\"noindex, follow, max-snippet:-1, max-image-preview:large, max-video-preview:-1\" \/>\n<meta property=\"og:locale\" content=\"fr_FR\" \/>\n<meta property=\"og:type\" content=\"article\" \/>\n<meta property=\"og:title\" content=\"DrySilk Net reti antiaderenti - confezione da 5 - Tauro Essiccatori\" \/>\n<meta property=\"og:description\" content=\"DrySilk Net reti antiaderenti per essiccatori Biosec di Tauro. Acquista online il tuo kit, impilale per raddoppiare la capienza del tuo essiccatore\" \/>\n<meta property=\"og:url\" content=\"https:\/\/stor51.tauroessiccatori.com\/fr\/p\/filet-de-sechage-5-retine\/\" \/>\n<meta property=\"og:site_name\" content=\"Tauro Essiccatori\" \/>\n<meta property=\"article:publisher\" content=\"https:\/\/www.facebook.com\/TauroEssiccatori\/\" \/>\n<meta property=\"article:modified_time\" content=\"2023-08-22T08:14:27+00:00\" \/>\n<meta property=\"og:image\" content=\"https:\/\/stor51.tauroessiccatori.com\/wp-assets\/uploads\/2018\/03\/DrySilkNet.jpg\" \/>\n\t<meta property=\"og:image:width\" content=\"1210\" \/>\n\t<meta property=\"og:image:height\" content=\"750\" \/>\n\t<meta property=\"og:image:type\" content=\"image\/jpeg\" \/>\n<meta name=\"twitter:card\" content=\"summary_large_image\" \/>\n<meta name=\"twitter:label1\" content=\"Est. reading time\" \/>\n\t<meta name=\"twitter:data1\" content=\"1 minute\" \/>\n<script type=\"application\/ld+json\" class=\"yoast-schema-graph\">{\"@context\":\"https:\/\/schema.org\",\"@graph\":[{\"@type\":\"WebPage\",\"@id\":\"https:\/\/stor51.tauroessiccatori.com\/p\/drysilk-net-5-retine\/\",\"url\":\"https:\/\/stor51.tauroessiccatori.com\/p\/drysilk-net-5-retine\/\",\"name\":\"DrySilk Net reti antiaderenti - confezione da 5 - Tauro Essiccatori\",\"isPartOf\":{\"@id\":\"https:\/\/stor51.tauroessiccatori.com\/#website\"},\"datePublished\":\"2018-03-30T08:14:14+00:00\",\"dateModified\":\"2023-08-22T08:14:27+00:00\",\"description\":\"DrySilk Net reti antiaderenti per essiccatori Biosec di Tauro. Acquista online il tuo kit, impilale per raddoppiare la capienza del tuo essiccatore\",\"breadcrumb\":{\"@id\":\"https:\/\/stor51.tauroessiccatori.com\/p\/drysilk-net-5-retine\/#breadcrumb\"},\"inLanguage\":\"fr-FR\",\"potentialAction\":[{\"@type\":\"ReadAction\",\"target\":[\"https:\/\/stor51.tauroessiccatori.com\/p\/drysilk-net-5-retine\/\"]}]},{\"@type\":\"BreadcrumbList\",\"@id\":\"https:\/\/stor51.tauroessiccatori.com\/p\/drysilk-net-5-retine\/#breadcrumb\",\"itemListElement\":[{\"@type\":\"ListItem\",\"position\":1,\"name\":\"Home\",\"item\":\"https:\/\/stor51.tauroessiccatori.com\/\"},{\"@type\":\"ListItem\",\"position\":2,\"name\":\"Shop\",\"item\":\"https:\/\/stor51.tauroessiccatori.com\/negozio\/\"},{\"@type\":\"ListItem\",\"position\":3,\"name\":\"DrySilk Net &#8211; 5 retine\"}]},{\"@type\":\"WebSite\",\"@id\":\"https:\/\/stor51.tauroessiccatori.com\/#website\",\"url\":\"https:\/\/stor51.tauroessiccatori.com\/\",\"name\":\"Tauro Essiccatori\",\"description\":\"Welcome to Tauro Essiccatori online shop\",\"publisher\":{\"@id\":\"https:\/\/stor51.tauroessiccatori.com\/#organization\"},\"potentialAction\":[{\"@type\":\"SearchAction\",\"target\":{\"@type\":\"EntryPoint\",\"urlTemplate\":\"https:\/\/stor51.tauroessiccatori.com\/?s={search_term_string}\"},\"query-input\":\"required name=search_term_string\"}],\"inLanguage\":\"fr-FR\"},{\"@type\":\"Organization\",\"@id\":\"https:\/\/stor51.tauroessiccatori.com\/#organization\",\"name\":\"Tauro Essiccatori\",\"url\":\"https:\/\/stor51.tauroessiccatori.com\/\",\"logo\":{\"@type\":\"ImageObject\",\"inLanguage\":\"fr-FR\",\"@id\":\"https:\/\/stor51.tauroessiccatori.com\/#\/schema\/logo\/image\/\",\"url\":\"https:\/\/www.tauroessiccatori.com\/wp-assets\/uploads\/2017\/07\/logo_tauro_500x109px.png\",\"contentUrl\":\"https:\/\/www.tauroessiccatori.com\/wp-assets\/uploads\/2017\/07\/logo_tauro_500x109px.png\",\"width\":500,\"height\":109,\"caption\":\"Tauro Essiccatori\"},\"image\":{\"@id\":\"https:\/\/stor51.tauroessiccatori.com\/#\/schema\/logo\/image\/\"},\"sameAs\":[\"https:\/\/www.facebook.com\/TauroEssiccatori\/\",\"https:\/\/www.instagram.com\/tauro_essiccatori\/\",\"https:\/\/it.linkedin.com\/company\/tauro-essiccatori\",\"https:\/\/www.youtube.com\/user\/tauroessiccatori\"]}]}<\/script>\n<!-- \/ Yoast SEO plugin. -->","yoast_head_json":{"title":"DrySilk Net reti antiaderenti - confezione da 5 - Tauro Essiccatori","description":"DrySilk Net reti antiaderenti per essiccatori Biosec di Tauro. Acquista online il tuo kit, impilale per raddoppiare la capienza del tuo essiccatore","robots":{"index":"noindex","follow":"follow","max-snippet":"max-snippet:-1","max-image-preview":"max-image-preview:large","max-video-preview":"max-video-preview:-1"},"og_locale":"fr_FR","og_type":"article","og_title":"DrySilk Net reti antiaderenti - confezione da 5 - Tauro Essiccatori","og_description":"DrySilk Net reti antiaderenti per essiccatori Biosec di Tauro. Acquista online il tuo kit, impilale per raddoppiare la capienza del tuo essiccatore","og_url":"https:\/\/stor51.tauroessiccatori.com\/fr\/p\/filet-de-sechage-5-retine\/","og_site_name":"Tauro Essiccatori","article_publisher":"https:\/\/www.facebook.com\/TauroEssiccatori\/","article_modified_time":"2023-08-22T08:14:27+00:00","og_image":[{"width":1210,"height":750,"url":"https:\/\/stor51.tauroessiccatori.com\/wp-assets\/uploads\/2018\/03\/DrySilkNet.jpg","type":"image\/jpeg"}],"twitter_card":"summary_large_image","twitter_misc":{"Est. reading time":"1 minute"},"schema":{"@context":"https:\/\/schema.org","@graph":[{"@type":"WebPage","@id":"https:\/\/stor51.tauroessiccatori.com\/p\/drysilk-net-5-retine\/","url":"https:\/\/stor51.tauroessiccatori.com\/p\/drysilk-net-5-retine\/","name":"DrySilk Net reti antiaderenti - confezione da 5 - Tauro Essiccatori","isPartOf":{"@id":"https:\/\/stor51.tauroessiccatori.com\/#website"},"datePublished":"2018-03-30T08:14:14+00:00","dateModified":"2023-08-22T08:14:27+00:00","description":"DrySilk Net reti antiaderenti per essiccatori Biosec di Tauro. Acquista online il tuo kit, impilale per raddoppiare la capienza del tuo essiccatore","breadcrumb":{"@id":"https:\/\/stor51.tauroessiccatori.com\/p\/drysilk-net-5-retine\/#breadcrumb"},"inLanguage":"fr-FR","potentialAction":[{"@type":"ReadAction","target":["https:\/\/stor51.tauroessiccatori.com\/p\/drysilk-net-5-retine\/"]}]},{"@type":"BreadcrumbList","@id":"https:\/\/stor51.tauroessiccatori.com\/p\/drysilk-net-5-retine\/#breadcrumb","itemListElement":[{"@type":"ListItem","position":1,"name":"Home","item":"https:\/\/stor51.tauroessiccatori.com\/"},{"@type":"ListItem","position":2,"name":"Shop","item":"https:\/\/stor51.tauroessiccatori.com\/negozio\/"},{"@type":"ListItem","position":3,"name":"DrySilk Net &#8211; 5 retine"}]},{"@type":"WebSite","@id":"https:\/\/stor51.tauroessiccatori.com\/#website","url":"https:\/\/stor51.tauroessiccatori.com\/","name":"Tauro Essiccatori","description":"Welcome to Tauro Essiccatori online shop","publisher":{"@id":"https:\/\/stor51.tauroessiccatori.com\/#organization"},"potentialAction":[{"@type":"SearchAction","target":{"@type":"EntryPoint","urlTemplate":"https:\/\/stor51.tauroessiccatori.com\/?s={search_term_string}"},"query-input":"required name=search_term_string"}],"inLanguage":"fr-FR"},{"@type":"Organization","@id":"https:\/\/stor51.tauroessiccatori.com\/#organization","name":"Tauro Essiccatori","url":"https:\/\/stor51.tauroessiccatori.com\/","logo":{"@type":"ImageObject","inLanguage":"fr-FR","@id":"https:\/\/stor51.tauroessiccatori.com\/#\/schema\/logo\/image\/","url":"https:\/\/www.tauroessiccatori.com\/wp-assets\/uploads\/2017\/07\/logo_tauro_500x109px.png","contentUrl":"https:\/\/www.tauroessiccatori.com\/wp-assets\/uploads\/2017\/07\/logo_tauro_500x109px.png","width":500,"height":109,"caption":"Tauro Essiccatori"},"image":{"@id":"https:\/\/stor51.tauroessiccatori.com\/#\/schema\/logo\/image\/"},"sameAs":["https:\/\/www.facebook.com\/TauroEssiccatori\/","https:\/\/www.instagram.com\/tauro_essiccatori\/","https:\/\/it.linkedin.com\/company\/tauro-essiccatori","https:\/\/www.youtube.com\/user\/tauroessiccatori"]}]}},"_links":{"self":[{"href":"https:\/\/stor51.tauroessiccatori.com\/fr\/wp-json\/wp\/v2\/product\/1923"}],"collection":[{"href":"https:\/\/stor51.tauroessiccatori.com\/fr\/wp-json\/wp\/v2\/product"}],"about":[{"href":"https:\/\/stor51.tauroessiccatori.com\/fr\/wp-json\/wp\/v2\/types\/product"}],"replies":[{"embeddable":true,"href":"https:\/\/stor51.tauroessiccatori.com\/fr\/wp-json\/wp\/v2\/comments?post=1923"}],"wp:featuredmedia":[{"embeddable":true,"href":"https:\/\/stor51.tauroessiccatori.com\/fr\/wp-json\/wp\/v2\/media\/1928"}],"wp:attachment":[{"href":"https:\/\/stor51.tauroessiccatori.com\/fr\/wp-json\/wp\/v2\/media?parent=1923"}],"wp:term":[{"taxonomy":"product_cat","embeddable":true,"href":"https:\/\/stor51.tauroessiccatori.com\/fr\/wp-json\/wp\/v2\/product_cat?post=1923"},{"taxonomy":"product_tag","embeddable":true,"href":"https:\/\/stor51.tauroessiccatori.com\/fr\/wp-json\/wp\/v2\/product_tag?post=1923"}],"curies":[{"name":"wp","href":"https:\/\/api.w.org\/{rel}","templated":true}]}}