


{"id":165913,"date":"2022-10-05T10:36:00","date_gmt":"2022-10-05T08:36:00","guid":{"rendered":"https:\/\/www.tauroessiccatori.com\/?post_type=product&#038;p=165913\/"},"modified":"2023-04-17T17:26:46","modified_gmt":"2023-04-17T15:26:46","slug":"corso-di-essiccazione-base-avanzato","status":"publish","type":"product","link":"https:\/\/stor51.tauroessiccatori.com\/fr\/p\/cours-de-sechage-base-avance\/","title":{"rendered":"Cours de s\u00e9chage de base + avanc\u00e9"},"content":{"rendered":"<div class=\"tauro-banners\"><div class=\"banner-00\" style=\"background-color: #852035\">\r\n<div class=\"ix-xmas-box-other\" style=\"font-size: 18px;padding: 7px 0;margin: 0 auto 0px auto\" align=\"center\"><b style=\"color: #fff;font-size: 18px\">Placez un BIOSEC sous l'arbre. <a style=\"color: #f8cc89;font-weight: bold;text-decoration: none;font-size: 18px\" href=\"https:\/\/www.tauroessiccatori.com\/christmas-2024\/\">D\u00c9COUVRIR ICI<\/a> Promotions de No\u00ebl !<\/b><\/div>\r\n<\/div><div class=\"banner-00\" style=\"background-color: #000\">\r\n<div class=\"ix-xmas-box-other\" style=\"font-size: 18px;padding: 7px 0;margin: 0 auto 0px auto\" align=\"center\"><b style=\"color: #fff\"> Les r\u00e9ductions du vendredi noir sont l\u00e0 ! \u00a0 <a style=\"color: #f77209;font-weight: bold;text-decoration: none\" href=\"https:\/\/www.tauroessiccatori.com\/black-friday-2024\/\"> Cliquez pour ne pas les manquer \u2192 <\/a>\r\n<\/b><\/div>\r\n<\/div><\/div><div>\n<p><strong>Description Cours vid\u00e9o sur le s\u00e9chage de base :<\/strong><\/p>\n<p>Vous n'allumez votre s\u00e8che-linge que pour faire des pommes et des champignons ? Avez-vous envie de faire le meilleur usage de votre s\u00e8che-linge ? Ce cours vous permettra de d\u00e9couvrir les nombreuses pr\u00e9parations que vous pouvez r\u00e9aliser avec le s\u00e9choir.<br \/>\nTout d'abord, vous comprendrez le fonctionnement d\u00e9taill\u00e9 d'un s\u00e9choir (vertical et horizontal), comment le s\u00e9chage transforme les aliments et comment il faut les traiter pour les s\u00e9cher au mieux : pr\u00e9paration et transformation, stockage et s\u00e9curit\u00e9 alimentaire.<br \/>\nLe chef vous guidera \u00e0 travers les \u00e9tapes de base des techniques de pr\u00e9paration, en vous montrant les r\u00e9sultats, en analysant les points faibles, les \u00e9ventuels r\u00e9sultats ind\u00e9sirables et la mani\u00e8re de s'am\u00e9liorer. Il partagera avec vous sa longue exp\u00e9rience de s\u00e9cheur.<\/p>\n<div>\n<p><strong>PROGRAMME DE COURS :<\/strong><\/p>\n<ul>\n1. Fruits et l\u00e9gumes<br \/>\nChips ou tranches<br \/>\n1.2. Poussi\u00e8re<br \/>\nCuir de fruits<br \/>\n1.4. Entier ou demi<br \/>\n2. Chips de pommes de terre non frites<br \/>\n3. Poisson et viande<br \/>\n4. Sucre<br \/>\nSucre de fruit<br \/>\n4.2. sucres aromatis\u00e9s<br \/>\n4.3. Meringues<br \/>\n4.4. Doses de sucre<br \/>\n5. Lait en poudre, ma\u00efs en conserve et terres d'olive<br \/>\n6. Barres de petit-d\u00e9jeuner, crackers et c\u00e9r\u00e9ales<br \/>\n7. graines de jardin - chambre de levain - bois de fumage<br \/>\n8. Papier\n<\/div>\n<div>\n<p><strong>Description Cours vid\u00e9o sur le s\u00e9chage avanc\u00e9 :<\/strong><\/p>\n<p>Si votre s\u00e8che-linge est toujours allum\u00e9, mettez-le \u00e0 l'\u00e9preuve. Le cours avanc\u00e9 vous initiera \u00e0 des pr\u00e9parations plus complexes.<br \/>\nLe s\u00e9choir est une chambre \u00e0 temp\u00e9rature plus ou moins constante et peut \u00eatre une aide pr\u00e9cieuse dans certains processus de pr\u00e9paration, en rempla\u00e7ant d'autres outils ou en acc\u00e9l\u00e9rant certaines \u00e9tapes. Le chef Dalicandro expliquera en d\u00e9tail les techniques de ces pr\u00e9parations avec les \u00e9tapes de base. Il vous montrera les r\u00e9sultats et vous racontera comment il en est venu \u00e0 travailler sur certaines pr\u00e9parations, partageant avec vous les r\u00e9sultats de ses exp\u00e9riences au fil des ans.<br \/>\nExp\u00e9rimenter signifie \u00e9valuer les r\u00e9sultats, comprendre comment le produit est transform\u00e9 et conserv\u00e9. Il existe de nombreux param\u00e8tres \u00e0 prendre en compte avant de conclure un processus. Il ne faut pas se laisser arr\u00eater par des r\u00e9sultats non d\u00e9sir\u00e9s, mais savoir les analyser.<br \/>\nIl faut garder \u00e0 l'esprit la fa\u00e7on dont le s\u00e9choir agit sur les aliments et toujours peser le pour et le contre. On ne peut pas tout faire avec le dessiccateur. Nous devons toujours garder \u00e0 l'esprit ce pour quoi il est fait.<br \/>\nIl y aura une petite surprise suppl\u00e9mentaire !<\/p>\n<div>\n<p><strong>PROGRAMME DE COURS :<\/strong><\/p>\n<ul>\n1. Bonbons<br \/>\n2. P\u00e2tes<br \/>\n3. Soufflerie<br \/>\n4. Sec Humide Humide Sec<br \/>\n5. Sorbet sans sucre ajout\u00e9<br \/>\n6. Riz<br \/>\n7. Plats cuisin\u00e9s<br \/>\n8. Porkbushi<br \/>\n9. Sali<br \/>\n10. Beurre clarifi\u00e9<br \/>\n11. Infusions<br \/>\n12. Chocolat temp\u00e9r\u00e9<br \/>\n13. Ail noir<br \/>\n14. Chaux noire<br \/>\n15. Yoghourt<br \/>\n16. Caf\u00e9 soluble<br \/>\n17. EXTRA : surprise !\n<\/div>\n<\/div>\n<p><strong>Offre promotionnelle : COURS VIDEO SECHAGE BASIQUE + AVANCE \u00e0 140.00 \u20ac au lieu de 160.00 \u20ac - acc\u00e8s au cours pendant 6 mois\u00a0<\/strong>\n<\/div>","protected":false},"excerpt":{"rendered":"<p>Metti un BIOSEC sotto l&#8217;Albero. SCOPRI QUI le promozioni di Natale! Gli sconti Black Friday sono qui! \u00a0 Clicca\u00a0per\u00a0non perderli \u2192 Descrizione Video Corso di ESSICCAZIONE BASE: Accendi l\u2019essiccatore solo per fare mele e funghi? Hai voglia di utilizzare al meglio il tuo essiccatore? Questo corso ti far\u00e0 scoprire le moltissime preparazioni che \u00e8 possibile [&hellip;]<\/p>","protected":false},"featured_media":167900,"comment_status":"closed","ping_status":"closed","template":"","meta":[],"product_cat":[196],"product_tag":[],"class_list":["post-165913","product","type-product","status-publish","has-post-thumbnail","hentry","product_cat-libri"],"acf":[],"yoast_head":"<!-- This site is optimized with the Yoast SEO plugin v20.10 - https:\/\/yoast.com\/wordpress\/plugins\/seo\/ -->\n<title>Corso di Essiccazione Base + Avanzato - Tauro Essiccatori<\/title>\n<meta name=\"robots\" content=\"noindex, follow, max-snippet:-1, max-image-preview:large, max-video-preview:-1\" \/>\n<meta property=\"og:locale\" content=\"fr_FR\" \/>\n<meta property=\"og:type\" content=\"article\" \/>\n<meta property=\"og:title\" content=\"Corso di Essiccazione Base + Avanzato - Tauro Essiccatori\" \/>\n<meta property=\"og:description\" content=\"Metti un BIOSEC sotto l&#039;Albero. SCOPRI QUI le promozioni di Natale! Gli sconti Black Friday sono qui! \u00a0 Clicca\u00a0per\u00a0non perderli \u2192 Descrizione Video Corso di ESSICCAZIONE BASE: Accendi l\u2019essiccatore solo per fare mele e funghi? Hai voglia di utilizzare al meglio il tuo essiccatore? Questo corso ti far\u00e0 scoprire le moltissime preparazioni che \u00e8 possibile [&hellip;]\" \/>\n<meta property=\"og:url\" content=\"https:\/\/stor51.tauroessiccatori.com\/fr\/p\/cours-de-sechage-base-avance\/\" \/>\n<meta property=\"og:site_name\" content=\"Tauro Essiccatori\" \/>\n<meta property=\"article:publisher\" content=\"https:\/\/www.facebook.com\/TauroEssiccatori\/\" \/>\n<meta property=\"article:modified_time\" content=\"2023-04-17T15:26:46+00:00\" \/>\n<meta property=\"og:image\" content=\"https:\/\/stor51.tauroessiccatori.com\/wp-assets\/uploads\/2022\/10\/tauro_chef_dalicandro_corsi.jpg\" \/>\n\t<meta property=\"og:image:width\" content=\"2048\" \/>\n\t<meta property=\"og:image:height\" content=\"1266\" \/>\n\t<meta property=\"og:image:type\" content=\"image\/jpeg\" \/>\n<meta name=\"twitter:card\" content=\"summary_large_image\" \/>\n<meta name=\"twitter:label1\" content=\"Est. reading time\" \/>\n\t<meta name=\"twitter:data1\" content=\"2 minutes\" \/>\n<script type=\"application\/ld+json\" class=\"yoast-schema-graph\">{\"@context\":\"https:\/\/schema.org\",\"@graph\":[{\"@type\":\"WebPage\",\"@id\":\"https:\/\/stor51.tauroessiccatori.com\/p\/corso-di-essiccazione-base-avanzato\/\",\"url\":\"https:\/\/stor51.tauroessiccatori.com\/p\/corso-di-essiccazione-base-avanzato\/\",\"name\":\"Corso di Essiccazione Base + Avanzato - Tauro Essiccatori\",\"isPartOf\":{\"@id\":\"https:\/\/stor51.tauroessiccatori.com\/#website\"},\"datePublished\":\"2022-10-05T08:36:00+00:00\",\"dateModified\":\"2023-04-17T15:26:46+00:00\",\"breadcrumb\":{\"@id\":\"https:\/\/stor51.tauroessiccatori.com\/p\/corso-di-essiccazione-base-avanzato\/#breadcrumb\"},\"inLanguage\":\"fr-FR\",\"potentialAction\":[{\"@type\":\"ReadAction\",\"target\":[\"https:\/\/stor51.tauroessiccatori.com\/p\/corso-di-essiccazione-base-avanzato\/\"]}]},{\"@type\":\"BreadcrumbList\",\"@id\":\"https:\/\/stor51.tauroessiccatori.com\/p\/corso-di-essiccazione-base-avanzato\/#breadcrumb\",\"itemListElement\":[{\"@type\":\"ListItem\",\"position\":1,\"name\":\"Home\",\"item\":\"https:\/\/stor51.tauroessiccatori.com\/\"},{\"@type\":\"ListItem\",\"position\":2,\"name\":\"Shop\",\"item\":\"https:\/\/stor51.tauroessiccatori.com\/negozio\/\"},{\"@type\":\"ListItem\",\"position\":3,\"name\":\"Corso di Essiccazione Base + Avanzato\"}]},{\"@type\":\"WebSite\",\"@id\":\"https:\/\/stor51.tauroessiccatori.com\/#website\",\"url\":\"https:\/\/stor51.tauroessiccatori.com\/\",\"name\":\"Tauro Essiccatori\",\"description\":\"Welcome to Tauro Essiccatori online shop\",\"publisher\":{\"@id\":\"https:\/\/stor51.tauroessiccatori.com\/#organization\"},\"potentialAction\":[{\"@type\":\"SearchAction\",\"target\":{\"@type\":\"EntryPoint\",\"urlTemplate\":\"https:\/\/stor51.tauroessiccatori.com\/?s={search_term_string}\"},\"query-input\":\"required name=search_term_string\"}],\"inLanguage\":\"fr-FR\"},{\"@type\":\"Organization\",\"@id\":\"https:\/\/stor51.tauroessiccatori.com\/#organization\",\"name\":\"Tauro Essiccatori\",\"url\":\"https:\/\/stor51.tauroessiccatori.com\/\",\"logo\":{\"@type\":\"ImageObject\",\"inLanguage\":\"fr-FR\",\"@id\":\"https:\/\/stor51.tauroessiccatori.com\/#\/schema\/logo\/image\/\",\"url\":\"https:\/\/www.tauroessiccatori.com\/wp-assets\/uploads\/2017\/07\/logo_tauro_500x109px.png\",\"contentUrl\":\"https:\/\/www.tauroessiccatori.com\/wp-assets\/uploads\/2017\/07\/logo_tauro_500x109px.png\",\"width\":500,\"height\":109,\"caption\":\"Tauro Essiccatori\"},\"image\":{\"@id\":\"https:\/\/stor51.tauroessiccatori.com\/#\/schema\/logo\/image\/\"},\"sameAs\":[\"https:\/\/www.facebook.com\/TauroEssiccatori\/\",\"https:\/\/www.instagram.com\/tauro_essiccatori\/\",\"https:\/\/it.linkedin.com\/company\/tauro-essiccatori\",\"https:\/\/www.youtube.com\/user\/tauroessiccatori\"]}]}<\/script>\n<!-- \/ Yoast SEO plugin. -->","yoast_head_json":{"title":"Corso di Essiccazione Base + Avanzato - Tauro Essiccatori","robots":{"index":"noindex","follow":"follow","max-snippet":"max-snippet:-1","max-image-preview":"max-image-preview:large","max-video-preview":"max-video-preview:-1"},"og_locale":"fr_FR","og_type":"article","og_title":"Corso di Essiccazione Base + Avanzato - Tauro Essiccatori","og_description":"Metti un BIOSEC sotto l'Albero. SCOPRI QUI le promozioni di Natale! Gli sconti Black Friday sono qui! \u00a0 Clicca\u00a0per\u00a0non perderli \u2192 Descrizione Video Corso di ESSICCAZIONE BASE: Accendi l\u2019essiccatore solo per fare mele e funghi? Hai voglia di utilizzare al meglio il tuo essiccatore? Questo corso ti far\u00e0 scoprire le moltissime preparazioni che \u00e8 possibile [&hellip;]","og_url":"https:\/\/stor51.tauroessiccatori.com\/fr\/p\/cours-de-sechage-base-avance\/","og_site_name":"Tauro Essiccatori","article_publisher":"https:\/\/www.facebook.com\/TauroEssiccatori\/","article_modified_time":"2023-04-17T15:26:46+00:00","og_image":[{"width":2048,"height":1266,"url":"https:\/\/stor51.tauroessiccatori.com\/wp-assets\/uploads\/2022\/10\/tauro_chef_dalicandro_corsi.jpg","type":"image\/jpeg"}],"twitter_card":"summary_large_image","twitter_misc":{"Est. reading time":"2 minutes"},"schema":{"@context":"https:\/\/schema.org","@graph":[{"@type":"WebPage","@id":"https:\/\/stor51.tauroessiccatori.com\/p\/corso-di-essiccazione-base-avanzato\/","url":"https:\/\/stor51.tauroessiccatori.com\/p\/corso-di-essiccazione-base-avanzato\/","name":"Corso di Essiccazione Base + Avanzato - Tauro Essiccatori","isPartOf":{"@id":"https:\/\/stor51.tauroessiccatori.com\/#website"},"datePublished":"2022-10-05T08:36:00+00:00","dateModified":"2023-04-17T15:26:46+00:00","breadcrumb":{"@id":"https:\/\/stor51.tauroessiccatori.com\/p\/corso-di-essiccazione-base-avanzato\/#breadcrumb"},"inLanguage":"fr-FR","potentialAction":[{"@type":"ReadAction","target":["https:\/\/stor51.tauroessiccatori.com\/p\/corso-di-essiccazione-base-avanzato\/"]}]},{"@type":"BreadcrumbList","@id":"https:\/\/stor51.tauroessiccatori.com\/p\/corso-di-essiccazione-base-avanzato\/#breadcrumb","itemListElement":[{"@type":"ListItem","position":1,"name":"Home","item":"https:\/\/stor51.tauroessiccatori.com\/"},{"@type":"ListItem","position":2,"name":"Shop","item":"https:\/\/stor51.tauroessiccatori.com\/negozio\/"},{"@type":"ListItem","position":3,"name":"Corso di Essiccazione Base + Avanzato"}]},{"@type":"WebSite","@id":"https:\/\/stor51.tauroessiccatori.com\/#website","url":"https:\/\/stor51.tauroessiccatori.com\/","name":"Tauro Essiccatori","description":"Welcome to Tauro Essiccatori online shop","publisher":{"@id":"https:\/\/stor51.tauroessiccatori.com\/#organization"},"potentialAction":[{"@type":"SearchAction","target":{"@type":"EntryPoint","urlTemplate":"https:\/\/stor51.tauroessiccatori.com\/?s={search_term_string}"},"query-input":"required name=search_term_string"}],"inLanguage":"fr-FR"},{"@type":"Organization","@id":"https:\/\/stor51.tauroessiccatori.com\/#organization","name":"Tauro Essiccatori","url":"https:\/\/stor51.tauroessiccatori.com\/","logo":{"@type":"ImageObject","inLanguage":"fr-FR","@id":"https:\/\/stor51.tauroessiccatori.com\/#\/schema\/logo\/image\/","url":"https:\/\/www.tauroessiccatori.com\/wp-assets\/uploads\/2017\/07\/logo_tauro_500x109px.png","contentUrl":"https:\/\/www.tauroessiccatori.com\/wp-assets\/uploads\/2017\/07\/logo_tauro_500x109px.png","width":500,"height":109,"caption":"Tauro Essiccatori"},"image":{"@id":"https:\/\/stor51.tauroessiccatori.com\/#\/schema\/logo\/image\/"},"sameAs":["https:\/\/www.facebook.com\/TauroEssiccatori\/","https:\/\/www.instagram.com\/tauro_essiccatori\/","https:\/\/it.linkedin.com\/company\/tauro-essiccatori","https:\/\/www.youtube.com\/user\/tauroessiccatori"]}]}},"_links":{"self":[{"href":"https:\/\/stor51.tauroessiccatori.com\/fr\/wp-json\/wp\/v2\/product\/165913"}],"collection":[{"href":"https:\/\/stor51.tauroessiccatori.com\/fr\/wp-json\/wp\/v2\/product"}],"about":[{"href":"https:\/\/stor51.tauroessiccatori.com\/fr\/wp-json\/wp\/v2\/types\/product"}],"replies":[{"embeddable":true,"href":"https:\/\/stor51.tauroessiccatori.com\/fr\/wp-json\/wp\/v2\/comments?post=165913"}],"wp:featuredmedia":[{"embeddable":true,"href":"https:\/\/stor51.tauroessiccatori.com\/fr\/wp-json\/wp\/v2\/media\/167900"}],"wp:attachment":[{"href":"https:\/\/stor51.tauroessiccatori.com\/fr\/wp-json\/wp\/v2\/media?parent=165913"}],"wp:term":[{"taxonomy":"product_cat","embeddable":true,"href":"https:\/\/stor51.tauroessiccatori.com\/fr\/wp-json\/wp\/v2\/product_cat?post=165913"},{"taxonomy":"product_tag","embeddable":true,"href":"https:\/\/stor51.tauroessiccatori.com\/fr\/wp-json\/wp\/v2\/product_tag?post=165913"}],"curies":[{"name":"wp","href":"https:\/\/api.w.org\/{rel}","templated":true}]}}