


{"id":112157,"date":"2021-07-16T19:34:43","date_gmt":"2021-07-16T17:34:43","guid":{"rendered":"https:\/\/www.tauroessiccatori.com\/?post_type=product&#038;p=112157\/"},"modified":"2023-05-12T10:53:21","modified_gmt":"2023-05-12T08:53:21","slug":"b-master-twin-essiccatore-professionale-tauro","status":"publish","type":"product","link":"https:\/\/stor51.tauroessiccatori.com\/fr\/p\/b-master-twin-sechoir-professionnel-tauro\/","title":{"rendered":"B.Master TWIN"},"content":{"rendered":"<div class=\"tauro-banners\"><div class=\"banner-00\" style=\"background-color: #852035\">\r\n<div class=\"ix-xmas-box-other\" style=\"font-size: 18px;padding: 7px 0;margin: 0 auto 0px auto\" align=\"center\"><b style=\"color: #fff;font-size: 18px\">Placez un BIOSEC sous l'arbre. <a style=\"color: #f8cc89;font-weight: bold;text-decoration: none;font-size: 18px\" href=\"https:\/\/www.tauroessiccatori.com\/christmas-2024\/\">D\u00c9COUVRIR ICI<\/a> Promotions de No\u00ebl !<\/b><\/div>\r\n<\/div><div class=\"banner-00\" style=\"background-color: #000\">\r\n<div class=\"ix-xmas-box-other\" style=\"font-size: 18px;padding: 7px 0;margin: 0 auto 0px auto\" align=\"center\"><b style=\"color: #fff\"> Les r\u00e9ductions du vendredi noir sont l\u00e0 ! \u00a0 <a style=\"color: #f77209;font-weight: bold;text-decoration: none\" href=\"https:\/\/www.tauroessiccatori.com\/black-friday-2024\/\"> Cliquez pour ne pas les manquer \u2192 <\/a>\r\n<\/b><\/div>\r\n<\/div><\/div><div>\n<p style=\"text-align: justify\">B.Master Twin r\u00e9pond aux besoins des petites et moyennes entreprises de transformation. Il est \u00e9quip\u00e9 de s\u00e9rie d'une source de chaleur \u00e9lectrique de 10,2 kW. Le s\u00e9choir permet de s\u00e9cher des produits tr\u00e8s aqueux, de gros calibre ou des produits qui n\u00e9cessitent des temp\u00e9ratures \u00e9lev\u00e9es d\u00e8s le d\u00e9part. De s\u00e9rie : deux sources de chaleur \u00e9lectriques qui permettent d'atteindre la temp\u00e9rature la plus \u00e9lev\u00e9e m\u00eame \u00e0 pleine charge. Le syst\u00e8me de ventilation et d'\u00e9vacuation est d\u00e9sormais toujours int\u00e9gr\u00e9 et pr\u00e9sent dans les deux courbes. Le B.Master Twin est \u00e9galement de conception modulaire et peut donc \u00eatre compl\u00e9t\u00e9 par un deuxi\u00e8me module de s\u00e9chage pour une productivit\u00e9 accrue.<\/p>\n<\/div>\n<p>&nbsp;<\/p>\n<div>\n<p><strong>Module de ventilation automatique<\/strong><\/p>\n<p style=\"text-align: justify\">Il d\u00e9tecte et \u00e9limine de mani\u00e8re autonome l'air satur\u00e9 d'humidit\u00e9, en le canalisant vers l'ext\u00e9rieur. Le syst\u00e8me assure une circulation d'air optimis\u00e9e et efficace ainsi qu'un contr\u00f4le parfait de l'humidit\u00e9 pour un s\u00e9chage plus efficace, plus rapide et plus \u00e9conomique.<\/p>\n<p><strong>Module de s\u00e9chage suppl\u00e9mentaire (en option)<\/strong><\/p>\n<\/div>\n<p>&nbsp;<\/p>\n<div>\n<p style=\"text-align: justify\">Il s'agit d'une chambre de s\u00e9chage suppl\u00e9mentaire, directement connect\u00e9e au s\u00e9choir B.Master, qui permet de doubler sa capacit\u00e9.<\/p>\n<\/div>","protected":false},"excerpt":{"rendered":"<p>Metti un BIOSEC sotto l&#8217;Albero. SCOPRI QUI le promozioni di Natale! Gli sconti Black Friday sono qui! \u00a0 Clicca\u00a0per\u00a0non perderli \u2192 B.Master Twin risponde alle esigenze delle piccole\/medie aziende di trasformazione. Nasce dotato di una fonte di calore elettrica da 10,2 kW di serie. L\u2019essiccatore che permette di essiccare prodotti molto acquosi, di grosso calibro [&hellip;]<\/p>","protected":false},"featured_media":168039,"comment_status":"closed","ping_status":"closed","template":"","meta":[],"product_cat":[194],"product_tag":[],"class_list":["post-112157","product","type-product","status-publish","has-post-thumbnail","hentry","product_cat-essiccatori-professionali"],"acf":[],"yoast_head":"<!-- This site is optimized with the Yoast SEO plugin v20.10 - https:\/\/yoast.com\/wordpress\/plugins\/seo\/ -->\n<title>Essiccatore professionale B.Master TWIN - Tauro Essiccatori<\/title>\n<meta name=\"description\" content=\"USA IL SUO POTENZIALE. La doppia curva riscaldante ti garantisce il raggiungimento e il mantenimento delle temperature impostate su tutta la superficie essiccante, ottimizzando tempi e processi. Anche i prodotti pi\u00f9 ostici possono essere essiccati con facilit\u00e0 e sicurezza.\" \/>\n<meta name=\"robots\" content=\"noindex, follow, max-snippet:-1, max-image-preview:large, max-video-preview:-1\" \/>\n<meta property=\"og:locale\" content=\"fr_FR\" \/>\n<meta property=\"og:type\" content=\"article\" \/>\n<meta property=\"og:title\" content=\"Riutilizzo di scarti ed eccedenze: Biosec PRO per dare valore alla tua azienda.\" \/>\n<meta property=\"og:description\" content=\"Offri valore aggiunto e nuova vita ai tuoi prodotti migliori: con l\u2019essiccazione rinnovi il tuo business e lo rendi green e zero scarti.\" \/>\n<meta property=\"og:url\" content=\"https:\/\/stor51.tauroessiccatori.com\/fr\/p\/b-master-twin-sechoir-professionnel-tauro\/\" \/>\n<meta property=\"og:site_name\" content=\"Tauro Essiccatori\" \/>\n<meta property=\"article:publisher\" content=\"https:\/\/www.facebook.com\/TauroEssiccatori\/\" \/>\n<meta property=\"article:modified_time\" content=\"2023-05-12T08:53:21+00:00\" \/>\n<meta property=\"og:image\" content=\"https:\/\/stor51.tauroessiccatori.com\/wp-assets\/uploads\/2017\/08\/23Luglio2021_EssiccazionePRO_1200x630px_tauro-essiccatori.png\" \/>\n\t<meta property=\"og:image:width\" content=\"1200\" \/>\n\t<meta property=\"og:image:height\" content=\"630\" \/>\n\t<meta property=\"og:image:type\" content=\"image\/png\" \/>\n<meta name=\"twitter:card\" content=\"summary_large_image\" \/>\n<meta name=\"twitter:label1\" content=\"Est. reading time\" \/>\n\t<meta name=\"twitter:data1\" content=\"1 minute\" \/>\n<script type=\"application\/ld+json\" class=\"yoast-schema-graph\">{\"@context\":\"https:\/\/schema.org\",\"@graph\":[{\"@type\":\"WebPage\",\"@id\":\"https:\/\/stor51.tauroessiccatori.com\/p\/b-master-twin-essiccatore-professionale-tauro\/\",\"url\":\"https:\/\/stor51.tauroessiccatori.com\/p\/b-master-twin-essiccatore-professionale-tauro\/\",\"name\":\"Essiccatore professionale B.Master TWIN - Tauro Essiccatori\",\"isPartOf\":{\"@id\":\"https:\/\/stor51.tauroessiccatori.com\/#website\"},\"datePublished\":\"2021-07-16T17:34:43+00:00\",\"dateModified\":\"2023-05-12T08:53:21+00:00\",\"description\":\"USA IL SUO POTENZIALE. La doppia curva riscaldante ti garantisce il raggiungimento e il mantenimento delle temperature impostate su tutta la superficie essiccante, ottimizzando tempi e processi. Anche i prodotti pi\u00f9 ostici possono essere essiccati con facilit\u00e0 e sicurezza.\",\"breadcrumb\":{\"@id\":\"https:\/\/stor51.tauroessiccatori.com\/p\/b-master-twin-essiccatore-professionale-tauro\/#breadcrumb\"},\"inLanguage\":\"fr-FR\",\"potentialAction\":[{\"@type\":\"ReadAction\",\"target\":[\"https:\/\/stor51.tauroessiccatori.com\/p\/b-master-twin-essiccatore-professionale-tauro\/\"]}]},{\"@type\":\"BreadcrumbList\",\"@id\":\"https:\/\/stor51.tauroessiccatori.com\/p\/b-master-twin-essiccatore-professionale-tauro\/#breadcrumb\",\"itemListElement\":[{\"@type\":\"ListItem\",\"position\":1,\"name\":\"Home\",\"item\":\"https:\/\/stor51.tauroessiccatori.com\/\"},{\"@type\":\"ListItem\",\"position\":2,\"name\":\"Shop\",\"item\":\"https:\/\/stor51.tauroessiccatori.com\/negozio\/\"},{\"@type\":\"ListItem\",\"position\":3,\"name\":\"B.Master TWIN\"}]},{\"@type\":\"WebSite\",\"@id\":\"https:\/\/stor51.tauroessiccatori.com\/#website\",\"url\":\"https:\/\/stor51.tauroessiccatori.com\/\",\"name\":\"Tauro Essiccatori\",\"description\":\"Welcome to Tauro Essiccatori online shop\",\"publisher\":{\"@id\":\"https:\/\/stor51.tauroessiccatori.com\/#organization\"},\"potentialAction\":[{\"@type\":\"SearchAction\",\"target\":{\"@type\":\"EntryPoint\",\"urlTemplate\":\"https:\/\/stor51.tauroessiccatori.com\/?s={search_term_string}\"},\"query-input\":\"required name=search_term_string\"}],\"inLanguage\":\"fr-FR\"},{\"@type\":\"Organization\",\"@id\":\"https:\/\/stor51.tauroessiccatori.com\/#organization\",\"name\":\"Tauro Essiccatori\",\"url\":\"https:\/\/stor51.tauroessiccatori.com\/\",\"logo\":{\"@type\":\"ImageObject\",\"inLanguage\":\"fr-FR\",\"@id\":\"https:\/\/stor51.tauroessiccatori.com\/#\/schema\/logo\/image\/\",\"url\":\"https:\/\/www.tauroessiccatori.com\/wp-assets\/uploads\/2017\/07\/logo_tauro_500x109px.png\",\"contentUrl\":\"https:\/\/www.tauroessiccatori.com\/wp-assets\/uploads\/2017\/07\/logo_tauro_500x109px.png\",\"width\":500,\"height\":109,\"caption\":\"Tauro Essiccatori\"},\"image\":{\"@id\":\"https:\/\/stor51.tauroessiccatori.com\/#\/schema\/logo\/image\/\"},\"sameAs\":[\"https:\/\/www.facebook.com\/TauroEssiccatori\/\",\"https:\/\/www.instagram.com\/tauro_essiccatori\/\",\"https:\/\/it.linkedin.com\/company\/tauro-essiccatori\",\"https:\/\/www.youtube.com\/user\/tauroessiccatori\"]}]}<\/script>\n<!-- \/ Yoast SEO plugin. -->","yoast_head_json":{"title":"Essiccatore professionale B.Master TWIN - Tauro Essiccatori","description":"USA IL SUO POTENZIALE. La doppia curva riscaldante ti garantisce il raggiungimento e il mantenimento delle temperature impostate su tutta la superficie essiccante, ottimizzando tempi e processi. Anche i prodotti pi\u00f9 ostici possono essere essiccati con facilit\u00e0 e sicurezza.","robots":{"index":"noindex","follow":"follow","max-snippet":"max-snippet:-1","max-image-preview":"max-image-preview:large","max-video-preview":"max-video-preview:-1"},"og_locale":"fr_FR","og_type":"article","og_title":"Riutilizzo di scarti ed eccedenze: Biosec PRO per dare valore alla tua azienda.","og_description":"Offri valore aggiunto e nuova vita ai tuoi prodotti migliori: con l\u2019essiccazione rinnovi il tuo business e lo rendi green e zero scarti.","og_url":"https:\/\/stor51.tauroessiccatori.com\/fr\/p\/b-master-twin-sechoir-professionnel-tauro\/","og_site_name":"Tauro Essiccatori","article_publisher":"https:\/\/www.facebook.com\/TauroEssiccatori\/","article_modified_time":"2023-05-12T08:53:21+00:00","og_image":[{"width":1200,"height":630,"url":"https:\/\/stor51.tauroessiccatori.com\/wp-assets\/uploads\/2017\/08\/23Luglio2021_EssiccazionePRO_1200x630px_tauro-essiccatori.png","type":"image\/png"}],"twitter_card":"summary_large_image","twitter_misc":{"Est. reading time":"1 minute"},"schema":{"@context":"https:\/\/schema.org","@graph":[{"@type":"WebPage","@id":"https:\/\/stor51.tauroessiccatori.com\/p\/b-master-twin-essiccatore-professionale-tauro\/","url":"https:\/\/stor51.tauroessiccatori.com\/p\/b-master-twin-essiccatore-professionale-tauro\/","name":"Essiccatore professionale B.Master TWIN - Tauro Essiccatori","isPartOf":{"@id":"https:\/\/stor51.tauroessiccatori.com\/#website"},"datePublished":"2021-07-16T17:34:43+00:00","dateModified":"2023-05-12T08:53:21+00:00","description":"USA IL SUO POTENZIALE. La doppia curva riscaldante ti garantisce il raggiungimento e il mantenimento delle temperature impostate su tutta la superficie essiccante, ottimizzando tempi e processi. Anche i prodotti pi\u00f9 ostici possono essere essiccati con facilit\u00e0 e sicurezza.","breadcrumb":{"@id":"https:\/\/stor51.tauroessiccatori.com\/p\/b-master-twin-essiccatore-professionale-tauro\/#breadcrumb"},"inLanguage":"fr-FR","potentialAction":[{"@type":"ReadAction","target":["https:\/\/stor51.tauroessiccatori.com\/p\/b-master-twin-essiccatore-professionale-tauro\/"]}]},{"@type":"BreadcrumbList","@id":"https:\/\/stor51.tauroessiccatori.com\/p\/b-master-twin-essiccatore-professionale-tauro\/#breadcrumb","itemListElement":[{"@type":"ListItem","position":1,"name":"Home","item":"https:\/\/stor51.tauroessiccatori.com\/"},{"@type":"ListItem","position":2,"name":"Shop","item":"https:\/\/stor51.tauroessiccatori.com\/negozio\/"},{"@type":"ListItem","position":3,"name":"B.Master TWIN"}]},{"@type":"WebSite","@id":"https:\/\/stor51.tauroessiccatori.com\/#website","url":"https:\/\/stor51.tauroessiccatori.com\/","name":"Tauro Essiccatori","description":"Welcome to Tauro Essiccatori online shop","publisher":{"@id":"https:\/\/stor51.tauroessiccatori.com\/#organization"},"potentialAction":[{"@type":"SearchAction","target":{"@type":"EntryPoint","urlTemplate":"https:\/\/stor51.tauroessiccatori.com\/?s={search_term_string}"},"query-input":"required name=search_term_string"}],"inLanguage":"fr-FR"},{"@type":"Organization","@id":"https:\/\/stor51.tauroessiccatori.com\/#organization","name":"Tauro Essiccatori","url":"https:\/\/stor51.tauroessiccatori.com\/","logo":{"@type":"ImageObject","inLanguage":"fr-FR","@id":"https:\/\/stor51.tauroessiccatori.com\/#\/schema\/logo\/image\/","url":"https:\/\/www.tauroessiccatori.com\/wp-assets\/uploads\/2017\/07\/logo_tauro_500x109px.png","contentUrl":"https:\/\/www.tauroessiccatori.com\/wp-assets\/uploads\/2017\/07\/logo_tauro_500x109px.png","width":500,"height":109,"caption":"Tauro Essiccatori"},"image":{"@id":"https:\/\/stor51.tauroessiccatori.com\/#\/schema\/logo\/image\/"},"sameAs":["https:\/\/www.facebook.com\/TauroEssiccatori\/","https:\/\/www.instagram.com\/tauro_essiccatori\/","https:\/\/it.linkedin.com\/company\/tauro-essiccatori","https:\/\/www.youtube.com\/user\/tauroessiccatori"]}]}},"_links":{"self":[{"href":"https:\/\/stor51.tauroessiccatori.com\/fr\/wp-json\/wp\/v2\/product\/112157"}],"collection":[{"href":"https:\/\/stor51.tauroessiccatori.com\/fr\/wp-json\/wp\/v2\/product"}],"about":[{"href":"https:\/\/stor51.tauroessiccatori.com\/fr\/wp-json\/wp\/v2\/types\/product"}],"replies":[{"embeddable":true,"href":"https:\/\/stor51.tauroessiccatori.com\/fr\/wp-json\/wp\/v2\/comments?post=112157"}],"wp:featuredmedia":[{"embeddable":true,"href":"https:\/\/stor51.tauroessiccatori.com\/fr\/wp-json\/wp\/v2\/media\/168039"}],"wp:attachment":[{"href":"https:\/\/stor51.tauroessiccatori.com\/fr\/wp-json\/wp\/v2\/media?parent=112157"}],"wp:term":[{"taxonomy":"product_cat","embeddable":true,"href":"https:\/\/stor51.tauroessiccatori.com\/fr\/wp-json\/wp\/v2\/product_cat?post=112157"},{"taxonomy":"product_tag","embeddable":true,"href":"https:\/\/stor51.tauroessiccatori.com\/fr\/wp-json\/wp\/v2\/product_tag?post=112157"}],"curies":[{"name":"wp","href":"https:\/\/api.w.org\/{rel}","templated":true}]}}