


{"id":5799,"date":"2019-11-02T10:17:00","date_gmt":"2019-11-02T09:17:00","guid":{"rendered":"https:\/\/www.tauroessiccatori.com\/?page_id=5799\/"},"modified":"2023-04-27T11:41:12","modified_gmt":"2023-04-27T09:41:12","slug":"a-casa","status":"publish","type":"page","link":"https:\/\/stor51.tauroessiccatori.com\/fr\/inspirations\/pourquoi-secher\/a-la-maison\/","title":{"rendered":"Pourquoi s\u00e9cher \u00e0 la maison"},"content":{"rendered":"<div class=\"tauro-banners\"><div class=\"banner-00\" style=\"background-color: #852035\">\r\n<div class=\"ix-xmas-box-other\" style=\"font-size: 18px;padding: 7px 0;margin: 0 auto 0px auto\" align=\"center\"><b style=\"color: #fff;font-size: 18px\">Placez un BIOSEC sous l'arbre. <a style=\"color: #f8cc89;font-weight: bold;text-decoration: none;font-size: 18px\" href=\"https:\/\/www.tauroessiccatori.com\/christmas-2024\/\">D\u00c9COUVRIR ICI<\/a> Promotions de No\u00ebl !<\/b><\/div>\r\n<\/div><div class=\"banner-00\" style=\"background-color: #000\">\r\n<div class=\"ix-xmas-box-other\" style=\"font-size: 18px;padding: 7px 0;margin: 0 auto 0px auto\" align=\"center\"><b style=\"color: #fff\"> Les r\u00e9ductions du vendredi noir sont l\u00e0 ! \u00a0 <a style=\"color: #f77209;font-weight: bold;text-decoration: none\" href=\"https:\/\/www.tauroessiccatori.com\/black-friday-2024\/\"> Cliquez pour ne pas les manquer \u2192 <\/a>\r\n<\/b><\/div>\r\n<\/div><\/div><p><!-- 2022-08-03 italix: kevin: was:h2 add:ix-h1--><\/p>\n<h1 class=\"ix-h1\">pourquoi le s\u00e9chage \u00e0 domicile<\/h1>\n<p><a name=\"approfondimenti\"><\/a><\/p>\n<div class=\"p1 ix-intestazione-azienda\">\u00c9cologique, bon march\u00e9, sain et tr\u00e8s simple. Quatre bonnes raisons de les s\u00e9cher et d'amener Biosec dans la cuisine avec vous. D\u00e9couvrez tous les avantages de l'ass\u00e8chement \u00e0 domicile.<\/div>\n<div style=\"background-color: #ffeebf; margin: 70px 0;\">\n<div class=\"ix-casa-1st-banner\">\n<div class=\"uk-grid uk-grid-medium\">\n<div class=\"uk-width-large-1-3\"><\/div>\n<div class=\"uk-width-large-2-3\">\n<h2 class=\"ix-essiccare-casa-1st-banner-h2\">mille et un avantages pour le s\u00e9chage<\/h2>\n<div class=\"p1 ix-azienda-1st-banner-text\">\u00c9conomie, \u00e9co-durabilit\u00e9, z\u00e9ro km, saisonnalit\u00e9, recyclage de la cuisine. D\u00e9couvrez la satisfaction d'apporter sur la table des plats faits maison, sains, savoureux mais aussi pratiques, \u00e9conomiques et intelligents. Tout cela avec un s\u00e8che-linge !<\/div>\n<\/p><\/div>\n<\/p><\/div>\n<\/p><\/div>\n<\/div>\n<div style=\"background-color: #fad0c3; margin: 70px 0;\">\n<div class=\"ix-casa-2nd-banner\">\n<div class=\"uk-grid uk-grid-medium\">\n<div class=\"uk-width-large-2-3\">\n<h2 class=\"ix-azienda-2nd-banner-h2\">de cr\u00e9er des recettes saines et savoureuses<\/h2>\n<div class=\"p1 ix-azienda-2nd-banner-text\">Ail, huile et piment, cubes de bouillon maison, risotto en sachet pr\u00eat \u00e0 l'emploi, pur\u00e9e de pommes de terre... mais aussi meringues, p\u00e2tisseries croustillantes, chips de l\u00e9gumes et snacks de fruits. Il y a tout un monde \u00e0 d\u00e9couvrir \u00e0 l'int\u00e9rieur d'un s\u00e8che-linge. Un monde qui est organique, \u00e9cologique et \u00e9conomique. Essayez-le pour y croire.<\/div>\n<\/p><\/div>\n<div class=\"uk-width-large-1-3\"><\/div>\n<\/p><\/div>\n<\/p><\/div>\n<\/div>\n<p><a name=\"clienti\"><\/a><\/p>\n<h2 class=\"ix-h2-azienda\">Soyez inspir\u00e9<\/h2>\n<div class=\"p1 ix-intestazione-azienda\">Inspirez-vous pour cr\u00e9er des recettes saines pour la famille, des collations pour les sportifs, des en-cas pour vos amis \u00e0 quatre pattes et m\u00eame des cosm\u00e9tiques biologiques !<\/div>\n<div class=\"ix-max-box-medium\">\n<div class=\"uk-grid uk-grid-medium\">\n        <div class=\"uk-width-large-1-3\">\n            <a href=\"https:\/\/www.essiccare.com\/2019\/09\/19\/oggi-pappa-al-pomodoro-secco-e-bello-dentro\/\" target=\"_blank\" class=\"ix-recipes-a\">\n            <img decoding=\"async\"  style=\"width: 100%\" src=\"https:\/\/stor51.tauroessiccatori.com\/wp-assets\/uploads\/2019\/11\/21_pappa_ricetta.jpg\">\n            <div class=\"uk-grid\">\n                <div class=\"uk-width-4-5 uk-width-large-1-1\">\n                    <h3 class=\"ix-home-d-fruit-h3\">Aujourd'hui pappa al pomodoro ! Le sec est magnifique (\u00e0 l'int\u00e9rieur) !<\/h3>\n                    <div class=\"ix-home-d-fruit-underline\"><\/div>\n                    <div class=\"p2 ix-home-d-fruit-txt\">Une pappa al pomodoro toujours pr\u00eate dans le garde-manger, m\u00eame lorsque les tomates de saison ne sont plus qu'un lointain souvenir ! Pr\u00e9parons-le \u00e0 l'avance, gr\u00e2ce \u00e0 l'utilisation de notre Biosec...<\/div>\n                 <\/div>\n                 <div>\n                    <span class=\"ix-arrow-dx\">&gt;<\/span>\n                 <\/div>\n            <\/div>\n            <\/a>\n       <\/div>\n        <div class=\"uk-width-large-1-3\">\n            <a href=\"https:\/\/www.essiccare.com\/2017\/09\/13\/la-granola-superfood-per-pasti-veloci-ma-equilibrati\/\" target=\"_blank\" class=\"ix-recipes-a\">\n            <img decoding=\"async\"  style=\"width: 100%\" src=\"https:\/\/d3uc6ry8rbiyhd.cloudfront.net\/wp-assets\/uploads\/2019\/11\/22_granola_ricetta.jpg\">\n            <div class=\"uk-grid\">\n                <div class=\"uk-width-4-5 uk-width-large-1-1\">\n                    <h3 class=\"ix-home-d-fruit-h3\">Le granola superfood pour des repas rapides mais \u00e9quilibr\u00e9s<\/h3>\n                    <div class=\"ix-home-d-fruit-underline\"><\/div>\n                    <div class=\"p2 ix-home-d-fruit-txt\">Comment pr\u00e9parer un super aliment de longue dur\u00e9e \u00e0 conserver dans son garde-manger en cas de besoin et au-del\u00e0. Le granola \u00e9nerg\u00e9tique est tr\u00e8s pratique \u00e0 manger avec un yaourt et quelques fruits, par exemple...<\/div>\n                 <\/div>\n                 <div>\n                    <span class=\"ix-arrow-dx\">&gt;<\/span>\n                 <\/div>\n            <\/div>\n            <\/a>\n       <\/div>\n        <div class=\"uk-width-large-1-3\">\n            <a href=\"https:\/\/www.essiccare.com\/2017\/05\/17\/gallette-essiccate-amaranto-glutenfree\/\" target=\"_blank\" class=\"ix-recipes-a\">\n            <img decoding=\"async\"  style=\"width: 100%\" src=\"https:\/\/d3uc6ry8rbiyhd.cloudfront.net\/wp-assets\/uploads\/2019\/11\/23_gallette_ricetta.jpg\">\n            <div class=\"uk-grid\">\n                <div class=\"uk-width-4-5 uk-width-large-1-1\">\n                    <h3 class=\"ix-home-d-fruit-h3\">G\u00e2teaux d'amarante s\u00e9ch\u00e9s, nutritifs et sans gluten<\/h3>\n                    <div class=\"ix-home-d-fruit-underline\"><\/div>\n                    <div class=\"p2 ix-home-d-fruit-txt\">Nous pr\u00e9parons des biscuits sucr\u00e9s, qui sont tr\u00e8s polyvalents, tant pour le petit-d\u00e9jeuner que pour le go\u00fbter. En version sal\u00e9e, avec des l\u00e9gumes ou des \u00e9pices, ils peuvent remplacer le pain ou les crackers dans l'alimentation quotidienne...<\/div>\n                 <\/div>\n                 <div>\n                    <span class=\"ix-arrow-dx\">&gt;<\/span>\n                 <\/div>\n            <\/div>\n            <\/a>\n       <\/div><\/div>\n<\/div>\n<div class=\"ix-max-box-medium ix-double-box\" style=\"display: none;\">\n<div class=\"uk-grid uk-grid-medium\">\n<div class=\"uk-width-large-1-2\">\n<div class=\"uk-grid uk-grid-collapse\">\n<div class=\"uk-width-1-1 uk-width-large-1-1\"><\/div>\n<div class=\"uk-width-1-1 uk-width-large-1-1\">\n<div class=\"ix-aziente-tauro-grey-container\">\n<div class=\"ix-aziende-tauro-h3\"><\/div>\n<\/p><\/div>\n<\/p><\/div>\n<\/p><\/div>\n<\/p><\/div>\n<div class=\"uk-width-large-1-2\">\n<div class=\"uk-grid uk-grid-collapse\">\n<div class=\"uk-width-1-1 uk-width-large-1-1\">\n<div class=\"ix-aziente-tauro-grey-container\">\n<div class=\"p2 ix-aziende-tauro-txt\"><\/div>\n<\/p><\/div>\n<\/p><\/div>\n<\/p><\/div>\n<\/p><\/div>\n<\/p><\/div>\n<\/div>\n<h2 class=\"ix-h2-azienda\">s\u00e9choirs domestiques<\/h2>\n<div class=\"p1 ix-intestazione-azienda\">D\u00e9couvrez la ligne de s\u00e8che-linge con\u00e7ue pour votre cuisine : la technologie Tauro vous garantit un r\u00e9sultat professionnel et toute la simplicit\u00e9 que vous recherchez.<\/div>\n<div class=\"ix-container-inner\">\n<div style=\"margin: 90px auto; font-family: Poppins; font-size: 14px;\">\n<div class=\"uk-grid uk-grid-medium\">\n<div class=\"uk-width-large-1-3\">\n<div class=\"ix-icon-container\">\n<div class=\"icon-1\"><img loading=\"lazy\" decoding=\"async\" class=\"alignnone\" style=\"width: 100%;\" src=\"https:\/\/stor2.tauroessiccatori.com\/wp-assets\/uploads\/2019\/09\/img-01.jpg\" alt=\"S\u00e9choirs de qualit\u00e9 Tauro fabriqu\u00e9s en Italie\" width=\"443\" height=\"321\" \/><\/div>\n<div class=\"icon-title-1\">\n<h3>30 ans de qualit\u00e9 made in Italy<\/h3>\n<p class=\"p2 p-icon-1\">nos s\u00e9choirs sont fabriqu\u00e9s \u00e0 la main, avec des mati\u00e8res premi\u00e8res italiennes, pour garantir la durabilit\u00e9, la qualit\u00e9 et la solidit\u00e9.<\/p>\n<\/p><\/div>\n<\/p><\/div>\n<\/p><\/div>\n<div class=\"uk-width-large-1-3\">\n<div class=\"ix-icon-container\">\n<div class=\"icon-1\"><img loading=\"lazy\" decoding=\"async\" class=\"alignnone\" style=\"width: 100%;\" src=\"https:\/\/stor2.tauroessiccatori.com\/wp-assets\/uploads\/2019\/09\/img-02.jpg\" alt=\"service client\u00e8le des s\u00e9choirs tauro\" width=\"443\" height=\"321\" \/><\/div>\n<div class=\"icon-title-1\">\n<h3>toujours \u00e0 votre disposition<\/h3>\n<p class=\"p2 p-icon-1\">Quel que soit votre besoin, notre support est toujours pr\u00eat \u00e0 vous aider : il suffit de nous appeler.<\/p>\n<\/p><\/div>\n<\/p><\/div>\n<\/p><\/div>\n<div class=\"uk-width-large-1-3\">\n<div class=\"ix-icon-container\">\n<div class=\"icon-1\"><img loading=\"lazy\" decoding=\"async\" class=\"alignnone\" style=\"width: 100%;\" src=\"https:\/\/stor2.tauroessiccatori.com\/wp-assets\/uploads\/2019\/09\/img-03.jpg\" alt=\"assurance qualit\u00e9 s\u00e9choirs tauro\" width=\"443\" height=\"321\" \/><\/div>\n<div class=\"icon-title-1\">\n<h3>toute la garantie dont vous avez besoin<\/h3>\n<p class=\"p2 p-icon-1\">Produits garantis conform\u00e9ment \u00e0 la r\u00e9glementation, couverture suppl\u00e9mentaire d'un an gratuite pour les produits domestiques.<\/p>\n<\/p><\/div>\n<\/p><\/div>\n<\/p><\/div>\n<\/p><\/div>\n<\/p><\/div>\n<\/div>\n<div class=\"ix-max-box-medium ix-essiccare-box-stex-altezze\" style=\"\">\n<div class=\"uk-grid uk-grid-medium\">\n<div class=\"uk-width-large-1-3\">\n         <a href=\"https:\/\/stor51.tauroessiccatori.com\/fr\/p\/biosec-domus-b5\/\" class=\"ix-product-perche-essiccare\"><\/p>\n<div style=\"background-color: #f3f3f3; padding-bottom: 40px; border: solid 2px #f3f3f3;\">\n            <img loading=\"lazy\" decoding=\"async\" class=\"alignnone\" style=\"width: 100%;\" src=\"https:\/\/stor51.tauroessiccatori.com\/wp-assets\/uploads\/2019\/11\/domus_b5_02_VMR_7758.jpg\" alt=\"S\u00e9choir \u00e0 recettes s\u00e9ch\u00e9es Tauro Biosec Domus B5\" width=\"2048\" height=\"1266\" \/><\/p>\n<h3 style=\"margin-top: 20px; text-align: center;\">Biosec Domus B5<\/h3>\n<div class=\"p5 ix-essiccare-casa-single-product-decription\">Tunnel e 5 cestelli<br \/>\n               en mati\u00e8re plastique\n            <\/div>\n<div>\n<p class=\"p4 ix-product-scopri ix-category-link\"><span>d\u00e9couvrez<\/span><\/p>\n<\/p><\/div>\n<\/p><\/div>\n<p>         <\/a>\n      <\/div>\n<div class=\"uk-width-large-1-3\">\n         <a href=\"https:\/\/stor51.tauroessiccatori.com\/fr\/p\/biosec-argent-b5-s\/\" class=\"ix-product-perche-essiccare\"><\/p>\n<div style=\"background-color: #f3f3f3; padding-bottom: 40px; border: solid 2px #f3f3f3;\">\n            <img loading=\"lazy\" decoding=\"async\" class=\"alignnone\" style=\"width: 100%;\" src=\"https:\/\/stor51.tauroessiccatori.com\/wp-assets\/uploads\/2019\/11\/silver_b5_ambientato.jpg\" alt=\"Recettes du s\u00e9choir Tauro Biosec Silver B5S\" width=\"2048\" height=\"1266\" \/><\/p>\n<h3 style=\"margin-top: 20px; text-align: center;\">Biosec Silver B5-S<\/h3>\n<div class=\"p5 ix-essiccare-casa-single-product-decription\">Tunnel in acciaio 5 cestelli<br \/>\n               en mati\u00e8re plastique\n            <\/div>\n<div>\n<p class=\"p4 ix-product-scopri ix-category-link\"><span>d\u00e9couvrez<\/span><\/p>\n<\/p><\/div>\n<\/p><\/div>\n<p>         <\/a>\n      <\/div>\n<div class=\"uk-width-large-1-3\">\n         <a href=\"https:\/\/stor51.tauroessiccatori.com\/fr\/p\/biosec-de-luxe-b6\/\" class=\"ix-product-perche-essiccare\"><\/p>\n<div style=\"background-color: #f3f3f3; padding-bottom: 40px; border: solid 2px #f3f3f3;\">\n            <img loading=\"lazy\" decoding=\"async\" class=\"alignnone\" style=\"width: 100%;\" src=\"https:\/\/stor51.tauroessiccatori.com\/wp-assets\/uploads\/2019\/11\/de_luxe_b6_ambientato.jpg\" alt=\"Recettes de s\u00e9chage Tauro Biosec DeLuxe B6\" width=\"2048\" height=\"1266\" \/><\/p>\n<h3 style=\"margin-top: 20px; text-align: center;\">Biosec De Luxe B6<\/h3>\n<div class=\"p5 ix-essiccare-casa-single-product-decription\">Tunnel et 6 paniers<br \/>\n               acier inoxydable\n            <\/div>\n<div>\n<p class=\"p4 ix-product-scopri ix-category-link\"><span>d\u00e9couvrez<\/span><\/p>\n<\/p><\/div>\n<\/p><\/div>\n<p>         <\/a>\n      <\/div>\n<\/p><\/div>\n<\/div>","protected":false},"excerpt":{"rendered":"<p>Metti un BIOSEC sotto l&#8217;Albero. SCOPRI QUI le promozioni di Natale! Gli sconti Black Friday sono qui! \u00a0 Clicca\u00a0per\u00a0non perderli \u2192 perch\u00e9 essiccare in casa Ecologico, economico, sano e semplicissimo. Quattro buone ragioni per farli secchi e portare Biosec in cucina con te. Scopri tutti i vantaggi dell&#8217;essiccazione domestica. mille e uno vantaggi per essiccare [&hellip;]<\/p>","protected":false},"author":1,"featured_media":0,"parent":5794,"menu_order":0,"comment_status":"closed","ping_status":"closed","template":"","meta":{"footnotes":""},"tags":[],"class_list":["post-5799","page","type-page","status-publish","hentry"],"acf":[],"yoast_head":"<!-- This site is optimized with the Yoast SEO plugin v20.10 - https:\/\/yoast.com\/wordpress\/plugins\/seo\/ -->\n<title>Perch\u00e9 essiccare a casa - Sano, ecologico, economico - Tauro Essiccatori<\/title>\n<meta name=\"description\" content=\"Ecologico, economico, sano e semplicissimo. Quattro buone ragioni per portare Biosec in cucina con te. Scopri tutti i vantaggi dell&#039;essiccazione domestica.\" \/>\n<meta name=\"robots\" content=\"noindex, follow, max-snippet:-1, max-image-preview:large, max-video-preview:-1\" \/>\n<meta property=\"og:locale\" content=\"fr_FR\" \/>\n<meta property=\"og:type\" content=\"article\" \/>\n<meta property=\"og:title\" content=\"Perch\u00e9 essiccare a casa - Sano, ecologico, economico - Tauro Essiccatori\" \/>\n<meta property=\"og:description\" content=\"Ecologico, economico, sano e semplicissimo. Quattro buone ragioni per portare Biosec in cucina con te. Scopri tutti i vantaggi dell&#039;essiccazione domestica.\" \/>\n<meta property=\"og:url\" content=\"https:\/\/stor51.tauroessiccatori.com\/fr\/inspirations\/pourquoi-secher\/a-la-maison\/\" \/>\n<meta property=\"og:site_name\" content=\"Tauro Essiccatori\" \/>\n<meta property=\"article:publisher\" content=\"https:\/\/www.facebook.com\/TauroEssiccatori\/\" \/>\n<meta property=\"article:modified_time\" content=\"2023-04-27T09:41:12+00:00\" \/>\n<meta property=\"og:image\" content=\"https:\/\/stor2.tauroessiccatori.com\/wp-assets\/uploads\/2019\/09\/img-01.jpg\" \/>\n<meta name=\"twitter:card\" content=\"summary_large_image\" \/>\n<meta name=\"twitter:label1\" content=\"Est. reading time\" \/>\n\t<meta name=\"twitter:data1\" content=\"2 minutes\" \/>\n<script type=\"application\/ld+json\" class=\"yoast-schema-graph\">{\"@context\":\"https:\/\/schema.org\",\"@graph\":[{\"@type\":\"WebPage\",\"@id\":\"https:\/\/stor51.tauroessiccatori.com\/ispirazioni\/perche-essiccare\/a-casa\/\",\"url\":\"https:\/\/stor51.tauroessiccatori.com\/ispirazioni\/perche-essiccare\/a-casa\/\",\"name\":\"Perch\u00e9 essiccare a casa - Sano, ecologico, economico - Tauro Essiccatori\",\"isPartOf\":{\"@id\":\"https:\/\/stor51.tauroessiccatori.com\/#website\"},\"datePublished\":\"2019-11-02T09:17:00+00:00\",\"dateModified\":\"2023-04-27T09:41:12+00:00\",\"description\":\"Ecologico, economico, sano e semplicissimo. Quattro buone ragioni per portare Biosec in cucina con te. Scopri tutti i vantaggi dell'essiccazione domestica.\",\"breadcrumb\":{\"@id\":\"https:\/\/stor51.tauroessiccatori.com\/ispirazioni\/perche-essiccare\/a-casa\/#breadcrumb\"},\"inLanguage\":\"fr-FR\",\"potentialAction\":[{\"@type\":\"ReadAction\",\"target\":[\"https:\/\/stor51.tauroessiccatori.com\/ispirazioni\/perche-essiccare\/a-casa\/\"]}]},{\"@type\":\"BreadcrumbList\",\"@id\":\"https:\/\/stor51.tauroessiccatori.com\/ispirazioni\/perche-essiccare\/a-casa\/#breadcrumb\",\"itemListElement\":[{\"@type\":\"ListItem\",\"position\":1,\"name\":\"Home\",\"item\":\"https:\/\/stor51.tauroessiccatori.com\/\"},{\"@type\":\"ListItem\",\"position\":2,\"name\":\"Ispirazioni\",\"item\":\"https:\/\/stor51.tauroessiccatori.com\/ispirazioni\/\"},{\"@type\":\"ListItem\",\"position\":3,\"name\":\"Perch\u00e9 essiccare?\",\"item\":\"https:\/\/stor51.tauroessiccatori.com\/ispirazioni\/perche-essiccare\/\"},{\"@type\":\"ListItem\",\"position\":4,\"name\":\"Perch\u00e9 essiccare a casa\"}]},{\"@type\":\"WebSite\",\"@id\":\"https:\/\/stor51.tauroessiccatori.com\/#website\",\"url\":\"https:\/\/stor51.tauroessiccatori.com\/\",\"name\":\"Tauro Essiccatori\",\"description\":\"Welcome to Tauro Essiccatori online shop\",\"publisher\":{\"@id\":\"https:\/\/stor51.tauroessiccatori.com\/#organization\"},\"potentialAction\":[{\"@type\":\"SearchAction\",\"target\":{\"@type\":\"EntryPoint\",\"urlTemplate\":\"https:\/\/stor51.tauroessiccatori.com\/?s={search_term_string}\"},\"query-input\":\"required name=search_term_string\"}],\"inLanguage\":\"fr-FR\"},{\"@type\":\"Organization\",\"@id\":\"https:\/\/stor51.tauroessiccatori.com\/#organization\",\"name\":\"Tauro Essiccatori\",\"url\":\"https:\/\/stor51.tauroessiccatori.com\/\",\"logo\":{\"@type\":\"ImageObject\",\"inLanguage\":\"fr-FR\",\"@id\":\"https:\/\/stor51.tauroessiccatori.com\/#\/schema\/logo\/image\/\",\"url\":\"https:\/\/www.tauroessiccatori.com\/wp-assets\/uploads\/2017\/07\/logo_tauro_500x109px.png\",\"contentUrl\":\"https:\/\/www.tauroessiccatori.com\/wp-assets\/uploads\/2017\/07\/logo_tauro_500x109px.png\",\"width\":500,\"height\":109,\"caption\":\"Tauro Essiccatori\"},\"image\":{\"@id\":\"https:\/\/stor51.tauroessiccatori.com\/#\/schema\/logo\/image\/\"},\"sameAs\":[\"https:\/\/www.facebook.com\/TauroEssiccatori\/\",\"https:\/\/www.instagram.com\/tauro_essiccatori\/\",\"https:\/\/it.linkedin.com\/company\/tauro-essiccatori\",\"https:\/\/www.youtube.com\/user\/tauroessiccatori\"]}]}<\/script>\n<!-- \/ Yoast SEO plugin. -->","yoast_head_json":{"title":"Perch\u00e9 essiccare a casa - Sano, ecologico, economico - Tauro Essiccatori","description":"Ecologico, economico, sano e semplicissimo. Quattro buone ragioni per portare Biosec in cucina con te. Scopri tutti i vantaggi dell'essiccazione domestica.","robots":{"index":"noindex","follow":"follow","max-snippet":"max-snippet:-1","max-image-preview":"max-image-preview:large","max-video-preview":"max-video-preview:-1"},"og_locale":"fr_FR","og_type":"article","og_title":"Perch\u00e9 essiccare a casa - Sano, ecologico, economico - Tauro Essiccatori","og_description":"Ecologico, economico, sano e semplicissimo. Quattro buone ragioni per portare Biosec in cucina con te. Scopri tutti i vantaggi dell'essiccazione domestica.","og_url":"https:\/\/stor51.tauroessiccatori.com\/fr\/inspirations\/pourquoi-secher\/a-la-maison\/","og_site_name":"Tauro Essiccatori","article_publisher":"https:\/\/www.facebook.com\/TauroEssiccatori\/","article_modified_time":"2023-04-27T09:41:12+00:00","og_image":[{"url":"https:\/\/stor2.tauroessiccatori.com\/wp-assets\/uploads\/2019\/09\/img-01.jpg"}],"twitter_card":"summary_large_image","twitter_misc":{"Est. reading time":"2 minutes"},"schema":{"@context":"https:\/\/schema.org","@graph":[{"@type":"WebPage","@id":"https:\/\/stor51.tauroessiccatori.com\/ispirazioni\/perche-essiccare\/a-casa\/","url":"https:\/\/stor51.tauroessiccatori.com\/ispirazioni\/perche-essiccare\/a-casa\/","name":"Perch\u00e9 essiccare a casa - Sano, ecologico, economico - Tauro Essiccatori","isPartOf":{"@id":"https:\/\/stor51.tauroessiccatori.com\/#website"},"datePublished":"2019-11-02T09:17:00+00:00","dateModified":"2023-04-27T09:41:12+00:00","description":"Ecologico, economico, sano e semplicissimo. Quattro buone ragioni per portare Biosec in cucina con te. Scopri tutti i vantaggi dell'essiccazione domestica.","breadcrumb":{"@id":"https:\/\/stor51.tauroessiccatori.com\/ispirazioni\/perche-essiccare\/a-casa\/#breadcrumb"},"inLanguage":"fr-FR","potentialAction":[{"@type":"ReadAction","target":["https:\/\/stor51.tauroessiccatori.com\/ispirazioni\/perche-essiccare\/a-casa\/"]}]},{"@type":"BreadcrumbList","@id":"https:\/\/stor51.tauroessiccatori.com\/ispirazioni\/perche-essiccare\/a-casa\/#breadcrumb","itemListElement":[{"@type":"ListItem","position":1,"name":"Home","item":"https:\/\/stor51.tauroessiccatori.com\/"},{"@type":"ListItem","position":2,"name":"Ispirazioni","item":"https:\/\/stor51.tauroessiccatori.com\/ispirazioni\/"},{"@type":"ListItem","position":3,"name":"Perch\u00e9 essiccare?","item":"https:\/\/stor51.tauroessiccatori.com\/ispirazioni\/perche-essiccare\/"},{"@type":"ListItem","position":4,"name":"Perch\u00e9 essiccare a casa"}]},{"@type":"WebSite","@id":"https:\/\/stor51.tauroessiccatori.com\/#website","url":"https:\/\/stor51.tauroessiccatori.com\/","name":"Tauro Essiccatori","description":"Welcome to Tauro Essiccatori online shop","publisher":{"@id":"https:\/\/stor51.tauroessiccatori.com\/#organization"},"potentialAction":[{"@type":"SearchAction","target":{"@type":"EntryPoint","urlTemplate":"https:\/\/stor51.tauroessiccatori.com\/?s={search_term_string}"},"query-input":"required name=search_term_string"}],"inLanguage":"fr-FR"},{"@type":"Organization","@id":"https:\/\/stor51.tauroessiccatori.com\/#organization","name":"Tauro Essiccatori","url":"https:\/\/stor51.tauroessiccatori.com\/","logo":{"@type":"ImageObject","inLanguage":"fr-FR","@id":"https:\/\/stor51.tauroessiccatori.com\/#\/schema\/logo\/image\/","url":"https:\/\/www.tauroessiccatori.com\/wp-assets\/uploads\/2017\/07\/logo_tauro_500x109px.png","contentUrl":"https:\/\/www.tauroessiccatori.com\/wp-assets\/uploads\/2017\/07\/logo_tauro_500x109px.png","width":500,"height":109,"caption":"Tauro Essiccatori"},"image":{"@id":"https:\/\/stor51.tauroessiccatori.com\/#\/schema\/logo\/image\/"},"sameAs":["https:\/\/www.facebook.com\/TauroEssiccatori\/","https:\/\/www.instagram.com\/tauro_essiccatori\/","https:\/\/it.linkedin.com\/company\/tauro-essiccatori","https:\/\/www.youtube.com\/user\/tauroessiccatori"]}]}},"_links":{"self":[{"href":"https:\/\/stor51.tauroessiccatori.com\/fr\/wp-json\/wp\/v2\/pages\/5799"}],"collection":[{"href":"https:\/\/stor51.tauroessiccatori.com\/fr\/wp-json\/wp\/v2\/pages"}],"about":[{"href":"https:\/\/stor51.tauroessiccatori.com\/fr\/wp-json\/wp\/v2\/types\/page"}],"author":[{"embeddable":true,"href":"https:\/\/stor51.tauroessiccatori.com\/fr\/wp-json\/wp\/v2\/users\/1"}],"replies":[{"embeddable":true,"href":"https:\/\/stor51.tauroessiccatori.com\/fr\/wp-json\/wp\/v2\/comments?post=5799"}],"version-history":[{"count":41,"href":"https:\/\/stor51.tauroessiccatori.com\/fr\/wp-json\/wp\/v2\/pages\/5799\/revisions"}],"predecessor-version":[{"id":167989,"href":"https:\/\/stor51.tauroessiccatori.com\/fr\/wp-json\/wp\/v2\/pages\/5799\/revisions\/167989"}],"up":[{"embeddable":true,"href":"https:\/\/stor51.tauroessiccatori.com\/fr\/wp-json\/wp\/v2\/pages\/5794"}],"wp:attachment":[{"href":"https:\/\/stor51.tauroessiccatori.com\/fr\/wp-json\/wp\/v2\/media?parent=5799"}],"wp:term":[{"taxonomy":"post_tag","embeddable":true,"href":"https:\/\/stor51.tauroessiccatori.com\/fr\/wp-json\/wp\/v2\/tags?post=5799"}],"curies":[{"name":"wp","href":"https:\/\/api.w.org\/{rel}","templated":true}]}}