


{"id":1115,"date":"2017-10-24T02:27:06","date_gmt":"2017-10-24T00:27:06","guid":{"rendered":"http:\/\/store.tauroessiccatori.com\/?page_id=1115\/"},"modified":"2023-10-18T18:30:00","modified_gmt":"2023-10-18T16:30:00","slug":"consegna-e-reso","status":"publish","type":"page","link":"https:\/\/stor51.tauroessiccatori.com\/fr\/service-a-la-clientele\/livraison-et-retour\/","title":{"rendered":"Livraison et retour"},"content":{"rendered":"<div class=\"tauro-banners\"><div class=\"banner-00\" style=\"background-color: #852035\">\r\n<div class=\"ix-xmas-box-other\" style=\"font-size: 18px;padding: 7px 0;margin: 0 auto 0px auto\" align=\"center\"><b style=\"color: #fff;font-size: 18px\">Placez un BIOSEC sous l'arbre. <a style=\"color: #f8cc89;font-weight: bold;text-decoration: none;font-size: 18px\" href=\"https:\/\/www.tauroessiccatori.com\/christmas-2024\/\">D\u00c9COUVRIR ICI<\/a> Promotions de No\u00ebl !<\/b><\/div>\r\n<\/div><div class=\"banner-00\" style=\"background-color: #000\">\r\n<div class=\"ix-xmas-box-other\" style=\"font-size: 18px;padding: 7px 0;margin: 0 auto 0px auto\" align=\"center\"><b style=\"color: #fff\"> Les r\u00e9ductions du vendredi noir sont l\u00e0 ! \u00a0 <a style=\"color: #f77209;font-weight: bold;text-decoration: none\" href=\"https:\/\/www.tauroessiccatori.com\/black-friday-2024\/\"> Cliquez pour ne pas les manquer \u2192 <\/a>\r\n<\/b><\/div>\r\n<\/div><\/div><div class=\"ix-container-inner\">\n<div class=\"uk-grid uk-grid-medium\">\n<div class=\"uk-width-large-1-3\">\n           \n    <div class=\"ix-help-menu\">\n\n     <ul>\n       <li class=\"ix-help-menu-title\">service \u00e0 la client\u00e8le<\/li>\n       <li class=\"ix-link-help-li\"><a class=\"ix-link-help\" href=\"https:\/\/www.tauroessiccatori.com\/servizio-clienti\/condizioni-di-vendita\">conditions de vente<\/a><\/li>\n       <li class=\"ix-link-help-li\"><a class=\"ix-link-help ix-help-link-active\" href=\"https:\/\/www.tauroessiccatori.com\/servizio-clienti\/consegna-e-reso\/\">livraison et retour<\/a><\/li>\n       <li class=\"ix-link-help-li\"><a class=\"ix-link-help\" href=\"https:\/\/www.tauroessiccatori.com\/servizio-clienti\/estensione-di-garanzia\/\">extension de garantie<\/a><\/li>\n       <li class=\"ix-link-help-li\"><a class=\"ix-link-help\" href=\"https:\/\/www.tauroessiccatori.com\/servizio-clienti\/pagamento\/\">paiements<\/a><\/li>\n<!--       <li class=\"ix-link-help-li\"><a class=\"ix-link-help \" href=\"https:\/\/www.tauroessiccatori.com\/servizio-clienti\/mio-account\/#\">il mio account<\/a><\/li>-->\n     <\/ul>\n\n     <ul>\n       <li class=\"ix-help-menu-title\">liens utiles<\/li>\n       <li class=\"ix-link-useful-li\"><a class=\"ix-link-help-link-useful\" href=\"https:\/\/www.tauroessiccatori.com\/i-nostri-tutorial\/\">Tutoriel<\/a><\/li>\n       <li class=\"ix-link-useful-li\"><a class=\"ix-link-help-link-useful\" href=\"https:\/\/www.tauroessiccatori.com\/servizio-clienti\/domande-frequenti\/\">Questions fr\u00e9quemment pos\u00e9es<\/a><\/li>\n     <\/ul>\n\n     <div class=\"ix-help-button-contact-us\">\n       <a class=\"ix-button-grey\" style=\"width:180px; line-height:40px;\" href=\"https:\/\/www.tauroessiccatori.com\/contatti\/\">contactez-nous<\/a>\n     <\/div>\n\n      <\/div>   \n    <\/div>\n<div class=\"uk-width-large-2-3\">\n<div class=\"ix-help-right-box\">\n<p><!-- 2022-08-03 italix: kevin: was:h2 add:ix-h1--><\/p>\n<h1 class=\"ix-help-h2 ix-h1\" style=\"margin:0 !important;\">livraison et retour<\/h1>\n<div class=\"ix-help-p\">\n<p>Les commandes sont trait\u00e9es par nos bureaux dans un d\u00e9lai de 48 heures ouvrables apr\u00e8s que la commande a \u00e9t\u00e9 correctement finalis\u00e9e dans notre boutique en ligne.<\/p>\n<p>L'exp\u00e9dition est normalement effectu\u00e9e le jour ouvrable suivant la finalisation de la commande.<\/p>\n<p>En cas de paiement par virement bancaire, ce d\u00e9lai est compt\u00e9 \u00e0 partir du moment o\u00f9 le montant est cr\u00e9dit\u00e9.<br \/>\nPar cons\u00e9quent, l'envoi de documents contenant les d\u00e9tails du virement bancaire ne sera pas consid\u00e9r\u00e9 comme authentique.<\/p>\n<p>\u00c0 partir du moment de l'envoi, le coursier dispose de 24\/48 heures pour une livraison effective. <\/p>\n<p>Il est recommand\u00e9 de respecter l'adresse de destination indiqu\u00e9e afin d'\u00e9viter les frais de stockage.<\/p>\n<p class=\"ix-help-expeditions-p\">Exp\u00e9dition vers l'Italie<\/p>\n<table class=\"ix-help-table\">\n<tr class=\"ix-help-table-main-tr\">\n<td>montant<\/td>\n<td>virement bancaire ou paypal<\/td>\n<td>marque<\/td>\n<\/tr>\n<tr>\n<td>inf\u00e9rieur <span class=\"ix-only-small-screen\"><br \/><\/span>a \u20ac 30<\/td>\n<td>\u20ac 4<\/td>\n<td>4 \u20ac + 4 \u20ac de frais de contre-remboursement<\/td>\n<\/tr>\n<tr>\n<td>sup\u00e9rieur <span class=\"ix-only-small-screen\"><br \/><\/span>a \u20ac 30<\/td>\n<td>\u20ac 0<\/td>\n<td>0 \u20ac + 4 \u20ac de frais de contre-remboursement<\/td>\n<\/tr>\n<\/table>\n<p class=\"ix-help-expeditions-p\">Envois en dehors de l'Italie<\/p>\n<p>UNION EUROP\u00c9ENNE (UE) ZONE A : Autriche, Benelux, France, Allemagne<\/p>\n<p>UNION EUROP\u00c9ENNE (UE) ZONE B : Tous les \u00c9tats non sp\u00e9cifi\u00e9s.<\/p>\n<table class=\"ix-help-table\">\n<tbody>\n<tr class=\"ix-help-table-main-tr\">\n<td>montant<\/td>\n<td>Zone A de l'UE<\/td>\n<td>Zone B de l'UE<\/td>\n<\/tr>\n<tr>\n<td>moins de 250 euros<\/td>\n<td>\u20ac 15<\/td>\n<td>\u20ac 30<\/td>\n<\/tr>\n<tr>\n<td>d\u00e9passant 250 euros<\/td>\n<td>\u20ac 10<\/td>\n<td>\u20ac 20<\/td>\n<\/tr>\n<\/tbody>\n<\/table>\n<p><b>Envois en dehors de l'Union europ\u00e9enne (UE)<\/b><\/p>\n<p>Dans ce cas, veuillez nous contacter pour demander un devis.<\/p>\n<p>&#8212;&#8212;&#8212;&#8212;&#8212;<\/p>\n<p><b>Droit de retrait<\/b><\/p>\n<p>Conform\u00e9ment \u00e0 la l\u00e9gislation en vigueur, il est possible de faire usage du droit de r\u00e9tractation si les conditions suivantes sont remplies.<\/p>\n<p>La volont\u00e9 d'exercer ce droit doit nous \u00eatre notifi\u00e9e dans un d\u00e9lai de 14 jours \u00e0 compter de la r\u00e9ception des marchandises, de pr\u00e9f\u00e9rence par lettre recommand\u00e9e avec accus\u00e9 de r\u00e9ception \u00e0 l'adresse suivante :<\/p>\n<p>Tauro Essiccatori Srl - via del lavoro 6 - 36043 Camisano Vicentino <\/p>\n<p>ou par PEC \u00e0 l'adresse suivante <\/p>\n<p>tauroessiccatorisrl@pec.it<\/p>\n<p>La lettre de demande doit indiquer les coordonn\u00e9es d'un compte bancaire ou postal sur lequel le montant d\u00fb sera cr\u00e9dit\u00e9.<\/p>\n<p>En outre, le produit achet\u00e9 et dont on ne veut plus doit nous \u00eatre retourn\u00e9 dans le m\u00eame d\u00e9lai. <br \/>Il doit \u00eatre intact et complet avec toutes ses pi\u00e8ces, y compris les accessoires, les manuels et les<br \/>\ntout autre mat\u00e9riel dans l'emballage, soigneusement emball\u00e9 afin de ne pas \u00eatre endommag\u00e9 pendant l'exp\u00e9dition.<br \/>\nVeuillez \u00e9galement joindre une copie du re\u00e7u fiscal ou de la facture d'achat. Les frais de retour sont \u00e0 la charge du client.<br \/>\nUne fois la marchandise re\u00e7ue et son int\u00e9grit\u00e9 v\u00e9rifi\u00e9e, le prix de la marchandise sera rembours\u00e9 sur le compte courant indiqu\u00e9 dans la lettre de demande du droit de r\u00e9tractation.<\/p>\n<p>Le remboursement porte sur le prix des produits net de frais d'exp\u00e9dition et sera effectu\u00e9 dans les 14 jours suivant le retour des marchandises.<\/p>\n<\/p><\/div>\n<\/p><\/div>\n<\/p><\/div>\n<\/div>\n<\/div>","protected":false},"excerpt":{"rendered":"<p>Metti un BIOSEC sotto l&#8217;Albero. SCOPRI QUI le promozioni di Natale! Gli sconti Black Friday sono qui! \u00a0 Clicca\u00a0per\u00a0non perderli \u2192 consegna e reso Gli ordini vengono gestiti dai nostri uffici entro 48 ore lavorative dalla corretta finalizzazione dell&#8217;ordine sul nostro shop on line. La spedizione viene normalmente effettuate entro il giorno lavorativo successivo a [&hellip;]<\/p>","protected":false},"author":1,"featured_media":0,"parent":1088,"menu_order":0,"comment_status":"closed","ping_status":"closed","template":"","meta":{"footnotes":""},"tags":[],"class_list":["post-1115","page","type-page","status-publish","hentry"],"acf":[],"yoast_head":"<!-- This site is optimized with the Yoast SEO plugin v20.10 - https:\/\/yoast.com\/wordpress\/plugins\/seo\/ -->\n<title>Consegna e reso - Tauro Essiccatori<\/title>\n<meta name=\"robots\" content=\"noindex, follow, max-snippet:-1, max-image-preview:large, max-video-preview:-1\" \/>\n<meta property=\"og:locale\" content=\"fr_FR\" \/>\n<meta property=\"og:type\" content=\"article\" \/>\n<meta property=\"og:title\" content=\"Consegna e reso - Tauro Essiccatori\" \/>\n<meta property=\"og:description\" content=\"Metti un BIOSEC sotto l&#039;Albero. SCOPRI QUI le promozioni di Natale! Gli sconti Black Friday sono qui! \u00a0 Clicca\u00a0per\u00a0non perderli \u2192 consegna e reso Gli ordini vengono gestiti dai nostri uffici entro 48 ore lavorative dalla corretta finalizzazione dell&#8217;ordine sul nostro shop on line. La spedizione viene normalmente effettuate entro il giorno lavorativo successivo a [&hellip;]\" \/>\n<meta property=\"og:url\" content=\"https:\/\/stor51.tauroessiccatori.com\/fr\/service-a-la-clientele\/livraison-et-retour\/\" \/>\n<meta property=\"og:site_name\" content=\"Tauro Essiccatori\" \/>\n<meta property=\"article:publisher\" content=\"https:\/\/www.facebook.com\/TauroEssiccatori\/\" \/>\n<meta property=\"article:modified_time\" content=\"2023-10-18T16:30:00+00:00\" \/>\n<meta name=\"twitter:card\" content=\"summary_large_image\" \/>\n<meta name=\"twitter:label1\" content=\"Est. reading time\" \/>\n\t<meta name=\"twitter:data1\" content=\"3 minutes\" \/>\n<script type=\"application\/ld+json\" class=\"yoast-schema-graph\">{\"@context\":\"https:\/\/schema.org\",\"@graph\":[{\"@type\":\"WebPage\",\"@id\":\"https:\/\/stor51.tauroessiccatori.com\/servizio-clienti\/consegna-e-reso\/\",\"url\":\"https:\/\/stor51.tauroessiccatori.com\/servizio-clienti\/consegna-e-reso\/\",\"name\":\"Consegna e reso - Tauro Essiccatori\",\"isPartOf\":{\"@id\":\"https:\/\/stor51.tauroessiccatori.com\/#website\"},\"datePublished\":\"2017-10-24T00:27:06+00:00\",\"dateModified\":\"2023-10-18T16:30:00+00:00\",\"breadcrumb\":{\"@id\":\"https:\/\/stor51.tauroessiccatori.com\/servizio-clienti\/consegna-e-reso\/#breadcrumb\"},\"inLanguage\":\"fr-FR\",\"potentialAction\":[{\"@type\":\"ReadAction\",\"target\":[\"https:\/\/stor51.tauroessiccatori.com\/servizio-clienti\/consegna-e-reso\/\"]}]},{\"@type\":\"BreadcrumbList\",\"@id\":\"https:\/\/stor51.tauroessiccatori.com\/servizio-clienti\/consegna-e-reso\/#breadcrumb\",\"itemListElement\":[{\"@type\":\"ListItem\",\"position\":1,\"name\":\"Home\",\"item\":\"https:\/\/stor51.tauroessiccatori.com\/\"},{\"@type\":\"ListItem\",\"position\":2,\"name\":\"Servizio clienti\",\"item\":\"https:\/\/stor51.tauroessiccatori.com\/servizio-clienti\/\"},{\"@type\":\"ListItem\",\"position\":3,\"name\":\"Consegna e reso\"}]},{\"@type\":\"WebSite\",\"@id\":\"https:\/\/stor51.tauroessiccatori.com\/#website\",\"url\":\"https:\/\/stor51.tauroessiccatori.com\/\",\"name\":\"Tauro Essiccatori\",\"description\":\"Welcome to Tauro Essiccatori online shop\",\"publisher\":{\"@id\":\"https:\/\/stor51.tauroessiccatori.com\/#organization\"},\"potentialAction\":[{\"@type\":\"SearchAction\",\"target\":{\"@type\":\"EntryPoint\",\"urlTemplate\":\"https:\/\/stor51.tauroessiccatori.com\/?s={search_term_string}\"},\"query-input\":\"required name=search_term_string\"}],\"inLanguage\":\"fr-FR\"},{\"@type\":\"Organization\",\"@id\":\"https:\/\/stor51.tauroessiccatori.com\/#organization\",\"name\":\"Tauro Essiccatori\",\"url\":\"https:\/\/stor51.tauroessiccatori.com\/\",\"logo\":{\"@type\":\"ImageObject\",\"inLanguage\":\"fr-FR\",\"@id\":\"https:\/\/stor51.tauroessiccatori.com\/#\/schema\/logo\/image\/\",\"url\":\"https:\/\/www.tauroessiccatori.com\/wp-assets\/uploads\/2017\/07\/logo_tauro_500x109px.png\",\"contentUrl\":\"https:\/\/www.tauroessiccatori.com\/wp-assets\/uploads\/2017\/07\/logo_tauro_500x109px.png\",\"width\":500,\"height\":109,\"caption\":\"Tauro Essiccatori\"},\"image\":{\"@id\":\"https:\/\/stor51.tauroessiccatori.com\/#\/schema\/logo\/image\/\"},\"sameAs\":[\"https:\/\/www.facebook.com\/TauroEssiccatori\/\",\"https:\/\/www.instagram.com\/tauro_essiccatori\/\",\"https:\/\/it.linkedin.com\/company\/tauro-essiccatori\",\"https:\/\/www.youtube.com\/user\/tauroessiccatori\"]}]}<\/script>\n<!-- \/ Yoast SEO plugin. -->","yoast_head_json":{"title":"Consegna e reso - Tauro Essiccatori","robots":{"index":"noindex","follow":"follow","max-snippet":"max-snippet:-1","max-image-preview":"max-image-preview:large","max-video-preview":"max-video-preview:-1"},"og_locale":"fr_FR","og_type":"article","og_title":"Consegna e reso - Tauro Essiccatori","og_description":"Metti un BIOSEC sotto l'Albero. SCOPRI QUI le promozioni di Natale! Gli sconti Black Friday sono qui! \u00a0 Clicca\u00a0per\u00a0non perderli \u2192 consegna e reso Gli ordini vengono gestiti dai nostri uffici entro 48 ore lavorative dalla corretta finalizzazione dell&#8217;ordine sul nostro shop on line. La spedizione viene normalmente effettuate entro il giorno lavorativo successivo a [&hellip;]","og_url":"https:\/\/stor51.tauroessiccatori.com\/fr\/service-a-la-clientele\/livraison-et-retour\/","og_site_name":"Tauro Essiccatori","article_publisher":"https:\/\/www.facebook.com\/TauroEssiccatori\/","article_modified_time":"2023-10-18T16:30:00+00:00","twitter_card":"summary_large_image","twitter_misc":{"Est. reading time":"3 minutes"},"schema":{"@context":"https:\/\/schema.org","@graph":[{"@type":"WebPage","@id":"https:\/\/stor51.tauroessiccatori.com\/servizio-clienti\/consegna-e-reso\/","url":"https:\/\/stor51.tauroessiccatori.com\/servizio-clienti\/consegna-e-reso\/","name":"Consegna e reso - Tauro Essiccatori","isPartOf":{"@id":"https:\/\/stor51.tauroessiccatori.com\/#website"},"datePublished":"2017-10-24T00:27:06+00:00","dateModified":"2023-10-18T16:30:00+00:00","breadcrumb":{"@id":"https:\/\/stor51.tauroessiccatori.com\/servizio-clienti\/consegna-e-reso\/#breadcrumb"},"inLanguage":"fr-FR","potentialAction":[{"@type":"ReadAction","target":["https:\/\/stor51.tauroessiccatori.com\/servizio-clienti\/consegna-e-reso\/"]}]},{"@type":"BreadcrumbList","@id":"https:\/\/stor51.tauroessiccatori.com\/servizio-clienti\/consegna-e-reso\/#breadcrumb","itemListElement":[{"@type":"ListItem","position":1,"name":"Home","item":"https:\/\/stor51.tauroessiccatori.com\/"},{"@type":"ListItem","position":2,"name":"Servizio clienti","item":"https:\/\/stor51.tauroessiccatori.com\/servizio-clienti\/"},{"@type":"ListItem","position":3,"name":"Consegna e reso"}]},{"@type":"WebSite","@id":"https:\/\/stor51.tauroessiccatori.com\/#website","url":"https:\/\/stor51.tauroessiccatori.com\/","name":"Tauro Essiccatori","description":"Welcome to Tauro Essiccatori online shop","publisher":{"@id":"https:\/\/stor51.tauroessiccatori.com\/#organization"},"potentialAction":[{"@type":"SearchAction","target":{"@type":"EntryPoint","urlTemplate":"https:\/\/stor51.tauroessiccatori.com\/?s={search_term_string}"},"query-input":"required name=search_term_string"}],"inLanguage":"fr-FR"},{"@type":"Organization","@id":"https:\/\/stor51.tauroessiccatori.com\/#organization","name":"Tauro Essiccatori","url":"https:\/\/stor51.tauroessiccatori.com\/","logo":{"@type":"ImageObject","inLanguage":"fr-FR","@id":"https:\/\/stor51.tauroessiccatori.com\/#\/schema\/logo\/image\/","url":"https:\/\/www.tauroessiccatori.com\/wp-assets\/uploads\/2017\/07\/logo_tauro_500x109px.png","contentUrl":"https:\/\/www.tauroessiccatori.com\/wp-assets\/uploads\/2017\/07\/logo_tauro_500x109px.png","width":500,"height":109,"caption":"Tauro Essiccatori"},"image":{"@id":"https:\/\/stor51.tauroessiccatori.com\/#\/schema\/logo\/image\/"},"sameAs":["https:\/\/www.facebook.com\/TauroEssiccatori\/","https:\/\/www.instagram.com\/tauro_essiccatori\/","https:\/\/it.linkedin.com\/company\/tauro-essiccatori","https:\/\/www.youtube.com\/user\/tauroessiccatori"]}]}},"_links":{"self":[{"href":"https:\/\/stor51.tauroessiccatori.com\/fr\/wp-json\/wp\/v2\/pages\/1115"}],"collection":[{"href":"https:\/\/stor51.tauroessiccatori.com\/fr\/wp-json\/wp\/v2\/pages"}],"about":[{"href":"https:\/\/stor51.tauroessiccatori.com\/fr\/wp-json\/wp\/v2\/types\/page"}],"author":[{"embeddable":true,"href":"https:\/\/stor51.tauroessiccatori.com\/fr\/wp-json\/wp\/v2\/users\/1"}],"replies":[{"embeddable":true,"href":"https:\/\/stor51.tauroessiccatori.com\/fr\/wp-json\/wp\/v2\/comments?post=1115"}],"version-history":[{"count":62,"href":"https:\/\/stor51.tauroessiccatori.com\/fr\/wp-json\/wp\/v2\/pages\/1115\/revisions"}],"predecessor-version":[{"id":169397,"href":"https:\/\/stor51.tauroessiccatori.com\/fr\/wp-json\/wp\/v2\/pages\/1115\/revisions\/169397"}],"up":[{"embeddable":true,"href":"https:\/\/stor51.tauroessiccatori.com\/fr\/wp-json\/wp\/v2\/pages\/1088"}],"wp:attachment":[{"href":"https:\/\/stor51.tauroessiccatori.com\/fr\/wp-json\/wp\/v2\/media?parent=1115"}],"wp:term":[{"taxonomy":"post_tag","embeddable":true,"href":"https:\/\/stor51.tauroessiccatori.com\/fr\/wp-json\/wp\/v2\/tags?post=1115"}],"curies":[{"name":"wp","href":"https:\/\/api.w.org\/{rel}","templated":true}]}}