


{"id":1103,"date":"2017-10-23T20:13:04","date_gmt":"2017-10-23T18:13:04","guid":{"rendered":"http:\/\/store.tauroessiccatori.com\/?page_id=1103\/"},"modified":"2022-08-07T16:02:42","modified_gmt":"2022-08-07T14:02:42","slug":"condizioni-di-vendita","status":"publish","type":"page","link":"https:\/\/stor51.tauroessiccatori.com\/fr\/service-a-la-clientele\/conditions-de-vente\/","title":{"rendered":"Conditions de vente"},"content":{"rendered":"<div class=\"tauro-banners\"><div class=\"banner-00\" style=\"background-color: #852035\">\r\n<div class=\"ix-xmas-box-other\" style=\"font-size: 18px;padding: 7px 0;margin: 0 auto 0px auto\" align=\"center\"><b style=\"color: #fff;font-size: 18px\">Placez un BIOSEC sous l'arbre. <a style=\"color: #f8cc89;font-weight: bold;text-decoration: none;font-size: 18px\" href=\"https:\/\/www.tauroessiccatori.com\/christmas-2024\/\">D\u00c9COUVRIR ICI<\/a> Promotions de No\u00ebl !<\/b><\/div>\r\n<\/div><div class=\"banner-00\" style=\"background-color: #000\">\r\n<div class=\"ix-xmas-box-other\" style=\"font-size: 18px;padding: 7px 0;margin: 0 auto 0px auto\" align=\"center\"><b style=\"color: #fff\"> Les r\u00e9ductions du vendredi noir sont l\u00e0 ! \u00a0 <a style=\"color: #f77209;font-weight: bold;text-decoration: none\" href=\"https:\/\/www.tauroessiccatori.com\/black-friday-2024\/\"> Cliquez pour ne pas les manquer \u2192 <\/a>\r\n<\/b><\/div>\r\n<\/div><\/div><div class=\"ix-container-inner\">\n<div class=\"uk-grid uk-grid-medium\">\n<div class=\"uk-width-large-1-3\">\n           \n    <div class=\"ix-help-menu\">\n\n     <ul>\n       <li class=\"ix-help-menu-title\">service \u00e0 la client\u00e8le<\/li>\n       <li class=\"ix-link-help-li\"><a class=\"ix-link-help ix-help-link-active\" href=\"https:\/\/www.tauroessiccatori.com\/servizio-clienti\/condizioni-di-vendita\">conditions de vente<\/a><\/li>\n       <li class=\"ix-link-help-li\"><a class=\"ix-link-help\" href=\"https:\/\/www.tauroessiccatori.com\/servizio-clienti\/consegna-e-reso\/\">livraison et retour<\/a><\/li>\n       <li class=\"ix-link-help-li\"><a class=\"ix-link-help\" href=\"https:\/\/www.tauroessiccatori.com\/servizio-clienti\/estensione-di-garanzia\/\">extension de garantie<\/a><\/li>\n       <li class=\"ix-link-help-li\"><a class=\"ix-link-help\" href=\"https:\/\/www.tauroessiccatori.com\/servizio-clienti\/pagamento\/\">paiements<\/a><\/li>\n<!--       <li class=\"ix-link-help-li\"><a class=\"ix-link-help \" href=\"https:\/\/www.tauroessiccatori.com\/servizio-clienti\/mio-account\/#\">il mio account<\/a><\/li>-->\n     <\/ul>\n\n     <ul>\n       <li class=\"ix-help-menu-title\">liens utiles<\/li>\n       <li class=\"ix-link-useful-li\"><a class=\"ix-link-help-link-useful\" href=\"https:\/\/www.tauroessiccatori.com\/i-nostri-tutorial\/\">Tutoriel<\/a><\/li>\n       <li class=\"ix-link-useful-li\"><a class=\"ix-link-help-link-useful\" href=\"https:\/\/www.tauroessiccatori.com\/servizio-clienti\/domande-frequenti\/\">Questions fr\u00e9quemment pos\u00e9es<\/a><\/li>\n     <\/ul>\n\n     <div class=\"ix-help-button-contact-us\">\n       <a class=\"ix-button-grey\" style=\"width:180px; line-height:40px;\" href=\"https:\/\/www.tauroessiccatori.com\/contatti\/\">contactez-nous<\/a>\n     <\/div>\n\n      <\/div>   \n    <\/div>\n<div class=\"uk-width-large-2-3\">\n<div class=\"ix-help-right-box\">\n<p><!-- 2022-08-03 italix: kevin: was:h2 add:ix-h1--><\/p>\n<h1 class=\"ix-help-h2 ix-h1\" style=\"text-align:left !important; margin:0 !important;\">conditions de vente<\/h1>\n<div class=\"ix-help-p\">\n<div class=\"main_table_container\">\n<p>Les commandes pass\u00e9es sur le site seront trait\u00e9es par :<\/p>\n<p><b>Tauro Essiccatori Srl<\/b><\/p>\n<p>Emplacement :<\/p>\n<p>via del lavoro 6<br \/>\n36043 Camisano Vicentino<br \/>\n(Vicenza)<\/p>\n<p>Code fiscal : 03977800246<br \/>\nN\u00b0 de TVA : 03977800246<\/p>\n<p>T\u00e9l\u00e9phone : +39 0444-719046<br \/>\nFax : +39 0444-412515<\/p>\n<p>Adresse Internet : <a href=\"http:\/\/www.tauroessiccatori.com\">www.tauroessiccatori.com<\/a><\/p>\n<p>Courrier \u00e9lectronique :<\/p>\n<p><script><!-- asm('m','@','com','tauroessiccatori','info') --><\/script><a href=\"mailto:info@tauroessiccatori.com\">info@tauroessiccatori.com<\/a><\/p>\n<p><noscript>info<font>|<\/font>@<font>|<\/font>tauroessiccatori.com<\/noscript><\/p>\n<p>&nbsp;<\/p>\n<p>&nbsp;<\/p>\n<h3>Prix<\/h3>\n<p>Les prix indiqu\u00e9s comprennent toujours la TVA et, sauf indication contraire, sont hors frais de transport.<\/p>\n<h3>Communications<\/h3>\n<div class=\"page_text\">\n<p>Le client s'engage, au moment de l'inscription, \u00e0 utiliser une adresse \u00e9lectronique existante et fonctionnelle. C'est \u00e0 cette adresse que nous enverrons la confirmation de la commande pass\u00e9e et les autres communications concernant la commande. Le client est pri\u00e9 de nous informer de tout changement ou probl\u00e8me concernant l'adresse \u00e9lectronique. Si, par exemple, vous ne recevez pas de confirmation par courrier \u00e9lectronique apr\u00e8s avoir pass\u00e9 votre commande, il se peut qu'il y ait eu une erreur de frappe dans l'adresse \u00e9lectronique ou des probl\u00e8mes de communication entre les serveurs de courrier \u00e9lectronique. Il suffit de nous contacter et nous trouverons une solution.<\/p>\n<\/div>\n<h3>Garantie<\/h3>\n<div class=\"page_text\">\n<p>Tous les produits Tauro sont garantis pendant 2 ans \u00e0 compter de la date d'achat.<\/p>\n<p>La garantie n'est valable que si le produit est accompagn\u00e9 du document de vente (re\u00e7u ou facture).<\/p>\n<p>Comme l'exige la loi, la garantie couvre toutes les d\u00e9faillances dues \u00e0 des d\u00e9fauts de fabrication.<\/p>\n<\/div>\n<h3>Exp\u00e9dition et livraison<\/h3>\n<div class=\"page_text\">\n<p>Les frais d'exp\u00e9dition sont indiqu\u00e9s sur la page de v\u00e9rification de la commande finale avant la confirmation d\u00e9finitive.<\/p>\n<\/div>\n<div class=\"page_text\">\n<p>Pour plus de d\u00e9tails et pour v\u00e9rifier quels frais d'exp\u00e9dition sont actuellement valables, veuillez consulter la page <a href=\"https:\/\/stor51.tauroessiccatori.com\/fr\/help\/consegna-e-reso\/\">livraison et retour<\/a>.<\/p>\n<\/div>\n<p>Les commandes sont trait\u00e9es par nos bureaux dans un d\u00e9lai de 48 heures ouvrables apr\u00e8s que la commande a \u00e9t\u00e9 correctement finalis\u00e9e dans notre boutique en ligne.<\/p>\n<\/div>\n<h3>Droit de retrait<\/h3>\n<div class=\"page_text\">\n<p>Conform\u00e9ment \u00e0 la l\u00e9gislation en vigueur, il est possible de faire usage du droit de r\u00e9tractation si les conditions suivantes sont remplies.<\/p>\n<\/div>\n<div class=\"page_text\">\n<p>Vous devez nous informer de votre souhait de faire usage de ce droit dans les 14 jours ouvrables suivant la r\u00e9ception des marchandises, de pr\u00e9f\u00e9rence par lettre recommand\u00e9e avec accus\u00e9 de r\u00e9ception \u00e0 l'adresse suivante :<\/p>\n<p>Tauro Essiccatori Srl - via del lavoro 6 - 36043 Camisano Vicentino<\/p>\n<\/div>\n<div class=\"page_text\">\n<p>La lettre de demande doit indiquer les coordonn\u00e9es d'un compte bancaire ou postal sur lequel le montant d\u00fb sera cr\u00e9dit\u00e9.<\/p>\n<\/div>\n<div class=\"page_text\">\n<p>En outre, dans le m\u00eame d\u00e9lai, le produit achet\u00e9 et dont on ne veut plus doit nous \u00eatre retourn\u00e9. Il doit \u00eatre intact et complet dans toutes ses parties, y compris les accessoires, les manuels et tout autre mat\u00e9riel dans le colis, emball\u00e9 avec soin pour ne pas \u00eatre endommag\u00e9 pendant l'exp\u00e9dition. Veuillez \u00e9galement joindre une copie du re\u00e7u fiscal ou de la facture d'achat. Les frais de r\u00e9exp\u00e9dition sont \u00e0 la charge du client. Une fois la marchandise re\u00e7ue et son int\u00e9grit\u00e9 v\u00e9rifi\u00e9e, le prix de la marchandise sera rembours\u00e9 sur le compte courant indiqu\u00e9 dans la lettre dans laquelle vous avez demand\u00e9 \u00e0 faire usage du droit de r\u00e9tractation.<\/p>\n<\/div>\n<div class=\"page_text\">\n<p>Le remboursement concerne le prix des produits net des frais d'exp\u00e9dition et sera effectu\u00e9 dans un d\u00e9lai de 30 jours \u00e0 compter de la date \u00e0 laquelle les marchandises nous sont retourn\u00e9es.<\/p>\n<\/div>\n<h3>Informations fournies conform\u00e9ment \u00e0 l'article 13-14 du RGPD (r\u00e8glement g\u00e9n\u00e9ral sur la protection des donn\u00e9es) 2016\/679.<\/h3>\n<div class=\"page_text\">\n<p><a class=\"button light\" href=\"https:\/\/stor51.tauroessiccatori.com\/fr\/politique-de-confidentialite\/\" style=\"text-align:center;font-weight: 300;color:black;font-size:16px;width:302px;background-color:white;border:1px solid #729949;-webkit-border-radius: 14px;-moz-border-radius: 14px;\">POLITIQUE DE CONFIDENTIALIT\u00c9<\/a><\/p>\n<\/div>\n<h3>Acceptation des conditions de vente<\/h3>\n<div class=\"page_text\">\n<p>Conform\u00e9ment \u00e0 l'article 1326 du code civil, le contrat d'achat est r\u00e9put\u00e9 finalis\u00e9 et les pr\u00e9sentes conditions de vente sont r\u00e9put\u00e9es accept\u00e9es \u00e0 partir du moment o\u00f9 le client clique sur le bouton de confirmation de l'\u00e9cran de v\u00e9rification \u00e0 la fin de la proc\u00e9dure d'achat en ligne.<\/p>\n<\/div>\n<\/div><\/div>\n<\/p><\/div>\n<\/p><\/div>\n<\/div>\n<\/div>","protected":false},"excerpt":{"rendered":"<p>Metti un BIOSEC sotto l&#8217;Albero. SCOPRI QUI le promozioni di Natale! Gli sconti Black Friday sono qui! \u00a0 Clicca\u00a0per\u00a0non perderli \u2192 condizioni di vendita Gli ordini effettuati nel sito saranno gestiti da: Tauro Essiccatori Srl Sede: via del lavoro 6 36043 Camisano Vicentino (Vicenza) Codice Fiscale: 03977800246 Partita IVA: 03977800246 Telefono: +39 0444-719046 Fax: +39 [&hellip;]<\/p>","protected":false},"author":1,"featured_media":0,"parent":1088,"menu_order":0,"comment_status":"closed","ping_status":"closed","template":"","meta":{"footnotes":""},"tags":[],"class_list":["post-1103","page","type-page","status-publish","hentry"],"acf":[],"yoast_head":"<!-- This site is optimized with the Yoast SEO plugin v20.10 - https:\/\/yoast.com\/wordpress\/plugins\/seo\/ -->\n<title>Condizioni di vendita - Tauro Essiccatori<\/title>\n<meta name=\"robots\" content=\"noindex, follow, max-snippet:-1, max-image-preview:large, max-video-preview:-1\" \/>\n<meta property=\"og:locale\" content=\"fr_FR\" \/>\n<meta property=\"og:type\" content=\"article\" \/>\n<meta property=\"og:title\" content=\"Condizioni di vendita - Tauro Essiccatori\" \/>\n<meta property=\"og:description\" content=\"Metti un BIOSEC sotto l&#039;Albero. SCOPRI QUI le promozioni di Natale! Gli sconti Black Friday sono qui! \u00a0 Clicca\u00a0per\u00a0non perderli \u2192 condizioni di vendita Gli ordini effettuati nel sito saranno gestiti da: Tauro Essiccatori Srl Sede: via del lavoro 6 36043 Camisano Vicentino (Vicenza) Codice Fiscale: 03977800246 Partita IVA: 03977800246 Telefono: +39 0444-719046 Fax: +39 [&hellip;]\" \/>\n<meta property=\"og:url\" content=\"https:\/\/stor51.tauroessiccatori.com\/fr\/service-a-la-clientele\/conditions-de-vente\/\" \/>\n<meta property=\"og:site_name\" content=\"Tauro Essiccatori\" \/>\n<meta property=\"article:publisher\" content=\"https:\/\/www.facebook.com\/TauroEssiccatori\/\" \/>\n<meta property=\"article:modified_time\" content=\"2022-08-07T14:02:42+00:00\" \/>\n<meta name=\"twitter:card\" content=\"summary_large_image\" \/>\n<meta name=\"twitter:label1\" content=\"Est. reading time\" \/>\n\t<meta name=\"twitter:data1\" content=\"3 minutes\" \/>\n<script type=\"application\/ld+json\" class=\"yoast-schema-graph\">{\"@context\":\"https:\/\/schema.org\",\"@graph\":[{\"@type\":\"WebPage\",\"@id\":\"https:\/\/stor51.tauroessiccatori.com\/servizio-clienti\/condizioni-di-vendita\/\",\"url\":\"https:\/\/stor51.tauroessiccatori.com\/servizio-clienti\/condizioni-di-vendita\/\",\"name\":\"Condizioni di vendita - Tauro Essiccatori\",\"isPartOf\":{\"@id\":\"https:\/\/stor51.tauroessiccatori.com\/#website\"},\"datePublished\":\"2017-10-23T18:13:04+00:00\",\"dateModified\":\"2022-08-07T14:02:42+00:00\",\"breadcrumb\":{\"@id\":\"https:\/\/stor51.tauroessiccatori.com\/servizio-clienti\/condizioni-di-vendita\/#breadcrumb\"},\"inLanguage\":\"fr-FR\",\"potentialAction\":[{\"@type\":\"ReadAction\",\"target\":[\"https:\/\/stor51.tauroessiccatori.com\/servizio-clienti\/condizioni-di-vendita\/\"]}]},{\"@type\":\"BreadcrumbList\",\"@id\":\"https:\/\/stor51.tauroessiccatori.com\/servizio-clienti\/condizioni-di-vendita\/#breadcrumb\",\"itemListElement\":[{\"@type\":\"ListItem\",\"position\":1,\"name\":\"Home\",\"item\":\"https:\/\/stor51.tauroessiccatori.com\/\"},{\"@type\":\"ListItem\",\"position\":2,\"name\":\"Servizio clienti\",\"item\":\"https:\/\/stor51.tauroessiccatori.com\/servizio-clienti\/\"},{\"@type\":\"ListItem\",\"position\":3,\"name\":\"Condizioni di vendita\"}]},{\"@type\":\"WebSite\",\"@id\":\"https:\/\/stor51.tauroessiccatori.com\/#website\",\"url\":\"https:\/\/stor51.tauroessiccatori.com\/\",\"name\":\"Tauro Essiccatori\",\"description\":\"Welcome to Tauro Essiccatori online shop\",\"publisher\":{\"@id\":\"https:\/\/stor51.tauroessiccatori.com\/#organization\"},\"potentialAction\":[{\"@type\":\"SearchAction\",\"target\":{\"@type\":\"EntryPoint\",\"urlTemplate\":\"https:\/\/stor51.tauroessiccatori.com\/?s={search_term_string}\"},\"query-input\":\"required name=search_term_string\"}],\"inLanguage\":\"fr-FR\"},{\"@type\":\"Organization\",\"@id\":\"https:\/\/stor51.tauroessiccatori.com\/#organization\",\"name\":\"Tauro Essiccatori\",\"url\":\"https:\/\/stor51.tauroessiccatori.com\/\",\"logo\":{\"@type\":\"ImageObject\",\"inLanguage\":\"fr-FR\",\"@id\":\"https:\/\/stor51.tauroessiccatori.com\/#\/schema\/logo\/image\/\",\"url\":\"https:\/\/www.tauroessiccatori.com\/wp-assets\/uploads\/2017\/07\/logo_tauro_500x109px.png\",\"contentUrl\":\"https:\/\/www.tauroessiccatori.com\/wp-assets\/uploads\/2017\/07\/logo_tauro_500x109px.png\",\"width\":500,\"height\":109,\"caption\":\"Tauro Essiccatori\"},\"image\":{\"@id\":\"https:\/\/stor51.tauroessiccatori.com\/#\/schema\/logo\/image\/\"},\"sameAs\":[\"https:\/\/www.facebook.com\/TauroEssiccatori\/\",\"https:\/\/www.instagram.com\/tauro_essiccatori\/\",\"https:\/\/it.linkedin.com\/company\/tauro-essiccatori\",\"https:\/\/www.youtube.com\/user\/tauroessiccatori\"]}]}<\/script>\n<!-- \/ Yoast SEO plugin. -->","yoast_head_json":{"title":"Condizioni di vendita - Tauro Essiccatori","robots":{"index":"noindex","follow":"follow","max-snippet":"max-snippet:-1","max-image-preview":"max-image-preview:large","max-video-preview":"max-video-preview:-1"},"og_locale":"fr_FR","og_type":"article","og_title":"Condizioni di vendita - Tauro Essiccatori","og_description":"Metti un BIOSEC sotto l'Albero. SCOPRI QUI le promozioni di Natale! Gli sconti Black Friday sono qui! \u00a0 Clicca\u00a0per\u00a0non perderli \u2192 condizioni di vendita Gli ordini effettuati nel sito saranno gestiti da: Tauro Essiccatori Srl Sede: via del lavoro 6 36043 Camisano Vicentino (Vicenza) Codice Fiscale: 03977800246 Partita IVA: 03977800246 Telefono: +39 0444-719046 Fax: +39 [&hellip;]","og_url":"https:\/\/stor51.tauroessiccatori.com\/fr\/service-a-la-clientele\/conditions-de-vente\/","og_site_name":"Tauro Essiccatori","article_publisher":"https:\/\/www.facebook.com\/TauroEssiccatori\/","article_modified_time":"2022-08-07T14:02:42+00:00","twitter_card":"summary_large_image","twitter_misc":{"Est. reading time":"3 minutes"},"schema":{"@context":"https:\/\/schema.org","@graph":[{"@type":"WebPage","@id":"https:\/\/stor51.tauroessiccatori.com\/servizio-clienti\/condizioni-di-vendita\/","url":"https:\/\/stor51.tauroessiccatori.com\/servizio-clienti\/condizioni-di-vendita\/","name":"Condizioni di vendita - Tauro Essiccatori","isPartOf":{"@id":"https:\/\/stor51.tauroessiccatori.com\/#website"},"datePublished":"2017-10-23T18:13:04+00:00","dateModified":"2022-08-07T14:02:42+00:00","breadcrumb":{"@id":"https:\/\/stor51.tauroessiccatori.com\/servizio-clienti\/condizioni-di-vendita\/#breadcrumb"},"inLanguage":"fr-FR","potentialAction":[{"@type":"ReadAction","target":["https:\/\/stor51.tauroessiccatori.com\/servizio-clienti\/condizioni-di-vendita\/"]}]},{"@type":"BreadcrumbList","@id":"https:\/\/stor51.tauroessiccatori.com\/servizio-clienti\/condizioni-di-vendita\/#breadcrumb","itemListElement":[{"@type":"ListItem","position":1,"name":"Home","item":"https:\/\/stor51.tauroessiccatori.com\/"},{"@type":"ListItem","position":2,"name":"Servizio clienti","item":"https:\/\/stor51.tauroessiccatori.com\/servizio-clienti\/"},{"@type":"ListItem","position":3,"name":"Condizioni di vendita"}]},{"@type":"WebSite","@id":"https:\/\/stor51.tauroessiccatori.com\/#website","url":"https:\/\/stor51.tauroessiccatori.com\/","name":"Tauro Essiccatori","description":"Welcome to Tauro Essiccatori online shop","publisher":{"@id":"https:\/\/stor51.tauroessiccatori.com\/#organization"},"potentialAction":[{"@type":"SearchAction","target":{"@type":"EntryPoint","urlTemplate":"https:\/\/stor51.tauroessiccatori.com\/?s={search_term_string}"},"query-input":"required name=search_term_string"}],"inLanguage":"fr-FR"},{"@type":"Organization","@id":"https:\/\/stor51.tauroessiccatori.com\/#organization","name":"Tauro Essiccatori","url":"https:\/\/stor51.tauroessiccatori.com\/","logo":{"@type":"ImageObject","inLanguage":"fr-FR","@id":"https:\/\/stor51.tauroessiccatori.com\/#\/schema\/logo\/image\/","url":"https:\/\/www.tauroessiccatori.com\/wp-assets\/uploads\/2017\/07\/logo_tauro_500x109px.png","contentUrl":"https:\/\/www.tauroessiccatori.com\/wp-assets\/uploads\/2017\/07\/logo_tauro_500x109px.png","width":500,"height":109,"caption":"Tauro Essiccatori"},"image":{"@id":"https:\/\/stor51.tauroessiccatori.com\/#\/schema\/logo\/image\/"},"sameAs":["https:\/\/www.facebook.com\/TauroEssiccatori\/","https:\/\/www.instagram.com\/tauro_essiccatori\/","https:\/\/it.linkedin.com\/company\/tauro-essiccatori","https:\/\/www.youtube.com\/user\/tauroessiccatori"]}]}},"_links":{"self":[{"href":"https:\/\/stor51.tauroessiccatori.com\/fr\/wp-json\/wp\/v2\/pages\/1103"}],"collection":[{"href":"https:\/\/stor51.tauroessiccatori.com\/fr\/wp-json\/wp\/v2\/pages"}],"about":[{"href":"https:\/\/stor51.tauroessiccatori.com\/fr\/wp-json\/wp\/v2\/types\/page"}],"author":[{"embeddable":true,"href":"https:\/\/stor51.tauroessiccatori.com\/fr\/wp-json\/wp\/v2\/users\/1"}],"replies":[{"embeddable":true,"href":"https:\/\/stor51.tauroessiccatori.com\/fr\/wp-json\/wp\/v2\/comments?post=1103"}],"version-history":[{"count":12,"href":"https:\/\/stor51.tauroessiccatori.com\/fr\/wp-json\/wp\/v2\/pages\/1103\/revisions"}],"predecessor-version":[{"id":165073,"href":"https:\/\/stor51.tauroessiccatori.com\/fr\/wp-json\/wp\/v2\/pages\/1103\/revisions\/165073"}],"up":[{"embeddable":true,"href":"https:\/\/stor51.tauroessiccatori.com\/fr\/wp-json\/wp\/v2\/pages\/1088"}],"wp:attachment":[{"href":"https:\/\/stor51.tauroessiccatori.com\/fr\/wp-json\/wp\/v2\/media?parent=1103"}],"wp:term":[{"taxonomy":"post_tag","embeddable":true,"href":"https:\/\/stor51.tauroessiccatori.com\/fr\/wp-json\/wp\/v2\/tags?post=1103"}],"curies":[{"name":"wp","href":"https:\/\/api.w.org\/{rel}","templated":true}]}}