


{"id":913,"date":"2017-08-13T22:04:23","date_gmt":"2017-08-13T20:04:23","guid":{"rendered":"http:\/\/store.tauroessiccatori.com\/?post_type=product&#038;p=913\/"},"modified":"2023-05-12T11:00:39","modified_gmt":"2023-05-12T09:00:39","slug":"biosec-pro","status":"publish","type":"product","link":"https:\/\/stor51.tauroessiccatori.com\/es\/p\/biosec-pro\/","title":{"rendered":"Biosec Pro"},"content":{"rendered":"<div class=\"tauro-banners\"><div class=\"banner-00\" style=\"background-color: #852035\">\r\n<div class=\"ix-xmas-box-other\" style=\"font-size: 18px;padding: 7px 0;margin: 0 auto 0px auto\" align=\"center\"><b style=\"color: #fff;font-size: 18px\">Pon un BIOSEC debajo del \u00c1rbol. <a style=\"color: #f8cc89;font-weight: bold;text-decoration: none;font-size: 18px\" href=\"https:\/\/www.tauroessiccatori.com\/christmas-2024\/\">DESC\u00daBRALO AQU\u00cd<\/a> Promociones navide\u00f1as<\/b><\/div>\r\n<\/div><div class=\"banner-00\" style=\"background-color: #000\">\r\n<div class=\"ix-xmas-box-other\" style=\"font-size: 18px;padding: 7px 0;margin: 0 auto 0px auto\" align=\"center\"><b style=\"color: #fff\"> Ya est\u00e1n aqu\u00ed los descuentos del Black Friday \u00a0 <a style=\"color: #f77209;font-weight: bold;text-decoration: none\" href=\"https:\/\/www.tauroessiccatori.com\/black-friday-2024\/\"> Haz clic para no perd\u00e9rtelos \u2192 <\/a>\r\n<\/b><\/div>\r\n<\/div><\/div><div class=\"ix-professional-dryer-description\">\n<h4 class=\"ix-professional-dryer-description-h4\"><strong>PROGRAMAS AUTOM\u00c1TICOS, MANUALES Y PERSONALIZADOS: UN BIOSEC PRO S\u00d3LO PARA TI<\/strong><\/h4>\n<p>Biosec PRO es el nuevo secador de \u00faltima generaci\u00f3n dise\u00f1ado y fabricado por Tauro. Los programas autom\u00e1ticos hacen que el proceso de secado sea sencillo e inmediato, pero le dejan autonom\u00eda para determinar la temperatura de funcionamiento: elabore con nuestro equipo soluciones dedicadas y personalizadas para sus necesidades.<\/p>\n<h4 class=\"ix-professional-dryer-description-h4\"><strong>LA TECNOLOG\u00cdA AL SERVICIO DE LA ECONOM\u00cdA Y LA ECOLOG\u00cdA<\/strong><\/h4>\n<p>Estructura aislada para una mayor eficiencia y un mayor ahorro de energ\u00eda, 4 ventiladores para garantizar la homogeneidad del flujo, resultados m\u00e1s r\u00e1pidos y mayor calidad, respetando al cliente, al medio ambiente y a su cartera.<\/p>\n<h4 class=\"ix-professional-dryer-description-h4\"><strong>OPCIONES DISPONIBLES<\/strong><\/h4>\n<p>SANEAMIENTO POR RAYOS UV-C: Maximice la higiene de su Biosec Pro con los rayos UV-C, que ayudan a sanear el aire circulante, para un resultado a\u00fan m\u00e1s profesional y superior con la m\u00e1xima seguridad.<br \/>\nSISTEMA DE GESTI\u00d3N CON WIFI: WiFi integrado para controlar los procesos desde smartphones y PCs, implementar programas y garantizar un diagn\u00f3stico instant\u00e1neo incluso a distancia. \u00a1Siempre sabemos lo que pasa dentro de su Biosec Pro!<\/p>\n<\/div>","protected":false},"excerpt":{"rendered":"<p>Metti un BIOSEC sotto l&#8217;Albero. SCOPRI QUI le promozioni di Natale! Gli sconti Black Friday sono qui! \u00a0 Clicca\u00a0per\u00a0non perderli \u2192 PROGRAMMI AUTOMATICI, MANUALI E PERSONALIZZATI: UN BIOSEC PRO SOLO PER TE Biosec PRO \u00e8 il nuovo essiccatore di ultima generazione progettato e prodotto da Tauro. I programmi automatici rendono semplice ed immediato il processo [&hellip;]<\/p>","protected":false},"featured_media":137931,"comment_status":"closed","ping_status":"closed","template":"","meta":[],"product_cat":[194],"product_tag":[],"class_list":["post-913","product","type-product","status-publish","has-post-thumbnail","hentry","product_cat-essiccatori-professionali"],"acf":[],"yoast_head":"<!-- This site is optimized with the Yoast SEO plugin v20.10 - https:\/\/yoast.com\/wordpress\/plugins\/seo\/ -->\n<title>Essiccatore professionale Biosec Pro - Tauro Essiccatori<\/title>\n<meta name=\"description\" content=\"Biosec Pro \u00e8 l&#039;esiccatore professionale interamente in acciaio inox. Essiccatore orizzontale con dodici ripiani, pu\u00f2 essiccare fino a 30 kg.\" \/>\n<meta name=\"robots\" content=\"noindex, follow, max-snippet:-1, max-image-preview:large, max-video-preview:-1\" \/>\n<meta property=\"og:locale\" content=\"es_ES\" \/>\n<meta property=\"og:type\" content=\"article\" \/>\n<meta property=\"og:title\" content=\"Riutilizzo di scarti ed eccedenze: Biosec PRO per dare valore alla tua azienda.\" \/>\n<meta property=\"og:description\" content=\"Offri valore aggiunto e nuova vita ai tuoi prodotti migliori: con l\u2019essiccazione rinnovi il tuo business e lo rendi green e zero scarti.\" \/>\n<meta property=\"og:url\" content=\"https:\/\/stor51.tauroessiccatori.com\/es\/p\/biosec-pro\/\" \/>\n<meta property=\"og:site_name\" content=\"Tauro Essiccatori\" \/>\n<meta property=\"article:publisher\" content=\"https:\/\/www.facebook.com\/TauroEssiccatori\/\" \/>\n<meta property=\"article:modified_time\" content=\"2023-05-12T09:00:39+00:00\" \/>\n<meta property=\"og:image\" content=\"https:\/\/stor51.tauroessiccatori.com\/wp-assets\/uploads\/2017\/08\/23Luglio2021_EssiccazionePRO_1200x630px_tauro-essiccatori.png\" \/>\n\t<meta property=\"og:image:width\" content=\"1200\" \/>\n\t<meta property=\"og:image:height\" content=\"630\" \/>\n\t<meta property=\"og:image:type\" content=\"image\/png\" \/>\n<meta name=\"twitter:card\" content=\"summary_large_image\" \/>\n<meta name=\"twitter:label1\" content=\"Est. reading time\" \/>\n\t<meta name=\"twitter:data1\" content=\"1 minuto\" \/>\n<script type=\"application\/ld+json\" class=\"yoast-schema-graph\">{\"@context\":\"https:\/\/schema.org\",\"@graph\":[{\"@type\":\"WebPage\",\"@id\":\"https:\/\/stor51.tauroessiccatori.com\/p\/biosec-pro\/\",\"url\":\"https:\/\/stor51.tauroessiccatori.com\/p\/biosec-pro\/\",\"name\":\"Essiccatore professionale Biosec Pro - Tauro Essiccatori\",\"isPartOf\":{\"@id\":\"https:\/\/stor51.tauroessiccatori.com\/#website\"},\"datePublished\":\"2017-08-13T20:04:23+00:00\",\"dateModified\":\"2023-05-12T09:00:39+00:00\",\"description\":\"Biosec Pro \u00e8 l'esiccatore professionale interamente in acciaio inox. Essiccatore orizzontale con dodici ripiani, pu\u00f2 essiccare fino a 30 kg.\",\"breadcrumb\":{\"@id\":\"https:\/\/stor51.tauroessiccatori.com\/p\/biosec-pro\/#breadcrumb\"},\"inLanguage\":\"es\",\"potentialAction\":[{\"@type\":\"ReadAction\",\"target\":[\"https:\/\/stor51.tauroessiccatori.com\/p\/biosec-pro\/\"]}]},{\"@type\":\"BreadcrumbList\",\"@id\":\"https:\/\/stor51.tauroessiccatori.com\/p\/biosec-pro\/#breadcrumb\",\"itemListElement\":[{\"@type\":\"ListItem\",\"position\":1,\"name\":\"Home\",\"item\":\"https:\/\/stor51.tauroessiccatori.com\/\"},{\"@type\":\"ListItem\",\"position\":2,\"name\":\"Shop\",\"item\":\"https:\/\/stor51.tauroessiccatori.com\/negozio\/\"},{\"@type\":\"ListItem\",\"position\":3,\"name\":\"Biosec Pro\"}]},{\"@type\":\"WebSite\",\"@id\":\"https:\/\/stor51.tauroessiccatori.com\/#website\",\"url\":\"https:\/\/stor51.tauroessiccatori.com\/\",\"name\":\"Tauro Essiccatori\",\"description\":\"Welcome to Tauro Essiccatori online shop\",\"publisher\":{\"@id\":\"https:\/\/stor51.tauroessiccatori.com\/#organization\"},\"potentialAction\":[{\"@type\":\"SearchAction\",\"target\":{\"@type\":\"EntryPoint\",\"urlTemplate\":\"https:\/\/stor51.tauroessiccatori.com\/?s={search_term_string}\"},\"query-input\":\"required name=search_term_string\"}],\"inLanguage\":\"es\"},{\"@type\":\"Organization\",\"@id\":\"https:\/\/stor51.tauroessiccatori.com\/#organization\",\"name\":\"Tauro Essiccatori\",\"url\":\"https:\/\/stor51.tauroessiccatori.com\/\",\"logo\":{\"@type\":\"ImageObject\",\"inLanguage\":\"es\",\"@id\":\"https:\/\/stor51.tauroessiccatori.com\/#\/schema\/logo\/image\/\",\"url\":\"https:\/\/www.tauroessiccatori.com\/wp-assets\/uploads\/2017\/07\/logo_tauro_500x109px.png\",\"contentUrl\":\"https:\/\/www.tauroessiccatori.com\/wp-assets\/uploads\/2017\/07\/logo_tauro_500x109px.png\",\"width\":500,\"height\":109,\"caption\":\"Tauro Essiccatori\"},\"image\":{\"@id\":\"https:\/\/stor51.tauroessiccatori.com\/#\/schema\/logo\/image\/\"},\"sameAs\":[\"https:\/\/www.facebook.com\/TauroEssiccatori\/\",\"https:\/\/www.instagram.com\/tauro_essiccatori\/\",\"https:\/\/it.linkedin.com\/company\/tauro-essiccatori\",\"https:\/\/www.youtube.com\/user\/tauroessiccatori\"]}]}<\/script>\n<!-- \/ Yoast SEO plugin. -->","yoast_head_json":{"title":"Essiccatore professionale Biosec Pro - Tauro Essiccatori","description":"Biosec Pro \u00e8 l'esiccatore professionale interamente in acciaio inox. Essiccatore orizzontale con dodici ripiani, pu\u00f2 essiccare fino a 30 kg.","robots":{"index":"noindex","follow":"follow","max-snippet":"max-snippet:-1","max-image-preview":"max-image-preview:large","max-video-preview":"max-video-preview:-1"},"og_locale":"es_ES","og_type":"article","og_title":"Riutilizzo di scarti ed eccedenze: Biosec PRO per dare valore alla tua azienda.","og_description":"Offri valore aggiunto e nuova vita ai tuoi prodotti migliori: con l\u2019essiccazione rinnovi il tuo business e lo rendi green e zero scarti.","og_url":"https:\/\/stor51.tauroessiccatori.com\/es\/p\/biosec-pro\/","og_site_name":"Tauro Essiccatori","article_publisher":"https:\/\/www.facebook.com\/TauroEssiccatori\/","article_modified_time":"2023-05-12T09:00:39+00:00","og_image":[{"width":1200,"height":630,"url":"https:\/\/stor51.tauroessiccatori.com\/wp-assets\/uploads\/2017\/08\/23Luglio2021_EssiccazionePRO_1200x630px_tauro-essiccatori.png","type":"image\/png"}],"twitter_card":"summary_large_image","twitter_misc":{"Est. reading time":"1 minuto"},"schema":{"@context":"https:\/\/schema.org","@graph":[{"@type":"WebPage","@id":"https:\/\/stor51.tauroessiccatori.com\/p\/biosec-pro\/","url":"https:\/\/stor51.tauroessiccatori.com\/p\/biosec-pro\/","name":"Essiccatore professionale Biosec Pro - Tauro Essiccatori","isPartOf":{"@id":"https:\/\/stor51.tauroessiccatori.com\/#website"},"datePublished":"2017-08-13T20:04:23+00:00","dateModified":"2023-05-12T09:00:39+00:00","description":"Biosec Pro \u00e8 l'esiccatore professionale interamente in acciaio inox. Essiccatore orizzontale con dodici ripiani, pu\u00f2 essiccare fino a 30 kg.","breadcrumb":{"@id":"https:\/\/stor51.tauroessiccatori.com\/p\/biosec-pro\/#breadcrumb"},"inLanguage":"es","potentialAction":[{"@type":"ReadAction","target":["https:\/\/stor51.tauroessiccatori.com\/p\/biosec-pro\/"]}]},{"@type":"BreadcrumbList","@id":"https:\/\/stor51.tauroessiccatori.com\/p\/biosec-pro\/#breadcrumb","itemListElement":[{"@type":"ListItem","position":1,"name":"Home","item":"https:\/\/stor51.tauroessiccatori.com\/"},{"@type":"ListItem","position":2,"name":"Shop","item":"https:\/\/stor51.tauroessiccatori.com\/negozio\/"},{"@type":"ListItem","position":3,"name":"Biosec Pro"}]},{"@type":"WebSite","@id":"https:\/\/stor51.tauroessiccatori.com\/#website","url":"https:\/\/stor51.tauroessiccatori.com\/","name":"Tauro Essiccatori","description":"Welcome to Tauro Essiccatori online shop","publisher":{"@id":"https:\/\/stor51.tauroessiccatori.com\/#organization"},"potentialAction":[{"@type":"SearchAction","target":{"@type":"EntryPoint","urlTemplate":"https:\/\/stor51.tauroessiccatori.com\/?s={search_term_string}"},"query-input":"required name=search_term_string"}],"inLanguage":"es"},{"@type":"Organization","@id":"https:\/\/stor51.tauroessiccatori.com\/#organization","name":"Tauro Essiccatori","url":"https:\/\/stor51.tauroessiccatori.com\/","logo":{"@type":"ImageObject","inLanguage":"es","@id":"https:\/\/stor51.tauroessiccatori.com\/#\/schema\/logo\/image\/","url":"https:\/\/www.tauroessiccatori.com\/wp-assets\/uploads\/2017\/07\/logo_tauro_500x109px.png","contentUrl":"https:\/\/www.tauroessiccatori.com\/wp-assets\/uploads\/2017\/07\/logo_tauro_500x109px.png","width":500,"height":109,"caption":"Tauro Essiccatori"},"image":{"@id":"https:\/\/stor51.tauroessiccatori.com\/#\/schema\/logo\/image\/"},"sameAs":["https:\/\/www.facebook.com\/TauroEssiccatori\/","https:\/\/www.instagram.com\/tauro_essiccatori\/","https:\/\/it.linkedin.com\/company\/tauro-essiccatori","https:\/\/www.youtube.com\/user\/tauroessiccatori"]}]}},"_links":{"self":[{"href":"https:\/\/stor51.tauroessiccatori.com\/es\/wp-json\/wp\/v2\/product\/913"}],"collection":[{"href":"https:\/\/stor51.tauroessiccatori.com\/es\/wp-json\/wp\/v2\/product"}],"about":[{"href":"https:\/\/stor51.tauroessiccatori.com\/es\/wp-json\/wp\/v2\/types\/product"}],"replies":[{"embeddable":true,"href":"https:\/\/stor51.tauroessiccatori.com\/es\/wp-json\/wp\/v2\/comments?post=913"}],"wp:featuredmedia":[{"embeddable":true,"href":"https:\/\/stor51.tauroessiccatori.com\/es\/wp-json\/wp\/v2\/media\/137931"}],"wp:attachment":[{"href":"https:\/\/stor51.tauroessiccatori.com\/es\/wp-json\/wp\/v2\/media?parent=913"}],"wp:term":[{"taxonomy":"product_cat","embeddable":true,"href":"https:\/\/stor51.tauroessiccatori.com\/es\/wp-json\/wp\/v2\/product_cat?post=913"},{"taxonomy":"product_tag","embeddable":true,"href":"https:\/\/stor51.tauroessiccatori.com\/es\/wp-json\/wp\/v2\/product_tag?post=913"}],"curies":[{"name":"wp","href":"https:\/\/api.w.org\/{rel}","templated":true}]}}