


{"id":78041,"date":"2021-03-10T16:13:36","date_gmt":"2021-03-10T15:13:36","guid":{"rendered":"https:\/\/www.tauroessiccatori.com\/?post_type=product&#038;p=78041\/"},"modified":"2023-05-16T11:10:49","modified_gmt":"2023-05-16T09:10:49","slug":"macinaspezie-elettrico","status":"publish","type":"product","link":"https:\/\/stor51.tauroessiccatori.com\/es\/p\/picadora-electrica-de-especias\/","title":{"rendered":"Molinillo el\u00e9ctrico de especias 350W"},"content":{"rendered":"<div class=\"tauro-banners\"><div class=\"banner-00\" style=\"background-color: #852035\">\r\n<div class=\"ix-xmas-box-other\" style=\"font-size: 18px;padding: 7px 0;margin: 0 auto 0px auto\" align=\"center\"><b style=\"color: #fff;font-size: 18px\">Pon un BIOSEC debajo del \u00c1rbol. <a style=\"color: #f8cc89;font-weight: bold;text-decoration: none;font-size: 18px\" href=\"https:\/\/www.tauroessiccatori.com\/christmas-2024\/\">DESC\u00daBRALO AQU\u00cd<\/a> Promociones navide\u00f1as<\/b><\/div>\r\n<\/div><div class=\"banner-00\" style=\"background-color: #000\">\r\n<div class=\"ix-xmas-box-other\" style=\"font-size: 18px;padding: 7px 0;margin: 0 auto 0px auto\" align=\"center\"><b style=\"color: #fff\"> Ya est\u00e1n aqu\u00ed los descuentos del Black Friday \u00a0 <a style=\"color: #f77209;font-weight: bold;text-decoration: none\" href=\"https:\/\/www.tauroessiccatori.com\/black-friday-2024\/\"> Haz clic para no perd\u00e9rtelos \u2192 <\/a>\r\n<\/b><\/div>\r\n<\/div><\/div><p><span style=\"font-weight: 400;\">Un vers\u00e1til y potente molinillo de especias el\u00e9ctrico que puede utilizarse para moler alimentos secos y desecados. Equipada con dos recipientes de acero inoxidable con dos cuchillas diferentes, y tapa para el polvo.<\/span><\/p>\n<p><span style=\"font-weight: 400;\">Caracter\u00edsticas principales:\u00a0<\/span><span style=\"font-weight: 400;\">Potente motor el\u00e9ctrico de 350 W 2 b<\/span><span style=\"font-weight: 400;\">Cubiertas de acero inoxidable extra\u00edbles y f\u00e1cilmente lavables: c<\/span>Cuchillo de 2 hojas: adecuado para triturar alimentos secos, cuchillo de 4 hojas: adecuado para alimentos aceitosos\/h\u00famedos. Tapa separada para cerrar el contenedor de acero inoxidable. Capacidad de hasta 80 g de caf\u00e9 en grano, especias, hierbas. 2 niveles de velocidad. Bloqueo de seguridad: el funcionamiento s\u00f3lo es posible con la tapa cerrada. Tapa transparente para ver r\u00e1pidamente el interior del contenedor. Pies de goma antideslizantes. Recipiente de acero inoxidable extra\u00edble. Caja de acero inoxidable con elementos de pl\u00e1stico negro.<\/p>\n<p>&nbsp;<\/p>\n<p><span style=\"font-weight: 400;\">Atenci\u00f3n: no llene el vaso completamente, sino como m\u00e1ximo 2\/3 de su capacidad. Este molinillo de caf\u00e9 est\u00e1 destinado a un uso dom\u00e9stico y ocasional, no a un uso prolongado y profesional. Siga cuidadosamente las instrucciones internas para un funcionamiento \u00f3ptimo.<\/span><\/p>\n<p>&nbsp;<\/p>\n<p><strong>CARACTER\u00cdSTICAS T\u00c9CNICAS<\/strong><\/p>\n<ul class=\"ix-technical-features-list\">\n<li>Cuchillo de 2 hojas: adecuado para moler alimentos secos<\/li>\n<li>Cuchillo de 4 hojas: adecuado para alimentos aceitosos\/h\u00famedos<\/li>\n<li>Tapa separada para el cierre del contenedor de acero inoxidable<\/li>\n<li>Capacidad de hasta 80 g de caf\u00e9 en grano, especias y hierbas<\/li>\n<li>2 niveles de velocidad<\/li>\n<li>Bloqueo de seguridad: el funcionamiento s\u00f3lo es posible con la tapa cerrada<\/li>\n<li>Tapa transparente para ver r\u00e1pidamente el interior del contenedor<\/li>\n<li>Pies de goma antideslizantes<\/li>\n<li>Recipiente de acero inoxidable extra\u00edble<\/li>\n<li>Caja de acero inoxidable con elementos de pl\u00e1stico negro<\/li>\n<li>Potencia el\u00e9ctrica 350 W<\/li>\n<li>L = 12 cm x D = 12 cm x H = 24 cm<\/li>\n<\/ul>","protected":false},"excerpt":{"rendered":"<p>Metti un BIOSEC sotto l&#8217;Albero. SCOPRI QUI le promozioni di Natale! Gli sconti Black Friday sono qui! \u00a0 Clicca\u00a0per\u00a0non perderli \u2192 Un macinaspezie elettrico versatile e potente, che pu\u00f2 essere utilizzato per sminuzzare cibi secchi ed essiccati. Fornito di due contenitori inox con due diverse lame, e coperchio antipolvere. Caratteristiche principali:\u00a0Potente motore elettrico da 350 [&hellip;]<\/p>","protected":false},"featured_media":78044,"comment_status":"closed","ping_status":"closed","template":"","meta":[],"product_cat":[285],"product_tag":[],"class_list":["post-78041","product","type-product","status-publish","has-post-thumbnail","hentry","product_cat-macinaspezie-polverizzatori"],"acf":[],"yoast_head":"<!-- This site is optimized with the Yoast SEO plugin v20.10 - https:\/\/yoast.com\/wordpress\/plugins\/seo\/ -->\n<title>Macinaspezie elettrico 350W - Tauro Essiccatori<\/title>\n<meta name=\"robots\" content=\"noindex, follow, max-snippet:-1, max-image-preview:large, max-video-preview:-1\" \/>\n<meta property=\"og:locale\" content=\"es_ES\" \/>\n<meta property=\"og:type\" content=\"article\" \/>\n<meta property=\"og:title\" content=\"Macinaspezie elettrico 350W - Tauro Essiccatori\" \/>\n<meta property=\"og:description\" content=\"Metti un BIOSEC sotto l&#039;Albero. SCOPRI QUI le promozioni di Natale! Gli sconti Black Friday sono qui! \u00a0 Clicca\u00a0per\u00a0non perderli \u2192 Un macinaspezie elettrico versatile e potente, che pu\u00f2 essere utilizzato per sminuzzare cibi secchi ed essiccati. Fornito di due contenitori inox con due diverse lame, e coperchio antipolvere. Caratteristiche principali:\u00a0Potente motore elettrico da 350 [&hellip;]\" \/>\n<meta property=\"og:url\" content=\"https:\/\/stor51.tauroessiccatori.com\/es\/p\/picadora-electrica-de-especias\/\" \/>\n<meta property=\"og:site_name\" content=\"Tauro Essiccatori\" \/>\n<meta property=\"article:publisher\" content=\"https:\/\/www.facebook.com\/TauroEssiccatori\/\" \/>\n<meta property=\"article:modified_time\" content=\"2023-05-16T09:10:49+00:00\" \/>\n<meta property=\"og:image\" content=\"https:\/\/stor51.tauroessiccatori.com\/wp-assets\/uploads\/2021\/03\/cloer741901.jpg\" \/>\n\t<meta property=\"og:image:width\" content=\"1210\" \/>\n\t<meta property=\"og:image:height\" content=\"750\" \/>\n\t<meta property=\"og:image:type\" content=\"image\/jpeg\" \/>\n<meta name=\"twitter:card\" content=\"summary_large_image\" \/>\n<meta name=\"twitter:label1\" content=\"Est. reading time\" \/>\n\t<meta name=\"twitter:data1\" content=\"1 minuto\" \/>\n<script type=\"application\/ld+json\" class=\"yoast-schema-graph\">{\"@context\":\"https:\/\/schema.org\",\"@graph\":[{\"@type\":\"WebPage\",\"@id\":\"https:\/\/stor51.tauroessiccatori.com\/p\/macinaspezie-elettrico\/\",\"url\":\"https:\/\/stor51.tauroessiccatori.com\/p\/macinaspezie-elettrico\/\",\"name\":\"Macinaspezie elettrico 350W - Tauro Essiccatori\",\"isPartOf\":{\"@id\":\"https:\/\/stor51.tauroessiccatori.com\/#website\"},\"datePublished\":\"2021-03-10T15:13:36+00:00\",\"dateModified\":\"2023-05-16T09:10:49+00:00\",\"breadcrumb\":{\"@id\":\"https:\/\/stor51.tauroessiccatori.com\/p\/macinaspezie-elettrico\/#breadcrumb\"},\"inLanguage\":\"es\",\"potentialAction\":[{\"@type\":\"ReadAction\",\"target\":[\"https:\/\/stor51.tauroessiccatori.com\/p\/macinaspezie-elettrico\/\"]}]},{\"@type\":\"BreadcrumbList\",\"@id\":\"https:\/\/stor51.tauroessiccatori.com\/p\/macinaspezie-elettrico\/#breadcrumb\",\"itemListElement\":[{\"@type\":\"ListItem\",\"position\":1,\"name\":\"Home\",\"item\":\"https:\/\/stor51.tauroessiccatori.com\/\"},{\"@type\":\"ListItem\",\"position\":2,\"name\":\"Shop\",\"item\":\"https:\/\/stor51.tauroessiccatori.com\/negozio\/\"},{\"@type\":\"ListItem\",\"position\":3,\"name\":\"Macinaspezie elettrico 350W\"}]},{\"@type\":\"WebSite\",\"@id\":\"https:\/\/stor51.tauroessiccatori.com\/#website\",\"url\":\"https:\/\/stor51.tauroessiccatori.com\/\",\"name\":\"Tauro Essiccatori\",\"description\":\"Welcome to Tauro Essiccatori online shop\",\"publisher\":{\"@id\":\"https:\/\/stor51.tauroessiccatori.com\/#organization\"},\"potentialAction\":[{\"@type\":\"SearchAction\",\"target\":{\"@type\":\"EntryPoint\",\"urlTemplate\":\"https:\/\/stor51.tauroessiccatori.com\/?s={search_term_string}\"},\"query-input\":\"required name=search_term_string\"}],\"inLanguage\":\"es\"},{\"@type\":\"Organization\",\"@id\":\"https:\/\/stor51.tauroessiccatori.com\/#organization\",\"name\":\"Tauro Essiccatori\",\"url\":\"https:\/\/stor51.tauroessiccatori.com\/\",\"logo\":{\"@type\":\"ImageObject\",\"inLanguage\":\"es\",\"@id\":\"https:\/\/stor51.tauroessiccatori.com\/#\/schema\/logo\/image\/\",\"url\":\"https:\/\/www.tauroessiccatori.com\/wp-assets\/uploads\/2017\/07\/logo_tauro_500x109px.png\",\"contentUrl\":\"https:\/\/www.tauroessiccatori.com\/wp-assets\/uploads\/2017\/07\/logo_tauro_500x109px.png\",\"width\":500,\"height\":109,\"caption\":\"Tauro Essiccatori\"},\"image\":{\"@id\":\"https:\/\/stor51.tauroessiccatori.com\/#\/schema\/logo\/image\/\"},\"sameAs\":[\"https:\/\/www.facebook.com\/TauroEssiccatori\/\",\"https:\/\/www.instagram.com\/tauro_essiccatori\/\",\"https:\/\/it.linkedin.com\/company\/tauro-essiccatori\",\"https:\/\/www.youtube.com\/user\/tauroessiccatori\"]}]}<\/script>\n<!-- \/ Yoast SEO plugin. -->","yoast_head_json":{"title":"Macinaspezie elettrico 350W - Tauro Essiccatori","robots":{"index":"noindex","follow":"follow","max-snippet":"max-snippet:-1","max-image-preview":"max-image-preview:large","max-video-preview":"max-video-preview:-1"},"og_locale":"es_ES","og_type":"article","og_title":"Macinaspezie elettrico 350W - Tauro Essiccatori","og_description":"Metti un BIOSEC sotto l'Albero. SCOPRI QUI le promozioni di Natale! Gli sconti Black Friday sono qui! \u00a0 Clicca\u00a0per\u00a0non perderli \u2192 Un macinaspezie elettrico versatile e potente, che pu\u00f2 essere utilizzato per sminuzzare cibi secchi ed essiccati. Fornito di due contenitori inox con due diverse lame, e coperchio antipolvere. Caratteristiche principali:\u00a0Potente motore elettrico da 350 [&hellip;]","og_url":"https:\/\/stor51.tauroessiccatori.com\/es\/p\/picadora-electrica-de-especias\/","og_site_name":"Tauro Essiccatori","article_publisher":"https:\/\/www.facebook.com\/TauroEssiccatori\/","article_modified_time":"2023-05-16T09:10:49+00:00","og_image":[{"width":1210,"height":750,"url":"https:\/\/stor51.tauroessiccatori.com\/wp-assets\/uploads\/2021\/03\/cloer741901.jpg","type":"image\/jpeg"}],"twitter_card":"summary_large_image","twitter_misc":{"Est. reading time":"1 minuto"},"schema":{"@context":"https:\/\/schema.org","@graph":[{"@type":"WebPage","@id":"https:\/\/stor51.tauroessiccatori.com\/p\/macinaspezie-elettrico\/","url":"https:\/\/stor51.tauroessiccatori.com\/p\/macinaspezie-elettrico\/","name":"Macinaspezie elettrico 350W - Tauro Essiccatori","isPartOf":{"@id":"https:\/\/stor51.tauroessiccatori.com\/#website"},"datePublished":"2021-03-10T15:13:36+00:00","dateModified":"2023-05-16T09:10:49+00:00","breadcrumb":{"@id":"https:\/\/stor51.tauroessiccatori.com\/p\/macinaspezie-elettrico\/#breadcrumb"},"inLanguage":"es","potentialAction":[{"@type":"ReadAction","target":["https:\/\/stor51.tauroessiccatori.com\/p\/macinaspezie-elettrico\/"]}]},{"@type":"BreadcrumbList","@id":"https:\/\/stor51.tauroessiccatori.com\/p\/macinaspezie-elettrico\/#breadcrumb","itemListElement":[{"@type":"ListItem","position":1,"name":"Home","item":"https:\/\/stor51.tauroessiccatori.com\/"},{"@type":"ListItem","position":2,"name":"Shop","item":"https:\/\/stor51.tauroessiccatori.com\/negozio\/"},{"@type":"ListItem","position":3,"name":"Macinaspezie elettrico 350W"}]},{"@type":"WebSite","@id":"https:\/\/stor51.tauroessiccatori.com\/#website","url":"https:\/\/stor51.tauroessiccatori.com\/","name":"Tauro Essiccatori","description":"Welcome to Tauro Essiccatori online shop","publisher":{"@id":"https:\/\/stor51.tauroessiccatori.com\/#organization"},"potentialAction":[{"@type":"SearchAction","target":{"@type":"EntryPoint","urlTemplate":"https:\/\/stor51.tauroessiccatori.com\/?s={search_term_string}"},"query-input":"required name=search_term_string"}],"inLanguage":"es"},{"@type":"Organization","@id":"https:\/\/stor51.tauroessiccatori.com\/#organization","name":"Tauro Essiccatori","url":"https:\/\/stor51.tauroessiccatori.com\/","logo":{"@type":"ImageObject","inLanguage":"es","@id":"https:\/\/stor51.tauroessiccatori.com\/#\/schema\/logo\/image\/","url":"https:\/\/www.tauroessiccatori.com\/wp-assets\/uploads\/2017\/07\/logo_tauro_500x109px.png","contentUrl":"https:\/\/www.tauroessiccatori.com\/wp-assets\/uploads\/2017\/07\/logo_tauro_500x109px.png","width":500,"height":109,"caption":"Tauro Essiccatori"},"image":{"@id":"https:\/\/stor51.tauroessiccatori.com\/#\/schema\/logo\/image\/"},"sameAs":["https:\/\/www.facebook.com\/TauroEssiccatori\/","https:\/\/www.instagram.com\/tauro_essiccatori\/","https:\/\/it.linkedin.com\/company\/tauro-essiccatori","https:\/\/www.youtube.com\/user\/tauroessiccatori"]}]}},"_links":{"self":[{"href":"https:\/\/stor51.tauroessiccatori.com\/es\/wp-json\/wp\/v2\/product\/78041"}],"collection":[{"href":"https:\/\/stor51.tauroessiccatori.com\/es\/wp-json\/wp\/v2\/product"}],"about":[{"href":"https:\/\/stor51.tauroessiccatori.com\/es\/wp-json\/wp\/v2\/types\/product"}],"replies":[{"embeddable":true,"href":"https:\/\/stor51.tauroessiccatori.com\/es\/wp-json\/wp\/v2\/comments?post=78041"}],"wp:featuredmedia":[{"embeddable":true,"href":"https:\/\/stor51.tauroessiccatori.com\/es\/wp-json\/wp\/v2\/media\/78044"}],"wp:attachment":[{"href":"https:\/\/stor51.tauroessiccatori.com\/es\/wp-json\/wp\/v2\/media?parent=78041"}],"wp:term":[{"taxonomy":"product_cat","embeddable":true,"href":"https:\/\/stor51.tauroessiccatori.com\/es\/wp-json\/wp\/v2\/product_cat?post=78041"},{"taxonomy":"product_tag","embeddable":true,"href":"https:\/\/stor51.tauroessiccatori.com\/es\/wp-json\/wp\/v2\/product_tag?post=78041"}],"curies":[{"name":"wp","href":"https:\/\/api.w.org\/{rel}","templated":true}]}}