


{"id":3657,"date":"2019-08-01T17:53:48","date_gmt":"2019-08-01T15:53:48","guid":{"rendered":"https:\/\/store.tauroessiccatori.com\/?post_type=product&#038;p=3657\/"},"modified":"2023-05-16T11:11:25","modified_gmt":"2023-05-16T09:11:25","slug":"mandolina-v5-powerline-starter-set","status":"publish","type":"product","link":"https:\/\/stor51.tauroessiccatori.com\/es\/p\/mandolina-v5-sistema-de-arranque-de-linea-electrica\/","title":{"rendered":"Mandolina Borner V5 PowerLine"},"content":{"rendered":"<div class=\"tauro-banners\"><div class=\"banner-00\" style=\"background-color: #852035\">\r\n<div class=\"ix-xmas-box-other\" style=\"font-size: 18px;padding: 7px 0;margin: 0 auto 0px auto\" align=\"center\"><b style=\"color: #fff;font-size: 18px\">Pon un BIOSEC debajo del \u00c1rbol. <a style=\"color: #f8cc89;font-weight: bold;text-decoration: none;font-size: 18px\" href=\"https:\/\/www.tauroessiccatori.com\/christmas-2024\/\">DESC\u00daBRALO AQU\u00cd<\/a> Promociones navide\u00f1as<\/b><\/div>\r\n<\/div><div class=\"banner-00\" style=\"background-color: #000\">\r\n<div class=\"ix-xmas-box-other\" style=\"font-size: 18px;padding: 7px 0;margin: 0 auto 0px auto\" align=\"center\"><b style=\"color: #fff\"> Ya est\u00e1n aqu\u00ed los descuentos del Black Friday \u00a0 <a style=\"color: #f77209;font-weight: bold;text-decoration: none\" href=\"https:\/\/www.tauroessiccatori.com\/black-friday-2024\/\"> Haz clic para no perd\u00e9rtelos \u2192 <\/a>\r\n<\/b><\/div>\r\n<\/div><\/div><p style=\"text-align: left\"><span style=\"font-weight: 400\">Insuperable en velocidad y precisi\u00f3n a la hora de preparar rodajas, palos, tiras y cubos de verduras y frutas frescas. Al mismo tiempo, es seguro y f\u00e1cil de usar gracias al dispositivo de seguridad alimentaria incluido. Este set ofrece el equipamiento b\u00e1sico para 10 opciones de corte: puede cortar rodajas de cuatro grosores diferentes, de m\u00e1s grueso a m\u00e1s fino, o palos y cubos m\u00e1s gruesos o m\u00e1s finos. La versatilidad de la V5 hace que la preparaci\u00f3n de ensaladas, sopas, guisos y otras innumerables delicias sea un verdadero placer.<\/span><\/p>\n<p><span style=\"font-weight: 400\">Para la limpieza, basta con enjuagar la mandolina y los insertos de las cuchillas bajo el grifo, y luego empujar el inserto de las cuchillas hasta la \u00faltima marca. Deje que su V5 se seque en la caja de inserci\u00f3n incluida. La caja tambi\u00e9n ofrece espacio para los insertos de las cuchillas y se puede acoplar el porta alimentos. Esto ahorra espacio y mantiene todo a mano para el siguiente uso.<\/span><\/p>\n<p><span style=\"font-weight: 400\">Todas las piezas de este set son aptas para alimentos, sin BPA, ftalatos ni sustancias nocivas.\u00a0<\/span><\/p>\n<p>&nbsp;<\/p>\n<p><strong>CARACTER\u00cdSTICAS T\u00c9CNICAS<\/strong><\/p>\n<p>&nbsp;<\/p>\n<ul class=\"ix-list-description-product-alignment\">\n<li><span style=\"font-weight: 400\">Cortar rodajas o trozos de 4 grosores diferentes<\/span><\/li>\n<li><span style=\"font-weight: 400\">Cortador de cubos en 2 tama\u00f1os diferentes<\/span><\/li>\n<li><span style=\"font-weight: 400\">Dispositivo de seguridad de corte y bloqueo para ni\u00f1os<\/span><\/li>\n<li><span style=\"font-weight: 400\">Cuchillas B\u00f6rner con garant\u00eda de 5 a\u00f1os<\/span><\/li>\n<li><span style=\"font-weight: 400\">Sin BPA ni ftalatos<\/span><\/li>\n<\/ul>\n<p>&nbsp;<\/p>\n<p><strong>CONTENIDO DEL PAQUETE<\/strong><\/p>\n<p>&nbsp;<\/p>\n<ul class=\"ix-list-description-product-alignment\">\n<li><span style=\"font-weight: 400\">Mandolina verde\u00a0<\/span><\/li>\n<li><span style=\"font-weight: 400\">Inserto para rebanadas de varios tama\u00f1os<\/span><\/li>\n<li><span style=\"font-weight: 400\">Dos insertos para palos o cubos<\/span><\/li>\n<li><span style=\"font-weight: 400\">Dispositivo de almacenamiento de seguridad<\/span><\/li>\n<li><span style=\"font-weight: 400\">Accesorio para guardar la mandolina y los insertos<\/span><\/li>\n<\/ul>","protected":false},"excerpt":{"rendered":"<p>Metti un BIOSEC sotto l&#8217;Albero. SCOPRI QUI le promozioni di Natale! Gli sconti Black Friday sono qui! \u00a0 Clicca\u00a0per\u00a0non perderli \u2192 Imbattibile in velocit\u00e0 e precisione nella preparazione di fette, bastoncini, strisce e cubetti di verdure fresche e frutta. Allo stesso tempo sicura e facile da usare grazie al dispositivo di sicurezza alimentare incluso. Questo [&hellip;]<\/p>","protected":false},"featured_media":3675,"comment_status":"closed","ping_status":"closed","template":"","meta":[],"product_cat":[275],"product_tag":[277,278],"class_list":["post-3657","product","type-product","status-publish","has-post-thumbnail","hentry","product_cat-taglia-verdure","product_tag-mandolina","product_tag-tagliaverdura"],"acf":[],"yoast_head":"<!-- This site is optimized with the Yoast SEO plugin v20.10 - https:\/\/yoast.com\/wordpress\/plugins\/seo\/ -->\n<title>Mandolina Borner V5 PowerLine - Tauro Essiccatori<\/title>\n<meta name=\"robots\" content=\"noindex, follow, max-snippet:-1, max-image-preview:large, max-video-preview:-1\" \/>\n<meta property=\"og:locale\" content=\"es_ES\" \/>\n<meta property=\"og:type\" content=\"article\" \/>\n<meta property=\"og:title\" content=\"Mandolina Borner V5 PowerLine - Tauro Essiccatori\" \/>\n<meta property=\"og:description\" content=\"Metti un BIOSEC sotto l&#039;Albero. SCOPRI QUI le promozioni di Natale! Gli sconti Black Friday sono qui! \u00a0 Clicca\u00a0per\u00a0non perderli \u2192 Imbattibile in velocit\u00e0 e precisione nella preparazione di fette, bastoncini, strisce e cubetti di verdure fresche e frutta. Allo stesso tempo sicura e facile da usare grazie al dispositivo di sicurezza alimentare incluso. Questo [&hellip;]\" \/>\n<meta property=\"og:url\" content=\"https:\/\/stor51.tauroessiccatori.com\/es\/p\/mandolina-v5-sistema-de-arranque-de-linea-electrica\/\" \/>\n<meta property=\"og:site_name\" content=\"Tauro Essiccatori\" \/>\n<meta property=\"article:publisher\" content=\"https:\/\/www.facebook.com\/TauroEssiccatori\/\" \/>\n<meta property=\"article:modified_time\" content=\"2023-05-16T09:11:25+00:00\" \/>\n<meta property=\"og:image\" content=\"https:\/\/stor51.tauroessiccatori.com\/wp-assets\/uploads\/2019\/08\/mandolina-green.jpg\" \/>\n\t<meta property=\"og:image:width\" content=\"1210\" \/>\n\t<meta property=\"og:image:height\" content=\"750\" \/>\n\t<meta property=\"og:image:type\" content=\"image\/jpeg\" \/>\n<meta name=\"twitter:card\" content=\"summary_large_image\" \/>\n<meta name=\"twitter:label1\" content=\"Est. reading time\" \/>\n\t<meta name=\"twitter:data1\" content=\"1 minuto\" \/>\n<script type=\"application\/ld+json\" class=\"yoast-schema-graph\">{\"@context\":\"https:\/\/schema.org\",\"@graph\":[{\"@type\":\"WebPage\",\"@id\":\"https:\/\/stor51.tauroessiccatori.com\/p\/mandolina-v5-powerline-starter-set\/\",\"url\":\"https:\/\/stor51.tauroessiccatori.com\/p\/mandolina-v5-powerline-starter-set\/\",\"name\":\"Mandolina Borner V5 PowerLine - Tauro Essiccatori\",\"isPartOf\":{\"@id\":\"https:\/\/stor51.tauroessiccatori.com\/#website\"},\"datePublished\":\"2019-08-01T15:53:48+00:00\",\"dateModified\":\"2023-05-16T09:11:25+00:00\",\"breadcrumb\":{\"@id\":\"https:\/\/stor51.tauroessiccatori.com\/p\/mandolina-v5-powerline-starter-set\/#breadcrumb\"},\"inLanguage\":\"es\",\"potentialAction\":[{\"@type\":\"ReadAction\",\"target\":[\"https:\/\/stor51.tauroessiccatori.com\/p\/mandolina-v5-powerline-starter-set\/\"]}]},{\"@type\":\"BreadcrumbList\",\"@id\":\"https:\/\/stor51.tauroessiccatori.com\/p\/mandolina-v5-powerline-starter-set\/#breadcrumb\",\"itemListElement\":[{\"@type\":\"ListItem\",\"position\":1,\"name\":\"Home\",\"item\":\"https:\/\/stor51.tauroessiccatori.com\/\"},{\"@type\":\"ListItem\",\"position\":2,\"name\":\"Shop\",\"item\":\"https:\/\/stor51.tauroessiccatori.com\/negozio\/\"},{\"@type\":\"ListItem\",\"position\":3,\"name\":\"Mandolina Borner V5 PowerLine\"}]},{\"@type\":\"WebSite\",\"@id\":\"https:\/\/stor51.tauroessiccatori.com\/#website\",\"url\":\"https:\/\/stor51.tauroessiccatori.com\/\",\"name\":\"Tauro Essiccatori\",\"description\":\"Welcome to Tauro Essiccatori online shop\",\"publisher\":{\"@id\":\"https:\/\/stor51.tauroessiccatori.com\/#organization\"},\"potentialAction\":[{\"@type\":\"SearchAction\",\"target\":{\"@type\":\"EntryPoint\",\"urlTemplate\":\"https:\/\/stor51.tauroessiccatori.com\/?s={search_term_string}\"},\"query-input\":\"required name=search_term_string\"}],\"inLanguage\":\"es\"},{\"@type\":\"Organization\",\"@id\":\"https:\/\/stor51.tauroessiccatori.com\/#organization\",\"name\":\"Tauro Essiccatori\",\"url\":\"https:\/\/stor51.tauroessiccatori.com\/\",\"logo\":{\"@type\":\"ImageObject\",\"inLanguage\":\"es\",\"@id\":\"https:\/\/stor51.tauroessiccatori.com\/#\/schema\/logo\/image\/\",\"url\":\"https:\/\/www.tauroessiccatori.com\/wp-assets\/uploads\/2017\/07\/logo_tauro_500x109px.png\",\"contentUrl\":\"https:\/\/www.tauroessiccatori.com\/wp-assets\/uploads\/2017\/07\/logo_tauro_500x109px.png\",\"width\":500,\"height\":109,\"caption\":\"Tauro Essiccatori\"},\"image\":{\"@id\":\"https:\/\/stor51.tauroessiccatori.com\/#\/schema\/logo\/image\/\"},\"sameAs\":[\"https:\/\/www.facebook.com\/TauroEssiccatori\/\",\"https:\/\/www.instagram.com\/tauro_essiccatori\/\",\"https:\/\/it.linkedin.com\/company\/tauro-essiccatori\",\"https:\/\/www.youtube.com\/user\/tauroessiccatori\"]}]}<\/script>\n<!-- \/ Yoast SEO plugin. -->","yoast_head_json":{"title":"Mandolina Borner V5 PowerLine - Tauro Essiccatori","robots":{"index":"noindex","follow":"follow","max-snippet":"max-snippet:-1","max-image-preview":"max-image-preview:large","max-video-preview":"max-video-preview:-1"},"og_locale":"es_ES","og_type":"article","og_title":"Mandolina Borner V5 PowerLine - Tauro Essiccatori","og_description":"Metti un BIOSEC sotto l'Albero. SCOPRI QUI le promozioni di Natale! Gli sconti Black Friday sono qui! \u00a0 Clicca\u00a0per\u00a0non perderli \u2192 Imbattibile in velocit\u00e0 e precisione nella preparazione di fette, bastoncini, strisce e cubetti di verdure fresche e frutta. Allo stesso tempo sicura e facile da usare grazie al dispositivo di sicurezza alimentare incluso. Questo [&hellip;]","og_url":"https:\/\/stor51.tauroessiccatori.com\/es\/p\/mandolina-v5-sistema-de-arranque-de-linea-electrica\/","og_site_name":"Tauro Essiccatori","article_publisher":"https:\/\/www.facebook.com\/TauroEssiccatori\/","article_modified_time":"2023-05-16T09:11:25+00:00","og_image":[{"width":1210,"height":750,"url":"https:\/\/stor51.tauroessiccatori.com\/wp-assets\/uploads\/2019\/08\/mandolina-green.jpg","type":"image\/jpeg"}],"twitter_card":"summary_large_image","twitter_misc":{"Est. reading time":"1 minuto"},"schema":{"@context":"https:\/\/schema.org","@graph":[{"@type":"WebPage","@id":"https:\/\/stor51.tauroessiccatori.com\/p\/mandolina-v5-powerline-starter-set\/","url":"https:\/\/stor51.tauroessiccatori.com\/p\/mandolina-v5-powerline-starter-set\/","name":"Mandolina Borner V5 PowerLine - Tauro Essiccatori","isPartOf":{"@id":"https:\/\/stor51.tauroessiccatori.com\/#website"},"datePublished":"2019-08-01T15:53:48+00:00","dateModified":"2023-05-16T09:11:25+00:00","breadcrumb":{"@id":"https:\/\/stor51.tauroessiccatori.com\/p\/mandolina-v5-powerline-starter-set\/#breadcrumb"},"inLanguage":"es","potentialAction":[{"@type":"ReadAction","target":["https:\/\/stor51.tauroessiccatori.com\/p\/mandolina-v5-powerline-starter-set\/"]}]},{"@type":"BreadcrumbList","@id":"https:\/\/stor51.tauroessiccatori.com\/p\/mandolina-v5-powerline-starter-set\/#breadcrumb","itemListElement":[{"@type":"ListItem","position":1,"name":"Home","item":"https:\/\/stor51.tauroessiccatori.com\/"},{"@type":"ListItem","position":2,"name":"Shop","item":"https:\/\/stor51.tauroessiccatori.com\/negozio\/"},{"@type":"ListItem","position":3,"name":"Mandolina Borner V5 PowerLine"}]},{"@type":"WebSite","@id":"https:\/\/stor51.tauroessiccatori.com\/#website","url":"https:\/\/stor51.tauroessiccatori.com\/","name":"Tauro Essiccatori","description":"Welcome to Tauro Essiccatori online shop","publisher":{"@id":"https:\/\/stor51.tauroessiccatori.com\/#organization"},"potentialAction":[{"@type":"SearchAction","target":{"@type":"EntryPoint","urlTemplate":"https:\/\/stor51.tauroessiccatori.com\/?s={search_term_string}"},"query-input":"required name=search_term_string"}],"inLanguage":"es"},{"@type":"Organization","@id":"https:\/\/stor51.tauroessiccatori.com\/#organization","name":"Tauro Essiccatori","url":"https:\/\/stor51.tauroessiccatori.com\/","logo":{"@type":"ImageObject","inLanguage":"es","@id":"https:\/\/stor51.tauroessiccatori.com\/#\/schema\/logo\/image\/","url":"https:\/\/www.tauroessiccatori.com\/wp-assets\/uploads\/2017\/07\/logo_tauro_500x109px.png","contentUrl":"https:\/\/www.tauroessiccatori.com\/wp-assets\/uploads\/2017\/07\/logo_tauro_500x109px.png","width":500,"height":109,"caption":"Tauro Essiccatori"},"image":{"@id":"https:\/\/stor51.tauroessiccatori.com\/#\/schema\/logo\/image\/"},"sameAs":["https:\/\/www.facebook.com\/TauroEssiccatori\/","https:\/\/www.instagram.com\/tauro_essiccatori\/","https:\/\/it.linkedin.com\/company\/tauro-essiccatori","https:\/\/www.youtube.com\/user\/tauroessiccatori"]}]}},"_links":{"self":[{"href":"https:\/\/stor51.tauroessiccatori.com\/es\/wp-json\/wp\/v2\/product\/3657"}],"collection":[{"href":"https:\/\/stor51.tauroessiccatori.com\/es\/wp-json\/wp\/v2\/product"}],"about":[{"href":"https:\/\/stor51.tauroessiccatori.com\/es\/wp-json\/wp\/v2\/types\/product"}],"replies":[{"embeddable":true,"href":"https:\/\/stor51.tauroessiccatori.com\/es\/wp-json\/wp\/v2\/comments?post=3657"}],"wp:featuredmedia":[{"embeddable":true,"href":"https:\/\/stor51.tauroessiccatori.com\/es\/wp-json\/wp\/v2\/media\/3675"}],"wp:attachment":[{"href":"https:\/\/stor51.tauroessiccatori.com\/es\/wp-json\/wp\/v2\/media?parent=3657"}],"wp:term":[{"taxonomy":"product_cat","embeddable":true,"href":"https:\/\/stor51.tauroessiccatori.com\/es\/wp-json\/wp\/v2\/product_cat?post=3657"},{"taxonomy":"product_tag","embeddable":true,"href":"https:\/\/stor51.tauroessiccatori.com\/es\/wp-json\/wp\/v2\/product_tag?post=3657"}],"curies":[{"name":"wp","href":"https:\/\/api.w.org\/{rel}","templated":true}]}}