


{"id":1894,"date":"2018-03-26T16:35:43","date_gmt":"2018-03-26T14:35:43","guid":{"rendered":"http:\/\/store.tauroessiccatori.com\/?post_type=product&#038;p=1894\/"},"modified":"2023-06-08T12:19:36","modified_gmt":"2023-06-08T10:19:36","slug":"biosec-de-luxe-b12","status":"publish","type":"product","link":"https:\/\/stor51.tauroessiccatori.com\/es\/p\/biosec-de-luxe-b12\/","title":{"rendered":"Biosec De Luxe B12"},"content":{"rendered":"<div class=\"tauro-banners\"><div class=\"banner-00\" style=\"background-color: #852035\">\r\n<div class=\"ix-xmas-box-other\" style=\"font-size: 18px;padding: 7px 0;margin: 0 auto 0px auto\" align=\"center\"><b style=\"color: #fff;font-size: 18px\">Pon un BIOSEC debajo del \u00c1rbol. <a style=\"color: #f8cc89;font-weight: bold;text-decoration: none;font-size: 18px\" href=\"https:\/\/www.tauroessiccatori.com\/christmas-2024\/\">DESC\u00daBRALO AQU\u00cd<\/a> Promociones navide\u00f1as<\/b><\/div>\r\n<\/div><div class=\"banner-00\" style=\"background-color: #000\">\r\n<div class=\"ix-xmas-box-other\" style=\"font-size: 18px;padding: 7px 0;margin: 0 auto 0px auto\" align=\"center\"><b style=\"color: #fff\"> Ya est\u00e1n aqu\u00ed los descuentos del Black Friday \u00a0 <a style=\"color: #f77209;font-weight: bold;text-decoration: none\" href=\"https:\/\/www.tauroessiccatori.com\/black-friday-2024\/\"> Haz clic para no perd\u00e9rtelos \u2192 <\/a>\r\n<\/b><\/div>\r\n<\/div><\/div><div><strong>Descripci\u00f3n:<\/strong>Biosec De Luxe B12 es el tope de la gama Biosec.<br \/>\nEl t\u00fanel y las 12 cestas de acero inoxidable garantizan la m\u00e1xima capacidad y robustez.<br \/>\nUn secador dedicado a los profesionales y a los que quieren poseer lo mejor. Cuando ponga en marcha el motor DrySet Pro, explotar\u00e1 al m\u00e1ximo su potencia secando un t\u00fanel lleno de producto del tama\u00f1o del Biosec De Luxe B6: \u00a1el tiempo no se alarga! Obtendr\u00e1 el doble de producto con la misma calidad e id\u00e9ntico coste energ\u00e9tico. No olvide invertir la posici\u00f3n del motor hacia la mitad del ciclo de secado para que el aparato trabaje de forma homog\u00e9nea y le proporcione al mismo tiempo alimentos secos listos para consumir.<\/div>\n<div>\n<p><strong>Caracter\u00edsticas t\u00e9cnicas:<\/strong><\/p>\n<ul>\n<li>\u00a0t\u00fanel de secado de acero inoxidable<\/li>\n<li>\u00a012 cestas de acero inoxidable<\/li>\n<li>\u00a0potencia m\u00e1xima 550 W<\/li>\n<li>\u00a0dimensiones externas 27x27x82 cm<\/li>\n<li>&nbsp;dimensiones de la cesta 23,5x35x1,2 cm cada una<\/li>\n<li>\u00a0capacidad aproximada de 5\/7 kg<\/li>\n<li>\u00a0100% Hecho en Italia<\/li>\n<\/ul>\n<\/div>\n<div>\n<p><strong>Contenido del paquete:<\/strong><\/p>\n<div>\n<ul>\n<li>\u00a0motor con sistema electr\u00f3nico Dryset Pro<\/li>\n<li>\u00a0t\u00fanel de secado de acero inoxidable<\/li>\n<li>\u00a012 cestas de acero inoxidable<\/li>\n<li>\u00a0manual de uso y gu\u00eda de secado<\/li>\n<li>\u00a01 hoja antiadherente DrySilk<\/li>\n<\/ul>\n<\/div>\n<\/div>\n<p><a class=\"prod-guarantee-link\" href=\"http:\/\/www.tauroessiccatori.com\/garanzia\/\"><strong>Garant\u00eda de 24 meses, ampliable a 36 registrando el producto<\/strong><\/a><\/p>\n<p>&nbsp;<\/p>","protected":false},"excerpt":{"rendered":"<p>Metti un BIOSEC sotto l&#8217;Albero. SCOPRI QUI le promozioni di Natale! Gli sconti Black Friday sono qui! \u00a0 Clicca\u00a0per\u00a0non perderli \u2192 Descrizione:Biosec De Luxe B12 \u00e8 il top della gamma Biosec. Tunnel e 12 cestelli in acciaio inox garantiscono la massima capienza e robustezza. Un essiccatore dedicato ai professionisti e a chi desidera possedere il [&hellip;]<\/p>","protected":false},"featured_media":872,"comment_status":"closed","ping_status":"closed","template":"","meta":[],"product_cat":[193],"product_tag":[],"class_list":["post-1894","product","type-product","status-publish","has-post-thumbnail","hentry","product_cat-essiccatori-domestici"],"acf":[],"yoast_head":"<!-- This site is optimized with the Yoast SEO plugin v20.10 - https:\/\/yoast.com\/wordpress\/plugins\/seo\/ -->\n<title>Essiccatore domestico Biosec De Luxe B12 - Tauro Essiccatori<\/title>\n<meta name=\"description\" content=\"Il Biosec De Luxe con 12 cestelli \u00e8 il modello di punta della gamma Biosec, per la massima professionalit\u00e0 e capienza tutta in acciaio inox.\" \/>\n<meta name=\"robots\" content=\"noindex, follow, max-snippet:-1, max-image-preview:large, max-video-preview:-1\" \/>\n<meta property=\"og:locale\" content=\"es_ES\" \/>\n<meta property=\"og:type\" content=\"article\" \/>\n<meta property=\"og:title\" content=\"Essiccatore domestico Biosec De Luxe B12 - Tauro Essiccatori\" \/>\n<meta property=\"og:description\" content=\"Il Biosec De Luxe con 12 cestelli \u00e8 il modello di punta della gamma Biosec, per la massima professionalit\u00e0 e capienza tutta in acciaio inox.\" \/>\n<meta property=\"og:url\" content=\"https:\/\/stor51.tauroessiccatori.com\/es\/p\/biosec-de-luxe-b12\/\" \/>\n<meta property=\"og:site_name\" content=\"Tauro Essiccatori\" \/>\n<meta property=\"article:publisher\" content=\"https:\/\/www.facebook.com\/TauroEssiccatori\/\" \/>\n<meta property=\"article:modified_time\" content=\"2023-06-08T10:19:36+00:00\" \/>\n<meta property=\"og:image\" content=\"https:\/\/stor51.tauroessiccatori.com\/wp-assets\/uploads\/2017\/04\/de_luxe_b12_posteriore.jpg\" \/>\n\t<meta property=\"og:image:width\" content=\"2048\" \/>\n\t<meta property=\"og:image:height\" content=\"1266\" \/>\n\t<meta property=\"og:image:type\" content=\"image\/jpeg\" \/>\n<meta name=\"twitter:card\" content=\"summary_large_image\" \/>\n<meta name=\"twitter:label1\" content=\"Est. reading time\" \/>\n\t<meta name=\"twitter:data1\" content=\"1 minuto\" \/>\n<script type=\"application\/ld+json\" class=\"yoast-schema-graph\">{\"@context\":\"https:\/\/schema.org\",\"@graph\":[{\"@type\":\"WebPage\",\"@id\":\"https:\/\/stor51.tauroessiccatori.com\/p\/biosec-de-luxe-b12\/\",\"url\":\"https:\/\/stor51.tauroessiccatori.com\/p\/biosec-de-luxe-b12\/\",\"name\":\"Essiccatore domestico Biosec De Luxe B12 - Tauro Essiccatori\",\"isPartOf\":{\"@id\":\"https:\/\/stor51.tauroessiccatori.com\/#website\"},\"datePublished\":\"2018-03-26T14:35:43+00:00\",\"dateModified\":\"2023-06-08T10:19:36+00:00\",\"description\":\"Il Biosec De Luxe con 12 cestelli \u00e8 il modello di punta della gamma Biosec, per la massima professionalit\u00e0 e capienza tutta in acciaio inox.\",\"breadcrumb\":{\"@id\":\"https:\/\/stor51.tauroessiccatori.com\/p\/biosec-de-luxe-b12\/#breadcrumb\"},\"inLanguage\":\"es\",\"potentialAction\":[{\"@type\":\"ReadAction\",\"target\":[\"https:\/\/stor51.tauroessiccatori.com\/p\/biosec-de-luxe-b12\/\"]}]},{\"@type\":\"BreadcrumbList\",\"@id\":\"https:\/\/stor51.tauroessiccatori.com\/p\/biosec-de-luxe-b12\/#breadcrumb\",\"itemListElement\":[{\"@type\":\"ListItem\",\"position\":1,\"name\":\"Home\",\"item\":\"https:\/\/stor51.tauroessiccatori.com\/\"},{\"@type\":\"ListItem\",\"position\":2,\"name\":\"Shop\",\"item\":\"https:\/\/stor51.tauroessiccatori.com\/negozio\/\"},{\"@type\":\"ListItem\",\"position\":3,\"name\":\"Biosec De Luxe B12\"}]},{\"@type\":\"WebSite\",\"@id\":\"https:\/\/stor51.tauroessiccatori.com\/#website\",\"url\":\"https:\/\/stor51.tauroessiccatori.com\/\",\"name\":\"Tauro Essiccatori\",\"description\":\"Welcome to Tauro Essiccatori online shop\",\"publisher\":{\"@id\":\"https:\/\/stor51.tauroessiccatori.com\/#organization\"},\"potentialAction\":[{\"@type\":\"SearchAction\",\"target\":{\"@type\":\"EntryPoint\",\"urlTemplate\":\"https:\/\/stor51.tauroessiccatori.com\/?s={search_term_string}\"},\"query-input\":\"required name=search_term_string\"}],\"inLanguage\":\"es\"},{\"@type\":\"Organization\",\"@id\":\"https:\/\/stor51.tauroessiccatori.com\/#organization\",\"name\":\"Tauro Essiccatori\",\"url\":\"https:\/\/stor51.tauroessiccatori.com\/\",\"logo\":{\"@type\":\"ImageObject\",\"inLanguage\":\"es\",\"@id\":\"https:\/\/stor51.tauroessiccatori.com\/#\/schema\/logo\/image\/\",\"url\":\"https:\/\/www.tauroessiccatori.com\/wp-assets\/uploads\/2017\/07\/logo_tauro_500x109px.png\",\"contentUrl\":\"https:\/\/www.tauroessiccatori.com\/wp-assets\/uploads\/2017\/07\/logo_tauro_500x109px.png\",\"width\":500,\"height\":109,\"caption\":\"Tauro Essiccatori\"},\"image\":{\"@id\":\"https:\/\/stor51.tauroessiccatori.com\/#\/schema\/logo\/image\/\"},\"sameAs\":[\"https:\/\/www.facebook.com\/TauroEssiccatori\/\",\"https:\/\/www.instagram.com\/tauro_essiccatori\/\",\"https:\/\/it.linkedin.com\/company\/tauro-essiccatori\",\"https:\/\/www.youtube.com\/user\/tauroessiccatori\"]}]}<\/script>\n<!-- \/ Yoast SEO plugin. -->","yoast_head_json":{"title":"Essiccatore domestico Biosec De Luxe B12 - Tauro Essiccatori","description":"Il Biosec De Luxe con 12 cestelli \u00e8 il modello di punta della gamma Biosec, per la massima professionalit\u00e0 e capienza tutta in acciaio inox.","robots":{"index":"noindex","follow":"follow","max-snippet":"max-snippet:-1","max-image-preview":"max-image-preview:large","max-video-preview":"max-video-preview:-1"},"og_locale":"es_ES","og_type":"article","og_title":"Essiccatore domestico Biosec De Luxe B12 - Tauro Essiccatori","og_description":"Il Biosec De Luxe con 12 cestelli \u00e8 il modello di punta della gamma Biosec, per la massima professionalit\u00e0 e capienza tutta in acciaio inox.","og_url":"https:\/\/stor51.tauroessiccatori.com\/es\/p\/biosec-de-luxe-b12\/","og_site_name":"Tauro Essiccatori","article_publisher":"https:\/\/www.facebook.com\/TauroEssiccatori\/","article_modified_time":"2023-06-08T10:19:36+00:00","og_image":[{"width":2048,"height":1266,"url":"https:\/\/stor51.tauroessiccatori.com\/wp-assets\/uploads\/2017\/04\/de_luxe_b12_posteriore.jpg","type":"image\/jpeg"}],"twitter_card":"summary_large_image","twitter_misc":{"Est. reading time":"1 minuto"},"schema":{"@context":"https:\/\/schema.org","@graph":[{"@type":"WebPage","@id":"https:\/\/stor51.tauroessiccatori.com\/p\/biosec-de-luxe-b12\/","url":"https:\/\/stor51.tauroessiccatori.com\/p\/biosec-de-luxe-b12\/","name":"Essiccatore domestico Biosec De Luxe B12 - Tauro Essiccatori","isPartOf":{"@id":"https:\/\/stor51.tauroessiccatori.com\/#website"},"datePublished":"2018-03-26T14:35:43+00:00","dateModified":"2023-06-08T10:19:36+00:00","description":"Il Biosec De Luxe con 12 cestelli \u00e8 il modello di punta della gamma Biosec, per la massima professionalit\u00e0 e capienza tutta in acciaio inox.","breadcrumb":{"@id":"https:\/\/stor51.tauroessiccatori.com\/p\/biosec-de-luxe-b12\/#breadcrumb"},"inLanguage":"es","potentialAction":[{"@type":"ReadAction","target":["https:\/\/stor51.tauroessiccatori.com\/p\/biosec-de-luxe-b12\/"]}]},{"@type":"BreadcrumbList","@id":"https:\/\/stor51.tauroessiccatori.com\/p\/biosec-de-luxe-b12\/#breadcrumb","itemListElement":[{"@type":"ListItem","position":1,"name":"Home","item":"https:\/\/stor51.tauroessiccatori.com\/"},{"@type":"ListItem","position":2,"name":"Shop","item":"https:\/\/stor51.tauroessiccatori.com\/negozio\/"},{"@type":"ListItem","position":3,"name":"Biosec De Luxe B12"}]},{"@type":"WebSite","@id":"https:\/\/stor51.tauroessiccatori.com\/#website","url":"https:\/\/stor51.tauroessiccatori.com\/","name":"Tauro Essiccatori","description":"Welcome to Tauro Essiccatori online shop","publisher":{"@id":"https:\/\/stor51.tauroessiccatori.com\/#organization"},"potentialAction":[{"@type":"SearchAction","target":{"@type":"EntryPoint","urlTemplate":"https:\/\/stor51.tauroessiccatori.com\/?s={search_term_string}"},"query-input":"required name=search_term_string"}],"inLanguage":"es"},{"@type":"Organization","@id":"https:\/\/stor51.tauroessiccatori.com\/#organization","name":"Tauro Essiccatori","url":"https:\/\/stor51.tauroessiccatori.com\/","logo":{"@type":"ImageObject","inLanguage":"es","@id":"https:\/\/stor51.tauroessiccatori.com\/#\/schema\/logo\/image\/","url":"https:\/\/www.tauroessiccatori.com\/wp-assets\/uploads\/2017\/07\/logo_tauro_500x109px.png","contentUrl":"https:\/\/www.tauroessiccatori.com\/wp-assets\/uploads\/2017\/07\/logo_tauro_500x109px.png","width":500,"height":109,"caption":"Tauro Essiccatori"},"image":{"@id":"https:\/\/stor51.tauroessiccatori.com\/#\/schema\/logo\/image\/"},"sameAs":["https:\/\/www.facebook.com\/TauroEssiccatori\/","https:\/\/www.instagram.com\/tauro_essiccatori\/","https:\/\/it.linkedin.com\/company\/tauro-essiccatori","https:\/\/www.youtube.com\/user\/tauroessiccatori"]}]}},"_links":{"self":[{"href":"https:\/\/stor51.tauroessiccatori.com\/es\/wp-json\/wp\/v2\/product\/1894"}],"collection":[{"href":"https:\/\/stor51.tauroessiccatori.com\/es\/wp-json\/wp\/v2\/product"}],"about":[{"href":"https:\/\/stor51.tauroessiccatori.com\/es\/wp-json\/wp\/v2\/types\/product"}],"replies":[{"embeddable":true,"href":"https:\/\/stor51.tauroessiccatori.com\/es\/wp-json\/wp\/v2\/comments?post=1894"}],"wp:featuredmedia":[{"embeddable":true,"href":"https:\/\/stor51.tauroessiccatori.com\/es\/wp-json\/wp\/v2\/media\/872"}],"wp:attachment":[{"href":"https:\/\/stor51.tauroessiccatori.com\/es\/wp-json\/wp\/v2\/media?parent=1894"}],"wp:term":[{"taxonomy":"product_cat","embeddable":true,"href":"https:\/\/stor51.tauroessiccatori.com\/es\/wp-json\/wp\/v2\/product_cat?post=1894"},{"taxonomy":"product_tag","embeddable":true,"href":"https:\/\/stor51.tauroessiccatori.com\/es\/wp-json\/wp\/v2\/product_tag?post=1894"}],"curies":[{"name":"wp","href":"https:\/\/api.w.org\/{rel}","templated":true}]}}