


{"id":112156,"date":"2021-07-16T19:32:22","date_gmt":"2021-07-16T17:32:22","guid":{"rendered":"https:\/\/www.tauroessiccatori.com\/?post_type=product&#038;p=112156\/"},"modified":"2023-05-12T10:53:46","modified_gmt":"2023-05-12T08:53:46","slug":"b-master-twin-xl-tauro-essiccatori-professionali","status":"publish","type":"product","link":"https:\/\/stor51.tauroessiccatori.com\/es\/p\/b-master-twin-xl-secadores-profesionales\/","title":{"rendered":"B.Master TWIN XL"},"content":{"rendered":"<div class=\"tauro-banners\"><div class=\"banner-00\" style=\"background-color: #852035\">\r\n<div class=\"ix-xmas-box-other\" style=\"font-size: 18px;padding: 7px 0;margin: 0 auto 0px auto\" align=\"center\"><b style=\"color: #fff;font-size: 18px\">Pon un BIOSEC debajo del \u00c1rbol. <a style=\"color: #f8cc89;font-weight: bold;text-decoration: none;font-size: 18px\" href=\"https:\/\/www.tauroessiccatori.com\/christmas-2024\/\">DESC\u00daBRALO AQU\u00cd<\/a> Promociones navide\u00f1as<\/b><\/div>\r\n<\/div><div class=\"banner-00\" style=\"background-color: #000\">\r\n<div class=\"ix-xmas-box-other\" style=\"font-size: 18px;padding: 7px 0;margin: 0 auto 0px auto\" align=\"center\"><b style=\"color: #fff\"> Ya est\u00e1n aqu\u00ed los descuentos del Black Friday \u00a0 <a style=\"color: #f77209;font-weight: bold;text-decoration: none\" href=\"https:\/\/www.tauroessiccatori.com\/black-friday-2024\/\"> Haz clic para no perd\u00e9rtelos \u2192 <\/a>\r\n<\/b><\/div>\r\n<\/div><\/div><div>\n<p style=\"text-align: justify\">B.Master TwinXL responde a las necesidades de las peque\u00f1as y medianas empresas de transformaci\u00f3n. Viene equipada de serie con una fuente de calor el\u00e9ctrica de 10,2 kW. El sistema de calefacci\u00f3n el\u00e9ctrica puede complementarse o sustituirse por bater\u00edas de calentamiento de agua para utilizar fuentes de energ\u00eda alternativas. La B.Master Twin tambi\u00e9n tiene una estructura modular, por lo que puede ampliarse con un segundo m\u00f3dulo de secado para aumentar la productividad.<\/p>\n<\/div>\n<p>&nbsp;<\/p>\n<div>\n<p><strong>M\u00f3dulo de ventilaci\u00f3n autom\u00e1tica<\/strong><\/p>\n<p style=\"text-align: justify\">Detecta y elimina de forma aut\u00f3noma el aire saturado de humedad, canaliz\u00e1ndolo hacia el exterior. El sistema proporciona una circulaci\u00f3n de aire optimizada y eficaz, as\u00ed como un control perfecto de la humedad para un secado m\u00e1s eficiente, r\u00e1pido y econ\u00f3mico.<\/p>\n<p><strong>M\u00f3dulo de secado adicional (opcional)<\/strong><\/p>\n<\/div>\n<p>&nbsp;<\/p>\n<div>\n<p style=\"text-align: justify\">Se trata de una c\u00e1mara de secado adicional, conectada directamente a la secadora B.Master, que permite duplicar su capacidad.<\/p>\n<\/div>","protected":false},"excerpt":{"rendered":"<p>Metti un BIOSEC sotto l&#8217;Albero. SCOPRI QUI le promozioni di Natale! Gli sconti Black Friday sono qui! \u00a0 Clicca\u00a0per\u00a0non perderli \u2192 B.Master TwinXL risponde alle esigenze delle piccole\/medie aziende di trasformazione. Nasce dotato di una fonte di calore elettrica da 10,2 kW di serie. Il sistema di riscaldamento elettrico pu\u00f2 essere integrato o sostituito con [&hellip;]<\/p>","protected":false},"featured_media":168042,"comment_status":"closed","ping_status":"closed","template":"","meta":[],"product_cat":[194],"product_tag":[],"class_list":["post-112156","product","type-product","status-publish","has-post-thumbnail","hentry","product_cat-essiccatori-professionali"],"acf":[],"yoast_head":"<!-- This site is optimized with the Yoast SEO plugin v20.10 - https:\/\/yoast.com\/wordpress\/plugins\/seo\/ -->\n<title>B.Master TWIN XL essiccatore professionale per frutta e verdura- Tauro Essiccatori<\/title>\n<meta name=\"description\" content=\"SE VUOI NE VALE TUTTA LA PENA.Ottimizza la superficie del tuo B.Master con il massimo numero di ripiani, fino a 88 per modulo, per un totale di 176 pezzi ed una potenza massima di 15 kW.\" \/>\n<meta name=\"robots\" content=\"noindex, follow, max-snippet:-1, max-image-preview:large, max-video-preview:-1\" \/>\n<meta property=\"og:locale\" content=\"es_ES\" \/>\n<meta property=\"og:type\" content=\"article\" \/>\n<meta property=\"og:title\" content=\"B.Master TWIN XL essiccatore professionale per frutta e verdura- Tauro Essiccatori\" \/>\n<meta property=\"og:description\" content=\"SE VUOI NE VALE TUTTA LA PENA.Ottimizza la superficie del tuo B.Master con il massimo numero di ripiani, fino a 88 per modulo, per un totale di 176 pezzi ed una potenza massima di 15 kW.\" \/>\n<meta property=\"og:url\" content=\"https:\/\/stor51.tauroessiccatori.com\/es\/p\/b-master-twin-xl-secadores-profesionales\/\" \/>\n<meta property=\"og:site_name\" content=\"Tauro Essiccatori\" \/>\n<meta property=\"article:publisher\" content=\"https:\/\/www.facebook.com\/TauroEssiccatori\/\" \/>\n<meta property=\"article:modified_time\" content=\"2023-05-12T08:53:46+00:00\" \/>\n<meta property=\"og:image\" content=\"https:\/\/stor51.tauroessiccatori.com\/wp-assets\/uploads\/2021\/07\/essiccatore_professionale_bmaster-twin-xl-aperto_tauro-essiccatori.jpg\" \/>\n\t<meta property=\"og:image:width\" content=\"1600\" \/>\n\t<meta property=\"og:image:height\" content=\"1266\" \/>\n\t<meta property=\"og:image:type\" content=\"image\/jpeg\" \/>\n<meta name=\"twitter:card\" content=\"summary_large_image\" \/>\n<meta name=\"twitter:label1\" content=\"Est. reading time\" \/>\n\t<meta name=\"twitter:data1\" content=\"1 minuto\" \/>\n<script type=\"application\/ld+json\" class=\"yoast-schema-graph\">{\"@context\":\"https:\/\/schema.org\",\"@graph\":[{\"@type\":\"WebPage\",\"@id\":\"https:\/\/stor51.tauroessiccatori.com\/p\/b-master-twin-xl-tauro-essiccatori-professionali\/\",\"url\":\"https:\/\/stor51.tauroessiccatori.com\/p\/b-master-twin-xl-tauro-essiccatori-professionali\/\",\"name\":\"B.Master TWIN XL essiccatore professionale per frutta e verdura- Tauro Essiccatori\",\"isPartOf\":{\"@id\":\"https:\/\/stor51.tauroessiccatori.com\/#website\"},\"datePublished\":\"2021-07-16T17:32:22+00:00\",\"dateModified\":\"2023-05-12T08:53:46+00:00\",\"description\":\"SE VUOI NE VALE TUTTA LA PENA.Ottimizza la superficie del tuo B.Master con il massimo numero di ripiani, fino a 88 per modulo, per un totale di 176 pezzi ed una potenza massima di 15 kW.\",\"breadcrumb\":{\"@id\":\"https:\/\/stor51.tauroessiccatori.com\/p\/b-master-twin-xl-tauro-essiccatori-professionali\/#breadcrumb\"},\"inLanguage\":\"es\",\"potentialAction\":[{\"@type\":\"ReadAction\",\"target\":[\"https:\/\/stor51.tauroessiccatori.com\/p\/b-master-twin-xl-tauro-essiccatori-professionali\/\"]}]},{\"@type\":\"BreadcrumbList\",\"@id\":\"https:\/\/stor51.tauroessiccatori.com\/p\/b-master-twin-xl-tauro-essiccatori-professionali\/#breadcrumb\",\"itemListElement\":[{\"@type\":\"ListItem\",\"position\":1,\"name\":\"Home\",\"item\":\"https:\/\/stor51.tauroessiccatori.com\/\"},{\"@type\":\"ListItem\",\"position\":2,\"name\":\"Shop\",\"item\":\"https:\/\/stor51.tauroessiccatori.com\/negozio\/\"},{\"@type\":\"ListItem\",\"position\":3,\"name\":\"B.Master TWIN XL\"}]},{\"@type\":\"WebSite\",\"@id\":\"https:\/\/stor51.tauroessiccatori.com\/#website\",\"url\":\"https:\/\/stor51.tauroessiccatori.com\/\",\"name\":\"Tauro Essiccatori\",\"description\":\"Welcome to Tauro Essiccatori online shop\",\"publisher\":{\"@id\":\"https:\/\/stor51.tauroessiccatori.com\/#organization\"},\"potentialAction\":[{\"@type\":\"SearchAction\",\"target\":{\"@type\":\"EntryPoint\",\"urlTemplate\":\"https:\/\/stor51.tauroessiccatori.com\/?s={search_term_string}\"},\"query-input\":\"required name=search_term_string\"}],\"inLanguage\":\"es\"},{\"@type\":\"Organization\",\"@id\":\"https:\/\/stor51.tauroessiccatori.com\/#organization\",\"name\":\"Tauro Essiccatori\",\"url\":\"https:\/\/stor51.tauroessiccatori.com\/\",\"logo\":{\"@type\":\"ImageObject\",\"inLanguage\":\"es\",\"@id\":\"https:\/\/stor51.tauroessiccatori.com\/#\/schema\/logo\/image\/\",\"url\":\"https:\/\/www.tauroessiccatori.com\/wp-assets\/uploads\/2017\/07\/logo_tauro_500x109px.png\",\"contentUrl\":\"https:\/\/www.tauroessiccatori.com\/wp-assets\/uploads\/2017\/07\/logo_tauro_500x109px.png\",\"width\":500,\"height\":109,\"caption\":\"Tauro Essiccatori\"},\"image\":{\"@id\":\"https:\/\/stor51.tauroessiccatori.com\/#\/schema\/logo\/image\/\"},\"sameAs\":[\"https:\/\/www.facebook.com\/TauroEssiccatori\/\",\"https:\/\/www.instagram.com\/tauro_essiccatori\/\",\"https:\/\/it.linkedin.com\/company\/tauro-essiccatori\",\"https:\/\/www.youtube.com\/user\/tauroessiccatori\"]}]}<\/script>\n<!-- \/ Yoast SEO plugin. -->","yoast_head_json":{"title":"B.Master TWIN XL essiccatore professionale per frutta e verdura- Tauro Essiccatori","description":"SE VUOI NE VALE TUTTA LA PENA.Ottimizza la superficie del tuo B.Master con il massimo numero di ripiani, fino a 88 per modulo, per un totale di 176 pezzi ed una potenza massima di 15 kW.","robots":{"index":"noindex","follow":"follow","max-snippet":"max-snippet:-1","max-image-preview":"max-image-preview:large","max-video-preview":"max-video-preview:-1"},"og_locale":"es_ES","og_type":"article","og_title":"B.Master TWIN XL essiccatore professionale per frutta e verdura- Tauro Essiccatori","og_description":"SE VUOI NE VALE TUTTA LA PENA.Ottimizza la superficie del tuo B.Master con il massimo numero di ripiani, fino a 88 per modulo, per un totale di 176 pezzi ed una potenza massima di 15 kW.","og_url":"https:\/\/stor51.tauroessiccatori.com\/es\/p\/b-master-twin-xl-secadores-profesionales\/","og_site_name":"Tauro Essiccatori","article_publisher":"https:\/\/www.facebook.com\/TauroEssiccatori\/","article_modified_time":"2023-05-12T08:53:46+00:00","og_image":[{"width":1600,"height":1266,"url":"https:\/\/stor51.tauroessiccatori.com\/wp-assets\/uploads\/2021\/07\/essiccatore_professionale_bmaster-twin-xl-aperto_tauro-essiccatori.jpg","type":"image\/jpeg"}],"twitter_card":"summary_large_image","twitter_misc":{"Est. reading time":"1 minuto"},"schema":{"@context":"https:\/\/schema.org","@graph":[{"@type":"WebPage","@id":"https:\/\/stor51.tauroessiccatori.com\/p\/b-master-twin-xl-tauro-essiccatori-professionali\/","url":"https:\/\/stor51.tauroessiccatori.com\/p\/b-master-twin-xl-tauro-essiccatori-professionali\/","name":"B.Master TWIN XL essiccatore professionale per frutta e verdura- Tauro Essiccatori","isPartOf":{"@id":"https:\/\/stor51.tauroessiccatori.com\/#website"},"datePublished":"2021-07-16T17:32:22+00:00","dateModified":"2023-05-12T08:53:46+00:00","description":"SE VUOI NE VALE TUTTA LA PENA.Ottimizza la superficie del tuo B.Master con il massimo numero di ripiani, fino a 88 per modulo, per un totale di 176 pezzi ed una potenza massima di 15 kW.","breadcrumb":{"@id":"https:\/\/stor51.tauroessiccatori.com\/p\/b-master-twin-xl-tauro-essiccatori-professionali\/#breadcrumb"},"inLanguage":"es","potentialAction":[{"@type":"ReadAction","target":["https:\/\/stor51.tauroessiccatori.com\/p\/b-master-twin-xl-tauro-essiccatori-professionali\/"]}]},{"@type":"BreadcrumbList","@id":"https:\/\/stor51.tauroessiccatori.com\/p\/b-master-twin-xl-tauro-essiccatori-professionali\/#breadcrumb","itemListElement":[{"@type":"ListItem","position":1,"name":"Home","item":"https:\/\/stor51.tauroessiccatori.com\/"},{"@type":"ListItem","position":2,"name":"Shop","item":"https:\/\/stor51.tauroessiccatori.com\/negozio\/"},{"@type":"ListItem","position":3,"name":"B.Master TWIN XL"}]},{"@type":"WebSite","@id":"https:\/\/stor51.tauroessiccatori.com\/#website","url":"https:\/\/stor51.tauroessiccatori.com\/","name":"Tauro Essiccatori","description":"Welcome to Tauro Essiccatori online shop","publisher":{"@id":"https:\/\/stor51.tauroessiccatori.com\/#organization"},"potentialAction":[{"@type":"SearchAction","target":{"@type":"EntryPoint","urlTemplate":"https:\/\/stor51.tauroessiccatori.com\/?s={search_term_string}"},"query-input":"required name=search_term_string"}],"inLanguage":"es"},{"@type":"Organization","@id":"https:\/\/stor51.tauroessiccatori.com\/#organization","name":"Tauro Essiccatori","url":"https:\/\/stor51.tauroessiccatori.com\/","logo":{"@type":"ImageObject","inLanguage":"es","@id":"https:\/\/stor51.tauroessiccatori.com\/#\/schema\/logo\/image\/","url":"https:\/\/www.tauroessiccatori.com\/wp-assets\/uploads\/2017\/07\/logo_tauro_500x109px.png","contentUrl":"https:\/\/www.tauroessiccatori.com\/wp-assets\/uploads\/2017\/07\/logo_tauro_500x109px.png","width":500,"height":109,"caption":"Tauro Essiccatori"},"image":{"@id":"https:\/\/stor51.tauroessiccatori.com\/#\/schema\/logo\/image\/"},"sameAs":["https:\/\/www.facebook.com\/TauroEssiccatori\/","https:\/\/www.instagram.com\/tauro_essiccatori\/","https:\/\/it.linkedin.com\/company\/tauro-essiccatori","https:\/\/www.youtube.com\/user\/tauroessiccatori"]}]}},"_links":{"self":[{"href":"https:\/\/stor51.tauroessiccatori.com\/es\/wp-json\/wp\/v2\/product\/112156"}],"collection":[{"href":"https:\/\/stor51.tauroessiccatori.com\/es\/wp-json\/wp\/v2\/product"}],"about":[{"href":"https:\/\/stor51.tauroessiccatori.com\/es\/wp-json\/wp\/v2\/types\/product"}],"replies":[{"embeddable":true,"href":"https:\/\/stor51.tauroessiccatori.com\/es\/wp-json\/wp\/v2\/comments?post=112156"}],"wp:featuredmedia":[{"embeddable":true,"href":"https:\/\/stor51.tauroessiccatori.com\/es\/wp-json\/wp\/v2\/media\/168042"}],"wp:attachment":[{"href":"https:\/\/stor51.tauroessiccatori.com\/es\/wp-json\/wp\/v2\/media?parent=112156"}],"wp:term":[{"taxonomy":"product_cat","embeddable":true,"href":"https:\/\/stor51.tauroessiccatori.com\/es\/wp-json\/wp\/v2\/product_cat?post=112156"},{"taxonomy":"product_tag","embeddable":true,"href":"https:\/\/stor51.tauroessiccatori.com\/es\/wp-json\/wp\/v2\/product_tag?post=112156"}],"curies":[{"name":"wp","href":"https:\/\/api.w.org\/{rel}","templated":true}]}}