


{"id":6987,"date":"2019-11-19T18:27:37","date_gmt":"2019-11-19T17:27:37","guid":{"rendered":"https:\/\/www.tauroessiccatori.com\/?page_id=6987\/"},"modified":"2023-05-18T15:15:41","modified_gmt":"2023-05-18T13:15:41","slug":"dove-trovarci","status":"publish","type":"page","link":"https:\/\/stor51.tauroessiccatori.com\/es\/donde-encontrarnos\/","title":{"rendered":"D\u00f3nde encontrarnos"},"content":{"rendered":"<div class=\"tauro-banners\"><div class=\"banner-00\" style=\"background-color: #852035\">\r\n<div class=\"ix-xmas-box-other\" style=\"font-size: 18px;padding: 7px 0;margin: 0 auto 0px auto\" align=\"center\"><b style=\"color: #fff;font-size: 18px\">Pon un BIOSEC debajo del \u00c1rbol. <a style=\"color: #f8cc89;font-weight: bold;text-decoration: none;font-size: 18px\" href=\"https:\/\/www.tauroessiccatori.com\/christmas-2024\/\">DESC\u00daBRALO AQU\u00cd<\/a> Promociones navide\u00f1as<\/b><\/div>\r\n<\/div><div class=\"banner-00\" style=\"background-color: #000\">\r\n<div class=\"ix-xmas-box-other\" style=\"font-size: 18px;padding: 7px 0;margin: 0 auto 0px auto\" align=\"center\"><b style=\"color: #fff\"> Ya est\u00e1n aqu\u00ed los descuentos del Black Friday \u00a0 <a style=\"color: #f77209;font-weight: bold;text-decoration: none\" href=\"https:\/\/www.tauroessiccatori.com\/black-friday-2024\/\"> Haz clic para no perd\u00e9rtelos \u2192 <\/a>\r\n<\/b><\/div>\r\n<\/div><\/div><p>&nbsp;<\/p>\n<div class=\"ix-container-inner\">\n<div class=\"ix-contact-us-container\">\n<div class=\"uk-grid uk-grid-collapse\">\n<div class=\"uk-width-large-1-2\">\n<div class=\"ix-contact-us-left-grid\">\n<p><!-- 2022-08-03 italix: kevin: was: h2 --><\/p>\n<h1 class=\"ix-our-story-title ix-contact-us-where-title ix-h1\" style=\"text-align:left !important;\">D\u00d3NDE ENCONTRARNOS<\/h1>\n<div class=\"ix-contact-us-text\"><iframe loading=\"lazy\" style=\"border: 0;\" frameborder=\"0\" height=\"500\" src=\"https:\/\/www.google.com\/maps\/embed?pb=!1m18!1m12!1m3!1d2796.276769408456!2d11.708417515915723!3d45.50450687910141!2m3!1f0!2f0!3f0!3m2!1i1024!2i768!4f13.1!3m3!1m2!1s0x477f2947319564d5%3A0xd11123b9954264c0!2sTauro%20Essiccatori%20Srl!5e0!3m2!1sit!2sit!4v1575123484362!5m2!1sit!2sit\" width=\"100%\"><\/iframe><\/div>\n<\/div>\n<\/div>\n<div class=\"uk-width-large-1-2\">\n<div class=\"ix-contact-us-left-grid\">\n<div class=\"ix-contact-us-text-right\">\n<div>La nostra sede si trova nel cuore della campagna veneta, tra le province di Padova e Vicenza.<br \/>\nCi trovate a pochi minuti dal casello di Grisignano della A4 Milano-Venezia.<br \/>\nPer permetterci di dedicarvi il tempo e l\u2019attenzione che meritate, saremo lieti di ricevervi esclusivamente su appuntamento.<\/div>\n<div>\n<div class=\"ix-contact-us-voices\">\n<p>Direcci\u00f3n<\/p>\n<div class=\"ix-contact-us-address\">via del Lavoro 6<br \/>\n36043 Camisano Vicentino<\/div>\n<\/div>\n<div class=\"ix-contact-us-voices\">\n<div class=\"ix-contact-us-address\">En caso de necesidad, puede ponerse en contacto con nosotros en los n\u00fameros de tel\u00e9fono de la empresa que figuran a continuaci\u00f3n.<\/div>\n<div class=\"ix-contact-us-address\">La secretar\u00eda funciona de lunes a viernes<\/div>\n<p style=\"font-weight: 500;\">de 8:30 a 12:30. <span style=\"font-weight: 400;\">e<\/span> de 14:30 a 17:30<\/p>\n<\/div>\n<div class=\"ix-contact-us-voices\"><a href=\"telto: 39 0444.719046\">Tel. +39 0444.719046<\/a><\/div>\n<div class=\"ix-contact-us-voices\"><a href=\"telto:0444.412515\">Fax 0444.412515<\/a><\/div>\n<\/div>\n<\/div>\n<\/div>\n<\/div>\n<\/div>\n<\/div>\n<\/div>\n<div class=\"uk-grid uk-grid-medium\" style=\"\">\n<div class=\"uk-width-large-1-2\" style=\"padding-bottom:20px\">\n<div class=\"contattaci-double-box\">\n<h2>Convi\u00e9rtase en distribuidor<\/h2>\n<p style=\"padding-bottom: 20px;\">Convi\u00e9rtase en distribuidor oficial de secadoras Tauro.<\/p>\n<p>   <a class=\"ix-button-orange\" href=\"https:\/\/stor51.tauroessiccatori.com\/es\/trabaje-con-nosotros\/conviertase-en-distribuidor\/\" target=\"_blank\" rel=\"noopener\">contacto con nosotros<\/a><\/div>\n<\/p><\/div>\n<div class=\"uk-width-large-1-2\">\n<div class=\"contattaci-double-box\" style=\"background-color: #feeec099;\">\n<h2>Trabaja con nosotros<\/h2>\n<p style=\"padding-bottom: 20px;\">Solicite trabajar con nosotros<\/p>\n<p>   <a class=\"ix-button-orange\" href=\"https:\/\/stor51.tauroessiccatori.com\/es\/trabaje-con-nosotros\/candida-espontanea\/\" target=\"_blank\" rel=\"noopener\">candidatos<\/a><\/div>\n<\/div><\/div>\n<\/div>\n<style>\n.contattaci-double-box{\n    background-color: #feeec0;\n    padding: 50px;\n    text-align: center;\n}\n<\/style>","protected":false},"excerpt":{"rendered":"<p>Metti un BIOSEC sotto l&#8217;Albero. SCOPRI QUI le promozioni di Natale! Gli sconti Black Friday sono qui! \u00a0 Clicca\u00a0per\u00a0non perderli \u2192 &nbsp; DOVE TROVARCI La nostra sede si trova nel cuore della campagna veneta, tra le province di Padova e Vicenza. Ci trovate a pochi minuti dal casello di Grisignano della A4 Milano-Venezia. Per permetterci [&hellip;]<\/p>","protected":false},"author":1,"featured_media":0,"parent":0,"menu_order":0,"comment_status":"closed","ping_status":"closed","template":"","meta":{"footnotes":""},"tags":[],"class_list":["post-6987","page","type-page","status-publish","hentry"],"acf":[],"yoast_head":"<!-- This site is optimized with the Yoast SEO plugin v20.10 - https:\/\/yoast.com\/wordpress\/plugins\/seo\/ -->\n<title>Dove trovarci - Sede e rivenditori - Tauro Essiccatori<\/title>\n<meta name=\"description\" content=\"Dove comprare l&#039;essiccatore? Passa in sede. O cerca il rivenditore pi\u00f9 vicino: trovi i nostri essiccatori made in Italy in tutta Italia e all&#039;estero\" \/>\n<meta name=\"robots\" content=\"noindex, follow, max-snippet:-1, max-image-preview:large, max-video-preview:-1\" \/>\n<meta property=\"og:locale\" content=\"es_ES\" \/>\n<meta property=\"og:type\" content=\"article\" \/>\n<meta property=\"og:title\" content=\"Dove trovarci - Sede e rivenditori - Tauro Essiccatori\" \/>\n<meta property=\"og:description\" content=\"Dove comprare l&#039;essiccatore? Passa in sede. O cerca il rivenditore pi\u00f9 vicino: trovi i nostri essiccatori made in Italy in tutta Italia e all&#039;estero\" \/>\n<meta property=\"og:url\" content=\"https:\/\/stor51.tauroessiccatori.com\/es\/donde-encontrarnos\/\" \/>\n<meta property=\"og:site_name\" content=\"Tauro Essiccatori\" \/>\n<meta property=\"article:publisher\" content=\"https:\/\/www.facebook.com\/TauroEssiccatori\/\" \/>\n<meta property=\"article:modified_time\" content=\"2023-05-18T13:15:41+00:00\" \/>\n<meta name=\"twitter:card\" content=\"summary_large_image\" \/>\n<meta name=\"twitter:label1\" content=\"Est. reading time\" \/>\n\t<meta name=\"twitter:data1\" content=\"1 minuto\" \/>\n<script type=\"application\/ld+json\" class=\"yoast-schema-graph\">{\"@context\":\"https:\/\/schema.org\",\"@graph\":[{\"@type\":\"WebPage\",\"@id\":\"https:\/\/stor51.tauroessiccatori.com\/dove-trovarci\/\",\"url\":\"https:\/\/stor51.tauroessiccatori.com\/dove-trovarci\/\",\"name\":\"Dove trovarci - Sede e rivenditori - Tauro Essiccatori\",\"isPartOf\":{\"@id\":\"https:\/\/stor51.tauroessiccatori.com\/#website\"},\"datePublished\":\"2019-11-19T17:27:37+00:00\",\"dateModified\":\"2023-05-18T13:15:41+00:00\",\"description\":\"Dove comprare l'essiccatore? Passa in sede. O cerca il rivenditore pi\u00f9 vicino: trovi i nostri essiccatori made in Italy in tutta Italia e all'estero\",\"breadcrumb\":{\"@id\":\"https:\/\/stor51.tauroessiccatori.com\/dove-trovarci\/#breadcrumb\"},\"inLanguage\":\"es\",\"potentialAction\":[{\"@type\":\"ReadAction\",\"target\":[\"https:\/\/stor51.tauroessiccatori.com\/dove-trovarci\/\"]}]},{\"@type\":\"BreadcrumbList\",\"@id\":\"https:\/\/stor51.tauroessiccatori.com\/dove-trovarci\/#breadcrumb\",\"itemListElement\":[{\"@type\":\"ListItem\",\"position\":1,\"name\":\"Home\",\"item\":\"https:\/\/stor51.tauroessiccatori.com\/\"},{\"@type\":\"ListItem\",\"position\":2,\"name\":\"Dove trovarci\"}]},{\"@type\":\"WebSite\",\"@id\":\"https:\/\/stor51.tauroessiccatori.com\/#website\",\"url\":\"https:\/\/stor51.tauroessiccatori.com\/\",\"name\":\"Tauro Essiccatori\",\"description\":\"Welcome to Tauro Essiccatori online shop\",\"publisher\":{\"@id\":\"https:\/\/stor51.tauroessiccatori.com\/#organization\"},\"potentialAction\":[{\"@type\":\"SearchAction\",\"target\":{\"@type\":\"EntryPoint\",\"urlTemplate\":\"https:\/\/stor51.tauroessiccatori.com\/?s={search_term_string}\"},\"query-input\":\"required name=search_term_string\"}],\"inLanguage\":\"es\"},{\"@type\":\"Organization\",\"@id\":\"https:\/\/stor51.tauroessiccatori.com\/#organization\",\"name\":\"Tauro Essiccatori\",\"url\":\"https:\/\/stor51.tauroessiccatori.com\/\",\"logo\":{\"@type\":\"ImageObject\",\"inLanguage\":\"es\",\"@id\":\"https:\/\/stor51.tauroessiccatori.com\/#\/schema\/logo\/image\/\",\"url\":\"https:\/\/www.tauroessiccatori.com\/wp-assets\/uploads\/2017\/07\/logo_tauro_500x109px.png\",\"contentUrl\":\"https:\/\/www.tauroessiccatori.com\/wp-assets\/uploads\/2017\/07\/logo_tauro_500x109px.png\",\"width\":500,\"height\":109,\"caption\":\"Tauro Essiccatori\"},\"image\":{\"@id\":\"https:\/\/stor51.tauroessiccatori.com\/#\/schema\/logo\/image\/\"},\"sameAs\":[\"https:\/\/www.facebook.com\/TauroEssiccatori\/\",\"https:\/\/www.instagram.com\/tauro_essiccatori\/\",\"https:\/\/it.linkedin.com\/company\/tauro-essiccatori\",\"https:\/\/www.youtube.com\/user\/tauroessiccatori\"]}]}<\/script>\n<!-- \/ Yoast SEO plugin. -->","yoast_head_json":{"title":"Dove trovarci - Sede e rivenditori - Tauro Essiccatori","description":"Dove comprare l'essiccatore? Passa in sede. O cerca il rivenditore pi\u00f9 vicino: trovi i nostri essiccatori made in Italy in tutta Italia e all'estero","robots":{"index":"noindex","follow":"follow","max-snippet":"max-snippet:-1","max-image-preview":"max-image-preview:large","max-video-preview":"max-video-preview:-1"},"og_locale":"es_ES","og_type":"article","og_title":"Dove trovarci - Sede e rivenditori - Tauro Essiccatori","og_description":"Dove comprare l'essiccatore? Passa in sede. O cerca il rivenditore pi\u00f9 vicino: trovi i nostri essiccatori made in Italy in tutta Italia e all'estero","og_url":"https:\/\/stor51.tauroessiccatori.com\/es\/donde-encontrarnos\/","og_site_name":"Tauro Essiccatori","article_publisher":"https:\/\/www.facebook.com\/TauroEssiccatori\/","article_modified_time":"2023-05-18T13:15:41+00:00","twitter_card":"summary_large_image","twitter_misc":{"Est. reading time":"1 minuto"},"schema":{"@context":"https:\/\/schema.org","@graph":[{"@type":"WebPage","@id":"https:\/\/stor51.tauroessiccatori.com\/dove-trovarci\/","url":"https:\/\/stor51.tauroessiccatori.com\/dove-trovarci\/","name":"Dove trovarci - Sede e rivenditori - Tauro Essiccatori","isPartOf":{"@id":"https:\/\/stor51.tauroessiccatori.com\/#website"},"datePublished":"2019-11-19T17:27:37+00:00","dateModified":"2023-05-18T13:15:41+00:00","description":"Dove comprare l'essiccatore? Passa in sede. O cerca il rivenditore pi\u00f9 vicino: trovi i nostri essiccatori made in Italy in tutta Italia e all'estero","breadcrumb":{"@id":"https:\/\/stor51.tauroessiccatori.com\/dove-trovarci\/#breadcrumb"},"inLanguage":"es","potentialAction":[{"@type":"ReadAction","target":["https:\/\/stor51.tauroessiccatori.com\/dove-trovarci\/"]}]},{"@type":"BreadcrumbList","@id":"https:\/\/stor51.tauroessiccatori.com\/dove-trovarci\/#breadcrumb","itemListElement":[{"@type":"ListItem","position":1,"name":"Home","item":"https:\/\/stor51.tauroessiccatori.com\/"},{"@type":"ListItem","position":2,"name":"Dove trovarci"}]},{"@type":"WebSite","@id":"https:\/\/stor51.tauroessiccatori.com\/#website","url":"https:\/\/stor51.tauroessiccatori.com\/","name":"Tauro Essiccatori","description":"Welcome to Tauro Essiccatori online shop","publisher":{"@id":"https:\/\/stor51.tauroessiccatori.com\/#organization"},"potentialAction":[{"@type":"SearchAction","target":{"@type":"EntryPoint","urlTemplate":"https:\/\/stor51.tauroessiccatori.com\/?s={search_term_string}"},"query-input":"required name=search_term_string"}],"inLanguage":"es"},{"@type":"Organization","@id":"https:\/\/stor51.tauroessiccatori.com\/#organization","name":"Tauro Essiccatori","url":"https:\/\/stor51.tauroessiccatori.com\/","logo":{"@type":"ImageObject","inLanguage":"es","@id":"https:\/\/stor51.tauroessiccatori.com\/#\/schema\/logo\/image\/","url":"https:\/\/www.tauroessiccatori.com\/wp-assets\/uploads\/2017\/07\/logo_tauro_500x109px.png","contentUrl":"https:\/\/www.tauroessiccatori.com\/wp-assets\/uploads\/2017\/07\/logo_tauro_500x109px.png","width":500,"height":109,"caption":"Tauro Essiccatori"},"image":{"@id":"https:\/\/stor51.tauroessiccatori.com\/#\/schema\/logo\/image\/"},"sameAs":["https:\/\/www.facebook.com\/TauroEssiccatori\/","https:\/\/www.instagram.com\/tauro_essiccatori\/","https:\/\/it.linkedin.com\/company\/tauro-essiccatori","https:\/\/www.youtube.com\/user\/tauroessiccatori"]}]}},"_links":{"self":[{"href":"https:\/\/stor51.tauroessiccatori.com\/es\/wp-json\/wp\/v2\/pages\/6987"}],"collection":[{"href":"https:\/\/stor51.tauroessiccatori.com\/es\/wp-json\/wp\/v2\/pages"}],"about":[{"href":"https:\/\/stor51.tauroessiccatori.com\/es\/wp-json\/wp\/v2\/types\/page"}],"author":[{"embeddable":true,"href":"https:\/\/stor51.tauroessiccatori.com\/es\/wp-json\/wp\/v2\/users\/1"}],"replies":[{"embeddable":true,"href":"https:\/\/stor51.tauroessiccatori.com\/es\/wp-json\/wp\/v2\/comments?post=6987"}],"version-history":[{"count":12,"href":"https:\/\/stor51.tauroessiccatori.com\/es\/wp-json\/wp\/v2\/pages\/6987\/revisions"}],"predecessor-version":[{"id":168193,"href":"https:\/\/stor51.tauroessiccatori.com\/es\/wp-json\/wp\/v2\/pages\/6987\/revisions\/168193"}],"wp:attachment":[{"href":"https:\/\/stor51.tauroessiccatori.com\/es\/wp-json\/wp\/v2\/media?parent=6987"}],"wp:term":[{"taxonomy":"post_tag","embeddable":true,"href":"https:\/\/stor51.tauroessiccatori.com\/es\/wp-json\/wp\/v2\/tags?post=6987"}],"curies":[{"name":"wp","href":"https:\/\/api.w.org\/{rel}","templated":true}]}}