


{"id":5799,"date":"2019-11-02T10:17:00","date_gmt":"2019-11-02T09:17:00","guid":{"rendered":"https:\/\/www.tauroessiccatori.com\/?page_id=5799\/"},"modified":"2023-04-27T11:41:12","modified_gmt":"2023-04-27T09:41:12","slug":"a-casa","status":"publish","type":"page","link":"https:\/\/stor51.tauroessiccatori.com\/es\/inspiraciones\/por-que-secar\/en-casa\/","title":{"rendered":"Por qu\u00e9 secar en casa"},"content":{"rendered":"<div class=\"tauro-banners\"><div class=\"banner-00\" style=\"background-color: #852035\">\r\n<div class=\"ix-xmas-box-other\" style=\"font-size: 18px;padding: 7px 0;margin: 0 auto 0px auto\" align=\"center\"><b style=\"color: #fff;font-size: 18px\">Pon un BIOSEC debajo del \u00c1rbol. <a style=\"color: #f8cc89;font-weight: bold;text-decoration: none;font-size: 18px\" href=\"https:\/\/www.tauroessiccatori.com\/christmas-2024\/\">DESC\u00daBRALO AQU\u00cd<\/a> Promociones navide\u00f1as<\/b><\/div>\r\n<\/div><div class=\"banner-00\" style=\"background-color: #000\">\r\n<div class=\"ix-xmas-box-other\" style=\"font-size: 18px;padding: 7px 0;margin: 0 auto 0px auto\" align=\"center\"><b style=\"color: #fff\"> Ya est\u00e1n aqu\u00ed los descuentos del Black Friday \u00a0 <a style=\"color: #f77209;font-weight: bold;text-decoration: none\" href=\"https:\/\/www.tauroessiccatori.com\/black-friday-2024\/\"> Haz clic para no perd\u00e9rtelos \u2192 <\/a>\r\n<\/b><\/div>\r\n<\/div><\/div><p><!-- 2022-08-03 italix: kevin: was:h2 add:ix-h1--><\/p>\n<h1 class=\"ix-h1\">por qu\u00e9 el secado en casa<\/h1>\n<p><a name=\"approfondimenti\"><\/a><\/p>\n<div class=\"p1 ix-intestazione-azienda\">Ecol\u00f3gico, barato, sano y muy sencillo. Cuatro buenas razones para secarlos y llevar a Biosec a la cocina. Descubra todas las ventajas del secado en casa.<\/div>\n<div style=\"background-color: #ffeebf; margin: 70px 0;\">\n<div class=\"ix-casa-1st-banner\">\n<div class=\"uk-grid uk-grid-medium\">\n<div class=\"uk-width-large-1-3\"><\/div>\n<div class=\"uk-width-large-2-3\">\n<h2 class=\"ix-essiccare-casa-1st-banner-h2\">mil y una ventajas para el secado<\/h2>\n<div class=\"p1 ix-azienda-1st-banner-text\">Ahorro, ecosostenibilidad, kil\u00f3metro cero, estacionalidad, cocina de reciclaje. Descubra la satisfacci\u00f3n de llevar a la mesa platos caseros, sanos, sabrosos pero tambi\u00e9n c\u00f3modos, econ\u00f3micos e inteligentes. \u00a1Todo esto con una secadora!<\/div>\n<\/p><\/div>\n<\/p><\/div>\n<\/p><\/div>\n<\/div>\n<div style=\"background-color: #fad0c3; margin: 70px 0;\">\n<div class=\"ix-casa-2nd-banner\">\n<div class=\"uk-grid uk-grid-medium\">\n<div class=\"uk-width-large-2-3\">\n<h2 class=\"ix-azienda-2nd-banner-h2\">para crear recetas sanas y sabrosas<\/h2>\n<div class=\"p1 ix-azienda-2nd-banner-text\">Ajo, aceite y guindilla, pastillas de caldo caseras, risotto en bolsa listo para usar, pur\u00e9 de patatas... pero tambi\u00e9n merengues, pastas crujientes, chips de verduras y aperitivos de frutas. Hay todo un mundo por descubrir dentro de una secadora. Un mundo org\u00e1nico, ecol\u00f3gico y econ\u00f3mico. Pru\u00e9balo para creerlo.<\/div>\n<\/p><\/div>\n<div class=\"uk-width-large-1-3\"><\/div>\n<\/p><\/div>\n<\/p><\/div>\n<\/div>\n<p><a name=\"clienti\"><\/a><\/p>\n<h2 class=\"ix-h2-azienda\">Insp\u00edrate<\/h2>\n<div class=\"p1 ix-intestazione-azienda\">Insp\u00edrese para crear recetas saludables para la familia, tentempi\u00e9s para los entusiastas del deporte, tentempi\u00e9s para sus amigos de cuatro patas e incluso cosm\u00e9ticos ecol\u00f3gicos.<\/div>\n<div class=\"ix-max-box-medium\">\n<div class=\"uk-grid uk-grid-medium\">\n        <div class=\"uk-width-large-1-3\">\n            <a href=\"https:\/\/www.essiccare.com\/2019\/09\/19\/oggi-pappa-al-pomodoro-secco-e-bello-dentro\/\" target=\"_blank\" class=\"ix-recipes-a\">\n            <img decoding=\"async\"  style=\"width: 100%\" src=\"https:\/\/stor51.tauroessiccatori.com\/wp-assets\/uploads\/2019\/11\/21_pappa_ricetta.jpg\">\n            <div class=\"uk-grid\">\n                <div class=\"uk-width-4-5 uk-width-large-1-1\">\n                    <h3 class=\"ix-home-d-fruit-h3\">\u00a1Hoy pappa al pomodoro! \u00a1El seco es hermoso (por dentro)!<\/h3>\n                    <div class=\"ix-home-d-fruit-underline\"><\/div>\n                    <div class=\"p2 ix-home-d-fruit-txt\">Una sopa de tomate siempre lista en la alacena, \u00a1incluso cuando los tomates de temporada son un recuerdo lejano! Prepar\u00e9moslo con antelaci\u00f3n, gracias a la utilizaci\u00f3n de nuestro Biosec...<\/div>\n                 <\/div>\n                 <div>\n                    <span class=\"ix-arrow-dx\">&gt;<\/span>\n                 <\/div>\n            <\/div>\n            <\/a>\n       <\/div>\n        <div class=\"uk-width-large-1-3\">\n            <a href=\"https:\/\/www.essiccare.com\/2017\/09\/13\/la-granola-superfood-per-pasti-veloci-ma-equilibrati\/\" target=\"_blank\" class=\"ix-recipes-a\">\n            <img decoding=\"async\"  style=\"width: 100%\" src=\"https:\/\/d3uc6ry8rbiyhd.cloudfront.net\/wp-assets\/uploads\/2019\/11\/22_granola_ricetta.jpg\">\n            <div class=\"uk-grid\">\n                <div class=\"uk-width-4-5 uk-width-large-1-1\">\n                    <h3 class=\"ix-home-d-fruit-h3\">La granola con superalimentos para comidas r\u00e1pidas pero equilibradas<\/h3>\n                    <div class=\"ix-home-d-fruit-underline\"><\/div>\n                    <div class=\"p2 ix-home-d-fruit-txt\">C\u00f3mo preparar un superalimento de larga duraci\u00f3n para tenerlo en la despensa en momentos de necesidad y m\u00e1s all\u00e1. La granola energ\u00e9tica es muy pr\u00e1ctica para comer con un yogur y algo de fruta, por ejemplo...<\/div>\n                 <\/div>\n                 <div>\n                    <span class=\"ix-arrow-dx\">&gt;<\/span>\n                 <\/div>\n            <\/div>\n            <\/a>\n       <\/div>\n        <div class=\"uk-width-large-1-3\">\n            <a href=\"https:\/\/www.essiccare.com\/2017\/05\/17\/gallette-essiccate-amaranto-glutenfree\/\" target=\"_blank\" class=\"ix-recipes-a\">\n            <img decoding=\"async\"  style=\"width: 100%\" src=\"https:\/\/d3uc6ry8rbiyhd.cloudfront.net\/wp-assets\/uploads\/2019\/11\/23_gallette_ricetta.jpg\">\n            <div class=\"uk-grid\">\n                <div class=\"uk-width-4-5 uk-width-large-1-1\">\n                    <h3 class=\"ix-home-d-fruit-h3\">Tortas de amaranto secas, nutritivas y sin gluten<\/h3>\n                    <div class=\"ix-home-d-fruit-underline\"><\/div>\n                    <div class=\"p2 ix-home-d-fruit-txt\">Preparamos galletas dulces, que son muy vers\u00e1tiles tanto para el desayuno como para la merienda. En versi\u00f3n salada, con verduras o especias, pueden sustituir al pan o a las galletas en la dieta diaria...<\/div>\n                 <\/div>\n                 <div>\n                    <span class=\"ix-arrow-dx\">&gt;<\/span>\n                 <\/div>\n            <\/div>\n            <\/a>\n       <\/div><\/div>\n<\/div>\n<div class=\"ix-max-box-medium ix-double-box\" style=\"display: none;\">\n<div class=\"uk-grid uk-grid-medium\">\n<div class=\"uk-width-large-1-2\">\n<div class=\"uk-grid uk-grid-collapse\">\n<div class=\"uk-width-1-1 uk-width-large-1-1\"><\/div>\n<div class=\"uk-width-1-1 uk-width-large-1-1\">\n<div class=\"ix-aziente-tauro-grey-container\">\n<div class=\"ix-aziende-tauro-h3\"><\/div>\n<\/p><\/div>\n<\/p><\/div>\n<\/p><\/div>\n<\/p><\/div>\n<div class=\"uk-width-large-1-2\">\n<div class=\"uk-grid uk-grid-collapse\">\n<div class=\"uk-width-1-1 uk-width-large-1-1\">\n<div class=\"ix-aziente-tauro-grey-container\">\n<div class=\"p2 ix-aziende-tauro-txt\"><\/div>\n<\/p><\/div>\n<\/p><\/div>\n<\/p><\/div>\n<\/p><\/div>\n<\/p><\/div>\n<\/div>\n<h2 class=\"ix-h2-azienda\">secadoras dom\u00e9sticas<\/h2>\n<div class=\"p1 ix-intestazione-azienda\">Descubra la l\u00ednea de secadores dise\u00f1ada para su cocina: la tecnolog\u00eda Tauro le garantiza un resultado profesional y toda la sencillez que busca.<\/div>\n<div class=\"ix-container-inner\">\n<div style=\"margin: 90px auto; font-family: Poppins; font-size: 14px;\">\n<div class=\"uk-grid uk-grid-medium\">\n<div class=\"uk-width-large-1-3\">\n<div class=\"ix-icon-container\">\n<div class=\"icon-1\"><img loading=\"lazy\" decoding=\"async\" class=\"alignnone\" style=\"width: 100%;\" src=\"https:\/\/stor2.tauroessiccatori.com\/wp-assets\/uploads\/2019\/09\/img-01.jpg\" alt=\"Secadores de calidad Tauro made in italy\" width=\"443\" height=\"321\" \/><\/div>\n<div class=\"icon-title-1\">\n<h3>30 a\u00f1os de calidad made in Italy<\/h3>\n<p class=\"p2 p-icon-1\">nuestros secadores est\u00e1n hechos a mano, con materias primas italianas, para garantizar su durabilidad, calidad y resistencia<\/p>\n<\/p><\/div>\n<\/p><\/div>\n<\/p><\/div>\n<div class=\"uk-width-large-1-3\">\n<div class=\"ix-icon-container\">\n<div class=\"icon-1\"><img loading=\"lazy\" decoding=\"async\" class=\"alignnone\" style=\"width: 100%;\" src=\"https:\/\/stor2.tauroessiccatori.com\/wp-assets\/uploads\/2019\/09\/img-02.jpg\" alt=\"servicio de atenci\u00f3n al cliente de las secadoras tauro\" width=\"443\" height=\"321\" \/><\/div>\n<div class=\"icon-title-1\">\n<h3>siempre a su disposici\u00f3n<\/h3>\n<p class=\"p2 p-icon-1\">Sea cual sea su necesidad, nuestro servicio de asistencia est\u00e1 siempre dispuesto a ayudarle: s\u00f3lo tiene que llamarnos.<\/p>\n<\/p><\/div>\n<\/p><\/div>\n<\/p><\/div>\n<div class=\"uk-width-large-1-3\">\n<div class=\"ix-icon-container\">\n<div class=\"icon-1\"><img loading=\"lazy\" decoding=\"async\" class=\"alignnone\" style=\"width: 100%;\" src=\"https:\/\/stor2.tauroessiccatori.com\/wp-assets\/uploads\/2019\/09\/img-03.jpg\" alt=\"garant\u00eda de calidad de los secadores tauro\" width=\"443\" height=\"321\" \/><\/div>\n<div class=\"icon-title-1\">\n<h3>toda la garant\u00eda que necesitas<\/h3>\n<p class=\"p2 p-icon-1\">Productos garantizados seg\u00fan la normativa, un a\u00f1o de cobertura adicional gratuita para los productos dom\u00e9sticos<\/p>\n<\/p><\/div>\n<\/p><\/div>\n<\/p><\/div>\n<\/p><\/div>\n<\/p><\/div>\n<\/div>\n<div class=\"ix-max-box-medium ix-essiccare-box-stex-altezze\" style=\"\">\n<div class=\"uk-grid uk-grid-medium\">\n<div class=\"uk-width-large-1-3\">\n         <a href=\"https:\/\/stor51.tauroessiccatori.com\/es\/p\/biosec-domus-b5\/\" class=\"ix-product-perche-essiccare\"><\/p>\n<div style=\"background-color: #f3f3f3; padding-bottom: 40px; border: solid 2px #f3f3f3;\">\n            <img loading=\"lazy\" decoding=\"async\" class=\"alignnone\" style=\"width: 100%;\" src=\"https:\/\/stor51.tauroessiccatori.com\/wp-assets\/uploads\/2019\/11\/domus_b5_02_VMR_7758.jpg\" alt=\"Secador de recetas secas Tauro Biosec Domus B5\" width=\"2048\" height=\"1266\" \/><\/p>\n<h3 style=\"margin-top: 20px; text-align: center;\">Biosec Domus B5<\/h3>\n<div class=\"p5 ix-essiccare-casa-single-product-decription\">Tunnel e 5 cestelli<br \/>\n               en material pl\u00e1stico\n            <\/div>\n<div>\n<p class=\"p4 ix-product-scopri ix-category-link\"><span>descubra<\/span><\/p>\n<\/p><\/div>\n<\/p><\/div>\n<p>         <\/a>\n      <\/div>\n<div class=\"uk-width-large-1-3\">\n         <a href=\"https:\/\/stor51.tauroessiccatori.com\/es\/p\/biosec-plata-b5-s\/\" class=\"ix-product-perche-essiccare\"><\/p>\n<div style=\"background-color: #f3f3f3; padding-bottom: 40px; border: solid 2px #f3f3f3;\">\n            <img loading=\"lazy\" decoding=\"async\" class=\"alignnone\" style=\"width: 100%;\" src=\"https:\/\/stor51.tauroessiccatori.com\/wp-assets\/uploads\/2019\/11\/silver_b5_ambientato.jpg\" alt=\"Recetas del secador Tauro Biosec Silver B5S\" width=\"2048\" height=\"1266\" \/><\/p>\n<h3 style=\"margin-top: 20px; text-align: center;\">Biosec Silver B5-S<\/h3>\n<div class=\"p5 ix-essiccare-casa-single-product-decription\">Tunnel in acciaio 5 cestelli<br \/>\n               en material pl\u00e1stico\n            <\/div>\n<div>\n<p class=\"p4 ix-product-scopri ix-category-link\"><span>descubra<\/span><\/p>\n<\/p><\/div>\n<\/p><\/div>\n<p>         <\/a>\n      <\/div>\n<div class=\"uk-width-large-1-3\">\n         <a href=\"https:\/\/stor51.tauroessiccatori.com\/es\/p\/biosec-de-luxe-b6\/\" class=\"ix-product-perche-essiccare\"><\/p>\n<div style=\"background-color: #f3f3f3; padding-bottom: 40px; border: solid 2px #f3f3f3;\">\n            <img loading=\"lazy\" decoding=\"async\" class=\"alignnone\" style=\"width: 100%;\" src=\"https:\/\/stor51.tauroessiccatori.com\/wp-assets\/uploads\/2019\/11\/de_luxe_b6_ambientato.jpg\" alt=\"Recetas del secador Tauro Biosec DeLuxe B6\" width=\"2048\" height=\"1266\" \/><\/p>\n<h3 style=\"margin-top: 20px; text-align: center;\">Biosec De Luxe B6<\/h3>\n<div class=\"p5 ix-essiccare-casa-single-product-decription\">T\u00fanel y 6 cestas<br \/>\n               acero inoxidable\n            <\/div>\n<div>\n<p class=\"p4 ix-product-scopri ix-category-link\"><span>descubra<\/span><\/p>\n<\/p><\/div>\n<\/p><\/div>\n<p>         <\/a>\n      <\/div>\n<\/p><\/div>\n<\/div>","protected":false},"excerpt":{"rendered":"<p>Metti un BIOSEC sotto l&#8217;Albero. SCOPRI QUI le promozioni di Natale! Gli sconti Black Friday sono qui! \u00a0 Clicca\u00a0per\u00a0non perderli \u2192 perch\u00e9 essiccare in casa Ecologico, economico, sano e semplicissimo. Quattro buone ragioni per farli secchi e portare Biosec in cucina con te. Scopri tutti i vantaggi dell&#8217;essiccazione domestica. mille e uno vantaggi per essiccare [&hellip;]<\/p>","protected":false},"author":1,"featured_media":0,"parent":5794,"menu_order":0,"comment_status":"closed","ping_status":"closed","template":"","meta":{"footnotes":""},"tags":[],"class_list":["post-5799","page","type-page","status-publish","hentry"],"acf":[],"yoast_head":"<!-- This site is optimized with the Yoast SEO plugin v20.10 - https:\/\/yoast.com\/wordpress\/plugins\/seo\/ -->\n<title>Perch\u00e9 essiccare a casa - Sano, ecologico, economico - Tauro Essiccatori<\/title>\n<meta name=\"description\" content=\"Ecologico, economico, sano e semplicissimo. Quattro buone ragioni per portare Biosec in cucina con te. Scopri tutti i vantaggi dell&#039;essiccazione domestica.\" \/>\n<meta name=\"robots\" content=\"noindex, follow, max-snippet:-1, max-image-preview:large, max-video-preview:-1\" \/>\n<meta property=\"og:locale\" content=\"es_ES\" \/>\n<meta property=\"og:type\" content=\"article\" \/>\n<meta property=\"og:title\" content=\"Perch\u00e9 essiccare a casa - Sano, ecologico, economico - Tauro Essiccatori\" \/>\n<meta property=\"og:description\" content=\"Ecologico, economico, sano e semplicissimo. Quattro buone ragioni per portare Biosec in cucina con te. Scopri tutti i vantaggi dell&#039;essiccazione domestica.\" \/>\n<meta property=\"og:url\" content=\"https:\/\/stor51.tauroessiccatori.com\/es\/inspiraciones\/por-que-secar\/en-casa\/\" \/>\n<meta property=\"og:site_name\" content=\"Tauro Essiccatori\" \/>\n<meta property=\"article:publisher\" content=\"https:\/\/www.facebook.com\/TauroEssiccatori\/\" \/>\n<meta property=\"article:modified_time\" content=\"2023-04-27T09:41:12+00:00\" \/>\n<meta property=\"og:image\" content=\"https:\/\/stor2.tauroessiccatori.com\/wp-assets\/uploads\/2019\/09\/img-01.jpg\" \/>\n<meta name=\"twitter:card\" content=\"summary_large_image\" \/>\n<meta name=\"twitter:label1\" content=\"Est. reading time\" \/>\n\t<meta name=\"twitter:data1\" content=\"2 minutos\" \/>\n<script type=\"application\/ld+json\" class=\"yoast-schema-graph\">{\"@context\":\"https:\/\/schema.org\",\"@graph\":[{\"@type\":\"WebPage\",\"@id\":\"https:\/\/stor51.tauroessiccatori.com\/ispirazioni\/perche-essiccare\/a-casa\/\",\"url\":\"https:\/\/stor51.tauroessiccatori.com\/ispirazioni\/perche-essiccare\/a-casa\/\",\"name\":\"Perch\u00e9 essiccare a casa - Sano, ecologico, economico - Tauro Essiccatori\",\"isPartOf\":{\"@id\":\"https:\/\/stor51.tauroessiccatori.com\/#website\"},\"datePublished\":\"2019-11-02T09:17:00+00:00\",\"dateModified\":\"2023-04-27T09:41:12+00:00\",\"description\":\"Ecologico, economico, sano e semplicissimo. Quattro buone ragioni per portare Biosec in cucina con te. Scopri tutti i vantaggi dell'essiccazione domestica.\",\"breadcrumb\":{\"@id\":\"https:\/\/stor51.tauroessiccatori.com\/ispirazioni\/perche-essiccare\/a-casa\/#breadcrumb\"},\"inLanguage\":\"es\",\"potentialAction\":[{\"@type\":\"ReadAction\",\"target\":[\"https:\/\/stor51.tauroessiccatori.com\/ispirazioni\/perche-essiccare\/a-casa\/\"]}]},{\"@type\":\"BreadcrumbList\",\"@id\":\"https:\/\/stor51.tauroessiccatori.com\/ispirazioni\/perche-essiccare\/a-casa\/#breadcrumb\",\"itemListElement\":[{\"@type\":\"ListItem\",\"position\":1,\"name\":\"Home\",\"item\":\"https:\/\/stor51.tauroessiccatori.com\/\"},{\"@type\":\"ListItem\",\"position\":2,\"name\":\"Ispirazioni\",\"item\":\"https:\/\/stor51.tauroessiccatori.com\/ispirazioni\/\"},{\"@type\":\"ListItem\",\"position\":3,\"name\":\"Perch\u00e9 essiccare?\",\"item\":\"https:\/\/stor51.tauroessiccatori.com\/ispirazioni\/perche-essiccare\/\"},{\"@type\":\"ListItem\",\"position\":4,\"name\":\"Perch\u00e9 essiccare a casa\"}]},{\"@type\":\"WebSite\",\"@id\":\"https:\/\/stor51.tauroessiccatori.com\/#website\",\"url\":\"https:\/\/stor51.tauroessiccatori.com\/\",\"name\":\"Tauro Essiccatori\",\"description\":\"Welcome to Tauro Essiccatori online shop\",\"publisher\":{\"@id\":\"https:\/\/stor51.tauroessiccatori.com\/#organization\"},\"potentialAction\":[{\"@type\":\"SearchAction\",\"target\":{\"@type\":\"EntryPoint\",\"urlTemplate\":\"https:\/\/stor51.tauroessiccatori.com\/?s={search_term_string}\"},\"query-input\":\"required name=search_term_string\"}],\"inLanguage\":\"es\"},{\"@type\":\"Organization\",\"@id\":\"https:\/\/stor51.tauroessiccatori.com\/#organization\",\"name\":\"Tauro Essiccatori\",\"url\":\"https:\/\/stor51.tauroessiccatori.com\/\",\"logo\":{\"@type\":\"ImageObject\",\"inLanguage\":\"es\",\"@id\":\"https:\/\/stor51.tauroessiccatori.com\/#\/schema\/logo\/image\/\",\"url\":\"https:\/\/www.tauroessiccatori.com\/wp-assets\/uploads\/2017\/07\/logo_tauro_500x109px.png\",\"contentUrl\":\"https:\/\/www.tauroessiccatori.com\/wp-assets\/uploads\/2017\/07\/logo_tauro_500x109px.png\",\"width\":500,\"height\":109,\"caption\":\"Tauro Essiccatori\"},\"image\":{\"@id\":\"https:\/\/stor51.tauroessiccatori.com\/#\/schema\/logo\/image\/\"},\"sameAs\":[\"https:\/\/www.facebook.com\/TauroEssiccatori\/\",\"https:\/\/www.instagram.com\/tauro_essiccatori\/\",\"https:\/\/it.linkedin.com\/company\/tauro-essiccatori\",\"https:\/\/www.youtube.com\/user\/tauroessiccatori\"]}]}<\/script>\n<!-- \/ Yoast SEO plugin. -->","yoast_head_json":{"title":"Perch\u00e9 essiccare a casa - Sano, ecologico, economico - Tauro Essiccatori","description":"Ecologico, economico, sano e semplicissimo. Quattro buone ragioni per portare Biosec in cucina con te. Scopri tutti i vantaggi dell'essiccazione domestica.","robots":{"index":"noindex","follow":"follow","max-snippet":"max-snippet:-1","max-image-preview":"max-image-preview:large","max-video-preview":"max-video-preview:-1"},"og_locale":"es_ES","og_type":"article","og_title":"Perch\u00e9 essiccare a casa - Sano, ecologico, economico - Tauro Essiccatori","og_description":"Ecologico, economico, sano e semplicissimo. Quattro buone ragioni per portare Biosec in cucina con te. Scopri tutti i vantaggi dell'essiccazione domestica.","og_url":"https:\/\/stor51.tauroessiccatori.com\/es\/inspiraciones\/por-que-secar\/en-casa\/","og_site_name":"Tauro Essiccatori","article_publisher":"https:\/\/www.facebook.com\/TauroEssiccatori\/","article_modified_time":"2023-04-27T09:41:12+00:00","og_image":[{"url":"https:\/\/stor2.tauroessiccatori.com\/wp-assets\/uploads\/2019\/09\/img-01.jpg"}],"twitter_card":"summary_large_image","twitter_misc":{"Est. reading time":"2 minutos"},"schema":{"@context":"https:\/\/schema.org","@graph":[{"@type":"WebPage","@id":"https:\/\/stor51.tauroessiccatori.com\/ispirazioni\/perche-essiccare\/a-casa\/","url":"https:\/\/stor51.tauroessiccatori.com\/ispirazioni\/perche-essiccare\/a-casa\/","name":"Perch\u00e9 essiccare a casa - Sano, ecologico, economico - Tauro Essiccatori","isPartOf":{"@id":"https:\/\/stor51.tauroessiccatori.com\/#website"},"datePublished":"2019-11-02T09:17:00+00:00","dateModified":"2023-04-27T09:41:12+00:00","description":"Ecologico, economico, sano e semplicissimo. Quattro buone ragioni per portare Biosec in cucina con te. Scopri tutti i vantaggi dell'essiccazione domestica.","breadcrumb":{"@id":"https:\/\/stor51.tauroessiccatori.com\/ispirazioni\/perche-essiccare\/a-casa\/#breadcrumb"},"inLanguage":"es","potentialAction":[{"@type":"ReadAction","target":["https:\/\/stor51.tauroessiccatori.com\/ispirazioni\/perche-essiccare\/a-casa\/"]}]},{"@type":"BreadcrumbList","@id":"https:\/\/stor51.tauroessiccatori.com\/ispirazioni\/perche-essiccare\/a-casa\/#breadcrumb","itemListElement":[{"@type":"ListItem","position":1,"name":"Home","item":"https:\/\/stor51.tauroessiccatori.com\/"},{"@type":"ListItem","position":2,"name":"Ispirazioni","item":"https:\/\/stor51.tauroessiccatori.com\/ispirazioni\/"},{"@type":"ListItem","position":3,"name":"Perch\u00e9 essiccare?","item":"https:\/\/stor51.tauroessiccatori.com\/ispirazioni\/perche-essiccare\/"},{"@type":"ListItem","position":4,"name":"Perch\u00e9 essiccare a casa"}]},{"@type":"WebSite","@id":"https:\/\/stor51.tauroessiccatori.com\/#website","url":"https:\/\/stor51.tauroessiccatori.com\/","name":"Tauro Essiccatori","description":"Welcome to Tauro Essiccatori online shop","publisher":{"@id":"https:\/\/stor51.tauroessiccatori.com\/#organization"},"potentialAction":[{"@type":"SearchAction","target":{"@type":"EntryPoint","urlTemplate":"https:\/\/stor51.tauroessiccatori.com\/?s={search_term_string}"},"query-input":"required name=search_term_string"}],"inLanguage":"es"},{"@type":"Organization","@id":"https:\/\/stor51.tauroessiccatori.com\/#organization","name":"Tauro Essiccatori","url":"https:\/\/stor51.tauroessiccatori.com\/","logo":{"@type":"ImageObject","inLanguage":"es","@id":"https:\/\/stor51.tauroessiccatori.com\/#\/schema\/logo\/image\/","url":"https:\/\/www.tauroessiccatori.com\/wp-assets\/uploads\/2017\/07\/logo_tauro_500x109px.png","contentUrl":"https:\/\/www.tauroessiccatori.com\/wp-assets\/uploads\/2017\/07\/logo_tauro_500x109px.png","width":500,"height":109,"caption":"Tauro Essiccatori"},"image":{"@id":"https:\/\/stor51.tauroessiccatori.com\/#\/schema\/logo\/image\/"},"sameAs":["https:\/\/www.facebook.com\/TauroEssiccatori\/","https:\/\/www.instagram.com\/tauro_essiccatori\/","https:\/\/it.linkedin.com\/company\/tauro-essiccatori","https:\/\/www.youtube.com\/user\/tauroessiccatori"]}]}},"_links":{"self":[{"href":"https:\/\/stor51.tauroessiccatori.com\/es\/wp-json\/wp\/v2\/pages\/5799"}],"collection":[{"href":"https:\/\/stor51.tauroessiccatori.com\/es\/wp-json\/wp\/v2\/pages"}],"about":[{"href":"https:\/\/stor51.tauroessiccatori.com\/es\/wp-json\/wp\/v2\/types\/page"}],"author":[{"embeddable":true,"href":"https:\/\/stor51.tauroessiccatori.com\/es\/wp-json\/wp\/v2\/users\/1"}],"replies":[{"embeddable":true,"href":"https:\/\/stor51.tauroessiccatori.com\/es\/wp-json\/wp\/v2\/comments?post=5799"}],"version-history":[{"count":41,"href":"https:\/\/stor51.tauroessiccatori.com\/es\/wp-json\/wp\/v2\/pages\/5799\/revisions"}],"predecessor-version":[{"id":167989,"href":"https:\/\/stor51.tauroessiccatori.com\/es\/wp-json\/wp\/v2\/pages\/5799\/revisions\/167989"}],"up":[{"embeddable":true,"href":"https:\/\/stor51.tauroessiccatori.com\/es\/wp-json\/wp\/v2\/pages\/5794"}],"wp:attachment":[{"href":"https:\/\/stor51.tauroessiccatori.com\/es\/wp-json\/wp\/v2\/media?parent=5799"}],"wp:term":[{"taxonomy":"post_tag","embeddable":true,"href":"https:\/\/stor51.tauroessiccatori.com\/es\/wp-json\/wp\/v2\/tags?post=5799"}],"curies":[{"name":"wp","href":"https:\/\/api.w.org\/{rel}","templated":true}]}}