


{"id":606,"date":"2017-04-10T14:53:47","date_gmt":"2017-04-10T12:53:47","guid":{"rendered":"http:\/\/store.tauroessiccatori.com\/?page_id=606"},"modified":"2022-08-06T17:20:10","modified_gmt":"2022-08-06T15:20:10","slug":"la-nostra-storia-old","status":"publish","type":"page","link":"https:\/\/stor51.tauroessiccatori.com\/en\/our-history-old\/","title":{"rendered":"Our history-old"},"content":{"rendered":"<div class=\"tauro-banners\"><div class=\"banner-00\" style=\"background-color: #852035\">\r\n<div class=\"ix-xmas-box-other\" style=\"font-size: 18px;padding: 7px 0;margin: 0 auto 0px auto\" align=\"center\"><b style=\"color: #fff;font-size: 18px\">Put a BIOSEC under the Tree. <a style=\"color: #f8cc89;font-weight: bold;text-decoration: none;font-size: 18px\" href=\"https:\/\/www.tauroessiccatori.com\/christmas-2024\/\">DISCOVER HERE<\/a> Christmas promotions!<\/b><\/div>\r\n<\/div><div class=\"banner-00\" style=\"background-color: #000\">\r\n<div class=\"ix-xmas-box-other\" style=\"font-size: 18px;padding: 7px 0;margin: 0 auto 0px auto\" align=\"center\"><b style=\"color: #fff\"> Black Friday discounts are here! \u00a0 <a style=\"color: #f77209;font-weight: bold;text-decoration: none\" href=\"https:\/\/www.tauroessiccatori.com\/black-friday-2024\/\"> Click not to miss them \u2192 <\/a>\r\n<\/b><\/div>\r\n<\/div><\/div><p>&nbsp;<\/p>\n<div class=\"ix-container-inner\">\n<div class=\"\">\n<div class=\"\">\n<!-- 2022-08-03 italix: kevin: was:h2 add:ix-h1--><\/p>\n<h1 class=\"ix-our-story-title ix-h1\">WE HAVE ROOTS IN COMMON<\/h1>\n<h3 class=\"ix-our-story-subtitle\">Tauro Essiccatori was born from the passion of people who live nature and the countryside every day with respect, ingenuity and dedication.<\/h3>\n<\/div>\n<div class=\"\">\n<div class=\"uk-grid uk-grid-medium\">\n<div class=\"uk-width-large-1-1\">\n<div class=\"ix-our-story-double-text\">\n<p class=\"ix-our-story-double-text-left\">Tauro Essiccatori nasce nella campagna veneta.<br \/>\nQui sono germogliate le idee per i nostri essiccatori, la mente rivolta a chi con l\u2019agricoltura fa storia e cultura.<br \/>\nI nostri clienti amano la qualit\u00e0 del Made in Italy, la condivisione di valori e tradizioni, l\u2019attenzione e il rispetto per\u00a0l\u2019ambiente, l\u2019uomo e\u00a0i frutti di un duro lavoro.<\/p>\n<\/div>\n<\/div>\n<div class=\"uk-width-large-1-1\">\n<div class=\"ix-our-story-double-text\">\n<p class=\"ix-our-story-double-text-right\">We have always been driven by values that are much talked about today: energy saving, eco-sustainability, food quality and respect for their production cycle. This is where we start every day to design reliable and durable drying systems that can guarantee those who use them the highest quality of the dried product.<\/p>\n<\/div>\n<\/div>\n<\/div>\n<\/div>\n<\/div>\n<\/div>\n<div class=\"ix-our-story-image-sow\"><img loading=\"lazy\" decoding=\"async\" class=\"alignnone\" src=\"https:\/\/stor51.tauroessiccatori.com\/wp-assets\/uploads\/2019\/11\/evoluzione.jpg\" alt=\"growth values tauro design dryers made in italy\" width=\"500\" height=\"274\" \/><\/div>\n<div class=\"ix-container-inner\">\n<div class=\"\">\n<div class=\"\">\n<h2 class=\"ix-our-story-title\">NATURAL EVOLUTION<\/h2>\n<h3 class=\"ix-our-story-subtitle\">From the first prototypes to the Dryset Pro system: thirty years of development.<\/h3>\n<\/div>\n<div class=\"\">\n<div class=\"uk-grid uk-grid-medium\">\n<div class=\"uk-width-large-1-1\">\n<div class=\"ix-our-story-double-text\">\n<p class=\"ix-our-story-double-text-left\">Il primo essiccatore Tauro, che sarebbe diventato Biosec, \u00e8 nato quasi trent\u2019anni fa dall\u2019ingegno e dalla creativit\u00e0 di chi viveva quotidianamente la natura, la campagna, l\u2019orto e il frutteto.<br \/>\nUna passione personale \u00e8 divenuta idea di impresa, con un riscontro immediato e una crescita continua.<br \/>\nEd \u00e8 con quell\u2019idea ben salda in mente che nasce oggi ogni nostro essiccatore.<\/p>\n<\/div>\n<\/div>\n<div class=\"uk-width-large-1-1\">\n<div class=\"ix-our-story-double-text\">\n<p class=\"ix-our-story-double-text-right\">La strada paziente tracciata in questi anni ci ha permesso di diventare un riferimento del settore. Gli anni di ricerca e sviluppo si concretizzano in una gamma di essiccatori che racchiude tutto il nostro sapere.<br \/>\nUn\u2019evoluzione costante, che ci vede ancora oggi progettare gli essiccatori di domani. Sempre con l\u2019attenzione all\u2019evoluzione del prodotto, mantenendo saldi i valori da cui siamo partiti.<\/p>\n<\/div>\n<\/div>\n<\/div>\n<\/div>\n<\/div>\n<\/div>\n<div class=\"ix-our-story-image-sow\"><img loading=\"lazy\" decoding=\"async\" class=\"alignnone\" src=\"https:\/\/stor51.tauroessiccatori.com\/wp-assets\/uploads\/2019\/11\/italia.jpg\" alt=\"veneta made italy dryers\" width=\"500\" height=\"246\" \/><\/div>\n<div class=\"ix-container-inner\">\n<div class=\"\">\n<div class=\"\">\n<h2 class=\"ix-our-story-title\">MADE IN ITALY, INDEED ALMOST KM 0.<\/h2>\n<h3 class=\"ix-our-story-subtitle\">Materie prime, componentistica, partner: tutti vicini a noi.<br \/>\nGaranzia di qualit\u00e0 e di controllo.<\/h3>\n<\/div>\n<div class=\"\">\n<div class=\"uk-grid uk-grid-medium\">\n<div class=\"uk-width-large-1-1\">\n<div class=\"ix-our-story-double-text\">\n<p class=\"ix-our-story-double-text-left\">Tutti i nostri essiccatori nascono nel nostro stabilimento di Camisano Vicentino.<br \/>\nOgni elemento dei nostri essiccatori proviene da fornitori di nostra assoluta fiducia e di provenienza locale: che si tratti di acciaio inox o del nostro sito web, tutto \u00e8 sempre a portata di mano.<\/p>\n<\/div>\n<\/div>\n<div class=\"uk-width-large-1-1\">\n<div class=\"ix-our-story-double-text\">\n<p class=\"ix-our-story-double-text-right\">Abbiamo deciso di lavorare esclusivamente con partner vicini a noi perch\u00e9 ci piace sostenere le realt\u00e0 del territorio e perch\u00e9 crediamo nella collaborazione e nella qualit\u00e0.<br \/>\nUna qualit\u00e0 che da trent\u2019anni si rispecchia in ogni essiccatore che esce dalla nostra produzione.<\/p>\n<\/div>\n<\/div>\n<\/div>\n<\/div>\n<\/div>\n<\/div>\n<div class=\"ix-our-story-video\" style=\"display: none;\">\n<div class=\"wpb_video_widget wpb_content_element vc_clearfix vc_custom_1460020877861 vc_video-aspect-ratio-169 vc_video-el-width-100 vc_video-align-left\">\n<div class=\"wpb_wrapper\">\n<div class=\"wpb_video_wrapper\"><iframe loading=\"lazy\" frameborder=\"0\" height=\"477\" src=\"https:\/\/www.youtube.com\/embed\/b3_bIqcA2CE?feature=oembed\" width=\"100%\"><\/iframe><\/div>\n<\/div>\n<\/div>\n<\/div>","protected":false},"excerpt":{"rendered":"<p>Metti un BIOSEC sotto l&#8217;Albero. SCOPRI QUI le promozioni di Natale! Gli sconti Black Friday sono qui! \u00a0 Clicca\u00a0per\u00a0non perderli \u2192 &nbsp; ABBIAMO LE RADICI IN COMUNE Tauro Essiccatori \u00e8 nata dalla passione di chi tutti i giorni vive la natura e la campagna con rispetto, ingegno e dedizione. Tauro Essiccatori nasce nella campagna veneta. [&hellip;]<\/p>","protected":false},"author":1,"featured_media":0,"parent":0,"menu_order":0,"comment_status":"closed","ping_status":"closed","template":"","meta":{"footnotes":""},"tags":[],"class_list":["post-606","page","type-page","status-publish","hentry"],"acf":[],"yoast_head":"<!-- This site is optimized with the Yoast SEO plugin v20.10 - https:\/\/yoast.com\/wordpress\/plugins\/seo\/ -->\n<title>La nostra storia-old - Abbiamo le radici in comune - Tauro Essiccatori<\/title>\n<meta name=\"description\" content=\"Tauro Essiccatori nasce nella campagna veneta. Qui germogliano le idee per progettare sistemi di essiccazione affidabili, duraturi e 100% made in Italy.\" \/>\n<meta name=\"robots\" content=\"noindex, follow, max-snippet:-1, max-image-preview:large, max-video-preview:-1\" \/>\n<meta property=\"og:locale\" content=\"en_GB\" \/>\n<meta property=\"og:type\" content=\"article\" \/>\n<meta property=\"og:title\" content=\"La nostra storia-old - Abbiamo le radici in comune - Tauro Essiccatori\" \/>\n<meta property=\"og:description\" content=\"Tauro Essiccatori nasce nella campagna veneta. Qui germogliano le idee per progettare sistemi di essiccazione affidabili, duraturi e 100% made in Italy.\" \/>\n<meta property=\"og:url\" content=\"https:\/\/stor51.tauroessiccatori.com\/en\/our-history-old\/\" \/>\n<meta property=\"og:site_name\" content=\"Tauro Essiccatori\" \/>\n<meta property=\"article:publisher\" content=\"https:\/\/www.facebook.com\/TauroEssiccatori\/\" \/>\n<meta property=\"article:modified_time\" content=\"2022-08-06T15:20:10+00:00\" \/>\n<meta property=\"og:image\" content=\"https:\/\/stor51.tauroessiccatori.com\/wp-assets\/uploads\/2019\/11\/evoluzione.jpg\" \/>\n<meta name=\"twitter:card\" content=\"summary_large_image\" \/>\n<meta name=\"twitter:label1\" content=\"Est. reading time\" \/>\n\t<meta name=\"twitter:data1\" content=\"2 minutes\" \/>\n<script type=\"application\/ld+json\" class=\"yoast-schema-graph\">{\"@context\":\"https:\/\/schema.org\",\"@graph\":[{\"@type\":\"WebPage\",\"@id\":\"https:\/\/stor51.tauroessiccatori.com\/la-nostra-storia-old\/\",\"url\":\"https:\/\/stor51.tauroessiccatori.com\/la-nostra-storia-old\/\",\"name\":\"La nostra storia-old - Abbiamo le radici in comune - Tauro Essiccatori\",\"isPartOf\":{\"@id\":\"https:\/\/stor51.tauroessiccatori.com\/#website\"},\"datePublished\":\"2017-04-10T12:53:47+00:00\",\"dateModified\":\"2022-08-06T15:20:10+00:00\",\"description\":\"Tauro Essiccatori nasce nella campagna veneta. Qui germogliano le idee per progettare sistemi di essiccazione affidabili, duraturi e 100% made in Italy.\",\"breadcrumb\":{\"@id\":\"https:\/\/stor51.tauroessiccatori.com\/la-nostra-storia-old\/#breadcrumb\"},\"inLanguage\":\"en-GB\",\"potentialAction\":[{\"@type\":\"ReadAction\",\"target\":[\"https:\/\/stor51.tauroessiccatori.com\/la-nostra-storia-old\/\"]}]},{\"@type\":\"BreadcrumbList\",\"@id\":\"https:\/\/stor51.tauroessiccatori.com\/la-nostra-storia-old\/#breadcrumb\",\"itemListElement\":[{\"@type\":\"ListItem\",\"position\":1,\"name\":\"Home\",\"item\":\"https:\/\/stor51.tauroessiccatori.com\/\"},{\"@type\":\"ListItem\",\"position\":2,\"name\":\"La nostra storia-old\"}]},{\"@type\":\"WebSite\",\"@id\":\"https:\/\/stor51.tauroessiccatori.com\/#website\",\"url\":\"https:\/\/stor51.tauroessiccatori.com\/\",\"name\":\"Tauro Essiccatori\",\"description\":\"Welcome to Tauro Essiccatori online shop\",\"publisher\":{\"@id\":\"https:\/\/stor51.tauroessiccatori.com\/#organization\"},\"potentialAction\":[{\"@type\":\"SearchAction\",\"target\":{\"@type\":\"EntryPoint\",\"urlTemplate\":\"https:\/\/stor51.tauroessiccatori.com\/?s={search_term_string}\"},\"query-input\":\"required name=search_term_string\"}],\"inLanguage\":\"en-GB\"},{\"@type\":\"Organization\",\"@id\":\"https:\/\/stor51.tauroessiccatori.com\/#organization\",\"name\":\"Tauro Essiccatori\",\"url\":\"https:\/\/stor51.tauroessiccatori.com\/\",\"logo\":{\"@type\":\"ImageObject\",\"inLanguage\":\"en-GB\",\"@id\":\"https:\/\/stor51.tauroessiccatori.com\/#\/schema\/logo\/image\/\",\"url\":\"https:\/\/www.tauroessiccatori.com\/wp-assets\/uploads\/2017\/07\/logo_tauro_500x109px.png\",\"contentUrl\":\"https:\/\/www.tauroessiccatori.com\/wp-assets\/uploads\/2017\/07\/logo_tauro_500x109px.png\",\"width\":500,\"height\":109,\"caption\":\"Tauro Essiccatori\"},\"image\":{\"@id\":\"https:\/\/stor51.tauroessiccatori.com\/#\/schema\/logo\/image\/\"},\"sameAs\":[\"https:\/\/www.facebook.com\/TauroEssiccatori\/\",\"https:\/\/www.instagram.com\/tauro_essiccatori\/\",\"https:\/\/it.linkedin.com\/company\/tauro-essiccatori\",\"https:\/\/www.youtube.com\/user\/tauroessiccatori\"]}]}<\/script>\n<!-- \/ Yoast SEO plugin. -->","yoast_head_json":{"title":"La nostra storia-old - Abbiamo le radici in comune - Tauro Essiccatori","description":"Tauro Essiccatori nasce nella campagna veneta. Qui germogliano le idee per progettare sistemi di essiccazione affidabili, duraturi e 100% made in Italy.","robots":{"index":"noindex","follow":"follow","max-snippet":"max-snippet:-1","max-image-preview":"max-image-preview:large","max-video-preview":"max-video-preview:-1"},"og_locale":"en_GB","og_type":"article","og_title":"La nostra storia-old - Abbiamo le radici in comune - Tauro Essiccatori","og_description":"Tauro Essiccatori nasce nella campagna veneta. Qui germogliano le idee per progettare sistemi di essiccazione affidabili, duraturi e 100% made in Italy.","og_url":"https:\/\/stor51.tauroessiccatori.com\/en\/our-history-old\/","og_site_name":"Tauro Essiccatori","article_publisher":"https:\/\/www.facebook.com\/TauroEssiccatori\/","article_modified_time":"2022-08-06T15:20:10+00:00","og_image":[{"url":"https:\/\/stor51.tauroessiccatori.com\/wp-assets\/uploads\/2019\/11\/evoluzione.jpg"}],"twitter_card":"summary_large_image","twitter_misc":{"Est. reading time":"2 minutes"},"schema":{"@context":"https:\/\/schema.org","@graph":[{"@type":"WebPage","@id":"https:\/\/stor51.tauroessiccatori.com\/la-nostra-storia-old\/","url":"https:\/\/stor51.tauroessiccatori.com\/la-nostra-storia-old\/","name":"La nostra storia-old - Abbiamo le radici in comune - Tauro Essiccatori","isPartOf":{"@id":"https:\/\/stor51.tauroessiccatori.com\/#website"},"datePublished":"2017-04-10T12:53:47+00:00","dateModified":"2022-08-06T15:20:10+00:00","description":"Tauro Essiccatori nasce nella campagna veneta. Qui germogliano le idee per progettare sistemi di essiccazione affidabili, duraturi e 100% made in Italy.","breadcrumb":{"@id":"https:\/\/stor51.tauroessiccatori.com\/la-nostra-storia-old\/#breadcrumb"},"inLanguage":"en-GB","potentialAction":[{"@type":"ReadAction","target":["https:\/\/stor51.tauroessiccatori.com\/la-nostra-storia-old\/"]}]},{"@type":"BreadcrumbList","@id":"https:\/\/stor51.tauroessiccatori.com\/la-nostra-storia-old\/#breadcrumb","itemListElement":[{"@type":"ListItem","position":1,"name":"Home","item":"https:\/\/stor51.tauroessiccatori.com\/"},{"@type":"ListItem","position":2,"name":"La nostra storia-old"}]},{"@type":"WebSite","@id":"https:\/\/stor51.tauroessiccatori.com\/#website","url":"https:\/\/stor51.tauroessiccatori.com\/","name":"Tauro Essiccatori","description":"Welcome to Tauro Essiccatori online shop","publisher":{"@id":"https:\/\/stor51.tauroessiccatori.com\/#organization"},"potentialAction":[{"@type":"SearchAction","target":{"@type":"EntryPoint","urlTemplate":"https:\/\/stor51.tauroessiccatori.com\/?s={search_term_string}"},"query-input":"required name=search_term_string"}],"inLanguage":"en-GB"},{"@type":"Organization","@id":"https:\/\/stor51.tauroessiccatori.com\/#organization","name":"Tauro Essiccatori","url":"https:\/\/stor51.tauroessiccatori.com\/","logo":{"@type":"ImageObject","inLanguage":"en-GB","@id":"https:\/\/stor51.tauroessiccatori.com\/#\/schema\/logo\/image\/","url":"https:\/\/www.tauroessiccatori.com\/wp-assets\/uploads\/2017\/07\/logo_tauro_500x109px.png","contentUrl":"https:\/\/www.tauroessiccatori.com\/wp-assets\/uploads\/2017\/07\/logo_tauro_500x109px.png","width":500,"height":109,"caption":"Tauro Essiccatori"},"image":{"@id":"https:\/\/stor51.tauroessiccatori.com\/#\/schema\/logo\/image\/"},"sameAs":["https:\/\/www.facebook.com\/TauroEssiccatori\/","https:\/\/www.instagram.com\/tauro_essiccatori\/","https:\/\/it.linkedin.com\/company\/tauro-essiccatori","https:\/\/www.youtube.com\/user\/tauroessiccatori"]}]}},"_links":{"self":[{"href":"https:\/\/stor51.tauroessiccatori.com\/en\/wp-json\/wp\/v2\/pages\/606"}],"collection":[{"href":"https:\/\/stor51.tauroessiccatori.com\/en\/wp-json\/wp\/v2\/pages"}],"about":[{"href":"https:\/\/stor51.tauroessiccatori.com\/en\/wp-json\/wp\/v2\/types\/page"}],"author":[{"embeddable":true,"href":"https:\/\/stor51.tauroessiccatori.com\/en\/wp-json\/wp\/v2\/users\/1"}],"replies":[{"embeddable":true,"href":"https:\/\/stor51.tauroessiccatori.com\/en\/wp-json\/wp\/v2\/comments?post=606"}],"version-history":[{"count":23,"href":"https:\/\/stor51.tauroessiccatori.com\/en\/wp-json\/wp\/v2\/pages\/606\/revisions"}],"predecessor-version":[{"id":165063,"href":"https:\/\/stor51.tauroessiccatori.com\/en\/wp-json\/wp\/v2\/pages\/606\/revisions\/165063"}],"wp:attachment":[{"href":"https:\/\/stor51.tauroessiccatori.com\/en\/wp-json\/wp\/v2\/media?parent=606"}],"wp:term":[{"taxonomy":"post_tag","embeddable":true,"href":"https:\/\/stor51.tauroessiccatori.com\/en\/wp-json\/wp\/v2\/tags?post=606"}],"curies":[{"name":"wp","href":"https:\/\/api.w.org\/{rel}","templated":true}]}}