


{"id":9294,"date":"2019-11-27T12:00:16","date_gmt":"2019-11-27T11:00:16","guid":{"rendered":"https:\/\/www.tauroessiccatori.com\/?post_type=product&#038;p=9294\/"},"modified":"2023-05-16T11:28:26","modified_gmt":"2023-05-16T09:28:26","slug":"set-3-contenitori-tondi-2","status":"publish","type":"product","link":"https:\/\/stor51.tauroessiccatori.com\/de\/p\/satz-3-behalter-runde-2\/","title":{"rendered":"Satz mit 3 runden Beh\u00e4ltern"},"content":{"rendered":"<div class=\"tauro-banners\"><div class=\"banner-00\" style=\"background-color: #852035\">\r\n<div class=\"ix-xmas-box-other\" style=\"font-size: 18px;padding: 7px 0;margin: 0 auto 0px auto\" align=\"center\"><b style=\"color: #fff;font-size: 18px\">Legen Sie ein BIOSEC unter den Baum. <a style=\"color: #f8cc89;font-weight: bold;text-decoration: none;font-size: 18px\" href=\"https:\/\/www.tauroessiccatori.com\/christmas-2024\/\">HIER ENTDECKEN<\/a> Weihnachts-Aktionen!<\/b><\/div>\r\n<\/div><div class=\"banner-00\" style=\"background-color: #000\">\r\n<div class=\"ix-xmas-box-other\" style=\"font-size: 18px;padding: 7px 0;margin: 0 auto 0px auto\" align=\"center\"><b style=\"color: #fff\"> Die Rabatte zum Schwarzen Freitag sind da! \u00a0 <a style=\"color: #f77209;font-weight: bold;text-decoration: none\" href=\"https:\/\/www.tauroessiccatori.com\/black-friday-2024\/\"> Klicken Sie, um sie nicht zu verpassen \u2192. <\/a>\r\n<\/b><\/div>\r\n<\/div><\/div><p><span style=\"font-weight: 400;\"><strong>BESCHREIBUNG:<\/strong><\/span><\/p>\n<p><span style=\"font-weight: 400;\">Set aus 3 runden Beh\u00e4ltern mit Deckel, Fassungsverm\u00f6gen 3 + 1,5 + 0,75 Liter, ideal f\u00fcr die Aufbewahrung von fl\u00fcssigen oder zerbrechlichen Lebensmitteln in einer Vakuumverpackung. Kann ohne Deckel in der Sp\u00fclmaschine gereinigt werden, ohne Deckel zum Auftauen in der Mikrowelle verwendet werden, im K\u00fchlschrank aufbewahren.<\/span><\/p>\n<p>Die Vakuumkappe verhindert das Austreten von Fl\u00fcssigkeiten und schont die Pumpe der Vakuummaschine. Sie m\u00fcssen mit dem Schlauch verwendet werden, der mit der Magic Vac Vakuummaschine geliefert wird.<\/p>\n<p>Sie sind f\u00fcr den Kontakt mit Lebensmitteln getestet und garantiert frei von Phthalaten und Bisphenolen.<\/p>\n<p>&nbsp;<\/p>\n<p><span style=\"font-weight: 400;\"><strong>EIGENSCHAFTEN:<\/strong><\/span><\/p>\n<p><span style=\"font-weight: 400;\">Abmessungen:<br \/>\n0,75 l - Durchmesser 115 x H\u00f6he 130 mm<br \/>\n1,5 l - Durchmesser 135 x H\u00f6he 180 mm<br \/>\n3 l - Durchmesser 160 x H\u00f6he 240 mm<\/span><\/p>\n<p><span style=\"font-weight: 400;\">Schonende Reinigung ohne Deckel im Geschirrsp\u00fcler<\/span><\/p>\n<p><span style=\"font-weight: 400;\">Auftauen ohne Deckel im Mikrowellenherd<\/span><\/p>\n<p><span style=\"font-weight: 400;\">Schutzkappe f\u00fcr Fl\u00fcssigkeitsansaugung<\/span><\/p>","protected":false},"excerpt":{"rendered":"<p>Metti un BIOSEC sotto l&#8217;Albero. SCOPRI QUI le promozioni di Natale! Gli sconti Black Friday sono qui! \u00a0 Clicca\u00a0per\u00a0non perderli \u2192 DESCRIZIONE: Set di 3 contenitori tondi con coperchio, capienza 3 + 1,5 + 0,75 litri, ideali per mantenere sottovuoto cibi liquidi o fragili. Si pu\u00f2 lavare senza il coperchio in lavastoviglie sul piano superiore, [&hellip;]<\/p>","protected":false},"featured_media":9295,"comment_status":"closed","ping_status":"closed","template":"","meta":[],"product_cat":[276],"product_tag":[],"class_list":["post-9294","product","type-product","status-publish","has-post-thumbnail","hentry","product_cat-sottovuoto"],"acf":[],"yoast_head":"<!-- This site is optimized with the Yoast SEO plugin v20.10 - https:\/\/yoast.com\/wordpress\/plugins\/seo\/ -->\n<title>Set 3 contenitori tondi - Tauro Essiccatori<\/title>\n<meta name=\"robots\" content=\"noindex, follow, max-snippet:-1, max-image-preview:large, max-video-preview:-1\" \/>\n<meta property=\"og:locale\" content=\"de_DE\" \/>\n<meta property=\"og:type\" content=\"article\" \/>\n<meta property=\"og:title\" content=\"Set 3 contenitori tondi - Tauro Essiccatori\" \/>\n<meta property=\"og:description\" content=\"Metti un BIOSEC sotto l&#039;Albero. SCOPRI QUI le promozioni di Natale! Gli sconti Black Friday sono qui! \u00a0 Clicca\u00a0per\u00a0non perderli \u2192 DESCRIZIONE: Set di 3 contenitori tondi con coperchio, capienza 3 + 1,5 + 0,75 litri, ideali per mantenere sottovuoto cibi liquidi o fragili. Si pu\u00f2 lavare senza il coperchio in lavastoviglie sul piano superiore, [&hellip;]\" \/>\n<meta property=\"og:url\" content=\"https:\/\/stor51.tauroessiccatori.com\/de\/p\/satz-3-behalter-runde-2\/\" \/>\n<meta property=\"og:site_name\" content=\"Tauro Essiccatori\" \/>\n<meta property=\"article:publisher\" content=\"https:\/\/www.facebook.com\/TauroEssiccatori\/\" \/>\n<meta property=\"article:modified_time\" content=\"2023-05-16T09:28:26+00:00\" \/>\n<meta property=\"og:image\" content=\"https:\/\/stor51.tauroessiccatori.com\/wp-assets\/uploads\/2019\/11\/MvSetContenitori_RA.jpg\" \/>\n\t<meta property=\"og:image:width\" content=\"2048\" \/>\n\t<meta property=\"og:image:height\" content=\"1266\" \/>\n\t<meta property=\"og:image:type\" content=\"image\/jpeg\" \/>\n<meta name=\"twitter:card\" content=\"summary_large_image\" \/>\n<meta name=\"twitter:label1\" content=\"Est. reading time\" \/>\n\t<meta name=\"twitter:data1\" content=\"1 minute\" \/>\n<script type=\"application\/ld+json\" class=\"yoast-schema-graph\">{\"@context\":\"https:\/\/schema.org\",\"@graph\":[{\"@type\":\"WebPage\",\"@id\":\"https:\/\/stor51.tauroessiccatori.com\/p\/set-3-contenitori-tondi-2\/\",\"url\":\"https:\/\/stor51.tauroessiccatori.com\/p\/set-3-contenitori-tondi-2\/\",\"name\":\"Set 3 contenitori tondi - Tauro Essiccatori\",\"isPartOf\":{\"@id\":\"https:\/\/stor51.tauroessiccatori.com\/#website\"},\"datePublished\":\"2019-11-27T11:00:16+00:00\",\"dateModified\":\"2023-05-16T09:28:26+00:00\",\"breadcrumb\":{\"@id\":\"https:\/\/stor51.tauroessiccatori.com\/p\/set-3-contenitori-tondi-2\/#breadcrumb\"},\"inLanguage\":\"de-DE\",\"potentialAction\":[{\"@type\":\"ReadAction\",\"target\":[\"https:\/\/stor51.tauroessiccatori.com\/p\/set-3-contenitori-tondi-2\/\"]}]},{\"@type\":\"BreadcrumbList\",\"@id\":\"https:\/\/stor51.tauroessiccatori.com\/p\/set-3-contenitori-tondi-2\/#breadcrumb\",\"itemListElement\":[{\"@type\":\"ListItem\",\"position\":1,\"name\":\"Home\",\"item\":\"https:\/\/stor51.tauroessiccatori.com\/\"},{\"@type\":\"ListItem\",\"position\":2,\"name\":\"Shop\",\"item\":\"https:\/\/stor51.tauroessiccatori.com\/negozio\/\"},{\"@type\":\"ListItem\",\"position\":3,\"name\":\"Set 3 contenitori tondi\"}]},{\"@type\":\"WebSite\",\"@id\":\"https:\/\/stor51.tauroessiccatori.com\/#website\",\"url\":\"https:\/\/stor51.tauroessiccatori.com\/\",\"name\":\"Tauro Essiccatori\",\"description\":\"Welcome to Tauro Essiccatori online shop\",\"publisher\":{\"@id\":\"https:\/\/stor51.tauroessiccatori.com\/#organization\"},\"potentialAction\":[{\"@type\":\"SearchAction\",\"target\":{\"@type\":\"EntryPoint\",\"urlTemplate\":\"https:\/\/stor51.tauroessiccatori.com\/?s={search_term_string}\"},\"query-input\":\"required name=search_term_string\"}],\"inLanguage\":\"de-DE\"},{\"@type\":\"Organization\",\"@id\":\"https:\/\/stor51.tauroessiccatori.com\/#organization\",\"name\":\"Tauro Essiccatori\",\"url\":\"https:\/\/stor51.tauroessiccatori.com\/\",\"logo\":{\"@type\":\"ImageObject\",\"inLanguage\":\"de-DE\",\"@id\":\"https:\/\/stor51.tauroessiccatori.com\/#\/schema\/logo\/image\/\",\"url\":\"https:\/\/www.tauroessiccatori.com\/wp-assets\/uploads\/2017\/07\/logo_tauro_500x109px.png\",\"contentUrl\":\"https:\/\/www.tauroessiccatori.com\/wp-assets\/uploads\/2017\/07\/logo_tauro_500x109px.png\",\"width\":500,\"height\":109,\"caption\":\"Tauro Essiccatori\"},\"image\":{\"@id\":\"https:\/\/stor51.tauroessiccatori.com\/#\/schema\/logo\/image\/\"},\"sameAs\":[\"https:\/\/www.facebook.com\/TauroEssiccatori\/\",\"https:\/\/www.instagram.com\/tauro_essiccatori\/\",\"https:\/\/it.linkedin.com\/company\/tauro-essiccatori\",\"https:\/\/www.youtube.com\/user\/tauroessiccatori\"]}]}<\/script>\n<!-- \/ Yoast SEO plugin. -->","yoast_head_json":{"title":"Set 3 contenitori tondi - Tauro Essiccatori","robots":{"index":"noindex","follow":"follow","max-snippet":"max-snippet:-1","max-image-preview":"max-image-preview:large","max-video-preview":"max-video-preview:-1"},"og_locale":"de_DE","og_type":"article","og_title":"Set 3 contenitori tondi - Tauro Essiccatori","og_description":"Metti un BIOSEC sotto l'Albero. SCOPRI QUI le promozioni di Natale! Gli sconti Black Friday sono qui! \u00a0 Clicca\u00a0per\u00a0non perderli \u2192 DESCRIZIONE: Set di 3 contenitori tondi con coperchio, capienza 3 + 1,5 + 0,75 litri, ideali per mantenere sottovuoto cibi liquidi o fragili. Si pu\u00f2 lavare senza il coperchio in lavastoviglie sul piano superiore, [&hellip;]","og_url":"https:\/\/stor51.tauroessiccatori.com\/de\/p\/satz-3-behalter-runde-2\/","og_site_name":"Tauro Essiccatori","article_publisher":"https:\/\/www.facebook.com\/TauroEssiccatori\/","article_modified_time":"2023-05-16T09:28:26+00:00","og_image":[{"width":2048,"height":1266,"url":"https:\/\/stor51.tauroessiccatori.com\/wp-assets\/uploads\/2019\/11\/MvSetContenitori_RA.jpg","type":"image\/jpeg"}],"twitter_card":"summary_large_image","twitter_misc":{"Est. reading time":"1 minute"},"schema":{"@context":"https:\/\/schema.org","@graph":[{"@type":"WebPage","@id":"https:\/\/stor51.tauroessiccatori.com\/p\/set-3-contenitori-tondi-2\/","url":"https:\/\/stor51.tauroessiccatori.com\/p\/set-3-contenitori-tondi-2\/","name":"Set 3 contenitori tondi - Tauro Essiccatori","isPartOf":{"@id":"https:\/\/stor51.tauroessiccatori.com\/#website"},"datePublished":"2019-11-27T11:00:16+00:00","dateModified":"2023-05-16T09:28:26+00:00","breadcrumb":{"@id":"https:\/\/stor51.tauroessiccatori.com\/p\/set-3-contenitori-tondi-2\/#breadcrumb"},"inLanguage":"de-DE","potentialAction":[{"@type":"ReadAction","target":["https:\/\/stor51.tauroessiccatori.com\/p\/set-3-contenitori-tondi-2\/"]}]},{"@type":"BreadcrumbList","@id":"https:\/\/stor51.tauroessiccatori.com\/p\/set-3-contenitori-tondi-2\/#breadcrumb","itemListElement":[{"@type":"ListItem","position":1,"name":"Home","item":"https:\/\/stor51.tauroessiccatori.com\/"},{"@type":"ListItem","position":2,"name":"Shop","item":"https:\/\/stor51.tauroessiccatori.com\/negozio\/"},{"@type":"ListItem","position":3,"name":"Set 3 contenitori tondi"}]},{"@type":"WebSite","@id":"https:\/\/stor51.tauroessiccatori.com\/#website","url":"https:\/\/stor51.tauroessiccatori.com\/","name":"Tauro Essiccatori","description":"Welcome to Tauro Essiccatori online shop","publisher":{"@id":"https:\/\/stor51.tauroessiccatori.com\/#organization"},"potentialAction":[{"@type":"SearchAction","target":{"@type":"EntryPoint","urlTemplate":"https:\/\/stor51.tauroessiccatori.com\/?s={search_term_string}"},"query-input":"required name=search_term_string"}],"inLanguage":"de-DE"},{"@type":"Organization","@id":"https:\/\/stor51.tauroessiccatori.com\/#organization","name":"Tauro Essiccatori","url":"https:\/\/stor51.tauroessiccatori.com\/","logo":{"@type":"ImageObject","inLanguage":"de-DE","@id":"https:\/\/stor51.tauroessiccatori.com\/#\/schema\/logo\/image\/","url":"https:\/\/www.tauroessiccatori.com\/wp-assets\/uploads\/2017\/07\/logo_tauro_500x109px.png","contentUrl":"https:\/\/www.tauroessiccatori.com\/wp-assets\/uploads\/2017\/07\/logo_tauro_500x109px.png","width":500,"height":109,"caption":"Tauro Essiccatori"},"image":{"@id":"https:\/\/stor51.tauroessiccatori.com\/#\/schema\/logo\/image\/"},"sameAs":["https:\/\/www.facebook.com\/TauroEssiccatori\/","https:\/\/www.instagram.com\/tauro_essiccatori\/","https:\/\/it.linkedin.com\/company\/tauro-essiccatori","https:\/\/www.youtube.com\/user\/tauroessiccatori"]}]}},"_links":{"self":[{"href":"https:\/\/stor51.tauroessiccatori.com\/de\/wp-json\/wp\/v2\/product\/9294"}],"collection":[{"href":"https:\/\/stor51.tauroessiccatori.com\/de\/wp-json\/wp\/v2\/product"}],"about":[{"href":"https:\/\/stor51.tauroessiccatori.com\/de\/wp-json\/wp\/v2\/types\/product"}],"replies":[{"embeddable":true,"href":"https:\/\/stor51.tauroessiccatori.com\/de\/wp-json\/wp\/v2\/comments?post=9294"}],"wp:featuredmedia":[{"embeddable":true,"href":"https:\/\/stor51.tauroessiccatori.com\/de\/wp-json\/wp\/v2\/media\/9295"}],"wp:attachment":[{"href":"https:\/\/stor51.tauroessiccatori.com\/de\/wp-json\/wp\/v2\/media?parent=9294"}],"wp:term":[{"taxonomy":"product_cat","embeddable":true,"href":"https:\/\/stor51.tauroessiccatori.com\/de\/wp-json\/wp\/v2\/product_cat?post=9294"},{"taxonomy":"product_tag","embeddable":true,"href":"https:\/\/stor51.tauroessiccatori.com\/de\/wp-json\/wp\/v2\/product_tag?post=9294"}],"curies":[{"name":"wp","href":"https:\/\/api.w.org\/{rel}","templated":true}]}}