


{"id":3657,"date":"2019-08-01T17:53:48","date_gmt":"2019-08-01T15:53:48","guid":{"rendered":"https:\/\/store.tauroessiccatori.com\/?post_type=product&#038;p=3657\/"},"modified":"2023-05-16T11:11:25","modified_gmt":"2023-05-16T09:11:25","slug":"mandolina-v5-powerline-starter-set","status":"publish","type":"product","link":"https:\/\/stor51.tauroessiccatori.com\/de\/p\/mandoline-v5-stromnetz-starter-set\/","title":{"rendered":"Borner V5 PowerLine Mandoline"},"content":{"rendered":"<div class=\"tauro-banners\"><div class=\"banner-00\" style=\"background-color: #852035\">\r\n<div class=\"ix-xmas-box-other\" style=\"font-size: 18px;padding: 7px 0;margin: 0 auto 0px auto\" align=\"center\"><b style=\"color: #fff;font-size: 18px\">Legen Sie ein BIOSEC unter den Baum. <a style=\"color: #f8cc89;font-weight: bold;text-decoration: none;font-size: 18px\" href=\"https:\/\/www.tauroessiccatori.com\/christmas-2024\/\">HIER ENTDECKEN<\/a> Weihnachts-Aktionen!<\/b><\/div>\r\n<\/div><div class=\"banner-00\" style=\"background-color: #000\">\r\n<div class=\"ix-xmas-box-other\" style=\"font-size: 18px;padding: 7px 0;margin: 0 auto 0px auto\" align=\"center\"><b style=\"color: #fff\"> Die Rabatte zum Schwarzen Freitag sind da! \u00a0 <a style=\"color: #f77209;font-weight: bold;text-decoration: none\" href=\"https:\/\/www.tauroessiccatori.com\/black-friday-2024\/\"> Klicken Sie, um sie nicht zu verpassen \u2192. <\/a>\r\n<\/b><\/div>\r\n<\/div><\/div><p style=\"text-align: left\"><span style=\"font-weight: 400\">Unschlagbar in Geschwindigkeit und Pr\u00e4zision bei der Zubereitung von Scheiben, St\u00e4bchen, Streifen und W\u00fcrfeln von frischem Gem\u00fcse und Obst. Gleichzeitig ist er dank der mitgelieferten Lebensmittelsicherheitsvorrichtung sicher und einfach zu bedienen. Dieses Set bietet die Grundausstattung f\u00fcr 10 Schneidevarianten: Sie k\u00f6nnen Scheiben in vier verschiedenen Dicken schneiden, von dicker bis d\u00fcnner, oder gr\u00f6bere oder d\u00fcnnere St\u00e4bchen und W\u00fcrfel. Die Vielseitigkeit des V5 macht die Zubereitung von Salaten, Suppen, Aufl\u00e4ufen und unz\u00e4hligen anderen K\u00f6stlichkeiten zu einem wahren Vergn\u00fcgen.<\/span><\/p>\n<p><span style=\"font-weight: 400\">Zum Reinigen sp\u00fclen Sie die Mandoline und die Klingeneins\u00e4tze einfach unter flie\u00dfendem Wasser ab und schieben dann den Schneideeinsatz bis zur letzten Markierung. Lassen Sie Ihr V5 in der mitgelieferten Einsteckbox trocknen. Die Box bietet auch Platz f\u00fcr die Klingeneins\u00e4tze und der Lebensmittelhalter kann befestigt werden. Das spart Platz und h\u00e4lt alles griffbereit f\u00fcr den n\u00e4chsten Einsatz.<\/span><\/p>\n<p><span style=\"font-weight: 400\">Alle Teile dieses Sets sind lebensmittelecht, frei von BPA, Phthalaten und sch\u00e4dlichen Substanzen.\u00a0<\/span><\/p>\n<p>&nbsp;<\/p>\n<p><strong>TECHNISCHE MERKMALE<\/strong><\/p>\n<p>&nbsp;<\/p>\n<ul class=\"ix-list-description-product-alignment\">\n<li><span style=\"font-weight: 400\">Schneiden Sie Scheiben oder St\u00fccke von 4 verschiedenen Dicken<\/span><\/li>\n<li><span style=\"font-weight: 400\">W\u00fcrfelschneider in 2 verschiedenen Gr\u00f6\u00dfen<\/span><\/li>\n<li><span style=\"font-weight: 400\">Sicherheitsvorrichtung f\u00fcr Schneiden und Kindersicherung<\/span><\/li>\n<li><span style=\"font-weight: 400\">B\u00f6rner Klingen mit 5 Jahren Garantie<\/span><\/li>\n<li><span style=\"font-weight: 400\">BPA- und phthalatfrei<\/span><\/li>\n<\/ul>\n<p>&nbsp;<\/p>\n<p><strong>VERPACKUNGSINHALT<\/strong><\/p>\n<p>&nbsp;<\/p>\n<ul class=\"ix-list-description-product-alignment\">\n<li><span style=\"font-weight: 400\">Gr\u00fcne Mandoline\u00a0<\/span><\/li>\n<li><span style=\"font-weight: 400\">Einsatz f\u00fcr Scheiben unterschiedlicher Gr\u00f6\u00dfe<\/span><\/li>\n<li><span style=\"font-weight: 400\">Zwei Eins\u00e4tze f\u00fcr Sticks oder W\u00fcrfel<\/span><\/li>\n<li><span style=\"font-weight: 400\">Sicherheitsspeicherger\u00e4t<\/span><\/li>\n<li><span style=\"font-weight: 400\">Zubeh\u00f6r f\u00fcr die Aufbewahrung von Mandoline und Eins\u00e4tzen<\/span><\/li>\n<\/ul>","protected":false},"excerpt":{"rendered":"<p>Metti un BIOSEC sotto l&#8217;Albero. SCOPRI QUI le promozioni di Natale! Gli sconti Black Friday sono qui! \u00a0 Clicca\u00a0per\u00a0non perderli \u2192 Imbattibile in velocit\u00e0 e precisione nella preparazione di fette, bastoncini, strisce e cubetti di verdure fresche e frutta. Allo stesso tempo sicura e facile da usare grazie al dispositivo di sicurezza alimentare incluso. Questo [&hellip;]<\/p>","protected":false},"featured_media":3675,"comment_status":"closed","ping_status":"closed","template":"","meta":[],"product_cat":[275],"product_tag":[277,278],"class_list":["post-3657","product","type-product","status-publish","has-post-thumbnail","hentry","product_cat-taglia-verdure","product_tag-mandolina","product_tag-tagliaverdura"],"acf":[],"yoast_head":"<!-- This site is optimized with the Yoast SEO plugin v20.10 - https:\/\/yoast.com\/wordpress\/plugins\/seo\/ -->\n<title>Mandolina Borner V5 PowerLine - Tauro Essiccatori<\/title>\n<meta name=\"robots\" content=\"noindex, follow, max-snippet:-1, max-image-preview:large, max-video-preview:-1\" \/>\n<meta property=\"og:locale\" content=\"de_DE\" \/>\n<meta property=\"og:type\" content=\"article\" \/>\n<meta property=\"og:title\" content=\"Mandolina Borner V5 PowerLine - Tauro Essiccatori\" \/>\n<meta property=\"og:description\" content=\"Metti un BIOSEC sotto l&#039;Albero. SCOPRI QUI le promozioni di Natale! Gli sconti Black Friday sono qui! \u00a0 Clicca\u00a0per\u00a0non perderli \u2192 Imbattibile in velocit\u00e0 e precisione nella preparazione di fette, bastoncini, strisce e cubetti di verdure fresche e frutta. Allo stesso tempo sicura e facile da usare grazie al dispositivo di sicurezza alimentare incluso. Questo [&hellip;]\" \/>\n<meta property=\"og:url\" content=\"https:\/\/stor51.tauroessiccatori.com\/de\/p\/mandoline-v5-stromnetz-starter-set\/\" \/>\n<meta property=\"og:site_name\" content=\"Tauro Essiccatori\" \/>\n<meta property=\"article:publisher\" content=\"https:\/\/www.facebook.com\/TauroEssiccatori\/\" \/>\n<meta property=\"article:modified_time\" content=\"2023-05-16T09:11:25+00:00\" \/>\n<meta property=\"og:image\" content=\"https:\/\/stor51.tauroessiccatori.com\/wp-assets\/uploads\/2019\/08\/mandolina-green.jpg\" \/>\n\t<meta property=\"og:image:width\" content=\"1210\" \/>\n\t<meta property=\"og:image:height\" content=\"750\" \/>\n\t<meta property=\"og:image:type\" content=\"image\/jpeg\" \/>\n<meta name=\"twitter:card\" content=\"summary_large_image\" \/>\n<meta name=\"twitter:label1\" content=\"Est. reading time\" \/>\n\t<meta name=\"twitter:data1\" content=\"1 minute\" \/>\n<script type=\"application\/ld+json\" class=\"yoast-schema-graph\">{\"@context\":\"https:\/\/schema.org\",\"@graph\":[{\"@type\":\"WebPage\",\"@id\":\"https:\/\/stor51.tauroessiccatori.com\/p\/mandolina-v5-powerline-starter-set\/\",\"url\":\"https:\/\/stor51.tauroessiccatori.com\/p\/mandolina-v5-powerline-starter-set\/\",\"name\":\"Mandolina Borner V5 PowerLine - Tauro Essiccatori\",\"isPartOf\":{\"@id\":\"https:\/\/stor51.tauroessiccatori.com\/#website\"},\"datePublished\":\"2019-08-01T15:53:48+00:00\",\"dateModified\":\"2023-05-16T09:11:25+00:00\",\"breadcrumb\":{\"@id\":\"https:\/\/stor51.tauroessiccatori.com\/p\/mandolina-v5-powerline-starter-set\/#breadcrumb\"},\"inLanguage\":\"de-DE\",\"potentialAction\":[{\"@type\":\"ReadAction\",\"target\":[\"https:\/\/stor51.tauroessiccatori.com\/p\/mandolina-v5-powerline-starter-set\/\"]}]},{\"@type\":\"BreadcrumbList\",\"@id\":\"https:\/\/stor51.tauroessiccatori.com\/p\/mandolina-v5-powerline-starter-set\/#breadcrumb\",\"itemListElement\":[{\"@type\":\"ListItem\",\"position\":1,\"name\":\"Home\",\"item\":\"https:\/\/stor51.tauroessiccatori.com\/\"},{\"@type\":\"ListItem\",\"position\":2,\"name\":\"Shop\",\"item\":\"https:\/\/stor51.tauroessiccatori.com\/negozio\/\"},{\"@type\":\"ListItem\",\"position\":3,\"name\":\"Mandolina Borner V5 PowerLine\"}]},{\"@type\":\"WebSite\",\"@id\":\"https:\/\/stor51.tauroessiccatori.com\/#website\",\"url\":\"https:\/\/stor51.tauroessiccatori.com\/\",\"name\":\"Tauro Essiccatori\",\"description\":\"Welcome to Tauro Essiccatori online shop\",\"publisher\":{\"@id\":\"https:\/\/stor51.tauroessiccatori.com\/#organization\"},\"potentialAction\":[{\"@type\":\"SearchAction\",\"target\":{\"@type\":\"EntryPoint\",\"urlTemplate\":\"https:\/\/stor51.tauroessiccatori.com\/?s={search_term_string}\"},\"query-input\":\"required name=search_term_string\"}],\"inLanguage\":\"de-DE\"},{\"@type\":\"Organization\",\"@id\":\"https:\/\/stor51.tauroessiccatori.com\/#organization\",\"name\":\"Tauro Essiccatori\",\"url\":\"https:\/\/stor51.tauroessiccatori.com\/\",\"logo\":{\"@type\":\"ImageObject\",\"inLanguage\":\"de-DE\",\"@id\":\"https:\/\/stor51.tauroessiccatori.com\/#\/schema\/logo\/image\/\",\"url\":\"https:\/\/www.tauroessiccatori.com\/wp-assets\/uploads\/2017\/07\/logo_tauro_500x109px.png\",\"contentUrl\":\"https:\/\/www.tauroessiccatori.com\/wp-assets\/uploads\/2017\/07\/logo_tauro_500x109px.png\",\"width\":500,\"height\":109,\"caption\":\"Tauro Essiccatori\"},\"image\":{\"@id\":\"https:\/\/stor51.tauroessiccatori.com\/#\/schema\/logo\/image\/\"},\"sameAs\":[\"https:\/\/www.facebook.com\/TauroEssiccatori\/\",\"https:\/\/www.instagram.com\/tauro_essiccatori\/\",\"https:\/\/it.linkedin.com\/company\/tauro-essiccatori\",\"https:\/\/www.youtube.com\/user\/tauroessiccatori\"]}]}<\/script>\n<!-- \/ Yoast SEO plugin. -->","yoast_head_json":{"title":"Mandolina Borner V5 PowerLine - Tauro Essiccatori","robots":{"index":"noindex","follow":"follow","max-snippet":"max-snippet:-1","max-image-preview":"max-image-preview:large","max-video-preview":"max-video-preview:-1"},"og_locale":"de_DE","og_type":"article","og_title":"Mandolina Borner V5 PowerLine - Tauro Essiccatori","og_description":"Metti un BIOSEC sotto l'Albero. SCOPRI QUI le promozioni di Natale! Gli sconti Black Friday sono qui! \u00a0 Clicca\u00a0per\u00a0non perderli \u2192 Imbattibile in velocit\u00e0 e precisione nella preparazione di fette, bastoncini, strisce e cubetti di verdure fresche e frutta. Allo stesso tempo sicura e facile da usare grazie al dispositivo di sicurezza alimentare incluso. Questo [&hellip;]","og_url":"https:\/\/stor51.tauroessiccatori.com\/de\/p\/mandoline-v5-stromnetz-starter-set\/","og_site_name":"Tauro Essiccatori","article_publisher":"https:\/\/www.facebook.com\/TauroEssiccatori\/","article_modified_time":"2023-05-16T09:11:25+00:00","og_image":[{"width":1210,"height":750,"url":"https:\/\/stor51.tauroessiccatori.com\/wp-assets\/uploads\/2019\/08\/mandolina-green.jpg","type":"image\/jpeg"}],"twitter_card":"summary_large_image","twitter_misc":{"Est. reading time":"1 minute"},"schema":{"@context":"https:\/\/schema.org","@graph":[{"@type":"WebPage","@id":"https:\/\/stor51.tauroessiccatori.com\/p\/mandolina-v5-powerline-starter-set\/","url":"https:\/\/stor51.tauroessiccatori.com\/p\/mandolina-v5-powerline-starter-set\/","name":"Mandolina Borner V5 PowerLine - Tauro Essiccatori","isPartOf":{"@id":"https:\/\/stor51.tauroessiccatori.com\/#website"},"datePublished":"2019-08-01T15:53:48+00:00","dateModified":"2023-05-16T09:11:25+00:00","breadcrumb":{"@id":"https:\/\/stor51.tauroessiccatori.com\/p\/mandolina-v5-powerline-starter-set\/#breadcrumb"},"inLanguage":"de-DE","potentialAction":[{"@type":"ReadAction","target":["https:\/\/stor51.tauroessiccatori.com\/p\/mandolina-v5-powerline-starter-set\/"]}]},{"@type":"BreadcrumbList","@id":"https:\/\/stor51.tauroessiccatori.com\/p\/mandolina-v5-powerline-starter-set\/#breadcrumb","itemListElement":[{"@type":"ListItem","position":1,"name":"Home","item":"https:\/\/stor51.tauroessiccatori.com\/"},{"@type":"ListItem","position":2,"name":"Shop","item":"https:\/\/stor51.tauroessiccatori.com\/negozio\/"},{"@type":"ListItem","position":3,"name":"Mandolina Borner V5 PowerLine"}]},{"@type":"WebSite","@id":"https:\/\/stor51.tauroessiccatori.com\/#website","url":"https:\/\/stor51.tauroessiccatori.com\/","name":"Tauro Essiccatori","description":"Welcome to Tauro Essiccatori online shop","publisher":{"@id":"https:\/\/stor51.tauroessiccatori.com\/#organization"},"potentialAction":[{"@type":"SearchAction","target":{"@type":"EntryPoint","urlTemplate":"https:\/\/stor51.tauroessiccatori.com\/?s={search_term_string}"},"query-input":"required name=search_term_string"}],"inLanguage":"de-DE"},{"@type":"Organization","@id":"https:\/\/stor51.tauroessiccatori.com\/#organization","name":"Tauro Essiccatori","url":"https:\/\/stor51.tauroessiccatori.com\/","logo":{"@type":"ImageObject","inLanguage":"de-DE","@id":"https:\/\/stor51.tauroessiccatori.com\/#\/schema\/logo\/image\/","url":"https:\/\/www.tauroessiccatori.com\/wp-assets\/uploads\/2017\/07\/logo_tauro_500x109px.png","contentUrl":"https:\/\/www.tauroessiccatori.com\/wp-assets\/uploads\/2017\/07\/logo_tauro_500x109px.png","width":500,"height":109,"caption":"Tauro Essiccatori"},"image":{"@id":"https:\/\/stor51.tauroessiccatori.com\/#\/schema\/logo\/image\/"},"sameAs":["https:\/\/www.facebook.com\/TauroEssiccatori\/","https:\/\/www.instagram.com\/tauro_essiccatori\/","https:\/\/it.linkedin.com\/company\/tauro-essiccatori","https:\/\/www.youtube.com\/user\/tauroessiccatori"]}]}},"_links":{"self":[{"href":"https:\/\/stor51.tauroessiccatori.com\/de\/wp-json\/wp\/v2\/product\/3657"}],"collection":[{"href":"https:\/\/stor51.tauroessiccatori.com\/de\/wp-json\/wp\/v2\/product"}],"about":[{"href":"https:\/\/stor51.tauroessiccatori.com\/de\/wp-json\/wp\/v2\/types\/product"}],"replies":[{"embeddable":true,"href":"https:\/\/stor51.tauroessiccatori.com\/de\/wp-json\/wp\/v2\/comments?post=3657"}],"wp:featuredmedia":[{"embeddable":true,"href":"https:\/\/stor51.tauroessiccatori.com\/de\/wp-json\/wp\/v2\/media\/3675"}],"wp:attachment":[{"href":"https:\/\/stor51.tauroessiccatori.com\/de\/wp-json\/wp\/v2\/media?parent=3657"}],"wp:term":[{"taxonomy":"product_cat","embeddable":true,"href":"https:\/\/stor51.tauroessiccatori.com\/de\/wp-json\/wp\/v2\/product_cat?post=3657"},{"taxonomy":"product_tag","embeddable":true,"href":"https:\/\/stor51.tauroessiccatori.com\/de\/wp-json\/wp\/v2\/product_tag?post=3657"}],"curies":[{"name":"wp","href":"https:\/\/api.w.org\/{rel}","templated":true}]}}