


{"id":161549,"date":"2022-05-03T19:08:45","date_gmt":"2022-05-03T17:08:45","guid":{"rendered":"https:\/\/www.tauroessiccatori.com\/?post_type=product&#038;p=161549\/"},"modified":"2023-04-03T10:32:08","modified_gmt":"2023-04-03T08:32:08","slug":"guanto-antitaglio-taglia-s","status":"publish","type":"product","link":"https:\/\/stor51.tauroessiccatori.com\/de\/p\/schnittschutzhandschuh-grose-s\/","title":{"rendered":"Schnittfeste Handschuhe - Gr\u00f6\u00dfe S"},"content":{"rendered":"<div class=\"tauro-banners\"><div class=\"banner-00\" style=\"background-color: #852035\">\r\n<div class=\"ix-xmas-box-other\" style=\"font-size: 18px;padding: 7px 0;margin: 0 auto 0px auto\" align=\"center\"><b style=\"color: #fff;font-size: 18px\">Legen Sie ein BIOSEC unter den Baum. <a style=\"color: #f8cc89;font-weight: bold;text-decoration: none;font-size: 18px\" href=\"https:\/\/www.tauroessiccatori.com\/christmas-2024\/\">HIER ENTDECKEN<\/a> Weihnachts-Aktionen!<\/b><\/div>\r\n<\/div><div class=\"banner-00\" style=\"background-color: #000\">\r\n<div class=\"ix-xmas-box-other\" style=\"font-size: 18px;padding: 7px 0;margin: 0 auto 0px auto\" align=\"center\"><b style=\"color: #fff\"> Die Rabatte zum Schwarzen Freitag sind da! \u00a0 <a style=\"color: #f77209;font-weight: bold;text-decoration: none\" href=\"https:\/\/www.tauroessiccatori.com\/black-friday-2024\/\"> Klicken Sie, um sie nicht zu verpassen \u2192. <\/a>\r\n<\/b><\/div>\r\n<\/div><\/div><p>Ein feiner, aber sehr widerstandsf\u00e4higer Handschuh, mit dem Sie dank seiner sehr hohen Schnittfestigkeit Obst, Gem\u00fcse, Fleisch oder andere Lebensmittel sicher schneiden k\u00f6nnen. Im Gegensatz zu Ganzmetallhandschuhen besteht dieses Modell aus Gewebe mit Metallf\u00e4den und erm\u00f6glicht eine h\u00f6here Sensibilit\u00e4t bei gleichzeitig hoher Sicherheit im Umgang mit Klingen jeglicher Art. Au\u00dferdem hat es eine gute Abrieb- und Durchsto\u00dffestigkeit. Erh\u00e4ltlich in drei verschiedenen Gr\u00f6\u00dfen und konform mit den europ\u00e4ischen Vorschriften f\u00fcr den Kontakt mit Lebensmitteln.<\/p>\n<p>&nbsp;<\/p>\n<p><strong>TECHNISCHE MERKMALE<\/strong><\/p>\n<p>&nbsp;<\/p>\n<ul>\n<li>Scherfestigkeit: Klasse 5 (maximal 5) nach EN 388<\/li>\n<li>Weiterrei\u00dffestigkeit: Klasse 4 (maximal 4) nach EN 388<\/li>\n<li>Abriebfestigkeit: Klasse 3 (maximal 4) nach EN 388<\/li>\n<li>Entspricht der Norm EN ISO 13997 (Scherfestigkeit durch scharfe Kanten), die 48,5 N (Newton) ergibt<\/li>\n<li>Entspricht den Anforderungen der Verordnung EG Nr. 1935\/2004 des Europ\u00e4ischen Parlaments und des Rates \u00fcber Materialien und Gegenst\u00e4nde, die dazu bestimmt sind, mit Lebensmitteln in Ber\u00fchrung zu kommen<\/li>\n<li>Beidh\u00e4ndig<\/li>\n<li>Waschbar bei 90\u00b0C<\/li>\n<li>Hergestellt in Europa<\/li>\n<li>Erh\u00e4ltlich in 3 Gr\u00f6\u00dfen<\/li>\n<\/ul>\n<p>&nbsp;<\/p>\n<p><strong>VERPACKUNGSINHALT<\/strong><\/p>\n<p>&nbsp;<\/p>\n<ul>\n<li><span style=\"font-weight: 400;\">N.1 beidh\u00e4ndiger Schnittschutzhandschuh Gr\u00f6\u00dfe S<\/span><\/li>\n<\/ul>","protected":false},"excerpt":{"rendered":"<ul>\n<li>Scherfestigkeit: Klasse 5 (maximal 5) nach EN 388<\/li>\n<li>Weiterrei\u00dffestigkeit: Klasse 4 (maximal 4) nach EN 388<\/li>\n<li>Abriebfestigkeit: Klasse 3 (maximal 4) nach EN 388<\/li>\n<li>Conformi alla norma EN ISO 13997 (resistenza al taglio causato da bordi taglienti) ottenendo il risultato di 48,5 N (Newton)<\/li>\n<li>Conformi ai requisiti del regolamento CE n\u00b01935\/2004 del Parlamento europeo e del Consiglio<br \/>\nriguardante i materiali e gli oggetti destinati a venire a contatto con gli alimenti<\/li>\n<li>Ambidestri<\/li>\n<li>Disponibili in 3 taglie<\/li>\n<\/ul>","protected":false},"featured_media":161501,"comment_status":"closed","ping_status":"closed","template":"","meta":[],"product_cat":[318],"product_tag":[],"class_list":["post-161549","product","type-product","status-publish","has-post-thumbnail","hentry","product_cat-accessori-con-galleria"],"acf":[],"yoast_head":"<!-- This site is optimized with the Yoast SEO plugin v20.10 - https:\/\/yoast.com\/wordpress\/plugins\/seo\/ -->\n<title>Guanto antitaglio - taglia S - Tauro Essiccatori<\/title>\n<meta name=\"robots\" content=\"noindex, follow, max-snippet:-1, max-image-preview:large, max-video-preview:-1\" \/>\n<meta property=\"og:locale\" content=\"de_DE\" \/>\n<meta property=\"og:type\" content=\"article\" \/>\n<meta property=\"og:title\" content=\"Guanto antitaglio - taglia S - Tauro Essiccatori\" \/>\n<meta property=\"og:description\" content=\"Resistenza al taglio: Classe 5 (massimo 5) secondo la norma EN 388  Resistenza allo strappo: Classe 4 (massimo 4) secondo la norma EN 388  Resistenza all\u2019abrasione: Classe 3 (massimo 4) secondo la norma EN 388  Conformi alla norma EN ISO 13997 (resistenza al taglio causato da bordi taglienti) ottenendo il risultato di 48,5 N (Newton)  Conformi ai requisiti del regolamento CE n\u00b01935\/2004 del Parlamento europeo e del Consiglio riguardante i materiali e gli oggetti destinati a venire a contatto con gli alimenti  Ambidestri  Disponibili in 3 taglie\" \/>\n<meta property=\"og:url\" content=\"https:\/\/stor51.tauroessiccatori.com\/de\/p\/schnittschutzhandschuh-grose-s\/\" \/>\n<meta property=\"og:site_name\" content=\"Tauro Essiccatori\" \/>\n<meta property=\"article:publisher\" content=\"https:\/\/www.facebook.com\/TauroEssiccatori\/\" \/>\n<meta property=\"article:modified_time\" content=\"2023-04-03T08:32:08+00:00\" \/>\n<meta property=\"og:image\" content=\"https:\/\/stor51.tauroessiccatori.com\/wp-assets\/uploads\/2022\/04\/guanti-anti-taglio-tauro_essiccatori-anteprime-schede-tecniche_taglia_small-1.jpg\" \/>\n\t<meta property=\"og:image:width\" content=\"1210\" \/>\n\t<meta property=\"og:image:height\" content=\"750\" \/>\n\t<meta property=\"og:image:type\" content=\"image\/jpeg\" \/>\n<meta name=\"twitter:card\" content=\"summary_large_image\" \/>\n<meta name=\"twitter:label1\" content=\"Est. reading time\" \/>\n\t<meta name=\"twitter:data1\" content=\"1 minute\" \/>\n<script type=\"application\/ld+json\" class=\"yoast-schema-graph\">{\"@context\":\"https:\/\/schema.org\",\"@graph\":[{\"@type\":\"WebPage\",\"@id\":\"https:\/\/stor51.tauroessiccatori.com\/p\/guanto-antitaglio-taglia-s\/\",\"url\":\"https:\/\/stor51.tauroessiccatori.com\/p\/guanto-antitaglio-taglia-s\/\",\"name\":\"Guanto antitaglio - taglia S - Tauro Essiccatori\",\"isPartOf\":{\"@id\":\"https:\/\/stor51.tauroessiccatori.com\/#website\"},\"datePublished\":\"2022-05-03T17:08:45+00:00\",\"dateModified\":\"2023-04-03T08:32:08+00:00\",\"breadcrumb\":{\"@id\":\"https:\/\/stor51.tauroessiccatori.com\/p\/guanto-antitaglio-taglia-s\/#breadcrumb\"},\"inLanguage\":\"de-DE\",\"potentialAction\":[{\"@type\":\"ReadAction\",\"target\":[\"https:\/\/stor51.tauroessiccatori.com\/p\/guanto-antitaglio-taglia-s\/\"]}]},{\"@type\":\"BreadcrumbList\",\"@id\":\"https:\/\/stor51.tauroessiccatori.com\/p\/guanto-antitaglio-taglia-s\/#breadcrumb\",\"itemListElement\":[{\"@type\":\"ListItem\",\"position\":1,\"name\":\"Home\",\"item\":\"https:\/\/stor51.tauroessiccatori.com\/\"},{\"@type\":\"ListItem\",\"position\":2,\"name\":\"Shop\",\"item\":\"https:\/\/stor51.tauroessiccatori.com\/negozio\/\"},{\"@type\":\"ListItem\",\"position\":3,\"name\":\"Guanto antitaglio &#8211; taglia S\"}]},{\"@type\":\"WebSite\",\"@id\":\"https:\/\/stor51.tauroessiccatori.com\/#website\",\"url\":\"https:\/\/stor51.tauroessiccatori.com\/\",\"name\":\"Tauro Essiccatori\",\"description\":\"Welcome to Tauro Essiccatori online shop\",\"publisher\":{\"@id\":\"https:\/\/stor51.tauroessiccatori.com\/#organization\"},\"potentialAction\":[{\"@type\":\"SearchAction\",\"target\":{\"@type\":\"EntryPoint\",\"urlTemplate\":\"https:\/\/stor51.tauroessiccatori.com\/?s={search_term_string}\"},\"query-input\":\"required name=search_term_string\"}],\"inLanguage\":\"de-DE\"},{\"@type\":\"Organization\",\"@id\":\"https:\/\/stor51.tauroessiccatori.com\/#organization\",\"name\":\"Tauro Essiccatori\",\"url\":\"https:\/\/stor51.tauroessiccatori.com\/\",\"logo\":{\"@type\":\"ImageObject\",\"inLanguage\":\"de-DE\",\"@id\":\"https:\/\/stor51.tauroessiccatori.com\/#\/schema\/logo\/image\/\",\"url\":\"https:\/\/www.tauroessiccatori.com\/wp-assets\/uploads\/2017\/07\/logo_tauro_500x109px.png\",\"contentUrl\":\"https:\/\/www.tauroessiccatori.com\/wp-assets\/uploads\/2017\/07\/logo_tauro_500x109px.png\",\"width\":500,\"height\":109,\"caption\":\"Tauro Essiccatori\"},\"image\":{\"@id\":\"https:\/\/stor51.tauroessiccatori.com\/#\/schema\/logo\/image\/\"},\"sameAs\":[\"https:\/\/www.facebook.com\/TauroEssiccatori\/\",\"https:\/\/www.instagram.com\/tauro_essiccatori\/\",\"https:\/\/it.linkedin.com\/company\/tauro-essiccatori\",\"https:\/\/www.youtube.com\/user\/tauroessiccatori\"]}]}<\/script>\n<!-- \/ Yoast SEO plugin. -->","yoast_head_json":{"title":"Guanto antitaglio - taglia S - Tauro Essiccatori","robots":{"index":"noindex","follow":"follow","max-snippet":"max-snippet:-1","max-image-preview":"max-image-preview:large","max-video-preview":"max-video-preview:-1"},"og_locale":"de_DE","og_type":"article","og_title":"Guanto antitaglio - taglia S - Tauro Essiccatori","og_description":"Resistenza al taglio: Classe 5 (massimo 5) secondo la norma EN 388  Resistenza allo strappo: Classe 4 (massimo 4) secondo la norma EN 388  Resistenza all\u2019abrasione: Classe 3 (massimo 4) secondo la norma EN 388  Conformi alla norma EN ISO 13997 (resistenza al taglio causato da bordi taglienti) ottenendo il risultato di 48,5 N (Newton)  Conformi ai requisiti del regolamento CE n\u00b01935\/2004 del Parlamento europeo e del Consiglio riguardante i materiali e gli oggetti destinati a venire a contatto con gli alimenti  Ambidestri  Disponibili in 3 taglie","og_url":"https:\/\/stor51.tauroessiccatori.com\/de\/p\/schnittschutzhandschuh-grose-s\/","og_site_name":"Tauro Essiccatori","article_publisher":"https:\/\/www.facebook.com\/TauroEssiccatori\/","article_modified_time":"2023-04-03T08:32:08+00:00","og_image":[{"width":1210,"height":750,"url":"https:\/\/stor51.tauroessiccatori.com\/wp-assets\/uploads\/2022\/04\/guanti-anti-taglio-tauro_essiccatori-anteprime-schede-tecniche_taglia_small-1.jpg","type":"image\/jpeg"}],"twitter_card":"summary_large_image","twitter_misc":{"Est. reading time":"1 minute"},"schema":{"@context":"https:\/\/schema.org","@graph":[{"@type":"WebPage","@id":"https:\/\/stor51.tauroessiccatori.com\/p\/guanto-antitaglio-taglia-s\/","url":"https:\/\/stor51.tauroessiccatori.com\/p\/guanto-antitaglio-taglia-s\/","name":"Guanto antitaglio - taglia S - Tauro Essiccatori","isPartOf":{"@id":"https:\/\/stor51.tauroessiccatori.com\/#website"},"datePublished":"2022-05-03T17:08:45+00:00","dateModified":"2023-04-03T08:32:08+00:00","breadcrumb":{"@id":"https:\/\/stor51.tauroessiccatori.com\/p\/guanto-antitaglio-taglia-s\/#breadcrumb"},"inLanguage":"de-DE","potentialAction":[{"@type":"ReadAction","target":["https:\/\/stor51.tauroessiccatori.com\/p\/guanto-antitaglio-taglia-s\/"]}]},{"@type":"BreadcrumbList","@id":"https:\/\/stor51.tauroessiccatori.com\/p\/guanto-antitaglio-taglia-s\/#breadcrumb","itemListElement":[{"@type":"ListItem","position":1,"name":"Home","item":"https:\/\/stor51.tauroessiccatori.com\/"},{"@type":"ListItem","position":2,"name":"Shop","item":"https:\/\/stor51.tauroessiccatori.com\/negozio\/"},{"@type":"ListItem","position":3,"name":"Guanto antitaglio &#8211; taglia S"}]},{"@type":"WebSite","@id":"https:\/\/stor51.tauroessiccatori.com\/#website","url":"https:\/\/stor51.tauroessiccatori.com\/","name":"Tauro Essiccatori","description":"Welcome to Tauro Essiccatori online shop","publisher":{"@id":"https:\/\/stor51.tauroessiccatori.com\/#organization"},"potentialAction":[{"@type":"SearchAction","target":{"@type":"EntryPoint","urlTemplate":"https:\/\/stor51.tauroessiccatori.com\/?s={search_term_string}"},"query-input":"required name=search_term_string"}],"inLanguage":"de-DE"},{"@type":"Organization","@id":"https:\/\/stor51.tauroessiccatori.com\/#organization","name":"Tauro Essiccatori","url":"https:\/\/stor51.tauroessiccatori.com\/","logo":{"@type":"ImageObject","inLanguage":"de-DE","@id":"https:\/\/stor51.tauroessiccatori.com\/#\/schema\/logo\/image\/","url":"https:\/\/www.tauroessiccatori.com\/wp-assets\/uploads\/2017\/07\/logo_tauro_500x109px.png","contentUrl":"https:\/\/www.tauroessiccatori.com\/wp-assets\/uploads\/2017\/07\/logo_tauro_500x109px.png","width":500,"height":109,"caption":"Tauro Essiccatori"},"image":{"@id":"https:\/\/stor51.tauroessiccatori.com\/#\/schema\/logo\/image\/"},"sameAs":["https:\/\/www.facebook.com\/TauroEssiccatori\/","https:\/\/www.instagram.com\/tauro_essiccatori\/","https:\/\/it.linkedin.com\/company\/tauro-essiccatori","https:\/\/www.youtube.com\/user\/tauroessiccatori"]}]}},"_links":{"self":[{"href":"https:\/\/stor51.tauroessiccatori.com\/de\/wp-json\/wp\/v2\/product\/161549"}],"collection":[{"href":"https:\/\/stor51.tauroessiccatori.com\/de\/wp-json\/wp\/v2\/product"}],"about":[{"href":"https:\/\/stor51.tauroessiccatori.com\/de\/wp-json\/wp\/v2\/types\/product"}],"replies":[{"embeddable":true,"href":"https:\/\/stor51.tauroessiccatori.com\/de\/wp-json\/wp\/v2\/comments?post=161549"}],"wp:featuredmedia":[{"embeddable":true,"href":"https:\/\/stor51.tauroessiccatori.com\/de\/wp-json\/wp\/v2\/media\/161501"}],"wp:attachment":[{"href":"https:\/\/stor51.tauroessiccatori.com\/de\/wp-json\/wp\/v2\/media?parent=161549"}],"wp:term":[{"taxonomy":"product_cat","embeddable":true,"href":"https:\/\/stor51.tauroessiccatori.com\/de\/wp-json\/wp\/v2\/product_cat?post=161549"},{"taxonomy":"product_tag","embeddable":true,"href":"https:\/\/stor51.tauroessiccatori.com\/de\/wp-json\/wp\/v2\/product_tag?post=161549"}],"curies":[{"name":"wp","href":"https:\/\/api.w.org\/{rel}","templated":true}]}}