


{"id":167090,"date":"2023-02-01T13:14:43","date_gmt":"2023-02-01T12:14:43","guid":{"rendered":"https:\/\/www.tauroessiccatori.com\/?page_id=167090"},"modified":"2023-03-25T05:37:22","modified_gmt":"2023-03-25T04:37:22","slug":"san-valentino-2023","status":"publish","type":"page","link":"https:\/\/stor51.tauroessiccatori.com\/de\/san-valentine-2023\/","title":{"rendered":"Valentinstag 2023"},"content":{"rendered":"<div class=\"tauro-banners\"><div class=\"banner-00\" style=\"background-color: #852035\">\r\n<div class=\"ix-xmas-box-other\" style=\"font-size: 18px;padding: 7px 0;margin: 0 auto 0px auto\" align=\"center\"><b style=\"color: #fff;font-size: 18px\">Legen Sie ein BIOSEC unter den Baum. <a style=\"color: #f8cc89;font-weight: bold;text-decoration: none;font-size: 18px\" href=\"https:\/\/www.tauroessiccatori.com\/christmas-2024\/\">HIER ENTDECKEN<\/a> Weihnachts-Aktionen!<\/b><\/div>\r\n<\/div><div class=\"banner-00\" style=\"background-color: #000\">\r\n<div class=\"ix-xmas-box-other\" style=\"font-size: 18px;padding: 7px 0;margin: 0 auto 0px auto\" align=\"center\"><b style=\"color: #fff\"> Die Rabatte zum Schwarzen Freitag sind da! \u00a0 <a style=\"color: #f77209;font-weight: bold;text-decoration: none\" href=\"https:\/\/www.tauroessiccatori.com\/black-friday-2024\/\"> Klicken Sie, um sie nicht zu verpassen \u2192. <\/a>\r\n<\/b><\/div>\r\n<\/div><\/div><p><script>\nwindow.location.replace(\"https:\/\/stor51.tauroessiccatori.com\/\");\n<\/script><\/p>\n<div class=\"ix-tailwind\">\n<p><!--<script>\n   window.location.replace(\"https:\/\/stor51.tauroessiccatori.com\/christmas-2021\");\n   <\/script>--><\/p>\n<div style=\"max-width: 1340px; margin: 0 auto;\">\n<div class=\"ix-blackfriday-banner-desktop\"><img decoding=\"async\" src=\"https:\/\/stor51.tauroessiccatori.com\/wp-assets\/uploads\/2023\/02\/LANDING_banner_desktop-san-valentino-CONTINUA_2023-tauro-essiccatori-copia-min-scaled.jpeg\" \/><\/div>\n<div class=\"ix-blackfriday-banner-mobile\"><img decoding=\"async\" src=\"https:\/\/stor51.tauroessiccatori.com\/wp-assets\/uploads\/2023\/02\/LANDING_banner_mobile-san-valentino-CONTINUA_2023-tauro-essiccatori-copia-min.jpeg\" \/><\/div>\n<div class=\"\" style=\"margin-top: 70px; background-color: #8c1a40 !important;\">\n<div class=\"flex flex-wrap lg:flex-nowrap justify-between items-center text-center\">\n<div class=\"w-full lg:w-auto bg-cover bg-center\" style=\"background-image: url('https:\/\/stor51.tauroessiccatori.com\/wp-assets\/uploads\/2022\/02\/tauro-essiccatori_san-valentino_farina-di-fragole_sx-min.jpeg');\">\n                                <img decoding=\"async\" class=\"hidden lg:block ix-more-then-1240px-or-equal\" src=\"https:\/\/stor51.tauroessiccatori.com\/wp-assets\/uploads\/2022\/02\/preview-mobile-square.png\"><br \/>\n                                <img decoding=\"async\" class=\"lg:hidden w-full ix-less-then-1240px-or-equal\" src=\"https:\/\/stor51.tauroessiccatori.com\/wp-assets\/uploads\/2022\/02\/tauro-mobile-preview-img.png\">\n                            <\/div>\n<div class=\"w-full lg:w-auto p-12 lg:px-16 lg:py-0\">\n<h3 class=\"ix-blackfriday-1st-subtitle\" style=\"color: #fff;\">\n            Spezial zum Valentinstag:<br \/>\n            <b style=\"font-weight: 700;\">Eine Woche lang Rabatte auf alle Produkte<br \/> <br \/>\n            des Online-Shops.<\/b><br \/> <br \/>\n            Treten Sie ein in die Welt der Trocknung!<br \/>\n            Verschenken Sie Biosec jetzt an jemanden, den Sie lieben, oder beginnen Sie <br \/>ad essiccare tu stesso<br \/>\n            approfittando della promozione valida solo<br \/> <br \/>\n            bis Freitag, 17. Februar!<\/p>\n<\/h3><\/div>\n<div class=\"w-full lg:w-auto bg-cover bg-center\" style=\"background-image: url('https:\/\/stor51.tauroessiccatori.com\/wp-assets\/uploads\/2022\/02\/tauro-essiccatori_san-valentino_fragole-essiccate_cuore_dx-min.jpeg');\">\n                                <img decoding=\"async\" class=\"hidden lg:block ix-more-then-1240px-or-equal\" src=\"https:\/\/stor51.tauroessiccatori.com\/wp-assets\/uploads\/2022\/02\/preview-mobile-square.png\"><br \/>\n                                <img decoding=\"async\" class=\"lg:hidden w-full ix-less-then-1240px-or-equal\" src=\"https:\/\/stor51.tauroessiccatori.com\/wp-assets\/uploads\/2022\/02\/tauro-mobile-preview-img.png\">\n                            <\/div>\n<\/p><\/div>\n<\/p><\/div>\n<style>\n\/*! CSS Used from: https:\/\/mockup.italix.eu\/tauro\/css\/tailwind\/tailwind.min.css *\/\n*,::after,::before{box-sizing:border-box;}\nb{font-weight:bolder;}\n::-moz-focus-inner{border-style:none;padding:0;}\n:-moz-focusring{outline:1px dotted ButtonText;}\nh3{margin:0;}\n*,::after,::before{box-sizing:border-box;border-width:0;border-style:solid;border-color:#e5e7eb;}\nimg{border-style:solid;}\nh3{font-size:inherit;font-weight:inherit;}\n.ix-tailwind img{display:block;vertical-align:middle;}\nimg{max-width:100%;height:auto;}\n.bg-center{background-position:center;}\n.bg-cover{background-size:cover;}\n.flex{display:flex;}\n.hidden{display:none;}\n.flex-wrap{flex-wrap:wrap;}\n.items-center{align-items:center;}\n.justify-between{justify-content:space-between;}\n.p-12{padding:3rem;}\n*{--tw-shadow:0 0 #0000;}\n*{--tw-ring-inset:var(--tw-empty, );--tw-ring-offset-width:0px;--tw-ring-offset-color:#fff;--tw-ring-color:rgba(59, 130, 246, 0.5);--tw-ring-offset-shadow:0 0 #0000;--tw-ring-shadow:0 0 #0000;}\n.text-center{text-align:center;}\n.w-full{width:100%;}\n@media (min-width:1024px){\n.lg\\:block{display:block;}\n.lg\\:hidden{display:none;}\n.lg\\:flex-nowrap{flex-wrap:nowrap;}\n.lg\\:py-0{padding-top:0;padding-bottom:0;}\n.lg\\:px-16{padding-left:4rem;padding-right:4rem;}\n.lg\\:w-auto{width:auto;}\n}\n<\/style>\n<p><!--\n\n\n\n   \n\n<div class=\"ix-blackfriday-season-product ix-less-then-944px-or-equal\" style=\"height:auto !important; background-color: #8c1a40 !important;\">\n      <img decoding=\"async\" width=\"100%\" src=\"https:\/\/stor51.tauroessiccatori.com\/wp-assets\/uploads\/2021\/11\/tauro-essiccatori_mele-essiccate-cioccomele-min.jpeg\" \/>\n      \n\n<div class=\"ix-blackfriday-season-product-text-mobile\" style=\"padding:1.5rem;\">\n         \n\n<h3 class=\"ix-blackfriday-1st-subtitle\" style=\"color: #fff;\">\n            Speciale San Valentino:<br \/>\n            <b style=\"font-weight: 700;\">Una settimana di sconti su tutti i prodotti del negozio online.<\/b>.<br \/>\n            Entra anche tu nel mondo dell\u2019essiccazione!<br \/>\n            Regala subito Biosec a chi ami di pi\u00f9 o inizia ad essiccare tu stesso<br \/>\n            approfittando della promozione valida solo fino a marted\u00ec 14 febbraio!\n\n         <\/h3>\n\n\n      <\/div>\n\n\n   <\/div>\n\n\n\n\n\n\n   \n\n<div class=\"ix-blackfriday-season-product ix-more-then-944px\" style=\"background-color: #d23a60 !important;\">\n      \n\n<div class=\"ix-blackfriday-season-product-left\" style=\"background-image: url('https:\/\/stor51.tauroessiccatori.com\/wp-assets\/uploads\/2022\/02\/tauro-essiccatori_san-valentino_farina-di-fragole_sx-min.jpeg');\">\n         \n\n<div class=\"ix-blackfriday-season-product-right\" style=\"background-image: url('https:\/\/stor51.tauroessiccatori.com\/wp-assets\/uploads\/2022\/02\/tauro-essiccatori_san-valentino_fragole-essiccate_cuore_dx-min.jpeg');\">\n            \n\n<div class=\"ix-blackfriday-season-product-text\">\n               \n\n<h3 class=\"ix-blackfriday-1st-subtitle\" style=\"color: #fff;\">\n                  Entra anche tu nel mondo dell\u2019essiccazione,<br \/>\n                  con la speciale <b style=\"font-weight: 600;\">promozione Tauro di San Valentino<\/b>.<br \/>\n                  Regala subito Biosec a chi ami di pi\u00f9 o inizia ad essiccare tu stesso con il codice<br \/>\n                  <b style=\"font-weight: 600;\">AMABIOSEC<\/b>\n\n\n                  La promozione \u00e8 valida fino a luned\u00ec 14 febbraio!\n               <\/h3>\n\n\n            <\/div>\n\n\n         <\/div>\n\n\n      <\/div>\n\n\n   <\/div>\n\n\n--><\/p>\n<div class=\"ix-blackfriday-single-product ix-blackfriday-single-1st-product\">\n<div class=\"uk-grid uk-grid-large\">\n<div class=\"uk-width-large-1-2 uk-width-1-1\">\n<div class=\"\"><img decoding=\"async\" src=\"https:\/\/d3uc6ry8rbiyhd.cloudfront.net\/wp-assets\/uploads\/2017\/04\/domus_b5_02_VMR_7758.jpg\" \/><\/div>\n<\/p><\/div>\n<div class=\"uk-width-large-1-2 uk-width-1-1\">\n<h3 class=\"ix-blackfriday-page-pretitle\">Meistverkauftes Produkt<\/h3>\n<h3 style=\"margin-top: 15px; margin-bottom: 5px;\">Tunnel und 5 K\u00f6rbe aus lebensmittelechtem Kunststoff<\/h3>\n<div class=\"p1 ix-blackfriday-product-description\">\n<h2 class=\"ix-blackfriday-page-title-inner-page\">Biosec Domus B5<\/h2>\n<div class=\"ix-product-detail-line\">&nbsp;<\/div>\n<div class=\"p1 ix-blackfriday-short-description\">Der Bestseller in unserem Sortiment, um das Trocknen und seine Aromen zu entdecken. Aus solidem, lebensmittelechtem Kunststoff, mit 5 K\u00f6rben von 2\/3 kg Fassungsverm\u00f6gen, mit exklusivem Halteprogramm.<\/div>\n<\/p><\/div>\n<div class=\"ix-blackfriday-discount-row-price\">\n<!--<span class=\"ix-blackfriday-price-crossed-out\"> <del> &euro; 204 <\/del> <\/span>--><br \/>\n<span class=\"ix-blackfriday-price-discounted\" style=\"padding-left: 0px;\"> <del> \u20ac 188 <\/del> <\/span><\/div>\n<p class=\"ix-blackfriday-discount-row\">EXTRA RABATT 16% \u2192 <span class=\"ix-blackfriday-price\"> \u20ac 158,00 <\/span><\/p>\n<div class=\"ix-blackfriday-buy-now\">\n<div class=\"\"><a class=\"ix-button-orange\" style=\"width: 180px; line-height: 40px;\" href=\"https:\/\/stor51.tauroessiccatori.com\/de\/wagen\/?add-to-cart=560\"> JETZT KAUFEN <\/a><\/div>\n<\/p><\/div>\n<\/p><\/div>\n<\/p><\/div>\n<\/p><\/div>\n<div class=\"ix-blackfriday-img-pproduct-only-smallscreen\"><img decoding=\"async\" src=\"https:\/\/d3uc6ry8rbiyhd.cloudfront.net\/wp-assets\/uploads\/2017\/04\/B6ambientato_RA.jpg\" \/><\/div>\n<div class=\"ix-blackfriday-single-product ix-blackfriday-single-2nd-product\">\n<div class=\"uk-grid uk-grid-large\">\n<div class=\"uk-width-large-1-2 uk-width-1-1\">\n<div class=\"p1 ix-blackfriday-product-description\">\n<h2 class=\"ix-blackfriday-page-title-inner-page\">Biosec De Luxe B6<\/h2>\n<div class=\"ix-product-detail-line\">&nbsp;<\/div>\n<div class=\"p1 ix-blackfriday-short-description\">Elegante Praktikabilit\u00e4t eines Tunnels und 6 Edelstahlk\u00f6rbe: mehr Kapazit\u00e4t (2,5\/3,5 kg) und professionelle Leistung. Einfach zu bedienen: 7 Programme und 5 Temperaturen zwischen 20\u00b0 und 60\u00b0 mit exklusivem Maintain-Programm.<\/div>\n<\/p><\/div>\n<div class=\"ix-blackfriday-discount-row-price\">\n<!--<span class=\"ix-blackfriday-price-crossed-out\"> <del> &euro; 386 <\/del> <\/span>--><br \/>\n<span class=\"ix-blackfriday-price-discounted\" style=\"padding-left: 0px;\"> <del> \u20ac 355 <\/del> <\/span><\/div>\n<p class=\"ix-blackfriday-discount-row\">EXTRA RABATT 16% \u2192 <span class=\"ix-blackfriday-price\"> \u20ac 300,00 <\/span><\/p>\n<div class=\"ix-blackfriday-buy-now\">\n<div class=\"\"><a class=\"ix-button-orange\" style=\"width: 180px; line-height: 40px;\" href=\"https:\/\/stor51.tauroessiccatori.com\/de\/wagen\/?add-to-cart=570\"> JETZT KAUFEN <\/a><\/div>\n<\/p><\/div>\n<\/p><\/div>\n<div class=\"uk-width-large-1-2 uk-width-1-1\">\n<div class=\"ix-blackfriday-product-image\"><img decoding=\"async\" src=\"https:\/\/d3uc6ry8rbiyhd.cloudfront.net\/wp-assets\/uploads\/2017\/04\/B6ambientato_RA.jpg\" \/><\/div>\n<\/p><\/div>\n<\/p><\/div>\n<\/p><\/div>\n<div style=\"margin-bottom:5em;margin-top:10px;background-color:#8c1a40; color: #fff;\" class=\"ix-landing-50-50-block ix-landing-svalentine-instructions\">\n<div  class=\"ix-istruzioni-san-valentino\">\n<p>&nbsp;<\/p>\n<h2><b style=\"font-weight: 600; color: #fff;\">Wie bekomme ich Rabatte zum Valentinstag?<\/b><\/h2>\n<p style=\"margin-right:20px;\" class=\"p1\">\n<div class=\"ix-higlights-body p1\">\n<ul style=\"padding-bottom: 0;\">\n<li style=\"color: #fff;\">Unser E-Commerce-Angebot<\/li>\n<li style=\"color: #fff;\">W\u00e4hlen Sie Ihre bevorzugten, bereits reduzierten Produkte aus und legen Sie sie in den Einkaufswagen.<\/li>\n<li style=\"color: #fff;\">Genie\u00dfen Sie die ganze Welt der Erhaltung ohne Verschwendung.<\/li>\n<\/ul>\n<p style=\"opacity: 0.9; color: #fff; margin-bottom:40px;\"><b>*Das Angebot kann nicht mit anderen g\u00fcltigen Rabattcodes kombiniert werden.<\/p>\n<div class=\"ix-blackfriday-last-button\"><a class=\"ix-button-orange\" style=\"background-color:#eb5906\" href=\"https:\/\/stor51.tauroessiccatori.com\/de\/c\/prodotti\/essiccatori-domestici\/\" target=\"_blank\" rel=\"noopener noreferrer\">ZUM ONLINE-SHOP GEHEN<\/a><\/div>\n<\/p><\/div>\n<\/p><\/div>\n<\/p><\/div>\n<div class=\"ix-tauro-1st-banner-blackfriday\">\n<div class=\"bg-blackfriday-sx\">\n<div class=\"bg-blackfriday-dx\">\n<div class=\"ix-blackfriday-1st-block\">\n<div class=\"ix-blackfriday-discount-banner-title\">\n<h2>IHRE TAURO-VORTEILE<\/h2>\n<\/p><\/div>\n<div class=\"ix-blackfriday-discount-banner-body\">\n<div class=\"ix-product-detail-title ix-product-detail-title-to-wrap-up ix-home-dryer-2nd-banner-distance ix-funghi-sconto-list\">\n<div class=\"ix-higlights-body p1\">\n<ul>\n<li>Engagierte Kundenbetreuung<\/li>\n<li>Die Unterst\u00fctzung einer Gemeinschaft von \u00fcber 25.000 Trocknungsbegeisterten<\/li>\n<li>Rezepte aus dem Blog, ein Chefkoch und Facebook live zu Ihrer Verf\u00fcgung!<\/li>\n<li>Drei\u00dfig Jahre Erfahrung<\/li>\n<li><strong> Garantie 100% Hergestellt in Italien <\/strong><\/li>\n<\/ul>\n<p><span style=\"display: none;\"> Beginnen Sie jetzt mit dem Trocknen, um ohne Abfall zu konservieren! <\/span><\/p>\n<\/p><\/div>\n<\/p><\/div>\n<\/p><\/div>\n<\/p><\/div>\n<\/p><\/div>\n<\/p><\/div>\n<\/p><\/div>\n<p><!--   \n\n<div class=\"ix-tauro-last-banner-blackfriday\" style=\"background-color: #fad0c2; width: 100%;\">\n      \n\n<div class=\"ix-tauro-last-banner-blackfriday-sx\">\n         \n\n<div class=\"ix-tauro-last-banner-blackfriday-dx\">\n            \n\n<div>\n               \n\n<p>Lo sconto del 15% extra vale anche per gli altri prodotti dello shop!<\/p>\n\n\n               \n\n<p>Il buono verr&agrave; applicato su tutto il carrello, purch&eacute; ci sia almeno un essiccatore Biosec.<\/p>\n\n\n               \n\n<p>Usa il codice AMABIOSEC direttamente nel carrello.<\/p>\n\n\n               \n\n<div class=\"ix-blackfriday-last-button\"><a class=\"ix-button-orange\" href=\"https:\/\/stor51.tauroessiccatori.com\/c\/prodotti\/essiccatori-domestici\/\" target=\"_blank\" rel=\"noopener noreferrer\"> VAI AL SITO ECOMMERCE <\/a><\/div>\n\n\n            <\/div>\n\n\n         <\/div>\n\n\n      <\/div>\n\n\n   <\/div>\n\n--><\/p>\n<\/div>\n<p><!-- max-width:1340px --><\/p>\n<div class=\"ix-landing2-reviews\" style=\"margin-top: 0px;\">\n<div style=\"background-color: #f3f3f3; padding: 30px;\">\n<div class=\"uk-grid uk-grid-small\">\n<div class=\"uk-width-large-1-3 uk-width-medium-1-3 uk-width-small-1-1\"><a href=\"https:\/\/it.trustpilot.com\/review\/www.tauroessiccatori.com?utm_medium=trustbox&amp;utm_source=Carousel\" target=\"_blank\" rel=\"noopener noreferrer\"> <img decoding=\"async\" style=\"margin-bottom: 20px;\" src=\"https:\/\/d3uc6ry8rbiyhd.cloudfront.net\/wp-assets\/uploads\/2020\/12\/recensione-bert.png\" \/> <\/a><\/div>\n<div class=\"uk-width-large-1-3 uk-width-medium-1-3 uk-width-small-1-1\"><a href=\"https:\/\/it.trustpilot.com\/review\/www.tauroessiccatori.com?utm_medium=trustbox&amp;utm_source=Carousel\" target=\"_blank\" rel=\"noopener noreferrer\"> <img decoding=\"async\" style=\"margin-bottom: 20px;\" src=\"https:\/\/d3uc6ry8rbiyhd.cloudfront.net\/wp-assets\/uploads\/2020\/12\/recensione-ange-1.png\" \/> <\/a><\/div>\n<div class=\"uk-width-large-1-3 uk-width-medium-1-3 uk-width-small-1-1\"><a href=\"https:\/\/it.trustpilot.com\/review\/www.tauroessiccatori.com?utm_medium=trustbox&amp;utm_source=Carousel\" target=\"_blank\" rel=\"noopener noreferrer\"> <img decoding=\"async\" style=\"margin-bottom: 20px;\" src=\"https:\/\/d3uc6ry8rbiyhd.cloudfront.net\/wp-assets\/uploads\/2020\/12\/recensione-patr.png\" \/> <\/a><\/div>\n<\/p><\/div>\n<\/p><\/div>\n<\/div>\n<\/div>\n<p> <!-- ix-tailwind --><\/p>\n<style>\n   .ix-less-then-944px-or-equal\n   {\n   display:block;\n   }\n   .ix-tailwind img.ix-less-then-1240px-or-equal\n   {\n   display:none;\n   }\n   .ix-tailwind img.ix-more-then-1240px-or-equal\n   {\n   display:block;\n   }\n   .ix-more-then-944px\n   {\n   display:none;\n   }\n   @media screen and (min-width:945px)\n   {\n   .ix-less-then-944px-or-equal\n   {\n   display:none;\n   }\n   .ix-more-then-944px\n   {\n   display:block;\n   }\n   }<\/p>\n<p>   @media screen and (max-width:1240)\n   {\n   .ix-tailwind img.ix-less-then-1240px-or-equal\n   {\n   display:block;\n   }\n   .ix-tailwind img.ix-more-then-1240px-or-equal\n   {\n   display:none;\n   }\n   }<\/p>\n<\/style>","protected":false},"excerpt":{"rendered":"<p>Metti un BIOSEC sotto l&#8217;Albero. SCOPRI QUI le promozioni di Natale! Gli sconti Black Friday sono qui! \u00a0 Clicca\u00a0per\u00a0non perderli \u2192 Speciale San Valentino: Una settimana di sconti su tutti i prodotti del negozio online. Entra anche tu nel mondo dell\u2019essiccazione! Regala subito Biosec a chi ami di pi\u00f9 o inizia ad essiccare tu stesso [&hellip;]<\/p>","protected":false},"author":1,"featured_media":0,"parent":0,"menu_order":0,"comment_status":"closed","ping_status":"closed","template":"","meta":{"footnotes":""},"tags":[],"class_list":["post-167090","page","type-page","status-publish","hentry"],"acf":[],"yoast_head":"<!-- This site is optimized with the Yoast SEO plugin v20.10 - https:\/\/yoast.com\/wordpress\/plugins\/seo\/ -->\n<title>San Valentino 2023 - Tauro Essiccatori<\/title>\n<meta name=\"robots\" content=\"noindex, follow, max-snippet:-1, max-image-preview:large, max-video-preview:-1\" \/>\n<meta property=\"og:locale\" content=\"de_DE\" \/>\n<meta property=\"og:type\" content=\"article\" \/>\n<meta property=\"og:title\" content=\"Festeggiamo l&#039;amore con lo sconto del 16% per acquistare il tuo Biosec!\" \/>\n<meta property=\"og:description\" content=\"Speciale San Valentino: sconti fino a -30%\" \/>\n<meta property=\"og:url\" content=\"https:\/\/stor51.tauroessiccatori.com\/de\/san-valentine-2023\/\" \/>\n<meta property=\"og:site_name\" content=\"Tauro Essiccatori\" \/>\n<meta property=\"article:publisher\" content=\"https:\/\/www.facebook.com\/TauroEssiccatori\/\" \/>\n<meta property=\"article:modified_time\" content=\"2023-03-25T04:37:22+00:00\" \/>\n<meta property=\"og:image\" content=\"https:\/\/stor51.tauroessiccatori.com\/wp-assets\/uploads\/2023\/02\/LANDING_banner_desktop-san-valentino_2023-tauro-essiccatori-min-scaled.jpeg\" \/>\n\t<meta property=\"og:image:width\" content=\"2560\" \/>\n\t<meta property=\"og:image:height\" content=\"965\" \/>\n\t<meta property=\"og:image:type\" content=\"image\/jpeg\" \/>\n<meta name=\"twitter:card\" content=\"summary_large_image\" \/>\n<meta name=\"twitter:label1\" content=\"Est. reading time\" \/>\n\t<meta name=\"twitter:data1\" content=\"1 minute\" \/>\n<script type=\"application\/ld+json\" class=\"yoast-schema-graph\">{\"@context\":\"https:\/\/schema.org\",\"@graph\":[{\"@type\":\"WebPage\",\"@id\":\"https:\/\/stor51.tauroessiccatori.com\/san-valentino-2023\/\",\"url\":\"https:\/\/stor51.tauroessiccatori.com\/san-valentino-2023\/\",\"name\":\"San Valentino 2023 - Tauro Essiccatori\",\"isPartOf\":{\"@id\":\"https:\/\/stor51.tauroessiccatori.com\/#website\"},\"datePublished\":\"2023-02-01T12:14:43+00:00\",\"dateModified\":\"2023-03-25T04:37:22+00:00\",\"breadcrumb\":{\"@id\":\"https:\/\/stor51.tauroessiccatori.com\/san-valentino-2023\/#breadcrumb\"},\"inLanguage\":\"de-DE\",\"potentialAction\":[{\"@type\":\"ReadAction\",\"target\":[\"https:\/\/stor51.tauroessiccatori.com\/san-valentino-2023\/\"]}]},{\"@type\":\"BreadcrumbList\",\"@id\":\"https:\/\/stor51.tauroessiccatori.com\/san-valentino-2023\/#breadcrumb\",\"itemListElement\":[{\"@type\":\"ListItem\",\"position\":1,\"name\":\"Home\",\"item\":\"https:\/\/stor51.tauroessiccatori.com\/\"},{\"@type\":\"ListItem\",\"position\":2,\"name\":\"San Valentino 2023\"}]},{\"@type\":\"WebSite\",\"@id\":\"https:\/\/stor51.tauroessiccatori.com\/#website\",\"url\":\"https:\/\/stor51.tauroessiccatori.com\/\",\"name\":\"Tauro Essiccatori\",\"description\":\"Welcome to Tauro Essiccatori online shop\",\"publisher\":{\"@id\":\"https:\/\/stor51.tauroessiccatori.com\/#organization\"},\"potentialAction\":[{\"@type\":\"SearchAction\",\"target\":{\"@type\":\"EntryPoint\",\"urlTemplate\":\"https:\/\/stor51.tauroessiccatori.com\/?s={search_term_string}\"},\"query-input\":\"required name=search_term_string\"}],\"inLanguage\":\"de-DE\"},{\"@type\":\"Organization\",\"@id\":\"https:\/\/stor51.tauroessiccatori.com\/#organization\",\"name\":\"Tauro Essiccatori\",\"url\":\"https:\/\/stor51.tauroessiccatori.com\/\",\"logo\":{\"@type\":\"ImageObject\",\"inLanguage\":\"de-DE\",\"@id\":\"https:\/\/stor51.tauroessiccatori.com\/#\/schema\/logo\/image\/\",\"url\":\"https:\/\/www.tauroessiccatori.com\/wp-assets\/uploads\/2017\/07\/logo_tauro_500x109px.png\",\"contentUrl\":\"https:\/\/www.tauroessiccatori.com\/wp-assets\/uploads\/2017\/07\/logo_tauro_500x109px.png\",\"width\":500,\"height\":109,\"caption\":\"Tauro Essiccatori\"},\"image\":{\"@id\":\"https:\/\/stor51.tauroessiccatori.com\/#\/schema\/logo\/image\/\"},\"sameAs\":[\"https:\/\/www.facebook.com\/TauroEssiccatori\/\",\"https:\/\/www.instagram.com\/tauro_essiccatori\/\",\"https:\/\/it.linkedin.com\/company\/tauro-essiccatori\",\"https:\/\/www.youtube.com\/user\/tauroessiccatori\"]}]}<\/script>\n<!-- \/ Yoast SEO plugin. -->","yoast_head_json":{"title":"San Valentino 2023 - Tauro Essiccatori","robots":{"index":"noindex","follow":"follow","max-snippet":"max-snippet:-1","max-image-preview":"max-image-preview:large","max-video-preview":"max-video-preview:-1"},"og_locale":"de_DE","og_type":"article","og_title":"Festeggiamo l'amore con lo sconto del 16% per acquistare il tuo Biosec!","og_description":"Speciale San Valentino: sconti fino a -30%","og_url":"https:\/\/stor51.tauroessiccatori.com\/de\/san-valentine-2023\/","og_site_name":"Tauro Essiccatori","article_publisher":"https:\/\/www.facebook.com\/TauroEssiccatori\/","article_modified_time":"2023-03-25T04:37:22+00:00","og_image":[{"width":2560,"height":965,"url":"https:\/\/stor51.tauroessiccatori.com\/wp-assets\/uploads\/2023\/02\/LANDING_banner_desktop-san-valentino_2023-tauro-essiccatori-min-scaled.jpeg","type":"image\/jpeg"}],"twitter_card":"summary_large_image","twitter_misc":{"Est. reading time":"1 minute"},"schema":{"@context":"https:\/\/schema.org","@graph":[{"@type":"WebPage","@id":"https:\/\/stor51.tauroessiccatori.com\/san-valentino-2023\/","url":"https:\/\/stor51.tauroessiccatori.com\/san-valentino-2023\/","name":"San Valentino 2023 - Tauro Essiccatori","isPartOf":{"@id":"https:\/\/stor51.tauroessiccatori.com\/#website"},"datePublished":"2023-02-01T12:14:43+00:00","dateModified":"2023-03-25T04:37:22+00:00","breadcrumb":{"@id":"https:\/\/stor51.tauroessiccatori.com\/san-valentino-2023\/#breadcrumb"},"inLanguage":"de-DE","potentialAction":[{"@type":"ReadAction","target":["https:\/\/stor51.tauroessiccatori.com\/san-valentino-2023\/"]}]},{"@type":"BreadcrumbList","@id":"https:\/\/stor51.tauroessiccatori.com\/san-valentino-2023\/#breadcrumb","itemListElement":[{"@type":"ListItem","position":1,"name":"Home","item":"https:\/\/stor51.tauroessiccatori.com\/"},{"@type":"ListItem","position":2,"name":"San Valentino 2023"}]},{"@type":"WebSite","@id":"https:\/\/stor51.tauroessiccatori.com\/#website","url":"https:\/\/stor51.tauroessiccatori.com\/","name":"Tauro Essiccatori","description":"Welcome to Tauro Essiccatori online shop","publisher":{"@id":"https:\/\/stor51.tauroessiccatori.com\/#organization"},"potentialAction":[{"@type":"SearchAction","target":{"@type":"EntryPoint","urlTemplate":"https:\/\/stor51.tauroessiccatori.com\/?s={search_term_string}"},"query-input":"required name=search_term_string"}],"inLanguage":"de-DE"},{"@type":"Organization","@id":"https:\/\/stor51.tauroessiccatori.com\/#organization","name":"Tauro Essiccatori","url":"https:\/\/stor51.tauroessiccatori.com\/","logo":{"@type":"ImageObject","inLanguage":"de-DE","@id":"https:\/\/stor51.tauroessiccatori.com\/#\/schema\/logo\/image\/","url":"https:\/\/www.tauroessiccatori.com\/wp-assets\/uploads\/2017\/07\/logo_tauro_500x109px.png","contentUrl":"https:\/\/www.tauroessiccatori.com\/wp-assets\/uploads\/2017\/07\/logo_tauro_500x109px.png","width":500,"height":109,"caption":"Tauro Essiccatori"},"image":{"@id":"https:\/\/stor51.tauroessiccatori.com\/#\/schema\/logo\/image\/"},"sameAs":["https:\/\/www.facebook.com\/TauroEssiccatori\/","https:\/\/www.instagram.com\/tauro_essiccatori\/","https:\/\/it.linkedin.com\/company\/tauro-essiccatori","https:\/\/www.youtube.com\/user\/tauroessiccatori"]}]}},"_links":{"self":[{"href":"https:\/\/stor51.tauroessiccatori.com\/de\/wp-json\/wp\/v2\/pages\/167090"}],"collection":[{"href":"https:\/\/stor51.tauroessiccatori.com\/de\/wp-json\/wp\/v2\/pages"}],"about":[{"href":"https:\/\/stor51.tauroessiccatori.com\/de\/wp-json\/wp\/v2\/types\/page"}],"author":[{"embeddable":true,"href":"https:\/\/stor51.tauroessiccatori.com\/de\/wp-json\/wp\/v2\/users\/1"}],"replies":[{"embeddable":true,"href":"https:\/\/stor51.tauroessiccatori.com\/de\/wp-json\/wp\/v2\/comments?post=167090"}],"version-history":[{"count":28,"href":"https:\/\/stor51.tauroessiccatori.com\/de\/wp-json\/wp\/v2\/pages\/167090\/revisions"}],"predecessor-version":[{"id":167740,"href":"https:\/\/stor51.tauroessiccatori.com\/de\/wp-json\/wp\/v2\/pages\/167090\/revisions\/167740"}],"wp:attachment":[{"href":"https:\/\/stor51.tauroessiccatori.com\/de\/wp-json\/wp\/v2\/media?parent=167090"}],"wp:term":[{"taxonomy":"post_tag","embeddable":true,"href":"https:\/\/stor51.tauroessiccatori.com\/de\/wp-json\/wp\/v2\/tags?post=167090"}],"curies":[{"name":"wp","href":"https:\/\/api.w.org\/{rel}","templated":true}]}}