


{"id":1115,"date":"2017-10-24T02:27:06","date_gmt":"2017-10-24T00:27:06","guid":{"rendered":"http:\/\/store.tauroessiccatori.com\/?page_id=1115\/"},"modified":"2023-10-18T18:30:00","modified_gmt":"2023-10-18T16:30:00","slug":"consegna-e-reso","status":"publish","type":"page","link":"https:\/\/stor51.tauroessiccatori.com\/de\/kundenbetreuung\/zustellung-und-rucksendung\/","title":{"rendered":"Lieferung und R\u00fcckgabe"},"content":{"rendered":"<div class=\"tauro-banners\"><div class=\"banner-00\" style=\"background-color: #852035\">\r\n<div class=\"ix-xmas-box-other\" style=\"font-size: 18px;padding: 7px 0;margin: 0 auto 0px auto\" align=\"center\"><b style=\"color: #fff;font-size: 18px\">Legen Sie ein BIOSEC unter den Baum. <a style=\"color: #f8cc89;font-weight: bold;text-decoration: none;font-size: 18px\" href=\"https:\/\/www.tauroessiccatori.com\/christmas-2024\/\">HIER ENTDECKEN<\/a> Weihnachts-Aktionen!<\/b><\/div>\r\n<\/div><div class=\"banner-00\" style=\"background-color: #000\">\r\n<div class=\"ix-xmas-box-other\" style=\"font-size: 18px;padding: 7px 0;margin: 0 auto 0px auto\" align=\"center\"><b style=\"color: #fff\"> Die Rabatte zum Schwarzen Freitag sind da! \u00a0 <a style=\"color: #f77209;font-weight: bold;text-decoration: none\" href=\"https:\/\/www.tauroessiccatori.com\/black-friday-2024\/\"> Klicken Sie, um sie nicht zu verpassen \u2192. <\/a>\r\n<\/b><\/div>\r\n<\/div><\/div><div class=\"ix-container-inner\">\n<div class=\"uk-grid uk-grid-medium\">\n<div class=\"uk-width-large-1-3\">\n           \n    <div class=\"ix-help-menu\">\n\n     <ul>\n       <li class=\"ix-help-menu-title\">Kundenbetreuung<\/li>\n       <li class=\"ix-link-help-li\"><a class=\"ix-link-help\" href=\"https:\/\/www.tauroessiccatori.com\/servizio-clienti\/condizioni-di-vendita\">Verkaufsbedingungen<\/a><\/li>\n       <li class=\"ix-link-help-li\"><a class=\"ix-link-help ix-help-link-active\" href=\"https:\/\/www.tauroessiccatori.com\/servizio-clienti\/consegna-e-reso\/\">Lieferung und R\u00fcckgabe<\/a><\/li>\n       <li class=\"ix-link-help-li\"><a class=\"ix-link-help\" href=\"https:\/\/www.tauroessiccatori.com\/servizio-clienti\/estensione-di-garanzia\/\">Garantieerweiterung<\/a><\/li>\n       <li class=\"ix-link-help-li\"><a class=\"ix-link-help\" href=\"https:\/\/www.tauroessiccatori.com\/servizio-clienti\/pagamento\/\">Zahlungen<\/a><\/li>\n<!--       <li class=\"ix-link-help-li\"><a class=\"ix-link-help \" href=\"https:\/\/www.tauroessiccatori.com\/servizio-clienti\/mio-account\/#\">il mio account<\/a><\/li>-->\n     <\/ul>\n\n     <ul>\n       <li class=\"ix-help-menu-title\">n\u00fctzliche Links<\/li>\n       <li class=\"ix-link-useful-li\"><a class=\"ix-link-help-link-useful\" href=\"https:\/\/www.tauroessiccatori.com\/i-nostri-tutorial\/\">Tutorial<\/a><\/li>\n       <li class=\"ix-link-useful-li\"><a class=\"ix-link-help-link-useful\" href=\"https:\/\/www.tauroessiccatori.com\/servizio-clienti\/domande-frequenti\/\">H\u00e4ufig gestellte Fragen<\/a><\/li>\n     <\/ul>\n\n     <div class=\"ix-help-button-contact-us\">\n       <a class=\"ix-button-grey\" style=\"width:180px; line-height:40px;\" href=\"https:\/\/www.tauroessiccatori.com\/contatti\/\">Kontaktieren Sie uns<\/a>\n     <\/div>\n\n      <\/div>   \n    <\/div>\n<div class=\"uk-width-large-2-3\">\n<div class=\"ix-help-right-box\">\n<p><!-- 2022-08-03 italix: kevin: was:h2 add:ix-h1--><\/p>\n<h1 class=\"ix-help-h2 ix-h1\" style=\"margin:0 !important;\">Lieferung und R\u00fcckgabe<\/h1>\n<div class=\"ix-help-p\">\n<p>Die Bestellungen werden von unseren B\u00fcros innerhalb von 48 Arbeitsstunden bearbeitet, nachdem die Bestellung in unserem Online-Shop korrekt abgeschlossen wurde.<\/p>\n<p>Der Versand erfolgt in der Regel innerhalb des n\u00e4chsten Arbeitstages nach Abschluss der Bestellung.<\/p>\n<p>In caso di pagamento tramite bonifico bancario, tale periodo viene conteggiato a partire dall\u2019accredito dell\u2019importo.<br \/>\nNon far\u00e0 pertanto fede l\u2019invio di documentazione riportante gli estremi del bonifico.<\/p>\n<p>Ab dem Zeitpunkt des Versands hat der Kurier 24\/48 Stunden Zeit f\u00fcr die effektive Zustellung. <\/p>\n<p>Es wird empfohlen, die angegebene Zieladresse zu beachten, um Lagerkosten zu vermeiden.<\/p>\n<p class=\"ix-help-expeditions-p\">Versand nach Italien<\/p>\n<table class=\"ix-help-table\">\n<tr class=\"ix-help-table-main-tr\">\n<td>Betrag<\/td>\n<td>Bank\u00fcberweisung oder Paypal<\/td>\n<td>mark<\/td>\n<\/tr>\n<tr>\n<td>unter <span class=\"ix-only-small-screen\"><br \/><\/span>a \u20ac 30<\/td>\n<td>\u20ac 4<\/td>\n<td>4 \u20ac + 4 \u20ac Nachnahmegeb\u00fchr<\/td>\n<\/tr>\n<tr>\n<td>obere <span class=\"ix-only-small-screen\"><br \/><\/span>a \u20ac 30<\/td>\n<td>\u20ac 0<\/td>\n<td>0 \u20ac + 4 \u20ac Nachnahmegeb\u00fchr<\/td>\n<\/tr>\n<\/table>\n<p class=\"ix-help-expeditions-p\">Sendungen au\u00dferhalb Italiens<\/p>\n<p>EUROP\u00c4ISCHE UNION (EU) AREA A: \u00d6sterreich, Benelux, Frankreich, Deutschland<\/p>\n<p>EUROP\u00c4ISCHE UNION (EU) Bereich B: Alle nicht genannten Staaten.<\/p>\n<table class=\"ix-help-table\">\n<tbody>\n<tr class=\"ix-help-table-main-tr\">\n<td>Betrag<\/td>\n<td>EU-Gebiet A<\/td>\n<td>EU-Gebiet B<\/td>\n<\/tr>\n<tr>\n<td>weniger als 250 \u20ac<\/td>\n<td>\u20ac 15<\/td>\n<td>\u20ac 30<\/td>\n<\/tr>\n<tr>\n<td>\u00fcber 250 \u20ac<\/td>\n<td>\u20ac 10<\/td>\n<td>\u20ac 20<\/td>\n<\/tr>\n<\/tbody>\n<\/table>\n<p><b>Verbringungen au\u00dferhalb der Europ\u00e4ischen Union (EU)<\/b><\/p>\n<p>In diesem Fall nehmen Sie bitte Kontakt mit uns auf, um ein Angebot anzufordern.<\/p>\n<p>&#8212;&#8212;&#8212;&#8212;&#8212;<\/p>\n<p><b>Recht auf Widerruf<\/b><\/p>\n<p>Nach geltendem Recht ist es m\u00f6glich, vom Widerrufsrecht Gebrauch zu machen, wenn die folgenden Bedingungen erf\u00fcllt sind.<\/p>\n<p>Der Wunsch, von diesem Recht Gebrauch zu machen, muss uns innerhalb von 14 Tagen nach Erhalt der Ware mitgeteilt werden, am besten per Einschreiben mit R\u00fcckschein an folgende Adresse:<\/p>\n<p>Tauro Essiccatori Srl - via del lavoro 6 - 36043 Camisano Vicentino <\/p>\n<p>oder von PEC unter <\/p>\n<p>tauroessiccatorisrl@pec.it<\/p>\n<p>Das Antragsschreiben muss die Angabe eines Bank- oder Postkontos enthalten, auf dem der geschuldete Betrag gutgeschrieben wird.<\/p>\n<p>Au\u00dferdem muss das gekaufte und nicht mehr ben\u00f6tigte Produkt innerhalb der gleichen Frist an uns zur\u00fcckgeschickt werden. <br \/>Esso deve essere integro e completo di ogni sua parte, compresi accessori, manuali e<br \/>\naltro materiale presente nella confezione, imballato con cura per non subire danni durante la spedizione.<br \/>\nBitte f\u00fcgen Sie auch eine Kopie des Steuerbelegs oder der Kaufrechnung bei. Die R\u00fccksendekosten gehen zu Lasten des Kunden.<br \/>\nNach Erhalt der Ware und Pr\u00fcfung ihrer Unversehrtheit wird der Preis der Ware auf das in dem Schreiben, mit dem das Widerrufsrecht beantragt wird, angegebene Girokonto zur\u00fcckerstattet.<\/p>\n<p>Die R\u00fcckerstattung betrifft den Preis der Produkte abz\u00fcglich der Versandkosten und erfolgt innerhalb von 14 Tagen nach R\u00fccksendung der Ware.<\/p>\n<\/p><\/div>\n<\/p><\/div>\n<\/p><\/div>\n<\/div>\n<\/div>","protected":false},"excerpt":{"rendered":"<p>Metti un BIOSEC sotto l&#8217;Albero. SCOPRI QUI le promozioni di Natale! Gli sconti Black Friday sono qui! \u00a0 Clicca\u00a0per\u00a0non perderli \u2192 consegna e reso Gli ordini vengono gestiti dai nostri uffici entro 48 ore lavorative dalla corretta finalizzazione dell&#8217;ordine sul nostro shop on line. La spedizione viene normalmente effettuate entro il giorno lavorativo successivo a [&hellip;]<\/p>","protected":false},"author":1,"featured_media":0,"parent":1088,"menu_order":0,"comment_status":"closed","ping_status":"closed","template":"","meta":{"footnotes":""},"tags":[],"class_list":["post-1115","page","type-page","status-publish","hentry"],"acf":[],"yoast_head":"<!-- This site is optimized with the Yoast SEO plugin v20.10 - https:\/\/yoast.com\/wordpress\/plugins\/seo\/ -->\n<title>Consegna e reso - Tauro Essiccatori<\/title>\n<meta name=\"robots\" content=\"noindex, follow, max-snippet:-1, max-image-preview:large, max-video-preview:-1\" \/>\n<meta property=\"og:locale\" content=\"de_DE\" \/>\n<meta property=\"og:type\" content=\"article\" \/>\n<meta property=\"og:title\" content=\"Consegna e reso - Tauro Essiccatori\" \/>\n<meta property=\"og:description\" content=\"Metti un BIOSEC sotto l&#039;Albero. SCOPRI QUI le promozioni di Natale! Gli sconti Black Friday sono qui! \u00a0 Clicca\u00a0per\u00a0non perderli \u2192 consegna e reso Gli ordini vengono gestiti dai nostri uffici entro 48 ore lavorative dalla corretta finalizzazione dell&#8217;ordine sul nostro shop on line. La spedizione viene normalmente effettuate entro il giorno lavorativo successivo a [&hellip;]\" \/>\n<meta property=\"og:url\" content=\"https:\/\/stor51.tauroessiccatori.com\/de\/kundenbetreuung\/zustellung-und-rucksendung\/\" \/>\n<meta property=\"og:site_name\" content=\"Tauro Essiccatori\" \/>\n<meta property=\"article:publisher\" content=\"https:\/\/www.facebook.com\/TauroEssiccatori\/\" \/>\n<meta property=\"article:modified_time\" content=\"2023-10-18T16:30:00+00:00\" \/>\n<meta name=\"twitter:card\" content=\"summary_large_image\" \/>\n<meta name=\"twitter:label1\" content=\"Est. reading time\" \/>\n\t<meta name=\"twitter:data1\" content=\"3 minutes\" \/>\n<script type=\"application\/ld+json\" class=\"yoast-schema-graph\">{\"@context\":\"https:\/\/schema.org\",\"@graph\":[{\"@type\":\"WebPage\",\"@id\":\"https:\/\/stor51.tauroessiccatori.com\/servizio-clienti\/consegna-e-reso\/\",\"url\":\"https:\/\/stor51.tauroessiccatori.com\/servizio-clienti\/consegna-e-reso\/\",\"name\":\"Consegna e reso - Tauro Essiccatori\",\"isPartOf\":{\"@id\":\"https:\/\/stor51.tauroessiccatori.com\/#website\"},\"datePublished\":\"2017-10-24T00:27:06+00:00\",\"dateModified\":\"2023-10-18T16:30:00+00:00\",\"breadcrumb\":{\"@id\":\"https:\/\/stor51.tauroessiccatori.com\/servizio-clienti\/consegna-e-reso\/#breadcrumb\"},\"inLanguage\":\"de-DE\",\"potentialAction\":[{\"@type\":\"ReadAction\",\"target\":[\"https:\/\/stor51.tauroessiccatori.com\/servizio-clienti\/consegna-e-reso\/\"]}]},{\"@type\":\"BreadcrumbList\",\"@id\":\"https:\/\/stor51.tauroessiccatori.com\/servizio-clienti\/consegna-e-reso\/#breadcrumb\",\"itemListElement\":[{\"@type\":\"ListItem\",\"position\":1,\"name\":\"Home\",\"item\":\"https:\/\/stor51.tauroessiccatori.com\/\"},{\"@type\":\"ListItem\",\"position\":2,\"name\":\"Servizio clienti\",\"item\":\"https:\/\/stor51.tauroessiccatori.com\/servizio-clienti\/\"},{\"@type\":\"ListItem\",\"position\":3,\"name\":\"Consegna e reso\"}]},{\"@type\":\"WebSite\",\"@id\":\"https:\/\/stor51.tauroessiccatori.com\/#website\",\"url\":\"https:\/\/stor51.tauroessiccatori.com\/\",\"name\":\"Tauro Essiccatori\",\"description\":\"Welcome to Tauro Essiccatori online shop\",\"publisher\":{\"@id\":\"https:\/\/stor51.tauroessiccatori.com\/#organization\"},\"potentialAction\":[{\"@type\":\"SearchAction\",\"target\":{\"@type\":\"EntryPoint\",\"urlTemplate\":\"https:\/\/stor51.tauroessiccatori.com\/?s={search_term_string}\"},\"query-input\":\"required name=search_term_string\"}],\"inLanguage\":\"de-DE\"},{\"@type\":\"Organization\",\"@id\":\"https:\/\/stor51.tauroessiccatori.com\/#organization\",\"name\":\"Tauro Essiccatori\",\"url\":\"https:\/\/stor51.tauroessiccatori.com\/\",\"logo\":{\"@type\":\"ImageObject\",\"inLanguage\":\"de-DE\",\"@id\":\"https:\/\/stor51.tauroessiccatori.com\/#\/schema\/logo\/image\/\",\"url\":\"https:\/\/www.tauroessiccatori.com\/wp-assets\/uploads\/2017\/07\/logo_tauro_500x109px.png\",\"contentUrl\":\"https:\/\/www.tauroessiccatori.com\/wp-assets\/uploads\/2017\/07\/logo_tauro_500x109px.png\",\"width\":500,\"height\":109,\"caption\":\"Tauro Essiccatori\"},\"image\":{\"@id\":\"https:\/\/stor51.tauroessiccatori.com\/#\/schema\/logo\/image\/\"},\"sameAs\":[\"https:\/\/www.facebook.com\/TauroEssiccatori\/\",\"https:\/\/www.instagram.com\/tauro_essiccatori\/\",\"https:\/\/it.linkedin.com\/company\/tauro-essiccatori\",\"https:\/\/www.youtube.com\/user\/tauroessiccatori\"]}]}<\/script>\n<!-- \/ Yoast SEO plugin. -->","yoast_head_json":{"title":"Consegna e reso - Tauro Essiccatori","robots":{"index":"noindex","follow":"follow","max-snippet":"max-snippet:-1","max-image-preview":"max-image-preview:large","max-video-preview":"max-video-preview:-1"},"og_locale":"de_DE","og_type":"article","og_title":"Consegna e reso - Tauro Essiccatori","og_description":"Metti un BIOSEC sotto l'Albero. SCOPRI QUI le promozioni di Natale! Gli sconti Black Friday sono qui! \u00a0 Clicca\u00a0per\u00a0non perderli \u2192 consegna e reso Gli ordini vengono gestiti dai nostri uffici entro 48 ore lavorative dalla corretta finalizzazione dell&#8217;ordine sul nostro shop on line. La spedizione viene normalmente effettuate entro il giorno lavorativo successivo a [&hellip;]","og_url":"https:\/\/stor51.tauroessiccatori.com\/de\/kundenbetreuung\/zustellung-und-rucksendung\/","og_site_name":"Tauro Essiccatori","article_publisher":"https:\/\/www.facebook.com\/TauroEssiccatori\/","article_modified_time":"2023-10-18T16:30:00+00:00","twitter_card":"summary_large_image","twitter_misc":{"Est. reading time":"3 minutes"},"schema":{"@context":"https:\/\/schema.org","@graph":[{"@type":"WebPage","@id":"https:\/\/stor51.tauroessiccatori.com\/servizio-clienti\/consegna-e-reso\/","url":"https:\/\/stor51.tauroessiccatori.com\/servizio-clienti\/consegna-e-reso\/","name":"Consegna e reso - Tauro Essiccatori","isPartOf":{"@id":"https:\/\/stor51.tauroessiccatori.com\/#website"},"datePublished":"2017-10-24T00:27:06+00:00","dateModified":"2023-10-18T16:30:00+00:00","breadcrumb":{"@id":"https:\/\/stor51.tauroessiccatori.com\/servizio-clienti\/consegna-e-reso\/#breadcrumb"},"inLanguage":"de-DE","potentialAction":[{"@type":"ReadAction","target":["https:\/\/stor51.tauroessiccatori.com\/servizio-clienti\/consegna-e-reso\/"]}]},{"@type":"BreadcrumbList","@id":"https:\/\/stor51.tauroessiccatori.com\/servizio-clienti\/consegna-e-reso\/#breadcrumb","itemListElement":[{"@type":"ListItem","position":1,"name":"Home","item":"https:\/\/stor51.tauroessiccatori.com\/"},{"@type":"ListItem","position":2,"name":"Servizio clienti","item":"https:\/\/stor51.tauroessiccatori.com\/servizio-clienti\/"},{"@type":"ListItem","position":3,"name":"Consegna e reso"}]},{"@type":"WebSite","@id":"https:\/\/stor51.tauroessiccatori.com\/#website","url":"https:\/\/stor51.tauroessiccatori.com\/","name":"Tauro Essiccatori","description":"Welcome to Tauro Essiccatori online shop","publisher":{"@id":"https:\/\/stor51.tauroessiccatori.com\/#organization"},"potentialAction":[{"@type":"SearchAction","target":{"@type":"EntryPoint","urlTemplate":"https:\/\/stor51.tauroessiccatori.com\/?s={search_term_string}"},"query-input":"required name=search_term_string"}],"inLanguage":"de-DE"},{"@type":"Organization","@id":"https:\/\/stor51.tauroessiccatori.com\/#organization","name":"Tauro Essiccatori","url":"https:\/\/stor51.tauroessiccatori.com\/","logo":{"@type":"ImageObject","inLanguage":"de-DE","@id":"https:\/\/stor51.tauroessiccatori.com\/#\/schema\/logo\/image\/","url":"https:\/\/www.tauroessiccatori.com\/wp-assets\/uploads\/2017\/07\/logo_tauro_500x109px.png","contentUrl":"https:\/\/www.tauroessiccatori.com\/wp-assets\/uploads\/2017\/07\/logo_tauro_500x109px.png","width":500,"height":109,"caption":"Tauro Essiccatori"},"image":{"@id":"https:\/\/stor51.tauroessiccatori.com\/#\/schema\/logo\/image\/"},"sameAs":["https:\/\/www.facebook.com\/TauroEssiccatori\/","https:\/\/www.instagram.com\/tauro_essiccatori\/","https:\/\/it.linkedin.com\/company\/tauro-essiccatori","https:\/\/www.youtube.com\/user\/tauroessiccatori"]}]}},"_links":{"self":[{"href":"https:\/\/stor51.tauroessiccatori.com\/de\/wp-json\/wp\/v2\/pages\/1115"}],"collection":[{"href":"https:\/\/stor51.tauroessiccatori.com\/de\/wp-json\/wp\/v2\/pages"}],"about":[{"href":"https:\/\/stor51.tauroessiccatori.com\/de\/wp-json\/wp\/v2\/types\/page"}],"author":[{"embeddable":true,"href":"https:\/\/stor51.tauroessiccatori.com\/de\/wp-json\/wp\/v2\/users\/1"}],"replies":[{"embeddable":true,"href":"https:\/\/stor51.tauroessiccatori.com\/de\/wp-json\/wp\/v2\/comments?post=1115"}],"version-history":[{"count":62,"href":"https:\/\/stor51.tauroessiccatori.com\/de\/wp-json\/wp\/v2\/pages\/1115\/revisions"}],"predecessor-version":[{"id":169397,"href":"https:\/\/stor51.tauroessiccatori.com\/de\/wp-json\/wp\/v2\/pages\/1115\/revisions\/169397"}],"up":[{"embeddable":true,"href":"https:\/\/stor51.tauroessiccatori.com\/de\/wp-json\/wp\/v2\/pages\/1088"}],"wp:attachment":[{"href":"https:\/\/stor51.tauroessiccatori.com\/de\/wp-json\/wp\/v2\/media?parent=1115"}],"wp:term":[{"taxonomy":"post_tag","embeddable":true,"href":"https:\/\/stor51.tauroessiccatori.com\/de\/wp-json\/wp\/v2\/tags?post=1115"}],"curies":[{"name":"wp","href":"https:\/\/api.w.org\/{rel}","templated":true}]}}