


{"id":913,"date":"2017-08-13T22:04:23","date_gmt":"2017-08-13T20:04:23","guid":{"rendered":"http:\/\/store.tauroessiccatori.com\/?post_type=product&#038;p=913\/"},"modified":"2023-05-12T11:00:39","modified_gmt":"2023-05-12T09:00:39","slug":"biosec-pro","status":"publish","type":"product","link":"https:\/\/stor51.tauroessiccatori.com\/cs\/p\/biosec-pro\/","title":{"rendered":"Biosec Pro"},"content":{"rendered":"<div class=\"tauro-banners\"><div class=\"banner-00\" style=\"background-color: #852035\">\r\n<div class=\"ix-xmas-box-other\" style=\"font-size: 18px;padding: 7px 0;margin: 0 auto 0px auto\" align=\"center\"><b style=\"color: #fff;font-size: 18px\">Pod strom um\u00edst\u011bte BIOSEC. <a style=\"color: #f8cc89;font-weight: bold;text-decoration: none;font-size: 18px\" href=\"https:\/\/www.tauroessiccatori.com\/christmas-2024\/\">ZDE<\/a> V\u00e1no\u010dn\u00ed akce!<\/b><\/div>\r\n<\/div><div class=\"banner-00\" style=\"background-color: #000\">\r\n<div class=\"ix-xmas-box-other\" style=\"font-size: 18px;padding: 7px 0;margin: 0 auto 0px auto\" align=\"center\"><b style=\"color: #fff\"> Slevy na \u010cern\u00fd p\u00e1tek jsou tu! \u00a0 <a style=\"color: #f77209;font-weight: bold;text-decoration: none\" href=\"https:\/\/www.tauroessiccatori.com\/black-friday-2024\/\"> Klikn\u011bte, abyste je neprop\u00e1sli \u2192 <\/a>\r\n<\/b><\/div>\r\n<\/div><\/div><div class=\"ix-professional-dryer-description\">\n<h4 class=\"ix-professional-dryer-description-h4\"><strong>AUTOMATICK\u00c9, MANU\u00c1LN\u00cd A P\u0158IZP\u016eSOBEN\u00c9 PROGRAMY: BIOSEC PRO PR\u00c1V\u011a PRO V\u00c1S<\/strong><\/h4>\n<p>Biosec PRO je nov\u00e1 su\u0161i\u010dka nejnov\u011bj\u0161\u00ed generace navr\u017een\u00e1 a vyr\u00e1b\u011bn\u00e1 spole\u010dnost\u00ed Tauro. D\u00edky automatick\u00fdm program\u016fm je proces su\u0161en\u00ed jednoduch\u00fd a okam\u017eit\u00fd, ale ponech\u00e1v\u00e1 v\u00e1m autonomii p\u0159i ur\u010dov\u00e1n\u00ed provozn\u00ed teploty: vypracujte s na\u0161\u00edm t\u00fdmem specializovan\u00e1 \u0159e\u0161en\u00ed na m\u00edru va\u0161im pot\u0159eb\u00e1m.<\/p>\n<h4 class=\"ix-professional-dryer-description-h4\"><strong>TECHNOLOGIE VE SLU\u017dB\u00c1CH EKONOMIKY A EKOLOGIE<\/strong><\/h4>\n<p>Izolovan\u00e1 konstrukce pro vy\u0161\u0161\u00ed \u00fa\u010dinnost a v\u011bt\u0161\u00ed \u00fasporu energie, 4 ventil\u00e1tory zaji\u0161\u0165uj\u00edc\u00ed homogenitu proud\u011bn\u00ed, rychlej\u0161\u00ed v\u00fdsledky a vy\u0161\u0161\u00ed kvalitu, ohleduplnost k z\u00e1kazn\u00edkovi, \u017eivotn\u00edmu prost\u0159ed\u00ed i va\u0161\u00ed pen\u011b\u017eence.<\/p>\n<h4 class=\"ix-professional-dryer-description-h4\"><strong>DOSTUPN\u00c9 MO\u017dNOSTI<\/strong><\/h4>\n<p>SANITACE UV-C PAPRSKY: Maximalizujte hygienu sv\u00e9ho p\u0159\u00edstroje Biosec Pro pomoc\u00ed UV-C paprsk\u016f, kter\u00e9 pom\u00e1haj\u00ed dezinfikovat cirkuluj\u00edc\u00ed vzduch, a dos\u00e1hn\u011bte tak je\u0161t\u011b profesion\u00e1ln\u011bj\u0161\u00edho a dokonalej\u0161\u00edho v\u00fdsledku s maxim\u00e1ln\u00ed bezpe\u010dnost\u00ed.<br \/>\nSYST\u00c9M \u0158\u00cdZEN\u00cd S WIFI: integrovan\u00e9 WiFi pro \u0159\u00edzen\u00ed proces\u016f z chytr\u00fdch telefon\u016f a po\u010d\u00edta\u010d\u016f, implementaci program\u016f a zaji\u0161t\u011bn\u00ed okam\u017eit\u00e9 diagnostiky i na d\u00e1lku. V\u017edy v\u00edme, co se d\u011bje uvnit\u0159 va\u0161eho za\u0159\u00edzen\u00ed Biosec Pro!<\/p>\n<\/div>","protected":false},"excerpt":{"rendered":"<p>Metti un BIOSEC sotto l&#8217;Albero. SCOPRI QUI le promozioni di Natale! Gli sconti Black Friday sono qui! \u00a0 Clicca\u00a0per\u00a0non perderli \u2192 PROGRAMMI AUTOMATICI, MANUALI E PERSONALIZZATI: UN BIOSEC PRO SOLO PER TE Biosec PRO \u00e8 il nuovo essiccatore di ultima generazione progettato e prodotto da Tauro. I programmi automatici rendono semplice ed immediato il processo [&hellip;]<\/p>","protected":false},"featured_media":137931,"comment_status":"closed","ping_status":"closed","template":"","meta":[],"product_cat":[194],"product_tag":[],"class_list":["post-913","product","type-product","status-publish","has-post-thumbnail","hentry","product_cat-essiccatori-professionali"],"acf":[],"yoast_head":"<!-- This site is optimized with the Yoast SEO plugin v20.10 - https:\/\/yoast.com\/wordpress\/plugins\/seo\/ -->\n<title>Essiccatore professionale Biosec Pro - Tauro Essiccatori<\/title>\n<meta name=\"description\" content=\"Biosec Pro \u00e8 l&#039;esiccatore professionale interamente in acciaio inox. Essiccatore orizzontale con dodici ripiani, pu\u00f2 essiccare fino a 30 kg.\" \/>\n<meta name=\"robots\" content=\"noindex, follow, max-snippet:-1, max-image-preview:large, max-video-preview:-1\" \/>\n<meta property=\"og:locale\" content=\"cs_CZ\" \/>\n<meta property=\"og:type\" content=\"article\" \/>\n<meta property=\"og:title\" content=\"Riutilizzo di scarti ed eccedenze: Biosec PRO per dare valore alla tua azienda.\" \/>\n<meta property=\"og:description\" content=\"Offri valore aggiunto e nuova vita ai tuoi prodotti migliori: con l\u2019essiccazione rinnovi il tuo business e lo rendi green e zero scarti.\" \/>\n<meta property=\"og:url\" content=\"https:\/\/stor51.tauroessiccatori.com\/cs\/p\/biosec-pro\/\" \/>\n<meta property=\"og:site_name\" content=\"Tauro Essiccatori\" \/>\n<meta property=\"article:publisher\" content=\"https:\/\/www.facebook.com\/TauroEssiccatori\/\" \/>\n<meta property=\"article:modified_time\" content=\"2023-05-12T09:00:39+00:00\" \/>\n<meta property=\"og:image\" content=\"https:\/\/stor51.tauroessiccatori.com\/wp-assets\/uploads\/2017\/08\/23Luglio2021_EssiccazionePRO_1200x630px_tauro-essiccatori.png\" \/>\n\t<meta property=\"og:image:width\" content=\"1200\" \/>\n\t<meta property=\"og:image:height\" content=\"630\" \/>\n\t<meta property=\"og:image:type\" content=\"image\/png\" \/>\n<meta name=\"twitter:card\" content=\"summary_large_image\" \/>\n<meta name=\"twitter:label1\" content=\"Est. reading time\" \/>\n\t<meta name=\"twitter:data1\" content=\"1 minuta\" \/>\n<script type=\"application\/ld+json\" class=\"yoast-schema-graph\">{\"@context\":\"https:\/\/schema.org\",\"@graph\":[{\"@type\":\"WebPage\",\"@id\":\"https:\/\/stor51.tauroessiccatori.com\/p\/biosec-pro\/\",\"url\":\"https:\/\/stor51.tauroessiccatori.com\/p\/biosec-pro\/\",\"name\":\"Essiccatore professionale Biosec Pro - Tauro Essiccatori\",\"isPartOf\":{\"@id\":\"https:\/\/stor51.tauroessiccatori.com\/#website\"},\"datePublished\":\"2017-08-13T20:04:23+00:00\",\"dateModified\":\"2023-05-12T09:00:39+00:00\",\"description\":\"Biosec Pro \u00e8 l'esiccatore professionale interamente in acciaio inox. Essiccatore orizzontale con dodici ripiani, pu\u00f2 essiccare fino a 30 kg.\",\"breadcrumb\":{\"@id\":\"https:\/\/stor51.tauroessiccatori.com\/p\/biosec-pro\/#breadcrumb\"},\"inLanguage\":\"cs\",\"potentialAction\":[{\"@type\":\"ReadAction\",\"target\":[\"https:\/\/stor51.tauroessiccatori.com\/p\/biosec-pro\/\"]}]},{\"@type\":\"BreadcrumbList\",\"@id\":\"https:\/\/stor51.tauroessiccatori.com\/p\/biosec-pro\/#breadcrumb\",\"itemListElement\":[{\"@type\":\"ListItem\",\"position\":1,\"name\":\"Home\",\"item\":\"https:\/\/stor51.tauroessiccatori.com\/\"},{\"@type\":\"ListItem\",\"position\":2,\"name\":\"Shop\",\"item\":\"https:\/\/stor51.tauroessiccatori.com\/negozio\/\"},{\"@type\":\"ListItem\",\"position\":3,\"name\":\"Biosec Pro\"}]},{\"@type\":\"WebSite\",\"@id\":\"https:\/\/stor51.tauroessiccatori.com\/#website\",\"url\":\"https:\/\/stor51.tauroessiccatori.com\/\",\"name\":\"Tauro Essiccatori\",\"description\":\"Welcome to Tauro Essiccatori online shop\",\"publisher\":{\"@id\":\"https:\/\/stor51.tauroessiccatori.com\/#organization\"},\"potentialAction\":[{\"@type\":\"SearchAction\",\"target\":{\"@type\":\"EntryPoint\",\"urlTemplate\":\"https:\/\/stor51.tauroessiccatori.com\/?s={search_term_string}\"},\"query-input\":\"required name=search_term_string\"}],\"inLanguage\":\"cs\"},{\"@type\":\"Organization\",\"@id\":\"https:\/\/stor51.tauroessiccatori.com\/#organization\",\"name\":\"Tauro Essiccatori\",\"url\":\"https:\/\/stor51.tauroessiccatori.com\/\",\"logo\":{\"@type\":\"ImageObject\",\"inLanguage\":\"cs\",\"@id\":\"https:\/\/stor51.tauroessiccatori.com\/#\/schema\/logo\/image\/\",\"url\":\"https:\/\/www.tauroessiccatori.com\/wp-assets\/uploads\/2017\/07\/logo_tauro_500x109px.png\",\"contentUrl\":\"https:\/\/www.tauroessiccatori.com\/wp-assets\/uploads\/2017\/07\/logo_tauro_500x109px.png\",\"width\":500,\"height\":109,\"caption\":\"Tauro Essiccatori\"},\"image\":{\"@id\":\"https:\/\/stor51.tauroessiccatori.com\/#\/schema\/logo\/image\/\"},\"sameAs\":[\"https:\/\/www.facebook.com\/TauroEssiccatori\/\",\"https:\/\/www.instagram.com\/tauro_essiccatori\/\",\"https:\/\/it.linkedin.com\/company\/tauro-essiccatori\",\"https:\/\/www.youtube.com\/user\/tauroessiccatori\"]}]}<\/script>\n<!-- \/ Yoast SEO plugin. -->","yoast_head_json":{"title":"Essiccatore professionale Biosec Pro - Tauro Essiccatori","description":"Biosec Pro \u00e8 l'esiccatore professionale interamente in acciaio inox. Essiccatore orizzontale con dodici ripiani, pu\u00f2 essiccare fino a 30 kg.","robots":{"index":"noindex","follow":"follow","max-snippet":"max-snippet:-1","max-image-preview":"max-image-preview:large","max-video-preview":"max-video-preview:-1"},"og_locale":"cs_CZ","og_type":"article","og_title":"Riutilizzo di scarti ed eccedenze: Biosec PRO per dare valore alla tua azienda.","og_description":"Offri valore aggiunto e nuova vita ai tuoi prodotti migliori: con l\u2019essiccazione rinnovi il tuo business e lo rendi green e zero scarti.","og_url":"https:\/\/stor51.tauroessiccatori.com\/cs\/p\/biosec-pro\/","og_site_name":"Tauro Essiccatori","article_publisher":"https:\/\/www.facebook.com\/TauroEssiccatori\/","article_modified_time":"2023-05-12T09:00:39+00:00","og_image":[{"width":1200,"height":630,"url":"https:\/\/stor51.tauroessiccatori.com\/wp-assets\/uploads\/2017\/08\/23Luglio2021_EssiccazionePRO_1200x630px_tauro-essiccatori.png","type":"image\/png"}],"twitter_card":"summary_large_image","twitter_misc":{"Est. reading time":"1 minuta"},"schema":{"@context":"https:\/\/schema.org","@graph":[{"@type":"WebPage","@id":"https:\/\/stor51.tauroessiccatori.com\/p\/biosec-pro\/","url":"https:\/\/stor51.tauroessiccatori.com\/p\/biosec-pro\/","name":"Essiccatore professionale Biosec Pro - Tauro Essiccatori","isPartOf":{"@id":"https:\/\/stor51.tauroessiccatori.com\/#website"},"datePublished":"2017-08-13T20:04:23+00:00","dateModified":"2023-05-12T09:00:39+00:00","description":"Biosec Pro \u00e8 l'esiccatore professionale interamente in acciaio inox. Essiccatore orizzontale con dodici ripiani, pu\u00f2 essiccare fino a 30 kg.","breadcrumb":{"@id":"https:\/\/stor51.tauroessiccatori.com\/p\/biosec-pro\/#breadcrumb"},"inLanguage":"cs","potentialAction":[{"@type":"ReadAction","target":["https:\/\/stor51.tauroessiccatori.com\/p\/biosec-pro\/"]}]},{"@type":"BreadcrumbList","@id":"https:\/\/stor51.tauroessiccatori.com\/p\/biosec-pro\/#breadcrumb","itemListElement":[{"@type":"ListItem","position":1,"name":"Home","item":"https:\/\/stor51.tauroessiccatori.com\/"},{"@type":"ListItem","position":2,"name":"Shop","item":"https:\/\/stor51.tauroessiccatori.com\/negozio\/"},{"@type":"ListItem","position":3,"name":"Biosec Pro"}]},{"@type":"WebSite","@id":"https:\/\/stor51.tauroessiccatori.com\/#website","url":"https:\/\/stor51.tauroessiccatori.com\/","name":"Tauro Essiccatori","description":"Welcome to Tauro Essiccatori online shop","publisher":{"@id":"https:\/\/stor51.tauroessiccatori.com\/#organization"},"potentialAction":[{"@type":"SearchAction","target":{"@type":"EntryPoint","urlTemplate":"https:\/\/stor51.tauroessiccatori.com\/?s={search_term_string}"},"query-input":"required name=search_term_string"}],"inLanguage":"cs"},{"@type":"Organization","@id":"https:\/\/stor51.tauroessiccatori.com\/#organization","name":"Tauro Essiccatori","url":"https:\/\/stor51.tauroessiccatori.com\/","logo":{"@type":"ImageObject","inLanguage":"cs","@id":"https:\/\/stor51.tauroessiccatori.com\/#\/schema\/logo\/image\/","url":"https:\/\/www.tauroessiccatori.com\/wp-assets\/uploads\/2017\/07\/logo_tauro_500x109px.png","contentUrl":"https:\/\/www.tauroessiccatori.com\/wp-assets\/uploads\/2017\/07\/logo_tauro_500x109px.png","width":500,"height":109,"caption":"Tauro Essiccatori"},"image":{"@id":"https:\/\/stor51.tauroessiccatori.com\/#\/schema\/logo\/image\/"},"sameAs":["https:\/\/www.facebook.com\/TauroEssiccatori\/","https:\/\/www.instagram.com\/tauro_essiccatori\/","https:\/\/it.linkedin.com\/company\/tauro-essiccatori","https:\/\/www.youtube.com\/user\/tauroessiccatori"]}]}},"_links":{"self":[{"href":"https:\/\/stor51.tauroessiccatori.com\/cs\/wp-json\/wp\/v2\/product\/913"}],"collection":[{"href":"https:\/\/stor51.tauroessiccatori.com\/cs\/wp-json\/wp\/v2\/product"}],"about":[{"href":"https:\/\/stor51.tauroessiccatori.com\/cs\/wp-json\/wp\/v2\/types\/product"}],"replies":[{"embeddable":true,"href":"https:\/\/stor51.tauroessiccatori.com\/cs\/wp-json\/wp\/v2\/comments?post=913"}],"wp:featuredmedia":[{"embeddable":true,"href":"https:\/\/stor51.tauroessiccatori.com\/cs\/wp-json\/wp\/v2\/media\/137931"}],"wp:attachment":[{"href":"https:\/\/stor51.tauroessiccatori.com\/cs\/wp-json\/wp\/v2\/media?parent=913"}],"wp:term":[{"taxonomy":"product_cat","embeddable":true,"href":"https:\/\/stor51.tauroessiccatori.com\/cs\/wp-json\/wp\/v2\/product_cat?post=913"},{"taxonomy":"product_tag","embeddable":true,"href":"https:\/\/stor51.tauroessiccatori.com\/cs\/wp-json\/wp\/v2\/product_tag?post=913"}],"curies":[{"name":"wp","href":"https:\/\/api.w.org\/{rel}","templated":true}]}}