


{"id":78041,"date":"2021-03-10T16:13:36","date_gmt":"2021-03-10T15:13:36","guid":{"rendered":"https:\/\/www.tauroessiccatori.com\/?post_type=product&#038;p=78041\/"},"modified":"2023-05-16T11:10:49","modified_gmt":"2023-05-16T09:10:49","slug":"macinaspezie-elettrico","status":"publish","type":"product","link":"https:\/\/stor51.tauroessiccatori.com\/cs\/p\/macinaspezie-elettrico\/","title":{"rendered":"Elektrick\u00fd ml\u00fdnek na ko\u0159en\u00ed 350W"},"content":{"rendered":"<div class=\"tauro-banners\"><div class=\"banner-00\" style=\"background-color: #852035\">\r\n<div class=\"ix-xmas-box-other\" style=\"font-size: 18px;padding: 7px 0;margin: 0 auto 0px auto\" align=\"center\"><b style=\"color: #fff;font-size: 18px\">Pod strom um\u00edst\u011bte BIOSEC. <a style=\"color: #f8cc89;font-weight: bold;text-decoration: none;font-size: 18px\" href=\"https:\/\/www.tauroessiccatori.com\/christmas-2024\/\">ZDE<\/a> V\u00e1no\u010dn\u00ed akce!<\/b><\/div>\r\n<\/div><div class=\"banner-00\" style=\"background-color: #000\">\r\n<div class=\"ix-xmas-box-other\" style=\"font-size: 18px;padding: 7px 0;margin: 0 auto 0px auto\" align=\"center\"><b style=\"color: #fff\"> Slevy na \u010cern\u00fd p\u00e1tek jsou tu! \u00a0 <a style=\"color: #f77209;font-weight: bold;text-decoration: none\" href=\"https:\/\/www.tauroessiccatori.com\/black-friday-2024\/\"> Klikn\u011bte, abyste je neprop\u00e1sli \u2192 <\/a>\r\n<\/b><\/div>\r\n<\/div><\/div><p><span style=\"font-weight: 400;\">Un macinaspezie elettrico versatile e potente, che pu\u00f2 essere utilizzato per sminuzzare cibi secchi ed essiccati. Fornito di due contenitori inox con due diverse lame, e coperchio antipolvere.<\/span><\/p>\n<p><span style=\"font-weight: 400;\">Caratteristiche principali:\u00a0<\/span><span style=\"font-weight: 400;\">Potente motore elettrico da 350 W. 2 b<\/span><span style=\"font-weight: 400;\">icchieri in acciaio inox estraibili e facilmente lavabili: c<\/span>oltello a 2 lame: adatto per macinare cibi secchi, coltello a 4 lame: adatto per cibi oleosi \/ umidi. Coperchio separato per la chiusura del contenitore in acciaio inossidabile. Capacit\u00e0 fino a 80 g di chicchi di caff\u00e8, spezie, erbe aromatiche. 2 livelli di velocit\u00e0. Blocco di sicurezza: funzionamento possibile solo con il coperchio chiuso. Coperchio trasparente per una rapida visione dell&#8217;interno del contenitore. Piedini in gomma antiscivolo. Contenitore in acciaio inox rimovibile. Cassa in acciaio inossidabile con elementi in plastica nera.<\/p>\n<p>&nbsp;<\/p>\n<p><span style=\"font-weight: 400;\">Attenzione: non riempire completamente il bicchiere, ma al massimo per i 2\/3 della sua capienza. Questo macinacaff\u00e8 \u00e8 pensato per utilizzo domestico ed occasionale, e non per utilizzo prolungato e professionale. Seguire attentamente le istruzioni interne per un funzionamento ottimale.<\/span><\/p>\n<p>&nbsp;<\/p>\n<p><strong>TECHNICK\u00c9 VLASTNOSTI<\/strong><\/p>\n<ul class=\"ix-technical-features-list\">\n<li>Coltello a 2 lame: adatto per macinare cibi secchi<\/li>\n<li>Coltello a 4 lame: adatto per cibi oleosi \/ umidi<\/li>\n<li>Coperchio separato per la chiusura del contenitore in acciaio inossidabile<\/li>\n<li>Capacit\u00e0 fino a 80 g di chicchi di caff\u00e8, spezie, erbe aromatiche<\/li>\n<li>2 livelli di velocit\u00e0<\/li>\n<li>Blocco di sicurezza: funzionamento possibile solo con il coperchio chiuso<\/li>\n<li>Coperchio trasparente per una rapida visione dell&#8217;interno del contenitore<\/li>\n<li>Piedini in gomma antiscivolo<\/li>\n<li>Contenitore in acciaio inox rimovibile<\/li>\n<li>Cassa in acciaio inossidabile con elementi in plastica nera<\/li>\n<li>Potenza elettrica 350 W<\/li>\n<li>L = 12 cm x P = 12 cm x H = 24 cm<\/li>\n<\/ul>","protected":false},"excerpt":{"rendered":"<p>Metti un BIOSEC sotto l&#8217;Albero. SCOPRI QUI le promozioni di Natale! Gli sconti Black Friday sono qui! \u00a0 Clicca\u00a0per\u00a0non perderli \u2192 Un macinaspezie elettrico versatile e potente, che pu\u00f2 essere utilizzato per sminuzzare cibi secchi ed essiccati. Fornito di due contenitori inox con due diverse lame, e coperchio antipolvere. Caratteristiche principali:\u00a0Potente motore elettrico da 350 [&hellip;]<\/p>","protected":false},"featured_media":78044,"comment_status":"closed","ping_status":"closed","template":"","meta":[],"product_cat":[285],"product_tag":[],"class_list":["post-78041","product","type-product","status-publish","has-post-thumbnail","hentry","product_cat-macinaspezie-polverizzatori"],"acf":[],"yoast_head":"<!-- This site is optimized with the Yoast SEO plugin v20.10 - https:\/\/yoast.com\/wordpress\/plugins\/seo\/ -->\n<title>Macinaspezie elettrico 350W - Tauro Essiccatori<\/title>\n<meta name=\"robots\" content=\"noindex, follow, max-snippet:-1, max-image-preview:large, max-video-preview:-1\" \/>\n<meta property=\"og:locale\" content=\"cs_CZ\" \/>\n<meta property=\"og:type\" content=\"article\" \/>\n<meta property=\"og:title\" content=\"Macinaspezie elettrico 350W - Tauro Essiccatori\" \/>\n<meta property=\"og:description\" content=\"Metti un BIOSEC sotto l&#039;Albero. SCOPRI QUI le promozioni di Natale! Gli sconti Black Friday sono qui! \u00a0 Clicca\u00a0per\u00a0non perderli \u2192 Un macinaspezie elettrico versatile e potente, che pu\u00f2 essere utilizzato per sminuzzare cibi secchi ed essiccati. Fornito di due contenitori inox con due diverse lame, e coperchio antipolvere. Caratteristiche principali:\u00a0Potente motore elettrico da 350 [&hellip;]\" \/>\n<meta property=\"og:url\" content=\"https:\/\/stor51.tauroessiccatori.com\/cs\/p\/macinaspezie-elettrico\/\" \/>\n<meta property=\"og:site_name\" content=\"Tauro Essiccatori\" \/>\n<meta property=\"article:publisher\" content=\"https:\/\/www.facebook.com\/TauroEssiccatori\/\" \/>\n<meta property=\"article:modified_time\" content=\"2023-05-16T09:10:49+00:00\" \/>\n<meta property=\"og:image\" content=\"https:\/\/stor51.tauroessiccatori.com\/wp-assets\/uploads\/2021\/03\/cloer741901.jpg\" \/>\n\t<meta property=\"og:image:width\" content=\"1210\" \/>\n\t<meta property=\"og:image:height\" content=\"750\" \/>\n\t<meta property=\"og:image:type\" content=\"image\/jpeg\" \/>\n<meta name=\"twitter:card\" content=\"summary_large_image\" \/>\n<meta name=\"twitter:label1\" content=\"Est. reading time\" \/>\n\t<meta name=\"twitter:data1\" content=\"1 minuta\" \/>\n<script type=\"application\/ld+json\" class=\"yoast-schema-graph\">{\"@context\":\"https:\/\/schema.org\",\"@graph\":[{\"@type\":\"WebPage\",\"@id\":\"https:\/\/stor51.tauroessiccatori.com\/p\/macinaspezie-elettrico\/\",\"url\":\"https:\/\/stor51.tauroessiccatori.com\/p\/macinaspezie-elettrico\/\",\"name\":\"Macinaspezie elettrico 350W - Tauro Essiccatori\",\"isPartOf\":{\"@id\":\"https:\/\/stor51.tauroessiccatori.com\/#website\"},\"datePublished\":\"2021-03-10T15:13:36+00:00\",\"dateModified\":\"2023-05-16T09:10:49+00:00\",\"breadcrumb\":{\"@id\":\"https:\/\/stor51.tauroessiccatori.com\/p\/macinaspezie-elettrico\/#breadcrumb\"},\"inLanguage\":\"cs\",\"potentialAction\":[{\"@type\":\"ReadAction\",\"target\":[\"https:\/\/stor51.tauroessiccatori.com\/p\/macinaspezie-elettrico\/\"]}]},{\"@type\":\"BreadcrumbList\",\"@id\":\"https:\/\/stor51.tauroessiccatori.com\/p\/macinaspezie-elettrico\/#breadcrumb\",\"itemListElement\":[{\"@type\":\"ListItem\",\"position\":1,\"name\":\"Home\",\"item\":\"https:\/\/stor51.tauroessiccatori.com\/\"},{\"@type\":\"ListItem\",\"position\":2,\"name\":\"Shop\",\"item\":\"https:\/\/stor51.tauroessiccatori.com\/negozio\/\"},{\"@type\":\"ListItem\",\"position\":3,\"name\":\"Macinaspezie elettrico 350W\"}]},{\"@type\":\"WebSite\",\"@id\":\"https:\/\/stor51.tauroessiccatori.com\/#website\",\"url\":\"https:\/\/stor51.tauroessiccatori.com\/\",\"name\":\"Tauro Essiccatori\",\"description\":\"Welcome to Tauro Essiccatori online shop\",\"publisher\":{\"@id\":\"https:\/\/stor51.tauroessiccatori.com\/#organization\"},\"potentialAction\":[{\"@type\":\"SearchAction\",\"target\":{\"@type\":\"EntryPoint\",\"urlTemplate\":\"https:\/\/stor51.tauroessiccatori.com\/?s={search_term_string}\"},\"query-input\":\"required name=search_term_string\"}],\"inLanguage\":\"cs\"},{\"@type\":\"Organization\",\"@id\":\"https:\/\/stor51.tauroessiccatori.com\/#organization\",\"name\":\"Tauro Essiccatori\",\"url\":\"https:\/\/stor51.tauroessiccatori.com\/\",\"logo\":{\"@type\":\"ImageObject\",\"inLanguage\":\"cs\",\"@id\":\"https:\/\/stor51.tauroessiccatori.com\/#\/schema\/logo\/image\/\",\"url\":\"https:\/\/www.tauroessiccatori.com\/wp-assets\/uploads\/2017\/07\/logo_tauro_500x109px.png\",\"contentUrl\":\"https:\/\/www.tauroessiccatori.com\/wp-assets\/uploads\/2017\/07\/logo_tauro_500x109px.png\",\"width\":500,\"height\":109,\"caption\":\"Tauro Essiccatori\"},\"image\":{\"@id\":\"https:\/\/stor51.tauroessiccatori.com\/#\/schema\/logo\/image\/\"},\"sameAs\":[\"https:\/\/www.facebook.com\/TauroEssiccatori\/\",\"https:\/\/www.instagram.com\/tauro_essiccatori\/\",\"https:\/\/it.linkedin.com\/company\/tauro-essiccatori\",\"https:\/\/www.youtube.com\/user\/tauroessiccatori\"]}]}<\/script>\n<!-- \/ Yoast SEO plugin. -->","yoast_head_json":{"title":"Macinaspezie elettrico 350W - Tauro Essiccatori","robots":{"index":"noindex","follow":"follow","max-snippet":"max-snippet:-1","max-image-preview":"max-image-preview:large","max-video-preview":"max-video-preview:-1"},"og_locale":"cs_CZ","og_type":"article","og_title":"Macinaspezie elettrico 350W - Tauro Essiccatori","og_description":"Metti un BIOSEC sotto l'Albero. SCOPRI QUI le promozioni di Natale! Gli sconti Black Friday sono qui! \u00a0 Clicca\u00a0per\u00a0non perderli \u2192 Un macinaspezie elettrico versatile e potente, che pu\u00f2 essere utilizzato per sminuzzare cibi secchi ed essiccati. Fornito di due contenitori inox con due diverse lame, e coperchio antipolvere. Caratteristiche principali:\u00a0Potente motore elettrico da 350 [&hellip;]","og_url":"https:\/\/stor51.tauroessiccatori.com\/cs\/p\/macinaspezie-elettrico\/","og_site_name":"Tauro Essiccatori","article_publisher":"https:\/\/www.facebook.com\/TauroEssiccatori\/","article_modified_time":"2023-05-16T09:10:49+00:00","og_image":[{"width":1210,"height":750,"url":"https:\/\/stor51.tauroessiccatori.com\/wp-assets\/uploads\/2021\/03\/cloer741901.jpg","type":"image\/jpeg"}],"twitter_card":"summary_large_image","twitter_misc":{"Est. reading time":"1 minuta"},"schema":{"@context":"https:\/\/schema.org","@graph":[{"@type":"WebPage","@id":"https:\/\/stor51.tauroessiccatori.com\/p\/macinaspezie-elettrico\/","url":"https:\/\/stor51.tauroessiccatori.com\/p\/macinaspezie-elettrico\/","name":"Macinaspezie elettrico 350W - Tauro Essiccatori","isPartOf":{"@id":"https:\/\/stor51.tauroessiccatori.com\/#website"},"datePublished":"2021-03-10T15:13:36+00:00","dateModified":"2023-05-16T09:10:49+00:00","breadcrumb":{"@id":"https:\/\/stor51.tauroessiccatori.com\/p\/macinaspezie-elettrico\/#breadcrumb"},"inLanguage":"cs","potentialAction":[{"@type":"ReadAction","target":["https:\/\/stor51.tauroessiccatori.com\/p\/macinaspezie-elettrico\/"]}]},{"@type":"BreadcrumbList","@id":"https:\/\/stor51.tauroessiccatori.com\/p\/macinaspezie-elettrico\/#breadcrumb","itemListElement":[{"@type":"ListItem","position":1,"name":"Home","item":"https:\/\/stor51.tauroessiccatori.com\/"},{"@type":"ListItem","position":2,"name":"Shop","item":"https:\/\/stor51.tauroessiccatori.com\/negozio\/"},{"@type":"ListItem","position":3,"name":"Macinaspezie elettrico 350W"}]},{"@type":"WebSite","@id":"https:\/\/stor51.tauroessiccatori.com\/#website","url":"https:\/\/stor51.tauroessiccatori.com\/","name":"Tauro Essiccatori","description":"Welcome to Tauro Essiccatori online shop","publisher":{"@id":"https:\/\/stor51.tauroessiccatori.com\/#organization"},"potentialAction":[{"@type":"SearchAction","target":{"@type":"EntryPoint","urlTemplate":"https:\/\/stor51.tauroessiccatori.com\/?s={search_term_string}"},"query-input":"required name=search_term_string"}],"inLanguage":"cs"},{"@type":"Organization","@id":"https:\/\/stor51.tauroessiccatori.com\/#organization","name":"Tauro Essiccatori","url":"https:\/\/stor51.tauroessiccatori.com\/","logo":{"@type":"ImageObject","inLanguage":"cs","@id":"https:\/\/stor51.tauroessiccatori.com\/#\/schema\/logo\/image\/","url":"https:\/\/www.tauroessiccatori.com\/wp-assets\/uploads\/2017\/07\/logo_tauro_500x109px.png","contentUrl":"https:\/\/www.tauroessiccatori.com\/wp-assets\/uploads\/2017\/07\/logo_tauro_500x109px.png","width":500,"height":109,"caption":"Tauro Essiccatori"},"image":{"@id":"https:\/\/stor51.tauroessiccatori.com\/#\/schema\/logo\/image\/"},"sameAs":["https:\/\/www.facebook.com\/TauroEssiccatori\/","https:\/\/www.instagram.com\/tauro_essiccatori\/","https:\/\/it.linkedin.com\/company\/tauro-essiccatori","https:\/\/www.youtube.com\/user\/tauroessiccatori"]}]}},"_links":{"self":[{"href":"https:\/\/stor51.tauroessiccatori.com\/cs\/wp-json\/wp\/v2\/product\/78041"}],"collection":[{"href":"https:\/\/stor51.tauroessiccatori.com\/cs\/wp-json\/wp\/v2\/product"}],"about":[{"href":"https:\/\/stor51.tauroessiccatori.com\/cs\/wp-json\/wp\/v2\/types\/product"}],"replies":[{"embeddable":true,"href":"https:\/\/stor51.tauroessiccatori.com\/cs\/wp-json\/wp\/v2\/comments?post=78041"}],"wp:featuredmedia":[{"embeddable":true,"href":"https:\/\/stor51.tauroessiccatori.com\/cs\/wp-json\/wp\/v2\/media\/78044"}],"wp:attachment":[{"href":"https:\/\/stor51.tauroessiccatori.com\/cs\/wp-json\/wp\/v2\/media?parent=78041"}],"wp:term":[{"taxonomy":"product_cat","embeddable":true,"href":"https:\/\/stor51.tauroessiccatori.com\/cs\/wp-json\/wp\/v2\/product_cat?post=78041"},{"taxonomy":"product_tag","embeddable":true,"href":"https:\/\/stor51.tauroessiccatori.com\/cs\/wp-json\/wp\/v2\/product_tag?post=78041"}],"curies":[{"name":"wp","href":"https:\/\/api.w.org\/{rel}","templated":true}]}}