


{"id":3659,"date":"2019-08-01T17:56:58","date_gmt":"2019-08-01T15:56:58","guid":{"rendered":"https:\/\/store.tauroessiccatori.com\/?post_type=product&#038;p=3659\/"},"modified":"2023-05-16T11:11:46","modified_gmt":"2023-05-16T09:11:46","slug":"mandolina-v6-exclusiveline-stainless-steel-slicer","status":"publish","type":"product","link":"https:\/\/stor51.tauroessiccatori.com\/cs\/p\/mandoline-v6-exclusiveline-stainless-steel-slicer\/","title":{"rendered":"Mandol\u00edna Borner V6 Exclusive Line"},"content":{"rendered":"<div class=\"tauro-banners\"><div class=\"banner-00\" style=\"background-color: #852035\">\r\n<div class=\"ix-xmas-box-other\" style=\"font-size: 18px;padding: 7px 0;margin: 0 auto 0px auto\" align=\"center\"><b style=\"color: #fff;font-size: 18px\">Pod strom um\u00edst\u011bte BIOSEC. <a style=\"color: #f8cc89;font-weight: bold;text-decoration: none;font-size: 18px\" href=\"https:\/\/www.tauroessiccatori.com\/christmas-2024\/\">ZDE<\/a> V\u00e1no\u010dn\u00ed akce!<\/b><\/div>\r\n<\/div><div class=\"banner-00\" style=\"background-color: #000\">\r\n<div class=\"ix-xmas-box-other\" style=\"font-size: 18px;padding: 7px 0;margin: 0 auto 0px auto\" align=\"center\"><b style=\"color: #fff\"> Slevy na \u010cern\u00fd p\u00e1tek jsou tu! \u00a0 <a style=\"color: #f77209;font-weight: bold;text-decoration: none\" href=\"https:\/\/www.tauroessiccatori.com\/black-friday-2024\/\"> Klikn\u011bte, abyste je neprop\u00e1sli \u2192 <\/a>\r\n<\/b><\/div>\r\n<\/div><\/div><p><span style=\"font-weight: 400\">Pro p\u0159\u00edznivce kr\u00e1je\u010d\u016f zeleniny, kte\u0159\u00ed hledaj\u00ed n\u011bco elegantn\u011bj\u0161\u00edho, je ur\u010dena tato verze z nerezov\u00e9 oceli. Vyberte si z p\u0159ilo\u017een\u00fdch desti\u010dek pro r\u016fzn\u00e9 mo\u017enosti kr\u00e1jen\u00ed. Se speci\u00e1ln\u00ed vlo\u017ekou m\u016f\u017eete kr\u00e1jet tenk\u00e9 a siln\u00e9 pl\u00e1tky, zat\u00edmco dal\u0161\u00ed vlo\u017eky o pr\u016fm\u011bru 3,5 mm a 7 mm umo\u017e\u0148uj\u00ed kr\u00e1jet ty\u010dinky, prou\u017eky Julienne nebo dokonce kostky ve 4 r\u016fzn\u00fdch velikostech. Mezi p\u0159\u00edslu\u0161enstv\u00ed pat\u0159\u00ed tak\u00e9 bezpe\u010dnostn\u00ed dr\u017e\u00e1k potravin, kter\u00fd chr\u00e1n\u00ed prsty p\u0159ed nerezov\u00fdmi \u010depelemi.<\/span><\/p>\n<p><span style=\"font-weight: 400\">V\u0161echny \u010d\u00e1sti t\u00e9to sady jsou bezpe\u010dn\u00e9 pro potraviny, neobsahuj\u00ed BPA, ftal\u00e1ty ani \u0161kodliv\u00e9 l\u00e1tky. To zaru\u010duje bezstarostnou p\u0159\u00edpravu zdrav\u00fdch a l\u00e1kav\u00fdch j\u00eddel pro v\u00e1s i va\u0161i rodinu.<\/span><\/p>\n<p>&nbsp;<\/p>\n<p><strong>TECHNICK\u00c9 VLASTNOSTI<\/strong><\/p>\n<p>&nbsp;<\/p>\n<ul>\n<li><span style=\"font-weight: 400\">Origin\u00e1l B\u00f6rner p\u0159\u00edmo z N\u011bmecka<\/span><\/li>\n<li><span style=\"font-weight: 400\">Nakr\u00e1jejte 3 pl\u00e1tky r\u016fzn\u00e9 tlou\u0161\u0165ky<\/span><\/li>\n<li><span style=\"font-weight: 400\">\u0158eza\u010dka kostek ve 2 r\u016fzn\u00fdch velikostech<\/span><\/li>\n<li><span style=\"font-weight: 400\">Bezpe\u010dnostn\u00ed za\u0159\u00edzen\u00ed pro \u0159ez\u00e1n\u00ed a d\u011btsk\u00e1 pojistka<\/span><\/li>\n<li><span style=\"font-weight: 400\">Na \u010depele B\u00f6rner se vztahuje z\u00e1ruka 5 let!<\/span><\/li>\n<li><span style=\"font-weight: 400\">Bez BPA a ftal\u00e1t\u016f<\/span><\/li>\n<li><span style=\"font-weight: 400\">V\u010detn\u011b praktick\u00e9ho p\u0159\u00edslu\u0161enstv\u00ed pro ulo\u017een\u00ed mandol\u00edny a desti\u010dek<\/span><\/li>\n<\/ul>\n<p>&nbsp;<\/p>\n<p><strong>OBSAH BALEN\u00cd<\/strong><\/p>\n<p>&nbsp;<\/p>\n<ul>\n<li><span style=\"font-weight: 400\">Mandol\u00edna z nerezov\u00e9 oceli V6<\/span><\/li>\n<li><span style=\"font-weight: 400\">Vlo\u017eky pro pl\u00e1tky r\u016fzn\u00fdch velikost\u00ed<\/span><\/li>\n<li><span style=\"font-weight: 400\">Vlo\u017eky pro ty\u010de nebo kostky<\/span><\/li>\n<li><span style=\"font-weight: 400\">Za\u0159\u00edzen\u00ed pro bezpe\u010dnost potravin<\/span><\/li>\n<li><span style=\"font-weight: 400\">P\u0159\u00edslu\u0161enstv\u00ed pro ulo\u017een\u00ed mandol\u00edny a vlo\u017eek<\/span><\/li>\n<li><span style=\"font-weight: 400\">P\u0159\u00edslu\u0161enstv\u00ed na ochranu ost\u0159\u00ed<\/span><\/li>\n<\/ul>","protected":false},"excerpt":{"rendered":"<ul>\n<li><span style=\"font-weight: 400\">Origin\u00e1l B\u00f6rner p\u0159\u00edmo z N\u011bmecka<\/span><\/li>\n<li><span style=\"font-weight: 400\">Nakr\u00e1jejte 3 pl\u00e1tky r\u016fzn\u00e9 tlou\u0161\u0165ky<\/span><\/li>\n<li><span style=\"font-weight: 400\">\u0158eza\u010dka kostek ve 2 r\u016fzn\u00fdch velikostech<\/span><\/li>\n<li><span style=\"font-weight: 400\">Bezpe\u010dnostn\u00ed za\u0159\u00edzen\u00ed pro \u0159ez\u00e1n\u00ed a d\u011btsk\u00e1 pojistka<\/span><\/li>\n<li><span style=\"font-weight: 400\">Na \u010depele B\u00f6rner se vztahuje z\u00e1ruka 5 let!<\/span><\/li>\n<li><span style=\"font-weight: 400\">Bez BPA a ftal\u00e1t\u016f<\/span><\/li>\n<li><span style=\"font-weight: 400\">V\u010detn\u011b praktick\u00e9ho p\u0159\u00edslu\u0161enstv\u00ed pro ulo\u017een\u00ed mandol\u00edny a desti\u010dek<\/span><\/li>\n<\/ul>","protected":false},"featured_media":3683,"comment_status":"closed","ping_status":"closed","template":"","meta":[],"product_cat":[275],"product_tag":[],"class_list":["post-3659","product","type-product","status-publish","has-post-thumbnail","hentry","product_cat-taglia-verdure"],"acf":[],"yoast_head":"<!-- This site is optimized with the Yoast SEO plugin v20.10 - https:\/\/yoast.com\/wordpress\/plugins\/seo\/ -->\n<title>Mandolina Borner V6 Exclusive Line - Tauro Essiccatori<\/title>\n<meta name=\"robots\" content=\"noindex, follow, max-snippet:-1, max-image-preview:large, max-video-preview:-1\" \/>\n<meta property=\"og:locale\" content=\"cs_CZ\" \/>\n<meta property=\"og:type\" content=\"article\" \/>\n<meta property=\"og:title\" content=\"Mandolina Borner V6 Exclusive Line - Tauro Essiccatori\" \/>\n<meta property=\"og:description\" content=\"L&#039;originale B\u00f6rner direttamente dalla Germania  Taglia fette di 3 spessori diversi  Taglia cubetti in 2 diverse dimensioni  Dispositivo di sicurezza per tagliare e blocco bambini  Lame in garanzia B\u00f6rner per 5 anni!  Senza BPA n\u00e8 ftalati  Incluso un pratico accessorio dove conservare mandolina ed inserti\" \/>\n<meta property=\"og:url\" content=\"https:\/\/stor51.tauroessiccatori.com\/cs\/p\/mandoline-v6-exclusiveline-stainless-steel-slicer\/\" \/>\n<meta property=\"og:site_name\" content=\"Tauro Essiccatori\" \/>\n<meta property=\"article:publisher\" content=\"https:\/\/www.facebook.com\/TauroEssiccatori\/\" \/>\n<meta property=\"article:modified_time\" content=\"2023-05-16T09:11:46+00:00\" \/>\n<meta property=\"og:image\" content=\"https:\/\/stor51.tauroessiccatori.com\/wp-assets\/uploads\/2019\/08\/mandolina-inox.jpg\" \/>\n\t<meta property=\"og:image:width\" content=\"1210\" \/>\n\t<meta property=\"og:image:height\" content=\"750\" \/>\n\t<meta property=\"og:image:type\" content=\"image\/jpeg\" \/>\n<meta name=\"twitter:card\" content=\"summary_large_image\" \/>\n<meta name=\"twitter:label1\" content=\"Est. reading time\" \/>\n\t<meta name=\"twitter:data1\" content=\"1 minuta\" \/>\n<script type=\"application\/ld+json\" class=\"yoast-schema-graph\">{\"@context\":\"https:\/\/schema.org\",\"@graph\":[{\"@type\":\"WebPage\",\"@id\":\"https:\/\/stor51.tauroessiccatori.com\/p\/mandolina-v6-exclusiveline-stainless-steel-slicer\/\",\"url\":\"https:\/\/stor51.tauroessiccatori.com\/p\/mandolina-v6-exclusiveline-stainless-steel-slicer\/\",\"name\":\"Mandolina Borner V6 Exclusive Line - Tauro Essiccatori\",\"isPartOf\":{\"@id\":\"https:\/\/stor51.tauroessiccatori.com\/#website\"},\"datePublished\":\"2019-08-01T15:56:58+00:00\",\"dateModified\":\"2023-05-16T09:11:46+00:00\",\"breadcrumb\":{\"@id\":\"https:\/\/stor51.tauroessiccatori.com\/p\/mandolina-v6-exclusiveline-stainless-steel-slicer\/#breadcrumb\"},\"inLanguage\":\"cs\",\"potentialAction\":[{\"@type\":\"ReadAction\",\"target\":[\"https:\/\/stor51.tauroessiccatori.com\/p\/mandolina-v6-exclusiveline-stainless-steel-slicer\/\"]}]},{\"@type\":\"BreadcrumbList\",\"@id\":\"https:\/\/stor51.tauroessiccatori.com\/p\/mandolina-v6-exclusiveline-stainless-steel-slicer\/#breadcrumb\",\"itemListElement\":[{\"@type\":\"ListItem\",\"position\":1,\"name\":\"Home\",\"item\":\"https:\/\/stor51.tauroessiccatori.com\/\"},{\"@type\":\"ListItem\",\"position\":2,\"name\":\"Shop\",\"item\":\"https:\/\/stor51.tauroessiccatori.com\/negozio\/\"},{\"@type\":\"ListItem\",\"position\":3,\"name\":\"Mandolina Borner V6 Exclusive Line\"}]},{\"@type\":\"WebSite\",\"@id\":\"https:\/\/stor51.tauroessiccatori.com\/#website\",\"url\":\"https:\/\/stor51.tauroessiccatori.com\/\",\"name\":\"Tauro Essiccatori\",\"description\":\"Welcome to Tauro Essiccatori online shop\",\"publisher\":{\"@id\":\"https:\/\/stor51.tauroessiccatori.com\/#organization\"},\"potentialAction\":[{\"@type\":\"SearchAction\",\"target\":{\"@type\":\"EntryPoint\",\"urlTemplate\":\"https:\/\/stor51.tauroessiccatori.com\/?s={search_term_string}\"},\"query-input\":\"required name=search_term_string\"}],\"inLanguage\":\"cs\"},{\"@type\":\"Organization\",\"@id\":\"https:\/\/stor51.tauroessiccatori.com\/#organization\",\"name\":\"Tauro Essiccatori\",\"url\":\"https:\/\/stor51.tauroessiccatori.com\/\",\"logo\":{\"@type\":\"ImageObject\",\"inLanguage\":\"cs\",\"@id\":\"https:\/\/stor51.tauroessiccatori.com\/#\/schema\/logo\/image\/\",\"url\":\"https:\/\/www.tauroessiccatori.com\/wp-assets\/uploads\/2017\/07\/logo_tauro_500x109px.png\",\"contentUrl\":\"https:\/\/www.tauroessiccatori.com\/wp-assets\/uploads\/2017\/07\/logo_tauro_500x109px.png\",\"width\":500,\"height\":109,\"caption\":\"Tauro Essiccatori\"},\"image\":{\"@id\":\"https:\/\/stor51.tauroessiccatori.com\/#\/schema\/logo\/image\/\"},\"sameAs\":[\"https:\/\/www.facebook.com\/TauroEssiccatori\/\",\"https:\/\/www.instagram.com\/tauro_essiccatori\/\",\"https:\/\/it.linkedin.com\/company\/tauro-essiccatori\",\"https:\/\/www.youtube.com\/user\/tauroessiccatori\"]}]}<\/script>\n<!-- \/ Yoast SEO plugin. -->","yoast_head_json":{"title":"Mandolina Borner V6 Exclusive Line - Tauro Essiccatori","robots":{"index":"noindex","follow":"follow","max-snippet":"max-snippet:-1","max-image-preview":"max-image-preview:large","max-video-preview":"max-video-preview:-1"},"og_locale":"cs_CZ","og_type":"article","og_title":"Mandolina Borner V6 Exclusive Line - Tauro Essiccatori","og_description":"L'originale B\u00f6rner direttamente dalla Germania  Taglia fette di 3 spessori diversi  Taglia cubetti in 2 diverse dimensioni  Dispositivo di sicurezza per tagliare e blocco bambini  Lame in garanzia B\u00f6rner per 5 anni!  Senza BPA n\u00e8 ftalati  Incluso un pratico accessorio dove conservare mandolina ed inserti","og_url":"https:\/\/stor51.tauroessiccatori.com\/cs\/p\/mandoline-v6-exclusiveline-stainless-steel-slicer\/","og_site_name":"Tauro Essiccatori","article_publisher":"https:\/\/www.facebook.com\/TauroEssiccatori\/","article_modified_time":"2023-05-16T09:11:46+00:00","og_image":[{"width":1210,"height":750,"url":"https:\/\/stor51.tauroessiccatori.com\/wp-assets\/uploads\/2019\/08\/mandolina-inox.jpg","type":"image\/jpeg"}],"twitter_card":"summary_large_image","twitter_misc":{"Est. reading time":"1 minuta"},"schema":{"@context":"https:\/\/schema.org","@graph":[{"@type":"WebPage","@id":"https:\/\/stor51.tauroessiccatori.com\/p\/mandolina-v6-exclusiveline-stainless-steel-slicer\/","url":"https:\/\/stor51.tauroessiccatori.com\/p\/mandolina-v6-exclusiveline-stainless-steel-slicer\/","name":"Mandolina Borner V6 Exclusive Line - Tauro Essiccatori","isPartOf":{"@id":"https:\/\/stor51.tauroessiccatori.com\/#website"},"datePublished":"2019-08-01T15:56:58+00:00","dateModified":"2023-05-16T09:11:46+00:00","breadcrumb":{"@id":"https:\/\/stor51.tauroessiccatori.com\/p\/mandolina-v6-exclusiveline-stainless-steel-slicer\/#breadcrumb"},"inLanguage":"cs","potentialAction":[{"@type":"ReadAction","target":["https:\/\/stor51.tauroessiccatori.com\/p\/mandolina-v6-exclusiveline-stainless-steel-slicer\/"]}]},{"@type":"BreadcrumbList","@id":"https:\/\/stor51.tauroessiccatori.com\/p\/mandolina-v6-exclusiveline-stainless-steel-slicer\/#breadcrumb","itemListElement":[{"@type":"ListItem","position":1,"name":"Home","item":"https:\/\/stor51.tauroessiccatori.com\/"},{"@type":"ListItem","position":2,"name":"Shop","item":"https:\/\/stor51.tauroessiccatori.com\/negozio\/"},{"@type":"ListItem","position":3,"name":"Mandolina Borner V6 Exclusive Line"}]},{"@type":"WebSite","@id":"https:\/\/stor51.tauroessiccatori.com\/#website","url":"https:\/\/stor51.tauroessiccatori.com\/","name":"Tauro Essiccatori","description":"Welcome to Tauro Essiccatori online shop","publisher":{"@id":"https:\/\/stor51.tauroessiccatori.com\/#organization"},"potentialAction":[{"@type":"SearchAction","target":{"@type":"EntryPoint","urlTemplate":"https:\/\/stor51.tauroessiccatori.com\/?s={search_term_string}"},"query-input":"required name=search_term_string"}],"inLanguage":"cs"},{"@type":"Organization","@id":"https:\/\/stor51.tauroessiccatori.com\/#organization","name":"Tauro Essiccatori","url":"https:\/\/stor51.tauroessiccatori.com\/","logo":{"@type":"ImageObject","inLanguage":"cs","@id":"https:\/\/stor51.tauroessiccatori.com\/#\/schema\/logo\/image\/","url":"https:\/\/www.tauroessiccatori.com\/wp-assets\/uploads\/2017\/07\/logo_tauro_500x109px.png","contentUrl":"https:\/\/www.tauroessiccatori.com\/wp-assets\/uploads\/2017\/07\/logo_tauro_500x109px.png","width":500,"height":109,"caption":"Tauro Essiccatori"},"image":{"@id":"https:\/\/stor51.tauroessiccatori.com\/#\/schema\/logo\/image\/"},"sameAs":["https:\/\/www.facebook.com\/TauroEssiccatori\/","https:\/\/www.instagram.com\/tauro_essiccatori\/","https:\/\/it.linkedin.com\/company\/tauro-essiccatori","https:\/\/www.youtube.com\/user\/tauroessiccatori"]}]}},"_links":{"self":[{"href":"https:\/\/stor51.tauroessiccatori.com\/cs\/wp-json\/wp\/v2\/product\/3659"}],"collection":[{"href":"https:\/\/stor51.tauroessiccatori.com\/cs\/wp-json\/wp\/v2\/product"}],"about":[{"href":"https:\/\/stor51.tauroessiccatori.com\/cs\/wp-json\/wp\/v2\/types\/product"}],"replies":[{"embeddable":true,"href":"https:\/\/stor51.tauroessiccatori.com\/cs\/wp-json\/wp\/v2\/comments?post=3659"}],"wp:featuredmedia":[{"embeddable":true,"href":"https:\/\/stor51.tauroessiccatori.com\/cs\/wp-json\/wp\/v2\/media\/3683"}],"wp:attachment":[{"href":"https:\/\/stor51.tauroessiccatori.com\/cs\/wp-json\/wp\/v2\/media?parent=3659"}],"wp:term":[{"taxonomy":"product_cat","embeddable":true,"href":"https:\/\/stor51.tauroessiccatori.com\/cs\/wp-json\/wp\/v2\/product_cat?post=3659"},{"taxonomy":"product_tag","embeddable":true,"href":"https:\/\/stor51.tauroessiccatori.com\/cs\/wp-json\/wp\/v2\/product_tag?post=3659"}],"curies":[{"name":"wp","href":"https:\/\/api.w.org\/{rel}","templated":true}]}}