


{"id":1959,"date":"2018-03-30T12:24:07","date_gmt":"2018-03-30T10:24:07","guid":{"rendered":"http:\/\/store.tauroessiccatori.com\/?post_type=product&#038;p=1959\/"},"modified":"2023-05-16T11:33:55","modified_gmt":"2023-05-16T09:33:55","slug":"promo-pack-4","status":"publish","type":"product","link":"https:\/\/stor51.tauroessiccatori.com\/cs\/p\/promo-pack-4\/","title":{"rendered":"PROMO BAL\u00cd\u010cEK 4"},"content":{"rendered":"<div class=\"tauro-banners\"><div class=\"banner-00\" style=\"background-color: #852035\">\r\n<div class=\"ix-xmas-box-other\" style=\"font-size: 18px;padding: 7px 0;margin: 0 auto 0px auto\" align=\"center\"><b style=\"color: #fff;font-size: 18px\">Pod strom um\u00edst\u011bte BIOSEC. <a style=\"color: #f8cc89;font-weight: bold;text-decoration: none;font-size: 18px\" href=\"https:\/\/www.tauroessiccatori.com\/christmas-2024\/\">ZDE<\/a> V\u00e1no\u010dn\u00ed akce!<\/b><\/div>\r\n<\/div><div class=\"banner-00\" style=\"background-color: #000\">\r\n<div class=\"ix-xmas-box-other\" style=\"font-size: 18px;padding: 7px 0;margin: 0 auto 0px auto\" align=\"center\"><b style=\"color: #fff\"> Slevy na \u010cern\u00fd p\u00e1tek jsou tu! \u00a0 <a style=\"color: #f77209;font-weight: bold;text-decoration: none\" href=\"https:\/\/www.tauroessiccatori.com\/black-friday-2024\/\"> Klikn\u011bte, abyste je neprop\u00e1sli \u2192 <\/a>\r\n<\/b><\/div>\r\n<\/div><\/div><div><strong>Popis:<\/strong>SiliDrop a SiliSoft jsou inovativn\u00ed v\u00edce\u00fa\u010delov\u00e9 nep\u0159ilnav\u00e9 syst\u00e9my Platinum Silicone, kter\u00e9 jsou navr\u017eeny tak, aby v\u00e1m poskytly maxim\u00e1ln\u00ed v\u00fdkon p\u0159i ka\u017ed\u00e9m pou\u017eit\u00ed p\u0159\u00edpravku Biosec.<br \/>\nDrySilk Net je s\u00ed\u0165ka ur\u010den\u00e1 k su\u0161en\u00ed v\u00fdrobk\u016f, kter\u00e9 jsou velmi lepiv\u00e9, ale nekapou, a lze ji pou\u017e\u00edt i ve dvojit\u00e9 vrstv\u011b!<br \/>\nVyzkou\u0161ejte je v\u0161echny v tomto super promo bal\u00ed\u010dku!<br \/>\nP\u0158ED PRVN\u00cdM POU\u017dIT\u00cdM UMYJTE.<\/p>\n<\/div>\n<div><strong>Technick\u00e9 vlastnosti:<\/strong><\/p>\n<ul>\n<li>\u00a0z platinov\u00e9ho silikonu 100% a plastu ur\u010den\u00e9ho pro styk s potravinami<\/li>\n<li>\u00a0tis\u00edckr\u00e1t opakovan\u011b pou\u017eiteln\u00e9<\/li>\n<li>\u00a0Bez BPA a ftal\u00e1t\u016f<\/li>\n<li>\u00a0Silikon pou\u017eiteln\u00fd pro teploty od -60\u00b0 do +100 stup\u0148\u016f.<\/li>\n<li>\u00a0S\u00ed\u0165 SrySilk Net lze pou\u017e\u00edt p\u0159i teplot\u00e1ch od 0\u00b0 do +100 stup\u0148\u016f.<\/li>\n<li>\u00a0V\u00fd\u0161ka okraje SiliDrop 1,5 cm<\/li>\n<li>\u00a0kompatibiln\u00ed se v\u0161emi produkty Biosec<\/li>\n<li>\u00a0vhodn\u00e9 do my\u010dky na n\u00e1dob\u00ed<\/li>\n<\/ul>\n<\/div>\n<div><strong>Obsah balen\u00ed:<\/strong><\/p>\n<div>\n<ul>\n<li>\u00a02 z\u00e1sobn\u00edky SiliDrop<\/li>\n<li>\u00a01 podlo\u017eka SiliSoft<\/li>\n<li>\u00a05 s\u00edt\u00ed DrySilk<\/li>\n<\/ul>\n<\/div>\n<\/div>\n<p><i>*Ko\u0161\u00edky slou\u017e\u00ed pouze jako vysv\u011btlen\u00ed a nejsou sou\u010d\u00e1st\u00ed balen\u00ed.<\/i><\/p>","protected":false},"excerpt":{"rendered":"<p>Metti un BIOSEC sotto l&#8217;Albero. SCOPRI QUI le promozioni di Natale! Gli sconti Black Friday sono qui! \u00a0 Clicca\u00a0per\u00a0non perderli \u2192 Descrizione:SiliDrop e SiliSoft sono gli innovativi sistemi antiaderenti multiuso in Platinum Silicone, progettati per offrirvi il massimo delle prestazioni con ogni Biosec. DrySilk Net \u00e8 la retina studiata per essiccare prodotti molto appiccicosi ma [&hellip;]<\/p>","protected":false},"featured_media":2615,"comment_status":"closed","ping_status":"closed","template":"","meta":[],"product_cat":[258],"product_tag":[],"class_list":["post-1959","product","type-product","status-publish","has-post-thumbnail","hentry","product_cat-antiaderenti"],"acf":[],"yoast_head":"<!-- This site is optimized with the Yoast SEO plugin v20.10 - https:\/\/yoast.com\/wordpress\/plugins\/seo\/ -->\n<title>Antiaderenti per alimenti - Essiccatori Biosec di Tauro: Promo Pack n.4<\/title>\n<meta name=\"description\" content=\"Antiaderenti per alimenti compatibili con gli essiccatori Biosec: SiliSoft, SiliDrop e DtrySilk Net, provali tutti in questo super Promo Pack lancio!\" \/>\n<meta name=\"robots\" content=\"noindex, follow, max-snippet:-1, max-image-preview:large, max-video-preview:-1\" \/>\n<meta property=\"og:locale\" content=\"cs_CZ\" \/>\n<meta property=\"og:type\" content=\"article\" \/>\n<meta property=\"og:title\" content=\"Antiaderenti per alimenti - Essiccatori Biosec di Tauro: Promo Pack n.4\" \/>\n<meta property=\"og:description\" content=\"Antiaderenti per alimenti compatibili con gli essiccatori Biosec: SiliSoft, SiliDrop e DtrySilk Net, provali tutti in questo super Promo Pack lancio!\" \/>\n<meta property=\"og:url\" content=\"https:\/\/stor51.tauroessiccatori.com\/cs\/p\/promo-pack-4\/\" \/>\n<meta property=\"og:site_name\" content=\"Tauro Essiccatori\" \/>\n<meta property=\"article:publisher\" content=\"https:\/\/www.facebook.com\/TauroEssiccatori\/\" \/>\n<meta property=\"article:modified_time\" content=\"2023-05-16T09:33:55+00:00\" \/>\n<meta property=\"og:image\" content=\"https:\/\/stor51.tauroessiccatori.com\/wp-assets\/uploads\/2018\/03\/Promo-Pack-4.jpg\" \/>\n\t<meta property=\"og:image:width\" content=\"1210\" \/>\n\t<meta property=\"og:image:height\" content=\"750\" \/>\n\t<meta property=\"og:image:type\" content=\"image\/jpeg\" \/>\n<meta name=\"twitter:card\" content=\"summary_large_image\" \/>\n<meta name=\"twitter:label1\" content=\"Est. reading time\" \/>\n\t<meta name=\"twitter:data1\" content=\"1 minuta\" \/>\n<script type=\"application\/ld+json\" class=\"yoast-schema-graph\">{\"@context\":\"https:\/\/schema.org\",\"@graph\":[{\"@type\":\"WebPage\",\"@id\":\"https:\/\/stor51.tauroessiccatori.com\/p\/promo-pack-4\/\",\"url\":\"https:\/\/stor51.tauroessiccatori.com\/p\/promo-pack-4\/\",\"name\":\"Antiaderenti per alimenti - Essiccatori Biosec di Tauro: Promo Pack n.4\",\"isPartOf\":{\"@id\":\"https:\/\/stor51.tauroessiccatori.com\/#website\"},\"datePublished\":\"2018-03-30T10:24:07+00:00\",\"dateModified\":\"2023-05-16T09:33:55+00:00\",\"description\":\"Antiaderenti per alimenti compatibili con gli essiccatori Biosec: SiliSoft, SiliDrop e DtrySilk Net, provali tutti in questo super Promo Pack lancio!\",\"breadcrumb\":{\"@id\":\"https:\/\/stor51.tauroessiccatori.com\/p\/promo-pack-4\/#breadcrumb\"},\"inLanguage\":\"cs\",\"potentialAction\":[{\"@type\":\"ReadAction\",\"target\":[\"https:\/\/stor51.tauroessiccatori.com\/p\/promo-pack-4\/\"]}]},{\"@type\":\"BreadcrumbList\",\"@id\":\"https:\/\/stor51.tauroessiccatori.com\/p\/promo-pack-4\/#breadcrumb\",\"itemListElement\":[{\"@type\":\"ListItem\",\"position\":1,\"name\":\"Home\",\"item\":\"https:\/\/stor51.tauroessiccatori.com\/\"},{\"@type\":\"ListItem\",\"position\":2,\"name\":\"Shop\",\"item\":\"https:\/\/stor51.tauroessiccatori.com\/negozio\/\"},{\"@type\":\"ListItem\",\"position\":3,\"name\":\"PROMO PACK 4\"}]},{\"@type\":\"WebSite\",\"@id\":\"https:\/\/stor51.tauroessiccatori.com\/#website\",\"url\":\"https:\/\/stor51.tauroessiccatori.com\/\",\"name\":\"Tauro Essiccatori\",\"description\":\"Welcome to Tauro Essiccatori online shop\",\"publisher\":{\"@id\":\"https:\/\/stor51.tauroessiccatori.com\/#organization\"},\"potentialAction\":[{\"@type\":\"SearchAction\",\"target\":{\"@type\":\"EntryPoint\",\"urlTemplate\":\"https:\/\/stor51.tauroessiccatori.com\/?s={search_term_string}\"},\"query-input\":\"required name=search_term_string\"}],\"inLanguage\":\"cs\"},{\"@type\":\"Organization\",\"@id\":\"https:\/\/stor51.tauroessiccatori.com\/#organization\",\"name\":\"Tauro Essiccatori\",\"url\":\"https:\/\/stor51.tauroessiccatori.com\/\",\"logo\":{\"@type\":\"ImageObject\",\"inLanguage\":\"cs\",\"@id\":\"https:\/\/stor51.tauroessiccatori.com\/#\/schema\/logo\/image\/\",\"url\":\"https:\/\/www.tauroessiccatori.com\/wp-assets\/uploads\/2017\/07\/logo_tauro_500x109px.png\",\"contentUrl\":\"https:\/\/www.tauroessiccatori.com\/wp-assets\/uploads\/2017\/07\/logo_tauro_500x109px.png\",\"width\":500,\"height\":109,\"caption\":\"Tauro Essiccatori\"},\"image\":{\"@id\":\"https:\/\/stor51.tauroessiccatori.com\/#\/schema\/logo\/image\/\"},\"sameAs\":[\"https:\/\/www.facebook.com\/TauroEssiccatori\/\",\"https:\/\/www.instagram.com\/tauro_essiccatori\/\",\"https:\/\/it.linkedin.com\/company\/tauro-essiccatori\",\"https:\/\/www.youtube.com\/user\/tauroessiccatori\"]}]}<\/script>\n<!-- \/ Yoast SEO plugin. -->","yoast_head_json":{"title":"Antiaderenti per alimenti - Essiccatori Biosec di Tauro: Promo Pack n.4","description":"Antiaderenti per alimenti compatibili con gli essiccatori Biosec: SiliSoft, SiliDrop e DtrySilk Net, provali tutti in questo super Promo Pack lancio!","robots":{"index":"noindex","follow":"follow","max-snippet":"max-snippet:-1","max-image-preview":"max-image-preview:large","max-video-preview":"max-video-preview:-1"},"og_locale":"cs_CZ","og_type":"article","og_title":"Antiaderenti per alimenti - Essiccatori Biosec di Tauro: Promo Pack n.4","og_description":"Antiaderenti per alimenti compatibili con gli essiccatori Biosec: SiliSoft, SiliDrop e DtrySilk Net, provali tutti in questo super Promo Pack lancio!","og_url":"https:\/\/stor51.tauroessiccatori.com\/cs\/p\/promo-pack-4\/","og_site_name":"Tauro Essiccatori","article_publisher":"https:\/\/www.facebook.com\/TauroEssiccatori\/","article_modified_time":"2023-05-16T09:33:55+00:00","og_image":[{"width":1210,"height":750,"url":"https:\/\/stor51.tauroessiccatori.com\/wp-assets\/uploads\/2018\/03\/Promo-Pack-4.jpg","type":"image\/jpeg"}],"twitter_card":"summary_large_image","twitter_misc":{"Est. reading time":"1 minuta"},"schema":{"@context":"https:\/\/schema.org","@graph":[{"@type":"WebPage","@id":"https:\/\/stor51.tauroessiccatori.com\/p\/promo-pack-4\/","url":"https:\/\/stor51.tauroessiccatori.com\/p\/promo-pack-4\/","name":"Antiaderenti per alimenti - Essiccatori Biosec di Tauro: Promo Pack n.4","isPartOf":{"@id":"https:\/\/stor51.tauroessiccatori.com\/#website"},"datePublished":"2018-03-30T10:24:07+00:00","dateModified":"2023-05-16T09:33:55+00:00","description":"Antiaderenti per alimenti compatibili con gli essiccatori Biosec: SiliSoft, SiliDrop e DtrySilk Net, provali tutti in questo super Promo Pack lancio!","breadcrumb":{"@id":"https:\/\/stor51.tauroessiccatori.com\/p\/promo-pack-4\/#breadcrumb"},"inLanguage":"cs","potentialAction":[{"@type":"ReadAction","target":["https:\/\/stor51.tauroessiccatori.com\/p\/promo-pack-4\/"]}]},{"@type":"BreadcrumbList","@id":"https:\/\/stor51.tauroessiccatori.com\/p\/promo-pack-4\/#breadcrumb","itemListElement":[{"@type":"ListItem","position":1,"name":"Home","item":"https:\/\/stor51.tauroessiccatori.com\/"},{"@type":"ListItem","position":2,"name":"Shop","item":"https:\/\/stor51.tauroessiccatori.com\/negozio\/"},{"@type":"ListItem","position":3,"name":"PROMO PACK 4"}]},{"@type":"WebSite","@id":"https:\/\/stor51.tauroessiccatori.com\/#website","url":"https:\/\/stor51.tauroessiccatori.com\/","name":"Tauro Essiccatori","description":"Welcome to Tauro Essiccatori online shop","publisher":{"@id":"https:\/\/stor51.tauroessiccatori.com\/#organization"},"potentialAction":[{"@type":"SearchAction","target":{"@type":"EntryPoint","urlTemplate":"https:\/\/stor51.tauroessiccatori.com\/?s={search_term_string}"},"query-input":"required name=search_term_string"}],"inLanguage":"cs"},{"@type":"Organization","@id":"https:\/\/stor51.tauroessiccatori.com\/#organization","name":"Tauro Essiccatori","url":"https:\/\/stor51.tauroessiccatori.com\/","logo":{"@type":"ImageObject","inLanguage":"cs","@id":"https:\/\/stor51.tauroessiccatori.com\/#\/schema\/logo\/image\/","url":"https:\/\/www.tauroessiccatori.com\/wp-assets\/uploads\/2017\/07\/logo_tauro_500x109px.png","contentUrl":"https:\/\/www.tauroessiccatori.com\/wp-assets\/uploads\/2017\/07\/logo_tauro_500x109px.png","width":500,"height":109,"caption":"Tauro Essiccatori"},"image":{"@id":"https:\/\/stor51.tauroessiccatori.com\/#\/schema\/logo\/image\/"},"sameAs":["https:\/\/www.facebook.com\/TauroEssiccatori\/","https:\/\/www.instagram.com\/tauro_essiccatori\/","https:\/\/it.linkedin.com\/company\/tauro-essiccatori","https:\/\/www.youtube.com\/user\/tauroessiccatori"]}]}},"_links":{"self":[{"href":"https:\/\/stor51.tauroessiccatori.com\/cs\/wp-json\/wp\/v2\/product\/1959"}],"collection":[{"href":"https:\/\/stor51.tauroessiccatori.com\/cs\/wp-json\/wp\/v2\/product"}],"about":[{"href":"https:\/\/stor51.tauroessiccatori.com\/cs\/wp-json\/wp\/v2\/types\/product"}],"replies":[{"embeddable":true,"href":"https:\/\/stor51.tauroessiccatori.com\/cs\/wp-json\/wp\/v2\/comments?post=1959"}],"wp:featuredmedia":[{"embeddable":true,"href":"https:\/\/stor51.tauroessiccatori.com\/cs\/wp-json\/wp\/v2\/media\/2615"}],"wp:attachment":[{"href":"https:\/\/stor51.tauroessiccatori.com\/cs\/wp-json\/wp\/v2\/media?parent=1959"}],"wp:term":[{"taxonomy":"product_cat","embeddable":true,"href":"https:\/\/stor51.tauroessiccatori.com\/cs\/wp-json\/wp\/v2\/product_cat?post=1959"},{"taxonomy":"product_tag","embeddable":true,"href":"https:\/\/stor51.tauroessiccatori.com\/cs\/wp-json\/wp\/v2\/product_tag?post=1959"}],"curies":[{"name":"wp","href":"https:\/\/api.w.org\/{rel}","templated":true}]}}