


{"id":161549,"date":"2022-05-03T19:08:45","date_gmt":"2022-05-03T17:08:45","guid":{"rendered":"https:\/\/www.tauroessiccatori.com\/?post_type=product&#038;p=161549\/"},"modified":"2023-04-03T10:32:08","modified_gmt":"2023-04-03T08:32:08","slug":"guanto-antitaglio-taglia-s","status":"publish","type":"product","link":"https:\/\/stor51.tauroessiccatori.com\/cs\/p\/velikost-rukavic\/","title":{"rendered":"Rukavice odoln\u00e9 proti pro\u0159\u00edznut\u00ed - velikost S"},"content":{"rendered":"<div class=\"tauro-banners\"><div class=\"banner-00\" style=\"background-color: #852035\">\r\n<div class=\"ix-xmas-box-other\" style=\"font-size: 18px;padding: 7px 0;margin: 0 auto 0px auto\" align=\"center\"><b style=\"color: #fff;font-size: 18px\">Pod strom um\u00edst\u011bte BIOSEC. <a style=\"color: #f8cc89;font-weight: bold;text-decoration: none;font-size: 18px\" href=\"https:\/\/www.tauroessiccatori.com\/christmas-2024\/\">ZDE<\/a> V\u00e1no\u010dn\u00ed akce!<\/b><\/div>\r\n<\/div><div class=\"banner-00\" style=\"background-color: #000\">\r\n<div class=\"ix-xmas-box-other\" style=\"font-size: 18px;padding: 7px 0;margin: 0 auto 0px auto\" align=\"center\"><b style=\"color: #fff\"> Slevy na \u010cern\u00fd p\u00e1tek jsou tu! \u00a0 <a style=\"color: #f77209;font-weight: bold;text-decoration: none\" href=\"https:\/\/www.tauroessiccatori.com\/black-friday-2024\/\"> Klikn\u011bte, abyste je neprop\u00e1sli \u2192 <\/a>\r\n<\/b><\/div>\r\n<\/div><\/div><p>Jemn\u00e1, ale vysoce odoln\u00e1 rukavice, kter\u00e1 v\u00e1m d\u00edky sv\u00e9 velmi vysok\u00e9 odolnosti proti po\u0159ez\u00e1n\u00ed umo\u017en\u00ed bezpe\u010dn\u011b kr\u00e1jet ovoce, zeleninu nebo dokonce maso \u010di jin\u00e9 potraviny. Na rozd\u00edl od celokovov\u00fdch rukavic je tento model vyroben z tkaniny s kovov\u00fdmi vl\u00e1kny a umo\u017e\u0148uje v\u011bt\u0161\u00ed citlivost a z\u00e1rove\u0148 zaji\u0161\u0165uje vysokou bezpe\u010dnost p\u0159i manipulaci s no\u017ei jak\u00e9hokoli druhu. M\u00e1 tak\u00e9 dobrou odolnost proti od\u011bru a prop\u00edchnut\u00ed. Je k dispozici ve t\u0159ech r\u016fzn\u00fdch velikostech a spl\u0148uje evropsk\u00e9 p\u0159edpisy pro styk s potravinami.<\/p>\n<p>&nbsp;<\/p>\n<p><strong>TECHNICK\u00c9 VLASTNOSTI<\/strong><\/p>\n<p>&nbsp;<\/p>\n<ul>\n<li>Odolnost proti smyku: t\u0159\u00edda 5 (maxim\u00e1ln\u011b 5) podle EN 388.<\/li>\n<li>Odolnost proti roztr\u017een\u00ed: t\u0159\u00edda 4 (maxim\u00e1ln\u011b 4) podle EN 388.<\/li>\n<li>Odolnost proti od\u011bru: t\u0159\u00edda 3 (maxim\u00e1ln\u011b 4) podle EN 388.<\/li>\n<li>Spl\u0148uje normu EN ISO 13997 (odolnost proti st\u0159ihu zp\u016fsoben\u00e9mu ostr\u00fdmi hranami), v\u00fdsledn\u00e1 hodnota je 48,5 N (newton\u016f).<\/li>\n<li>Spl\u0148uje po\u017eadavky na\u0159\u00edzen\u00ed Evropsk\u00e9ho parlamentu a Rady ES \u010d. 1935\/2004 o materi\u00e1lech a p\u0159edm\u011btech ur\u010den\u00fdch pro styk s potravinami.<\/li>\n<li>Oboustrann\u00e9 pou\u017eit\u00ed<\/li>\n<li>Lze pr\u00e1t p\u0159i 90 \u00b0C<\/li>\n<li>Vyrobeno v Evrop\u011b<\/li>\n<li>K dispozici ve 3 velikostech<\/li>\n<\/ul>\n<p>&nbsp;<\/p>\n<p><strong>OBSAH BALEN\u00cd<\/strong><\/p>\n<p>&nbsp;<\/p>\n<ul>\n<li><span style=\"font-weight: 400;\">N.1 obouru\u010dn\u00ed rukavice odoln\u00e9 proti pro\u0159\u00edznut\u00ed velikosti S<\/span><\/li>\n<\/ul>","protected":false},"excerpt":{"rendered":"<ul>\n<li>Odolnost proti smyku: t\u0159\u00edda 5 (maxim\u00e1ln\u011b 5) podle EN 388.<\/li>\n<li>Odolnost proti roztr\u017een\u00ed: t\u0159\u00edda 4 (maxim\u00e1ln\u011b 4) podle EN 388.<\/li>\n<li>Odolnost proti od\u011bru: t\u0159\u00edda 3 (maxim\u00e1ln\u011b 4) podle EN 388.<\/li>\n<li>Conformi alla norma EN ISO 13997 (resistenza al taglio causato da bordi taglienti) ottenendo il risultato di 48,5 N (Newton)<\/li>\n<li>Conformi ai requisiti del regolamento CE n\u00b01935\/2004 del Parlamento europeo e del Consiglio<br \/>\nriguardante i materiali e gli oggetti destinati a venire a contatto con gli alimenti<\/li>\n<li>Ambidestri<\/li>\n<li>Disponibili in 3 taglie<\/li>\n<\/ul>","protected":false},"featured_media":161501,"comment_status":"closed","ping_status":"closed","template":"","meta":[],"product_cat":[318],"product_tag":[],"class_list":["post-161549","product","type-product","status-publish","has-post-thumbnail","hentry","product_cat-accessori-con-galleria"],"acf":[],"yoast_head":"<!-- This site is optimized with the Yoast SEO plugin v20.10 - https:\/\/yoast.com\/wordpress\/plugins\/seo\/ -->\n<title>Guanto antitaglio - taglia S - Tauro Essiccatori<\/title>\n<meta name=\"robots\" content=\"noindex, follow, max-snippet:-1, max-image-preview:large, max-video-preview:-1\" \/>\n<meta property=\"og:locale\" content=\"cs_CZ\" \/>\n<meta property=\"og:type\" content=\"article\" \/>\n<meta property=\"og:title\" content=\"Guanto antitaglio - taglia S - Tauro Essiccatori\" \/>\n<meta property=\"og:description\" content=\"Resistenza al taglio: Classe 5 (massimo 5) secondo la norma EN 388  Resistenza allo strappo: Classe 4 (massimo 4) secondo la norma EN 388  Resistenza all\u2019abrasione: Classe 3 (massimo 4) secondo la norma EN 388  Conformi alla norma EN ISO 13997 (resistenza al taglio causato da bordi taglienti) ottenendo il risultato di 48,5 N (Newton)  Conformi ai requisiti del regolamento CE n\u00b01935\/2004 del Parlamento europeo e del Consiglio riguardante i materiali e gli oggetti destinati a venire a contatto con gli alimenti  Ambidestri  Disponibili in 3 taglie\" \/>\n<meta property=\"og:url\" content=\"https:\/\/stor51.tauroessiccatori.com\/cs\/p\/velikost-rukavic\/\" \/>\n<meta property=\"og:site_name\" content=\"Tauro Essiccatori\" \/>\n<meta property=\"article:publisher\" content=\"https:\/\/www.facebook.com\/TauroEssiccatori\/\" \/>\n<meta property=\"article:modified_time\" content=\"2023-04-03T08:32:08+00:00\" \/>\n<meta property=\"og:image\" content=\"https:\/\/stor51.tauroessiccatori.com\/wp-assets\/uploads\/2022\/04\/guanti-anti-taglio-tauro_essiccatori-anteprime-schede-tecniche_taglia_small-1.jpg\" \/>\n\t<meta property=\"og:image:width\" content=\"1210\" \/>\n\t<meta property=\"og:image:height\" content=\"750\" \/>\n\t<meta property=\"og:image:type\" content=\"image\/jpeg\" \/>\n<meta name=\"twitter:card\" content=\"summary_large_image\" \/>\n<meta name=\"twitter:label1\" content=\"Est. reading time\" \/>\n\t<meta name=\"twitter:data1\" content=\"1 minuta\" \/>\n<script type=\"application\/ld+json\" class=\"yoast-schema-graph\">{\"@context\":\"https:\/\/schema.org\",\"@graph\":[{\"@type\":\"WebPage\",\"@id\":\"https:\/\/stor51.tauroessiccatori.com\/p\/guanto-antitaglio-taglia-s\/\",\"url\":\"https:\/\/stor51.tauroessiccatori.com\/p\/guanto-antitaglio-taglia-s\/\",\"name\":\"Guanto antitaglio - taglia S - Tauro Essiccatori\",\"isPartOf\":{\"@id\":\"https:\/\/stor51.tauroessiccatori.com\/#website\"},\"datePublished\":\"2022-05-03T17:08:45+00:00\",\"dateModified\":\"2023-04-03T08:32:08+00:00\",\"breadcrumb\":{\"@id\":\"https:\/\/stor51.tauroessiccatori.com\/p\/guanto-antitaglio-taglia-s\/#breadcrumb\"},\"inLanguage\":\"cs\",\"potentialAction\":[{\"@type\":\"ReadAction\",\"target\":[\"https:\/\/stor51.tauroessiccatori.com\/p\/guanto-antitaglio-taglia-s\/\"]}]},{\"@type\":\"BreadcrumbList\",\"@id\":\"https:\/\/stor51.tauroessiccatori.com\/p\/guanto-antitaglio-taglia-s\/#breadcrumb\",\"itemListElement\":[{\"@type\":\"ListItem\",\"position\":1,\"name\":\"Home\",\"item\":\"https:\/\/stor51.tauroessiccatori.com\/\"},{\"@type\":\"ListItem\",\"position\":2,\"name\":\"Shop\",\"item\":\"https:\/\/stor51.tauroessiccatori.com\/negozio\/\"},{\"@type\":\"ListItem\",\"position\":3,\"name\":\"Guanto antitaglio &#8211; taglia S\"}]},{\"@type\":\"WebSite\",\"@id\":\"https:\/\/stor51.tauroessiccatori.com\/#website\",\"url\":\"https:\/\/stor51.tauroessiccatori.com\/\",\"name\":\"Tauro Essiccatori\",\"description\":\"Welcome to Tauro Essiccatori online shop\",\"publisher\":{\"@id\":\"https:\/\/stor51.tauroessiccatori.com\/#organization\"},\"potentialAction\":[{\"@type\":\"SearchAction\",\"target\":{\"@type\":\"EntryPoint\",\"urlTemplate\":\"https:\/\/stor51.tauroessiccatori.com\/?s={search_term_string}\"},\"query-input\":\"required name=search_term_string\"}],\"inLanguage\":\"cs\"},{\"@type\":\"Organization\",\"@id\":\"https:\/\/stor51.tauroessiccatori.com\/#organization\",\"name\":\"Tauro Essiccatori\",\"url\":\"https:\/\/stor51.tauroessiccatori.com\/\",\"logo\":{\"@type\":\"ImageObject\",\"inLanguage\":\"cs\",\"@id\":\"https:\/\/stor51.tauroessiccatori.com\/#\/schema\/logo\/image\/\",\"url\":\"https:\/\/www.tauroessiccatori.com\/wp-assets\/uploads\/2017\/07\/logo_tauro_500x109px.png\",\"contentUrl\":\"https:\/\/www.tauroessiccatori.com\/wp-assets\/uploads\/2017\/07\/logo_tauro_500x109px.png\",\"width\":500,\"height\":109,\"caption\":\"Tauro Essiccatori\"},\"image\":{\"@id\":\"https:\/\/stor51.tauroessiccatori.com\/#\/schema\/logo\/image\/\"},\"sameAs\":[\"https:\/\/www.facebook.com\/TauroEssiccatori\/\",\"https:\/\/www.instagram.com\/tauro_essiccatori\/\",\"https:\/\/it.linkedin.com\/company\/tauro-essiccatori\",\"https:\/\/www.youtube.com\/user\/tauroessiccatori\"]}]}<\/script>\n<!-- \/ Yoast SEO plugin. -->","yoast_head_json":{"title":"Guanto antitaglio - taglia S - Tauro Essiccatori","robots":{"index":"noindex","follow":"follow","max-snippet":"max-snippet:-1","max-image-preview":"max-image-preview:large","max-video-preview":"max-video-preview:-1"},"og_locale":"cs_CZ","og_type":"article","og_title":"Guanto antitaglio - taglia S - Tauro Essiccatori","og_description":"Resistenza al taglio: Classe 5 (massimo 5) secondo la norma EN 388  Resistenza allo strappo: Classe 4 (massimo 4) secondo la norma EN 388  Resistenza all\u2019abrasione: Classe 3 (massimo 4) secondo la norma EN 388  Conformi alla norma EN ISO 13997 (resistenza al taglio causato da bordi taglienti) ottenendo il risultato di 48,5 N (Newton)  Conformi ai requisiti del regolamento CE n\u00b01935\/2004 del Parlamento europeo e del Consiglio riguardante i materiali e gli oggetti destinati a venire a contatto con gli alimenti  Ambidestri  Disponibili in 3 taglie","og_url":"https:\/\/stor51.tauroessiccatori.com\/cs\/p\/velikost-rukavic\/","og_site_name":"Tauro Essiccatori","article_publisher":"https:\/\/www.facebook.com\/TauroEssiccatori\/","article_modified_time":"2023-04-03T08:32:08+00:00","og_image":[{"width":1210,"height":750,"url":"https:\/\/stor51.tauroessiccatori.com\/wp-assets\/uploads\/2022\/04\/guanti-anti-taglio-tauro_essiccatori-anteprime-schede-tecniche_taglia_small-1.jpg","type":"image\/jpeg"}],"twitter_card":"summary_large_image","twitter_misc":{"Est. reading time":"1 minuta"},"schema":{"@context":"https:\/\/schema.org","@graph":[{"@type":"WebPage","@id":"https:\/\/stor51.tauroessiccatori.com\/p\/guanto-antitaglio-taglia-s\/","url":"https:\/\/stor51.tauroessiccatori.com\/p\/guanto-antitaglio-taglia-s\/","name":"Guanto antitaglio - taglia S - Tauro Essiccatori","isPartOf":{"@id":"https:\/\/stor51.tauroessiccatori.com\/#website"},"datePublished":"2022-05-03T17:08:45+00:00","dateModified":"2023-04-03T08:32:08+00:00","breadcrumb":{"@id":"https:\/\/stor51.tauroessiccatori.com\/p\/guanto-antitaglio-taglia-s\/#breadcrumb"},"inLanguage":"cs","potentialAction":[{"@type":"ReadAction","target":["https:\/\/stor51.tauroessiccatori.com\/p\/guanto-antitaglio-taglia-s\/"]}]},{"@type":"BreadcrumbList","@id":"https:\/\/stor51.tauroessiccatori.com\/p\/guanto-antitaglio-taglia-s\/#breadcrumb","itemListElement":[{"@type":"ListItem","position":1,"name":"Home","item":"https:\/\/stor51.tauroessiccatori.com\/"},{"@type":"ListItem","position":2,"name":"Shop","item":"https:\/\/stor51.tauroessiccatori.com\/negozio\/"},{"@type":"ListItem","position":3,"name":"Guanto antitaglio &#8211; taglia S"}]},{"@type":"WebSite","@id":"https:\/\/stor51.tauroessiccatori.com\/#website","url":"https:\/\/stor51.tauroessiccatori.com\/","name":"Tauro Essiccatori","description":"Welcome to Tauro Essiccatori online shop","publisher":{"@id":"https:\/\/stor51.tauroessiccatori.com\/#organization"},"potentialAction":[{"@type":"SearchAction","target":{"@type":"EntryPoint","urlTemplate":"https:\/\/stor51.tauroessiccatori.com\/?s={search_term_string}"},"query-input":"required name=search_term_string"}],"inLanguage":"cs"},{"@type":"Organization","@id":"https:\/\/stor51.tauroessiccatori.com\/#organization","name":"Tauro Essiccatori","url":"https:\/\/stor51.tauroessiccatori.com\/","logo":{"@type":"ImageObject","inLanguage":"cs","@id":"https:\/\/stor51.tauroessiccatori.com\/#\/schema\/logo\/image\/","url":"https:\/\/www.tauroessiccatori.com\/wp-assets\/uploads\/2017\/07\/logo_tauro_500x109px.png","contentUrl":"https:\/\/www.tauroessiccatori.com\/wp-assets\/uploads\/2017\/07\/logo_tauro_500x109px.png","width":500,"height":109,"caption":"Tauro Essiccatori"},"image":{"@id":"https:\/\/stor51.tauroessiccatori.com\/#\/schema\/logo\/image\/"},"sameAs":["https:\/\/www.facebook.com\/TauroEssiccatori\/","https:\/\/www.instagram.com\/tauro_essiccatori\/","https:\/\/it.linkedin.com\/company\/tauro-essiccatori","https:\/\/www.youtube.com\/user\/tauroessiccatori"]}]}},"_links":{"self":[{"href":"https:\/\/stor51.tauroessiccatori.com\/cs\/wp-json\/wp\/v2\/product\/161549"}],"collection":[{"href":"https:\/\/stor51.tauroessiccatori.com\/cs\/wp-json\/wp\/v2\/product"}],"about":[{"href":"https:\/\/stor51.tauroessiccatori.com\/cs\/wp-json\/wp\/v2\/types\/product"}],"replies":[{"embeddable":true,"href":"https:\/\/stor51.tauroessiccatori.com\/cs\/wp-json\/wp\/v2\/comments?post=161549"}],"wp:featuredmedia":[{"embeddable":true,"href":"https:\/\/stor51.tauroessiccatori.com\/cs\/wp-json\/wp\/v2\/media\/161501"}],"wp:attachment":[{"href":"https:\/\/stor51.tauroessiccatori.com\/cs\/wp-json\/wp\/v2\/media?parent=161549"}],"wp:term":[{"taxonomy":"product_cat","embeddable":true,"href":"https:\/\/stor51.tauroessiccatori.com\/cs\/wp-json\/wp\/v2\/product_cat?post=161549"},{"taxonomy":"product_tag","embeddable":true,"href":"https:\/\/stor51.tauroessiccatori.com\/cs\/wp-json\/wp\/v2\/product_tag?post=161549"}],"curies":[{"name":"wp","href":"https:\/\/api.w.org\/{rel}","templated":true}]}}