


{"id":7035,"date":"2019-11-19T19:35:49","date_gmt":"2019-11-19T18:35:49","guid":{"rendered":"https:\/\/www.tauroessiccatori.com\/?page_id=7035\/"},"modified":"2023-05-12T11:06:24","modified_gmt":"2023-05-12T09:06:24","slug":"manuali-e-cataloghi","status":"publish","type":"page","link":"https:\/\/stor51.tauroessiccatori.com\/cs\/prirucky-a-katalogy\/","title":{"rendered":"P\u0159\u00edru\u010dky a katalogy"},"content":{"rendered":"<div class=\"tauro-banners\"><div class=\"banner-00\" style=\"background-color: #852035\">\r\n<div class=\"ix-xmas-box-other\" style=\"font-size: 18px;padding: 7px 0;margin: 0 auto 0px auto\" align=\"center\"><b style=\"color: #fff;font-size: 18px\">Pod strom um\u00edst\u011bte BIOSEC. <a style=\"color: #f8cc89;font-weight: bold;text-decoration: none;font-size: 18px\" href=\"https:\/\/www.tauroessiccatori.com\/christmas-2024\/\">ZDE<\/a> V\u00e1no\u010dn\u00ed akce!<\/b><\/div>\r\n<\/div><div class=\"banner-00\" style=\"background-color: #000\">\r\n<div class=\"ix-xmas-box-other\" style=\"font-size: 18px;padding: 7px 0;margin: 0 auto 0px auto\" align=\"center\"><b style=\"color: #fff\"> Slevy na \u010cern\u00fd p\u00e1tek jsou tu! \u00a0 <a style=\"color: #f77209;font-weight: bold;text-decoration: none\" href=\"https:\/\/www.tauroessiccatori.com\/black-friday-2024\/\"> Klikn\u011bte, abyste je neprop\u00e1sli \u2192 <\/a>\r\n<\/b><\/div>\r\n<\/div><\/div><div class=\"ix-container-inner\">\n   <!-- 2022-08-03 italix: kevin: was:h2 add:ix-h1--><\/p>\n<h1 class=\"ix-h1\" style=\"margin-top: 50px; margin-bottom: 70px; text-align: center;\">katalogy, p\u0159\u00edru\u010dky a certifikace<\/h1>\n<div class=\"ix-catalog-manuals-container\">\n<div class=\"uk-grid uk-grid-medium\">\n<div class=\"uk-width-large-1-3 uk-width-1-1\">\n<div class=\"ix-catalog-manuals-img-1\"><a href=\"https:\/\/stor51.tauroessiccatori.com\/cs\/wp-assets\/uploads\/2019\/11\/Manuale-Biosec.pdf\/\"><br \/>\n               <\/a><a href=\"https:\/\/stor51.tauroessiccatori.com\/wp-assets\/uploads\/2022\/11\/biosec_manuale_2022.pdf\"><img loading=\"lazy\" decoding=\"async\" class=\"alignnone\" style=\"width: 100%;\" src=\"https:\/\/stor51.tauroessiccatori.com\/wp-assets\/uploads\/2022\/11\/manuale_biosec-2022-230x300-1.jpg\" alt=\"st\u00e1hnout manu\u00e1l biosec\" width=\"230\" height=\"300\" \/><\/a>\n            <\/div>\n<\/p><\/div>\n<div class=\"uk-width-large-2-3 uk-width-1-1\">\n<div class=\"ix-catalog-manuals-text\">\n<h3 class=\"\">Su\u0161i\u010dky Biosec - MULTILINGUAL U\u017eivatelsk\u00e1 p\u0159\u00edru\u010dka<\/h3>\n<div class=\"ix-catalog-manuals-underline\"><\/div>\n<div>U\u017eivatelsk\u00e1 p\u0159\u00edru\u010dka dod\u00e1van\u00e1 s ka\u017edou su\u0161i\u010dkou Biosec obsahuje varov\u00e1n\u00ed,<br \/>\n                  pokyny a rady t\u00fdkaj\u00edc\u00ed se pou\u017e\u00edv\u00e1n\u00ed p\u0159\u00edpravku Biosec.<br \/>\n                  Je dopln\u011bna n\u011bkolika tabulkami pro su\u0161en\u00ed nejb\u011b\u017en\u011bj\u0161\u00edch potravin.\n               <\/div>\n<div style=\"margin-top: 10px;\"><strong> K dispozici v 8 r\u016fzn\u00fdch jazyc\u00edch: IT, EN, FR, DE, ES, PT, RUS, RO.<\/strong><\/div>\n<div class=\"ix-catalog-manuals-pdf-icon\">\n<div class=\"ix-product-information-documentation-manual-button-orange\"><a class=\"ix-button-orange\" style=\"width: 300px; line-height: 40px;\" href=\"https:\/\/stor51.tauroessiccatori.com\/wp-assets\/uploads\/2022\/11\/biosec_manuale_2022.pdf\"><br \/>\n                     U\u017eivatelsk\u00e1 p\u0159\u00edru\u010dka (PDF 1,8 MB)<br \/>\n                     <i class=\"ix-manual-icon-arrow uk-icon-arrow-circle-down uk-icon-medium\"><\/i><\/a>\n                  <\/div>\n<\/p><\/div>\n<\/p><\/div>\n<\/p><\/div>\n<\/p><\/div>\n<\/p><\/div>\n<div class=\"ix-catalog-manuals-line\"><\/div>\n<div class=\"ix-catalog-manuals-container\">\n<div class=\"uk-grid uk-grid-medium\">\n<div class=\"uk-width-large-1-3 uk-width-1-1\">\n<div class=\"ix-catalog-manuals-img-1\"><a href=\"https:\/\/stor51.tauroessiccatori.com\/wp-assets\/uploads\/2019\/11\/catalogo_2018_EXE.pdf\"><br \/>\n               <\/a><a href=\"https:\/\/stor51.tauroessiccatori.com\/wp-assets\/uploads\/2019\/11\/catalogo_2018_EXE.pdf\"><img loading=\"lazy\" decoding=\"async\" class=\"alignnone\" style=\"width: 100%;\" src=\"https:\/\/stor51.tauroessiccatori.com\/wp-assets\/uploads\/2019\/11\/catalogo_Biosec_2018.jpg\" alt=\"St\u00e1hn\u011bte si a prohl\u00e9dn\u011bte si let\u00e1k Biosec\" width=\"504\" height=\"715\" \/><\/a>\n            <\/div>\n<\/p><\/div>\n<div class=\"uk-width-large-2-3 uk-width-1-1\">\n<div class=\"ix-catalog-manuals-text\">\n<h3 class=\"\">Su\u0161i\u010dky Biosec - Katalog sortimentu<\/h3>\n<div class=\"ix-catalog-manuals-underline\"><\/div>\n<div>Il Catalogo completo della gamma Biosec.<br \/>\n                  Completo di foto, dettagli tecnici e consigli per aiutarvi nella scelta<br \/>\n                  del vostro nuovo essiccatore.\n               <\/div>\n<div class=\"ix-catalog-manuals-pdf-icon\">\n<div class=\"ix-product-information-documentation-manual-button-orange\"><a class=\"ix-button-orange\" style=\"width: 300px; line-height: 40px;\" href=\"https:\/\/stor51.tauroessiccatori.com\/wp-assets\/uploads\/2019\/11\/catalogo_2018_EXE.pdf\"><br \/>\n                     Katalog<br \/>\n                     <i class=\"ix-manual-icon-arrow uk-icon-arrow-circle-down uk-icon-medium\"><\/i><\/a>\n                  <\/div>\n<\/p><\/div>\n<\/p><\/div>\n<\/p><\/div>\n<\/p><\/div>\n<\/p><\/div>\n<div class=\"ix-catalog-manuals-line\"><\/div>\n<div class=\"ix-catalog-manuals-container\">\n<div class=\"uk-grid uk-grid-medium\">\n<div class=\"uk-width-large-1-3 uk-width-1-1\">\n<div class=\"ix-catalog-manuals-img-1\"><a href=\"https:\/\/stor51.tauroessiccatori.com\/wp-assets\/uploads\/2019\/11\/Antiaderenti-Tauro_light.pdf\"><br \/>\n               <\/a><a href=\"https:\/\/stor51.tauroessiccatori.com\/wp-assets\/uploads\/2019\/11\/Antiaderenti-Tauro_light.pdf\"><img loading=\"lazy\" decoding=\"async\" class=\"alignnone\" style=\"width: 100%;\" src=\"https:\/\/stor51.tauroessiccatori.com\/wp-assets\/uploads\/2019\/11\/Antiaderenti_Tauro.jpg\" alt=\"St\u00e1hnout n\u00e1vod k pou\u017eit\u00ed nep\u0159ilnav\u00fdch syst\u00e9m\u016f\" width=\"240\" height=\"340\" \/><\/a>\n            <\/div>\n<\/p><\/div>\n<div class=\"uk-width-large-2-3 uk-width-1-1\">\n<div class=\"ix-catalog-manuals-text\">\n<h3 class=\"\">Nep\u0159ilnav\u00e9 syst\u00e9my - n\u00e1vod a specifikace<\/h3>\n<div class=\"ix-catalog-manuals-underline\"><\/div>\n<div>Materi\u00e1ly, zp\u016fsoby pou\u017eit\u00ed, indikace a obr\u00e1zky nov\u00fdch nep\u0159ilnav\u00fdch syst\u00e9m\u016f Tauro. Objevte SiliSoft, silikonovou podlo\u017eku pro snadn\u00e9 odstran\u011bn\u00ed i t\u011bch nejodoln\u011bj\u0161\u00edch v\u00fdrobk\u016f. SiliDrop, podlo\u017eku pro v\u0161echny po\u017eadovan\u00e9 tekutiny. A DrySilk Net, s\u00ed\u0165ku, kter\u00e1 zdvojn\u00e1sob\u00ed v\u00e1\u0161 Biosec!<\/div>\n<div class=\"ix-catalog-manuals-pdf-icon\">\n<div class=\"ix-product-information-documentation-manual-button-orange\"><a class=\"ix-button-orange\" style=\"width: 300px; line-height: 40px;\" href=\"https:\/\/stor51.tauroessiccatori.com\/wp-assets\/uploads\/2019\/11\/Antiaderenti-Tauro_light.pdf\"><br \/>\n                     Nep\u0159ilnav\u00fd povrch Tauro<br \/>\n                     <i class=\"ix-manual-icon-arrow uk-icon-arrow-circle-down uk-icon-medium\"><\/i><\/a>\n                  <\/div>\n<\/p><\/div>\n<\/p><\/div>\n<\/p><\/div>\n<\/p><\/div>\n<\/p><\/div>\n<div class=\"ix-catalog-manuals-line\"><\/div>\n<div class=\"ix-catalog-manuals-container\">\n<div class=\"uk-grid uk-grid-medium\">\n<div class=\"uk-width-large-1-3 uk-width-1-1\">\n<div class=\"ix-catalog-manuals-img-1\">\n                <a href=\"https:\/\/stor51.tauroessiccatori.com\/wp-assets\/uploads\/2023\/04\/web_IT_Catalogo_BMaster_03_2023.pdf\"><br \/>\n               <\/a><br \/>\n                <a href=\"https:\/\/stor51.tauroessiccatori.com\/wp-assets\/uploads\/2023\/04\/web_IT_Catalogo_BMaster_03_2023.pdf\"><img loading=\"lazy\" decoding=\"async\" class=\"alignnone\" style=\"width: 100%;\" src=\"https:\/\/stor51.tauroessiccatori.com\/wp-assets\/uploads\/2023\/04\/web_IT_Catalogo_BMaster_03_2023-min-scaled.jpeg\" alt=\"st\u00e1hnout katalog \u0159ady B.Master\" width=\"600\" height=\"838\" \/><\/a>\n            <\/div>\n<\/p><\/div>\n<div class=\"uk-width-large-2-3 uk-width-1-1\">\n<div class=\"ix-catalog-manuals-text\">\n<h3 class=\"\">Profesion\u00e1ln\u00ed su\u0161i\u010dky B.Master - katalog sortimentu<\/h3>\n<div class=\"ix-catalog-manuals-underline\"><\/div>\n<div>Dedicato ai professionisti, il catalogo della gamma B.Master fornisce<br \/>\n                  tutti i dettagli tecnici della gamma di essiccatori professionali Tauro.\n               <\/div>\n<div class=\"ix-catalog-manuals-pdf-icon\">\n<div class=\"uk-grid uk-grid-medium\">\n<div class=\"uk-width-large-1-5 uk-width-1-2\">\n<div class=\"ix-product-information-documentation-manual-button-orange\"><a class=\"ix-button-orange\" style=\"width: 300px; line-height: 40px;\" href=\"https:\/\/stor51.tauroessiccatori.com\/wp-assets\/uploads\/2023\/04\/web_IT_Catalogo_BMaster_03_2023.pdf\"><br \/>\n                           CS<br \/>\n                           <i class=\"ix-manual-icon-arrow uk-icon-arrow-circle-down uk-icon-medium\"><\/i><\/a>\n                        <\/div>\n<\/p><\/div>\n<div class=\"uk-width-large-1-5 uk-width-1-2\">\n<div class=\"ix-product-information-documentation-manual-button-orange\"><a class=\"ix-button-orange\" style=\"width: 300px; line-height: 40px;\" href=\"https:\/\/stor51.tauroessiccatori.com\/wp-assets\/uploads\/2023\/04\/EN_Catalogo_BMaster_04_2023_web.pdf\"><br \/>\n                           CS<br \/>\n                           <i class=\"ix-manual-icon-arrow uk-icon-arrow-circle-down uk-icon-medium\"><\/i><\/a>\n                        <\/div>\n<\/p><\/div>\n<div class=\"uk-width-large-1-5 uk-width-1-2\">\n<div class=\"ix-product-information-documentation-manual-button-orange\"><a class=\"ix-button-orange\" style=\"width: 300px; line-height: 40px;\" href=\"https:\/\/stor51.tauroessiccatori.com\/wp-assets\/uploads\/2023\/05\/web_FR_Catalogo_BMaster_04_2023.pdf\"><br \/>\n                           FR<br \/>\n                           <i class=\"ix-manual-icon-arrow uk-icon-arrow-circle-down uk-icon-medium\"><\/i><\/a>\n                        <\/div>\n<\/p><\/div>\n<div class=\"uk-width-large-1-5 uk-width-1-2\">\n<div class=\"ix-product-information-documentation-manual-button-orange\"><a class=\"ix-button-orange\" style=\"width: 300px; line-height: 40px;\" href=\"https:\/\/stor51.tauroessiccatori.com\/wp-assets\/uploads\/2023\/05\/web_ES_Catalogo_BMaster_05_2023.pdf\"><br \/>\n                           ES<br \/>\n                           <i class=\"ix-manual-icon-arrow uk-icon-arrow-circle-down uk-icon-medium\"><\/i><\/a>\n                        <\/div>\n<\/p><\/div>\n<div class=\"uk-width-large-1-5 uk-width-1-2\">\n<div class=\"ix-product-information-documentation-manual-button-orange\"><a class=\"ix-button-orange\" style=\"width: 300px; line-height: 40px;\" href=\"https:\/\/stor51.tauroessiccatori.com\/wp-assets\/uploads\/2019\/11\/catalogo_BM_DE2017_light.pdf\"><br \/>\n                           DE<br \/>\n                           <i class=\"ix-manual-icon-arrow uk-icon-arrow-circle-down uk-icon-medium\"><\/i><\/a>\n                        <\/div>\n<\/p><\/div>\n<\/p><\/div>\n<\/p><\/div>\n<\/p><\/div>\n<\/p><\/div>\n<\/p><\/div>\n<\/p><\/div>\n<div class=\"ix-catalog-manuals-line\"><\/div>\n<div class=\"ix-catalog-manuals-container\">\n<div class=\"uk-grid uk-grid-medium\">\n<div class=\"uk-width-large-1-3 uk-width-1-1\">\n<div class=\"ix-catalog-manuals-img-1\"><a href=\"https:\/\/stor51.tauroessiccatori.com\/wp-assets\/uploads\/2019\/11\/attestato-N.-C192-1-17_def.pdf\"><br \/>\n               <\/a><a href=\"https:\/\/stor51.tauroessiccatori.com\/wp-assets\/uploads\/2019\/11\/attestato-N.-C192-1-17_def.pdf\"><img loading=\"lazy\" decoding=\"async\" class=\"alignnone\" style=\"width: 100%;\" src=\"https:\/\/stor51.tauroessiccatori.com\/wp-assets\/uploads\/2019\/11\/attestato-N.-C192-1-17.png\" alt=\"St\u00e1hnout certifik\u00e1ty o shod\u011b a kontaktu s potravinami\" width=\"504\" height=\"715\" \/><\/a>\n            <\/div>\n<\/p><\/div>\n<div class=\"uk-width-large-2-3 uk-width-1-1\">\n<div class=\"ix-catalog-manuals-text\">\n<h3 class=\"\">Certifikace pro \u0159adu Biosec pro styk s potravinami<\/h3>\n<div class=\"ix-catalog-manuals-underline\"><\/div>\n<div>Spole\u010dnost Tauro prov\u00e1d\u00ed nejmodern\u011bj\u0161\u00ed a nej\u00fapln\u011bj\u0161\u00ed kontroln\u00ed testy v\u0161ech sv\u00fdch v\u00fdrobk\u016f.<br \/>\n                  prodotti per offrire ai clienti le migliori garanzie ed il massimo della sicurezza.\n               <\/div>\n<div class=\"ix-catalog-manuals-pdf-icon\">\n<div class=\"ix-product-information-documentation-manual-button-orange\"><a class=\"ix-button-orange\" style=\"width: 300px; line-height: 40px;\" href=\"https:\/\/stor51.tauroessiccatori.com\/wp-assets\/uploads\/2019\/11\/attestato-N.-C192-1-17_def.pdf\"><br \/>\n                     Certifikace (PDF 1 MB)<br \/>\n                     <i class=\"ix-manual-icon-arrow uk-icon-arrow-circle-down uk-icon-medium\"><\/i><\/a>\n                  <\/div>\n<\/p><\/div>\n<\/p><\/div>\n<\/p><\/div>\n<\/p><\/div>\n<\/p><\/div>\n<\/div>\n<div class=\"ix-banner-video-tutorial\" style=\"\">\n<div class=\"uk-grid\">\n<div class=\"uk-width-1-1 uk-width-large-1-3\">\n         <a href=\"https:\/\/vimeo.com\/258936870\" data-rel=\"lightbox\"><br \/>\n         <img decoding=\"async\" src=\"https:\/\/stor51.tauroessiccatori.com\/wp-assets\/uploads\/2020\/02\/video-dado-e-soffritto.jpg\"><br \/>\n         <\/a>\n      <\/div>\n<div class=\"uk-width-1-1 uk-width-large-2-3\">\n<div class=\"ix-banner-video-tutorial-text-container\" style=\"\">\n<h2 class=\"ix-3rd-h2 ix-video-tutorial-title\">mnoho n\u00e1vod\u016f, kter\u00e9 v\u00e1s mohou inspirovat<\/h2>\n<div class=\"p1\">Pro zobrazen\u00ed t\u011bchto vide\u00ed pot\u0159ebujete heslo. Pokud ho je\u0161t\u011b nem\u00e1te, p\u0159ejd\u011bte na str\u00e1nku s videon\u00e1vody a po\u017e\u00e1dejte o n\u011bj.<\/div>\n<div class=\"ix-banner-video-tutorial-button\" style=\"\">\n               <a class=\"ix-button-green\" href=\"https:\/\/stor51.tauroessiccatori.com\/cs\/nase-tutorialy\/\">VY\u017d\u00c1DAT SI HESLO<\/a>\n            <\/div>\n<\/p><\/div>\n<\/p><\/div>\n<\/p><\/div>\n<\/div>","protected":false},"excerpt":{"rendered":"<p>Metti un BIOSEC sotto l&#8217;Albero. SCOPRI QUI le promozioni di Natale! Gli sconti Black Friday sono qui! \u00a0 Clicca\u00a0per\u00a0non perderli \u2192 cataloghi, manuali e certificazioni Essiccatori Biosec \u2013 Manuale d\u2019uso MULTILINGUA Fornito insieme ad ogni essiccatore Biosec, il Manuale d\u2019uso contiene le avvertenze, le istruzioni e i consigli sull\u2019uso di Biosec. \u00c8 completato da alcune [&hellip;]<\/p>","protected":false},"author":1,"featured_media":0,"parent":0,"menu_order":0,"comment_status":"closed","ping_status":"closed","template":"","meta":{"footnotes":""},"tags":[],"class_list":["post-7035","page","type-page","status-publish","hentry"],"acf":[],"yoast_head":"<!-- This site is optimized with the Yoast SEO plugin v20.10 - https:\/\/yoast.com\/wordpress\/plugins\/seo\/ -->\n<title>Manuali e cataloghi: scarica istruzioni e certificazioni - Tauro Essiccatori<\/title>\n<meta name=\"description\" content=\"Scarica il manuale Biosec, le istruzioni d&#039;uso dei nostri essiccatori, le certificazioni e le descrizioni dei sistemi antiaderenti.\" \/>\n<meta name=\"robots\" content=\"noindex, follow, max-snippet:-1, max-image-preview:large, max-video-preview:-1\" \/>\n<meta property=\"og:locale\" content=\"cs_CZ\" \/>\n<meta property=\"og:type\" content=\"article\" \/>\n<meta property=\"og:title\" content=\"Manuali e cataloghi: scarica istruzioni e certificazioni - Tauro Essiccatori\" \/>\n<meta property=\"og:description\" content=\"Scarica il manuale Biosec, le istruzioni d&#039;uso dei nostri essiccatori, le certificazioni e le descrizioni dei sistemi antiaderenti.\" \/>\n<meta property=\"og:url\" content=\"https:\/\/stor51.tauroessiccatori.com\/cs\/prirucky-a-katalogy\/\" \/>\n<meta property=\"og:site_name\" content=\"Tauro Essiccatori\" \/>\n<meta property=\"article:publisher\" content=\"https:\/\/www.facebook.com\/TauroEssiccatori\/\" \/>\n<meta property=\"article:modified_time\" content=\"2023-05-12T09:06:24+00:00\" \/>\n<meta property=\"og:image\" content=\"https:\/\/stor51.tauroessiccatori.com\/wp-assets\/uploads\/2022\/11\/manuale_biosec-2022-230x300-1.jpg\" \/>\n<meta name=\"twitter:card\" content=\"summary_large_image\" \/>\n<meta name=\"twitter:label1\" content=\"Est. reading time\" \/>\n\t<meta name=\"twitter:data1\" content=\"1 minuta\" \/>\n<script type=\"application\/ld+json\" class=\"yoast-schema-graph\">{\"@context\":\"https:\/\/schema.org\",\"@graph\":[{\"@type\":\"WebPage\",\"@id\":\"https:\/\/stor51.tauroessiccatori.com\/manuali-e-cataloghi\/\",\"url\":\"https:\/\/stor51.tauroessiccatori.com\/manuali-e-cataloghi\/\",\"name\":\"Manuali e cataloghi: scarica istruzioni e certificazioni - Tauro Essiccatori\",\"isPartOf\":{\"@id\":\"https:\/\/stor51.tauroessiccatori.com\/#website\"},\"datePublished\":\"2019-11-19T18:35:49+00:00\",\"dateModified\":\"2023-05-12T09:06:24+00:00\",\"description\":\"Scarica il manuale Biosec, le istruzioni d'uso dei nostri essiccatori, le certificazioni e le descrizioni dei sistemi antiaderenti.\",\"breadcrumb\":{\"@id\":\"https:\/\/stor51.tauroessiccatori.com\/manuali-e-cataloghi\/#breadcrumb\"},\"inLanguage\":\"cs\",\"potentialAction\":[{\"@type\":\"ReadAction\",\"target\":[\"https:\/\/stor51.tauroessiccatori.com\/manuali-e-cataloghi\/\"]}]},{\"@type\":\"BreadcrumbList\",\"@id\":\"https:\/\/stor51.tauroessiccatori.com\/manuali-e-cataloghi\/#breadcrumb\",\"itemListElement\":[{\"@type\":\"ListItem\",\"position\":1,\"name\":\"Home\",\"item\":\"https:\/\/stor51.tauroessiccatori.com\/\"},{\"@type\":\"ListItem\",\"position\":2,\"name\":\"Manuali e cataloghi\"}]},{\"@type\":\"WebSite\",\"@id\":\"https:\/\/stor51.tauroessiccatori.com\/#website\",\"url\":\"https:\/\/stor51.tauroessiccatori.com\/\",\"name\":\"Tauro Essiccatori\",\"description\":\"Welcome to Tauro Essiccatori online shop\",\"publisher\":{\"@id\":\"https:\/\/stor51.tauroessiccatori.com\/#organization\"},\"potentialAction\":[{\"@type\":\"SearchAction\",\"target\":{\"@type\":\"EntryPoint\",\"urlTemplate\":\"https:\/\/stor51.tauroessiccatori.com\/?s={search_term_string}\"},\"query-input\":\"required name=search_term_string\"}],\"inLanguage\":\"cs\"},{\"@type\":\"Organization\",\"@id\":\"https:\/\/stor51.tauroessiccatori.com\/#organization\",\"name\":\"Tauro Essiccatori\",\"url\":\"https:\/\/stor51.tauroessiccatori.com\/\",\"logo\":{\"@type\":\"ImageObject\",\"inLanguage\":\"cs\",\"@id\":\"https:\/\/stor51.tauroessiccatori.com\/#\/schema\/logo\/image\/\",\"url\":\"https:\/\/www.tauroessiccatori.com\/wp-assets\/uploads\/2017\/07\/logo_tauro_500x109px.png\",\"contentUrl\":\"https:\/\/www.tauroessiccatori.com\/wp-assets\/uploads\/2017\/07\/logo_tauro_500x109px.png\",\"width\":500,\"height\":109,\"caption\":\"Tauro Essiccatori\"},\"image\":{\"@id\":\"https:\/\/stor51.tauroessiccatori.com\/#\/schema\/logo\/image\/\"},\"sameAs\":[\"https:\/\/www.facebook.com\/TauroEssiccatori\/\",\"https:\/\/www.instagram.com\/tauro_essiccatori\/\",\"https:\/\/it.linkedin.com\/company\/tauro-essiccatori\",\"https:\/\/www.youtube.com\/user\/tauroessiccatori\"]}]}<\/script>\n<!-- \/ Yoast SEO plugin. -->","yoast_head_json":{"title":"Manuali e cataloghi: scarica istruzioni e certificazioni - Tauro Essiccatori","description":"Scarica il manuale Biosec, le istruzioni d'uso dei nostri essiccatori, le certificazioni e le descrizioni dei sistemi antiaderenti.","robots":{"index":"noindex","follow":"follow","max-snippet":"max-snippet:-1","max-image-preview":"max-image-preview:large","max-video-preview":"max-video-preview:-1"},"og_locale":"cs_CZ","og_type":"article","og_title":"Manuali e cataloghi: scarica istruzioni e certificazioni - Tauro Essiccatori","og_description":"Scarica il manuale Biosec, le istruzioni d'uso dei nostri essiccatori, le certificazioni e le descrizioni dei sistemi antiaderenti.","og_url":"https:\/\/stor51.tauroessiccatori.com\/cs\/prirucky-a-katalogy\/","og_site_name":"Tauro Essiccatori","article_publisher":"https:\/\/www.facebook.com\/TauroEssiccatori\/","article_modified_time":"2023-05-12T09:06:24+00:00","og_image":[{"url":"https:\/\/stor51.tauroessiccatori.com\/wp-assets\/uploads\/2022\/11\/manuale_biosec-2022-230x300-1.jpg"}],"twitter_card":"summary_large_image","twitter_misc":{"Est. reading time":"1 minuta"},"schema":{"@context":"https:\/\/schema.org","@graph":[{"@type":"WebPage","@id":"https:\/\/stor51.tauroessiccatori.com\/manuali-e-cataloghi\/","url":"https:\/\/stor51.tauroessiccatori.com\/manuali-e-cataloghi\/","name":"Manuali e cataloghi: scarica istruzioni e certificazioni - Tauro Essiccatori","isPartOf":{"@id":"https:\/\/stor51.tauroessiccatori.com\/#website"},"datePublished":"2019-11-19T18:35:49+00:00","dateModified":"2023-05-12T09:06:24+00:00","description":"Scarica il manuale Biosec, le istruzioni d'uso dei nostri essiccatori, le certificazioni e le descrizioni dei sistemi antiaderenti.","breadcrumb":{"@id":"https:\/\/stor51.tauroessiccatori.com\/manuali-e-cataloghi\/#breadcrumb"},"inLanguage":"cs","potentialAction":[{"@type":"ReadAction","target":["https:\/\/stor51.tauroessiccatori.com\/manuali-e-cataloghi\/"]}]},{"@type":"BreadcrumbList","@id":"https:\/\/stor51.tauroessiccatori.com\/manuali-e-cataloghi\/#breadcrumb","itemListElement":[{"@type":"ListItem","position":1,"name":"Home","item":"https:\/\/stor51.tauroessiccatori.com\/"},{"@type":"ListItem","position":2,"name":"Manuali e cataloghi"}]},{"@type":"WebSite","@id":"https:\/\/stor51.tauroessiccatori.com\/#website","url":"https:\/\/stor51.tauroessiccatori.com\/","name":"Tauro Essiccatori","description":"Welcome to Tauro Essiccatori online shop","publisher":{"@id":"https:\/\/stor51.tauroessiccatori.com\/#organization"},"potentialAction":[{"@type":"SearchAction","target":{"@type":"EntryPoint","urlTemplate":"https:\/\/stor51.tauroessiccatori.com\/?s={search_term_string}"},"query-input":"required name=search_term_string"}],"inLanguage":"cs"},{"@type":"Organization","@id":"https:\/\/stor51.tauroessiccatori.com\/#organization","name":"Tauro Essiccatori","url":"https:\/\/stor51.tauroessiccatori.com\/","logo":{"@type":"ImageObject","inLanguage":"cs","@id":"https:\/\/stor51.tauroessiccatori.com\/#\/schema\/logo\/image\/","url":"https:\/\/www.tauroessiccatori.com\/wp-assets\/uploads\/2017\/07\/logo_tauro_500x109px.png","contentUrl":"https:\/\/www.tauroessiccatori.com\/wp-assets\/uploads\/2017\/07\/logo_tauro_500x109px.png","width":500,"height":109,"caption":"Tauro Essiccatori"},"image":{"@id":"https:\/\/stor51.tauroessiccatori.com\/#\/schema\/logo\/image\/"},"sameAs":["https:\/\/www.facebook.com\/TauroEssiccatori\/","https:\/\/www.instagram.com\/tauro_essiccatori\/","https:\/\/it.linkedin.com\/company\/tauro-essiccatori","https:\/\/www.youtube.com\/user\/tauroessiccatori"]}]}},"_links":{"self":[{"href":"https:\/\/stor51.tauroessiccatori.com\/cs\/wp-json\/wp\/v2\/pages\/7035"}],"collection":[{"href":"https:\/\/stor51.tauroessiccatori.com\/cs\/wp-json\/wp\/v2\/pages"}],"about":[{"href":"https:\/\/stor51.tauroessiccatori.com\/cs\/wp-json\/wp\/v2\/types\/page"}],"author":[{"embeddable":true,"href":"https:\/\/stor51.tauroessiccatori.com\/cs\/wp-json\/wp\/v2\/users\/1"}],"replies":[{"embeddable":true,"href":"https:\/\/stor51.tauroessiccatori.com\/cs\/wp-json\/wp\/v2\/comments?post=7035"}],"version-history":[{"count":42,"href":"https:\/\/stor51.tauroessiccatori.com\/cs\/wp-json\/wp\/v2\/pages\/7035\/revisions"}],"predecessor-version":[{"id":168097,"href":"https:\/\/stor51.tauroessiccatori.com\/cs\/wp-json\/wp\/v2\/pages\/7035\/revisions\/168097"}],"wp:attachment":[{"href":"https:\/\/stor51.tauroessiccatori.com\/cs\/wp-json\/wp\/v2\/media?parent=7035"}],"wp:term":[{"taxonomy":"post_tag","embeddable":true,"href":"https:\/\/stor51.tauroessiccatori.com\/cs\/wp-json\/wp\/v2\/tags?post=7035"}],"curies":[{"name":"wp","href":"https:\/\/api.w.org\/{rel}","templated":true}]}}