


{"id":5801,"date":"2019-11-02T10:19:08","date_gmt":"2019-11-02T09:19:08","guid":{"rendered":"https:\/\/www.tauroessiccatori.com\/?page_id=5801\/"},"modified":"2022-08-06T17:17:50","modified_gmt":"2022-08-06T15:17:50","slug":"chef","status":"publish","type":"page","link":"https:\/\/stor51.tauroessiccatori.com\/cs\/inspirace\/proc-suseni\/sefkuchar\/","title":{"rendered":"Pro\u010d su\u0161it, kdy\u017e jste \u0161\u00e9fkucha\u0159?"},"content":{"rendered":"<div class=\"tauro-banners\"><div class=\"banner-00\" style=\"background-color: #852035\">\r\n<div class=\"ix-xmas-box-other\" style=\"font-size: 18px;padding: 7px 0;margin: 0 auto 0px auto\" align=\"center\"><b style=\"color: #fff;font-size: 18px\">Pod strom um\u00edst\u011bte BIOSEC. <a style=\"color: #f8cc89;font-weight: bold;text-decoration: none;font-size: 18px\" href=\"https:\/\/www.tauroessiccatori.com\/christmas-2024\/\">ZDE<\/a> V\u00e1no\u010dn\u00ed akce!<\/b><\/div>\r\n<\/div><div class=\"banner-00\" style=\"background-color: #000\">\r\n<div class=\"ix-xmas-box-other\" style=\"font-size: 18px;padding: 7px 0;margin: 0 auto 0px auto\" align=\"center\"><b style=\"color: #fff\"> Slevy na \u010cern\u00fd p\u00e1tek jsou tu! \u00a0 <a style=\"color: #f77209;font-weight: bold;text-decoration: none\" href=\"https:\/\/www.tauroessiccatori.com\/black-friday-2024\/\"> Klikn\u011bte, abyste je neprop\u00e1sli \u2192 <\/a>\r\n<\/b><\/div>\r\n<\/div><\/div><p><!-- 2022-08-03 italix: kevin: was:h2 add:ix-h1--><\/p>\n<h1 class=\"ix-h1\">pro\u010d su\u0161it, pokud jste \u0161\u00e9fkucha\u0159<\/h1>\n<p><a name=\"approfondimenti\"><\/a><\/p>\n<div class=\"p1 ix-intestazione-azienda\">Ne\u010dekan\u00e9 konzistence, ne\u010dekan\u00e9 kontrasty, intenzivn\u00ed barvy, koncentrovan\u00e9 chut\u011b, chu\u0165ov\u00e9 exploze. A pak pl\u00e1ty, lup\u00ednky, ozdoby... Popus\u0165te uzdu sv\u00e9 kreativit\u011b a odli\u0161te sv\u00e9 n\u00e1vrhy kouzlem su\u0161en\u00ed.<\/div>\n<div style=\"background-color: #ffeebf; margin: 70px 0;\">\n<div class=\"ix-chef-1st-banner\">\n<div class=\"uk-grid uk-grid-medium\">\n<div class=\"uk-width-large-1-3\"><\/div>\n<div class=\"uk-width-large-2-3\">\n<h2 class=\"ix-azienda-1st-banner-h2\">su\u0161en\u00ed se st\u00e1v\u00e1 um\u011bn\u00edm<\/h2>\n<div class=\"p1 ix-azienda-1st-banner-text\">Bu\u010fte uzn\u00e1v\u00e1ni, bu\u010fte zapamatov\u00e1ni. Zjist\u011bte, jak su\u0161en\u00e9 v\u00fdrobky p\u0159in\u00e1\u0161ej\u00ed inovaci a chu\u0165, uvol\u0148uj\u00ed kreativitu, obnovuj\u00ed va\u0161i nab\u00eddku. Jedin\u00fdm omezen\u00edm je va\u0161e p\u0159edstavivost: s Tauro m\u016f\u017eete p\u0159em\u011bnit a vyu\u017e\u00edt jakoukoli potravinu a vytvo\u0159it nov\u00e1 chutn\u00e1, zdrav\u00e1 a origin\u00e1ln\u00ed \u0159e\u0161en\u00ed.<\/div>\n<\/p><\/div>\n<\/p><\/div>\n<\/p><\/div>\n<\/div>\n<div style=\"background-color: #fad0c3; margin: 70px 0;\">\n<div class=\"ix-chef-2nd-banner\">\n<div class=\"uk-grid uk-grid-medium\">\n<div class=\"uk-width-large-2-3\">\n<h2 class=\"ix-why-dry-chef-h2\">Italsk\u00e1 kvalita, profesion\u00e1ln\u00ed technologie<\/h2>\n<div class=\"p1 ix-azienda-2nd-banner-text\">Modely profesion\u00e1ln\u00edch \u0159ad Biosec Pro a B.Master, ale tak\u00e9 n\u00e1\u0161 Biosec De Luxe kompletn\u011b vyroben\u00fd z nerezov\u00e9 oceli, jsou navr\u017eeny tak, aby nab\u00edzely nejlep\u0161\u00ed v\u00fdsledky, p\u0159i pln\u00e9m respektov\u00e1n\u00ed potravin, rychle a se sn\u00ed\u017eenou spot\u0159ebou. Vy\u010dist\u011bte troubu a zapn\u011bte su\u0161en\u00ed!<\/div>\n<\/p><\/div>\n<div class=\"uk-width-large-1-3\"><\/div>\n<\/p><\/div>\n<\/p><\/div>\n<\/div>\n<p><a name=\"clienti\"><\/a><\/p>\n<h2 class=\"ix-h2-azienda\">Spolupracuj\u00ed s n\u00e1mi<\/h2>\n<div class=\"p1 ix-intestazione-azienda\">Mnoho \u0161\u00e9fkucha\u0159\u016f si ka\u017ed\u00fd den vyb\u00edr\u00e1 kvalitu a z\u00e1ruku spole\u010dnosti Tauro. Zjist\u011bte pro\u010d a inspirujte se pro sv\u016fj dal\u0161\u00ed v\u00fdtvor.<\/div>\n<div class=\"ix-max-box-medium ix-double-box\">\n<div class=\"uk-grid uk-grid-medium\">\n<div class=\"uk-width-large-1-2\">\n<div class=\"uk-grid uk-grid-collapse\">\n<div class=\"uk-width-1-1 uk-width-large-1-1\"><img loading=\"lazy\" decoding=\"async\" class=\"ix-aziende-tauro-image alignnone\" src=\"https:\/\/stor51.tauroessiccatori.com\/wp-assets\/uploads\/2019\/11\/Paolo-Dalicandro-Tauro-Essiccatori.jpg\" alt=\"paolo dalicandro tauro chef dryers profesion\u00e1ln\u00ed su\u0161en\u00ed\" width=\"1500\" height=\"752\" \/><\/div>\n<div class=\"uk-width-1-1 uk-width-large-1-1\">\n<div class=\"ix-aziente-tauro-grey-container\">\n<div class=\"ix-aziende-tauro-h3\">\n<h3 class=\"ix-aziende-tauro-nome\">\u0160\u00e9fkucha\u0159 Paolo Dalicandro<\/h3>\n<h3 class=\"ix-aziende-tauro-luogo\">\u0158\u00edm<\/h3>\n<\/p><\/div>\n<div class=\"ix-aziende-tauro-underline\"><\/div>\n<div class=\"p2 ix-aziende-tauro-txt\">Po letech spolupr\u00e1ce se Paolo stal ofici\u00e1ln\u00edm \u0161\u00e9fkucha\u0159em spole\u010dnosti Tauro. Je zn\u00e1m\u00fd sv\u00fdmi \u0161kolen\u00edmi po cel\u00e9 It\u00e1lii, videon\u00e1vody a p\u0159ekvapiv\u00fdmi z\u00e1zraky, kter\u00e9 dok\u00e1\u017ee vyt\u00e1hnout ze sv\u00e9ho Biosecu, od pap\u00edru po d\u017eem, od soli po kandovan\u00e9 ovoce.<\/div>\n<\/p><\/div>\n<\/p><\/div>\n<\/p><\/div>\n<\/p><\/div>\n<div class=\"uk-width-large-1-2\">\n<div class=\"uk-grid uk-grid-collapse\">\n<div class=\"uk-width-1-1 uk-width-large-1-1\"><img loading=\"lazy\" decoding=\"async\" class=\"ix-aziende-tauro-image alignnone\" src=\"https:\/\/stor51.tauroessiccatori.com\/wp-assets\/uploads\/2019\/11\/igles-corelli-tauro-essiccatori.jpg\" alt=\"Igles Corelli Kucha\u0159sk\u00e9 su\u0161i\u010dky Tauro profesion\u00e1ln\u00ed kvalita\" width=\"1145\" height=\"574\" \/><\/div>\n<div class=\"uk-width-1-1 uk-width-large-1-1\">\n<div class=\"ix-aziente-tauro-grey-container\">\n<div class=\"ix-aziende-tauro-h3\">\n<h3 class=\"ix-aziende-tauro-nome\">Igles Corelli<\/h3>\n<h3 class=\"ix-aziende-tauro-luogo\">\u0158\u00edm<\/h3>\n<\/p><\/div>\n<div class=\"ix-aziende-tauro-underline\"><\/div>\n<div class=\"p2 ix-aziende-tauro-txt\">Corelli, n\u011bkolikan\u00e1sobn\u011b ocen\u011bn\u00fd \u0161\u00e9fkucha\u0159 s naka\u017eliv\u00fdm \u00fasm\u011bvem, je vyn\u00e1lezcem \"kruhov\u00e9 kuchyn\u011b\" a pr\u016fkopn\u00edkem fouk\u00e1n\u00ed f\u00e9nem, o kter\u00e9m mluv\u00ed i na kan\u00e1lu Gambero Rosso. V kuchyni jeho restaurac\u00ed je v\u017edy v provozu syst\u00e9m Biosec.<\/div>\n<\/p><\/div>\n<\/p><\/div>\n<\/p><\/div>\n<\/p><\/div>\n<\/p><\/div>\n<\/div>\n<h2 class=\"ix-h2-azienda\">profesion\u00e1ln\u00ed su\u0161i\u010dky<\/h2>\n<div class=\"p1 ix-intestazione-azienda\">Dobr\u00e9 n\u00e1pady, kter\u00e9 se daj\u00ed dob\u0159e vyu\u017e\u00edt. Objevte na\u0161e profesion\u00e1ln\u00ed \u0159ady: \u0161pi\u010dkov\u00e9 su\u0161i\u010dky, kter\u00e9 byly navr\u017eeny pro ty, kte\u0159\u00ed maj\u00ed jasn\u00e9 c\u00edle a pro kter\u00e9 je kvalita a autenticita jejich z\u00e1le\u017eitost\u00ed.<\/div>\n<div class=\"ix-container-inner\">\n<div style=\"margin: 90px auto; font-family: Poppins; font-size: 14px;\">\n<div class=\"uk-grid uk-grid-medium\">\n<div class=\"uk-width-large-1-3\">\n<div class=\"ix-icon-container\">\n<div class=\"icon-1\"><img loading=\"lazy\" decoding=\"async\" class=\"alignnone\" style=\"width: 100%;\" src=\"https:\/\/stor2.tauroessiccatori.com\/wp-assets\/uploads\/2019\/09\/img-01.jpg\" alt=\"kvalitn\u00ed su\u0161i\u010dky tauro made in italy\" width=\"443\" height=\"321\" \/><\/div>\n<div class=\"icon-title-1\">\n<h3>Kvalita Made in Italy ji\u017e 30 let<\/h3>\n<p class=\"p2 p-icon-1\">Na\u0161e su\u0161i\u010dky jsou ru\u010dn\u011b vyr\u00e1b\u011bny z italsk\u00e9 nerezov\u00e9 oceli, kter\u00e1 zaru\u010duje odolnost a pevnost.<\/p>\n<\/p><\/div>\n<\/p><\/div>\n<\/p><\/div>\n<div class=\"uk-width-large-1-3\">\n<div class=\"ix-icon-container\">\n<div class=\"icon-1\"><img loading=\"lazy\" decoding=\"async\" class=\"alignnone\" style=\"width: 100%;\" src=\"https:\/\/stor2.tauroessiccatori.com\/wp-assets\/uploads\/2019\/09\/img-02.jpg\" alt=\"z\u00e1kaznick\u00fd servis su\u0161i\u010dek tauro\" width=\"443\" height=\"321\" \/><\/div>\n<div class=\"icon-title-1\">\n<h3>zaru\u010den\u00e1 pomoc<\/h3>\n<p class=\"p2 p-icon-1\">Vysv\u011btl\u00edme v\u00e1m, jak nejl\u00e9pe vysu\u0161it jak\u00fdkoli v\u00fdrobek: jsme v\u00e1m v\u017edy k dispozici.<\/p>\n<\/p><\/div>\n<\/p><\/div>\n<\/p><\/div>\n<div class=\"uk-width-large-1-3\">\n<div class=\"ix-icon-container\">\n<div class=\"icon-1\"><img loading=\"lazy\" decoding=\"async\" class=\"alignnone\" style=\"width: 100%;\" src=\"https:\/\/stor2.tauroessiccatori.com\/wp-assets\/uploads\/2019\/09\/img-03.jpg\" alt=\"z\u00e1ruka kvality vyrobeno v It\u00e1lii su\u0161i\u010dky tauro\" width=\"443\" height=\"321\" \/><\/div>\n<div class=\"icon-title-1\">\n<h3>Evropsk\u00e1 z\u00e1ruka na instalaci<\/h3>\n<p class=\"p2 p-icon-1\">Na v\u0161echny implant\u00e1ty Tauro se vztahuje jednolet\u00e1 evropsk\u00e1 z\u00e1ruka.<\/p>\n<\/p><\/div>\n<\/p><\/div>\n<\/p><\/div>\n<\/p><\/div>\n<\/p><\/div>\n<\/div>\n<div class=\"ix-home-dryer-related-products-title\">\n<h2>souvisej\u00edc\u00ed produkty<\/h2>\n<\/div>\n<div class=\"ix-max-box-medium ix-essiccare-box-stex-altezze\" style=\"\">\n<div class=\"uk-grid uk-grid-medium\">\n<div class=\"uk-width-1-1 uk-width-large-1-3\">\n         <a href=\"https:\/\/stor51.tauroessiccatori.com\/cs\/p\/biosec-pro\/\" class=\"ix-product-perche-essiccare\"><\/p>\n<div style=\"background-color: #f3f3f3; padding-bottom: 40px; border: solid 2px #f3f3f3;\">\n            <img loading=\"lazy\" decoding=\"async\" class=\"alignnone\" style=\"width: 100%;\" src=\"https:\/\/stor51.tauroessiccatori.com\/wp-assets\/uploads\/2019\/12\/good01_VMR_9237_OK-min.jpg\" alt=\"profesion\u00e1ln\u00ed su\u0161i\u010dky tauro Biosec Pro kvalita \u0161\u00e9fkucha\u0159e\" width=\"1618\" height=\"1000\" \/><\/p>\n<h3 style=\"margin-top: 20px; text-align: center;\">Biosec Pro<\/h3>\n<div class=\"p5\" style=\"width: 100%; padding-top: 10px; padding-bottom: 30px; text-align: center;\">3m\u00b2 su\u0161\u00edc\u00ed plochy<br \/>\n               12 polic z nerezov\u00e9 oceli\n            <\/div>\n<div>\n<p class=\"p4 ix-product-scopri ix-category-link\"><span>objevte<\/span><\/p>\n<\/p><\/div>\n<\/p><\/div>\n<p>         <\/a>\n      <\/div>\n<div class=\"uk-width-1-1 uk-width-large-1-3\">\n         <a href=\"https:\/\/stor51.tauroessiccatori.com\/cs\/p\/biosec-de-luxe-b6\/\" class=\"ix-product-perche-essiccare\"><\/p>\n<div style=\"background-color: #f3f3f3; padding-bottom: 40px; border: solid 2px #f3f3f3;\">\n            <img loading=\"lazy\" decoding=\"async\" class=\"alignnone\" style=\"width: 100%;\" src=\"https:\/\/stor51.tauroessiccatori.com\/wp-assets\/uploads\/2017\/04\/de_luxe_b6_posteriore.jpg\" alt=\"Profesion\u00e1ln\u00ed nerezov\u00e9 su\u0161i\u010dky Tauro Biosec B6\" width=\"2048\" height=\"1266\" \/><\/p>\n<h3 style=\"margin-top: 20px; text-align: center;\">Biosec De Luxe B6<\/h3>\n<div class=\"p5\" style=\"width: 100%; padding-top: 10px; padding-bottom: 30px; text-align: center;\">Tunel a 6 ko\u0161\u016f<br \/>\n               nerezov\u00e1 ocel\n            <\/div>\n<div>\n<p class=\"p4 ix-product-scopri ix-category-link\"><span>objevte<\/span><\/p>\n<\/p><\/div>\n<\/p><\/div>\n<p>         <\/a>\n      <\/div>\n<div class=\"uk-width-1-1 uk-width-large-1-3\">\n         <a href=\"https:\/\/stor51.tauroessiccatori.com\/cs\/p\/biosec-de-luxe-b12\/\" class=\"ix-product-perche-essiccare\"><\/p>\n<div style=\"background-color: #f3f3f3; padding-bottom: 40px; border: solid 2px #f3f3f3;\">\n            <img loading=\"lazy\" decoding=\"async\" class=\"alignnone\" style=\"width: 100%;\" src=\"https:\/\/stor51.tauroessiccatori.com\/wp-assets\/uploads\/2017\/04\/de_luxe_b12_posteriore.jpg\" alt=\"Profesion\u00e1ln\u00ed su\u0161i\u010dky Tauro kvalita Biosec DeLuxe B12 chef steel\" width=\"2048\" height=\"1266\" \/><\/p>\n<h3 style=\"margin-top: 20px; text-align: center;\">Biosec De Luxe B12<\/h3>\n<div class=\"p5\" style=\"width: 100%; padding-top: 10px; padding-bottom: 30px; text-align: center;\">Tunel a 12 ko\u0161\u016f<br \/>\n               nerezov\u00e1 ocel\n            <\/div>\n<div>\n<p class=\"p4 ix-product-scopri ix-category-link\"><span>objevte<\/span><\/p>\n<\/p><\/div>\n<\/p><\/div>\n<p>         <\/a>\n      <\/div>\n<\/p><\/div>\n<\/div>","protected":false},"excerpt":{"rendered":"<p>Metti un BIOSEC sotto l&#8217;Albero. SCOPRI QUI le promozioni di Natale! Gli sconti Black Friday sono qui! \u00a0 Clicca\u00a0per\u00a0non perderli \u2192 perch\u00e9 essiccare se sei uno chef Consistenze impreviste, contrasti inaspettati, colori intensi, sapori concentrati, esplosioni di gusto. E poi sfoglie, chips, decorazioni&#8230; Libera la creativit\u00e0 e distingui le tue proposte con la magia dell&#8217;essiccazione. [&hellip;]<\/p>","protected":false},"author":1,"featured_media":0,"parent":5794,"menu_order":0,"comment_status":"closed","ping_status":"closed","template":"","meta":{"footnotes":""},"tags":[],"class_list":["post-5801","page","type-page","status-publish","hentry"],"acf":[],"yoast_head":"<!-- This site is optimized with the Yoast SEO plugin v20.10 - https:\/\/yoast.com\/wordpress\/plugins\/seo\/ -->\n<title>Perch\u00e9 essiccare se sei uno chef? - Tauro Essiccatori<\/title>\n<meta name=\"description\" content=\"Consistenze impreviste, sapori inaspettati, colori intensi, qualit\u00e0 concentrata. Creativit\u00e0 ed essiccazione professionale per chef all&#039;avanguardia.\" \/>\n<meta name=\"robots\" content=\"noindex, follow, max-snippet:-1, max-image-preview:large, max-video-preview:-1\" \/>\n<meta property=\"og:locale\" content=\"cs_CZ\" \/>\n<meta property=\"og:type\" content=\"article\" \/>\n<meta property=\"og:title\" content=\"Perch\u00e9 essiccare se sei uno chef? - Tauro Essiccatori\" \/>\n<meta property=\"og:description\" content=\"Consistenze impreviste, sapori inaspettati, colori intensi, qualit\u00e0 concentrata. Creativit\u00e0 ed essiccazione professionale per chef all&#039;avanguardia.\" \/>\n<meta property=\"og:url\" content=\"https:\/\/stor51.tauroessiccatori.com\/cs\/inspirace\/proc-suseni\/sefkuchar\/\" \/>\n<meta property=\"og:site_name\" content=\"Tauro Essiccatori\" \/>\n<meta property=\"article:publisher\" content=\"https:\/\/www.facebook.com\/TauroEssiccatori\/\" \/>\n<meta property=\"article:modified_time\" content=\"2022-08-06T15:17:50+00:00\" \/>\n<meta property=\"og:image\" content=\"https:\/\/stor51.tauroessiccatori.com\/wp-assets\/uploads\/2019\/11\/Paolo-Dalicandro-Tauro-Essiccatori.jpg\" \/>\n<meta name=\"twitter:card\" content=\"summary_large_image\" \/>\n<meta name=\"twitter:label1\" content=\"Est. reading time\" \/>\n\t<meta name=\"twitter:data1\" content=\"2 minuty\" \/>\n<script type=\"application\/ld+json\" class=\"yoast-schema-graph\">{\"@context\":\"https:\/\/schema.org\",\"@graph\":[{\"@type\":\"WebPage\",\"@id\":\"https:\/\/stor51.tauroessiccatori.com\/ispirazioni\/perche-essiccare\/chef\/\",\"url\":\"https:\/\/stor51.tauroessiccatori.com\/ispirazioni\/perche-essiccare\/chef\/\",\"name\":\"Perch\u00e9 essiccare se sei uno chef? - Tauro Essiccatori\",\"isPartOf\":{\"@id\":\"https:\/\/stor51.tauroessiccatori.com\/#website\"},\"datePublished\":\"2019-11-02T09:19:08+00:00\",\"dateModified\":\"2022-08-06T15:17:50+00:00\",\"description\":\"Consistenze impreviste, sapori inaspettati, colori intensi, qualit\u00e0 concentrata. Creativit\u00e0 ed essiccazione professionale per chef all'avanguardia.\",\"breadcrumb\":{\"@id\":\"https:\/\/stor51.tauroessiccatori.com\/ispirazioni\/perche-essiccare\/chef\/#breadcrumb\"},\"inLanguage\":\"cs\",\"potentialAction\":[{\"@type\":\"ReadAction\",\"target\":[\"https:\/\/stor51.tauroessiccatori.com\/ispirazioni\/perche-essiccare\/chef\/\"]}]},{\"@type\":\"BreadcrumbList\",\"@id\":\"https:\/\/stor51.tauroessiccatori.com\/ispirazioni\/perche-essiccare\/chef\/#breadcrumb\",\"itemListElement\":[{\"@type\":\"ListItem\",\"position\":1,\"name\":\"Home\",\"item\":\"https:\/\/stor51.tauroessiccatori.com\/\"},{\"@type\":\"ListItem\",\"position\":2,\"name\":\"Ispirazioni\",\"item\":\"https:\/\/stor51.tauroessiccatori.com\/ispirazioni\/\"},{\"@type\":\"ListItem\",\"position\":3,\"name\":\"Perch\u00e9 essiccare?\",\"item\":\"https:\/\/stor51.tauroessiccatori.com\/ispirazioni\/perche-essiccare\/\"},{\"@type\":\"ListItem\",\"position\":4,\"name\":\"Perch\u00e9 essiccare se sei uno chef?\"}]},{\"@type\":\"WebSite\",\"@id\":\"https:\/\/stor51.tauroessiccatori.com\/#website\",\"url\":\"https:\/\/stor51.tauroessiccatori.com\/\",\"name\":\"Tauro Essiccatori\",\"description\":\"Welcome to Tauro Essiccatori online shop\",\"publisher\":{\"@id\":\"https:\/\/stor51.tauroessiccatori.com\/#organization\"},\"potentialAction\":[{\"@type\":\"SearchAction\",\"target\":{\"@type\":\"EntryPoint\",\"urlTemplate\":\"https:\/\/stor51.tauroessiccatori.com\/?s={search_term_string}\"},\"query-input\":\"required name=search_term_string\"}],\"inLanguage\":\"cs\"},{\"@type\":\"Organization\",\"@id\":\"https:\/\/stor51.tauroessiccatori.com\/#organization\",\"name\":\"Tauro Essiccatori\",\"url\":\"https:\/\/stor51.tauroessiccatori.com\/\",\"logo\":{\"@type\":\"ImageObject\",\"inLanguage\":\"cs\",\"@id\":\"https:\/\/stor51.tauroessiccatori.com\/#\/schema\/logo\/image\/\",\"url\":\"https:\/\/www.tauroessiccatori.com\/wp-assets\/uploads\/2017\/07\/logo_tauro_500x109px.png\",\"contentUrl\":\"https:\/\/www.tauroessiccatori.com\/wp-assets\/uploads\/2017\/07\/logo_tauro_500x109px.png\",\"width\":500,\"height\":109,\"caption\":\"Tauro Essiccatori\"},\"image\":{\"@id\":\"https:\/\/stor51.tauroessiccatori.com\/#\/schema\/logo\/image\/\"},\"sameAs\":[\"https:\/\/www.facebook.com\/TauroEssiccatori\/\",\"https:\/\/www.instagram.com\/tauro_essiccatori\/\",\"https:\/\/it.linkedin.com\/company\/tauro-essiccatori\",\"https:\/\/www.youtube.com\/user\/tauroessiccatori\"]}]}<\/script>\n<!-- \/ Yoast SEO plugin. -->","yoast_head_json":{"title":"Perch\u00e9 essiccare se sei uno chef? - Tauro Essiccatori","description":"Consistenze impreviste, sapori inaspettati, colori intensi, qualit\u00e0 concentrata. Creativit\u00e0 ed essiccazione professionale per chef all'avanguardia.","robots":{"index":"noindex","follow":"follow","max-snippet":"max-snippet:-1","max-image-preview":"max-image-preview:large","max-video-preview":"max-video-preview:-1"},"og_locale":"cs_CZ","og_type":"article","og_title":"Perch\u00e9 essiccare se sei uno chef? - Tauro Essiccatori","og_description":"Consistenze impreviste, sapori inaspettati, colori intensi, qualit\u00e0 concentrata. Creativit\u00e0 ed essiccazione professionale per chef all'avanguardia.","og_url":"https:\/\/stor51.tauroessiccatori.com\/cs\/inspirace\/proc-suseni\/sefkuchar\/","og_site_name":"Tauro Essiccatori","article_publisher":"https:\/\/www.facebook.com\/TauroEssiccatori\/","article_modified_time":"2022-08-06T15:17:50+00:00","og_image":[{"url":"https:\/\/stor51.tauroessiccatori.com\/wp-assets\/uploads\/2019\/11\/Paolo-Dalicandro-Tauro-Essiccatori.jpg"}],"twitter_card":"summary_large_image","twitter_misc":{"Est. reading time":"2 minuty"},"schema":{"@context":"https:\/\/schema.org","@graph":[{"@type":"WebPage","@id":"https:\/\/stor51.tauroessiccatori.com\/ispirazioni\/perche-essiccare\/chef\/","url":"https:\/\/stor51.tauroessiccatori.com\/ispirazioni\/perche-essiccare\/chef\/","name":"Perch\u00e9 essiccare se sei uno chef? - Tauro Essiccatori","isPartOf":{"@id":"https:\/\/stor51.tauroessiccatori.com\/#website"},"datePublished":"2019-11-02T09:19:08+00:00","dateModified":"2022-08-06T15:17:50+00:00","description":"Consistenze impreviste, sapori inaspettati, colori intensi, qualit\u00e0 concentrata. Creativit\u00e0 ed essiccazione professionale per chef all'avanguardia.","breadcrumb":{"@id":"https:\/\/stor51.tauroessiccatori.com\/ispirazioni\/perche-essiccare\/chef\/#breadcrumb"},"inLanguage":"cs","potentialAction":[{"@type":"ReadAction","target":["https:\/\/stor51.tauroessiccatori.com\/ispirazioni\/perche-essiccare\/chef\/"]}]},{"@type":"BreadcrumbList","@id":"https:\/\/stor51.tauroessiccatori.com\/ispirazioni\/perche-essiccare\/chef\/#breadcrumb","itemListElement":[{"@type":"ListItem","position":1,"name":"Home","item":"https:\/\/stor51.tauroessiccatori.com\/"},{"@type":"ListItem","position":2,"name":"Ispirazioni","item":"https:\/\/stor51.tauroessiccatori.com\/ispirazioni\/"},{"@type":"ListItem","position":3,"name":"Perch\u00e9 essiccare?","item":"https:\/\/stor51.tauroessiccatori.com\/ispirazioni\/perche-essiccare\/"},{"@type":"ListItem","position":4,"name":"Perch\u00e9 essiccare se sei uno chef?"}]},{"@type":"WebSite","@id":"https:\/\/stor51.tauroessiccatori.com\/#website","url":"https:\/\/stor51.tauroessiccatori.com\/","name":"Tauro Essiccatori","description":"Welcome to Tauro Essiccatori online shop","publisher":{"@id":"https:\/\/stor51.tauroessiccatori.com\/#organization"},"potentialAction":[{"@type":"SearchAction","target":{"@type":"EntryPoint","urlTemplate":"https:\/\/stor51.tauroessiccatori.com\/?s={search_term_string}"},"query-input":"required name=search_term_string"}],"inLanguage":"cs"},{"@type":"Organization","@id":"https:\/\/stor51.tauroessiccatori.com\/#organization","name":"Tauro Essiccatori","url":"https:\/\/stor51.tauroessiccatori.com\/","logo":{"@type":"ImageObject","inLanguage":"cs","@id":"https:\/\/stor51.tauroessiccatori.com\/#\/schema\/logo\/image\/","url":"https:\/\/www.tauroessiccatori.com\/wp-assets\/uploads\/2017\/07\/logo_tauro_500x109px.png","contentUrl":"https:\/\/www.tauroessiccatori.com\/wp-assets\/uploads\/2017\/07\/logo_tauro_500x109px.png","width":500,"height":109,"caption":"Tauro Essiccatori"},"image":{"@id":"https:\/\/stor51.tauroessiccatori.com\/#\/schema\/logo\/image\/"},"sameAs":["https:\/\/www.facebook.com\/TauroEssiccatori\/","https:\/\/www.instagram.com\/tauro_essiccatori\/","https:\/\/it.linkedin.com\/company\/tauro-essiccatori","https:\/\/www.youtube.com\/user\/tauroessiccatori"]}]}},"_links":{"self":[{"href":"https:\/\/stor51.tauroessiccatori.com\/cs\/wp-json\/wp\/v2\/pages\/5801"}],"collection":[{"href":"https:\/\/stor51.tauroessiccatori.com\/cs\/wp-json\/wp\/v2\/pages"}],"about":[{"href":"https:\/\/stor51.tauroessiccatori.com\/cs\/wp-json\/wp\/v2\/types\/page"}],"author":[{"embeddable":true,"href":"https:\/\/stor51.tauroessiccatori.com\/cs\/wp-json\/wp\/v2\/users\/1"}],"replies":[{"embeddable":true,"href":"https:\/\/stor51.tauroessiccatori.com\/cs\/wp-json\/wp\/v2\/comments?post=5801"}],"version-history":[{"count":43,"href":"https:\/\/stor51.tauroessiccatori.com\/cs\/wp-json\/wp\/v2\/pages\/5801\/revisions"}],"predecessor-version":[{"id":165061,"href":"https:\/\/stor51.tauroessiccatori.com\/cs\/wp-json\/wp\/v2\/pages\/5801\/revisions\/165061"}],"up":[{"embeddable":true,"href":"https:\/\/stor51.tauroessiccatori.com\/cs\/wp-json\/wp\/v2\/pages\/5794"}],"wp:attachment":[{"href":"https:\/\/stor51.tauroessiccatori.com\/cs\/wp-json\/wp\/v2\/media?parent=5801"}],"wp:term":[{"taxonomy":"post_tag","embeddable":true,"href":"https:\/\/stor51.tauroessiccatori.com\/cs\/wp-json\/wp\/v2\/tags?post=5801"}],"curies":[{"name":"wp","href":"https:\/\/api.w.org\/{rel}","templated":true}]}}