


{"id":169298,"date":"2023-10-10T10:17:10","date_gmt":"2023-10-10T08:17:10","guid":{"rendered":"https:\/\/www.tauroessiccatori.com\/?page_id=169298"},"modified":"2023-11-01T14:16:01","modified_gmt":"2023-11-01T13:16:01","slug":"halloween-2023","status":"publish","type":"page","link":"https:\/\/stor51.tauroessiccatori.com\/cs\/halloween-2023\/","title":{"rendered":"Halloween 2023"},"content":{"rendered":"<div class=\"tauro-banners\"><div class=\"banner-00\" style=\"background-color: #852035\">\r\n<div class=\"ix-xmas-box-other\" style=\"font-size: 18px;padding: 7px 0;margin: 0 auto 0px auto\" align=\"center\"><b style=\"color: #fff;font-size: 18px\">Pod strom um\u00edst\u011bte BIOSEC. <a style=\"color: #f8cc89;font-weight: bold;text-decoration: none;font-size: 18px\" href=\"https:\/\/www.tauroessiccatori.com\/christmas-2024\/\">ZDE<\/a> V\u00e1no\u010dn\u00ed akce!<\/b><\/div>\r\n<\/div><div class=\"banner-00\" style=\"background-color: #000\">\r\n<div class=\"ix-xmas-box-other\" style=\"font-size: 18px;padding: 7px 0;margin: 0 auto 0px auto\" align=\"center\"><b style=\"color: #fff\"> Slevy na \u010cern\u00fd p\u00e1tek jsou tu! \u00a0 <a style=\"color: #f77209;font-weight: bold;text-decoration: none\" href=\"https:\/\/www.tauroessiccatori.com\/black-friday-2024\/\"> Klikn\u011bte, abyste je neprop\u00e1sli \u2192 <\/a>\r\n<\/b><\/div>\r\n<\/div><\/div><p><script>\nwindow.location.replace(\"https:\/\/stor51.tauroessiccatori.com\/\");\n<\/script><\/p>\n<div class=\"ix-tailwind\">\n<p><!--<script>\n   window.location.replace(\"https:\/\/stor51.tauroessiccatori.com\/christmas-2021\");\n   <\/script>--><\/p>\n<div style=\"max-width: 1340px; margin: 0 auto;\">\n<div class=\"ix-blackfriday-banner-desktop\"><img decoding=\"async\" src=\"https:\/\/stor51.tauroessiccatori.com\/wp-assets\/uploads\/2023\/10\/landing_desktop-halloween_2023-tauro-essiccatori-copia-min-scaled.jpeg\" \/><\/div>\n<div class=\"ix-blackfriday-banner-mobile\"><img decoding=\"async\" src=\"https:\/\/stor51.tauroessiccatori.com\/wp-assets\/uploads\/2023\/10\/landing_mobile-halloween_2023-tauro-essiccatori-copia-min.jpeg\" \/><\/div>\n<div class=\"\" style=\"margin-top: 70px; background-color: #2d0707 !important;\">\n<div class=\"flex flex-wrap lg:flex-nowrap justify-between items-center text-center\">\n<div class=\"w-full lg:w-auto bg-cover bg-center\" style=\"background-image: url('https:\/\/stor51.tauroessiccatori.com\/wp-assets\/uploads\/2023\/10\/halloween_farina-di-zucca_tauro-essiccatori-min.jpeg');\">\n                                <img decoding=\"async\" class=\"hidden lg:block ix-more-then-1240px-or-equal\" src=\"https:\/\/stor51.tauroessiccatori.com\/wp-assets\/uploads\/2022\/02\/preview-mobile-square.png\"><br \/>\n                                <img decoding=\"async\" class=\"lg:hidden w-full ix-less-then-1240px-or-equal\" src=\"https:\/\/stor51.tauroessiccatori.com\/wp-assets\/uploads\/2022\/02\/tauro-mobile-preview-img.png\">\n                            <\/div>\n<div class=\"w-full lg:w-auto p-12 lg:px-16 lg:py-0\">\n<h3 class=\"ix-blackfriday-1st-subtitle\" style=\"color: #fff;\">\n            Halloweensk\u00fd speci\u00e1l:<br \/>\n            <b style=\"font-weight: 700;\">5 dn\u00ed slev<br \/> <br \/>\n            se slevov\u00fdm k\u00f3dem - SECCALAZUCCA -<\/b><br \/> <br \/>\n            Vstupte do sv\u011bta su\u0161en\u00ed!<br \/>\n            Vyu\u017eijte v\u00fdhod <br \/>-13% okam\u017eit\u00e1 sleva na cel\u00fd ko\u0161\u00edk,<br \/> <br \/>\n            pouze do \u00fater\u00fd 31. \u0159\u00edjna!<\/p>\n<\/h3><\/div>\n<div class=\"w-full lg:w-auto bg-cover bg-center\" style=\"background-image: url('https:\/\/stor51.tauroessiccatori.com\/wp-assets\/uploads\/2023\/10\/halloween_zucca-essiccata_tauro-essiccatori-min.jpeg');\">\n                                <img decoding=\"async\" class=\"hidden lg:block ix-more-then-1240px-or-equal\" src=\"https:\/\/stor51.tauroessiccatori.com\/wp-assets\/uploads\/2022\/02\/preview-mobile-square.png\"><br \/>\n                                <img decoding=\"async\" class=\"lg:hidden w-full ix-less-then-1240px-or-equal\" src=\"https:\/\/stor51.tauroessiccatori.com\/wp-assets\/uploads\/2022\/02\/tauro-mobile-preview-img.png\">\n                            <\/div>\n<\/p><\/div>\n<\/p><\/div>\n<style>\n\/*! CSS Used from: https:\/\/mockup.italix.eu\/tauro\/css\/tailwind\/tailwind.min.css *\/\n*,::after,::before{box-sizing:border-box;}\nb{font-weight:bolder;}\n::-moz-focus-inner{border-style:none;padding:0;}\n:-moz-focusring{outline:1px dotted ButtonText;}\nh3{margin:0;}\n*,::after,::before{box-sizing:border-box;border-width:0;border-style:solid;border-color:#e5e7eb;}\nimg{border-style:solid;}\nh3{font-size:inherit;font-weight:inherit;}\n.ix-tailwind img{display:block;vertical-align:middle;}\nimg{max-width:100%;height:auto;}\n.bg-center{background-position:center;}\n.bg-cover{background-size:cover;}\n.flex{display:flex;}\n.hidden{display:none;}\n.flex-wrap{flex-wrap:wrap;}\n.items-center{align-items:center;}\n.justify-between{justify-content:space-between;}\n.p-12{padding:3rem;}\n*{--tw-shadow:0 0 #0000;}\n*{--tw-ring-inset:var(--tw-empty, );--tw-ring-offset-width:0px;--tw-ring-offset-color:#fff;--tw-ring-color:rgba(59, 130, 246, 0.5);--tw-ring-offset-shadow:0 0 #0000;--tw-ring-shadow:0 0 #0000;}\n.text-center{text-align:center;}\n.w-full{width:100%;}\n@media (min-width:1024px){\n.lg\\:block{display:block;}\n.lg\\:hidden{display:none;}\n.lg\\:flex-nowrap{flex-wrap:nowrap;}\n.lg\\:py-0{padding-top:0;padding-bottom:0;}\n.lg\\:px-16{padding-left:4rem;padding-right:4rem;}\n.lg\\:w-auto{width:auto;}\n}\n<\/style>\n<p><!--\n\n\n\n   \n\n<div class=\"ix-blackfriday-season-product ix-less-then-944px-or-equal\" style=\"height:auto !important; background-color: #8c1a40 !important;\">\n      <img decoding=\"async\" width=\"100%\" src=\"https:\/\/stor51.tauroessiccatori.com\/wp-assets\/uploads\/2021\/11\/tauro-essiccatori_mele-essiccate-cioccomele-min.jpeg\" \/>\n      \n\n<div class=\"ix-blackfriday-season-product-text-mobile\" style=\"padding:1.5rem;\">\n         \n\n<h3 class=\"ix-blackfriday-1st-subtitle\" style=\"color: #fff;\">\n            Speciale San Valentino:<br \/>\n            <b style=\"font-weight: 700;\">Una settimana di sconti su tutti i prodotti del negozio online.<\/b>.<br \/>\n            Entra anche tu nel mondo dell\u2019essiccazione!<br \/>\n            Regala subito Biosec a chi ami di pi\u00f9 o inizia ad essiccare tu stesso<br \/>\n            approfittando della promozione valida solo fino a marted\u00ec 14 febbraio!\n\n         <\/h3>\n\n\n      <\/div>\n\n\n   <\/div>\n\n\n\n\n\n\n   \n\n<div class=\"ix-blackfriday-season-product ix-more-then-944px\" style=\"background-color: #d23a60 !important;\">\n      \n\n<div class=\"ix-blackfriday-season-product-left\" style=\"background-image: url('https:\/\/stor51.tauroessiccatori.com\/wp-assets\/uploads\/2023\/10\/halloween_farina-di-zucca_tauro-essiccatori-min.jpeg');\">\n         \n\n<div class=\"ix-blackfriday-season-product-right\" style=\"background-image: url('https:\/\/stor51.tauroessiccatori.com\/wp-assets\/uploads\/2023\/10\/halloween_zucca-essiccata_tauro-essiccatori-min.jpeg');\">\n            \n\n<div class=\"ix-blackfriday-season-product-text\">\n               \n\n<h3 class=\"ix-blackfriday-1st-subtitle\" style=\"color: #fff;\">\n                  Entra anche tu nel mondo dell\u2019essiccazione,<br \/>\n                  con la speciale <b style=\"font-weight: 600;\">promozione Tauro di San Valentino<\/b>.<br \/>\n                  Regala subito Biosec a chi ami di pi\u00f9 o inizia ad essiccare tu stesso con il codice<br \/>\n                  <b style=\"font-weight: 600;\">AMABIOSEC<\/b>\n\n\n                  La promozione \u00e8 valida fino a luned\u00ec 14 febbraio!\n               <\/h3>\n\n\n            <\/div>\n\n\n         <\/div>\n\n\n      <\/div>\n\n\n   <\/div>\n\n\n--><\/p>\n<div class=\"ix-blackfriday-single-product ix-blackfriday-single-1st-product\">\n<div class=\"uk-grid uk-grid-large\">\n<div class=\"uk-width-large-1-2 uk-width-1-1\">\n<div class=\"\"><img decoding=\"async\" src=\"https:\/\/d3uc6ry8rbiyhd.cloudfront.net\/wp-assets\/uploads\/2017\/04\/domus_b5_02_VMR_7758.jpg\" \/><\/div>\n<\/p><\/div>\n<div class=\"uk-width-large-1-2 uk-width-1-1\">\n<h3 class=\"ix-blackfriday-page-pretitle\">Nejprod\u00e1van\u011bj\u0161\u00ed produkt<\/h3>\n<h3 style=\"margin-top: 15px; margin-bottom: 5px;\">Tunel a 5 ko\u0161\u016f z plastov\u00e9ho materi\u00e1lu schv\u00e1len\u00e9ho pro potraviny<\/h3>\n<div class=\"p1 ix-blackfriday-product-description\">\n<h2 class=\"ix-blackfriday-page-title-inner-page\">Biosec Domus B5<\/h2>\n<div class=\"ix-product-detail-line\">&nbsp;<\/div>\n<div class=\"p1 ix-blackfriday-short-description\">Nejprod\u00e1van\u011bj\u0161\u00ed v na\u0161\u00ed nab\u00eddce, objevte su\u0161en\u00ed a jeho chut\u011b. Vyrobeno z pevn\u00e9ho plastov\u00e9ho materi\u00e1lu s certifikac\u00ed pro potraviny, s 5 ko\u0161i o kapacit\u011b 2\/3 kg, s exkluzivn\u00edm programem udr\u017eov\u00e1n\u00ed.<\/div>\n<\/p><\/div>\n<div class=\"ix-blackfriday-discount-row-price\">\n<!--<span class=\"ix-blackfriday-price-crossed-out\"> <del> &euro; 204 <\/del> <\/span>--><br \/>\n<span class=\"ix-blackfriday-price-discounted\" style=\"padding-left: 0px;\"> <del> \u20ac 188 <\/del> <\/span><\/div>\n<p class=\"ix-blackfriday-discount-row\">EXTRA SLEVA 13% \u2192 <span class=\"ix-blackfriday-price\"> \u20ac 163,56 <\/span><\/p>\n<div class=\"ix-blackfriday-buy-now\">\n<div class=\"\"><a class=\"ix-button-orange\" style=\"width: 180px; line-height: 40px;\" href=\"https:\/\/stor51.tauroessiccatori.com\/cs\/vozik\/?add-to-cart=560&#038;apply_coupon=SECCALAZUCCA\"> KOUPIT NYN\u00cd <\/a><\/div>\n<\/p><\/div>\n<\/p><\/div>\n<\/p><\/div>\n<\/p><\/div>\n<div class=\"ix-blackfriday-img-pproduct-only-smallscreen\"><img decoding=\"async\" src=\"https:\/\/d3uc6ry8rbiyhd.cloudfront.net\/wp-assets\/uploads\/2017\/04\/B6ambientato_RA.jpg\" \/><\/div>\n<div class=\"ix-blackfriday-single-product ix-blackfriday-single-2nd-product\">\n<div class=\"uk-grid uk-grid-large\">\n<div class=\"uk-width-large-1-2 uk-width-1-1\">\n<div class=\"p1 ix-blackfriday-product-description\">\n<h2 class=\"ix-blackfriday-page-title-inner-page\">Biosec De Luxe B6<\/h2>\n<div class=\"ix-product-detail-line\">&nbsp;<\/div>\n<div class=\"p1 ix-blackfriday-short-description\">Elegantn\u00ed prakti\u010dnost tunelu a 6 nerezov\u00fdch ko\u0161\u016f: v\u011bt\u0161\u00ed kapacita (2,5\/3,5 kg) a profesion\u00e1ln\u00ed v\u00fdkon. Snadn\u00e9 pou\u017eit\u00ed: 7 program\u016f a 5 teplot mezi 20\u00b0 a 60\u00b0 s exkluzivn\u00edm programem Maintain.<\/div>\n<\/p><\/div>\n<div class=\"ix-blackfriday-discount-row-price\">\n<!--<span class=\"ix-blackfriday-price-crossed-out\"> <del> &euro; 386 <\/del> <\/span>--><br \/>\n<span class=\"ix-blackfriday-price-discounted\" style=\"padding-left: 0px;\"> <del> \u20ac 355 <\/del> <\/span><\/div>\n<p class=\"ix-blackfriday-discount-row\">EXTRA SLEVA 13% \u2192 <span class=\"ix-blackfriday-price\"> \u20ac 308,85 <\/span><\/p>\n<div class=\"ix-blackfriday-buy-now\">\n<div class=\"\"><a class=\"ix-button-orange\" style=\"width: 180px; line-height: 40px;\" href=\"https:\/\/stor51.tauroessiccatori.com\/cs\/vozik\/?add-to-cart=570&#038;apply_coupon=SECCALAZUCCA\"> KOUPIT NYN\u00cd <\/a><\/div>\n<\/p><\/div>\n<\/p><\/div>\n<div class=\"uk-width-large-1-2 uk-width-1-1\">\n<div class=\"ix-blackfriday-product-image\"><img decoding=\"async\" src=\"https:\/\/d3uc6ry8rbiyhd.cloudfront.net\/wp-assets\/uploads\/2017\/04\/B6ambientato_RA.jpg\" \/><\/div>\n<\/p><\/div>\n<\/p><\/div>\n<\/p><\/div>\n<div style=\"margin-bottom:5em;margin-top:10px;background-color:#2d0707; color: #fff;\" class=\"ix-landing-50-50-block ix-landing-svalentine-instructions\">\n<div  class=\"ix-istruzioni-san-valentino\">\n<p>&nbsp;<\/p>\n<h2><b style=\"font-weight: 600; color: #fff;\">jak z\u00edskat slevy na Halloween?<\/b><\/h2>\n<p style=\"margin-right:20px;\" class=\"p1\">\n<div class=\"ix-higlights-body p1\">\n<ul style=\"padding-bottom: 0;\">\n<li style=\"color: #fff;\">Vstupte do na\u0161eho elektronick\u00e9ho obchodu do \u00fater\u00fd 31. \u0159\u00edjna.<\/li>\n<li style=\"color: #fff;\">Vyberte si produkty z nab\u00eddky su\u0161i\u010dek, n\u00e1hradn\u00edch d\u00edl\u016f, dopl\u0148kov\u00fdch modul\u016f, nep\u0159ilnav\u00e9ho povrchu, mandol\u00edny a vakua (krom\u011b promo bal\u00ed\u010dk\u016f a kurz\u016f su\u0161en\u00ed Chef Dalicandro).<\/li>\n<li style=\"color: #fff;\">Vlo\u017ete je do voz\u00edku.<\/li>\n<li style=\"color: #fff;\">Zkop\u00edrujte a vlo\u017ete (nebo zadejte) k\u00f3d <b>SECCALAZUCCA<\/b> z\u00edskat slevu -13% na cel\u00fd ko\u0161\u00edk.<\/li>\n<li style=\"color: #fff;\">Dokon\u010dete objedn\u00e1vku a u\u017eijte si nov\u00e9 dobrodru\u017estv\u00ed ve sv\u011bt\u011b su\u0161en\u00ed.<\/li>\n<\/ul>\n<p style=\"opacity: 0.9; color: #fff; margin-bottom:40px;\"><b>*Propagaci nelze kombinovat s jin\u00fdmi platn\u00fdmi slevov\u00fdmi k\u00f3dy.<\/p>\n<div class=\"ix-blackfriday-last-button\"><a class=\"ix-button-orange\" style=\"background-color:#eb5906\" href=\"https:\/\/stor51.tauroessiccatori.com\/cs\/c\/prodotti\/essiccatori-domestici\/\" target=\"_blank\" rel=\"noopener noreferrer\">P\u0158EJ\u00cdT DO ONLINE OBCHODU<\/a><\/div>\n<\/p><\/div>\n<\/p><\/div>\n<\/p><\/div>\n<div class=\"ix-tauro-1st-banner-blackfriday\">\n<div class=\"bg-blackfriday-sx\">\n<div class=\"bg-blackfriday-dx\">\n<div class=\"ix-blackfriday-1st-block\">\n<div class=\"ix-blackfriday-discount-banner-title\">\n<h2>VA\u0160E V\u00ddHODY TAURO<\/h2>\n<\/p><\/div>\n<div class=\"ix-blackfriday-discount-banner-body\">\n<div class=\"ix-product-detail-title ix-product-detail-title-to-wrap-up ix-home-dryer-2nd-banner-distance ix-funghi-sconto-list\">\n<div class=\"ix-higlights-body p1\">\n<ul>\n<li>Specializovan\u00fd z\u00e1kaznick\u00fd servis<\/li>\n<li>Podpora komunity v\u00edce ne\u017e 30 000 nad\u0161enc\u016f do su\u0161en\u00ed.<\/li>\n<li>Recepty z blogu, \u0161\u00e9fkucha\u0159 a Facebook live k dispozici!<\/li>\n<li>T\u0159icetilet\u00e9 zku\u0161enosti<\/li>\n<li><strong> Z\u00e1ruka 100% Vyrobeno v It\u00e1lii <\/strong><\/li>\n<\/ul>\n<p><span style=\"display: none;\"> Za\u010dn\u011bte se su\u0161en\u00edm hned, abyste uchovali potraviny bez odpadu! <\/span><\/p>\n<\/p><\/div>\n<\/p><\/div>\n<\/p><\/div>\n<\/p><\/div>\n<\/p><\/div>\n<\/p><\/div>\n<\/p><\/div>\n<p><!--   \n\n<div class=\"ix-tauro-last-banner-blackfriday\" style=\"background-color: #fad0c2; width: 100%;\">\n      \n\n<div class=\"ix-tauro-last-banner-blackfriday-sx\">\n         \n\n<div class=\"ix-tauro-last-banner-blackfriday-dx\">\n            \n\n<div>\n               \n\n<p>Lo sconto del 15% extra vale anche per gli altri prodotti dello shop!<\/p>\n\n\n               \n\n<p>Il buono verr&agrave; applicato su tutto il carrello, purch&eacute; ci sia almeno un essiccatore Biosec.<\/p>\n\n\n               \n\n<p>Usa il codice AMABIOSEC direttamente nel carrello.<\/p>\n\n\n               \n\n<div class=\"ix-blackfriday-last-button\"><a class=\"ix-button-orange\" href=\"https:\/\/stor51.tauroessiccatori.com\/c\/prodotti\/essiccatori-domestici\/\" target=\"_blank\" rel=\"noopener noreferrer\"> VAI AL SITO ECOMMERCE <\/a><\/div>\n\n\n            <\/div>\n\n\n         <\/div>\n\n\n      <\/div>\n\n\n   <\/div>\n\n--><\/p>\n<\/div>\n<p><!-- max-width:1340px --><\/p>\n<div class=\"ix-landing2-reviews\" style=\"margin-top: 0px;\">\n<div style=\"background-color: #f3f3f3; padding: 30px;\">\n<div class=\"uk-grid uk-grid-small\">\n<div class=\"uk-width-large-1-3 uk-width-medium-1-3 uk-width-small-1-1\"><a href=\"https:\/\/it.trustpilot.com\/review\/www.tauroessiccatori.com?utm_medium=trustbox&amp;utm_source=Carousel\" target=\"_blank\" rel=\"noopener noreferrer\"> <img decoding=\"async\" style=\"margin-bottom: 20px;\" src=\"https:\/\/d3uc6ry8rbiyhd.cloudfront.net\/wp-assets\/uploads\/2020\/12\/recensione-bert.png\" \/> <\/a><\/div>\n<div class=\"uk-width-large-1-3 uk-width-medium-1-3 uk-width-small-1-1\"><a href=\"https:\/\/it.trustpilot.com\/review\/www.tauroessiccatori.com?utm_medium=trustbox&amp;utm_source=Carousel\" target=\"_blank\" rel=\"noopener noreferrer\"> <img decoding=\"async\" style=\"margin-bottom: 20px;\" src=\"https:\/\/d3uc6ry8rbiyhd.cloudfront.net\/wp-assets\/uploads\/2020\/12\/recensione-ange-1.png\" \/> <\/a><\/div>\n<div class=\"uk-width-large-1-3 uk-width-medium-1-3 uk-width-small-1-1\"><a href=\"https:\/\/it.trustpilot.com\/review\/www.tauroessiccatori.com?utm_medium=trustbox&amp;utm_source=Carousel\" target=\"_blank\" rel=\"noopener noreferrer\"> <img decoding=\"async\" style=\"margin-bottom: 20px;\" src=\"https:\/\/d3uc6ry8rbiyhd.cloudfront.net\/wp-assets\/uploads\/2020\/12\/recensione-patr.png\" \/> <\/a><\/div>\n<\/p><\/div>\n<\/p><\/div>\n<\/div>\n<\/div>\n<p> <!-- ix-tailwind --><\/p>\n<style>\n   .ix-less-then-944px-or-equal\n   {\n   display:block;\n   }\n   .ix-tailwind img.ix-less-then-1240px-or-equal\n   {\n   display:none;\n   }\n   .ix-tailwind img.ix-more-then-1240px-or-equal\n   {\n   display:block;\n   }\n   .ix-more-then-944px\n   {\n   display:none;\n   }\n   @media screen and (min-width:945px)\n   {\n   .ix-less-then-944px-or-equal\n   {\n   display:none;\n   }\n   .ix-more-then-944px\n   {\n   display:block;\n   }\n   }<\/p>\n<p>   @media screen and (max-width:1240)\n   {\n   .ix-tailwind img.ix-less-then-1240px-or-equal\n   {\n   display:block;\n   }\n   .ix-tailwind img.ix-more-then-1240px-or-equal\n   {\n   display:none;\n   }\n   }<\/p>\n<\/style>","protected":false},"excerpt":{"rendered":"<p>Metti un BIOSEC sotto l&#8217;Albero. SCOPRI QUI le promozioni di Natale! Gli sconti Black Friday sono qui! \u00a0 Clicca\u00a0per\u00a0non perderli \u2192 Speciale Halloween: 5 giorni di sconti con il codice sconto &#8211; SECCALAZUCCA &#8211; Entra anche tu nel mondo dell\u2019essiccazione! Approfitta subito del -13% di sconto immediato su tutto il carrello, solo fino a marted\u00ec [&hellip;]<\/p>","protected":false},"author":1,"featured_media":0,"parent":0,"menu_order":0,"comment_status":"closed","ping_status":"closed","template":"","meta":{"footnotes":""},"tags":[],"class_list":["post-169298","page","type-page","status-publish","hentry"],"acf":[],"yoast_head":"<!-- This site is optimized with the Yoast SEO plugin v20.10 - https:\/\/yoast.com\/wordpress\/plugins\/seo\/ -->\n<title>Halloween 2023 - Tauro Essiccatori<\/title>\n<meta name=\"robots\" content=\"noindex, follow, max-snippet:-1, max-image-preview:large, max-video-preview:-1\" \/>\n<meta property=\"og:locale\" content=\"cs_CZ\" \/>\n<meta property=\"og:type\" content=\"article\" \/>\n<meta property=\"og:title\" content=\"Promozione di Halloween di Tauro Essiccatori\" \/>\n<meta property=\"og:description\" content=\"SCONTO del 13% su tutto il carrello con il codice SECCALAZUCCA\" \/>\n<meta property=\"og:url\" content=\"https:\/\/stor51.tauroessiccatori.com\/cs\/halloween-2023\/\" \/>\n<meta property=\"og:site_name\" content=\"Tauro Essiccatori\" \/>\n<meta property=\"article:publisher\" content=\"https:\/\/www.facebook.com\/TauroEssiccatori\/\" \/>\n<meta property=\"article:modified_time\" content=\"2023-11-01T13:16:01+00:00\" \/>\n<meta property=\"og:image\" content=\"https:\/\/stor51.tauroessiccatori.com\/wp-assets\/uploads\/2023\/10\/DEM_promo-halloween_tauro-essiccatori_2023-copia.jpg\" \/>\n\t<meta property=\"og:image:width\" content=\"750\" \/>\n\t<meta property=\"og:image:height\" content=\"500\" \/>\n\t<meta property=\"og:image:type\" content=\"image\/jpeg\" \/>\n<meta name=\"twitter:card\" content=\"summary_large_image\" \/>\n<meta name=\"twitter:label1\" content=\"Est. reading time\" \/>\n\t<meta name=\"twitter:data1\" content=\"4 minuty\" \/>\n<script type=\"application\/ld+json\" class=\"yoast-schema-graph\">{\"@context\":\"https:\/\/schema.org\",\"@graph\":[{\"@type\":\"WebPage\",\"@id\":\"https:\/\/stor51.tauroessiccatori.com\/halloween-2023\/\",\"url\":\"https:\/\/stor51.tauroessiccatori.com\/halloween-2023\/\",\"name\":\"Halloween 2023 - Tauro Essiccatori\",\"isPartOf\":{\"@id\":\"https:\/\/stor51.tauroessiccatori.com\/#website\"},\"datePublished\":\"2023-10-10T08:17:10+00:00\",\"dateModified\":\"2023-11-01T13:16:01+00:00\",\"breadcrumb\":{\"@id\":\"https:\/\/stor51.tauroessiccatori.com\/halloween-2023\/#breadcrumb\"},\"inLanguage\":\"cs\",\"potentialAction\":[{\"@type\":\"ReadAction\",\"target\":[\"https:\/\/stor51.tauroessiccatori.com\/halloween-2023\/\"]}]},{\"@type\":\"BreadcrumbList\",\"@id\":\"https:\/\/stor51.tauroessiccatori.com\/halloween-2023\/#breadcrumb\",\"itemListElement\":[{\"@type\":\"ListItem\",\"position\":1,\"name\":\"Home\",\"item\":\"https:\/\/stor51.tauroessiccatori.com\/\"},{\"@type\":\"ListItem\",\"position\":2,\"name\":\"Halloween 2023\"}]},{\"@type\":\"WebSite\",\"@id\":\"https:\/\/stor51.tauroessiccatori.com\/#website\",\"url\":\"https:\/\/stor51.tauroessiccatori.com\/\",\"name\":\"Tauro Essiccatori\",\"description\":\"Welcome to Tauro Essiccatori online shop\",\"publisher\":{\"@id\":\"https:\/\/stor51.tauroessiccatori.com\/#organization\"},\"potentialAction\":[{\"@type\":\"SearchAction\",\"target\":{\"@type\":\"EntryPoint\",\"urlTemplate\":\"https:\/\/stor51.tauroessiccatori.com\/?s={search_term_string}\"},\"query-input\":\"required name=search_term_string\"}],\"inLanguage\":\"cs\"},{\"@type\":\"Organization\",\"@id\":\"https:\/\/stor51.tauroessiccatori.com\/#organization\",\"name\":\"Tauro Essiccatori\",\"url\":\"https:\/\/stor51.tauroessiccatori.com\/\",\"logo\":{\"@type\":\"ImageObject\",\"inLanguage\":\"cs\",\"@id\":\"https:\/\/stor51.tauroessiccatori.com\/#\/schema\/logo\/image\/\",\"url\":\"https:\/\/www.tauroessiccatori.com\/wp-assets\/uploads\/2017\/07\/logo_tauro_500x109px.png\",\"contentUrl\":\"https:\/\/www.tauroessiccatori.com\/wp-assets\/uploads\/2017\/07\/logo_tauro_500x109px.png\",\"width\":500,\"height\":109,\"caption\":\"Tauro Essiccatori\"},\"image\":{\"@id\":\"https:\/\/stor51.tauroessiccatori.com\/#\/schema\/logo\/image\/\"},\"sameAs\":[\"https:\/\/www.facebook.com\/TauroEssiccatori\/\",\"https:\/\/www.instagram.com\/tauro_essiccatori\/\",\"https:\/\/it.linkedin.com\/company\/tauro-essiccatori\",\"https:\/\/www.youtube.com\/user\/tauroessiccatori\"]}]}<\/script>\n<!-- \/ Yoast SEO plugin. -->","yoast_head_json":{"title":"Halloween 2023 - Tauro Essiccatori","robots":{"index":"noindex","follow":"follow","max-snippet":"max-snippet:-1","max-image-preview":"max-image-preview:large","max-video-preview":"max-video-preview:-1"},"og_locale":"cs_CZ","og_type":"article","og_title":"Promozione di Halloween di Tauro Essiccatori","og_description":"SCONTO del 13% su tutto il carrello con il codice SECCALAZUCCA","og_url":"https:\/\/stor51.tauroessiccatori.com\/cs\/halloween-2023\/","og_site_name":"Tauro Essiccatori","article_publisher":"https:\/\/www.facebook.com\/TauroEssiccatori\/","article_modified_time":"2023-11-01T13:16:01+00:00","og_image":[{"width":750,"height":500,"url":"https:\/\/stor51.tauroessiccatori.com\/wp-assets\/uploads\/2023\/10\/DEM_promo-halloween_tauro-essiccatori_2023-copia.jpg","type":"image\/jpeg"}],"twitter_card":"summary_large_image","twitter_misc":{"Est. reading time":"4 minuty"},"schema":{"@context":"https:\/\/schema.org","@graph":[{"@type":"WebPage","@id":"https:\/\/stor51.tauroessiccatori.com\/halloween-2023\/","url":"https:\/\/stor51.tauroessiccatori.com\/halloween-2023\/","name":"Halloween 2023 - Tauro Essiccatori","isPartOf":{"@id":"https:\/\/stor51.tauroessiccatori.com\/#website"},"datePublished":"2023-10-10T08:17:10+00:00","dateModified":"2023-11-01T13:16:01+00:00","breadcrumb":{"@id":"https:\/\/stor51.tauroessiccatori.com\/halloween-2023\/#breadcrumb"},"inLanguage":"cs","potentialAction":[{"@type":"ReadAction","target":["https:\/\/stor51.tauroessiccatori.com\/halloween-2023\/"]}]},{"@type":"BreadcrumbList","@id":"https:\/\/stor51.tauroessiccatori.com\/halloween-2023\/#breadcrumb","itemListElement":[{"@type":"ListItem","position":1,"name":"Home","item":"https:\/\/stor51.tauroessiccatori.com\/"},{"@type":"ListItem","position":2,"name":"Halloween 2023"}]},{"@type":"WebSite","@id":"https:\/\/stor51.tauroessiccatori.com\/#website","url":"https:\/\/stor51.tauroessiccatori.com\/","name":"Tauro Essiccatori","description":"Welcome to Tauro Essiccatori online shop","publisher":{"@id":"https:\/\/stor51.tauroessiccatori.com\/#organization"},"potentialAction":[{"@type":"SearchAction","target":{"@type":"EntryPoint","urlTemplate":"https:\/\/stor51.tauroessiccatori.com\/?s={search_term_string}"},"query-input":"required name=search_term_string"}],"inLanguage":"cs"},{"@type":"Organization","@id":"https:\/\/stor51.tauroessiccatori.com\/#organization","name":"Tauro Essiccatori","url":"https:\/\/stor51.tauroessiccatori.com\/","logo":{"@type":"ImageObject","inLanguage":"cs","@id":"https:\/\/stor51.tauroessiccatori.com\/#\/schema\/logo\/image\/","url":"https:\/\/www.tauroessiccatori.com\/wp-assets\/uploads\/2017\/07\/logo_tauro_500x109px.png","contentUrl":"https:\/\/www.tauroessiccatori.com\/wp-assets\/uploads\/2017\/07\/logo_tauro_500x109px.png","width":500,"height":109,"caption":"Tauro Essiccatori"},"image":{"@id":"https:\/\/stor51.tauroessiccatori.com\/#\/schema\/logo\/image\/"},"sameAs":["https:\/\/www.facebook.com\/TauroEssiccatori\/","https:\/\/www.instagram.com\/tauro_essiccatori\/","https:\/\/it.linkedin.com\/company\/tauro-essiccatori","https:\/\/www.youtube.com\/user\/tauroessiccatori"]}]}},"_links":{"self":[{"href":"https:\/\/stor51.tauroessiccatori.com\/cs\/wp-json\/wp\/v2\/pages\/169298"}],"collection":[{"href":"https:\/\/stor51.tauroessiccatori.com\/cs\/wp-json\/wp\/v2\/pages"}],"about":[{"href":"https:\/\/stor51.tauroessiccatori.com\/cs\/wp-json\/wp\/v2\/types\/page"}],"author":[{"embeddable":true,"href":"https:\/\/stor51.tauroessiccatori.com\/cs\/wp-json\/wp\/v2\/users\/1"}],"replies":[{"embeddable":true,"href":"https:\/\/stor51.tauroessiccatori.com\/cs\/wp-json\/wp\/v2\/comments?post=169298"}],"version-history":[{"count":23,"href":"https:\/\/stor51.tauroessiccatori.com\/cs\/wp-json\/wp\/v2\/pages\/169298\/revisions"}],"predecessor-version":[{"id":169555,"href":"https:\/\/stor51.tauroessiccatori.com\/cs\/wp-json\/wp\/v2\/pages\/169298\/revisions\/169555"}],"wp:attachment":[{"href":"https:\/\/stor51.tauroessiccatori.com\/cs\/wp-json\/wp\/v2\/media?parent=169298"}],"wp:term":[{"taxonomy":"post_tag","embeddable":true,"href":"https:\/\/stor51.tauroessiccatori.com\/cs\/wp-json\/wp\/v2\/tags?post=169298"}],"curies":[{"name":"wp","href":"https:\/\/api.w.org\/{rel}","templated":true}]}}