


{"id":1103,"date":"2017-10-23T20:13:04","date_gmt":"2017-10-23T18:13:04","guid":{"rendered":"http:\/\/store.tauroessiccatori.com\/?page_id=1103\/"},"modified":"2022-08-07T16:02:42","modified_gmt":"2022-08-07T14:02:42","slug":"condizioni-di-vendita","status":"publish","type":"page","link":"https:\/\/stor51.tauroessiccatori.com\/cs\/sluzby-zakaznikum\/podminky-prodeje\/","title":{"rendered":"Podm\u00ednky prodeje"},"content":{"rendered":"<div class=\"tauro-banners\"><div class=\"banner-00\" style=\"background-color: #852035\">\r\n<div class=\"ix-xmas-box-other\" style=\"font-size: 18px;padding: 7px 0;margin: 0 auto 0px auto\" align=\"center\"><b style=\"color: #fff;font-size: 18px\">Pod strom um\u00edst\u011bte BIOSEC. <a style=\"color: #f8cc89;font-weight: bold;text-decoration: none;font-size: 18px\" href=\"https:\/\/www.tauroessiccatori.com\/christmas-2024\/\">ZDE<\/a> V\u00e1no\u010dn\u00ed akce!<\/b><\/div>\r\n<\/div><div class=\"banner-00\" style=\"background-color: #000\">\r\n<div class=\"ix-xmas-box-other\" style=\"font-size: 18px;padding: 7px 0;margin: 0 auto 0px auto\" align=\"center\"><b style=\"color: #fff\"> Slevy na \u010cern\u00fd p\u00e1tek jsou tu! \u00a0 <a style=\"color: #f77209;font-weight: bold;text-decoration: none\" href=\"https:\/\/www.tauroessiccatori.com\/black-friday-2024\/\"> Klikn\u011bte, abyste je neprop\u00e1sli \u2192 <\/a>\r\n<\/b><\/div>\r\n<\/div><\/div><div class=\"ix-container-inner\">\n<div class=\"uk-grid uk-grid-medium\">\n<div class=\"uk-width-large-1-3\">\n           \n    <div class=\"ix-help-menu\">\n\n     <ul>\n       <li class=\"ix-help-menu-title\">slu\u017eby z\u00e1kazn\u00edk\u016fm<\/li>\n       <li class=\"ix-link-help-li\"><a class=\"ix-link-help ix-help-link-active\" href=\"https:\/\/www.tauroessiccatori.com\/servizio-clienti\/condizioni-di-vendita\">podm\u00ednky prodeje<\/a><\/li>\n       <li class=\"ix-link-help-li\"><a class=\"ix-link-help\" href=\"https:\/\/www.tauroessiccatori.com\/servizio-clienti\/consegna-e-reso\/\">doru\u010den\u00ed a vr\u00e1cen\u00ed<\/a><\/li>\n       <li class=\"ix-link-help-li\"><a class=\"ix-link-help\" href=\"https:\/\/www.tauroessiccatori.com\/servizio-clienti\/estensione-di-garanzia\/\">prodlou\u017een\u00ed z\u00e1ruky<\/a><\/li>\n       <li class=\"ix-link-help-li\"><a class=\"ix-link-help\" href=\"https:\/\/www.tauroessiccatori.com\/servizio-clienti\/pagamento\/\">platby<\/a><\/li>\n<!--       <li class=\"ix-link-help-li\"><a class=\"ix-link-help \" href=\"https:\/\/www.tauroessiccatori.com\/servizio-clienti\/mio-account\/#\">il mio account<\/a><\/li>-->\n     <\/ul>\n\n     <ul>\n       <li class=\"ix-help-menu-title\">u\u017eite\u010dn\u00e9 odkazy<\/li>\n       <li class=\"ix-link-useful-li\"><a class=\"ix-link-help-link-useful\" href=\"https:\/\/www.tauroessiccatori.com\/i-nostri-tutorial\/\">V\u00fdukov\u00fd program<\/a><\/li>\n       <li class=\"ix-link-useful-li\"><a class=\"ix-link-help-link-useful\" href=\"https:\/\/www.tauroessiccatori.com\/servizio-clienti\/domande-frequenti\/\">\u010casto kladen\u00e9 ot\u00e1zky<\/a><\/li>\n     <\/ul>\n\n     <div class=\"ix-help-button-contact-us\">\n       <a class=\"ix-button-grey\" style=\"width:180px; line-height:40px;\" href=\"https:\/\/www.tauroessiccatori.com\/contatti\/\">kontaktujte n\u00e1s<\/a>\n     <\/div>\n\n      <\/div>   \n    <\/div>\n<div class=\"uk-width-large-2-3\">\n<div class=\"ix-help-right-box\">\n<p><!-- 2022-08-03 italix: kevin: was:h2 add:ix-h1--><\/p>\n<h1 class=\"ix-help-h2 ix-h1\" style=\"text-align:left !important; margin:0 !important;\">podm\u00ednky prodeje<\/h1>\n<div class=\"ix-help-p\">\n<div class=\"main_table_container\">\n<p>Objedn\u00e1vky zadan\u00e9 na t\u011bchto str\u00e1nk\u00e1ch vy\u0159izuje:<\/p>\n<p><b>Tauro Essiccatori Srl<\/b><\/p>\n<p>Um\u00edst\u011bn\u00ed:<\/p>\n<p>via del lavoro 6<br \/>\n36043 Camisano Vicentino<br \/>\n(Vicenza)<\/p>\n<p>Da\u0148ov\u00fd k\u00f3d: 03977800246<br \/>\nDI\u010c: 03977800246<\/p>\n<p>Telefon: +39 0444-719046<br \/>\nFax: +39 0444-412515<\/p>\n<p>Internetov\u00e1 adresa: <a href=\"http:\/\/www.tauroessiccatori.com\">www.tauroessiccatori.com<\/a><\/p>\n<p>E-mail:<\/p>\n<p><script><!-- asm('m','@','com','tauroessiccatori','info') --><\/script><a href=\"mailto:info@tauroessiccatori.com\">info@tauroessiccatori.com<\/a><\/p>\n<p><noscript>info<font>|<\/font>@<font>|<\/font>tauroessiccatori.com<\/noscript><\/p>\n<p>&nbsp;<\/p>\n<p>&nbsp;<\/p>\n<h3>Ceny<\/h3>\n<p>Uveden\u00e9 ceny jsou v\u017edy v\u010detn\u011b DPH, a pokud nen\u00ed uvedeno jinak, jsou uvedeny bez n\u00e1klad\u016f na dopravu.<\/p>\n<h3>Komunikace<\/h3>\n<div class=\"page_text\">\n<p>Z\u00e1kazn\u00edk se p\u0159i registraci zavazuje pou\u017e\u00edvat st\u00e1vaj\u00edc\u00ed a funk\u010dn\u00ed e-mailovou adresu. Na tuto adresu budeme zas\u00edlat potvrzen\u00ed o proveden\u00e9 objedn\u00e1vce a dal\u0161\u00ed sd\u011blen\u00ed t\u00fdkaj\u00edc\u00ed se objedn\u00e1vky. Z\u00e1kazn\u00edk je povinen n\u00e1s informovat o p\u0159\u00edpadn\u00fdch zm\u011bn\u00e1ch nebo probl\u00e9mech s e-mailovou adresou. Pokud nap\u0159\u00edklad po odesl\u00e1n\u00ed objedn\u00e1vky neobdr\u017e\u00edte potvrzen\u00ed e-mailu, mohlo doj\u00edt k p\u0159eklepu v e-mailov\u00e9 adrese nebo k probl\u00e9m\u016fm v komunikaci mezi e-mailov\u00fdmi servery. Sta\u010d\u00ed n\u00e1s kontaktovat a my najdeme \u0159e\u0161en\u00ed.<\/p>\n<\/div>\n<h3>Z\u00e1ruka<\/h3>\n<div class=\"page_text\">\n<p>Na v\u0161echny v\u00fdrobky Tauro se vztahuje z\u00e1ruka 2 roky od data zakoupen\u00ed.<\/p>\n<p>Z\u00e1ruka je platn\u00e1 pouze v p\u0159\u00edpad\u011b, \u017ee je k v\u00fdrobku p\u0159ilo\u017een prodejn\u00ed doklad (\u00fa\u010dtenka nebo faktura).<\/p>\n<p>V souladu se z\u00e1konem se z\u00e1ruka vztahuje na v\u0161echny z\u00e1vady zp\u016fsoben\u00e9 v\u00fdrobn\u00edmi vadami.<\/p>\n<\/div>\n<h3>P\u0159eprava a dod\u00e1n\u00ed<\/h3>\n<div class=\"page_text\">\n<p>N\u00e1klady na dopravu jsou uvedeny na str\u00e1nce pro kone\u010dn\u00e9 ov\u011b\u0159en\u00ed objedn\u00e1vky p\u0159ed jej\u00edm kone\u010dn\u00fdm potvrzen\u00edm.<\/p>\n<\/div>\n<div class=\"page_text\">\n<p>Dal\u0161\u00ed podrobnosti a informace o aktu\u00e1ln\u011b platn\u00fdch n\u00e1kladech na dopravu naleznete na str\u00e1nce <a href=\"https:\/\/stor51.tauroessiccatori.com\/cs\/help\/consegna-e-reso\/\">doru\u010den\u00ed a vr\u00e1cen\u00ed<\/a>.<\/p>\n<\/div>\n<p>Objedn\u00e1vky vy\u0159izujeme v na\u0161ich kancel\u00e1\u0159\u00edch do 48 pracovn\u00edch hodin od spr\u00e1vn\u00e9ho dokon\u010den\u00ed objedn\u00e1vky v na\u0161em internetov\u00e9m obchod\u011b.<\/p>\n<\/div>\n<h3>Pr\u00e1vo na odstoupen\u00ed od smlouvy<\/h3>\n<div class=\"page_text\">\n<p>Podle platn\u00fdch pr\u00e1vn\u00edch p\u0159edpis\u016f je mo\u017en\u00e9 vyu\u017e\u00edt pr\u00e1vo na odstoupen\u00ed od smlouvy, pokud jsou spln\u011bny n\u00e1sleduj\u00edc\u00ed podm\u00ednky.<\/p>\n<\/div>\n<div class=\"page_text\">\n<p>Sv\u00e9 p\u0159\u00e1n\u00ed vyu\u017e\u00edt tohoto pr\u00e1va n\u00e1m mus\u00edte ozn\u00e1mit do 14 pracovn\u00edch dn\u016f od p\u0159evzet\u00ed zbo\u017e\u00ed, nejl\u00e9pe doporu\u010den\u00fdm dopisem s dodejkou na n\u00e1sleduj\u00edc\u00ed adresu:<\/p>\n<p>Tauro Essiccatori Srl - via del lavoro 6 - 36043 Camisano Vicentino<\/p>\n<\/div>\n<div class=\"page_text\">\n<p>V \u017e\u00e1dosti mus\u00ed b\u00fdt uvedeny \u00fadaje o bankovn\u00edm nebo po\u0161tovn\u00edm \u00fa\u010dtu, na kter\u00fd bude dlu\u017en\u00e1 \u010d\u00e1stka p\u0159ips\u00e1na.<\/p>\n<\/div>\n<div class=\"page_text\">\n<p>Ve stejn\u00e9 lh\u016ft\u011b je nav\u00edc nutn\u00e9 zakoupen\u00fd v\u00fdrobek, kter\u00fd ji\u017e nechcete, vr\u00e1tit. Mus\u00ed b\u00fdt neporu\u0161en\u00fd a kompletn\u00ed ve v\u0161ech sv\u00fdch \u010d\u00e1stech, v\u010detn\u011b p\u0159\u00edslu\u0161enstv\u00ed, n\u00e1vod\u016f a dal\u0161\u00edho materi\u00e1lu v balen\u00ed, pe\u010dliv\u011b zabalen\u00fd tak, aby se nepo\u0161kodil b\u011bhem p\u0159epravy. P\u0159ilo\u017ete pros\u00edm tak\u00e9 kopii da\u0148ov\u00e9ho dokladu nebo n\u00e1kupn\u00ed faktury. N\u00e1klady na op\u011btovn\u00e9 zasl\u00e1n\u00ed nese z\u00e1kazn\u00edk. Po obdr\u017een\u00ed zbo\u017e\u00ed a kontrole jeho neporu\u0161enosti v\u00e1m bude cena zbo\u017e\u00ed vr\u00e1cena na b\u011b\u017en\u00fd \u00fa\u010det uveden\u00fd v dopise, ve kter\u00e9m jste po\u017e\u00e1dali o vyu\u017eit\u00ed pr\u00e1va na odstoupen\u00ed od smlouvy.<\/p>\n<\/div>\n<div class=\"page_text\">\n<p>Vr\u00e1cen\u00ed pen\u011bz se t\u00fdk\u00e1 ceny v\u00fdrobk\u016f bez n\u00e1klad\u016f na dopravu a bude provedeno do 30 dn\u016f od vr\u00e1cen\u00ed zbo\u017e\u00ed.<\/p>\n<\/div>\n<h3>Informace poskytovan\u00e9 podle \u010dl. 13-14 GDPR (obecn\u00e9 na\u0159\u00edzen\u00ed o ochran\u011b osobn\u00edch \u00fadaj\u016f) 2016\/679<\/h3>\n<div class=\"page_text\">\n<p><a class=\"button light\" href=\"https:\/\/stor51.tauroessiccatori.com\/cs\/zasady-ochrany-osobnich-udaju\/\" style=\"text-align:center;font-weight: 300;color:black;font-size:16px;width:302px;background-color:white;border:1px solid #729949;-webkit-border-radius: 14px;-moz-border-radius: 14px;\">Z\u00c1SADY OCHRANY OSOBN\u00cdCH \u00daDAJ\u016e<\/a><\/p>\n<\/div>\n<h3>P\u0159ijet\u00ed podm\u00ednek prodeje<\/h3>\n<div class=\"page_text\">\n<p>V souladu s \u010dl\u00e1nkem 1326 ob\u010dansk\u00e9ho z\u00e1kon\u00edku se kupn\u00ed smlouva pova\u017euje za uzav\u0159enou a tyto obchodn\u00ed podm\u00ednky za p\u0159ijat\u00e9 okam\u017eikem, kdy z\u00e1kazn\u00edk klikne na potvrzovac\u00ed tla\u010d\u00edtko na ov\u011b\u0159ovac\u00ed obrazovce na konci online n\u00e1kupn\u00edho postupu.<\/p>\n<\/div>\n<\/div><\/div>\n<\/p><\/div>\n<\/p><\/div>\n<\/div>\n<\/div>","protected":false},"excerpt":{"rendered":"<p>Metti un BIOSEC sotto l&#8217;Albero. SCOPRI QUI le promozioni di Natale! Gli sconti Black Friday sono qui! \u00a0 Clicca\u00a0per\u00a0non perderli \u2192 condizioni di vendita Gli ordini effettuati nel sito saranno gestiti da: Tauro Essiccatori Srl Sede: via del lavoro 6 36043 Camisano Vicentino (Vicenza) Codice Fiscale: 03977800246 Partita IVA: 03977800246 Telefono: +39 0444-719046 Fax: +39 [&hellip;]<\/p>","protected":false},"author":1,"featured_media":0,"parent":1088,"menu_order":0,"comment_status":"closed","ping_status":"closed","template":"","meta":{"footnotes":""},"tags":[],"class_list":["post-1103","page","type-page","status-publish","hentry"],"acf":[],"yoast_head":"<!-- This site is optimized with the Yoast SEO plugin v20.10 - https:\/\/yoast.com\/wordpress\/plugins\/seo\/ -->\n<title>Condizioni di vendita - Tauro Essiccatori<\/title>\n<meta name=\"robots\" content=\"noindex, follow, max-snippet:-1, max-image-preview:large, max-video-preview:-1\" \/>\n<meta property=\"og:locale\" content=\"cs_CZ\" \/>\n<meta property=\"og:type\" content=\"article\" \/>\n<meta property=\"og:title\" content=\"Condizioni di vendita - Tauro Essiccatori\" \/>\n<meta property=\"og:description\" content=\"Metti un BIOSEC sotto l&#039;Albero. SCOPRI QUI le promozioni di Natale! Gli sconti Black Friday sono qui! \u00a0 Clicca\u00a0per\u00a0non perderli \u2192 condizioni di vendita Gli ordini effettuati nel sito saranno gestiti da: Tauro Essiccatori Srl Sede: via del lavoro 6 36043 Camisano Vicentino (Vicenza) Codice Fiscale: 03977800246 Partita IVA: 03977800246 Telefono: +39 0444-719046 Fax: +39 [&hellip;]\" \/>\n<meta property=\"og:url\" content=\"https:\/\/stor51.tauroessiccatori.com\/cs\/sluzby-zakaznikum\/podminky-prodeje\/\" \/>\n<meta property=\"og:site_name\" content=\"Tauro Essiccatori\" \/>\n<meta property=\"article:publisher\" content=\"https:\/\/www.facebook.com\/TauroEssiccatori\/\" \/>\n<meta property=\"article:modified_time\" content=\"2022-08-07T14:02:42+00:00\" \/>\n<meta name=\"twitter:card\" content=\"summary_large_image\" \/>\n<meta name=\"twitter:label1\" content=\"Est. reading time\" \/>\n\t<meta name=\"twitter:data1\" content=\"3 minuty\" \/>\n<script type=\"application\/ld+json\" class=\"yoast-schema-graph\">{\"@context\":\"https:\/\/schema.org\",\"@graph\":[{\"@type\":\"WebPage\",\"@id\":\"https:\/\/stor51.tauroessiccatori.com\/servizio-clienti\/condizioni-di-vendita\/\",\"url\":\"https:\/\/stor51.tauroessiccatori.com\/servizio-clienti\/condizioni-di-vendita\/\",\"name\":\"Condizioni di vendita - Tauro Essiccatori\",\"isPartOf\":{\"@id\":\"https:\/\/stor51.tauroessiccatori.com\/#website\"},\"datePublished\":\"2017-10-23T18:13:04+00:00\",\"dateModified\":\"2022-08-07T14:02:42+00:00\",\"breadcrumb\":{\"@id\":\"https:\/\/stor51.tauroessiccatori.com\/servizio-clienti\/condizioni-di-vendita\/#breadcrumb\"},\"inLanguage\":\"cs\",\"potentialAction\":[{\"@type\":\"ReadAction\",\"target\":[\"https:\/\/stor51.tauroessiccatori.com\/servizio-clienti\/condizioni-di-vendita\/\"]}]},{\"@type\":\"BreadcrumbList\",\"@id\":\"https:\/\/stor51.tauroessiccatori.com\/servizio-clienti\/condizioni-di-vendita\/#breadcrumb\",\"itemListElement\":[{\"@type\":\"ListItem\",\"position\":1,\"name\":\"Home\",\"item\":\"https:\/\/stor51.tauroessiccatori.com\/\"},{\"@type\":\"ListItem\",\"position\":2,\"name\":\"Servizio clienti\",\"item\":\"https:\/\/stor51.tauroessiccatori.com\/servizio-clienti\/\"},{\"@type\":\"ListItem\",\"position\":3,\"name\":\"Condizioni di vendita\"}]},{\"@type\":\"WebSite\",\"@id\":\"https:\/\/stor51.tauroessiccatori.com\/#website\",\"url\":\"https:\/\/stor51.tauroessiccatori.com\/\",\"name\":\"Tauro Essiccatori\",\"description\":\"Welcome to Tauro Essiccatori online shop\",\"publisher\":{\"@id\":\"https:\/\/stor51.tauroessiccatori.com\/#organization\"},\"potentialAction\":[{\"@type\":\"SearchAction\",\"target\":{\"@type\":\"EntryPoint\",\"urlTemplate\":\"https:\/\/stor51.tauroessiccatori.com\/?s={search_term_string}\"},\"query-input\":\"required name=search_term_string\"}],\"inLanguage\":\"cs\"},{\"@type\":\"Organization\",\"@id\":\"https:\/\/stor51.tauroessiccatori.com\/#organization\",\"name\":\"Tauro Essiccatori\",\"url\":\"https:\/\/stor51.tauroessiccatori.com\/\",\"logo\":{\"@type\":\"ImageObject\",\"inLanguage\":\"cs\",\"@id\":\"https:\/\/stor51.tauroessiccatori.com\/#\/schema\/logo\/image\/\",\"url\":\"https:\/\/www.tauroessiccatori.com\/wp-assets\/uploads\/2017\/07\/logo_tauro_500x109px.png\",\"contentUrl\":\"https:\/\/www.tauroessiccatori.com\/wp-assets\/uploads\/2017\/07\/logo_tauro_500x109px.png\",\"width\":500,\"height\":109,\"caption\":\"Tauro Essiccatori\"},\"image\":{\"@id\":\"https:\/\/stor51.tauroessiccatori.com\/#\/schema\/logo\/image\/\"},\"sameAs\":[\"https:\/\/www.facebook.com\/TauroEssiccatori\/\",\"https:\/\/www.instagram.com\/tauro_essiccatori\/\",\"https:\/\/it.linkedin.com\/company\/tauro-essiccatori\",\"https:\/\/www.youtube.com\/user\/tauroessiccatori\"]}]}<\/script>\n<!-- \/ Yoast SEO plugin. -->","yoast_head_json":{"title":"Condizioni di vendita - Tauro Essiccatori","robots":{"index":"noindex","follow":"follow","max-snippet":"max-snippet:-1","max-image-preview":"max-image-preview:large","max-video-preview":"max-video-preview:-1"},"og_locale":"cs_CZ","og_type":"article","og_title":"Condizioni di vendita - Tauro Essiccatori","og_description":"Metti un BIOSEC sotto l'Albero. SCOPRI QUI le promozioni di Natale! Gli sconti Black Friday sono qui! \u00a0 Clicca\u00a0per\u00a0non perderli \u2192 condizioni di vendita Gli ordini effettuati nel sito saranno gestiti da: Tauro Essiccatori Srl Sede: via del lavoro 6 36043 Camisano Vicentino (Vicenza) Codice Fiscale: 03977800246 Partita IVA: 03977800246 Telefono: +39 0444-719046 Fax: +39 [&hellip;]","og_url":"https:\/\/stor51.tauroessiccatori.com\/cs\/sluzby-zakaznikum\/podminky-prodeje\/","og_site_name":"Tauro Essiccatori","article_publisher":"https:\/\/www.facebook.com\/TauroEssiccatori\/","article_modified_time":"2022-08-07T14:02:42+00:00","twitter_card":"summary_large_image","twitter_misc":{"Est. reading time":"3 minuty"},"schema":{"@context":"https:\/\/schema.org","@graph":[{"@type":"WebPage","@id":"https:\/\/stor51.tauroessiccatori.com\/servizio-clienti\/condizioni-di-vendita\/","url":"https:\/\/stor51.tauroessiccatori.com\/servizio-clienti\/condizioni-di-vendita\/","name":"Condizioni di vendita - Tauro Essiccatori","isPartOf":{"@id":"https:\/\/stor51.tauroessiccatori.com\/#website"},"datePublished":"2017-10-23T18:13:04+00:00","dateModified":"2022-08-07T14:02:42+00:00","breadcrumb":{"@id":"https:\/\/stor51.tauroessiccatori.com\/servizio-clienti\/condizioni-di-vendita\/#breadcrumb"},"inLanguage":"cs","potentialAction":[{"@type":"ReadAction","target":["https:\/\/stor51.tauroessiccatori.com\/servizio-clienti\/condizioni-di-vendita\/"]}]},{"@type":"BreadcrumbList","@id":"https:\/\/stor51.tauroessiccatori.com\/servizio-clienti\/condizioni-di-vendita\/#breadcrumb","itemListElement":[{"@type":"ListItem","position":1,"name":"Home","item":"https:\/\/stor51.tauroessiccatori.com\/"},{"@type":"ListItem","position":2,"name":"Servizio clienti","item":"https:\/\/stor51.tauroessiccatori.com\/servizio-clienti\/"},{"@type":"ListItem","position":3,"name":"Condizioni di vendita"}]},{"@type":"WebSite","@id":"https:\/\/stor51.tauroessiccatori.com\/#website","url":"https:\/\/stor51.tauroessiccatori.com\/","name":"Tauro Essiccatori","description":"Welcome to Tauro Essiccatori online shop","publisher":{"@id":"https:\/\/stor51.tauroessiccatori.com\/#organization"},"potentialAction":[{"@type":"SearchAction","target":{"@type":"EntryPoint","urlTemplate":"https:\/\/stor51.tauroessiccatori.com\/?s={search_term_string}"},"query-input":"required name=search_term_string"}],"inLanguage":"cs"},{"@type":"Organization","@id":"https:\/\/stor51.tauroessiccatori.com\/#organization","name":"Tauro Essiccatori","url":"https:\/\/stor51.tauroessiccatori.com\/","logo":{"@type":"ImageObject","inLanguage":"cs","@id":"https:\/\/stor51.tauroessiccatori.com\/#\/schema\/logo\/image\/","url":"https:\/\/www.tauroessiccatori.com\/wp-assets\/uploads\/2017\/07\/logo_tauro_500x109px.png","contentUrl":"https:\/\/www.tauroessiccatori.com\/wp-assets\/uploads\/2017\/07\/logo_tauro_500x109px.png","width":500,"height":109,"caption":"Tauro Essiccatori"},"image":{"@id":"https:\/\/stor51.tauroessiccatori.com\/#\/schema\/logo\/image\/"},"sameAs":["https:\/\/www.facebook.com\/TauroEssiccatori\/","https:\/\/www.instagram.com\/tauro_essiccatori\/","https:\/\/it.linkedin.com\/company\/tauro-essiccatori","https:\/\/www.youtube.com\/user\/tauroessiccatori"]}]}},"_links":{"self":[{"href":"https:\/\/stor51.tauroessiccatori.com\/cs\/wp-json\/wp\/v2\/pages\/1103"}],"collection":[{"href":"https:\/\/stor51.tauroessiccatori.com\/cs\/wp-json\/wp\/v2\/pages"}],"about":[{"href":"https:\/\/stor51.tauroessiccatori.com\/cs\/wp-json\/wp\/v2\/types\/page"}],"author":[{"embeddable":true,"href":"https:\/\/stor51.tauroessiccatori.com\/cs\/wp-json\/wp\/v2\/users\/1"}],"replies":[{"embeddable":true,"href":"https:\/\/stor51.tauroessiccatori.com\/cs\/wp-json\/wp\/v2\/comments?post=1103"}],"version-history":[{"count":12,"href":"https:\/\/stor51.tauroessiccatori.com\/cs\/wp-json\/wp\/v2\/pages\/1103\/revisions"}],"predecessor-version":[{"id":165073,"href":"https:\/\/stor51.tauroessiccatori.com\/cs\/wp-json\/wp\/v2\/pages\/1103\/revisions\/165073"}],"up":[{"embeddable":true,"href":"https:\/\/stor51.tauroessiccatori.com\/cs\/wp-json\/wp\/v2\/pages\/1088"}],"wp:attachment":[{"href":"https:\/\/stor51.tauroessiccatori.com\/cs\/wp-json\/wp\/v2\/media?parent=1103"}],"wp:term":[{"taxonomy":"post_tag","embeddable":true,"href":"https:\/\/stor51.tauroessiccatori.com\/cs\/wp-json\/wp\/v2\/tags?post=1103"}],"curies":[{"name":"wp","href":"https:\/\/api.w.org\/{rel}","templated":true}]}}